{"id":47785,"date":"2026-04-29T08:45:54","date_gmt":"2026-04-29T06:45:54","guid":{"rendered":"https:\/\/dev6.erresse-shop.it\/shop\/unkategorisiert\/staub-cocotte-rund-mit-daempfeinsatz-26-cm-basilikum-gruen\/"},"modified":"2025-09-14T00:12:41","modified_gmt":"2025-09-13T22:12:41","slug":"staub-cocotte-rund-mit-daempfeinsatz-26-cm-basilikum-gruen","status":"publish","type":"product","link":"https:\/\/dev6.erresse-shop.it\/de\/shop\/toepfe-pfannen\/schalldaempfer-und-kokotten\/staub-cocotte-rund-mit-daempfeinsatz-26-cm-basilikum-gruen\/","title":{"rendered":"STAUB Cocotte Rund mit D\u00e4mpfeinsatz 26 cm Basilikum-Gr\u00fcn"},"content":{"rendered":"<p>Eine der gro\u00dfen Herausforderungen beim Kochen ist es, die gleichzeitige Zubereitung verschiedener Speisen zu koordinieren und daf\u00fcr zu sorgen, dass Fleisch, Gem\u00fcse und Beilagen zum selben Zeitpunkt gar sind. Die Cocotte aus der Serie La Cocotte kombiniert die Eigenschaften eines traditionellen Schmortopfs mit einem D\u00e4mpfeinsatz. So k\u00f6nnen Sie mehrere Lebensmittel zur gleichen Zeit garen. Die L\u00f6cher im D\u00e4mpfeinsatz, welcher aus hochwertigem 18\/10-Edelstahl besteht, sorgen ebenso wie eine dicke Silikondichtung f\u00fcr eine optimale W\u00e4rmeverteilung im Topf. Die Cocotte selbst ist aus Gusseisen gefertigt und auf der Innenseite mattschwarz emailliert. Sie speichert die W\u00e4rme und gibt sie gleichm\u00e4\u00dfig an die garenden Speisen ab. Die runde Cocotte mit D\u00e4mpfeinsatz ist inklusive der Griffe 32,8 cm lang, 15,6 cm hoch und 26 cm breit. Sie hat ein Fassungsverm\u00f6gen von 5,2 l, ist pflegeleicht und langlebig. Sie k\u00f6nnen die Cocotte auf jeder Herdart, auch auf Induktionsfeldern, nutzen. An den Seiten finden sich zwei ergonomische Griffe, an denen Sie die Cocotte zum Tisch tragen k\u00f6nnen, wo sie dank ihrer basilikumgr\u00fcnen Farbe und des klassischen Designs einen edlen Blickfang darstellt. Mit der Cocotte von Staub bereiten Sie dank des D\u00e4mpfeinsatzes mehrere Speisen zur gleichen Zeit zu und haben dabei ein attraktives Serviergef\u00e4\u00df zur Hand.<\/p>\n<p>\u2013 Ideal zum gleichzeiten Schmoren und D\u00fcnsten, z.B. unten Reis und oben Fisch<br \/>\n\u2013 Saftiges und zartes Kochergebnis durch die spezielle Tropfenstruktur im Deckel<br \/>\n\u2013 Die schwarzmatte Innenemaillierung eignet sich zum besonders krossen Anbraten und ist besonders strapazierf\u00e4hig<br \/>\n\u2013 F\u00fcr alle Herdarten inkl. Induktion geeignet, auch im Backofen\/Grill einsetzbar<br \/>\n\u2013 Intensiver Farbton durch die besondere Majolika Emaillierung<\/p>\n<p>Eigenschaften<br \/>\n\u2013 Hitzebest\u00e4ndigkeit: 240,00 \u00baC<br \/>\n\u2013 Material: Gusseisen<br \/>\n\u2013 Deckel vorhanden: Ja<br \/>\n\u2013 Induktion: Ja<br \/>\n\u2013 Backofen geeignet: Ja<br \/>\n\u2013 Herdplatten geeignet: Ja<br \/>\n\u2013 sp\u00fclmaschinengeeignet: Ja<\/p>\n<p>Abmessungen<br \/>\n\u2013 Gewicht netto: 6,56 kg<br \/>\n\u2013 Volumen: 5,25 l<br \/>\n\u2013 Produktl\u00e4nge: 33,00 cm<br \/>\n\u2013 Produktbreite: 26,00 cm<br \/>\n\u2013 Produkth\u00f6he: 23,70 cm<br \/>\n\u2013 Produkth\u00f6he ohne Deckel: 11,80 cm<br \/>\n\u2013 Oberer Durchmesser: 26,00 cm<br \/>\n\u2013 Bodendurchmesser: 21,70 cm<\/p>\n","protected":false},"excerpt":{"rendered":"<p>Eine der gro\u00dfen Herausforderungen beim Kochen ist es, die gleichzeitige Zubereitung verschiedener Speisen zu koordinieren und daf\u00fcr zu sorgen, dass Fleisch, Gem\u00fcse und Beilagen zum selben Zeitpunkt gar sind. Die Cocotte aus der Serie La Cocotte kombiniert die Eigenschaften eines traditionellen Schmortopfs mit einem D\u00e4mpfeinsatz. So k\u00f6nnen Sie mehrere Lebensmittel zur gleichen Zeit garen. Die [&hellip;]<\/p>\n","protected":false},"featured_media":6946623,"template":"","meta":{"_acf_changed":false},"product_cat":[11667,12108,12099],"product_tag":[],"class_list":{"0":"post-47785","1":"product","2":"type-product","3":"status-publish","4":"has-post-thumbnail","6":"product_cat-padelle-pentole","7":"product_cat-schalldaempfer-und-kokotten","8":"product_cat-toepfe-pfannen","10":"first","11":"instock","12":"sale","13":"taxable","14":"shipping-taxable","15":"purchasable","16":"product-type-simple","swatches":"rey-swatches","show_selected":"","stretch_labels":"rey-swatches--stretch-labels"},"acf":[],"yoast_head":"<!-- This site is optimized with the Yoast SEO plugin v25.4 - https:\/\/yoast.com\/wordpress\/plugins\/seo\/ -->\n<title>STAUB Cocotte Rund mit D\u00e4mpfeinsatz 26 cm Basilikum-Gr\u00fcn - dev6 Erresse<\/title>\n<meta name=\"description\" content=\"Eine der gro\u00dfen Herausforderungen beim Kochen ist es, die gleichzeitige Zubereitung verschiedener Speisen zu koordinieren und daf\u00fcr zu sorgen, dass\" \/>\n<meta name=\"robots\" content=\"noindex, follow, max-snippet:-1, max-image-preview:large, max-video-preview:-1\" \/>\n<meta property=\"og:locale\" content=\"de_DE\" \/>\n<meta property=\"og:type\" content=\"article\" \/>\n<meta property=\"og:title\" content=\"STAUB Cocotte Rund mit D\u00e4mpfeinsatz 26 cm Basilikum-Gr\u00fcn - dev6 Erresse\" \/>\n<meta property=\"og:description\" content=\"Eine der gro\u00dfen Herausforderungen beim Kochen ist es, die gleichzeitige Zubereitung verschiedener Speisen zu koordinieren und daf\u00fcr zu sorgen, dass\" \/>\n<meta property=\"og:url\" content=\"https:\/\/dev6.erresse-shop.it\/de\/shop\/toepfe-pfannen\/schalldaempfer-und-kokotten\/staub-cocotte-rund-mit-daempfeinsatz-26-cm-basilikum-gruen\/\" \/>\n<meta property=\"og:site_name\" content=\"dev6 Erresse\" \/>\n<meta property=\"og:image\" content=\"https:\/\/interpim.erresse-shop.it\/img-catalogo\/staub\/staub-cocotte-con-cestello-a-vapore-rotonda-26-cm-verde.jpg\" \/><meta property=\"og:image\" content=\"https:\/\/interpim.erresse-shop.it\/img-catalogo\/staub\/staub-cocotte-con-cestello-a-vapore-rotonda-26-cm-verde.jpg\" \/>\n\t<meta property=\"og:image:width\" content=\"1024\" \/>\n\t<meta property=\"og:image:height\" content=\"1024\" \/>\n\t<meta property=\"og:image:type\" content=\"image\/jpeg\" \/>\n<meta name=\"twitter:card\" content=\"summary_large_image\" \/>\n<meta name=\"twitter:image\" content=\"https:\/\/interpim.erresse-shop.it\/img-catalogo\/staub\/staub-cocotte-con-cestello-a-vapore-rotonda-26-cm-verde.jpg\" \/>\n<script type=\"application\/ld+json\" class=\"yoast-schema-graph\">{\"@context\":\"https:\/\/schema.org\",\"@graph\":[{\"@type\":\"WebPage\",\"@id\":\"https:\/\/dev6.erresse-shop.it\/de\/shop\/toepfe-pfannen\/schalldaempfer-und-kokotten\/staub-cocotte-rund-mit-daempfeinsatz-26-cm-basilikum-gruen\/\",\"url\":\"https:\/\/dev6.erresse-shop.it\/de\/shop\/toepfe-pfannen\/schalldaempfer-und-kokotten\/staub-cocotte-rund-mit-daempfeinsatz-26-cm-basilikum-gruen\/\",\"name\":\"STAUB Cocotte Rund mit D\u00e4mpfeinsatz 26 cm Basilikum-Gr\u00fcn - dev6 Erresse\",\"isPartOf\":{\"@id\":\"https:\/\/dev6.erresse-shop.it\/#website\"},\"primaryImageOfPage\":{\"@id\":\"https:\/\/dev6.erresse-shop.it\/de\/shop\/toepfe-pfannen\/schalldaempfer-und-kokotten\/staub-cocotte-rund-mit-daempfeinsatz-26-cm-basilikum-gruen\/#primaryimage\"},\"image\":{\"@id\":\"https:\/\/dev6.erresse-shop.it\/de\/shop\/toepfe-pfannen\/schalldaempfer-und-kokotten\/staub-cocotte-rund-mit-daempfeinsatz-26-cm-basilikum-gruen\/#primaryimage\"},\"thumbnailUrl\":\"https:\/\/i0.wp.com\/interpim.erresse-shop.it\/img-catalogo\/staub\/staub-cocotte-con-cestello-a-vapore-rotonda-26-cm-verde.jpg?ssl=1\",\"datePublished\":\"2026-04-29T06:45:54+00:00\",\"description\":\"Eine der gro\u00dfen Herausforderungen beim Kochen ist es, die gleichzeitige Zubereitung verschiedener Speisen zu koordinieren und daf\u00fcr zu sorgen, dass\",\"breadcrumb\":{\"@id\":\"https:\/\/dev6.erresse-shop.it\/de\/shop\/toepfe-pfannen\/schalldaempfer-und-kokotten\/staub-cocotte-rund-mit-daempfeinsatz-26-cm-basilikum-gruen\/#breadcrumb\"},\"inLanguage\":\"de\",\"potentialAction\":[{\"@type\":\"ReadAction\",\"target\":[\"https:\/\/dev6.erresse-shop.it\/de\/shop\/toepfe-pfannen\/schalldaempfer-und-kokotten\/staub-cocotte-rund-mit-daempfeinsatz-26-cm-basilikum-gruen\/\"]}]},{\"@type\":\"ImageObject\",\"inLanguage\":\"de\",\"@id\":\"https:\/\/dev6.erresse-shop.it\/de\/shop\/toepfe-pfannen\/schalldaempfer-und-kokotten\/staub-cocotte-rund-mit-daempfeinsatz-26-cm-basilikum-gruen\/#primaryimage\",\"url\":\"https:\/\/i0.wp.com\/interpim.erresse-shop.it\/img-catalogo\/staub\/staub-cocotte-con-cestello-a-vapore-rotonda-26-cm-verde.jpg?ssl=1\",\"contentUrl\":\"https:\/\/i0.wp.com\/interpim.erresse-shop.it\/img-catalogo\/staub\/staub-cocotte-con-cestello-a-vapore-rotonda-26-cm-verde.jpg?ssl=1\"},{\"@type\":\"BreadcrumbList\",\"@id\":\"https:\/\/dev6.erresse-shop.it\/de\/shop\/toepfe-pfannen\/schalldaempfer-und-kokotten\/staub-cocotte-rund-mit-daempfeinsatz-26-cm-basilikum-gruen\/#breadcrumb\",\"itemListElement\":[{\"@type\":\"ListItem\",\"position\":1,\"name\":\"Home\",\"item\":\"https:\/\/dev6.erresse-shop.it\/\"},{\"@type\":\"ListItem\",\"position\":2,\"name\":\"Shop\",\"item\":\"https:\/\/dev6.erresse-shop.it\/shop\/\"},{\"@type\":\"ListItem\",\"position\":3,\"name\":\"STAUB Cocotte Rund mit D\u00e4mpfeinsatz 26 cm Basilikum-Gr\u00fcn\"}]},{\"@type\":\"WebSite\",\"@id\":\"https:\/\/dev6.erresse-shop.it\/#website\",\"url\":\"https:\/\/dev6.erresse-shop.it\/\",\"name\":\"Erresse Shop\",\"description\":\"\",\"publisher\":{\"@id\":\"https:\/\/dev6.erresse-shop.it\/#organization\"},\"potentialAction\":[{\"@type\":\"SearchAction\",\"target\":{\"@type\":\"EntryPoint\",\"urlTemplate\":\"https:\/\/dev6.erresse-shop.it\/?s={search_term_string}\"},\"query-input\":{\"@type\":\"PropertyValueSpecification\",\"valueRequired\":true,\"valueName\":\"search_term_string\"}}],\"inLanguage\":\"de\"},{\"@type\":\"Organization\",\"@id\":\"https:\/\/dev6.erresse-shop.it\/#organization\",\"name\":\"Erresse Shop\",\"url\":\"https:\/\/dev6.erresse-shop.it\/\",\"logo\":{\"@type\":\"ImageObject\",\"inLanguage\":\"de\",\"@id\":\"https:\/\/dev6.erresse-shop.it\/#\/schema\/logo\/image\/\",\"url\":\"https:\/\/dev6.erresse-shop.it\/wp-content\/uploads\/2025\/01\/LOGO-ERRESSE-CLASSICO.svg\",\"contentUrl\":\"https:\/\/dev6.erresse-shop.it\/wp-content\/uploads\/2025\/01\/LOGO-ERRESSE-CLASSICO.svg\",\"caption\":\"Erresse Shop\"},\"image\":{\"@id\":\"https:\/\/dev6.erresse-shop.it\/#\/schema\/logo\/image\/\"}}]}<\/script>\n<!-- \/ Yoast SEO plugin. -->","yoast_head_json":{"title":"STAUB Cocotte Rund mit D\u00e4mpfeinsatz 26 cm Basilikum-Gr\u00fcn - dev6 Erresse","description":"Eine der gro\u00dfen Herausforderungen beim Kochen ist es, die gleichzeitige Zubereitung verschiedener Speisen zu koordinieren und daf\u00fcr zu sorgen, dass","robots":{"index":"noindex","follow":"follow","max-snippet":"max-snippet:-1","max-image-preview":"max-image-preview:large","max-video-preview":"max-video-preview:-1"},"og_locale":"de_DE","og_type":"article","og_title":"STAUB Cocotte Rund mit D\u00e4mpfeinsatz 26 cm Basilikum-Gr\u00fcn - dev6 Erresse","og_description":"Eine der gro\u00dfen Herausforderungen beim Kochen ist es, die gleichzeitige Zubereitung verschiedener Speisen zu koordinieren und daf\u00fcr zu sorgen, dass","og_url":"https:\/\/dev6.erresse-shop.it\/de\/shop\/toepfe-pfannen\/schalldaempfer-und-kokotten\/staub-cocotte-rund-mit-daempfeinsatz-26-cm-basilikum-gruen\/","og_site_name":"dev6 Erresse","og_image":[{"url":"https:\/\/interpim.erresse-shop.it\/img-catalogo\/staub\/staub-cocotte-con-cestello-a-vapore-rotonda-26-cm-verde.jpg","type":"","width":"","height":""},{"url":"https:\/\/interpim.erresse-shop.it\/img-catalogo\/staub\/staub-cocotte-con-cestello-a-vapore-rotonda-26-cm-verde.jpg","width":1024,"height":1024,"type":"image\/jpeg"}],"twitter_card":"summary_large_image","twitter_image":"https:\/\/interpim.erresse-shop.it\/img-catalogo\/staub\/staub-cocotte-con-cestello-a-vapore-rotonda-26-cm-verde.jpg","schema":{"@context":"https:\/\/schema.org","@graph":[{"@type":"WebPage","@id":"https:\/\/dev6.erresse-shop.it\/de\/shop\/toepfe-pfannen\/schalldaempfer-und-kokotten\/staub-cocotte-rund-mit-daempfeinsatz-26-cm-basilikum-gruen\/","url":"https:\/\/dev6.erresse-shop.it\/de\/shop\/toepfe-pfannen\/schalldaempfer-und-kokotten\/staub-cocotte-rund-mit-daempfeinsatz-26-cm-basilikum-gruen\/","name":"STAUB Cocotte Rund mit D\u00e4mpfeinsatz 26 cm Basilikum-Gr\u00fcn - dev6 Erresse","isPartOf":{"@id":"https:\/\/dev6.erresse-shop.it\/#website"},"primaryImageOfPage":{"@id":"https:\/\/dev6.erresse-shop.it\/de\/shop\/toepfe-pfannen\/schalldaempfer-und-kokotten\/staub-cocotte-rund-mit-daempfeinsatz-26-cm-basilikum-gruen\/#primaryimage"},"image":{"@id":"https:\/\/dev6.erresse-shop.it\/de\/shop\/toepfe-pfannen\/schalldaempfer-und-kokotten\/staub-cocotte-rund-mit-daempfeinsatz-26-cm-basilikum-gruen\/#primaryimage"},"thumbnailUrl":"https:\/\/i0.wp.com\/interpim.erresse-shop.it\/img-catalogo\/staub\/staub-cocotte-con-cestello-a-vapore-rotonda-26-cm-verde.jpg?ssl=1","datePublished":"2026-04-29T06:45:54+00:00","description":"Eine der gro\u00dfen Herausforderungen beim Kochen ist es, die gleichzeitige Zubereitung verschiedener Speisen zu koordinieren und daf\u00fcr zu sorgen, dass","breadcrumb":{"@id":"https:\/\/dev6.erresse-shop.it\/de\/shop\/toepfe-pfannen\/schalldaempfer-und-kokotten\/staub-cocotte-rund-mit-daempfeinsatz-26-cm-basilikum-gruen\/#breadcrumb"},"inLanguage":"de","potentialAction":[{"@type":"ReadAction","target":["https:\/\/dev6.erresse-shop.it\/de\/shop\/toepfe-pfannen\/schalldaempfer-und-kokotten\/staub-cocotte-rund-mit-daempfeinsatz-26-cm-basilikum-gruen\/"]}]},{"@type":"ImageObject","inLanguage":"de","@id":"https:\/\/dev6.erresse-shop.it\/de\/shop\/toepfe-pfannen\/schalldaempfer-und-kokotten\/staub-cocotte-rund-mit-daempfeinsatz-26-cm-basilikum-gruen\/#primaryimage","url":"https:\/\/i0.wp.com\/interpim.erresse-shop.it\/img-catalogo\/staub\/staub-cocotte-con-cestello-a-vapore-rotonda-26-cm-verde.jpg?ssl=1","contentUrl":"https:\/\/i0.wp.com\/interpim.erresse-shop.it\/img-catalogo\/staub\/staub-cocotte-con-cestello-a-vapore-rotonda-26-cm-verde.jpg?ssl=1"},{"@type":"BreadcrumbList","@id":"https:\/\/dev6.erresse-shop.it\/de\/shop\/toepfe-pfannen\/schalldaempfer-und-kokotten\/staub-cocotte-rund-mit-daempfeinsatz-26-cm-basilikum-gruen\/#breadcrumb","itemListElement":[{"@type":"ListItem","position":1,"name":"Home","item":"https:\/\/dev6.erresse-shop.it\/"},{"@type":"ListItem","position":2,"name":"Shop","item":"https:\/\/dev6.erresse-shop.it\/shop\/"},{"@type":"ListItem","position":3,"name":"STAUB Cocotte Rund mit D\u00e4mpfeinsatz 26 cm Basilikum-Gr\u00fcn"}]},{"@type":"WebSite","@id":"https:\/\/dev6.erresse-shop.it\/#website","url":"https:\/\/dev6.erresse-shop.it\/","name":"Erresse Shop","description":"","publisher":{"@id":"https:\/\/dev6.erresse-shop.it\/#organization"},"potentialAction":[{"@type":"SearchAction","target":{"@type":"EntryPoint","urlTemplate":"https:\/\/dev6.erresse-shop.it\/?s={search_term_string}"},"query-input":{"@type":"PropertyValueSpecification","valueRequired":true,"valueName":"search_term_string"}}],"inLanguage":"de"},{"@type":"Organization","@id":"https:\/\/dev6.erresse-shop.it\/#organization","name":"Erresse Shop","url":"https:\/\/dev6.erresse-shop.it\/","logo":{"@type":"ImageObject","inLanguage":"de","@id":"https:\/\/dev6.erresse-shop.it\/#\/schema\/logo\/image\/","url":"https:\/\/dev6.erresse-shop.it\/wp-content\/uploads\/2025\/01\/LOGO-ERRESSE-CLASSICO.svg","contentUrl":"https:\/\/dev6.erresse-shop.it\/wp-content\/uploads\/2025\/01\/LOGO-ERRESSE-CLASSICO.svg","caption":"Erresse Shop"},"image":{"@id":"https:\/\/dev6.erresse-shop.it\/#\/schema\/logo\/image\/"}}]}},"df_price":229.95,"df_sale_price":229.95,"df_regular_price":369,"df_image_link":"https:\/\/i0.wp.com\/interpim.erresse-shop.it\/img-catalogo\/staub\/staub-cocotte-con-cestello-a-vapore-rotonda-26-cm-verde.jpg?resize=300,300&ssl=1","fifu_image_url":"https:\/\/interpim.erresse-shop.it\/img-catalogo\/staub\/staub-cocotte-con-cestello-a-vapore-rotonda-26-cm-verde.jpg","_links":{"self":[{"href":"https:\/\/dev6.erresse-shop.it\/de\/wp-json\/wp\/v2\/product\/47785","targetHints":{"allow":["GET"]}}],"collection":[{"href":"https:\/\/dev6.erresse-shop.it\/de\/wp-json\/wp\/v2\/product"}],"about":[{"href":"https:\/\/dev6.erresse-shop.it\/de\/wp-json\/wp\/v2\/types\/product"}],"wp:featuredmedia":[{"embeddable":true,"href":"https:\/\/dev6.erresse-shop.it\/de\/wp-json\/wp\/v2\/media\/6946623"}],"wp:attachment":[{"href":"https:\/\/dev6.erresse-shop.it\/de\/wp-json\/wp\/v2\/media?parent=47785"}],"wp:term":[{"taxonomy":"product_cat","embeddable":true,"href":"https:\/\/dev6.erresse-shop.it\/de\/wp-json\/wp\/v2\/product_cat?post=47785"},{"taxonomy":"product_tag","embeddable":true,"href":"https:\/\/dev6.erresse-shop.it\/de\/wp-json\/wp\/v2\/product_tag?post=47785"}],"curies":[{"name":"wp","href":"https:\/\/api.w.org\/{rel}","templated":true}]}}