{"id":47781,"date":"2026-04-12T08:05:23","date_gmt":"2026-04-12T06:05:23","guid":{"rendered":"https:\/\/dev6.erresse-shop.it\/shop\/unkategorisiert\/staub-cocotte-rund-mit-daempfeinsatz-26-cm-blau\/"},"modified":"2025-11-22T17:44:36","modified_gmt":"2025-11-22T16:44:36","slug":"staub-cocotte-rund-mit-daempfeinsatz-26-cm-blau","status":"publish","type":"product","link":"https:\/\/dev6.erresse-shop.it\/de\/shop\/toepfe-pfannen\/schalldaempfer-und-kokotten\/staub-cocotte-rund-mit-daempfeinsatz-26-cm-blau\/","title":{"rendered":"STAUB Cocotte Rund mit D\u00e4mpfeinsatz 26 cm Blau"},"content":{"rendered":"<p>Schmorgerichte k\u00f6nnen in einem passenden Schmortopf zubereitet werden, wie ihn Staub bietet. Die Serie La Cocotte hat aber noch mehr Vorteile zu bieten, da Sie die Cocotte mit D\u00e4mpfeinsatz in verschiedenen Bereichen verwenden k\u00f6nnen. Durch den D\u00e4mpfeinsatz k\u00f6nnen Sie innerhalb des Schmortopfes unten Zutaten braten und oben Zutaten schmoren. Die 26 cm gro\u00dfe Cocotte mit D\u00e4mpfeinsatz ist ein wahrer Helfer in der K\u00fcche. Sie k\u00f6nnen sie f\u00fcr allerlei Gerichte verwenden, wobei ihre Vorz\u00fcge direkt erkannt werden. Durch die Beschichtung des Gusseisens mit Emaille wird eine hervorragende W\u00e4rmespeicherung erm\u00f6glicht. Danach verteilt sich die W\u00e4rme ideal im Topf, sodass Sie ein optimales Kochergebnis erhalten. Die innere Beschichtung ist f\u00fcr den Schmoreffekt zust\u00e4ndig, der die Aromen perfekt hervorhebt. Nat\u00fcrlich k\u00f6nnen Sie die Cocotte mit D\u00e4mpfeinsatz auf allen Herdarten verwenden, sogar im Ofen und auf Induktion. F\u00fcr die leichte Reinigung sorgt das Grundmaterial Gusseisen. Sie k\u00f6nnen die Cocotte mit D\u00e4mpfeinsatz schnell und leicht reinigen, ohne viel Kraft zu investieren. Allgemein ist die Cocotte mit D\u00e4mpfeinsatz ein wahrer Allesk\u00f6nner, der Ihnen im K\u00fcchenalltag weiterhelfen sollte, wenn Sie viel Wert auf gesundes und schonendes Kochen legen.<\/p>\n<p>\u2013 Ideal zum gleichzeiten Schmoren und D\u00fcnsten, z.B. unten Reis und oben Fisch<br \/>\n\u2013 Saftiges und zartes Kochergebnis durch die spezielle Tropfenstruktur im Deckel<br \/>\n\u2013 Die schwarzmatte Innenemaillierung eignet sich zum besonders krossen Anbraten und ist besonders strapazierf\u00e4hig<br \/>\n\u2013 F\u00fcr alle Herdarten inkl. Induktion geeignet, auch im Backofen\/Grill einsetzbar<br \/>\n\u2013 Intensiver Farbton durch die besondere Majolika Emaillierung<\/p>\n<p>Eigenschaften<br \/>\n\u2013 Hitzebest\u00e4ndigkeit: 240,00 \u00baC<br \/>\n\u2013 Material: Gusseisen<br \/>\n\u2013 Deckel vorhanden: Ja<br \/>\n\u2013 Induktion: Ja<br \/>\n\u2013 Backofen geeignet: Ja<br \/>\n\u2013 Herdplatten geeignet: Ja<br \/>\n\u2013 sp\u00fclmaschinengeeignet: Ja<\/p>\n<p>Abmessungen<br \/>\n\u2013 Gewicht netto: 6,56 kg<br \/>\n\u2013 Volumen: 5,25 l<br \/>\n\u2013 Produktl\u00e4nge: 33,00 cm<br \/>\n\u2013 Produktbreite: 26,00 cm<br \/>\n\u2013 Produkth\u00f6he: 23,70 cm<br \/>\n\u2013 Produkth\u00f6he ohne Deckel: 11,80 cm<br \/>\n\u2013 Oberer Durchmesser: 26,00 cm<br \/>\n\u2013 Bodendurchmesser: 21,70 cm<\/p>\n","protected":false},"excerpt":{"rendered":"<p>Schmorgerichte k\u00f6nnen in einem passenden Schmortopf zubereitet werden, wie ihn Staub bietet. Die Serie La Cocotte hat aber noch mehr Vorteile zu bieten, da Sie die Cocotte mit D\u00e4mpfeinsatz in verschiedenen Bereichen verwenden k\u00f6nnen. Durch den D\u00e4mpfeinsatz k\u00f6nnen Sie innerhalb des Schmortopfes unten Zutaten braten und oben Zutaten schmoren. Die 26 cm gro\u00dfe Cocotte mit [&hellip;]<\/p>\n","protected":false},"featured_media":6340611,"template":"","meta":{"_acf_changed":false},"product_cat":[11667,12108,12099],"product_tag":[],"class_list":{"0":"post-47781","1":"product","2":"type-product","3":"status-publish","4":"has-post-thumbnail","6":"product_cat-padelle-pentole","7":"product_cat-schalldaempfer-und-kokotten","8":"product_cat-toepfe-pfannen","10":"first","11":"instock","12":"sale","13":"taxable","14":"shipping-taxable","15":"purchasable","16":"product-type-simple","swatches":"rey-swatches","show_selected":"","stretch_labels":"rey-swatches--stretch-labels"},"acf":[],"yoast_head":"<!-- This site is optimized with the Yoast SEO plugin v25.4 - https:\/\/yoast.com\/wordpress\/plugins\/seo\/ -->\n<title>STAUB Cocotte Rund mit D\u00e4mpfeinsatz 26 cm Blau - dev6 Erresse<\/title>\n<meta name=\"description\" content=\"Schmorgerichte k\u00f6nnen in einem passenden Schmortopf zubereitet werden, wie ihn Staub bietet. Die Serie La Cocotte hat aber noch mehr Vorteile zu bieten,\" \/>\n<meta name=\"robots\" content=\"noindex, follow, max-snippet:-1, max-image-preview:large, max-video-preview:-1\" \/>\n<meta property=\"og:locale\" content=\"de_DE\" \/>\n<meta property=\"og:type\" content=\"article\" \/>\n<meta property=\"og:title\" content=\"STAUB Cocotte Rund mit D\u00e4mpfeinsatz 26 cm Blau - dev6 Erresse\" \/>\n<meta property=\"og:description\" content=\"Schmorgerichte k\u00f6nnen in einem passenden Schmortopf zubereitet werden, wie ihn Staub bietet. Die Serie La Cocotte hat aber noch mehr Vorteile zu bieten,\" \/>\n<meta property=\"og:url\" content=\"https:\/\/dev6.erresse-shop.it\/de\/shop\/toepfe-pfannen\/schalldaempfer-und-kokotten\/staub-cocotte-rund-mit-daempfeinsatz-26-cm-blau\/\" \/>\n<meta property=\"og:site_name\" content=\"dev6 Erresse\" \/>\n<meta property=\"og:image\" content=\"https:\/\/interpim.erresse-shop.it\/img-catalogo\/staub\/staub-cocotte-con-cestello-a-vapore-rotonda-26-cm-blu.jpg\" \/><meta property=\"og:image\" content=\"https:\/\/interpim.erresse-shop.it\/img-catalogo\/staub\/staub-cocotte-con-cestello-a-vapore-rotonda-26-cm-blu.jpg\" \/>\n\t<meta property=\"og:image:width\" content=\"1024\" \/>\n\t<meta property=\"og:image:height\" content=\"1024\" \/>\n\t<meta property=\"og:image:type\" content=\"image\/jpeg\" \/>\n<meta name=\"twitter:card\" content=\"summary_large_image\" \/>\n<meta name=\"twitter:image\" content=\"https:\/\/interpim.erresse-shop.it\/img-catalogo\/staub\/staub-cocotte-con-cestello-a-vapore-rotonda-26-cm-blu.jpg\" \/>\n<script type=\"application\/ld+json\" class=\"yoast-schema-graph\">{\"@context\":\"https:\/\/schema.org\",\"@graph\":[{\"@type\":\"WebPage\",\"@id\":\"https:\/\/dev6.erresse-shop.it\/de\/shop\/toepfe-pfannen\/schalldaempfer-und-kokotten\/staub-cocotte-rund-mit-daempfeinsatz-26-cm-blau\/\",\"url\":\"https:\/\/dev6.erresse-shop.it\/de\/shop\/toepfe-pfannen\/schalldaempfer-und-kokotten\/staub-cocotte-rund-mit-daempfeinsatz-26-cm-blau\/\",\"name\":\"STAUB Cocotte Rund mit D\u00e4mpfeinsatz 26 cm Blau - dev6 Erresse\",\"isPartOf\":{\"@id\":\"https:\/\/dev6.erresse-shop.it\/#website\"},\"primaryImageOfPage\":{\"@id\":\"https:\/\/dev6.erresse-shop.it\/de\/shop\/toepfe-pfannen\/schalldaempfer-und-kokotten\/staub-cocotte-rund-mit-daempfeinsatz-26-cm-blau\/#primaryimage\"},\"image\":{\"@id\":\"https:\/\/dev6.erresse-shop.it\/de\/shop\/toepfe-pfannen\/schalldaempfer-und-kokotten\/staub-cocotte-rund-mit-daempfeinsatz-26-cm-blau\/#primaryimage\"},\"thumbnailUrl\":\"https:\/\/i0.wp.com\/interpim.erresse-shop.it\/img-catalogo\/staub\/staub-cocotte-con-cestello-a-vapore-rotonda-26-cm-blu.jpg?ssl=1\",\"datePublished\":\"2026-04-12T06:05:23+00:00\",\"description\":\"Schmorgerichte k\u00f6nnen in einem passenden Schmortopf zubereitet werden, wie ihn Staub bietet. Die Serie La Cocotte hat aber noch mehr Vorteile zu bieten,\",\"breadcrumb\":{\"@id\":\"https:\/\/dev6.erresse-shop.it\/de\/shop\/toepfe-pfannen\/schalldaempfer-und-kokotten\/staub-cocotte-rund-mit-daempfeinsatz-26-cm-blau\/#breadcrumb\"},\"inLanguage\":\"de\",\"potentialAction\":[{\"@type\":\"ReadAction\",\"target\":[\"https:\/\/dev6.erresse-shop.it\/de\/shop\/toepfe-pfannen\/schalldaempfer-und-kokotten\/staub-cocotte-rund-mit-daempfeinsatz-26-cm-blau\/\"]}]},{\"@type\":\"ImageObject\",\"inLanguage\":\"de\",\"@id\":\"https:\/\/dev6.erresse-shop.it\/de\/shop\/toepfe-pfannen\/schalldaempfer-und-kokotten\/staub-cocotte-rund-mit-daempfeinsatz-26-cm-blau\/#primaryimage\",\"url\":\"https:\/\/i0.wp.com\/interpim.erresse-shop.it\/img-catalogo\/staub\/staub-cocotte-con-cestello-a-vapore-rotonda-26-cm-blu.jpg?ssl=1\",\"contentUrl\":\"https:\/\/i0.wp.com\/interpim.erresse-shop.it\/img-catalogo\/staub\/staub-cocotte-con-cestello-a-vapore-rotonda-26-cm-blu.jpg?ssl=1\"},{\"@type\":\"BreadcrumbList\",\"@id\":\"https:\/\/dev6.erresse-shop.it\/de\/shop\/toepfe-pfannen\/schalldaempfer-und-kokotten\/staub-cocotte-rund-mit-daempfeinsatz-26-cm-blau\/#breadcrumb\",\"itemListElement\":[{\"@type\":\"ListItem\",\"position\":1,\"name\":\"Home\",\"item\":\"https:\/\/dev6.erresse-shop.it\/\"},{\"@type\":\"ListItem\",\"position\":2,\"name\":\"Shop\",\"item\":\"https:\/\/dev6.erresse-shop.it\/shop\/\"},{\"@type\":\"ListItem\",\"position\":3,\"name\":\"STAUB Cocotte Rund mit D\u00e4mpfeinsatz 26 cm Blau\"}]},{\"@type\":\"WebSite\",\"@id\":\"https:\/\/dev6.erresse-shop.it\/#website\",\"url\":\"https:\/\/dev6.erresse-shop.it\/\",\"name\":\"Erresse Shop\",\"description\":\"\",\"publisher\":{\"@id\":\"https:\/\/dev6.erresse-shop.it\/#organization\"},\"potentialAction\":[{\"@type\":\"SearchAction\",\"target\":{\"@type\":\"EntryPoint\",\"urlTemplate\":\"https:\/\/dev6.erresse-shop.it\/?s={search_term_string}\"},\"query-input\":{\"@type\":\"PropertyValueSpecification\",\"valueRequired\":true,\"valueName\":\"search_term_string\"}}],\"inLanguage\":\"de\"},{\"@type\":\"Organization\",\"@id\":\"https:\/\/dev6.erresse-shop.it\/#organization\",\"name\":\"Erresse Shop\",\"url\":\"https:\/\/dev6.erresse-shop.it\/\",\"logo\":{\"@type\":\"ImageObject\",\"inLanguage\":\"de\",\"@id\":\"https:\/\/dev6.erresse-shop.it\/#\/schema\/logo\/image\/\",\"url\":\"https:\/\/dev6.erresse-shop.it\/wp-content\/uploads\/2025\/01\/LOGO-ERRESSE-CLASSICO.svg\",\"contentUrl\":\"https:\/\/dev6.erresse-shop.it\/wp-content\/uploads\/2025\/01\/LOGO-ERRESSE-CLASSICO.svg\",\"caption\":\"Erresse Shop\"},\"image\":{\"@id\":\"https:\/\/dev6.erresse-shop.it\/#\/schema\/logo\/image\/\"}}]}<\/script>\n<!-- \/ Yoast SEO plugin. -->","yoast_head_json":{"title":"STAUB Cocotte Rund mit D\u00e4mpfeinsatz 26 cm Blau - dev6 Erresse","description":"Schmorgerichte k\u00f6nnen in einem passenden Schmortopf zubereitet werden, wie ihn Staub bietet. Die Serie La Cocotte hat aber noch mehr Vorteile zu bieten,","robots":{"index":"noindex","follow":"follow","max-snippet":"max-snippet:-1","max-image-preview":"max-image-preview:large","max-video-preview":"max-video-preview:-1"},"og_locale":"de_DE","og_type":"article","og_title":"STAUB Cocotte Rund mit D\u00e4mpfeinsatz 26 cm Blau - dev6 Erresse","og_description":"Schmorgerichte k\u00f6nnen in einem passenden Schmortopf zubereitet werden, wie ihn Staub bietet. Die Serie La Cocotte hat aber noch mehr Vorteile zu bieten,","og_url":"https:\/\/dev6.erresse-shop.it\/de\/shop\/toepfe-pfannen\/schalldaempfer-und-kokotten\/staub-cocotte-rund-mit-daempfeinsatz-26-cm-blau\/","og_site_name":"dev6 Erresse","og_image":[{"url":"https:\/\/interpim.erresse-shop.it\/img-catalogo\/staub\/staub-cocotte-con-cestello-a-vapore-rotonda-26-cm-blu.jpg","type":"","width":"","height":""},{"url":"https:\/\/interpim.erresse-shop.it\/img-catalogo\/staub\/staub-cocotte-con-cestello-a-vapore-rotonda-26-cm-blu.jpg","width":1024,"height":1024,"type":"image\/jpeg"}],"twitter_card":"summary_large_image","twitter_image":"https:\/\/interpim.erresse-shop.it\/img-catalogo\/staub\/staub-cocotte-con-cestello-a-vapore-rotonda-26-cm-blu.jpg","schema":{"@context":"https:\/\/schema.org","@graph":[{"@type":"WebPage","@id":"https:\/\/dev6.erresse-shop.it\/de\/shop\/toepfe-pfannen\/schalldaempfer-und-kokotten\/staub-cocotte-rund-mit-daempfeinsatz-26-cm-blau\/","url":"https:\/\/dev6.erresse-shop.it\/de\/shop\/toepfe-pfannen\/schalldaempfer-und-kokotten\/staub-cocotte-rund-mit-daempfeinsatz-26-cm-blau\/","name":"STAUB Cocotte Rund mit D\u00e4mpfeinsatz 26 cm Blau - dev6 Erresse","isPartOf":{"@id":"https:\/\/dev6.erresse-shop.it\/#website"},"primaryImageOfPage":{"@id":"https:\/\/dev6.erresse-shop.it\/de\/shop\/toepfe-pfannen\/schalldaempfer-und-kokotten\/staub-cocotte-rund-mit-daempfeinsatz-26-cm-blau\/#primaryimage"},"image":{"@id":"https:\/\/dev6.erresse-shop.it\/de\/shop\/toepfe-pfannen\/schalldaempfer-und-kokotten\/staub-cocotte-rund-mit-daempfeinsatz-26-cm-blau\/#primaryimage"},"thumbnailUrl":"https:\/\/i0.wp.com\/interpim.erresse-shop.it\/img-catalogo\/staub\/staub-cocotte-con-cestello-a-vapore-rotonda-26-cm-blu.jpg?ssl=1","datePublished":"2026-04-12T06:05:23+00:00","description":"Schmorgerichte k\u00f6nnen in einem passenden Schmortopf zubereitet werden, wie ihn Staub bietet. Die Serie La Cocotte hat aber noch mehr Vorteile zu bieten,","breadcrumb":{"@id":"https:\/\/dev6.erresse-shop.it\/de\/shop\/toepfe-pfannen\/schalldaempfer-und-kokotten\/staub-cocotte-rund-mit-daempfeinsatz-26-cm-blau\/#breadcrumb"},"inLanguage":"de","potentialAction":[{"@type":"ReadAction","target":["https:\/\/dev6.erresse-shop.it\/de\/shop\/toepfe-pfannen\/schalldaempfer-und-kokotten\/staub-cocotte-rund-mit-daempfeinsatz-26-cm-blau\/"]}]},{"@type":"ImageObject","inLanguage":"de","@id":"https:\/\/dev6.erresse-shop.it\/de\/shop\/toepfe-pfannen\/schalldaempfer-und-kokotten\/staub-cocotte-rund-mit-daempfeinsatz-26-cm-blau\/#primaryimage","url":"https:\/\/i0.wp.com\/interpim.erresse-shop.it\/img-catalogo\/staub\/staub-cocotte-con-cestello-a-vapore-rotonda-26-cm-blu.jpg?ssl=1","contentUrl":"https:\/\/i0.wp.com\/interpim.erresse-shop.it\/img-catalogo\/staub\/staub-cocotte-con-cestello-a-vapore-rotonda-26-cm-blu.jpg?ssl=1"},{"@type":"BreadcrumbList","@id":"https:\/\/dev6.erresse-shop.it\/de\/shop\/toepfe-pfannen\/schalldaempfer-und-kokotten\/staub-cocotte-rund-mit-daempfeinsatz-26-cm-blau\/#breadcrumb","itemListElement":[{"@type":"ListItem","position":1,"name":"Home","item":"https:\/\/dev6.erresse-shop.it\/"},{"@type":"ListItem","position":2,"name":"Shop","item":"https:\/\/dev6.erresse-shop.it\/shop\/"},{"@type":"ListItem","position":3,"name":"STAUB Cocotte Rund mit D\u00e4mpfeinsatz 26 cm Blau"}]},{"@type":"WebSite","@id":"https:\/\/dev6.erresse-shop.it\/#website","url":"https:\/\/dev6.erresse-shop.it\/","name":"Erresse Shop","description":"","publisher":{"@id":"https:\/\/dev6.erresse-shop.it\/#organization"},"potentialAction":[{"@type":"SearchAction","target":{"@type":"EntryPoint","urlTemplate":"https:\/\/dev6.erresse-shop.it\/?s={search_term_string}"},"query-input":{"@type":"PropertyValueSpecification","valueRequired":true,"valueName":"search_term_string"}}],"inLanguage":"de"},{"@type":"Organization","@id":"https:\/\/dev6.erresse-shop.it\/#organization","name":"Erresse Shop","url":"https:\/\/dev6.erresse-shop.it\/","logo":{"@type":"ImageObject","inLanguage":"de","@id":"https:\/\/dev6.erresse-shop.it\/#\/schema\/logo\/image\/","url":"https:\/\/dev6.erresse-shop.it\/wp-content\/uploads\/2025\/01\/LOGO-ERRESSE-CLASSICO.svg","contentUrl":"https:\/\/dev6.erresse-shop.it\/wp-content\/uploads\/2025\/01\/LOGO-ERRESSE-CLASSICO.svg","caption":"Erresse Shop"},"image":{"@id":"https:\/\/dev6.erresse-shop.it\/#\/schema\/logo\/image\/"}}]}},"df_price":229.95,"df_sale_price":229.95,"df_regular_price":369,"df_image_link":"https:\/\/i0.wp.com\/interpim.erresse-shop.it\/img-catalogo\/staub\/staub-cocotte-con-cestello-a-vapore-rotonda-26-cm-blu.jpg?resize=300,300&ssl=1","fifu_image_url":"https:\/\/interpim.erresse-shop.it\/img-catalogo\/staub\/staub-cocotte-con-cestello-a-vapore-rotonda-26-cm-blu.jpg","_links":{"self":[{"href":"https:\/\/dev6.erresse-shop.it\/de\/wp-json\/wp\/v2\/product\/47781","targetHints":{"allow":["GET"]}}],"collection":[{"href":"https:\/\/dev6.erresse-shop.it\/de\/wp-json\/wp\/v2\/product"}],"about":[{"href":"https:\/\/dev6.erresse-shop.it\/de\/wp-json\/wp\/v2\/types\/product"}],"wp:featuredmedia":[{"embeddable":true,"href":"https:\/\/dev6.erresse-shop.it\/de\/wp-json\/wp\/v2\/media\/6340611"}],"wp:attachment":[{"href":"https:\/\/dev6.erresse-shop.it\/de\/wp-json\/wp\/v2\/media?parent=47781"}],"wp:term":[{"taxonomy":"product_cat","embeddable":true,"href":"https:\/\/dev6.erresse-shop.it\/de\/wp-json\/wp\/v2\/product_cat?post=47781"},{"taxonomy":"product_tag","embeddable":true,"href":"https:\/\/dev6.erresse-shop.it\/de\/wp-json\/wp\/v2\/product_tag?post=47781"}],"curies":[{"name":"wp","href":"https:\/\/api.w.org\/{rel}","templated":true}]}}