{"id":47779,"date":"2026-04-10T08:43:26","date_gmt":"2026-04-10T06:43:26","guid":{"rendered":"https:\/\/dev6.erresse-shop.it\/shop\/unkategorisiert\/staub-cocotte-rund-mit-daempfeinsatz-26-cm-kirschrot\/"},"modified":"2025-11-22T17:44:34","modified_gmt":"2025-11-22T16:44:34","slug":"staub-cocotte-rund-mit-daempfeinsatz-26-cm-kirschrot","status":"publish","type":"product","link":"https:\/\/dev6.erresse-shop.it\/de\/shop\/toepfe-pfannen\/schalldaempfer-und-kokotten\/staub-cocotte-rund-mit-daempfeinsatz-26-cm-kirschrot\/","title":{"rendered":"STAUB Cocotte Rund mit D\u00e4mpfeinsatz 26 cm Kirschrot"},"content":{"rendered":"<p>Die Cocotte von STAUB im anmutigen Rotton vereint traditionelle Handwerkskunst mit moderner Funktionalit\u00e4t f\u00fcr einen einmaligen Genuss. Gef\u00fcllte Paprikaschoten, klassische Kohlrouladen, mediterranes Ratatouille, s\u00fc\u00dfe Desserts sowie frisches Brot und mehr \u2013 in diesem praktischen Gusseisentopf k\u00f6nnen die verschiedensten Gerichte zubereitet werden. Da das besondere Material nur wenig Fett zum Braten bedarf und der Schmortopf zugleich eine einzigartige Struktur aufweist, k\u00f6nnen die k\u00f6stlichen Speisen kalorienarm gekocht werden und \u00fcberzeugen mit ihren vollen Aromen und N\u00e4hrstoffen. Durch die mattschwarze Emaille wird der Geschmack der Gerichte intensiviert, w\u00e4hrend das Gusseisen f\u00fcr eine optimale Hitzeverteilung sorgt. Sowohl Profi- als auch Hobbyk\u00f6che finden in dem energiesparenden Iron Cast Topf einen langlebigen Helfer. Das besondere Highlight dieser Cocotte ist der D\u00e4mpfeinsatz, der das gleichzeitige Schmoren und D\u00fcnsten von Speisen mit dem aufsteigenden Wasserdampf erm\u00f6glicht.<\/p>\n<p>\u2013 Bei bis zu bis 250\u00b0C hitzebest\u00e4ndiger Deckelknauf aus Messing<br \/>\n\u2013 Geeignet f\u00fcr Induktions-, Gas-, Elektro- \/ Stahlplattenherd, Glaskeramikkochfeld, Backofen<br \/>\n\u2013 Volumen: 5,25 L, Gewicht: 6,56 kg<br \/>\n\u2013 Ma\u00dfe mit Deckel und Griffen (LxH): 33 x 23,7 cm, Durchmesser: 26 cm, Boden: 21,7 cm<\/p>\n<p>Eigenschaften<br \/>\n\u2013 Hitzebest\u00e4ndigkeit: 240,00 \u00baC<br \/>\n\u2013 K\u00e4ltebest\u00e4ndigkeit: -20,00 \u00baC<br \/>\n\u2013 Material: Gusseisen<br \/>\n\u2013 Deckel vorhanden: Ja<br \/>\n\u2013 Induktion: Ja<br \/>\n\u2013 Backofen geeignet: Ja<br \/>\n\u2013 Gefrierschrank geeignet: Ja<br \/>\n\u2013 Herdplatten geeignet: Ja<br \/>\n\u2013 sp\u00fclmaschinengeeignet: Ja<\/p>\n<p>Abmessungen<br \/>\n\u2013 Gewicht netto: 6,56 kg<br \/>\n\u2013 Volumen: 5,25 l<br \/>\n\u2013 Produktl\u00e4nge: 33,00 cm<br \/>\n\u2013 Produktbreite: 26,00 cm<br \/>\n\u2013 Produkth\u00f6he: 23,70 cm<br \/>\n\u2013 Produkth\u00f6he ohne Deckel: 11,80 cm<br \/>\n\u2013 Oberer Durchmesser: 26,00 cm<br \/>\n\u2013 Bodendurchmesser: 21,70 cm<br \/>\n\u2013 Griffl\u00e4nge: 3,50 cm<\/p>\n","protected":false},"excerpt":{"rendered":"<p>Die Cocotte von STAUB im anmutigen Rotton vereint traditionelle Handwerkskunst mit moderner Funktionalit\u00e4t f\u00fcr einen einmaligen Genuss. Gef\u00fcllte Paprikaschoten, klassische Kohlrouladen, mediterranes Ratatouille, s\u00fc\u00dfe Desserts sowie frisches Brot und mehr \u2013 in diesem praktischen Gusseisentopf k\u00f6nnen die verschiedensten Gerichte zubereitet werden. Da das besondere Material nur wenig Fett zum Braten bedarf und der Schmortopf zugleich [&hellip;]<\/p>\n","protected":false},"featured_media":6298966,"template":"","meta":{"_acf_changed":false},"product_cat":[11667,12108,12099],"product_tag":[],"class_list":{"0":"post-47779","1":"product","2":"type-product","3":"status-publish","4":"has-post-thumbnail","6":"product_cat-padelle-pentole","7":"product_cat-schalldaempfer-und-kokotten","8":"product_cat-toepfe-pfannen","10":"first","11":"instock","12":"sale","13":"taxable","14":"shipping-taxable","15":"purchasable","16":"product-type-simple","swatches":"rey-swatches","show_selected":"","stretch_labels":"rey-swatches--stretch-labels"},"acf":[],"yoast_head":"<!-- This site is optimized with the Yoast SEO plugin v25.4 - https:\/\/yoast.com\/wordpress\/plugins\/seo\/ -->\n<title>STAUB Cocotte Rund mit D\u00e4mpfeinsatz 26 cm Kirschrot - dev6 Erresse<\/title>\n<meta name=\"description\" content=\"Die Cocotte von STAUB im anmutigen Rotton vereint traditionelle Handwerkskunst mit moderner Funktionalit\u00e4t f\u00fcr einen einmaligen Genuss. Gef\u00fcllte\" \/>\n<meta name=\"robots\" content=\"noindex, follow, max-snippet:-1, max-image-preview:large, max-video-preview:-1\" \/>\n<meta property=\"og:locale\" content=\"de_DE\" \/>\n<meta property=\"og:type\" content=\"article\" \/>\n<meta property=\"og:title\" content=\"STAUB Cocotte Rund mit D\u00e4mpfeinsatz 26 cm Kirschrot - dev6 Erresse\" \/>\n<meta property=\"og:description\" content=\"Die Cocotte von STAUB im anmutigen Rotton vereint traditionelle Handwerkskunst mit moderner Funktionalit\u00e4t f\u00fcr einen einmaligen Genuss. Gef\u00fcllte\" \/>\n<meta property=\"og:url\" content=\"https:\/\/dev6.erresse-shop.it\/de\/shop\/toepfe-pfannen\/schalldaempfer-und-kokotten\/staub-cocotte-rund-mit-daempfeinsatz-26-cm-kirschrot\/\" \/>\n<meta property=\"og:site_name\" content=\"dev6 Erresse\" \/>\n<meta property=\"og:image\" content=\"https:\/\/interpim.erresse-shop.it\/img-catalogo\/staub\/staub-cocotte-con-cestello-a-vapore-rotonda-26-cm-rossa.jpg\" \/><meta property=\"og:image\" content=\"https:\/\/interpim.erresse-shop.it\/img-catalogo\/staub\/staub-cocotte-con-cestello-a-vapore-rotonda-26-cm-rossa.jpg\" \/>\n\t<meta property=\"og:image:width\" content=\"1024\" \/>\n\t<meta property=\"og:image:height\" content=\"1024\" \/>\n\t<meta property=\"og:image:type\" content=\"image\/jpeg\" \/>\n<meta name=\"twitter:card\" content=\"summary_large_image\" \/>\n<meta name=\"twitter:image\" content=\"https:\/\/interpim.erresse-shop.it\/img-catalogo\/staub\/staub-cocotte-con-cestello-a-vapore-rotonda-26-cm-rossa.jpg\" \/>\n<script type=\"application\/ld+json\" class=\"yoast-schema-graph\">{\"@context\":\"https:\/\/schema.org\",\"@graph\":[{\"@type\":\"WebPage\",\"@id\":\"https:\/\/dev6.erresse-shop.it\/de\/shop\/toepfe-pfannen\/schalldaempfer-und-kokotten\/staub-cocotte-rund-mit-daempfeinsatz-26-cm-kirschrot\/\",\"url\":\"https:\/\/dev6.erresse-shop.it\/de\/shop\/toepfe-pfannen\/schalldaempfer-und-kokotten\/staub-cocotte-rund-mit-daempfeinsatz-26-cm-kirschrot\/\",\"name\":\"STAUB Cocotte Rund mit D\u00e4mpfeinsatz 26 cm Kirschrot - dev6 Erresse\",\"isPartOf\":{\"@id\":\"https:\/\/dev6.erresse-shop.it\/#website\"},\"primaryImageOfPage\":{\"@id\":\"https:\/\/dev6.erresse-shop.it\/de\/shop\/toepfe-pfannen\/schalldaempfer-und-kokotten\/staub-cocotte-rund-mit-daempfeinsatz-26-cm-kirschrot\/#primaryimage\"},\"image\":{\"@id\":\"https:\/\/dev6.erresse-shop.it\/de\/shop\/toepfe-pfannen\/schalldaempfer-und-kokotten\/staub-cocotte-rund-mit-daempfeinsatz-26-cm-kirschrot\/#primaryimage\"},\"thumbnailUrl\":\"https:\/\/i3.wp.com\/interpim.erresse-shop.it\/img-catalogo\/staub\/staub-cocotte-con-cestello-a-vapore-rotonda-26-cm-rossa.jpg?ssl=1\",\"datePublished\":\"2026-04-10T06:43:26+00:00\",\"description\":\"Die Cocotte von STAUB im anmutigen Rotton vereint traditionelle Handwerkskunst mit moderner Funktionalit\u00e4t f\u00fcr einen einmaligen Genuss. Gef\u00fcllte\",\"breadcrumb\":{\"@id\":\"https:\/\/dev6.erresse-shop.it\/de\/shop\/toepfe-pfannen\/schalldaempfer-und-kokotten\/staub-cocotte-rund-mit-daempfeinsatz-26-cm-kirschrot\/#breadcrumb\"},\"inLanguage\":\"de\",\"potentialAction\":[{\"@type\":\"ReadAction\",\"target\":[\"https:\/\/dev6.erresse-shop.it\/de\/shop\/toepfe-pfannen\/schalldaempfer-und-kokotten\/staub-cocotte-rund-mit-daempfeinsatz-26-cm-kirschrot\/\"]}]},{\"@type\":\"ImageObject\",\"inLanguage\":\"de\",\"@id\":\"https:\/\/dev6.erresse-shop.it\/de\/shop\/toepfe-pfannen\/schalldaempfer-und-kokotten\/staub-cocotte-rund-mit-daempfeinsatz-26-cm-kirschrot\/#primaryimage\",\"url\":\"https:\/\/i3.wp.com\/interpim.erresse-shop.it\/img-catalogo\/staub\/staub-cocotte-con-cestello-a-vapore-rotonda-26-cm-rossa.jpg?ssl=1\",\"contentUrl\":\"https:\/\/i3.wp.com\/interpim.erresse-shop.it\/img-catalogo\/staub\/staub-cocotte-con-cestello-a-vapore-rotonda-26-cm-rossa.jpg?ssl=1\"},{\"@type\":\"BreadcrumbList\",\"@id\":\"https:\/\/dev6.erresse-shop.it\/de\/shop\/toepfe-pfannen\/schalldaempfer-und-kokotten\/staub-cocotte-rund-mit-daempfeinsatz-26-cm-kirschrot\/#breadcrumb\",\"itemListElement\":[{\"@type\":\"ListItem\",\"position\":1,\"name\":\"Home\",\"item\":\"https:\/\/dev6.erresse-shop.it\/\"},{\"@type\":\"ListItem\",\"position\":2,\"name\":\"Shop\",\"item\":\"https:\/\/dev6.erresse-shop.it\/shop\/\"},{\"@type\":\"ListItem\",\"position\":3,\"name\":\"STAUB Cocotte Rund mit D\u00e4mpfeinsatz 26 cm Kirschrot\"}]},{\"@type\":\"WebSite\",\"@id\":\"https:\/\/dev6.erresse-shop.it\/#website\",\"url\":\"https:\/\/dev6.erresse-shop.it\/\",\"name\":\"Erresse Shop\",\"description\":\"\",\"publisher\":{\"@id\":\"https:\/\/dev6.erresse-shop.it\/#organization\"},\"potentialAction\":[{\"@type\":\"SearchAction\",\"target\":{\"@type\":\"EntryPoint\",\"urlTemplate\":\"https:\/\/dev6.erresse-shop.it\/?s={search_term_string}\"},\"query-input\":{\"@type\":\"PropertyValueSpecification\",\"valueRequired\":true,\"valueName\":\"search_term_string\"}}],\"inLanguage\":\"de\"},{\"@type\":\"Organization\",\"@id\":\"https:\/\/dev6.erresse-shop.it\/#organization\",\"name\":\"Erresse Shop\",\"url\":\"https:\/\/dev6.erresse-shop.it\/\",\"logo\":{\"@type\":\"ImageObject\",\"inLanguage\":\"de\",\"@id\":\"https:\/\/dev6.erresse-shop.it\/#\/schema\/logo\/image\/\",\"url\":\"https:\/\/dev6.erresse-shop.it\/wp-content\/uploads\/2025\/01\/LOGO-ERRESSE-CLASSICO.svg\",\"contentUrl\":\"https:\/\/dev6.erresse-shop.it\/wp-content\/uploads\/2025\/01\/LOGO-ERRESSE-CLASSICO.svg\",\"caption\":\"Erresse Shop\"},\"image\":{\"@id\":\"https:\/\/dev6.erresse-shop.it\/#\/schema\/logo\/image\/\"}}]}<\/script>\n<!-- \/ Yoast SEO plugin. -->","yoast_head_json":{"title":"STAUB Cocotte Rund mit D\u00e4mpfeinsatz 26 cm Kirschrot - dev6 Erresse","description":"Die Cocotte von STAUB im anmutigen Rotton vereint traditionelle Handwerkskunst mit moderner Funktionalit\u00e4t f\u00fcr einen einmaligen Genuss. Gef\u00fcllte","robots":{"index":"noindex","follow":"follow","max-snippet":"max-snippet:-1","max-image-preview":"max-image-preview:large","max-video-preview":"max-video-preview:-1"},"og_locale":"de_DE","og_type":"article","og_title":"STAUB Cocotte Rund mit D\u00e4mpfeinsatz 26 cm Kirschrot - dev6 Erresse","og_description":"Die Cocotte von STAUB im anmutigen Rotton vereint traditionelle Handwerkskunst mit moderner Funktionalit\u00e4t f\u00fcr einen einmaligen Genuss. Gef\u00fcllte","og_url":"https:\/\/dev6.erresse-shop.it\/de\/shop\/toepfe-pfannen\/schalldaempfer-und-kokotten\/staub-cocotte-rund-mit-daempfeinsatz-26-cm-kirschrot\/","og_site_name":"dev6 Erresse","og_image":[{"url":"https:\/\/interpim.erresse-shop.it\/img-catalogo\/staub\/staub-cocotte-con-cestello-a-vapore-rotonda-26-cm-rossa.jpg","type":"","width":"","height":""},{"url":"https:\/\/interpim.erresse-shop.it\/img-catalogo\/staub\/staub-cocotte-con-cestello-a-vapore-rotonda-26-cm-rossa.jpg","width":1024,"height":1024,"type":"image\/jpeg"}],"twitter_card":"summary_large_image","twitter_image":"https:\/\/interpim.erresse-shop.it\/img-catalogo\/staub\/staub-cocotte-con-cestello-a-vapore-rotonda-26-cm-rossa.jpg","schema":{"@context":"https:\/\/schema.org","@graph":[{"@type":"WebPage","@id":"https:\/\/dev6.erresse-shop.it\/de\/shop\/toepfe-pfannen\/schalldaempfer-und-kokotten\/staub-cocotte-rund-mit-daempfeinsatz-26-cm-kirschrot\/","url":"https:\/\/dev6.erresse-shop.it\/de\/shop\/toepfe-pfannen\/schalldaempfer-und-kokotten\/staub-cocotte-rund-mit-daempfeinsatz-26-cm-kirschrot\/","name":"STAUB Cocotte Rund mit D\u00e4mpfeinsatz 26 cm Kirschrot - dev6 Erresse","isPartOf":{"@id":"https:\/\/dev6.erresse-shop.it\/#website"},"primaryImageOfPage":{"@id":"https:\/\/dev6.erresse-shop.it\/de\/shop\/toepfe-pfannen\/schalldaempfer-und-kokotten\/staub-cocotte-rund-mit-daempfeinsatz-26-cm-kirschrot\/#primaryimage"},"image":{"@id":"https:\/\/dev6.erresse-shop.it\/de\/shop\/toepfe-pfannen\/schalldaempfer-und-kokotten\/staub-cocotte-rund-mit-daempfeinsatz-26-cm-kirschrot\/#primaryimage"},"thumbnailUrl":"https:\/\/i3.wp.com\/interpim.erresse-shop.it\/img-catalogo\/staub\/staub-cocotte-con-cestello-a-vapore-rotonda-26-cm-rossa.jpg?ssl=1","datePublished":"2026-04-10T06:43:26+00:00","description":"Die Cocotte von STAUB im anmutigen Rotton vereint traditionelle Handwerkskunst mit moderner Funktionalit\u00e4t f\u00fcr einen einmaligen Genuss. Gef\u00fcllte","breadcrumb":{"@id":"https:\/\/dev6.erresse-shop.it\/de\/shop\/toepfe-pfannen\/schalldaempfer-und-kokotten\/staub-cocotte-rund-mit-daempfeinsatz-26-cm-kirschrot\/#breadcrumb"},"inLanguage":"de","potentialAction":[{"@type":"ReadAction","target":["https:\/\/dev6.erresse-shop.it\/de\/shop\/toepfe-pfannen\/schalldaempfer-und-kokotten\/staub-cocotte-rund-mit-daempfeinsatz-26-cm-kirschrot\/"]}]},{"@type":"ImageObject","inLanguage":"de","@id":"https:\/\/dev6.erresse-shop.it\/de\/shop\/toepfe-pfannen\/schalldaempfer-und-kokotten\/staub-cocotte-rund-mit-daempfeinsatz-26-cm-kirschrot\/#primaryimage","url":"https:\/\/i3.wp.com\/interpim.erresse-shop.it\/img-catalogo\/staub\/staub-cocotte-con-cestello-a-vapore-rotonda-26-cm-rossa.jpg?ssl=1","contentUrl":"https:\/\/i3.wp.com\/interpim.erresse-shop.it\/img-catalogo\/staub\/staub-cocotte-con-cestello-a-vapore-rotonda-26-cm-rossa.jpg?ssl=1"},{"@type":"BreadcrumbList","@id":"https:\/\/dev6.erresse-shop.it\/de\/shop\/toepfe-pfannen\/schalldaempfer-und-kokotten\/staub-cocotte-rund-mit-daempfeinsatz-26-cm-kirschrot\/#breadcrumb","itemListElement":[{"@type":"ListItem","position":1,"name":"Home","item":"https:\/\/dev6.erresse-shop.it\/"},{"@type":"ListItem","position":2,"name":"Shop","item":"https:\/\/dev6.erresse-shop.it\/shop\/"},{"@type":"ListItem","position":3,"name":"STAUB Cocotte Rund mit D\u00e4mpfeinsatz 26 cm Kirschrot"}]},{"@type":"WebSite","@id":"https:\/\/dev6.erresse-shop.it\/#website","url":"https:\/\/dev6.erresse-shop.it\/","name":"Erresse Shop","description":"","publisher":{"@id":"https:\/\/dev6.erresse-shop.it\/#organization"},"potentialAction":[{"@type":"SearchAction","target":{"@type":"EntryPoint","urlTemplate":"https:\/\/dev6.erresse-shop.it\/?s={search_term_string}"},"query-input":{"@type":"PropertyValueSpecification","valueRequired":true,"valueName":"search_term_string"}}],"inLanguage":"de"},{"@type":"Organization","@id":"https:\/\/dev6.erresse-shop.it\/#organization","name":"Erresse Shop","url":"https:\/\/dev6.erresse-shop.it\/","logo":{"@type":"ImageObject","inLanguage":"de","@id":"https:\/\/dev6.erresse-shop.it\/#\/schema\/logo\/image\/","url":"https:\/\/dev6.erresse-shop.it\/wp-content\/uploads\/2025\/01\/LOGO-ERRESSE-CLASSICO.svg","contentUrl":"https:\/\/dev6.erresse-shop.it\/wp-content\/uploads\/2025\/01\/LOGO-ERRESSE-CLASSICO.svg","caption":"Erresse Shop"},"image":{"@id":"https:\/\/dev6.erresse-shop.it\/#\/schema\/logo\/image\/"}}]}},"df_price":209.95,"df_sale_price":209.95,"df_regular_price":349,"df_image_link":"https:\/\/i3.wp.com\/interpim.erresse-shop.it\/img-catalogo\/staub\/staub-cocotte-con-cestello-a-vapore-rotonda-26-cm-rossa.jpg?resize=300,300&ssl=1","fifu_image_url":"https:\/\/interpim.erresse-shop.it\/img-catalogo\/staub\/staub-cocotte-con-cestello-a-vapore-rotonda-26-cm-rossa.jpg","_links":{"self":[{"href":"https:\/\/dev6.erresse-shop.it\/de\/wp-json\/wp\/v2\/product\/47779","targetHints":{"allow":["GET"]}}],"collection":[{"href":"https:\/\/dev6.erresse-shop.it\/de\/wp-json\/wp\/v2\/product"}],"about":[{"href":"https:\/\/dev6.erresse-shop.it\/de\/wp-json\/wp\/v2\/types\/product"}],"wp:featuredmedia":[{"embeddable":true,"href":"https:\/\/dev6.erresse-shop.it\/de\/wp-json\/wp\/v2\/media\/6298966"}],"wp:attachment":[{"href":"https:\/\/dev6.erresse-shop.it\/de\/wp-json\/wp\/v2\/media?parent=47779"}],"wp:term":[{"taxonomy":"product_cat","embeddable":true,"href":"https:\/\/dev6.erresse-shop.it\/de\/wp-json\/wp\/v2\/product_cat?post=47779"},{"taxonomy":"product_tag","embeddable":true,"href":"https:\/\/dev6.erresse-shop.it\/de\/wp-json\/wp\/v2\/product_tag?post=47779"}],"curies":[{"name":"wp","href":"https:\/\/api.w.org\/{rel}","templated":true}]}}