{"id":47761,"date":"2026-04-15T08:03:37","date_gmt":"2026-04-15T06:03:37","guid":{"rendered":"https:\/\/dev6.erresse-shop.it\/shop\/unkategorisiert\/staub-teekanne-16-cm-grenadine-rot\/"},"modified":"2025-09-14T00:12:23","modified_gmt":"2025-09-13T22:12:23","slug":"staub-teekanne-16-cm-grenadine-rot","status":"publish","type":"product","link":"https:\/\/dev6.erresse-shop.it\/de\/shop\/tisch\/teekannen-zuckerdosen-milchkannen\/staub-teekanne-16-cm-grenadine-rot\/","title":{"rendered":"STAUB TEEKANNE 16 cm Grenadine-Rot"},"content":{"rendered":"<p>F\u00fcr vollendeten Teegenuss sollte das Wasser recht schnell hei\u00df werden und dann lange warm bleiben. Bei der Teekanne von Staub sorgen daf\u00fcr die au\u00dferordentlichen F\u00e4higkeiten des Gusseisens: Es nimmt die Hitze sehr schnell auf und gibt sie gleichm\u00e4\u00dfig und stetig ins Innere ab. Unterst\u00fctzt wird dieser Effekt beim Kochgeschirr von einer mattschwarzen Emaillierung. Der runde Teekessel ist in dem Farbton Grenadine gehalten. Diese tiefrote Farbe f\u00e4llt angenehm auf, sodass Sie die Teekanne, die auch als Wasserkessel verwendet werden kann, auch auf dem Tisch platzieren k\u00f6nnen. Ihre G\u00e4ste profitieren von einem warmen Teegetr\u00e4nk, das mit Hilfe einer Aufh\u00e4ngevorrichtung im Deckel zubereitet wurde. In diese Vorrichtung wird das Teesieb eingeh\u00e4ngt. Die Edelstahlgriffe bleiben angenehm k\u00fchl und helfen beim sicheren Ausgie\u00dfen, da sie den Deckel fest verschlie\u00dfen. Der Teekessel eignet sich f\u00fcr alle Arten von Herden, auch f\u00fcr Induktionsherde. Da Sie das erhitzte Wasser nicht erst in eine vielleicht noch kalte Teekanne umf\u00fcllen m\u00fcssen, sondern das Teesieb in den Deckel einh\u00e4ngen k\u00f6nnen, sparen Sie zudem Energie. Auch die lange Warmhaltezeit des Gusseisens unterst\u00fctzt das Energiesparen. Der Tee-Wasserkessel misst rund 16,5 cm und fasst 1,15 l, sodass Sie ihn ohne Weiteres auch f\u00fcr mehrere Personen am Tisch bef\u00fcllen k\u00f6nnen. Mit diesem Kessel von Staub gelingt Ihnen leckerer Tee f\u00fcr entspannte Stunden.<\/p>\n<p>HIGHLIGHTS<br \/>\n\u2013 Geeignet zum Aufkochen des Wassers und Ziehen des Tees<br \/>\n\u2013 Lange hei\u00df bleibender Tee<br \/>\n\u2013 Tee-Ei wird unter dem Knauf in einer speziellen Vorrichtung eingeh\u00e4ngt<br \/>\n\u2013 F\u00fcr alle Herdarten inkl. Induktion geeignet<br \/>\n\u2013 Auch f\u00fcr das originelle Servieren von Suppen<\/p>\n<p>Eigenschaften<br \/>\n\u2013 Color: Grenadine -Rot<br \/>\n\u2013 Material: Gusseisen<br \/>\n\u2013 Induktion: Ja<br \/>\n\u2013 Backofen geeignet: Ja<br \/>\n\u2013 Herdplatten geeignet: Ja<br \/>\n\u2013 sp\u00fclmaschinengeeignet: Ja<\/p>\n<p>Abmessungen<br \/>\n\u2013 Gewicht netto: 2,60 kg<br \/>\n\u2013 Fassungsverm\u00f6gen: 1,15 l<br \/>\n\u2013 Produktl\u00e4nge: 16,60 cm<br \/>\n\u2013 Produktbreite: 12,00 cm<br \/>\n\u2013 Produkth\u00f6he: 18,00 cm<br \/>\n\u2013 Oberer Durchmesser: 21,00 cm<br \/>\n\u2013 Bodendurchmesser: 9,50 cm<\/p>\n","protected":false},"excerpt":{"rendered":"<p>F\u00fcr vollendeten Teegenuss sollte das Wasser recht schnell hei\u00df werden und dann lange warm bleiben. Bei der Teekanne von Staub sorgen daf\u00fcr die au\u00dferordentlichen F\u00e4higkeiten des Gusseisens: Es nimmt die Hitze sehr schnell auf und gibt sie gleichm\u00e4\u00dfig und stetig ins Innere ab. Unterst\u00fctzt wird dieser Effekt beim Kochgeschirr von einer mattschwarzen Emaillierung. Der runde [&hellip;]<\/p>\n","protected":false},"featured_media":6382164,"template":"","meta":{"_acf_changed":false},"product_cat":[11681,12100,12114,12103,12113],"product_tag":[],"class_list":{"0":"post-47761","1":"product","2":"type-product","3":"status-publish","4":"has-post-thumbnail","6":"product_cat-bollitori","7":"product_cat-kuche","8":"product_cat-teekannen-zuckerdosen-milchkannen","9":"product_cat-tisch","10":"product_cat-wasserkocher","12":"first","13":"instock","14":"sale","15":"taxable","16":"shipping-taxable","17":"purchasable","18":"product-type-simple","swatches":"rey-swatches","show_selected":"","stretch_labels":"rey-swatches--stretch-labels"},"acf":[],"yoast_head":"<!-- This site is optimized with the Yoast SEO plugin v25.4 - https:\/\/yoast.com\/wordpress\/plugins\/seo\/ -->\n<title>STAUB TEEKANNE 16 cm Grenadine-Rot - dev6 Erresse<\/title>\n<meta name=\"description\" content=\"F\u00fcr vollendeten Teegenuss sollte das Wasser recht schnell hei\u00df werden und dann lange warm bleiben. Bei der Teekanne von Staub sorgen daf\u00fcr die\" \/>\n<meta name=\"robots\" content=\"noindex, follow, max-snippet:-1, max-image-preview:large, max-video-preview:-1\" \/>\n<meta property=\"og:locale\" content=\"de_DE\" \/>\n<meta property=\"og:type\" content=\"article\" \/>\n<meta property=\"og:title\" content=\"STAUB TEEKANNE 16 cm Grenadine-Rot - dev6 Erresse\" \/>\n<meta property=\"og:description\" content=\"F\u00fcr vollendeten Teegenuss sollte das Wasser recht schnell hei\u00df werden und dann lange warm bleiben. Bei der Teekanne von Staub sorgen daf\u00fcr die\" \/>\n<meta property=\"og:url\" content=\"https:\/\/dev6.erresse-shop.it\/de\/shop\/tisch\/teekannen-zuckerdosen-milchkannen\/staub-teekanne-16-cm-grenadine-rot\/\" \/>\n<meta property=\"og:site_name\" content=\"dev6 Erresse\" \/>\n<meta property=\"og:image\" content=\"https:\/\/interpim.erresse-shop.it\/img-catalogo\/staub\/staub-teiera-ciliegia.jpg\" \/><meta property=\"og:image\" content=\"https:\/\/interpim.erresse-shop.it\/img-catalogo\/staub\/staub-teiera-ciliegia.jpg\" \/>\n\t<meta property=\"og:image:width\" content=\"1024\" \/>\n\t<meta property=\"og:image:height\" content=\"1024\" \/>\n\t<meta property=\"og:image:type\" content=\"image\/jpeg\" \/>\n<meta name=\"twitter:card\" content=\"summary_large_image\" \/>\n<meta name=\"twitter:image\" content=\"https:\/\/interpim.erresse-shop.it\/img-catalogo\/staub\/staub-teiera-ciliegia.jpg\" \/>\n<script type=\"application\/ld+json\" class=\"yoast-schema-graph\">{\"@context\":\"https:\/\/schema.org\",\"@graph\":[{\"@type\":\"WebPage\",\"@id\":\"https:\/\/dev6.erresse-shop.it\/de\/shop\/tisch\/teekannen-zuckerdosen-milchkannen\/staub-teekanne-16-cm-grenadine-rot\/\",\"url\":\"https:\/\/dev6.erresse-shop.it\/de\/shop\/tisch\/teekannen-zuckerdosen-milchkannen\/staub-teekanne-16-cm-grenadine-rot\/\",\"name\":\"STAUB TEEKANNE 16 cm Grenadine-Rot - dev6 Erresse\",\"isPartOf\":{\"@id\":\"https:\/\/dev6.erresse-shop.it\/#website\"},\"primaryImageOfPage\":{\"@id\":\"https:\/\/dev6.erresse-shop.it\/de\/shop\/tisch\/teekannen-zuckerdosen-milchkannen\/staub-teekanne-16-cm-grenadine-rot\/#primaryimage\"},\"image\":{\"@id\":\"https:\/\/dev6.erresse-shop.it\/de\/shop\/tisch\/teekannen-zuckerdosen-milchkannen\/staub-teekanne-16-cm-grenadine-rot\/#primaryimage\"},\"thumbnailUrl\":\"https:\/\/i1.wp.com\/interpim.erresse-shop.it\/img-catalogo\/staub\/staub-teiera-ciliegia.jpg?ssl=1\",\"datePublished\":\"2026-04-15T06:03:37+00:00\",\"description\":\"F\u00fcr vollendeten Teegenuss sollte das Wasser recht schnell hei\u00df werden und dann lange warm bleiben. Bei der Teekanne von Staub sorgen daf\u00fcr die\",\"breadcrumb\":{\"@id\":\"https:\/\/dev6.erresse-shop.it\/de\/shop\/tisch\/teekannen-zuckerdosen-milchkannen\/staub-teekanne-16-cm-grenadine-rot\/#breadcrumb\"},\"inLanguage\":\"de\",\"potentialAction\":[{\"@type\":\"ReadAction\",\"target\":[\"https:\/\/dev6.erresse-shop.it\/de\/shop\/tisch\/teekannen-zuckerdosen-milchkannen\/staub-teekanne-16-cm-grenadine-rot\/\"]}]},{\"@type\":\"ImageObject\",\"inLanguage\":\"de\",\"@id\":\"https:\/\/dev6.erresse-shop.it\/de\/shop\/tisch\/teekannen-zuckerdosen-milchkannen\/staub-teekanne-16-cm-grenadine-rot\/#primaryimage\",\"url\":\"https:\/\/i1.wp.com\/interpim.erresse-shop.it\/img-catalogo\/staub\/staub-teiera-ciliegia.jpg?ssl=1\",\"contentUrl\":\"https:\/\/i1.wp.com\/interpim.erresse-shop.it\/img-catalogo\/staub\/staub-teiera-ciliegia.jpg?ssl=1\"},{\"@type\":\"BreadcrumbList\",\"@id\":\"https:\/\/dev6.erresse-shop.it\/de\/shop\/tisch\/teekannen-zuckerdosen-milchkannen\/staub-teekanne-16-cm-grenadine-rot\/#breadcrumb\",\"itemListElement\":[{\"@type\":\"ListItem\",\"position\":1,\"name\":\"Home\",\"item\":\"https:\/\/dev6.erresse-shop.it\/\"},{\"@type\":\"ListItem\",\"position\":2,\"name\":\"Shop\",\"item\":\"https:\/\/dev6.erresse-shop.it\/shop\/\"},{\"@type\":\"ListItem\",\"position\":3,\"name\":\"STAUB TEEKANNE 16 cm Grenadine-Rot\"}]},{\"@type\":\"WebSite\",\"@id\":\"https:\/\/dev6.erresse-shop.it\/#website\",\"url\":\"https:\/\/dev6.erresse-shop.it\/\",\"name\":\"Erresse Shop\",\"description\":\"\",\"publisher\":{\"@id\":\"https:\/\/dev6.erresse-shop.it\/#organization\"},\"potentialAction\":[{\"@type\":\"SearchAction\",\"target\":{\"@type\":\"EntryPoint\",\"urlTemplate\":\"https:\/\/dev6.erresse-shop.it\/?s={search_term_string}\"},\"query-input\":{\"@type\":\"PropertyValueSpecification\",\"valueRequired\":true,\"valueName\":\"search_term_string\"}}],\"inLanguage\":\"de\"},{\"@type\":\"Organization\",\"@id\":\"https:\/\/dev6.erresse-shop.it\/#organization\",\"name\":\"Erresse Shop\",\"url\":\"https:\/\/dev6.erresse-shop.it\/\",\"logo\":{\"@type\":\"ImageObject\",\"inLanguage\":\"de\",\"@id\":\"https:\/\/dev6.erresse-shop.it\/#\/schema\/logo\/image\/\",\"url\":\"https:\/\/dev6.erresse-shop.it\/wp-content\/uploads\/2025\/01\/LOGO-ERRESSE-CLASSICO.svg\",\"contentUrl\":\"https:\/\/dev6.erresse-shop.it\/wp-content\/uploads\/2025\/01\/LOGO-ERRESSE-CLASSICO.svg\",\"caption\":\"Erresse Shop\"},\"image\":{\"@id\":\"https:\/\/dev6.erresse-shop.it\/#\/schema\/logo\/image\/\"}}]}<\/script>\n<!-- \/ Yoast SEO plugin. -->","yoast_head_json":{"title":"STAUB TEEKANNE 16 cm Grenadine-Rot - dev6 Erresse","description":"F\u00fcr vollendeten Teegenuss sollte das Wasser recht schnell hei\u00df werden und dann lange warm bleiben. Bei der Teekanne von Staub sorgen daf\u00fcr die","robots":{"index":"noindex","follow":"follow","max-snippet":"max-snippet:-1","max-image-preview":"max-image-preview:large","max-video-preview":"max-video-preview:-1"},"og_locale":"de_DE","og_type":"article","og_title":"STAUB TEEKANNE 16 cm Grenadine-Rot - dev6 Erresse","og_description":"F\u00fcr vollendeten Teegenuss sollte das Wasser recht schnell hei\u00df werden und dann lange warm bleiben. Bei der Teekanne von Staub sorgen daf\u00fcr die","og_url":"https:\/\/dev6.erresse-shop.it\/de\/shop\/tisch\/teekannen-zuckerdosen-milchkannen\/staub-teekanne-16-cm-grenadine-rot\/","og_site_name":"dev6 Erresse","og_image":[{"url":"https:\/\/interpim.erresse-shop.it\/img-catalogo\/staub\/staub-teiera-ciliegia.jpg","type":"","width":"","height":""},{"url":"https:\/\/interpim.erresse-shop.it\/img-catalogo\/staub\/staub-teiera-ciliegia.jpg","width":1024,"height":1024,"type":"image\/jpeg"}],"twitter_card":"summary_large_image","twitter_image":"https:\/\/interpim.erresse-shop.it\/img-catalogo\/staub\/staub-teiera-ciliegia.jpg","schema":{"@context":"https:\/\/schema.org","@graph":[{"@type":"WebPage","@id":"https:\/\/dev6.erresse-shop.it\/de\/shop\/tisch\/teekannen-zuckerdosen-milchkannen\/staub-teekanne-16-cm-grenadine-rot\/","url":"https:\/\/dev6.erresse-shop.it\/de\/shop\/tisch\/teekannen-zuckerdosen-milchkannen\/staub-teekanne-16-cm-grenadine-rot\/","name":"STAUB TEEKANNE 16 cm Grenadine-Rot - dev6 Erresse","isPartOf":{"@id":"https:\/\/dev6.erresse-shop.it\/#website"},"primaryImageOfPage":{"@id":"https:\/\/dev6.erresse-shop.it\/de\/shop\/tisch\/teekannen-zuckerdosen-milchkannen\/staub-teekanne-16-cm-grenadine-rot\/#primaryimage"},"image":{"@id":"https:\/\/dev6.erresse-shop.it\/de\/shop\/tisch\/teekannen-zuckerdosen-milchkannen\/staub-teekanne-16-cm-grenadine-rot\/#primaryimage"},"thumbnailUrl":"https:\/\/i1.wp.com\/interpim.erresse-shop.it\/img-catalogo\/staub\/staub-teiera-ciliegia.jpg?ssl=1","datePublished":"2026-04-15T06:03:37+00:00","description":"F\u00fcr vollendeten Teegenuss sollte das Wasser recht schnell hei\u00df werden und dann lange warm bleiben. Bei der Teekanne von Staub sorgen daf\u00fcr die","breadcrumb":{"@id":"https:\/\/dev6.erresse-shop.it\/de\/shop\/tisch\/teekannen-zuckerdosen-milchkannen\/staub-teekanne-16-cm-grenadine-rot\/#breadcrumb"},"inLanguage":"de","potentialAction":[{"@type":"ReadAction","target":["https:\/\/dev6.erresse-shop.it\/de\/shop\/tisch\/teekannen-zuckerdosen-milchkannen\/staub-teekanne-16-cm-grenadine-rot\/"]}]},{"@type":"ImageObject","inLanguage":"de","@id":"https:\/\/dev6.erresse-shop.it\/de\/shop\/tisch\/teekannen-zuckerdosen-milchkannen\/staub-teekanne-16-cm-grenadine-rot\/#primaryimage","url":"https:\/\/i1.wp.com\/interpim.erresse-shop.it\/img-catalogo\/staub\/staub-teiera-ciliegia.jpg?ssl=1","contentUrl":"https:\/\/i1.wp.com\/interpim.erresse-shop.it\/img-catalogo\/staub\/staub-teiera-ciliegia.jpg?ssl=1"},{"@type":"BreadcrumbList","@id":"https:\/\/dev6.erresse-shop.it\/de\/shop\/tisch\/teekannen-zuckerdosen-milchkannen\/staub-teekanne-16-cm-grenadine-rot\/#breadcrumb","itemListElement":[{"@type":"ListItem","position":1,"name":"Home","item":"https:\/\/dev6.erresse-shop.it\/"},{"@type":"ListItem","position":2,"name":"Shop","item":"https:\/\/dev6.erresse-shop.it\/shop\/"},{"@type":"ListItem","position":3,"name":"STAUB TEEKANNE 16 cm Grenadine-Rot"}]},{"@type":"WebSite","@id":"https:\/\/dev6.erresse-shop.it\/#website","url":"https:\/\/dev6.erresse-shop.it\/","name":"Erresse Shop","description":"","publisher":{"@id":"https:\/\/dev6.erresse-shop.it\/#organization"},"potentialAction":[{"@type":"SearchAction","target":{"@type":"EntryPoint","urlTemplate":"https:\/\/dev6.erresse-shop.it\/?s={search_term_string}"},"query-input":{"@type":"PropertyValueSpecification","valueRequired":true,"valueName":"search_term_string"}}],"inLanguage":"de"},{"@type":"Organization","@id":"https:\/\/dev6.erresse-shop.it\/#organization","name":"Erresse Shop","url":"https:\/\/dev6.erresse-shop.it\/","logo":{"@type":"ImageObject","inLanguage":"de","@id":"https:\/\/dev6.erresse-shop.it\/#\/schema\/logo\/image\/","url":"https:\/\/dev6.erresse-shop.it\/wp-content\/uploads\/2025\/01\/LOGO-ERRESSE-CLASSICO.svg","contentUrl":"https:\/\/dev6.erresse-shop.it\/wp-content\/uploads\/2025\/01\/LOGO-ERRESSE-CLASSICO.svg","caption":"Erresse Shop"},"image":{"@id":"https:\/\/dev6.erresse-shop.it\/#\/schema\/logo\/image\/"}}]}},"df_price":144,"df_sale_price":144,"df_regular_price":219,"df_image_link":"https:\/\/i1.wp.com\/interpim.erresse-shop.it\/img-catalogo\/staub\/staub-teiera-ciliegia.jpg?resize=300,300&ssl=1","fifu_image_url":"https:\/\/interpim.erresse-shop.it\/img-catalogo\/staub\/staub-teiera-ciliegia.jpg","_links":{"self":[{"href":"https:\/\/dev6.erresse-shop.it\/de\/wp-json\/wp\/v2\/product\/47761","targetHints":{"allow":["GET"]}}],"collection":[{"href":"https:\/\/dev6.erresse-shop.it\/de\/wp-json\/wp\/v2\/product"}],"about":[{"href":"https:\/\/dev6.erresse-shop.it\/de\/wp-json\/wp\/v2\/types\/product"}],"wp:featuredmedia":[{"embeddable":true,"href":"https:\/\/dev6.erresse-shop.it\/de\/wp-json\/wp\/v2\/media\/6382164"}],"wp:attachment":[{"href":"https:\/\/dev6.erresse-shop.it\/de\/wp-json\/wp\/v2\/media?parent=47761"}],"wp:term":[{"taxonomy":"product_cat","embeddable":true,"href":"https:\/\/dev6.erresse-shop.it\/de\/wp-json\/wp\/v2\/product_cat?post=47761"},{"taxonomy":"product_tag","embeddable":true,"href":"https:\/\/dev6.erresse-shop.it\/de\/wp-json\/wp\/v2\/product_tag?post=47761"}],"curies":[{"name":"wp","href":"https:\/\/api.w.org\/{rel}","templated":true}]}}