{"id":47705,"date":"2026-04-23T08:48:49","date_gmt":"2026-04-23T06:48:49","guid":{"rendered":"https:\/\/dev6.erresse-shop.it\/shop\/unkategorisiert\/zwilling-messerblock-bambus-professional-s-7stk\/"},"modified":"2025-09-14T00:11:51","modified_gmt":"2025-09-13T22:11:51","slug":"zwilling-messerblock-bambus-professional-s-7stk","status":"publish","type":"product","link":"https:\/\/dev6.erresse-shop.it\/de\/shop\/kuche\/messer\/messerbloecke\/zwilling-messerblock-bambus-professional-s-7stk\/","title":{"rendered":"ZWILLING Messerblock Bambus Professional S 7stk"},"content":{"rendered":"<p>PROFESSIONALS: Ein Klassiker f\u00fcr die professionelle K\u00fcche. Traditionelle und klassisch. Die K\u00f6che aus der ganzen Welt vertrauen auf die Qualit\u00e4t und Tradition dieser genieteten Messerserie.<\/p>\n<p>TRADITIONELL UND KLASSISCH<br \/>\nProfik\u00f6che weltweit vertrauen auf die Qualit\u00e4t und Tradition dieser genieteten Messerserie. Durchgehender Stahl und fugenlose Verarbeitung bieten optimale Balance und sichere Handhabung.<\/p>\n<p>\u2022 QUALIT\u00c4T:<br \/>\nDas ZWILLING J.A. HENCKELS Sonderschmelze besticht durch die optimale Balance von Chrom- und Kohlenstoffgehalt \u2013 das Geheimnis eines besonders hochwertigen Stahles. FRIODUR gekennzeichnete Messer wurden eisgeh\u00e4rtet, um ihre Qualit\u00e4t zu verbessern. Sie haben au\u00dferordentlich schnitthaltig, sind korrosionsbest\u00e4ndig und flexibel.<\/p>\n<p>\u2022 FUNKTION:<br \/>\nDer Kropf sorgt f\u00fcr die richtige Balance. Zus\u00e4tzlich als Fingerschutz verhindert er zudem das Abrutschen der Finger auf die Klinge.<\/p>\n<p>\u2022 PR\u00c4ZISION:<br \/>\nSIGMAFORGE Messer, pr\u00e4zisionsgeschmiedet aus einem St\u00fcck f\u00fcr eine einwandfreie Geometrie. Die Grundvoraussetzung f\u00fcr exakten Schliff und beste Schneideigenschaften.<\/p>\n<p>\u2022 HANDLING:<br \/>\nDer \u00dcbergang von Kropf zu Griff sorgt f\u00fcr eine einfache Handhabung.<\/p>\n<p>\u2022 HIGHLIGHT:<br \/>\nDer Klassiker f\u00fcr die professionelle K\u00fcche. Das 3-Nieten-Design mit durchgehendem Erl besticht durch seine optimale Balance.<\/p>\n<p>Inhalt:<br \/>\n\u2022 31020-100-1 Gem\u00fcsemesser 100mm<br \/>\n\u2022 31025-130-1 Allzweckmesser 130mm<br \/>\n\u2022 31021-200-1 Kochmesser 200 mm<br \/>\n\u2022 31026-200-1 Brotmesser 200mm<br \/>\n\u2022 Wetzstahl (Kunststoff-Griff, schwarz) 230 mm (9 \u201c)<br \/>\n\u2022 Vielzweckschere 205 mm (8 \u201c)<\/p>\n","protected":false},"excerpt":{"rendered":"<p>PROFESSIONALS: Ein Klassiker f\u00fcr die professionelle K\u00fcche. Traditionelle und klassisch. Die K\u00f6che aus der ganzen Welt vertrauen auf die Qualit\u00e4t und Tradition dieser genieteten Messerserie. TRADITIONELL UND KLASSISCH Profik\u00f6che weltweit vertrauen auf die Qualit\u00e4t und Tradition dieser genieteten Messerserie. Durchgehender Stahl und fugenlose Verarbeitung bieten optimale Balance und sichere Handhabung. \u2022 QUALIT\u00c4T: Das ZWILLING J.A. [&hellip;]<\/p>\n","protected":false},"featured_media":6856754,"template":"","meta":{"_acf_changed":false},"product_cat":[11668,12100,12167],"product_tag":[],"class_list":{"0":"post-47705","1":"product","2":"type-product","3":"status-publish","4":"has-post-thumbnail","6":"product_cat-cucina","7":"product_cat-kuche","8":"product_cat-messerbloecke","10":"first","11":"instock","12":"sale","13":"taxable","14":"shipping-taxable","15":"purchasable","16":"product-type-simple","swatches":"rey-swatches","show_selected":"","stretch_labels":"rey-swatches--stretch-labels"},"acf":[],"yoast_head":"<!-- This site is optimized with the Yoast SEO plugin v25.4 - https:\/\/yoast.com\/wordpress\/plugins\/seo\/ -->\n<title>ZWILLING Messerblock Bambus Professional S 7stk - dev6 Erresse<\/title>\n<meta name=\"description\" content=\"PROFESSIONALS: Ein Klassiker f\u00fcr die professionelle K\u00fcche. Traditionelle und klassisch. Die K\u00f6che aus der ganzen Welt vertrauen auf die Qualit\u00e4t und\" \/>\n<meta name=\"robots\" content=\"noindex, follow, max-snippet:-1, max-image-preview:large, max-video-preview:-1\" \/>\n<meta property=\"og:locale\" content=\"de_DE\" \/>\n<meta property=\"og:type\" content=\"article\" \/>\n<meta property=\"og:title\" content=\"ZWILLING Messerblock Bambus Professional S 7stk - dev6 Erresse\" \/>\n<meta property=\"og:description\" content=\"PROFESSIONALS: Ein Klassiker f\u00fcr die professionelle K\u00fcche. Traditionelle und klassisch. Die K\u00f6che aus der ganzen Welt vertrauen auf die Qualit\u00e4t und\" \/>\n<meta property=\"og:url\" content=\"https:\/\/dev6.erresse-shop.it\/de\/shop\/kuche\/messer\/messerbloecke\/zwilling-messerblock-bambus-professional-s-7stk\/\" \/>\n<meta property=\"og:site_name\" content=\"dev6 Erresse\" \/>\n<meta property=\"og:image\" content=\"https:\/\/interpim.erresse-shop.it\/img-catalogo\/zwilling\/zwilling-professional-s-7-1.jpg\" \/><meta property=\"og:image\" content=\"https:\/\/interpim.erresse-shop.it\/img-catalogo\/zwilling\/zwilling-professional-s-7-1.jpg\" \/>\n\t<meta property=\"og:image:width\" content=\"1024\" \/>\n\t<meta property=\"og:image:height\" content=\"1024\" \/>\n\t<meta property=\"og:image:type\" content=\"image\/jpeg\" \/>\n<meta name=\"twitter:card\" content=\"summary_large_image\" \/>\n<meta name=\"twitter:image\" content=\"https:\/\/interpim.erresse-shop.it\/img-catalogo\/zwilling\/zwilling-professional-s-7-1.jpg\" \/>\n<script type=\"application\/ld+json\" class=\"yoast-schema-graph\">{\"@context\":\"https:\/\/schema.org\",\"@graph\":[{\"@type\":\"WebPage\",\"@id\":\"https:\/\/dev6.erresse-shop.it\/de\/shop\/kuche\/messer\/messerbloecke\/zwilling-messerblock-bambus-professional-s-7stk\/\",\"url\":\"https:\/\/dev6.erresse-shop.it\/de\/shop\/kuche\/messer\/messerbloecke\/zwilling-messerblock-bambus-professional-s-7stk\/\",\"name\":\"ZWILLING Messerblock Bambus Professional S 7stk - dev6 Erresse\",\"isPartOf\":{\"@id\":\"https:\/\/dev6.erresse-shop.it\/#website\"},\"primaryImageOfPage\":{\"@id\":\"https:\/\/dev6.erresse-shop.it\/de\/shop\/kuche\/messer\/messerbloecke\/zwilling-messerblock-bambus-professional-s-7stk\/#primaryimage\"},\"image\":{\"@id\":\"https:\/\/dev6.erresse-shop.it\/de\/shop\/kuche\/messer\/messerbloecke\/zwilling-messerblock-bambus-professional-s-7stk\/#primaryimage\"},\"thumbnailUrl\":\"https:\/\/i3.wp.com\/interpim.erresse-shop.it\/img-catalogo\/zwilling\/zwilling-professional-s-7-1.jpg?ssl=1\",\"datePublished\":\"2026-04-23T06:48:49+00:00\",\"description\":\"PROFESSIONALS: Ein Klassiker f\u00fcr die professionelle K\u00fcche. Traditionelle und klassisch. Die K\u00f6che aus der ganzen Welt vertrauen auf die Qualit\u00e4t und\",\"breadcrumb\":{\"@id\":\"https:\/\/dev6.erresse-shop.it\/de\/shop\/kuche\/messer\/messerbloecke\/zwilling-messerblock-bambus-professional-s-7stk\/#breadcrumb\"},\"inLanguage\":\"de\",\"potentialAction\":[{\"@type\":\"ReadAction\",\"target\":[\"https:\/\/dev6.erresse-shop.it\/de\/shop\/kuche\/messer\/messerbloecke\/zwilling-messerblock-bambus-professional-s-7stk\/\"]}]},{\"@type\":\"ImageObject\",\"inLanguage\":\"de\",\"@id\":\"https:\/\/dev6.erresse-shop.it\/de\/shop\/kuche\/messer\/messerbloecke\/zwilling-messerblock-bambus-professional-s-7stk\/#primaryimage\",\"url\":\"https:\/\/i3.wp.com\/interpim.erresse-shop.it\/img-catalogo\/zwilling\/zwilling-professional-s-7-1.jpg?ssl=1\",\"contentUrl\":\"https:\/\/i3.wp.com\/interpim.erresse-shop.it\/img-catalogo\/zwilling\/zwilling-professional-s-7-1.jpg?ssl=1\"},{\"@type\":\"BreadcrumbList\",\"@id\":\"https:\/\/dev6.erresse-shop.it\/de\/shop\/kuche\/messer\/messerbloecke\/zwilling-messerblock-bambus-professional-s-7stk\/#breadcrumb\",\"itemListElement\":[{\"@type\":\"ListItem\",\"position\":1,\"name\":\"Home\",\"item\":\"https:\/\/dev6.erresse-shop.it\/\"},{\"@type\":\"ListItem\",\"position\":2,\"name\":\"Shop\",\"item\":\"https:\/\/dev6.erresse-shop.it\/shop\/\"},{\"@type\":\"ListItem\",\"position\":3,\"name\":\"ZWILLING Messerblock Bambus Professional S 7stk\"}]},{\"@type\":\"WebSite\",\"@id\":\"https:\/\/dev6.erresse-shop.it\/#website\",\"url\":\"https:\/\/dev6.erresse-shop.it\/\",\"name\":\"Erresse Shop\",\"description\":\"\",\"publisher\":{\"@id\":\"https:\/\/dev6.erresse-shop.it\/#organization\"},\"potentialAction\":[{\"@type\":\"SearchAction\",\"target\":{\"@type\":\"EntryPoint\",\"urlTemplate\":\"https:\/\/dev6.erresse-shop.it\/?s={search_term_string}\"},\"query-input\":{\"@type\":\"PropertyValueSpecification\",\"valueRequired\":true,\"valueName\":\"search_term_string\"}}],\"inLanguage\":\"de\"},{\"@type\":\"Organization\",\"@id\":\"https:\/\/dev6.erresse-shop.it\/#organization\",\"name\":\"Erresse Shop\",\"url\":\"https:\/\/dev6.erresse-shop.it\/\",\"logo\":{\"@type\":\"ImageObject\",\"inLanguage\":\"de\",\"@id\":\"https:\/\/dev6.erresse-shop.it\/#\/schema\/logo\/image\/\",\"url\":\"https:\/\/dev6.erresse-shop.it\/wp-content\/uploads\/2025\/01\/LOGO-ERRESSE-CLASSICO.svg\",\"contentUrl\":\"https:\/\/dev6.erresse-shop.it\/wp-content\/uploads\/2025\/01\/LOGO-ERRESSE-CLASSICO.svg\",\"caption\":\"Erresse Shop\"},\"image\":{\"@id\":\"https:\/\/dev6.erresse-shop.it\/#\/schema\/logo\/image\/\"}}]}<\/script>\n<!-- \/ Yoast SEO plugin. -->","yoast_head_json":{"title":"ZWILLING Messerblock Bambus Professional S 7stk - dev6 Erresse","description":"PROFESSIONALS: Ein Klassiker f\u00fcr die professionelle K\u00fcche. Traditionelle und klassisch. Die K\u00f6che aus der ganzen Welt vertrauen auf die Qualit\u00e4t und","robots":{"index":"noindex","follow":"follow","max-snippet":"max-snippet:-1","max-image-preview":"max-image-preview:large","max-video-preview":"max-video-preview:-1"},"og_locale":"de_DE","og_type":"article","og_title":"ZWILLING Messerblock Bambus Professional S 7stk - dev6 Erresse","og_description":"PROFESSIONALS: Ein Klassiker f\u00fcr die professionelle K\u00fcche. Traditionelle und klassisch. Die K\u00f6che aus der ganzen Welt vertrauen auf die Qualit\u00e4t und","og_url":"https:\/\/dev6.erresse-shop.it\/de\/shop\/kuche\/messer\/messerbloecke\/zwilling-messerblock-bambus-professional-s-7stk\/","og_site_name":"dev6 Erresse","og_image":[{"url":"https:\/\/interpim.erresse-shop.it\/img-catalogo\/zwilling\/zwilling-professional-s-7-1.jpg","type":"","width":"","height":""},{"url":"https:\/\/interpim.erresse-shop.it\/img-catalogo\/zwilling\/zwilling-professional-s-7-1.jpg","width":1024,"height":1024,"type":"image\/jpeg"}],"twitter_card":"summary_large_image","twitter_image":"https:\/\/interpim.erresse-shop.it\/img-catalogo\/zwilling\/zwilling-professional-s-7-1.jpg","schema":{"@context":"https:\/\/schema.org","@graph":[{"@type":"WebPage","@id":"https:\/\/dev6.erresse-shop.it\/de\/shop\/kuche\/messer\/messerbloecke\/zwilling-messerblock-bambus-professional-s-7stk\/","url":"https:\/\/dev6.erresse-shop.it\/de\/shop\/kuche\/messer\/messerbloecke\/zwilling-messerblock-bambus-professional-s-7stk\/","name":"ZWILLING Messerblock Bambus Professional S 7stk - dev6 Erresse","isPartOf":{"@id":"https:\/\/dev6.erresse-shop.it\/#website"},"primaryImageOfPage":{"@id":"https:\/\/dev6.erresse-shop.it\/de\/shop\/kuche\/messer\/messerbloecke\/zwilling-messerblock-bambus-professional-s-7stk\/#primaryimage"},"image":{"@id":"https:\/\/dev6.erresse-shop.it\/de\/shop\/kuche\/messer\/messerbloecke\/zwilling-messerblock-bambus-professional-s-7stk\/#primaryimage"},"thumbnailUrl":"https:\/\/i3.wp.com\/interpim.erresse-shop.it\/img-catalogo\/zwilling\/zwilling-professional-s-7-1.jpg?ssl=1","datePublished":"2026-04-23T06:48:49+00:00","description":"PROFESSIONALS: Ein Klassiker f\u00fcr die professionelle K\u00fcche. Traditionelle und klassisch. Die K\u00f6che aus der ganzen Welt vertrauen auf die Qualit\u00e4t und","breadcrumb":{"@id":"https:\/\/dev6.erresse-shop.it\/de\/shop\/kuche\/messer\/messerbloecke\/zwilling-messerblock-bambus-professional-s-7stk\/#breadcrumb"},"inLanguage":"de","potentialAction":[{"@type":"ReadAction","target":["https:\/\/dev6.erresse-shop.it\/de\/shop\/kuche\/messer\/messerbloecke\/zwilling-messerblock-bambus-professional-s-7stk\/"]}]},{"@type":"ImageObject","inLanguage":"de","@id":"https:\/\/dev6.erresse-shop.it\/de\/shop\/kuche\/messer\/messerbloecke\/zwilling-messerblock-bambus-professional-s-7stk\/#primaryimage","url":"https:\/\/i3.wp.com\/interpim.erresse-shop.it\/img-catalogo\/zwilling\/zwilling-professional-s-7-1.jpg?ssl=1","contentUrl":"https:\/\/i3.wp.com\/interpim.erresse-shop.it\/img-catalogo\/zwilling\/zwilling-professional-s-7-1.jpg?ssl=1"},{"@type":"BreadcrumbList","@id":"https:\/\/dev6.erresse-shop.it\/de\/shop\/kuche\/messer\/messerbloecke\/zwilling-messerblock-bambus-professional-s-7stk\/#breadcrumb","itemListElement":[{"@type":"ListItem","position":1,"name":"Home","item":"https:\/\/dev6.erresse-shop.it\/"},{"@type":"ListItem","position":2,"name":"Shop","item":"https:\/\/dev6.erresse-shop.it\/shop\/"},{"@type":"ListItem","position":3,"name":"ZWILLING Messerblock Bambus Professional S 7stk"}]},{"@type":"WebSite","@id":"https:\/\/dev6.erresse-shop.it\/#website","url":"https:\/\/dev6.erresse-shop.it\/","name":"Erresse Shop","description":"","publisher":{"@id":"https:\/\/dev6.erresse-shop.it\/#organization"},"potentialAction":[{"@type":"SearchAction","target":{"@type":"EntryPoint","urlTemplate":"https:\/\/dev6.erresse-shop.it\/?s={search_term_string}"},"query-input":{"@type":"PropertyValueSpecification","valueRequired":true,"valueName":"search_term_string"}}],"inLanguage":"de"},{"@type":"Organization","@id":"https:\/\/dev6.erresse-shop.it\/#organization","name":"Erresse Shop","url":"https:\/\/dev6.erresse-shop.it\/","logo":{"@type":"ImageObject","inLanguage":"de","@id":"https:\/\/dev6.erresse-shop.it\/#\/schema\/logo\/image\/","url":"https:\/\/dev6.erresse-shop.it\/wp-content\/uploads\/2025\/01\/LOGO-ERRESSE-CLASSICO.svg","contentUrl":"https:\/\/dev6.erresse-shop.it\/wp-content\/uploads\/2025\/01\/LOGO-ERRESSE-CLASSICO.svg","caption":"Erresse Shop"},"image":{"@id":"https:\/\/dev6.erresse-shop.it\/#\/schema\/logo\/image\/"}}]}},"df_price":219,"df_sale_price":219,"df_regular_price":329,"df_image_link":"https:\/\/i3.wp.com\/interpim.erresse-shop.it\/img-catalogo\/zwilling\/zwilling-professional-s-7-1.jpg?resize=300,300&ssl=1","fifu_image_url":"https:\/\/interpim.erresse-shop.it\/img-catalogo\/zwilling\/zwilling-professional-s-7-1.jpg","_links":{"self":[{"href":"https:\/\/dev6.erresse-shop.it\/de\/wp-json\/wp\/v2\/product\/47705","targetHints":{"allow":["GET"]}}],"collection":[{"href":"https:\/\/dev6.erresse-shop.it\/de\/wp-json\/wp\/v2\/product"}],"about":[{"href":"https:\/\/dev6.erresse-shop.it\/de\/wp-json\/wp\/v2\/types\/product"}],"wp:featuredmedia":[{"embeddable":true,"href":"https:\/\/dev6.erresse-shop.it\/de\/wp-json\/wp\/v2\/media\/6856754"}],"wp:attachment":[{"href":"https:\/\/dev6.erresse-shop.it\/de\/wp-json\/wp\/v2\/media?parent=47705"}],"wp:term":[{"taxonomy":"product_cat","embeddable":true,"href":"https:\/\/dev6.erresse-shop.it\/de\/wp-json\/wp\/v2\/product_cat?post=47705"},{"taxonomy":"product_tag","embeddable":true,"href":"https:\/\/dev6.erresse-shop.it\/de\/wp-json\/wp\/v2\/product_tag?post=47705"}],"curies":[{"name":"wp","href":"https:\/\/api.w.org\/{rel}","templated":true}]}}