{"id":47695,"date":"2026-05-04T16:41:38","date_gmt":"2026-05-04T14:41:38","guid":{"rendered":"https:\/\/dev6.erresse-shop.it\/shop\/unkategorisiert\/ninja-satz-4-dessertwannen\/"},"modified":"2025-07-03T19:23:55","modified_gmt":"2025-07-03T17:23:55","slug":"ninja-satz-4-dessertwannen","status":"publish","type":"product","link":"https:\/\/dev6.erresse-shop.it\/de\/shop\/kleine-elektrogeraete\/eismaschinen\/ninja-satz-4-dessertwannen\/","title":{"rendered":"NINJA Satz 4 Dessertwannen"},"content":{"rendered":"<p>Mit der Ninja Eismaschine kompatible Dessertbecher<\/p>\n<p>F\u00fcllen Sie einfach einen Dessertbecher mit Zutaten, stellen Sie ihn f\u00fcr 24 Stunden in den Gefrierschrank und schlagen Sie ihn dann in nur wenigen Minuten in Ihrem Ninja Ice Cream Maker NC300EU zu einem perfekten Ergebnis auf.<\/p>\n<p>Genie\u00dfen Sie es sofort, um ein glattes und weiches Produkt zu erhalten, oder bewahren Sie es im Gefrierfach auf, um es sp\u00e4ter zu genie\u00dfen.<\/p>\n<p>Mit einem zus\u00e4tzlichen Set von Bechern und Deckeln k\u00f6nnen Sie noch mehr Geschmacksrichtungen kreieren und aufbewahren, damit die ganze Familie sie genie\u00dfen kann.<\/p>\n","protected":false},"excerpt":{"rendered":"<p>Mit der Ninja Eismaschine kompatible Dessertbecher F\u00fcllen Sie einfach einen Dessertbecher mit Zutaten, stellen Sie ihn f\u00fcr 24 Stunden in den Gefrierschrank und schlagen Sie ihn dann in nur wenigen Minuten in Ihrem Ninja Ice Cream Maker NC300EU zu einem perfekten Ergebnis auf. Genie\u00dfen Sie es sofort, um ein glattes und weiches Produkt zu erhalten, [&hellip;]<\/p>\n","protected":false},"featured_media":6978136,"template":"","meta":{"_acf_changed":false},"product_cat":[12170,11738,12163],"product_tag":[],"class_list":{"0":"post-47695","1":"product","2":"type-product","3":"status-publish","4":"has-post-thumbnail","6":"product_cat-eismaschinen","7":"product_cat-gelatiere","8":"product_cat-kleine-elektrogeraete","10":"first","11":"instock","12":"taxable","13":"shipping-taxable","14":"purchasable","15":"product-type-simple","swatches":"rey-swatches","show_selected":"","stretch_labels":"rey-swatches--stretch-labels"},"acf":[],"yoast_head":"<!-- This site is optimized with the Yoast SEO plugin v25.4 - https:\/\/yoast.com\/wordpress\/plugins\/seo\/ -->\n<title>NINJA Satz 4 Dessertwannen - dev6 Erresse<\/title>\n<meta name=\"description\" content=\"Mit der Ninja Eismaschine kompatible Dessertbecher F\u00fcllen Sie einfach einen Dessertbecher mit Zutaten, stellen Sie ihn f\u00fcr 24 Stunden in den\" \/>\n<meta name=\"robots\" content=\"noindex, follow, max-snippet:-1, max-image-preview:large, max-video-preview:-1\" \/>\n<meta property=\"og:locale\" content=\"de_DE\" \/>\n<meta property=\"og:type\" content=\"article\" \/>\n<meta property=\"og:title\" content=\"NINJA Satz 4 Dessertwannen - dev6 Erresse\" \/>\n<meta property=\"og:description\" content=\"Mit der Ninja Eismaschine kompatible Dessertbecher F\u00fcllen Sie einfach einen Dessertbecher mit Zutaten, stellen Sie ihn f\u00fcr 24 Stunden in den\" \/>\n<meta property=\"og:url\" content=\"https:\/\/dev6.erresse-shop.it\/de\/shop\/kleine-elektrogeraete\/eismaschinen\/ninja-satz-4-dessertwannen\/\" \/>\n<meta property=\"og:site_name\" content=\"dev6 Erresse\" \/>\n<meta property=\"og:image\" content=\"https:\/\/interpim.erresse-shop.it\/Import\/Prodotti\/ninja-set-4-cestelli-per-dessert.jpg\" \/><meta property=\"og:image\" content=\"https:\/\/interpim.erresse-shop.it\/Import\/Prodotti\/ninja-set-4-cestelli-per-dessert.jpg\" \/>\n\t<meta property=\"og:image:width\" content=\"1024\" \/>\n\t<meta property=\"og:image:height\" content=\"1024\" \/>\n\t<meta property=\"og:image:type\" content=\"image\/jpeg\" \/>\n<meta name=\"twitter:card\" content=\"summary_large_image\" \/>\n<meta name=\"twitter:image\" content=\"https:\/\/interpim.erresse-shop.it\/Import\/Prodotti\/ninja-set-4-cestelli-per-dessert.jpg\" \/>\n<script type=\"application\/ld+json\" class=\"yoast-schema-graph\">{\"@context\":\"https:\/\/schema.org\",\"@graph\":[{\"@type\":\"WebPage\",\"@id\":\"https:\/\/dev6.erresse-shop.it\/de\/shop\/kleine-elektrogeraete\/eismaschinen\/ninja-satz-4-dessertwannen\/\",\"url\":\"https:\/\/dev6.erresse-shop.it\/de\/shop\/kleine-elektrogeraete\/eismaschinen\/ninja-satz-4-dessertwannen\/\",\"name\":\"NINJA Satz 4 Dessertwannen - dev6 Erresse\",\"isPartOf\":{\"@id\":\"https:\/\/dev6.erresse-shop.it\/#website\"},\"primaryImageOfPage\":{\"@id\":\"https:\/\/dev6.erresse-shop.it\/de\/shop\/kleine-elektrogeraete\/eismaschinen\/ninja-satz-4-dessertwannen\/#primaryimage\"},\"image\":{\"@id\":\"https:\/\/dev6.erresse-shop.it\/de\/shop\/kleine-elektrogeraete\/eismaschinen\/ninja-satz-4-dessertwannen\/#primaryimage\"},\"thumbnailUrl\":\"https:\/\/i1.wp.com\/interpim.erresse-shop.it\/Import\/Prodotti\/ninja-set-4-cestelli-per-dessert.jpg?ssl=1\",\"datePublished\":\"2026-05-04T14:41:38+00:00\",\"description\":\"Mit der Ninja Eismaschine kompatible Dessertbecher F\u00fcllen Sie einfach einen Dessertbecher mit Zutaten, stellen Sie ihn f\u00fcr 24 Stunden in den\",\"breadcrumb\":{\"@id\":\"https:\/\/dev6.erresse-shop.it\/de\/shop\/kleine-elektrogeraete\/eismaschinen\/ninja-satz-4-dessertwannen\/#breadcrumb\"},\"inLanguage\":\"de\",\"potentialAction\":[{\"@type\":\"ReadAction\",\"target\":[\"https:\/\/dev6.erresse-shop.it\/de\/shop\/kleine-elektrogeraete\/eismaschinen\/ninja-satz-4-dessertwannen\/\"]}]},{\"@type\":\"ImageObject\",\"inLanguage\":\"de\",\"@id\":\"https:\/\/dev6.erresse-shop.it\/de\/shop\/kleine-elektrogeraete\/eismaschinen\/ninja-satz-4-dessertwannen\/#primaryimage\",\"url\":\"https:\/\/i1.wp.com\/interpim.erresse-shop.it\/Import\/Prodotti\/ninja-set-4-cestelli-per-dessert.jpg?ssl=1\",\"contentUrl\":\"https:\/\/i1.wp.com\/interpim.erresse-shop.it\/Import\/Prodotti\/ninja-set-4-cestelli-per-dessert.jpg?ssl=1\"},{\"@type\":\"BreadcrumbList\",\"@id\":\"https:\/\/dev6.erresse-shop.it\/de\/shop\/kleine-elektrogeraete\/eismaschinen\/ninja-satz-4-dessertwannen\/#breadcrumb\",\"itemListElement\":[{\"@type\":\"ListItem\",\"position\":1,\"name\":\"Home\",\"item\":\"https:\/\/dev6.erresse-shop.it\/\"},{\"@type\":\"ListItem\",\"position\":2,\"name\":\"Shop\",\"item\":\"https:\/\/dev6.erresse-shop.it\/shop\/\"},{\"@type\":\"ListItem\",\"position\":3,\"name\":\"NINJA Satz 4 Dessertwannen\"}]},{\"@type\":\"WebSite\",\"@id\":\"https:\/\/dev6.erresse-shop.it\/#website\",\"url\":\"https:\/\/dev6.erresse-shop.it\/\",\"name\":\"Erresse Shop\",\"description\":\"\",\"publisher\":{\"@id\":\"https:\/\/dev6.erresse-shop.it\/#organization\"},\"potentialAction\":[{\"@type\":\"SearchAction\",\"target\":{\"@type\":\"EntryPoint\",\"urlTemplate\":\"https:\/\/dev6.erresse-shop.it\/?s={search_term_string}\"},\"query-input\":{\"@type\":\"PropertyValueSpecification\",\"valueRequired\":true,\"valueName\":\"search_term_string\"}}],\"inLanguage\":\"de\"},{\"@type\":\"Organization\",\"@id\":\"https:\/\/dev6.erresse-shop.it\/#organization\",\"name\":\"Erresse Shop\",\"url\":\"https:\/\/dev6.erresse-shop.it\/\",\"logo\":{\"@type\":\"ImageObject\",\"inLanguage\":\"de\",\"@id\":\"https:\/\/dev6.erresse-shop.it\/#\/schema\/logo\/image\/\",\"url\":\"https:\/\/dev6.erresse-shop.it\/wp-content\/uploads\/2025\/01\/LOGO-ERRESSE-CLASSICO.svg\",\"contentUrl\":\"https:\/\/dev6.erresse-shop.it\/wp-content\/uploads\/2025\/01\/LOGO-ERRESSE-CLASSICO.svg\",\"caption\":\"Erresse Shop\"},\"image\":{\"@id\":\"https:\/\/dev6.erresse-shop.it\/#\/schema\/logo\/image\/\"}}]}<\/script>\n<!-- \/ Yoast SEO plugin. -->","yoast_head_json":{"title":"NINJA Satz 4 Dessertwannen - dev6 Erresse","description":"Mit der Ninja Eismaschine kompatible Dessertbecher F\u00fcllen Sie einfach einen Dessertbecher mit Zutaten, stellen Sie ihn f\u00fcr 24 Stunden in den","robots":{"index":"noindex","follow":"follow","max-snippet":"max-snippet:-1","max-image-preview":"max-image-preview:large","max-video-preview":"max-video-preview:-1"},"og_locale":"de_DE","og_type":"article","og_title":"NINJA Satz 4 Dessertwannen - dev6 Erresse","og_description":"Mit der Ninja Eismaschine kompatible Dessertbecher F\u00fcllen Sie einfach einen Dessertbecher mit Zutaten, stellen Sie ihn f\u00fcr 24 Stunden in den","og_url":"https:\/\/dev6.erresse-shop.it\/de\/shop\/kleine-elektrogeraete\/eismaschinen\/ninja-satz-4-dessertwannen\/","og_site_name":"dev6 Erresse","og_image":[{"url":"https:\/\/interpim.erresse-shop.it\/Import\/Prodotti\/ninja-set-4-cestelli-per-dessert.jpg","type":"","width":"","height":""},{"url":"https:\/\/interpim.erresse-shop.it\/Import\/Prodotti\/ninja-set-4-cestelli-per-dessert.jpg","width":1024,"height":1024,"type":"image\/jpeg"}],"twitter_card":"summary_large_image","twitter_image":"https:\/\/interpim.erresse-shop.it\/Import\/Prodotti\/ninja-set-4-cestelli-per-dessert.jpg","schema":{"@context":"https:\/\/schema.org","@graph":[{"@type":"WebPage","@id":"https:\/\/dev6.erresse-shop.it\/de\/shop\/kleine-elektrogeraete\/eismaschinen\/ninja-satz-4-dessertwannen\/","url":"https:\/\/dev6.erresse-shop.it\/de\/shop\/kleine-elektrogeraete\/eismaschinen\/ninja-satz-4-dessertwannen\/","name":"NINJA Satz 4 Dessertwannen - dev6 Erresse","isPartOf":{"@id":"https:\/\/dev6.erresse-shop.it\/#website"},"primaryImageOfPage":{"@id":"https:\/\/dev6.erresse-shop.it\/de\/shop\/kleine-elektrogeraete\/eismaschinen\/ninja-satz-4-dessertwannen\/#primaryimage"},"image":{"@id":"https:\/\/dev6.erresse-shop.it\/de\/shop\/kleine-elektrogeraete\/eismaschinen\/ninja-satz-4-dessertwannen\/#primaryimage"},"thumbnailUrl":"https:\/\/i1.wp.com\/interpim.erresse-shop.it\/Import\/Prodotti\/ninja-set-4-cestelli-per-dessert.jpg?ssl=1","datePublished":"2026-05-04T14:41:38+00:00","description":"Mit der Ninja Eismaschine kompatible Dessertbecher F\u00fcllen Sie einfach einen Dessertbecher mit Zutaten, stellen Sie ihn f\u00fcr 24 Stunden in den","breadcrumb":{"@id":"https:\/\/dev6.erresse-shop.it\/de\/shop\/kleine-elektrogeraete\/eismaschinen\/ninja-satz-4-dessertwannen\/#breadcrumb"},"inLanguage":"de","potentialAction":[{"@type":"ReadAction","target":["https:\/\/dev6.erresse-shop.it\/de\/shop\/kleine-elektrogeraete\/eismaschinen\/ninja-satz-4-dessertwannen\/"]}]},{"@type":"ImageObject","inLanguage":"de","@id":"https:\/\/dev6.erresse-shop.it\/de\/shop\/kleine-elektrogeraete\/eismaschinen\/ninja-satz-4-dessertwannen\/#primaryimage","url":"https:\/\/i1.wp.com\/interpim.erresse-shop.it\/Import\/Prodotti\/ninja-set-4-cestelli-per-dessert.jpg?ssl=1","contentUrl":"https:\/\/i1.wp.com\/interpim.erresse-shop.it\/Import\/Prodotti\/ninja-set-4-cestelli-per-dessert.jpg?ssl=1"},{"@type":"BreadcrumbList","@id":"https:\/\/dev6.erresse-shop.it\/de\/shop\/kleine-elektrogeraete\/eismaschinen\/ninja-satz-4-dessertwannen\/#breadcrumb","itemListElement":[{"@type":"ListItem","position":1,"name":"Home","item":"https:\/\/dev6.erresse-shop.it\/"},{"@type":"ListItem","position":2,"name":"Shop","item":"https:\/\/dev6.erresse-shop.it\/shop\/"},{"@type":"ListItem","position":3,"name":"NINJA Satz 4 Dessertwannen"}]},{"@type":"WebSite","@id":"https:\/\/dev6.erresse-shop.it\/#website","url":"https:\/\/dev6.erresse-shop.it\/","name":"Erresse Shop","description":"","publisher":{"@id":"https:\/\/dev6.erresse-shop.it\/#organization"},"potentialAction":[{"@type":"SearchAction","target":{"@type":"EntryPoint","urlTemplate":"https:\/\/dev6.erresse-shop.it\/?s={search_term_string}"},"query-input":{"@type":"PropertyValueSpecification","valueRequired":true,"valueName":"search_term_string"}}],"inLanguage":"de"},{"@type":"Organization","@id":"https:\/\/dev6.erresse-shop.it\/#organization","name":"Erresse Shop","url":"https:\/\/dev6.erresse-shop.it\/","logo":{"@type":"ImageObject","inLanguage":"de","@id":"https:\/\/dev6.erresse-shop.it\/#\/schema\/logo\/image\/","url":"https:\/\/dev6.erresse-shop.it\/wp-content\/uploads\/2025\/01\/LOGO-ERRESSE-CLASSICO.svg","contentUrl":"https:\/\/dev6.erresse-shop.it\/wp-content\/uploads\/2025\/01\/LOGO-ERRESSE-CLASSICO.svg","caption":"Erresse Shop"},"image":{"@id":"https:\/\/dev6.erresse-shop.it\/#\/schema\/logo\/image\/"}}]}},"df_price":24.99,"df_sale_price":"","df_regular_price":24.99,"df_image_link":"https:\/\/i1.wp.com\/interpim.erresse-shop.it\/Import\/Prodotti\/ninja-set-4-cestelli-per-dessert.jpg?resize=300,300&ssl=1","fifu_image_url":"https:\/\/interpim.erresse-shop.it\/Import\/Prodotti\/ninja-set-4-cestelli-per-dessert.jpg","_links":{"self":[{"href":"https:\/\/dev6.erresse-shop.it\/de\/wp-json\/wp\/v2\/product\/47695","targetHints":{"allow":["GET"]}}],"collection":[{"href":"https:\/\/dev6.erresse-shop.it\/de\/wp-json\/wp\/v2\/product"}],"about":[{"href":"https:\/\/dev6.erresse-shop.it\/de\/wp-json\/wp\/v2\/types\/product"}],"wp:featuredmedia":[{"embeddable":true,"href":"https:\/\/dev6.erresse-shop.it\/de\/wp-json\/wp\/v2\/media\/6978136"}],"wp:attachment":[{"href":"https:\/\/dev6.erresse-shop.it\/de\/wp-json\/wp\/v2\/media?parent=47695"}],"wp:term":[{"taxonomy":"product_cat","embeddable":true,"href":"https:\/\/dev6.erresse-shop.it\/de\/wp-json\/wp\/v2\/product_cat?post=47695"},{"taxonomy":"product_tag","embeddable":true,"href":"https:\/\/dev6.erresse-shop.it\/de\/wp-json\/wp\/v2\/product_tag?post=47695"}],"curies":[{"name":"wp","href":"https:\/\/api.w.org\/{rel}","templated":true}]}}