{"id":47681,"date":"2026-04-10T08:42:31","date_gmt":"2026-04-10T06:42:31","guid":{"rendered":"https:\/\/dev6.erresse-shop.it\/shop\/unkategorisiert\/ninja-creami-eismaschine\/"},"modified":"2025-07-03T19:23:45","modified_gmt":"2025-07-03T17:23:45","slug":"ninja-creami-eismaschine","status":"publish","type":"product","link":"https:\/\/dev6.erresse-shop.it\/de\/shop\/kleine-elektrogeraete\/eismaschinen\/ninja-creami-eismaschine\/","title":{"rendered":"NINJA Creami Eismaschine"},"content":{"rendered":"<p>Eismaschine mit 7 \u00fcber den Touchscreen ausw\u00e4hlbaren Programmen: Eiscreme, italienisches handwerklich hergestelltes Eis, Sorbet, Smoothie-Bowl, leichtes Eis, Milchshake und zus\u00e4tzliche Zus\u00e4tze. Sp\u00fclmaschinenfestes Zubeh\u00f6r. Enth\u00e4lt 3 K\u00f6rbe f\u00fcr die Zubereitung von bis zu 1,4 l leckerem Gelato.<br \/>\nKreieren Sie k\u00f6stliche hausgemachte Leckereien ganz nach Ihrem Geschmack. Genie\u00dfen Sie \u00fcberragende Eiscremes, cremige Eissorten, fantastische Milchshakes, Beerensorbets, gefrorenen Joghurt, Smoothie-Bowls ohne Schuldgef\u00fchle und vieles mehr.<br \/>\nF\u00fcllen Sie einfach die Zutaten in den Korb, frieren Sie sie 24 Stunden lang ein und r\u00fchren Sie sie dann in wenigen Minuten zur Perfektion. \u00dcbertrieben, zuckerarm, milchfrei oder vegan \u2013 Sie haben die Wahl!<br \/>\nVerwenden Sie das Extra-Programm, um Ihre Leckerei individuell zu gestalten, und verteilen Sie Schokoladenst\u00fcckchen, Bonbons, Haseln\u00fcsse und zerbr\u00f6selte Kekse mit Pr\u00e4zision und Kontrolle gleichm\u00e4\u00dfig im Korb.<br \/>\nMehr als nur Eiscreme: Mit den 6 voreingestellten Programmen k\u00f6nnen Sie Getr\u00e4nke, Desserts und Leckereien f\u00fcr jede Tageszeit zubereiten: Eiscreme, handwerkliche Eiscreme, Sorbet, Smoothie Bowl, leichte Eiscreme und Milchshake.<br \/>\nDie abnehmbaren Teile sind sp\u00fclmaschinenfest und lassen sich leicht reinigen.<\/p>\n<p>DATENBLATT:<\/p>\n<p>Farbe: Schwarz\/Grau<\/p>\n<p>Produktgewicht: 6,4 kg<\/p>\n<p>Garantie: 2 Jahre<\/p>\n<p>Anti-Rutsch-F\u00fc\u00dfe: ja<\/p>\n<p>Produktabmessungen (cm): H 40,5 cm X B 16,5 cm X T 27 cm<\/p>\n<p>Programme\/Funktionen:<\/p>\n<p>1. Eiscreme<\/p>\n<p>2. Gelato light<\/p>\n<p>3. Handwerklich hergestelltes Speiseeis<\/p>\n<p>4. Sorbet<\/p>\n<p>5. Smoothie-Schale<\/p>\n<p>6. Milchshake<\/p>\n<p>BESTEHT AUS:<\/p>\n<p>800 W Motorbasis<\/p>\n<p>3 x Dessert-K\u00f6rbe mit Deckeln<\/p>\n<p>1 x \u00c4u\u00dferer Beh\u00e4lter und Deckel<\/p>\n<p>1 x R\u00fchrquirl<\/p>\n<p>Nicht zum Verkauf au\u00dferhalb Europas<\/p>\n","protected":false},"excerpt":{"rendered":"<p>Eismaschine mit 7 \u00fcber den Touchscreen ausw\u00e4hlbaren Programmen: Eiscreme, italienisches handwerklich hergestelltes Eis, Sorbet, Smoothie-Bowl, leichtes Eis, Milchshake und zus\u00e4tzliche Zus\u00e4tze. Sp\u00fclmaschinenfestes Zubeh\u00f6r. Enth\u00e4lt 3 K\u00f6rbe f\u00fcr die Zubereitung von bis zu 1,4 l leckerem Gelato. Kreieren Sie k\u00f6stliche hausgemachte Leckereien ganz nach Ihrem Geschmack. Genie\u00dfen Sie \u00fcberragende Eiscremes, cremige Eissorten, fantastische Milchshakes, Beerensorbets, gefrorenen [&hellip;]<\/p>\n","protected":false},"featured_media":6298615,"template":"","meta":{"_acf_changed":false},"product_cat":[12170,11738,12163],"product_tag":[],"class_list":{"0":"post-47681","1":"product","2":"type-product","3":"status-publish","4":"has-post-thumbnail","6":"product_cat-eismaschinen","7":"product_cat-gelatiere","8":"product_cat-kleine-elektrogeraete","10":"first","11":"instock","12":"taxable","13":"shipping-taxable","14":"purchasable","15":"product-type-simple","swatches":"rey-swatches","show_selected":"","stretch_labels":"rey-swatches--stretch-labels"},"acf":[],"yoast_head":"<!-- This site is optimized with the Yoast SEO plugin v25.4 - https:\/\/yoast.com\/wordpress\/plugins\/seo\/ -->\n<title>NINJA Creami Eismaschine - dev6 Erresse<\/title>\n<meta name=\"description\" content=\"Eismaschine mit 7 \u00fcber den Touchscreen ausw\u00e4hlbaren Programmen: Eiscreme, italienisches handwerklich hergestelltes Eis, Sorbet, Smoothie-Bowl, leichtes\" \/>\n<meta name=\"robots\" content=\"noindex, follow, max-snippet:-1, max-image-preview:large, max-video-preview:-1\" \/>\n<meta property=\"og:locale\" content=\"de_DE\" \/>\n<meta property=\"og:type\" content=\"article\" \/>\n<meta property=\"og:title\" content=\"NINJA Creami Eismaschine - dev6 Erresse\" \/>\n<meta property=\"og:description\" content=\"Eismaschine mit 7 \u00fcber den Touchscreen ausw\u00e4hlbaren Programmen: Eiscreme, italienisches handwerklich hergestelltes Eis, Sorbet, Smoothie-Bowl, leichtes\" \/>\n<meta property=\"og:url\" content=\"https:\/\/dev6.erresse-shop.it\/de\/shop\/kleine-elektrogeraete\/eismaschinen\/ninja-creami-eismaschine\/\" \/>\n<meta property=\"og:site_name\" content=\"dev6 Erresse\" \/>\n<meta property=\"og:image\" content=\"https:\/\/interpim.erresse-shop.it\/wp-content\/uploads\/2024\/03\/NINJA-Creami-Gelatiera.jpg\/ninja-creami-gelatiera.jpg\" \/><meta property=\"og:image\" content=\"https:\/\/interpim.erresse-shop.it\/wp-content\/uploads\/2024\/03\/NINJA-Creami-Gelatiera.jpg\/ninja-creami-gelatiera.jpg\" \/>\n\t<meta property=\"og:image:width\" content=\"1024\" \/>\n\t<meta property=\"og:image:height\" content=\"1024\" \/>\n\t<meta property=\"og:image:type\" content=\"image\/jpeg\" \/>\n<meta name=\"twitter:card\" content=\"summary_large_image\" \/>\n<meta name=\"twitter:image\" content=\"https:\/\/interpim.erresse-shop.it\/wp-content\/uploads\/2024\/03\/NINJA-Creami-Gelatiera.jpg\/ninja-creami-gelatiera.jpg\" \/>\n<script type=\"application\/ld+json\" class=\"yoast-schema-graph\">{\"@context\":\"https:\/\/schema.org\",\"@graph\":[{\"@type\":\"WebPage\",\"@id\":\"https:\/\/dev6.erresse-shop.it\/de\/shop\/kleine-elektrogeraete\/eismaschinen\/ninja-creami-eismaschine\/\",\"url\":\"https:\/\/dev6.erresse-shop.it\/de\/shop\/kleine-elektrogeraete\/eismaschinen\/ninja-creami-eismaschine\/\",\"name\":\"NINJA Creami Eismaschine - dev6 Erresse\",\"isPartOf\":{\"@id\":\"https:\/\/dev6.erresse-shop.it\/#website\"},\"primaryImageOfPage\":{\"@id\":\"https:\/\/dev6.erresse-shop.it\/de\/shop\/kleine-elektrogeraete\/eismaschinen\/ninja-creami-eismaschine\/#primaryimage\"},\"image\":{\"@id\":\"https:\/\/dev6.erresse-shop.it\/de\/shop\/kleine-elektrogeraete\/eismaschinen\/ninja-creami-eismaschine\/#primaryimage\"},\"thumbnailUrl\":\"https:\/\/i0.wp.com\/interpim.erresse-shop.it\/wp-content\/uploads\/2024\/03\/NINJA-Creami-Gelatiera.jpg\/ninja-creami-gelatiera.jpg?ssl=1\",\"datePublished\":\"2026-04-10T06:42:31+00:00\",\"description\":\"Eismaschine mit 7 \u00fcber den Touchscreen ausw\u00e4hlbaren Programmen: Eiscreme, italienisches handwerklich hergestelltes Eis, Sorbet, Smoothie-Bowl, leichtes\",\"breadcrumb\":{\"@id\":\"https:\/\/dev6.erresse-shop.it\/de\/shop\/kleine-elektrogeraete\/eismaschinen\/ninja-creami-eismaschine\/#breadcrumb\"},\"inLanguage\":\"de\",\"potentialAction\":[{\"@type\":\"ReadAction\",\"target\":[\"https:\/\/dev6.erresse-shop.it\/de\/shop\/kleine-elektrogeraete\/eismaschinen\/ninja-creami-eismaschine\/\"]}]},{\"@type\":\"ImageObject\",\"inLanguage\":\"de\",\"@id\":\"https:\/\/dev6.erresse-shop.it\/de\/shop\/kleine-elektrogeraete\/eismaschinen\/ninja-creami-eismaschine\/#primaryimage\",\"url\":\"https:\/\/i0.wp.com\/interpim.erresse-shop.it\/wp-content\/uploads\/2024\/03\/NINJA-Creami-Gelatiera.jpg\/ninja-creami-gelatiera.jpg?ssl=1\",\"contentUrl\":\"https:\/\/i0.wp.com\/interpim.erresse-shop.it\/wp-content\/uploads\/2024\/03\/NINJA-Creami-Gelatiera.jpg\/ninja-creami-gelatiera.jpg?ssl=1\"},{\"@type\":\"BreadcrumbList\",\"@id\":\"https:\/\/dev6.erresse-shop.it\/de\/shop\/kleine-elektrogeraete\/eismaschinen\/ninja-creami-eismaschine\/#breadcrumb\",\"itemListElement\":[{\"@type\":\"ListItem\",\"position\":1,\"name\":\"Home\",\"item\":\"https:\/\/dev6.erresse-shop.it\/\"},{\"@type\":\"ListItem\",\"position\":2,\"name\":\"Shop\",\"item\":\"https:\/\/dev6.erresse-shop.it\/shop\/\"},{\"@type\":\"ListItem\",\"position\":3,\"name\":\"NINJA Creami Eismaschine\"}]},{\"@type\":\"WebSite\",\"@id\":\"https:\/\/dev6.erresse-shop.it\/#website\",\"url\":\"https:\/\/dev6.erresse-shop.it\/\",\"name\":\"Erresse Shop\",\"description\":\"\",\"publisher\":{\"@id\":\"https:\/\/dev6.erresse-shop.it\/#organization\"},\"potentialAction\":[{\"@type\":\"SearchAction\",\"target\":{\"@type\":\"EntryPoint\",\"urlTemplate\":\"https:\/\/dev6.erresse-shop.it\/?s={search_term_string}\"},\"query-input\":{\"@type\":\"PropertyValueSpecification\",\"valueRequired\":true,\"valueName\":\"search_term_string\"}}],\"inLanguage\":\"de\"},{\"@type\":\"Organization\",\"@id\":\"https:\/\/dev6.erresse-shop.it\/#organization\",\"name\":\"Erresse Shop\",\"url\":\"https:\/\/dev6.erresse-shop.it\/\",\"logo\":{\"@type\":\"ImageObject\",\"inLanguage\":\"de\",\"@id\":\"https:\/\/dev6.erresse-shop.it\/#\/schema\/logo\/image\/\",\"url\":\"https:\/\/dev6.erresse-shop.it\/wp-content\/uploads\/2025\/01\/LOGO-ERRESSE-CLASSICO.svg\",\"contentUrl\":\"https:\/\/dev6.erresse-shop.it\/wp-content\/uploads\/2025\/01\/LOGO-ERRESSE-CLASSICO.svg\",\"caption\":\"Erresse Shop\"},\"image\":{\"@id\":\"https:\/\/dev6.erresse-shop.it\/#\/schema\/logo\/image\/\"}}]}<\/script>\n<!-- \/ Yoast SEO plugin. -->","yoast_head_json":{"title":"NINJA Creami Eismaschine - dev6 Erresse","description":"Eismaschine mit 7 \u00fcber den Touchscreen ausw\u00e4hlbaren Programmen: Eiscreme, italienisches handwerklich hergestelltes Eis, Sorbet, Smoothie-Bowl, leichtes","robots":{"index":"noindex","follow":"follow","max-snippet":"max-snippet:-1","max-image-preview":"max-image-preview:large","max-video-preview":"max-video-preview:-1"},"og_locale":"de_DE","og_type":"article","og_title":"NINJA Creami Eismaschine - dev6 Erresse","og_description":"Eismaschine mit 7 \u00fcber den Touchscreen ausw\u00e4hlbaren Programmen: Eiscreme, italienisches handwerklich hergestelltes Eis, Sorbet, Smoothie-Bowl, leichtes","og_url":"https:\/\/dev6.erresse-shop.it\/de\/shop\/kleine-elektrogeraete\/eismaschinen\/ninja-creami-eismaschine\/","og_site_name":"dev6 Erresse","og_image":[{"url":"https:\/\/interpim.erresse-shop.it\/wp-content\/uploads\/2024\/03\/NINJA-Creami-Gelatiera.jpg\/ninja-creami-gelatiera.jpg","type":"","width":"","height":""},{"url":"https:\/\/interpim.erresse-shop.it\/wp-content\/uploads\/2024\/03\/NINJA-Creami-Gelatiera.jpg\/ninja-creami-gelatiera.jpg","width":1024,"height":1024,"type":"image\/jpeg"}],"twitter_card":"summary_large_image","twitter_image":"https:\/\/interpim.erresse-shop.it\/wp-content\/uploads\/2024\/03\/NINJA-Creami-Gelatiera.jpg\/ninja-creami-gelatiera.jpg","schema":{"@context":"https:\/\/schema.org","@graph":[{"@type":"WebPage","@id":"https:\/\/dev6.erresse-shop.it\/de\/shop\/kleine-elektrogeraete\/eismaschinen\/ninja-creami-eismaschine\/","url":"https:\/\/dev6.erresse-shop.it\/de\/shop\/kleine-elektrogeraete\/eismaschinen\/ninja-creami-eismaschine\/","name":"NINJA Creami Eismaschine - dev6 Erresse","isPartOf":{"@id":"https:\/\/dev6.erresse-shop.it\/#website"},"primaryImageOfPage":{"@id":"https:\/\/dev6.erresse-shop.it\/de\/shop\/kleine-elektrogeraete\/eismaschinen\/ninja-creami-eismaschine\/#primaryimage"},"image":{"@id":"https:\/\/dev6.erresse-shop.it\/de\/shop\/kleine-elektrogeraete\/eismaschinen\/ninja-creami-eismaschine\/#primaryimage"},"thumbnailUrl":"https:\/\/i0.wp.com\/interpim.erresse-shop.it\/wp-content\/uploads\/2024\/03\/NINJA-Creami-Gelatiera.jpg\/ninja-creami-gelatiera.jpg?ssl=1","datePublished":"2026-04-10T06:42:31+00:00","description":"Eismaschine mit 7 \u00fcber den Touchscreen ausw\u00e4hlbaren Programmen: Eiscreme, italienisches handwerklich hergestelltes Eis, Sorbet, Smoothie-Bowl, leichtes","breadcrumb":{"@id":"https:\/\/dev6.erresse-shop.it\/de\/shop\/kleine-elektrogeraete\/eismaschinen\/ninja-creami-eismaschine\/#breadcrumb"},"inLanguage":"de","potentialAction":[{"@type":"ReadAction","target":["https:\/\/dev6.erresse-shop.it\/de\/shop\/kleine-elektrogeraete\/eismaschinen\/ninja-creami-eismaschine\/"]}]},{"@type":"ImageObject","inLanguage":"de","@id":"https:\/\/dev6.erresse-shop.it\/de\/shop\/kleine-elektrogeraete\/eismaschinen\/ninja-creami-eismaschine\/#primaryimage","url":"https:\/\/i0.wp.com\/interpim.erresse-shop.it\/wp-content\/uploads\/2024\/03\/NINJA-Creami-Gelatiera.jpg\/ninja-creami-gelatiera.jpg?ssl=1","contentUrl":"https:\/\/i0.wp.com\/interpim.erresse-shop.it\/wp-content\/uploads\/2024\/03\/NINJA-Creami-Gelatiera.jpg\/ninja-creami-gelatiera.jpg?ssl=1"},{"@type":"BreadcrumbList","@id":"https:\/\/dev6.erresse-shop.it\/de\/shop\/kleine-elektrogeraete\/eismaschinen\/ninja-creami-eismaschine\/#breadcrumb","itemListElement":[{"@type":"ListItem","position":1,"name":"Home","item":"https:\/\/dev6.erresse-shop.it\/"},{"@type":"ListItem","position":2,"name":"Shop","item":"https:\/\/dev6.erresse-shop.it\/shop\/"},{"@type":"ListItem","position":3,"name":"NINJA Creami Eismaschine"}]},{"@type":"WebSite","@id":"https:\/\/dev6.erresse-shop.it\/#website","url":"https:\/\/dev6.erresse-shop.it\/","name":"Erresse Shop","description":"","publisher":{"@id":"https:\/\/dev6.erresse-shop.it\/#organization"},"potentialAction":[{"@type":"SearchAction","target":{"@type":"EntryPoint","urlTemplate":"https:\/\/dev6.erresse-shop.it\/?s={search_term_string}"},"query-input":{"@type":"PropertyValueSpecification","valueRequired":true,"valueName":"search_term_string"}}],"inLanguage":"de"},{"@type":"Organization","@id":"https:\/\/dev6.erresse-shop.it\/#organization","name":"Erresse Shop","url":"https:\/\/dev6.erresse-shop.it\/","logo":{"@type":"ImageObject","inLanguage":"de","@id":"https:\/\/dev6.erresse-shop.it\/#\/schema\/logo\/image\/","url":"https:\/\/dev6.erresse-shop.it\/wp-content\/uploads\/2025\/01\/LOGO-ERRESSE-CLASSICO.svg","contentUrl":"https:\/\/dev6.erresse-shop.it\/wp-content\/uploads\/2025\/01\/LOGO-ERRESSE-CLASSICO.svg","caption":"Erresse Shop"},"image":{"@id":"https:\/\/dev6.erresse-shop.it\/#\/schema\/logo\/image\/"}}]}},"df_price":229.99,"df_sale_price":"","df_regular_price":229.99,"df_image_link":"https:\/\/i0.wp.com\/interpim.erresse-shop.it\/wp-content\/uploads\/2024\/03\/NINJA-Creami-Gelatiera.jpg\/ninja-creami-gelatiera.jpg?resize=300,300&ssl=1","fifu_image_url":"https:\/\/interpim.erresse-shop.it\/wp-content\/uploads\/2024\/03\/NINJA-Creami-Gelatiera.jpg\/ninja-creami-gelatiera.jpg","_links":{"self":[{"href":"https:\/\/dev6.erresse-shop.it\/de\/wp-json\/wp\/v2\/product\/47681","targetHints":{"allow":["GET"]}}],"collection":[{"href":"https:\/\/dev6.erresse-shop.it\/de\/wp-json\/wp\/v2\/product"}],"about":[{"href":"https:\/\/dev6.erresse-shop.it\/de\/wp-json\/wp\/v2\/types\/product"}],"wp:featuredmedia":[{"embeddable":true,"href":"https:\/\/dev6.erresse-shop.it\/de\/wp-json\/wp\/v2\/media\/6298615"}],"wp:attachment":[{"href":"https:\/\/dev6.erresse-shop.it\/de\/wp-json\/wp\/v2\/media?parent=47681"}],"wp:term":[{"taxonomy":"product_cat","embeddable":true,"href":"https:\/\/dev6.erresse-shop.it\/de\/wp-json\/wp\/v2\/product_cat?post=47681"},{"taxonomy":"product_tag","embeddable":true,"href":"https:\/\/dev6.erresse-shop.it\/de\/wp-json\/wp\/v2\/product_tag?post=47681"}],"curies":[{"name":"wp","href":"https:\/\/api.w.org\/{rel}","templated":true}]}}