{"id":47679,"date":"2026-04-04T08:02:52","date_gmt":"2026-04-04T06:02:52","guid":{"rendered":"https:\/\/dev6.erresse-shop.it\/shop\/unkategorisiert\/ninja-barbecue-elektrisch-mit-holzfeuer-smoker\/"},"modified":"2025-07-03T19:23:43","modified_gmt":"2025-07-03T17:23:43","slug":"ninja-barbecue-elektrisch-mit-holzfeuer-smoker","status":"publish","type":"product","link":"https:\/\/dev6.erresse-shop.it\/de\/shop\/kleine-elektrogeraete\/oefen\/ninja-barbecue-elektrisch-mit-holzfeuer-smoker\/","title":{"rendered":"NINJA Barbecue Elektrisch mit Holzfeuer Smoker"},"content":{"rendered":"<p>Elektrischer Grill, R\u00e4ucherofen und Fritteuse f\u00fcr drau\u00dfen mit 7 Kochfunktionen. Einfach zu bedienen: keine Holzkohle, Gas oder Flammen.<\/p>\n<p>EINE NEUE ART DES KOCHENS IM AUSSENBEREICH: Grill, Smoker und Fritteuse f\u00fcr den Au\u00dfenbereich mit 7 Kochfunktionen<\/p>\n<p>DER GESCHMACK DES GRILLENS, DIE EINFACHKEIT EINES ELEKTRISCH BETRIEBENEN GER\u00c4TES: Dank seiner elektrischen Stromversorgung ist er immer einsatzbereit. Genie\u00dfen Sie den Geschmack von Holzkohle und authentische Raucharomen mit der Woodfire-Technologie<\/p>\n<p>WOODFIRE-TECHNOLOGIE: Verbessern Sie die Aromen mit dem integrierten Smoker, der echte Holzpellets verbrennt, um den authentischen Geschmack des Holzfeuers zu erhalten<\/p>\n<p>GRILLEN SIE WO SIE WOLLEN: Perfekt f\u00fcr G\u00e4rten, Balkone, Veranden und Campingpl\u00e4tze. Da er wetterfest ist, kann er das ganze Jahr \u00fcber im Freien gelagert werden.<\/p>\n<p>TECHNISCHES DATENBLATT:<\/p>\n<p>Farbe: Grau\/Schwarz<\/p>\n<p>Kabell\u00e4nge: 1,6 Meter<\/p>\n<p>Zeitschaltuhr: Ja<\/p>\n<p>7 Programme\/Funktionen: Grillen-R\u00e4uchern-Luftbraten-Braten-Backen-Erhitzen-Entziehen<\/p>\n<p>Temperatur: bis zu 260\u00b0C<\/p>\n<p>Gr\u00f6\u00dfe des Grills: 28 cm x 38 cm<\/p>\n<p>PACKUNG:<\/p>\n<p>Ninja Holzkohlegrill<\/p>\n<p>1 Grillplatte<\/p>\n<p>2 Packungen Pellets (2 verschiedene Geschmacksrichtungen)<\/p>\n<p>Pellet-Schaufel<\/p>\n<p>1 abnehmbarer Smoker<\/p>\n<p>1 Tropfschale<\/p>\n<p>1 Luftbratkorb<\/p>\n<p>Kurzanleitung und Rezeptbuch<\/p>\n<p>Gebrauchsanweisung<\/p>\n<p>Nicht zum Verkauf au\u00dferhalb Europas<\/p>\n","protected":false},"excerpt":{"rendered":"<p>Elektrischer Grill, R\u00e4ucherofen und Fritteuse f\u00fcr drau\u00dfen mit 7 Kochfunktionen. Einfach zu bedienen: keine Holzkohle, Gas oder Flammen. EINE NEUE ART DES KOCHENS IM AUSSENBEREICH: Grill, Smoker und Fritteuse f\u00fcr den Au\u00dfenbereich mit 7 Kochfunktionen DER GESCHMACK DES GRILLENS, DIE EINFACHKEIT EINES ELEKTRISCH BETRIEBENEN GER\u00c4TES: Dank seiner elektrischen Stromversorgung ist er immer einsatzbereit. Genie\u00dfen Sie [&hellip;]<\/p>\n","protected":false},"featured_media":6256921,"template":"","meta":{"_acf_changed":false},"product_cat":[11761,12163,12193],"product_tag":[],"class_list":{"0":"post-47679","1":"product","2":"type-product","3":"status-publish","4":"has-post-thumbnail","6":"product_cat-forni","7":"product_cat-kleine-elektrogeraete","8":"product_cat-oefen","10":"first","11":"instock","12":"taxable","13":"shipping-taxable","14":"product-type-simple","swatches":"rey-swatches","show_selected":"","stretch_labels":"rey-swatches--stretch-labels"},"acf":[],"yoast_head":"<!-- This site is optimized with the Yoast SEO plugin v25.4 - https:\/\/yoast.com\/wordpress\/plugins\/seo\/ -->\n<title>NINJA Barbecue Elektrisch mit Holzfeuer Smoker - dev6 Erresse<\/title>\n<meta name=\"description\" content=\"Elektrischer Grill, R\u00e4ucherofen und Fritteuse f\u00fcr drau\u00dfen mit 7 Kochfunktionen. Einfach zu bedienen: keine Holzkohle, Gas oder Flammen. EINE NEUE ART DES\" \/>\n<meta name=\"robots\" content=\"noindex, follow, max-snippet:-1, max-image-preview:large, max-video-preview:-1\" \/>\n<meta property=\"og:locale\" content=\"de_DE\" \/>\n<meta property=\"og:type\" content=\"article\" \/>\n<meta property=\"og:title\" content=\"NINJA Barbecue Elektrisch mit Holzfeuer Smoker - dev6 Erresse\" \/>\n<meta property=\"og:description\" content=\"Elektrischer Grill, R\u00e4ucherofen und Fritteuse f\u00fcr drau\u00dfen mit 7 Kochfunktionen. Einfach zu bedienen: keine Holzkohle, Gas oder Flammen. EINE NEUE ART DES\" \/>\n<meta property=\"og:url\" content=\"https:\/\/dev6.erresse-shop.it\/de\/shop\/kleine-elektrogeraete\/oefen\/ninja-barbecue-elektrisch-mit-holzfeuer-smoker\/\" \/>\n<meta property=\"og:site_name\" content=\"dev6 Erresse\" \/>\n<meta property=\"og:image\" content=\"https:\/\/interpim.erresse-shop.it\/img-catalogo\/ninja\/ninja-woodfire-barbecue-elettrico-con-affumicatore.jpg\" \/><meta property=\"og:image\" content=\"https:\/\/interpim.erresse-shop.it\/img-catalogo\/ninja\/ninja-woodfire-barbecue-elettrico-con-affumicatore.jpg\" \/>\n\t<meta property=\"og:image:width\" content=\"1024\" \/>\n\t<meta property=\"og:image:height\" content=\"1024\" \/>\n\t<meta property=\"og:image:type\" content=\"image\/jpeg\" \/>\n<meta name=\"twitter:card\" content=\"summary_large_image\" \/>\n<meta name=\"twitter:image\" content=\"https:\/\/interpim.erresse-shop.it\/img-catalogo\/ninja\/ninja-woodfire-barbecue-elettrico-con-affumicatore.jpg\" \/>\n<script type=\"application\/ld+json\" class=\"yoast-schema-graph\">{\"@context\":\"https:\/\/schema.org\",\"@graph\":[{\"@type\":\"WebPage\",\"@id\":\"https:\/\/dev6.erresse-shop.it\/de\/shop\/kleine-elektrogeraete\/oefen\/ninja-barbecue-elektrisch-mit-holzfeuer-smoker\/\",\"url\":\"https:\/\/dev6.erresse-shop.it\/de\/shop\/kleine-elektrogeraete\/oefen\/ninja-barbecue-elektrisch-mit-holzfeuer-smoker\/\",\"name\":\"NINJA Barbecue Elektrisch mit Holzfeuer Smoker - dev6 Erresse\",\"isPartOf\":{\"@id\":\"https:\/\/dev6.erresse-shop.it\/#website\"},\"primaryImageOfPage\":{\"@id\":\"https:\/\/dev6.erresse-shop.it\/de\/shop\/kleine-elektrogeraete\/oefen\/ninja-barbecue-elektrisch-mit-holzfeuer-smoker\/#primaryimage\"},\"image\":{\"@id\":\"https:\/\/dev6.erresse-shop.it\/de\/shop\/kleine-elektrogeraete\/oefen\/ninja-barbecue-elektrisch-mit-holzfeuer-smoker\/#primaryimage\"},\"thumbnailUrl\":\"https:\/\/i0.wp.com\/interpim.erresse-shop.it\/img-catalogo\/ninja\/ninja-woodfire-barbecue-elettrico-con-affumicatore.jpg?ssl=1\",\"datePublished\":\"2026-04-04T06:02:52+00:00\",\"description\":\"Elektrischer Grill, R\u00e4ucherofen und Fritteuse f\u00fcr drau\u00dfen mit 7 Kochfunktionen. Einfach zu bedienen: keine Holzkohle, Gas oder Flammen. EINE NEUE ART DES\",\"breadcrumb\":{\"@id\":\"https:\/\/dev6.erresse-shop.it\/de\/shop\/kleine-elektrogeraete\/oefen\/ninja-barbecue-elektrisch-mit-holzfeuer-smoker\/#breadcrumb\"},\"inLanguage\":\"de\",\"potentialAction\":[{\"@type\":\"ReadAction\",\"target\":[\"https:\/\/dev6.erresse-shop.it\/de\/shop\/kleine-elektrogeraete\/oefen\/ninja-barbecue-elektrisch-mit-holzfeuer-smoker\/\"]}]},{\"@type\":\"ImageObject\",\"inLanguage\":\"de\",\"@id\":\"https:\/\/dev6.erresse-shop.it\/de\/shop\/kleine-elektrogeraete\/oefen\/ninja-barbecue-elektrisch-mit-holzfeuer-smoker\/#primaryimage\",\"url\":\"https:\/\/i0.wp.com\/interpim.erresse-shop.it\/img-catalogo\/ninja\/ninja-woodfire-barbecue-elettrico-con-affumicatore.jpg?ssl=1\",\"contentUrl\":\"https:\/\/i0.wp.com\/interpim.erresse-shop.it\/img-catalogo\/ninja\/ninja-woodfire-barbecue-elettrico-con-affumicatore.jpg?ssl=1\"},{\"@type\":\"BreadcrumbList\",\"@id\":\"https:\/\/dev6.erresse-shop.it\/de\/shop\/kleine-elektrogeraete\/oefen\/ninja-barbecue-elektrisch-mit-holzfeuer-smoker\/#breadcrumb\",\"itemListElement\":[{\"@type\":\"ListItem\",\"position\":1,\"name\":\"Home\",\"item\":\"https:\/\/dev6.erresse-shop.it\/\"},{\"@type\":\"ListItem\",\"position\":2,\"name\":\"Shop\",\"item\":\"https:\/\/dev6.erresse-shop.it\/shop\/\"},{\"@type\":\"ListItem\",\"position\":3,\"name\":\"NINJA Barbecue Elektrisch mit Holzfeuer Smoker\"}]},{\"@type\":\"WebSite\",\"@id\":\"https:\/\/dev6.erresse-shop.it\/#website\",\"url\":\"https:\/\/dev6.erresse-shop.it\/\",\"name\":\"Erresse Shop\",\"description\":\"\",\"publisher\":{\"@id\":\"https:\/\/dev6.erresse-shop.it\/#organization\"},\"potentialAction\":[{\"@type\":\"SearchAction\",\"target\":{\"@type\":\"EntryPoint\",\"urlTemplate\":\"https:\/\/dev6.erresse-shop.it\/?s={search_term_string}\"},\"query-input\":{\"@type\":\"PropertyValueSpecification\",\"valueRequired\":true,\"valueName\":\"search_term_string\"}}],\"inLanguage\":\"de\"},{\"@type\":\"Organization\",\"@id\":\"https:\/\/dev6.erresse-shop.it\/#organization\",\"name\":\"Erresse Shop\",\"url\":\"https:\/\/dev6.erresse-shop.it\/\",\"logo\":{\"@type\":\"ImageObject\",\"inLanguage\":\"de\",\"@id\":\"https:\/\/dev6.erresse-shop.it\/#\/schema\/logo\/image\/\",\"url\":\"https:\/\/dev6.erresse-shop.it\/wp-content\/uploads\/2025\/01\/LOGO-ERRESSE-CLASSICO.svg\",\"contentUrl\":\"https:\/\/dev6.erresse-shop.it\/wp-content\/uploads\/2025\/01\/LOGO-ERRESSE-CLASSICO.svg\",\"caption\":\"Erresse Shop\"},\"image\":{\"@id\":\"https:\/\/dev6.erresse-shop.it\/#\/schema\/logo\/image\/\"}}]}<\/script>\n<!-- \/ Yoast SEO plugin. -->","yoast_head_json":{"title":"NINJA Barbecue Elektrisch mit Holzfeuer Smoker - dev6 Erresse","description":"Elektrischer Grill, R\u00e4ucherofen und Fritteuse f\u00fcr drau\u00dfen mit 7 Kochfunktionen. Einfach zu bedienen: keine Holzkohle, Gas oder Flammen. EINE NEUE ART DES","robots":{"index":"noindex","follow":"follow","max-snippet":"max-snippet:-1","max-image-preview":"max-image-preview:large","max-video-preview":"max-video-preview:-1"},"og_locale":"de_DE","og_type":"article","og_title":"NINJA Barbecue Elektrisch mit Holzfeuer Smoker - dev6 Erresse","og_description":"Elektrischer Grill, R\u00e4ucherofen und Fritteuse f\u00fcr drau\u00dfen mit 7 Kochfunktionen. Einfach zu bedienen: keine Holzkohle, Gas oder Flammen. EINE NEUE ART DES","og_url":"https:\/\/dev6.erresse-shop.it\/de\/shop\/kleine-elektrogeraete\/oefen\/ninja-barbecue-elektrisch-mit-holzfeuer-smoker\/","og_site_name":"dev6 Erresse","og_image":[{"url":"https:\/\/interpim.erresse-shop.it\/img-catalogo\/ninja\/ninja-woodfire-barbecue-elettrico-con-affumicatore.jpg","type":"","width":"","height":""},{"url":"https:\/\/interpim.erresse-shop.it\/img-catalogo\/ninja\/ninja-woodfire-barbecue-elettrico-con-affumicatore.jpg","width":1024,"height":1024,"type":"image\/jpeg"}],"twitter_card":"summary_large_image","twitter_image":"https:\/\/interpim.erresse-shop.it\/img-catalogo\/ninja\/ninja-woodfire-barbecue-elettrico-con-affumicatore.jpg","schema":{"@context":"https:\/\/schema.org","@graph":[{"@type":"WebPage","@id":"https:\/\/dev6.erresse-shop.it\/de\/shop\/kleine-elektrogeraete\/oefen\/ninja-barbecue-elektrisch-mit-holzfeuer-smoker\/","url":"https:\/\/dev6.erresse-shop.it\/de\/shop\/kleine-elektrogeraete\/oefen\/ninja-barbecue-elektrisch-mit-holzfeuer-smoker\/","name":"NINJA Barbecue Elektrisch mit Holzfeuer Smoker - dev6 Erresse","isPartOf":{"@id":"https:\/\/dev6.erresse-shop.it\/#website"},"primaryImageOfPage":{"@id":"https:\/\/dev6.erresse-shop.it\/de\/shop\/kleine-elektrogeraete\/oefen\/ninja-barbecue-elektrisch-mit-holzfeuer-smoker\/#primaryimage"},"image":{"@id":"https:\/\/dev6.erresse-shop.it\/de\/shop\/kleine-elektrogeraete\/oefen\/ninja-barbecue-elektrisch-mit-holzfeuer-smoker\/#primaryimage"},"thumbnailUrl":"https:\/\/i0.wp.com\/interpim.erresse-shop.it\/img-catalogo\/ninja\/ninja-woodfire-barbecue-elettrico-con-affumicatore.jpg?ssl=1","datePublished":"2026-04-04T06:02:52+00:00","description":"Elektrischer Grill, R\u00e4ucherofen und Fritteuse f\u00fcr drau\u00dfen mit 7 Kochfunktionen. Einfach zu bedienen: keine Holzkohle, Gas oder Flammen. EINE NEUE ART DES","breadcrumb":{"@id":"https:\/\/dev6.erresse-shop.it\/de\/shop\/kleine-elektrogeraete\/oefen\/ninja-barbecue-elektrisch-mit-holzfeuer-smoker\/#breadcrumb"},"inLanguage":"de","potentialAction":[{"@type":"ReadAction","target":["https:\/\/dev6.erresse-shop.it\/de\/shop\/kleine-elektrogeraete\/oefen\/ninja-barbecue-elektrisch-mit-holzfeuer-smoker\/"]}]},{"@type":"ImageObject","inLanguage":"de","@id":"https:\/\/dev6.erresse-shop.it\/de\/shop\/kleine-elektrogeraete\/oefen\/ninja-barbecue-elektrisch-mit-holzfeuer-smoker\/#primaryimage","url":"https:\/\/i0.wp.com\/interpim.erresse-shop.it\/img-catalogo\/ninja\/ninja-woodfire-barbecue-elettrico-con-affumicatore.jpg?ssl=1","contentUrl":"https:\/\/i0.wp.com\/interpim.erresse-shop.it\/img-catalogo\/ninja\/ninja-woodfire-barbecue-elettrico-con-affumicatore.jpg?ssl=1"},{"@type":"BreadcrumbList","@id":"https:\/\/dev6.erresse-shop.it\/de\/shop\/kleine-elektrogeraete\/oefen\/ninja-barbecue-elektrisch-mit-holzfeuer-smoker\/#breadcrumb","itemListElement":[{"@type":"ListItem","position":1,"name":"Home","item":"https:\/\/dev6.erresse-shop.it\/"},{"@type":"ListItem","position":2,"name":"Shop","item":"https:\/\/dev6.erresse-shop.it\/shop\/"},{"@type":"ListItem","position":3,"name":"NINJA Barbecue Elektrisch mit Holzfeuer Smoker"}]},{"@type":"WebSite","@id":"https:\/\/dev6.erresse-shop.it\/#website","url":"https:\/\/dev6.erresse-shop.it\/","name":"Erresse Shop","description":"","publisher":{"@id":"https:\/\/dev6.erresse-shop.it\/#organization"},"potentialAction":[{"@type":"SearchAction","target":{"@type":"EntryPoint","urlTemplate":"https:\/\/dev6.erresse-shop.it\/?s={search_term_string}"},"query-input":{"@type":"PropertyValueSpecification","valueRequired":true,"valueName":"search_term_string"}}],"inLanguage":"de"},{"@type":"Organization","@id":"https:\/\/dev6.erresse-shop.it\/#organization","name":"Erresse Shop","url":"https:\/\/dev6.erresse-shop.it\/","logo":{"@type":"ImageObject","inLanguage":"de","@id":"https:\/\/dev6.erresse-shop.it\/#\/schema\/logo\/image\/","url":"https:\/\/dev6.erresse-shop.it\/wp-content\/uploads\/2025\/01\/LOGO-ERRESSE-CLASSICO.svg","contentUrl":"https:\/\/dev6.erresse-shop.it\/wp-content\/uploads\/2025\/01\/LOGO-ERRESSE-CLASSICO.svg","caption":"Erresse Shop"},"image":{"@id":"https:\/\/dev6.erresse-shop.it\/#\/schema\/logo\/image\/"}}]}},"df_price":"","df_sale_price":"","df_regular_price":"","df_image_link":"https:\/\/i0.wp.com\/interpim.erresse-shop.it\/img-catalogo\/ninja\/ninja-woodfire-barbecue-elettrico-con-affumicatore.jpg?resize=300,300&ssl=1","fifu_image_url":"https:\/\/interpim.erresse-shop.it\/img-catalogo\/ninja\/ninja-woodfire-barbecue-elettrico-con-affumicatore.jpg","_links":{"self":[{"href":"https:\/\/dev6.erresse-shop.it\/de\/wp-json\/wp\/v2\/product\/47679","targetHints":{"allow":["GET"]}}],"collection":[{"href":"https:\/\/dev6.erresse-shop.it\/de\/wp-json\/wp\/v2\/product"}],"about":[{"href":"https:\/\/dev6.erresse-shop.it\/de\/wp-json\/wp\/v2\/types\/product"}],"wp:featuredmedia":[{"embeddable":true,"href":"https:\/\/dev6.erresse-shop.it\/de\/wp-json\/wp\/v2\/media\/6256921"}],"wp:attachment":[{"href":"https:\/\/dev6.erresse-shop.it\/de\/wp-json\/wp\/v2\/media?parent=47679"}],"wp:term":[{"taxonomy":"product_cat","embeddable":true,"href":"https:\/\/dev6.erresse-shop.it\/de\/wp-json\/wp\/v2\/product_cat?post=47679"},{"taxonomy":"product_tag","embeddable":true,"href":"https:\/\/dev6.erresse-shop.it\/de\/wp-json\/wp\/v2\/product_tag?post=47679"}],"curies":[{"name":"wp","href":"https:\/\/api.w.org\/{rel}","templated":true}]}}