{"id":47675,"date":"2026-04-10T08:42:31","date_gmt":"2026-04-10T06:42:31","guid":{"rendered":"https:\/\/dev6.erresse-shop.it\/shop\/unkategorisiert\/ninja-blast-tragbarer-mixer-schwarz\/"},"modified":"2025-07-03T19:23:40","modified_gmt":"2025-07-03T17:23:40","slug":"ninja-blast-tragbarer-mixer-schwarz","status":"publish","type":"product","link":"https:\/\/dev6.erresse-shop.it\/de\/shop\/kleine-elektrogeraete\/mixer\/ninja-blast-tragbarer-mixer-schwarz\/","title":{"rendered":"NINJA Blast Tragbarer Mixer Schwarz"},"content":{"rendered":"<p>Kabelloser, tragbarer Hochgeschwindigkeits-Mixer. P\u00fcriert gefrorene Zutaten f\u00fcr Smoothies und superfl\u00fcssige Proteindrinks sowie So\u00dfen und Dressings. 530-ml-Beh\u00e4lter, inklusive auslaufsicherem Deckel mit Ausgie\u00dfer und Schultergurt. BPA-frei und sp\u00fclmaschinengeeignet.<\/p>\n<p>Der Ninja Blast ist ein kabelloser, mobiler Hochleistungsmixer von Ninja, der Sie \u00fcberall hin begleitet.<\/p>\n<p>Er mixt superfl\u00fcssige gefrorene Fruchtsmoothies, Shakes und Proteindrinks sowie So\u00dfen und Dressings.<\/p>\n<p>So k\u00f6nnen Sie \u00fcberall mit optimalen Ergebnissen mixen und Ihre pers\u00f6nliche Leistung auch unterwegs steigern.<\/p>\n<p>Er passt bequem in den Becherhalter im Auto und macht Reisen und Pendeln zum Kinderspiel.<\/p>\n<p>TECHNISCHES DATENBLATT:<\/p>\n<p>Ninja kabellose Tragbarkeit<\/p>\n<p>Ninja Blade Technologie und Leistung<\/p>\n<p>Spa\u00df f\u00fcr unterwegs<\/p>\n<p>Sp\u00fclmaschinengeeignet und leicht zu reinigen<\/p>\n<p>Hochwertige Auswahl an Farben<\/p>\n<p>VERPACKUNG:<\/p>\n<p>Inklusive auslaufsicherem Deckel mit Ausgie\u00dfer und Tragegurt<\/p>\n<p>Nicht zum Verkauf au\u00dferhalb Europas<\/p>\n","protected":false},"excerpt":{"rendered":"<p>Kabelloser, tragbarer Hochgeschwindigkeits-Mixer. P\u00fcriert gefrorene Zutaten f\u00fcr Smoothies und superfl\u00fcssige Proteindrinks sowie So\u00dfen und Dressings. 530-ml-Beh\u00e4lter, inklusive auslaufsicherem Deckel mit Ausgie\u00dfer und Schultergurt. BPA-frei und sp\u00fclmaschinengeeignet. Der Ninja Blast ist ein kabelloser, mobiler Hochleistungsmixer von Ninja, der Sie \u00fcberall hin begleitet. Er mixt superfl\u00fcssige gefrorene Fruchtsmoothies, Shakes und Proteindrinks sowie So\u00dfen und Dressings. So k\u00f6nnen [&hellip;]<\/p>\n","protected":false},"featured_media":6298589,"template":"","meta":{"_acf_changed":false},"product_cat":[11737,12163,12169],"product_tag":[],"class_list":{"0":"post-47675","1":"product","2":"type-product","3":"status-publish","4":"has-post-thumbnail","6":"product_cat-frullatori","7":"product_cat-kleine-elektrogeraete","8":"product_cat-mixer","10":"first","11":"instock","12":"taxable","13":"shipping-taxable","14":"product-type-simple","swatches":"rey-swatches","show_selected":"","stretch_labels":"rey-swatches--stretch-labels"},"acf":[],"yoast_head":"<!-- This site is optimized with the Yoast SEO plugin v25.4 - https:\/\/yoast.com\/wordpress\/plugins\/seo\/ -->\n<title>NINJA Blast Tragbarer Mixer Schwarz - dev6 Erresse<\/title>\n<meta name=\"description\" content=\"Kabelloser, tragbarer Hochgeschwindigkeits-Mixer. P\u00fcriert gefrorene Zutaten f\u00fcr Smoothies und superfl\u00fcssige Proteindrinks sowie So\u00dfen und Dressings.\" \/>\n<meta name=\"robots\" content=\"noindex, follow, max-snippet:-1, max-image-preview:large, max-video-preview:-1\" \/>\n<meta property=\"og:locale\" content=\"de_DE\" \/>\n<meta property=\"og:type\" content=\"article\" \/>\n<meta property=\"og:title\" content=\"NINJA Blast Tragbarer Mixer Schwarz - dev6 Erresse\" \/>\n<meta property=\"og:description\" content=\"Kabelloser, tragbarer Hochgeschwindigkeits-Mixer. P\u00fcriert gefrorene Zutaten f\u00fcr Smoothies und superfl\u00fcssige Proteindrinks sowie So\u00dfen und Dressings.\" \/>\n<meta property=\"og:url\" content=\"https:\/\/dev6.erresse-shop.it\/de\/shop\/kleine-elektrogeraete\/mixer\/ninja-blast-tragbarer-mixer-schwarz\/\" \/>\n<meta property=\"og:site_name\" content=\"dev6 Erresse\" \/>\n<meta property=\"og:image\" content=\"https:\/\/interpim.erresse-shop.it\/wp-content\/uploads\/2024\/03\/NINJA-Frullatore-Portatile-Blast-Nero.jpg\/ninja-frullatore-portatile-blast-nero.jpg\" \/><meta property=\"og:image\" content=\"https:\/\/interpim.erresse-shop.it\/wp-content\/uploads\/2024\/03\/NINJA-Frullatore-Portatile-Blast-Nero.jpg\/ninja-frullatore-portatile-blast-nero.jpg\" \/>\n\t<meta property=\"og:image:width\" content=\"1024\" \/>\n\t<meta property=\"og:image:height\" content=\"1024\" \/>\n\t<meta property=\"og:image:type\" content=\"image\/jpeg\" \/>\n<meta name=\"twitter:card\" content=\"summary_large_image\" \/>\n<meta name=\"twitter:image\" content=\"https:\/\/interpim.erresse-shop.it\/wp-content\/uploads\/2024\/03\/NINJA-Frullatore-Portatile-Blast-Nero.jpg\/ninja-frullatore-portatile-blast-nero.jpg\" \/>\n<script type=\"application\/ld+json\" class=\"yoast-schema-graph\">{\"@context\":\"https:\/\/schema.org\",\"@graph\":[{\"@type\":\"WebPage\",\"@id\":\"https:\/\/dev6.erresse-shop.it\/de\/shop\/kleine-elektrogeraete\/mixer\/ninja-blast-tragbarer-mixer-schwarz\/\",\"url\":\"https:\/\/dev6.erresse-shop.it\/de\/shop\/kleine-elektrogeraete\/mixer\/ninja-blast-tragbarer-mixer-schwarz\/\",\"name\":\"NINJA Blast Tragbarer Mixer Schwarz - dev6 Erresse\",\"isPartOf\":{\"@id\":\"https:\/\/dev6.erresse-shop.it\/#website\"},\"primaryImageOfPage\":{\"@id\":\"https:\/\/dev6.erresse-shop.it\/de\/shop\/kleine-elektrogeraete\/mixer\/ninja-blast-tragbarer-mixer-schwarz\/#primaryimage\"},\"image\":{\"@id\":\"https:\/\/dev6.erresse-shop.it\/de\/shop\/kleine-elektrogeraete\/mixer\/ninja-blast-tragbarer-mixer-schwarz\/#primaryimage\"},\"thumbnailUrl\":\"https:\/\/i0.wp.com\/interpim.erresse-shop.it\/wp-content\/uploads\/2024\/03\/NINJA-Frullatore-Portatile-Blast-Nero.jpg\/ninja-frullatore-portatile-blast-nero.jpg?ssl=1\",\"datePublished\":\"2026-04-10T06:42:31+00:00\",\"description\":\"Kabelloser, tragbarer Hochgeschwindigkeits-Mixer. P\u00fcriert gefrorene Zutaten f\u00fcr Smoothies und superfl\u00fcssige Proteindrinks sowie So\u00dfen und Dressings.\",\"breadcrumb\":{\"@id\":\"https:\/\/dev6.erresse-shop.it\/de\/shop\/kleine-elektrogeraete\/mixer\/ninja-blast-tragbarer-mixer-schwarz\/#breadcrumb\"},\"inLanguage\":\"de\",\"potentialAction\":[{\"@type\":\"ReadAction\",\"target\":[\"https:\/\/dev6.erresse-shop.it\/de\/shop\/kleine-elektrogeraete\/mixer\/ninja-blast-tragbarer-mixer-schwarz\/\"]}]},{\"@type\":\"ImageObject\",\"inLanguage\":\"de\",\"@id\":\"https:\/\/dev6.erresse-shop.it\/de\/shop\/kleine-elektrogeraete\/mixer\/ninja-blast-tragbarer-mixer-schwarz\/#primaryimage\",\"url\":\"https:\/\/i0.wp.com\/interpim.erresse-shop.it\/wp-content\/uploads\/2024\/03\/NINJA-Frullatore-Portatile-Blast-Nero.jpg\/ninja-frullatore-portatile-blast-nero.jpg?ssl=1\",\"contentUrl\":\"https:\/\/i0.wp.com\/interpim.erresse-shop.it\/wp-content\/uploads\/2024\/03\/NINJA-Frullatore-Portatile-Blast-Nero.jpg\/ninja-frullatore-portatile-blast-nero.jpg?ssl=1\"},{\"@type\":\"BreadcrumbList\",\"@id\":\"https:\/\/dev6.erresse-shop.it\/de\/shop\/kleine-elektrogeraete\/mixer\/ninja-blast-tragbarer-mixer-schwarz\/#breadcrumb\",\"itemListElement\":[{\"@type\":\"ListItem\",\"position\":1,\"name\":\"Home\",\"item\":\"https:\/\/dev6.erresse-shop.it\/\"},{\"@type\":\"ListItem\",\"position\":2,\"name\":\"Shop\",\"item\":\"https:\/\/dev6.erresse-shop.it\/shop\/\"},{\"@type\":\"ListItem\",\"position\":3,\"name\":\"NINJA Blast Tragbarer Mixer Schwarz\"}]},{\"@type\":\"WebSite\",\"@id\":\"https:\/\/dev6.erresse-shop.it\/#website\",\"url\":\"https:\/\/dev6.erresse-shop.it\/\",\"name\":\"Erresse Shop\",\"description\":\"\",\"publisher\":{\"@id\":\"https:\/\/dev6.erresse-shop.it\/#organization\"},\"potentialAction\":[{\"@type\":\"SearchAction\",\"target\":{\"@type\":\"EntryPoint\",\"urlTemplate\":\"https:\/\/dev6.erresse-shop.it\/?s={search_term_string}\"},\"query-input\":{\"@type\":\"PropertyValueSpecification\",\"valueRequired\":true,\"valueName\":\"search_term_string\"}}],\"inLanguage\":\"de\"},{\"@type\":\"Organization\",\"@id\":\"https:\/\/dev6.erresse-shop.it\/#organization\",\"name\":\"Erresse Shop\",\"url\":\"https:\/\/dev6.erresse-shop.it\/\",\"logo\":{\"@type\":\"ImageObject\",\"inLanguage\":\"de\",\"@id\":\"https:\/\/dev6.erresse-shop.it\/#\/schema\/logo\/image\/\",\"url\":\"https:\/\/dev6.erresse-shop.it\/wp-content\/uploads\/2025\/01\/LOGO-ERRESSE-CLASSICO.svg\",\"contentUrl\":\"https:\/\/dev6.erresse-shop.it\/wp-content\/uploads\/2025\/01\/LOGO-ERRESSE-CLASSICO.svg\",\"caption\":\"Erresse Shop\"},\"image\":{\"@id\":\"https:\/\/dev6.erresse-shop.it\/#\/schema\/logo\/image\/\"}}]}<\/script>\n<!-- \/ Yoast SEO plugin. -->","yoast_head_json":{"title":"NINJA Blast Tragbarer Mixer Schwarz - dev6 Erresse","description":"Kabelloser, tragbarer Hochgeschwindigkeits-Mixer. P\u00fcriert gefrorene Zutaten f\u00fcr Smoothies und superfl\u00fcssige Proteindrinks sowie So\u00dfen und Dressings.","robots":{"index":"noindex","follow":"follow","max-snippet":"max-snippet:-1","max-image-preview":"max-image-preview:large","max-video-preview":"max-video-preview:-1"},"og_locale":"de_DE","og_type":"article","og_title":"NINJA Blast Tragbarer Mixer Schwarz - dev6 Erresse","og_description":"Kabelloser, tragbarer Hochgeschwindigkeits-Mixer. P\u00fcriert gefrorene Zutaten f\u00fcr Smoothies und superfl\u00fcssige Proteindrinks sowie So\u00dfen und Dressings.","og_url":"https:\/\/dev6.erresse-shop.it\/de\/shop\/kleine-elektrogeraete\/mixer\/ninja-blast-tragbarer-mixer-schwarz\/","og_site_name":"dev6 Erresse","og_image":[{"url":"https:\/\/interpim.erresse-shop.it\/wp-content\/uploads\/2024\/03\/NINJA-Frullatore-Portatile-Blast-Nero.jpg\/ninja-frullatore-portatile-blast-nero.jpg","type":"","width":"","height":""},{"url":"https:\/\/interpim.erresse-shop.it\/wp-content\/uploads\/2024\/03\/NINJA-Frullatore-Portatile-Blast-Nero.jpg\/ninja-frullatore-portatile-blast-nero.jpg","width":1024,"height":1024,"type":"image\/jpeg"}],"twitter_card":"summary_large_image","twitter_image":"https:\/\/interpim.erresse-shop.it\/wp-content\/uploads\/2024\/03\/NINJA-Frullatore-Portatile-Blast-Nero.jpg\/ninja-frullatore-portatile-blast-nero.jpg","schema":{"@context":"https:\/\/schema.org","@graph":[{"@type":"WebPage","@id":"https:\/\/dev6.erresse-shop.it\/de\/shop\/kleine-elektrogeraete\/mixer\/ninja-blast-tragbarer-mixer-schwarz\/","url":"https:\/\/dev6.erresse-shop.it\/de\/shop\/kleine-elektrogeraete\/mixer\/ninja-blast-tragbarer-mixer-schwarz\/","name":"NINJA Blast Tragbarer Mixer Schwarz - dev6 Erresse","isPartOf":{"@id":"https:\/\/dev6.erresse-shop.it\/#website"},"primaryImageOfPage":{"@id":"https:\/\/dev6.erresse-shop.it\/de\/shop\/kleine-elektrogeraete\/mixer\/ninja-blast-tragbarer-mixer-schwarz\/#primaryimage"},"image":{"@id":"https:\/\/dev6.erresse-shop.it\/de\/shop\/kleine-elektrogeraete\/mixer\/ninja-blast-tragbarer-mixer-schwarz\/#primaryimage"},"thumbnailUrl":"https:\/\/i0.wp.com\/interpim.erresse-shop.it\/wp-content\/uploads\/2024\/03\/NINJA-Frullatore-Portatile-Blast-Nero.jpg\/ninja-frullatore-portatile-blast-nero.jpg?ssl=1","datePublished":"2026-04-10T06:42:31+00:00","description":"Kabelloser, tragbarer Hochgeschwindigkeits-Mixer. P\u00fcriert gefrorene Zutaten f\u00fcr Smoothies und superfl\u00fcssige Proteindrinks sowie So\u00dfen und Dressings.","breadcrumb":{"@id":"https:\/\/dev6.erresse-shop.it\/de\/shop\/kleine-elektrogeraete\/mixer\/ninja-blast-tragbarer-mixer-schwarz\/#breadcrumb"},"inLanguage":"de","potentialAction":[{"@type":"ReadAction","target":["https:\/\/dev6.erresse-shop.it\/de\/shop\/kleine-elektrogeraete\/mixer\/ninja-blast-tragbarer-mixer-schwarz\/"]}]},{"@type":"ImageObject","inLanguage":"de","@id":"https:\/\/dev6.erresse-shop.it\/de\/shop\/kleine-elektrogeraete\/mixer\/ninja-blast-tragbarer-mixer-schwarz\/#primaryimage","url":"https:\/\/i0.wp.com\/interpim.erresse-shop.it\/wp-content\/uploads\/2024\/03\/NINJA-Frullatore-Portatile-Blast-Nero.jpg\/ninja-frullatore-portatile-blast-nero.jpg?ssl=1","contentUrl":"https:\/\/i0.wp.com\/interpim.erresse-shop.it\/wp-content\/uploads\/2024\/03\/NINJA-Frullatore-Portatile-Blast-Nero.jpg\/ninja-frullatore-portatile-blast-nero.jpg?ssl=1"},{"@type":"BreadcrumbList","@id":"https:\/\/dev6.erresse-shop.it\/de\/shop\/kleine-elektrogeraete\/mixer\/ninja-blast-tragbarer-mixer-schwarz\/#breadcrumb","itemListElement":[{"@type":"ListItem","position":1,"name":"Home","item":"https:\/\/dev6.erresse-shop.it\/"},{"@type":"ListItem","position":2,"name":"Shop","item":"https:\/\/dev6.erresse-shop.it\/shop\/"},{"@type":"ListItem","position":3,"name":"NINJA Blast Tragbarer Mixer Schwarz"}]},{"@type":"WebSite","@id":"https:\/\/dev6.erresse-shop.it\/#website","url":"https:\/\/dev6.erresse-shop.it\/","name":"Erresse Shop","description":"","publisher":{"@id":"https:\/\/dev6.erresse-shop.it\/#organization"},"potentialAction":[{"@type":"SearchAction","target":{"@type":"EntryPoint","urlTemplate":"https:\/\/dev6.erresse-shop.it\/?s={search_term_string}"},"query-input":{"@type":"PropertyValueSpecification","valueRequired":true,"valueName":"search_term_string"}}],"inLanguage":"de"},{"@type":"Organization","@id":"https:\/\/dev6.erresse-shop.it\/#organization","name":"Erresse Shop","url":"https:\/\/dev6.erresse-shop.it\/","logo":{"@type":"ImageObject","inLanguage":"de","@id":"https:\/\/dev6.erresse-shop.it\/#\/schema\/logo\/image\/","url":"https:\/\/dev6.erresse-shop.it\/wp-content\/uploads\/2025\/01\/LOGO-ERRESSE-CLASSICO.svg","contentUrl":"https:\/\/dev6.erresse-shop.it\/wp-content\/uploads\/2025\/01\/LOGO-ERRESSE-CLASSICO.svg","caption":"Erresse Shop"},"image":{"@id":"https:\/\/dev6.erresse-shop.it\/#\/schema\/logo\/image\/"}}]}},"df_price":"","df_sale_price":"","df_regular_price":"","df_image_link":"https:\/\/i0.wp.com\/interpim.erresse-shop.it\/wp-content\/uploads\/2024\/03\/NINJA-Frullatore-Portatile-Blast-Nero.jpg\/ninja-frullatore-portatile-blast-nero.jpg?resize=300,300&ssl=1","fifu_image_url":"https:\/\/interpim.erresse-shop.it\/wp-content\/uploads\/2024\/03\/NINJA-Frullatore-Portatile-Blast-Nero.jpg\/ninja-frullatore-portatile-blast-nero.jpg","_links":{"self":[{"href":"https:\/\/dev6.erresse-shop.it\/de\/wp-json\/wp\/v2\/product\/47675","targetHints":{"allow":["GET"]}}],"collection":[{"href":"https:\/\/dev6.erresse-shop.it\/de\/wp-json\/wp\/v2\/product"}],"about":[{"href":"https:\/\/dev6.erresse-shop.it\/de\/wp-json\/wp\/v2\/types\/product"}],"wp:featuredmedia":[{"embeddable":true,"href":"https:\/\/dev6.erresse-shop.it\/de\/wp-json\/wp\/v2\/media\/6298589"}],"wp:attachment":[{"href":"https:\/\/dev6.erresse-shop.it\/de\/wp-json\/wp\/v2\/media?parent=47675"}],"wp:term":[{"taxonomy":"product_cat","embeddable":true,"href":"https:\/\/dev6.erresse-shop.it\/de\/wp-json\/wp\/v2\/product_cat?post=47675"},{"taxonomy":"product_tag","embeddable":true,"href":"https:\/\/dev6.erresse-shop.it\/de\/wp-json\/wp\/v2\/product_tag?post=47675"}],"curies":[{"name":"wp","href":"https:\/\/api.w.org\/{rel}","templated":true}]}}