{"id":47671,"date":"2026-04-21T09:44:40","date_gmt":"2026-04-21T07:44:40","guid":{"rendered":"https:\/\/dev6.erresse-shop.it\/shop\/unkategorisiert\/ninja-multifunktions-backofen-8-in-1-10-liter\/"},"modified":"2025-07-03T19:23:37","modified_gmt":"2025-07-03T17:23:37","slug":"ninja-multifunktions-backofen-8-in-1-10-liter","status":"publish","type":"product","link":"https:\/\/dev6.erresse-shop.it\/de\/shop\/kleine-elektrogeraete\/oefen\/ninja-multifunktions-backofen-8-in-1-10-liter\/","title":{"rendered":"NINJA Multifunktions-Backofen 8 in 1 10 Liter"},"content":{"rendered":"<p>Multifunktionsbackofen f\u00fcr 8 Gararten: Fritteuse, Braten, Backofen, Grill, Trockner, Toast, Bagel und Warmhalten. Digitale Crisp Control-Technologie. Digitales Display, Timer und Innenbeleuchtung. Kann zur platzsparenden Aufbewahrung und einfachen Reinigung vertikal gelagert werden. Herausnehmbares Tablett.<br \/>\nDer Backofen mit Crisp-Funktion, der sich vertikal aufstellen l\u00e4sst.<br \/>\nKocht bis zu 50 % schneller als Umluftback\u00f6fen*, so dass Sie mit dem ultraschnellen 60-Sekunden-Vorheizen in nur 20 Minuten k\u00f6stliche Gerichte f\u00fcr die ganze Familie zubereiten k\u00f6nnen.<br \/>\nMehr Kreativit\u00e4t in der K\u00fcche mit diesem Multifunktionsbackofen. Nicht weniger als 8 Kochfunktionen: Frittieren, Braten, Backen, Grillen, Trocknen, Toasten, Bagel und Warmhalten.<br \/>\nKreieren Sie k\u00f6stliche Backgerichte, von gegrilltem Lachs \u00fcber w\u00fcrzigen Blumenkohl bis hin zu H\u00e4hnchenbrust mit Zitrone und Kr\u00e4utern und knusprigen Pommes. Bereiten Sie m\u00fchelos selbstgemachte Pizza, leckere Toasts, goldgelbe Kartoffeln, gegrillten Fisch und gebratenes Gem\u00fcse zu. Genie\u00dfen Sie getoastete Sandwiches und Bagels mit Ihren Lieblingsbel\u00e4gen, befriedigen Sie Ihre Naschkatzen mit selbstgebackenen Keksen und Geb\u00e4ck, oder verwenden Sie den Trockner f\u00fcr die Zubereitung von Snacks mit Fleisch, Trockenobst und Kr\u00e4utern.<\/p>\n<p>Bis zu 75 % weniger Fett als beim traditionellen Frittieren** \u2013 Luftfrittieren f\u00fcr den gleichen gro\u00dfartigen Geschmack, aber mit wenig oder gar keinem \u00d6l<br \/>\nDigital Crisp Control-Technologie<br \/>\nDie Digital Crisp Control-Technologie erm\u00f6glicht es Ihnen, mit kontrollierter Gebl\u00e4segeschwindigkeit und Temperatur Speisen zu backen, die innen perfekt gegart und au\u00dfen knusprig sind.<br \/>\nDie 6 Infrarot-Heizelemente decken einen breiten Temperaturbereich ab, w\u00e4hrend der variable Luftstrom die hei\u00dfe Luft in verschiedenen Geschwindigkeiten um die Speisen zirkulieren l\u00e4sst, um ein gleichm\u00e4\u00dfiges Garen und Br\u00e4unen zu gew\u00e4hrleisten. W\u00e4hlen Sie aus 8 digitalen Programmen, die Temperatur, W\u00e4rmequelle und Luftstrom automatisch anpassen, um die besten Garergebnisse zu erzielen.<br \/>\nIn diesem ultrakompakten Ofen backen Sie m\u00fchelos eine 33 cm lange Pizza, 1 kg Pommes frites oder 6 Scheiben Brot. Inklusive Backblech, Frittierkorb und Grill f\u00fcr maximale Vielseitigkeit in der K\u00fcche.<br \/>\nSchafft Platz auf den Regalen: Dank seines speziellen Designs kann das Ger\u00e4t vertikal aufbewahrt werden, um Unordnung zu vermeiden und die Reinigung zu erleichtern. Drehen Sie es auf die Seite, um bis zu 50 % des Platzes freizugeben.<\/p>\n<p>Die herausnehmbare Kr\u00fcmelschublade und der Zugang von der R\u00fcckseite erleichtern die Reinigung.<\/p>\n<p>Einfach zu bedienen, mit Digitalanzeige, Timer und Innenbeleuchtung. Im Lieferumfang enthalten ist ein Kochrezeptbuch mit vielen leckeren Ideen zum sofortigen Ausprobieren.<\/p>\n<p>* Getestet gegen Fischst\u00e4bchen und W\u00fcrstchen.<\/p>\n<p>** Getestet gegen handgeschnittene und in hei\u00dfem \u00d6l frittierte Pommes frites.<\/p>\n<p>TECHNISCHE DATEN:<\/p>\n<p>Produktabmessungen: 19,2 x 38 x 50,1 cm<\/p>\n<p>Nennleistung: 2400W<\/p>\n<p>Garantie: 2 Jahre<\/p>\n<p>Anti-Rutsch-F\u00fc\u00dfe: Ja<\/p>\n<p>Fassungsverm\u00f6gen: Kocht m\u00fchelos eine 33 cm lange Pizza, 1 kg Pommes frites oder 6 Scheiben Brot<\/p>\n<p>Kalte Au\u00dfenwand<\/p>\n<p>Produktgewicht: 8,5 kg<\/p>\n<p>Zeitschaltuhr: Ja<\/p>\n<p>Sp\u00fclmaschinengeeignete Komponenten<\/p>\n<p>Programme\/Funktionen: Frittieren, Braten, Grillen, Backen, Toasten, Bagel, Dehydrieren<\/p>\n<p>Andere Funktionen: Warmhalten<\/p>\n<p>PACKUNG:<\/p>\n<p>Frittierkorb<br \/>\nBackblech<br \/>\nMetall-Grillschale<br \/>\nHerausnehmbares Kr\u00fcmelfach<br \/>\nGebrauchsanweisung<br \/>\nKochbuch<br \/>\nKurzbedienungsanleitung<\/p>\n<p>Nicht zum Verkauf au\u00dferhalb Europas<\/p>\n","protected":false},"excerpt":{"rendered":"<p>Multifunktionsbackofen f\u00fcr 8 Gararten: Fritteuse, Braten, Backofen, Grill, Trockner, Toast, Bagel und Warmhalten. Digitale Crisp Control-Technologie. Digitales Display, Timer und Innenbeleuchtung. Kann zur platzsparenden Aufbewahrung und einfachen Reinigung vertikal gelagert werden. Herausnehmbares Tablett. Der Backofen mit Crisp-Funktion, der sich vertikal aufstellen l\u00e4sst. Kocht bis zu 50 % schneller als Umluftback\u00f6fen*, so dass Sie mit dem [&hellip;]<\/p>\n","protected":false},"featured_media":6720816,"template":"","meta":{"_acf_changed":false},"product_cat":[11761,12163,12193],"product_tag":[],"class_list":{"0":"post-47671","1":"product","2":"type-product","3":"status-publish","4":"has-post-thumbnail","6":"product_cat-forni","7":"product_cat-kleine-elektrogeraete","8":"product_cat-oefen","10":"first","11":"instock","12":"taxable","13":"shipping-taxable","14":"purchasable","15":"product-type-simple","swatches":"rey-swatches","show_selected":"","stretch_labels":"rey-swatches--stretch-labels"},"acf":[],"yoast_head":"<!-- This site is optimized with the Yoast SEO plugin v25.4 - https:\/\/yoast.com\/wordpress\/plugins\/seo\/ -->\n<title>NINJA Multifunktions-Backofen 8 in 1 10 Liter - dev6 Erresse<\/title>\n<meta name=\"description\" content=\"Multifunktionsbackofen f\u00fcr 8 Gararten: Fritteuse, Braten, Backofen, Grill, Trockner, Toast, Bagel und Warmhalten. Digitale Crisp Control-Technologie.\" \/>\n<meta name=\"robots\" content=\"noindex, follow, max-snippet:-1, max-image-preview:large, max-video-preview:-1\" \/>\n<meta property=\"og:locale\" content=\"de_DE\" \/>\n<meta property=\"og:type\" content=\"article\" \/>\n<meta property=\"og:title\" content=\"NINJA Multifunktions-Backofen 8 in 1 10 Liter - dev6 Erresse\" \/>\n<meta property=\"og:description\" content=\"Multifunktionsbackofen f\u00fcr 8 Gararten: Fritteuse, Braten, Backofen, Grill, Trockner, Toast, Bagel und Warmhalten. Digitale Crisp Control-Technologie.\" \/>\n<meta property=\"og:url\" content=\"https:\/\/dev6.erresse-shop.it\/de\/shop\/kleine-elektrogeraete\/oefen\/ninja-multifunktions-backofen-8-in-1-10-liter\/\" \/>\n<meta property=\"og:site_name\" content=\"dev6 Erresse\" \/>\n<meta property=\"og:image\" content=\"https:\/\/interpim.erresse-shop.it\/img-catalogo\/ninja\/ninja-forno-multifunzione-8-in-1.jpg\" \/><meta property=\"og:image\" content=\"https:\/\/interpim.erresse-shop.it\/img-catalogo\/ninja\/ninja-forno-multifunzione-8-in-1.jpg\" \/>\n\t<meta property=\"og:image:width\" content=\"1024\" \/>\n\t<meta property=\"og:image:height\" content=\"1024\" \/>\n\t<meta property=\"og:image:type\" content=\"image\/jpeg\" \/>\n<meta name=\"twitter:card\" content=\"summary_large_image\" \/>\n<meta name=\"twitter:image\" content=\"https:\/\/interpim.erresse-shop.it\/img-catalogo\/ninja\/ninja-forno-multifunzione-8-in-1.jpg\" \/>\n<script type=\"application\/ld+json\" class=\"yoast-schema-graph\">{\"@context\":\"https:\/\/schema.org\",\"@graph\":[{\"@type\":\"WebPage\",\"@id\":\"https:\/\/dev6.erresse-shop.it\/de\/shop\/kleine-elektrogeraete\/oefen\/ninja-multifunktions-backofen-8-in-1-10-liter\/\",\"url\":\"https:\/\/dev6.erresse-shop.it\/de\/shop\/kleine-elektrogeraete\/oefen\/ninja-multifunktions-backofen-8-in-1-10-liter\/\",\"name\":\"NINJA Multifunktions-Backofen 8 in 1 10 Liter - dev6 Erresse\",\"isPartOf\":{\"@id\":\"https:\/\/dev6.erresse-shop.it\/#website\"},\"primaryImageOfPage\":{\"@id\":\"https:\/\/dev6.erresse-shop.it\/de\/shop\/kleine-elektrogeraete\/oefen\/ninja-multifunktions-backofen-8-in-1-10-liter\/#primaryimage\"},\"image\":{\"@id\":\"https:\/\/dev6.erresse-shop.it\/de\/shop\/kleine-elektrogeraete\/oefen\/ninja-multifunktions-backofen-8-in-1-10-liter\/#primaryimage\"},\"thumbnailUrl\":\"https:\/\/i2.wp.com\/interpim.erresse-shop.it\/img-catalogo\/ninja\/ninja-forno-multifunzione-8-in-1.jpg?ssl=1\",\"datePublished\":\"2026-04-21T07:44:40+00:00\",\"description\":\"Multifunktionsbackofen f\u00fcr 8 Gararten: Fritteuse, Braten, Backofen, Grill, Trockner, Toast, Bagel und Warmhalten. Digitale Crisp Control-Technologie.\",\"breadcrumb\":{\"@id\":\"https:\/\/dev6.erresse-shop.it\/de\/shop\/kleine-elektrogeraete\/oefen\/ninja-multifunktions-backofen-8-in-1-10-liter\/#breadcrumb\"},\"inLanguage\":\"de\",\"potentialAction\":[{\"@type\":\"ReadAction\",\"target\":[\"https:\/\/dev6.erresse-shop.it\/de\/shop\/kleine-elektrogeraete\/oefen\/ninja-multifunktions-backofen-8-in-1-10-liter\/\"]}]},{\"@type\":\"ImageObject\",\"inLanguage\":\"de\",\"@id\":\"https:\/\/dev6.erresse-shop.it\/de\/shop\/kleine-elektrogeraete\/oefen\/ninja-multifunktions-backofen-8-in-1-10-liter\/#primaryimage\",\"url\":\"https:\/\/i2.wp.com\/interpim.erresse-shop.it\/img-catalogo\/ninja\/ninja-forno-multifunzione-8-in-1.jpg?ssl=1\",\"contentUrl\":\"https:\/\/i2.wp.com\/interpim.erresse-shop.it\/img-catalogo\/ninja\/ninja-forno-multifunzione-8-in-1.jpg?ssl=1\"},{\"@type\":\"BreadcrumbList\",\"@id\":\"https:\/\/dev6.erresse-shop.it\/de\/shop\/kleine-elektrogeraete\/oefen\/ninja-multifunktions-backofen-8-in-1-10-liter\/#breadcrumb\",\"itemListElement\":[{\"@type\":\"ListItem\",\"position\":1,\"name\":\"Home\",\"item\":\"https:\/\/dev6.erresse-shop.it\/\"},{\"@type\":\"ListItem\",\"position\":2,\"name\":\"Shop\",\"item\":\"https:\/\/dev6.erresse-shop.it\/shop\/\"},{\"@type\":\"ListItem\",\"position\":3,\"name\":\"NINJA Multifunktions-Backofen 8 in 1 10 Liter\"}]},{\"@type\":\"WebSite\",\"@id\":\"https:\/\/dev6.erresse-shop.it\/#website\",\"url\":\"https:\/\/dev6.erresse-shop.it\/\",\"name\":\"Erresse Shop\",\"description\":\"\",\"publisher\":{\"@id\":\"https:\/\/dev6.erresse-shop.it\/#organization\"},\"potentialAction\":[{\"@type\":\"SearchAction\",\"target\":{\"@type\":\"EntryPoint\",\"urlTemplate\":\"https:\/\/dev6.erresse-shop.it\/?s={search_term_string}\"},\"query-input\":{\"@type\":\"PropertyValueSpecification\",\"valueRequired\":true,\"valueName\":\"search_term_string\"}}],\"inLanguage\":\"de\"},{\"@type\":\"Organization\",\"@id\":\"https:\/\/dev6.erresse-shop.it\/#organization\",\"name\":\"Erresse Shop\",\"url\":\"https:\/\/dev6.erresse-shop.it\/\",\"logo\":{\"@type\":\"ImageObject\",\"inLanguage\":\"de\",\"@id\":\"https:\/\/dev6.erresse-shop.it\/#\/schema\/logo\/image\/\",\"url\":\"https:\/\/dev6.erresse-shop.it\/wp-content\/uploads\/2025\/01\/LOGO-ERRESSE-CLASSICO.svg\",\"contentUrl\":\"https:\/\/dev6.erresse-shop.it\/wp-content\/uploads\/2025\/01\/LOGO-ERRESSE-CLASSICO.svg\",\"caption\":\"Erresse Shop\"},\"image\":{\"@id\":\"https:\/\/dev6.erresse-shop.it\/#\/schema\/logo\/image\/\"}}]}<\/script>\n<!-- \/ Yoast SEO plugin. -->","yoast_head_json":{"title":"NINJA Multifunktions-Backofen 8 in 1 10 Liter - dev6 Erresse","description":"Multifunktionsbackofen f\u00fcr 8 Gararten: Fritteuse, Braten, Backofen, Grill, Trockner, Toast, Bagel und Warmhalten. Digitale Crisp Control-Technologie.","robots":{"index":"noindex","follow":"follow","max-snippet":"max-snippet:-1","max-image-preview":"max-image-preview:large","max-video-preview":"max-video-preview:-1"},"og_locale":"de_DE","og_type":"article","og_title":"NINJA Multifunktions-Backofen 8 in 1 10 Liter - dev6 Erresse","og_description":"Multifunktionsbackofen f\u00fcr 8 Gararten: Fritteuse, Braten, Backofen, Grill, Trockner, Toast, Bagel und Warmhalten. Digitale Crisp Control-Technologie.","og_url":"https:\/\/dev6.erresse-shop.it\/de\/shop\/kleine-elektrogeraete\/oefen\/ninja-multifunktions-backofen-8-in-1-10-liter\/","og_site_name":"dev6 Erresse","og_image":[{"url":"https:\/\/interpim.erresse-shop.it\/img-catalogo\/ninja\/ninja-forno-multifunzione-8-in-1.jpg","type":"","width":"","height":""},{"url":"https:\/\/interpim.erresse-shop.it\/img-catalogo\/ninja\/ninja-forno-multifunzione-8-in-1.jpg","width":1024,"height":1024,"type":"image\/jpeg"}],"twitter_card":"summary_large_image","twitter_image":"https:\/\/interpim.erresse-shop.it\/img-catalogo\/ninja\/ninja-forno-multifunzione-8-in-1.jpg","schema":{"@context":"https:\/\/schema.org","@graph":[{"@type":"WebPage","@id":"https:\/\/dev6.erresse-shop.it\/de\/shop\/kleine-elektrogeraete\/oefen\/ninja-multifunktions-backofen-8-in-1-10-liter\/","url":"https:\/\/dev6.erresse-shop.it\/de\/shop\/kleine-elektrogeraete\/oefen\/ninja-multifunktions-backofen-8-in-1-10-liter\/","name":"NINJA Multifunktions-Backofen 8 in 1 10 Liter - dev6 Erresse","isPartOf":{"@id":"https:\/\/dev6.erresse-shop.it\/#website"},"primaryImageOfPage":{"@id":"https:\/\/dev6.erresse-shop.it\/de\/shop\/kleine-elektrogeraete\/oefen\/ninja-multifunktions-backofen-8-in-1-10-liter\/#primaryimage"},"image":{"@id":"https:\/\/dev6.erresse-shop.it\/de\/shop\/kleine-elektrogeraete\/oefen\/ninja-multifunktions-backofen-8-in-1-10-liter\/#primaryimage"},"thumbnailUrl":"https:\/\/i2.wp.com\/interpim.erresse-shop.it\/img-catalogo\/ninja\/ninja-forno-multifunzione-8-in-1.jpg?ssl=1","datePublished":"2026-04-21T07:44:40+00:00","description":"Multifunktionsbackofen f\u00fcr 8 Gararten: Fritteuse, Braten, Backofen, Grill, Trockner, Toast, Bagel und Warmhalten. Digitale Crisp Control-Technologie.","breadcrumb":{"@id":"https:\/\/dev6.erresse-shop.it\/de\/shop\/kleine-elektrogeraete\/oefen\/ninja-multifunktions-backofen-8-in-1-10-liter\/#breadcrumb"},"inLanguage":"de","potentialAction":[{"@type":"ReadAction","target":["https:\/\/dev6.erresse-shop.it\/de\/shop\/kleine-elektrogeraete\/oefen\/ninja-multifunktions-backofen-8-in-1-10-liter\/"]}]},{"@type":"ImageObject","inLanguage":"de","@id":"https:\/\/dev6.erresse-shop.it\/de\/shop\/kleine-elektrogeraete\/oefen\/ninja-multifunktions-backofen-8-in-1-10-liter\/#primaryimage","url":"https:\/\/i2.wp.com\/interpim.erresse-shop.it\/img-catalogo\/ninja\/ninja-forno-multifunzione-8-in-1.jpg?ssl=1","contentUrl":"https:\/\/i2.wp.com\/interpim.erresse-shop.it\/img-catalogo\/ninja\/ninja-forno-multifunzione-8-in-1.jpg?ssl=1"},{"@type":"BreadcrumbList","@id":"https:\/\/dev6.erresse-shop.it\/de\/shop\/kleine-elektrogeraete\/oefen\/ninja-multifunktions-backofen-8-in-1-10-liter\/#breadcrumb","itemListElement":[{"@type":"ListItem","position":1,"name":"Home","item":"https:\/\/dev6.erresse-shop.it\/"},{"@type":"ListItem","position":2,"name":"Shop","item":"https:\/\/dev6.erresse-shop.it\/shop\/"},{"@type":"ListItem","position":3,"name":"NINJA Multifunktions-Backofen 8 in 1 10 Liter"}]},{"@type":"WebSite","@id":"https:\/\/dev6.erresse-shop.it\/#website","url":"https:\/\/dev6.erresse-shop.it\/","name":"Erresse Shop","description":"","publisher":{"@id":"https:\/\/dev6.erresse-shop.it\/#organization"},"potentialAction":[{"@type":"SearchAction","target":{"@type":"EntryPoint","urlTemplate":"https:\/\/dev6.erresse-shop.it\/?s={search_term_string}"},"query-input":{"@type":"PropertyValueSpecification","valueRequired":true,"valueName":"search_term_string"}}],"inLanguage":"de"},{"@type":"Organization","@id":"https:\/\/dev6.erresse-shop.it\/#organization","name":"Erresse Shop","url":"https:\/\/dev6.erresse-shop.it\/","logo":{"@type":"ImageObject","inLanguage":"de","@id":"https:\/\/dev6.erresse-shop.it\/#\/schema\/logo\/image\/","url":"https:\/\/dev6.erresse-shop.it\/wp-content\/uploads\/2025\/01\/LOGO-ERRESSE-CLASSICO.svg","contentUrl":"https:\/\/dev6.erresse-shop.it\/wp-content\/uploads\/2025\/01\/LOGO-ERRESSE-CLASSICO.svg","caption":"Erresse Shop"},"image":{"@id":"https:\/\/dev6.erresse-shop.it\/#\/schema\/logo\/image\/"}}]}},"df_price":229.99,"df_sale_price":"","df_regular_price":229.99,"df_image_link":"https:\/\/i2.wp.com\/interpim.erresse-shop.it\/img-catalogo\/ninja\/ninja-forno-multifunzione-8-in-1.jpg?resize=300,300&ssl=1","fifu_image_url":"https:\/\/interpim.erresse-shop.it\/img-catalogo\/ninja\/ninja-forno-multifunzione-8-in-1.jpg","_links":{"self":[{"href":"https:\/\/dev6.erresse-shop.it\/de\/wp-json\/wp\/v2\/product\/47671","targetHints":{"allow":["GET"]}}],"collection":[{"href":"https:\/\/dev6.erresse-shop.it\/de\/wp-json\/wp\/v2\/product"}],"about":[{"href":"https:\/\/dev6.erresse-shop.it\/de\/wp-json\/wp\/v2\/types\/product"}],"wp:featuredmedia":[{"embeddable":true,"href":"https:\/\/dev6.erresse-shop.it\/de\/wp-json\/wp\/v2\/media\/6720816"}],"wp:attachment":[{"href":"https:\/\/dev6.erresse-shop.it\/de\/wp-json\/wp\/v2\/media?parent=47671"}],"wp:term":[{"taxonomy":"product_cat","embeddable":true,"href":"https:\/\/dev6.erresse-shop.it\/de\/wp-json\/wp\/v2\/product_cat?post=47671"},{"taxonomy":"product_tag","embeddable":true,"href":"https:\/\/dev6.erresse-shop.it\/de\/wp-json\/wp\/v2\/product_tag?post=47671"}],"curies":[{"name":"wp","href":"https:\/\/api.w.org\/{rel}","templated":true}]}}