{"id":2465445,"date":"2026-04-12T14:55:15","date_gmt":"2026-04-12T12:55:15","guid":{"rendered":"https:\/\/dev6.erresse-shop.it\/shop\/unkategorisiert\/jura-kaffeemaschine-d6-piano-platin-einschliesslich-1-kg-kaffee\/"},"modified":"2025-07-04T15:31:37","modified_gmt":"2025-07-04T13:31:37","slug":"jura-kaffeemaschine-d6-piano-platin-einschliesslich-1-kg-kaffee","status":"publish","type":"product","link":"https:\/\/dev6.erresse-shop.it\/de\/shop\/kleine-elektrogeraete\/kaffeemaschinen-espresso\/jura-kaffeemaschine-d6-piano-platin-einschliesslich-1-kg-kaffee\/","title":{"rendered":"JURA Kaffeemaschine D6 Piano Platin &#8211; einschlie\u00dflich 1 Kg Kaffee"},"content":{"rendered":"<p>Funktionalit\u00e4t trifft auf Genuss<br \/>\nMit der selbsterkl\u00e4renden und schnellen D6 ist die Zubereitung des perfekten Kaffees ein Kinderspiel. Daf\u00fcr sorgen ein intuitives Display mit Klartext und das Easy Cappuccino-System mit Drehknopf. Die D6 zeigt ein klassisches Design, das neu interpretiert und mit hochwertigen Details angereichert wurde. Das nach neuesten technischen und ergonomischen Erkenntnissen optimierte Easy Cappuccino-System kr\u00f6nt Milchspezialit\u00e4ten wie Cappuccino mit einem k\u00f6stlichen Milchschaum von weicher und zarter Konsistenz.<\/p>\n<p>Ausgezeichnete Kaffeequalit\u00e4t<br \/>\nInnovationen auf h\u00f6chstem Niveau erm\u00f6glichen die Zubereitung von sechs Kaffeespezialit\u00e4ten in bester Barista-Qualit\u00e4t. Die AromaG2 Kaffeem\u00fchle besticht durch ihre perfektionierte Schnittwinkelarchitektur, die es erm\u00f6glicht, die Kaffeebohnen frisch, in der idealen Feinheit, schnell und gleichzeitig besonders schonend zu mahlen. Der Pulse Extraction Process (P.E.P.\u00ae) optimiert die Extraktionszeit und entfaltet das volle Bouquet der Kaffeearomen.<\/p>\n<p>Einfache Bedienphilosophie mit Tasten auf der Frontblende<br \/>\nDie Bedienung \u00fcber das Klartext-Display und den ergonomisch optimierten Drehknopf ist einfach und intuitiv und kann dank des optionalen Smart Connect sogar \u00fcber Smartphone oder Tablet bedient werden.<\/p>\n<p>Intelligentes Wassersystem (I.W.S.\u00ae) f\u00fcr automatische Filtererkennung<br \/>\nCLARIS Wasserfilter sorgen f\u00fcr optimale Wasserqualit\u00e4t und damit f\u00fcr einen Rundum-Genuss. Gleichzeitig sch\u00fctzen sie den Automaten vor Kalk und entziehen dem Wasser geschmacks- und geruchsver\u00e4ndernde Stoffe wie Schwermetalle und Chlor. Um die Vorteile und die Leistungsf\u00e4higkeit des Filters optimal zu nutzen, hat JURA das Intelligent Water System (I.W.S.\u00ae) erfunden. Die Filterkartusche und der Automat sind \u00fcber RFID-Technologie miteinander verbunden, so dass der Filter automatisch erkannt wird. Noch nie war die Anwendung des Filters so einfach und sicher.<\/p>\n<p>Spezifikationen<br \/>\nH\u00f6hen-\/Breitenverstellbarer Kaffeeauslauf: 64 \u2013 110 mm \/ \u2013<br \/>\nFassungsverm\u00f6gen Wassertank: 1,9 l<br \/>\nFassungsverm\u00f6gen Kaffeebohnenbeh\u00e4lter: 200 g<br \/>\nKaffeesatzbeh\u00e4lter (Portionen): 16<br \/>\nKabell\u00e4nge: 1,1 m<br \/>\nSpannung \/ Leistungsaufnahme: 230 V ~ \/ 1450 W<br \/>\nStand-by-Verbrauch: 0 W<br \/>\nGewicht: 8,7 kg<br \/>\nAbmessungen (B \u00d7 H \u00d7 T): 28 \u00d7 34,5 \u00d7 41,5 cm<br \/>\nArtikelnummer, Produktcode: 15181, Platin<br \/>\nHerstellerland: Hergestellt in Portugal<br \/>\nModelljahr: 2017<\/p>\n","protected":false},"excerpt":{"rendered":"<p>Funktionalit\u00e4t trifft auf Genuss Mit der selbsterkl\u00e4renden und schnellen D6 ist die Zubereitung des perfekten Kaffees ein Kinderspiel. Daf\u00fcr sorgen ein intuitives Display mit Klartext und das Easy Cappuccino-System mit Drehknopf. Die D6 zeigt ein klassisches Design, das neu interpretiert und mit hochwertigen Details angereichert wurde. Das nach neuesten technischen und ergonomischen Erkenntnissen optimierte Easy [&hellip;]<\/p>\n","protected":false},"featured_media":6381720,"template":"","meta":{"_acf_changed":false},"product_cat":[12171,12163],"product_tag":[],"class_list":{"0":"post-2465445","1":"product","2":"type-product","3":"status-publish","4":"has-post-thumbnail","6":"product_cat-kaffeemaschinen-espresso","7":"product_cat-kleine-elektrogeraete","9":"first","10":"instock","11":"sale","12":"taxable","13":"shipping-taxable","14":"purchasable","15":"product-type-simple","swatches":"rey-swatches","show_selected":"","stretch_labels":"rey-swatches--stretch-labels"},"acf":[],"yoast_head":"<!-- This site is optimized with the Yoast SEO plugin v25.4 - https:\/\/yoast.com\/wordpress\/plugins\/seo\/ -->\n<title>JURA Kaffeemaschine D6 Piano Platin &#8211; einschlie\u00dflich 1 Kg Kaffee - dev6 Erresse<\/title>\n<meta name=\"description\" content=\"Funktionalit\u00e4t trifft auf Genuss Mit der selbsterkl\u00e4renden und schnellen D6 ist die Zubereitung des perfekten Kaffees ein Kinderspiel. Daf\u00fcr sorgen ein\" \/>\n<meta name=\"robots\" content=\"noindex, follow, max-snippet:-1, max-image-preview:large, max-video-preview:-1\" \/>\n<meta property=\"og:locale\" content=\"de_DE\" \/>\n<meta property=\"og:type\" content=\"article\" \/>\n<meta property=\"og:title\" content=\"JURA Kaffeemaschine D6 Piano Platin &#8211; einschlie\u00dflich 1 Kg Kaffee - dev6 Erresse\" \/>\n<meta property=\"og:description\" content=\"Funktionalit\u00e4t trifft auf Genuss Mit der selbsterkl\u00e4renden und schnellen D6 ist die Zubereitung des perfekten Kaffees ein Kinderspiel. Daf\u00fcr sorgen ein\" \/>\n<meta property=\"og:url\" content=\"https:\/\/dev6.erresse-shop.it\/de\/shop\/kleine-elektrogeraete\/kaffeemaschinen-espresso\/jura-kaffeemaschine-d6-piano-platin-einschliesslich-1-kg-kaffee\/\" \/>\n<meta property=\"og:site_name\" content=\"dev6 Erresse\" \/>\n<meta property=\"og:image\" content=\"https:\/\/interpim.erresse-shop.it\/wp-content\/uploads\/2023\/12\/d6-platino-1.jpg\/d6-platino-1.jpg\" \/><meta property=\"og:image\" content=\"https:\/\/interpim.erresse-shop.it\/wp-content\/uploads\/2023\/12\/d6-platino-1.jpg\/d6-platino-1.jpg\" \/>\n\t<meta property=\"og:image:width\" content=\"1024\" \/>\n\t<meta property=\"og:image:height\" content=\"1024\" \/>\n\t<meta property=\"og:image:type\" content=\"image\/jpeg\" \/>\n<meta name=\"twitter:card\" content=\"summary_large_image\" \/>\n<meta name=\"twitter:image\" content=\"https:\/\/interpim.erresse-shop.it\/wp-content\/uploads\/2023\/12\/d6-platino-1.jpg\/d6-platino-1.jpg\" \/>\n<script type=\"application\/ld+json\" class=\"yoast-schema-graph\">{\"@context\":\"https:\/\/schema.org\",\"@graph\":[{\"@type\":\"WebPage\",\"@id\":\"https:\/\/dev6.erresse-shop.it\/de\/shop\/kleine-elektrogeraete\/kaffeemaschinen-espresso\/jura-kaffeemaschine-d6-piano-platin-einschliesslich-1-kg-kaffee\/\",\"url\":\"https:\/\/dev6.erresse-shop.it\/de\/shop\/kleine-elektrogeraete\/kaffeemaschinen-espresso\/jura-kaffeemaschine-d6-piano-platin-einschliesslich-1-kg-kaffee\/\",\"name\":\"JURA Kaffeemaschine D6 Piano Platin &#8211; einschlie\u00dflich 1 Kg Kaffee - dev6 Erresse\",\"isPartOf\":{\"@id\":\"https:\/\/dev6.erresse-shop.it\/#website\"},\"primaryImageOfPage\":{\"@id\":\"https:\/\/dev6.erresse-shop.it\/de\/shop\/kleine-elektrogeraete\/kaffeemaschinen-espresso\/jura-kaffeemaschine-d6-piano-platin-einschliesslich-1-kg-kaffee\/#primaryimage\"},\"image\":{\"@id\":\"https:\/\/dev6.erresse-shop.it\/de\/shop\/kleine-elektrogeraete\/kaffeemaschinen-espresso\/jura-kaffeemaschine-d6-piano-platin-einschliesslich-1-kg-kaffee\/#primaryimage\"},\"thumbnailUrl\":\"https:\/\/i2.wp.com\/interpim.erresse-shop.it\/wp-content\/uploads\/2023\/12\/d6-platino-1.jpg\/d6-platino-1.jpg?ssl=1\",\"datePublished\":\"2026-04-12T12:55:15+00:00\",\"description\":\"Funktionalit\u00e4t trifft auf Genuss Mit der selbsterkl\u00e4renden und schnellen D6 ist die Zubereitung des perfekten Kaffees ein Kinderspiel. Daf\u00fcr sorgen ein\",\"breadcrumb\":{\"@id\":\"https:\/\/dev6.erresse-shop.it\/de\/shop\/kleine-elektrogeraete\/kaffeemaschinen-espresso\/jura-kaffeemaschine-d6-piano-platin-einschliesslich-1-kg-kaffee\/#breadcrumb\"},\"inLanguage\":\"de\",\"potentialAction\":[{\"@type\":\"ReadAction\",\"target\":[\"https:\/\/dev6.erresse-shop.it\/de\/shop\/kleine-elektrogeraete\/kaffeemaschinen-espresso\/jura-kaffeemaschine-d6-piano-platin-einschliesslich-1-kg-kaffee\/\"]}]},{\"@type\":\"ImageObject\",\"inLanguage\":\"de\",\"@id\":\"https:\/\/dev6.erresse-shop.it\/de\/shop\/kleine-elektrogeraete\/kaffeemaschinen-espresso\/jura-kaffeemaschine-d6-piano-platin-einschliesslich-1-kg-kaffee\/#primaryimage\",\"url\":\"https:\/\/i2.wp.com\/interpim.erresse-shop.it\/wp-content\/uploads\/2023\/12\/d6-platino-1.jpg\/d6-platino-1.jpg?ssl=1\",\"contentUrl\":\"https:\/\/i2.wp.com\/interpim.erresse-shop.it\/wp-content\/uploads\/2023\/12\/d6-platino-1.jpg\/d6-platino-1.jpg?ssl=1\"},{\"@type\":\"BreadcrumbList\",\"@id\":\"https:\/\/dev6.erresse-shop.it\/de\/shop\/kleine-elektrogeraete\/kaffeemaschinen-espresso\/jura-kaffeemaschine-d6-piano-platin-einschliesslich-1-kg-kaffee\/#breadcrumb\",\"itemListElement\":[{\"@type\":\"ListItem\",\"position\":1,\"name\":\"Home\",\"item\":\"https:\/\/dev6.erresse-shop.it\/\"},{\"@type\":\"ListItem\",\"position\":2,\"name\":\"Shop\",\"item\":\"https:\/\/dev6.erresse-shop.it\/shop\/\"},{\"@type\":\"ListItem\",\"position\":3,\"name\":\"JURA Kaffeemaschine D6 Piano Platin &#8211; einschlie\u00dflich 1 Kg Kaffee\"}]},{\"@type\":\"WebSite\",\"@id\":\"https:\/\/dev6.erresse-shop.it\/#website\",\"url\":\"https:\/\/dev6.erresse-shop.it\/\",\"name\":\"Erresse Shop\",\"description\":\"\",\"publisher\":{\"@id\":\"https:\/\/dev6.erresse-shop.it\/#organization\"},\"potentialAction\":[{\"@type\":\"SearchAction\",\"target\":{\"@type\":\"EntryPoint\",\"urlTemplate\":\"https:\/\/dev6.erresse-shop.it\/?s={search_term_string}\"},\"query-input\":{\"@type\":\"PropertyValueSpecification\",\"valueRequired\":true,\"valueName\":\"search_term_string\"}}],\"inLanguage\":\"de\"},{\"@type\":\"Organization\",\"@id\":\"https:\/\/dev6.erresse-shop.it\/#organization\",\"name\":\"Erresse Shop\",\"url\":\"https:\/\/dev6.erresse-shop.it\/\",\"logo\":{\"@type\":\"ImageObject\",\"inLanguage\":\"de\",\"@id\":\"https:\/\/dev6.erresse-shop.it\/#\/schema\/logo\/image\/\",\"url\":\"https:\/\/dev6.erresse-shop.it\/wp-content\/uploads\/2025\/01\/LOGO-ERRESSE-CLASSICO.svg\",\"contentUrl\":\"https:\/\/dev6.erresse-shop.it\/wp-content\/uploads\/2025\/01\/LOGO-ERRESSE-CLASSICO.svg\",\"caption\":\"Erresse Shop\"},\"image\":{\"@id\":\"https:\/\/dev6.erresse-shop.it\/#\/schema\/logo\/image\/\"}}]}<\/script>\n<!-- \/ Yoast SEO plugin. -->","yoast_head_json":{"title":"JURA Kaffeemaschine D6 Piano Platin &#8211; einschlie\u00dflich 1 Kg Kaffee - dev6 Erresse","description":"Funktionalit\u00e4t trifft auf Genuss Mit der selbsterkl\u00e4renden und schnellen D6 ist die Zubereitung des perfekten Kaffees ein Kinderspiel. Daf\u00fcr sorgen ein","robots":{"index":"noindex","follow":"follow","max-snippet":"max-snippet:-1","max-image-preview":"max-image-preview:large","max-video-preview":"max-video-preview:-1"},"og_locale":"de_DE","og_type":"article","og_title":"JURA Kaffeemaschine D6 Piano Platin &#8211; einschlie\u00dflich 1 Kg Kaffee - dev6 Erresse","og_description":"Funktionalit\u00e4t trifft auf Genuss Mit der selbsterkl\u00e4renden und schnellen D6 ist die Zubereitung des perfekten Kaffees ein Kinderspiel. Daf\u00fcr sorgen ein","og_url":"https:\/\/dev6.erresse-shop.it\/de\/shop\/kleine-elektrogeraete\/kaffeemaschinen-espresso\/jura-kaffeemaschine-d6-piano-platin-einschliesslich-1-kg-kaffee\/","og_site_name":"dev6 Erresse","og_image":[{"url":"https:\/\/interpim.erresse-shop.it\/wp-content\/uploads\/2023\/12\/d6-platino-1.jpg\/d6-platino-1.jpg","type":"","width":"","height":""},{"url":"https:\/\/interpim.erresse-shop.it\/wp-content\/uploads\/2023\/12\/d6-platino-1.jpg\/d6-platino-1.jpg","width":1024,"height":1024,"type":"image\/jpeg"}],"twitter_card":"summary_large_image","twitter_image":"https:\/\/interpim.erresse-shop.it\/wp-content\/uploads\/2023\/12\/d6-platino-1.jpg\/d6-platino-1.jpg","schema":{"@context":"https:\/\/schema.org","@graph":[{"@type":"WebPage","@id":"https:\/\/dev6.erresse-shop.it\/de\/shop\/kleine-elektrogeraete\/kaffeemaschinen-espresso\/jura-kaffeemaschine-d6-piano-platin-einschliesslich-1-kg-kaffee\/","url":"https:\/\/dev6.erresse-shop.it\/de\/shop\/kleine-elektrogeraete\/kaffeemaschinen-espresso\/jura-kaffeemaschine-d6-piano-platin-einschliesslich-1-kg-kaffee\/","name":"JURA Kaffeemaschine D6 Piano Platin &#8211; einschlie\u00dflich 1 Kg Kaffee - dev6 Erresse","isPartOf":{"@id":"https:\/\/dev6.erresse-shop.it\/#website"},"primaryImageOfPage":{"@id":"https:\/\/dev6.erresse-shop.it\/de\/shop\/kleine-elektrogeraete\/kaffeemaschinen-espresso\/jura-kaffeemaschine-d6-piano-platin-einschliesslich-1-kg-kaffee\/#primaryimage"},"image":{"@id":"https:\/\/dev6.erresse-shop.it\/de\/shop\/kleine-elektrogeraete\/kaffeemaschinen-espresso\/jura-kaffeemaschine-d6-piano-platin-einschliesslich-1-kg-kaffee\/#primaryimage"},"thumbnailUrl":"https:\/\/i2.wp.com\/interpim.erresse-shop.it\/wp-content\/uploads\/2023\/12\/d6-platino-1.jpg\/d6-platino-1.jpg?ssl=1","datePublished":"2026-04-12T12:55:15+00:00","description":"Funktionalit\u00e4t trifft auf Genuss Mit der selbsterkl\u00e4renden und schnellen D6 ist die Zubereitung des perfekten Kaffees ein Kinderspiel. Daf\u00fcr sorgen ein","breadcrumb":{"@id":"https:\/\/dev6.erresse-shop.it\/de\/shop\/kleine-elektrogeraete\/kaffeemaschinen-espresso\/jura-kaffeemaschine-d6-piano-platin-einschliesslich-1-kg-kaffee\/#breadcrumb"},"inLanguage":"de","potentialAction":[{"@type":"ReadAction","target":["https:\/\/dev6.erresse-shop.it\/de\/shop\/kleine-elektrogeraete\/kaffeemaschinen-espresso\/jura-kaffeemaschine-d6-piano-platin-einschliesslich-1-kg-kaffee\/"]}]},{"@type":"ImageObject","inLanguage":"de","@id":"https:\/\/dev6.erresse-shop.it\/de\/shop\/kleine-elektrogeraete\/kaffeemaschinen-espresso\/jura-kaffeemaschine-d6-piano-platin-einschliesslich-1-kg-kaffee\/#primaryimage","url":"https:\/\/i2.wp.com\/interpim.erresse-shop.it\/wp-content\/uploads\/2023\/12\/d6-platino-1.jpg\/d6-platino-1.jpg?ssl=1","contentUrl":"https:\/\/i2.wp.com\/interpim.erresse-shop.it\/wp-content\/uploads\/2023\/12\/d6-platino-1.jpg\/d6-platino-1.jpg?ssl=1"},{"@type":"BreadcrumbList","@id":"https:\/\/dev6.erresse-shop.it\/de\/shop\/kleine-elektrogeraete\/kaffeemaschinen-espresso\/jura-kaffeemaschine-d6-piano-platin-einschliesslich-1-kg-kaffee\/#breadcrumb","itemListElement":[{"@type":"ListItem","position":1,"name":"Home","item":"https:\/\/dev6.erresse-shop.it\/"},{"@type":"ListItem","position":2,"name":"Shop","item":"https:\/\/dev6.erresse-shop.it\/shop\/"},{"@type":"ListItem","position":3,"name":"JURA Kaffeemaschine D6 Piano Platin &#8211; einschlie\u00dflich 1 Kg Kaffee"}]},{"@type":"WebSite","@id":"https:\/\/dev6.erresse-shop.it\/#website","url":"https:\/\/dev6.erresse-shop.it\/","name":"Erresse Shop","description":"","publisher":{"@id":"https:\/\/dev6.erresse-shop.it\/#organization"},"potentialAction":[{"@type":"SearchAction","target":{"@type":"EntryPoint","urlTemplate":"https:\/\/dev6.erresse-shop.it\/?s={search_term_string}"},"query-input":{"@type":"PropertyValueSpecification","valueRequired":true,"valueName":"search_term_string"}}],"inLanguage":"de"},{"@type":"Organization","@id":"https:\/\/dev6.erresse-shop.it\/#organization","name":"Erresse Shop","url":"https:\/\/dev6.erresse-shop.it\/","logo":{"@type":"ImageObject","inLanguage":"de","@id":"https:\/\/dev6.erresse-shop.it\/#\/schema\/logo\/image\/","url":"https:\/\/dev6.erresse-shop.it\/wp-content\/uploads\/2025\/01\/LOGO-ERRESSE-CLASSICO.svg","contentUrl":"https:\/\/dev6.erresse-shop.it\/wp-content\/uploads\/2025\/01\/LOGO-ERRESSE-CLASSICO.svg","caption":"Erresse Shop"},"image":{"@id":"https:\/\/dev6.erresse-shop.it\/#\/schema\/logo\/image\/"}}]}},"df_price":745.46,"df_sale_price":745.46,"df_regular_price":849,"df_image_link":"https:\/\/i2.wp.com\/interpim.erresse-shop.it\/wp-content\/uploads\/2023\/12\/d6-platino-1.jpg\/d6-platino-1.jpg?resize=300,300&ssl=1","fifu_image_url":"https:\/\/interpim.erresse-shop.it\/wp-content\/uploads\/2023\/12\/d6-platino-1.jpg\/d6-platino-1.jpg","_links":{"self":[{"href":"https:\/\/dev6.erresse-shop.it\/de\/wp-json\/wp\/v2\/product\/2465445","targetHints":{"allow":["GET"]}}],"collection":[{"href":"https:\/\/dev6.erresse-shop.it\/de\/wp-json\/wp\/v2\/product"}],"about":[{"href":"https:\/\/dev6.erresse-shop.it\/de\/wp-json\/wp\/v2\/types\/product"}],"wp:featuredmedia":[{"embeddable":true,"href":"https:\/\/dev6.erresse-shop.it\/de\/wp-json\/wp\/v2\/media\/6381720"}],"wp:attachment":[{"href":"https:\/\/dev6.erresse-shop.it\/de\/wp-json\/wp\/v2\/media?parent=2465445"}],"wp:term":[{"taxonomy":"product_cat","embeddable":true,"href":"https:\/\/dev6.erresse-shop.it\/de\/wp-json\/wp\/v2\/product_cat?post=2465445"},{"taxonomy":"product_tag","embeddable":true,"href":"https:\/\/dev6.erresse-shop.it\/de\/wp-json\/wp\/v2\/product_tag?post=2465445"}],"curies":[{"name":"wp","href":"https:\/\/api.w.org\/{rel}","templated":true}]}}