{"id":2465443,"date":"2026-04-12T14:55:15","date_gmt":"2026-04-12T12:55:15","guid":{"rendered":"https:\/\/dev6.erresse-shop.it\/shop\/unkategorisiert\/joseph-joseph-folio-4er-set-schneidebretter-mit-steel-etui-2\/"},"modified":"2025-09-26T19:01:16","modified_gmt":"2025-09-26T17:01:16","slug":"joseph-joseph-folio-4er-set-schneidebretter-mit-steel-etui-2","status":"publish","type":"product","link":"https:\/\/dev6.erresse-shop.it\/de\/shop\/kuche\/schneidebretter\/joseph-joseph-folio-4er-set-schneidebretter-mit-steel-etui-2\/","title":{"rendered":"JOSEPH JOSEPH Folio\u2122 4er-Set Schneidebretter mit Steel Etui"},"content":{"rendered":"<p>Produktmerkmale:<\/p>\n<p>Dieses hochwertige Set, das ein schlankes Geh\u00e4use und vier gro\u00dfe Schneidebretter umfasst, hebt sich von allen anderen Teilen auf Ihrer Arbeitsfl\u00e4che ab.<\/p>\n<p>4 Schneidebretter (farbcodiert), rutschfeste F\u00fc\u00dfe<br \/>\nTexturierte Schnittfl\u00e4chen f\u00fcr Messer geeignet<br \/>\nEdelstahlstangen f\u00fcr einfache Brettauswahl<br \/>\nFingerabdrucksichere Halterung aus Edelstahl<br \/>\nDie Halterung h\u00e4lt die Bretter auseinander, damit die Luft zirkulieren kann.<br \/>\nAbmessungen des Schneidebretts: 24 x 34 cm (9\u00bd x 13\u00bd Zoll)<\/p>\n<p>Vorsichtsma\u00dfnahmen und Verwendung<\/p>\n<p>Sp\u00fclmaschinengeeignete Bretter<br \/>\nReinigen Sie das Geh\u00e4use mit einem feuchten Tuch<br \/>\nVermeiden Sie die Verwendung von Schw\u00e4mmen oder scharfen chemischen<br \/>\nReinigern.<br \/>\nDie messerfreundliche Oberfl\u00e4che ist so konzipiert, dass sie bei der<br \/>\nVerwendung leichte Spuren hinterl\u00e4sst.<\/p>\n<p>Abmessungen:<br \/>\nH26,5 x B35,5 x T7,4 cm (H10\u00bd x B14 x T3 Zoll)<br \/>\nGewicht:<br \/>\n3,3 kg<\/p>\n<p>Entworfen von Joseph Joseph<\/p>\n","protected":false},"excerpt":{"rendered":"<p>Produktmerkmale: Dieses hochwertige Set, das ein schlankes Geh\u00e4use und vier gro\u00dfe Schneidebretter umfasst, hebt sich von allen anderen Teilen auf Ihrer Arbeitsfl\u00e4che ab. 4 Schneidebretter (farbcodiert), rutschfeste F\u00fc\u00dfe Texturierte Schnittfl\u00e4chen f\u00fcr Messer geeignet Edelstahlstangen f\u00fcr einfache Brettauswahl Fingerabdrucksichere Halterung aus Edelstahl Die Halterung h\u00e4lt die Bretter auseinander, damit die Luft zirkulieren kann. Abmessungen des Schneidebretts: [&hellip;]<\/p>\n","protected":false},"featured_media":6381708,"template":"","meta":{"_acf_changed":false},"product_cat":[12100,12150],"product_tag":[],"class_list":{"0":"post-2465443","1":"product","2":"type-product","3":"status-publish","4":"has-post-thumbnail","6":"product_cat-kuche","7":"product_cat-schneidebretter","9":"first","10":"instock","11":"sale","12":"taxable","13":"shipping-taxable","14":"purchasable","15":"product-type-simple","swatches":"rey-swatches","show_selected":"","stretch_labels":"rey-swatches--stretch-labels"},"acf":[],"yoast_head":"<!-- This site is optimized with the Yoast SEO plugin v25.4 - https:\/\/yoast.com\/wordpress\/plugins\/seo\/ -->\n<title>JOSEPH JOSEPH Folio\u2122 4er-Set Schneidebretter mit Steel Etui - dev6 Erresse<\/title>\n<meta name=\"description\" content=\"Produktmerkmale: Dieses hochwertige Set, das ein schlankes Geh\u00e4use und vier gro\u00dfe Schneidebretter umfasst, hebt sich von allen anderen Teilen auf Ihrer\" \/>\n<meta name=\"robots\" content=\"noindex, follow, max-snippet:-1, max-image-preview:large, max-video-preview:-1\" \/>\n<meta property=\"og:locale\" content=\"de_DE\" \/>\n<meta property=\"og:type\" content=\"article\" \/>\n<meta property=\"og:title\" content=\"JOSEPH JOSEPH Folio\u2122 4er-Set Schneidebretter mit Steel Etui - dev6 Erresse\" \/>\n<meta property=\"og:description\" content=\"Produktmerkmale: Dieses hochwertige Set, das ein schlankes Geh\u00e4use und vier gro\u00dfe Schneidebretter umfasst, hebt sich von allen anderen Teilen auf Ihrer\" \/>\n<meta property=\"og:url\" content=\"https:\/\/dev6.erresse-shop.it\/de\/shop\/kuche\/schneidebretter\/joseph-joseph-folio-4er-set-schneidebretter-mit-steel-etui-2\/\" \/>\n<meta property=\"og:site_name\" content=\"dev6 Erresse\" \/>\n<meta property=\"og:image\" content=\"https:\/\/interpim.erresse-shop.it\/Import\/Prodotti\/joseph-joseph-folio-set-di-taglieri-con-custodia-in-acciaio.jpg\" \/><meta property=\"og:image\" content=\"https:\/\/interpim.erresse-shop.it\/Import\/Prodotti\/joseph-joseph-folio-set-di-taglieri-con-custodia-in-acciaio.jpg\" \/>\n\t<meta property=\"og:image:width\" content=\"1024\" \/>\n\t<meta property=\"og:image:height\" content=\"1024\" \/>\n\t<meta property=\"og:image:type\" content=\"image\/jpeg\" \/>\n<meta name=\"twitter:card\" content=\"summary_large_image\" \/>\n<meta name=\"twitter:image\" content=\"https:\/\/interpim.erresse-shop.it\/Import\/Prodotti\/joseph-joseph-folio-set-di-taglieri-con-custodia-in-acciaio.jpg\" \/>\n<script type=\"application\/ld+json\" class=\"yoast-schema-graph\">{\"@context\":\"https:\/\/schema.org\",\"@graph\":[{\"@type\":\"WebPage\",\"@id\":\"https:\/\/dev6.erresse-shop.it\/de\/shop\/kuche\/schneidebretter\/joseph-joseph-folio-4er-set-schneidebretter-mit-steel-etui-2\/\",\"url\":\"https:\/\/dev6.erresse-shop.it\/de\/shop\/kuche\/schneidebretter\/joseph-joseph-folio-4er-set-schneidebretter-mit-steel-etui-2\/\",\"name\":\"JOSEPH JOSEPH Folio\u2122 4er-Set Schneidebretter mit Steel Etui - dev6 Erresse\",\"isPartOf\":{\"@id\":\"https:\/\/dev6.erresse-shop.it\/#website\"},\"primaryImageOfPage\":{\"@id\":\"https:\/\/dev6.erresse-shop.it\/de\/shop\/kuche\/schneidebretter\/joseph-joseph-folio-4er-set-schneidebretter-mit-steel-etui-2\/#primaryimage\"},\"image\":{\"@id\":\"https:\/\/dev6.erresse-shop.it\/de\/shop\/kuche\/schneidebretter\/joseph-joseph-folio-4er-set-schneidebretter-mit-steel-etui-2\/#primaryimage\"},\"thumbnailUrl\":\"https:\/\/i3.wp.com\/interpim.erresse-shop.it\/Import\/Prodotti\/joseph-joseph-folio-set-di-taglieri-con-custodia-in-acciaio.jpg?ssl=1\",\"datePublished\":\"2026-04-12T12:55:15+00:00\",\"description\":\"Produktmerkmale: Dieses hochwertige Set, das ein schlankes Geh\u00e4use und vier gro\u00dfe Schneidebretter umfasst, hebt sich von allen anderen Teilen auf Ihrer\",\"breadcrumb\":{\"@id\":\"https:\/\/dev6.erresse-shop.it\/de\/shop\/kuche\/schneidebretter\/joseph-joseph-folio-4er-set-schneidebretter-mit-steel-etui-2\/#breadcrumb\"},\"inLanguage\":\"de\",\"potentialAction\":[{\"@type\":\"ReadAction\",\"target\":[\"https:\/\/dev6.erresse-shop.it\/de\/shop\/kuche\/schneidebretter\/joseph-joseph-folio-4er-set-schneidebretter-mit-steel-etui-2\/\"]}]},{\"@type\":\"ImageObject\",\"inLanguage\":\"de\",\"@id\":\"https:\/\/dev6.erresse-shop.it\/de\/shop\/kuche\/schneidebretter\/joseph-joseph-folio-4er-set-schneidebretter-mit-steel-etui-2\/#primaryimage\",\"url\":\"https:\/\/i3.wp.com\/interpim.erresse-shop.it\/Import\/Prodotti\/joseph-joseph-folio-set-di-taglieri-con-custodia-in-acciaio.jpg?ssl=1\",\"contentUrl\":\"https:\/\/i3.wp.com\/interpim.erresse-shop.it\/Import\/Prodotti\/joseph-joseph-folio-set-di-taglieri-con-custodia-in-acciaio.jpg?ssl=1\"},{\"@type\":\"BreadcrumbList\",\"@id\":\"https:\/\/dev6.erresse-shop.it\/de\/shop\/kuche\/schneidebretter\/joseph-joseph-folio-4er-set-schneidebretter-mit-steel-etui-2\/#breadcrumb\",\"itemListElement\":[{\"@type\":\"ListItem\",\"position\":1,\"name\":\"Home\",\"item\":\"https:\/\/dev6.erresse-shop.it\/\"},{\"@type\":\"ListItem\",\"position\":2,\"name\":\"Shop\",\"item\":\"https:\/\/dev6.erresse-shop.it\/shop\/\"},{\"@type\":\"ListItem\",\"position\":3,\"name\":\"JOSEPH JOSEPH Folio\u2122 4er-Set Schneidebretter mit Steel Etui\"}]},{\"@type\":\"WebSite\",\"@id\":\"https:\/\/dev6.erresse-shop.it\/#website\",\"url\":\"https:\/\/dev6.erresse-shop.it\/\",\"name\":\"Erresse Shop\",\"description\":\"\",\"publisher\":{\"@id\":\"https:\/\/dev6.erresse-shop.it\/#organization\"},\"potentialAction\":[{\"@type\":\"SearchAction\",\"target\":{\"@type\":\"EntryPoint\",\"urlTemplate\":\"https:\/\/dev6.erresse-shop.it\/?s={search_term_string}\"},\"query-input\":{\"@type\":\"PropertyValueSpecification\",\"valueRequired\":true,\"valueName\":\"search_term_string\"}}],\"inLanguage\":\"de\"},{\"@type\":\"Organization\",\"@id\":\"https:\/\/dev6.erresse-shop.it\/#organization\",\"name\":\"Erresse Shop\",\"url\":\"https:\/\/dev6.erresse-shop.it\/\",\"logo\":{\"@type\":\"ImageObject\",\"inLanguage\":\"de\",\"@id\":\"https:\/\/dev6.erresse-shop.it\/#\/schema\/logo\/image\/\",\"url\":\"https:\/\/dev6.erresse-shop.it\/wp-content\/uploads\/2025\/01\/LOGO-ERRESSE-CLASSICO.svg\",\"contentUrl\":\"https:\/\/dev6.erresse-shop.it\/wp-content\/uploads\/2025\/01\/LOGO-ERRESSE-CLASSICO.svg\",\"caption\":\"Erresse Shop\"},\"image\":{\"@id\":\"https:\/\/dev6.erresse-shop.it\/#\/schema\/logo\/image\/\"}}]}<\/script>\n<!-- \/ Yoast SEO plugin. -->","yoast_head_json":{"title":"JOSEPH JOSEPH Folio\u2122 4er-Set Schneidebretter mit Steel Etui - dev6 Erresse","description":"Produktmerkmale: Dieses hochwertige Set, das ein schlankes Geh\u00e4use und vier gro\u00dfe Schneidebretter umfasst, hebt sich von allen anderen Teilen auf Ihrer","robots":{"index":"noindex","follow":"follow","max-snippet":"max-snippet:-1","max-image-preview":"max-image-preview:large","max-video-preview":"max-video-preview:-1"},"og_locale":"de_DE","og_type":"article","og_title":"JOSEPH JOSEPH Folio\u2122 4er-Set Schneidebretter mit Steel Etui - dev6 Erresse","og_description":"Produktmerkmale: Dieses hochwertige Set, das ein schlankes Geh\u00e4use und vier gro\u00dfe Schneidebretter umfasst, hebt sich von allen anderen Teilen auf Ihrer","og_url":"https:\/\/dev6.erresse-shop.it\/de\/shop\/kuche\/schneidebretter\/joseph-joseph-folio-4er-set-schneidebretter-mit-steel-etui-2\/","og_site_name":"dev6 Erresse","og_image":[{"url":"https:\/\/interpim.erresse-shop.it\/Import\/Prodotti\/joseph-joseph-folio-set-di-taglieri-con-custodia-in-acciaio.jpg","type":"","width":"","height":""},{"url":"https:\/\/interpim.erresse-shop.it\/Import\/Prodotti\/joseph-joseph-folio-set-di-taglieri-con-custodia-in-acciaio.jpg","width":1024,"height":1024,"type":"image\/jpeg"}],"twitter_card":"summary_large_image","twitter_image":"https:\/\/interpim.erresse-shop.it\/Import\/Prodotti\/joseph-joseph-folio-set-di-taglieri-con-custodia-in-acciaio.jpg","schema":{"@context":"https:\/\/schema.org","@graph":[{"@type":"WebPage","@id":"https:\/\/dev6.erresse-shop.it\/de\/shop\/kuche\/schneidebretter\/joseph-joseph-folio-4er-set-schneidebretter-mit-steel-etui-2\/","url":"https:\/\/dev6.erresse-shop.it\/de\/shop\/kuche\/schneidebretter\/joseph-joseph-folio-4er-set-schneidebretter-mit-steel-etui-2\/","name":"JOSEPH JOSEPH Folio\u2122 4er-Set Schneidebretter mit Steel Etui - dev6 Erresse","isPartOf":{"@id":"https:\/\/dev6.erresse-shop.it\/#website"},"primaryImageOfPage":{"@id":"https:\/\/dev6.erresse-shop.it\/de\/shop\/kuche\/schneidebretter\/joseph-joseph-folio-4er-set-schneidebretter-mit-steel-etui-2\/#primaryimage"},"image":{"@id":"https:\/\/dev6.erresse-shop.it\/de\/shop\/kuche\/schneidebretter\/joseph-joseph-folio-4er-set-schneidebretter-mit-steel-etui-2\/#primaryimage"},"thumbnailUrl":"https:\/\/i3.wp.com\/interpim.erresse-shop.it\/Import\/Prodotti\/joseph-joseph-folio-set-di-taglieri-con-custodia-in-acciaio.jpg?ssl=1","datePublished":"2026-04-12T12:55:15+00:00","description":"Produktmerkmale: Dieses hochwertige Set, das ein schlankes Geh\u00e4use und vier gro\u00dfe Schneidebretter umfasst, hebt sich von allen anderen Teilen auf Ihrer","breadcrumb":{"@id":"https:\/\/dev6.erresse-shop.it\/de\/shop\/kuche\/schneidebretter\/joseph-joseph-folio-4er-set-schneidebretter-mit-steel-etui-2\/#breadcrumb"},"inLanguage":"de","potentialAction":[{"@type":"ReadAction","target":["https:\/\/dev6.erresse-shop.it\/de\/shop\/kuche\/schneidebretter\/joseph-joseph-folio-4er-set-schneidebretter-mit-steel-etui-2\/"]}]},{"@type":"ImageObject","inLanguage":"de","@id":"https:\/\/dev6.erresse-shop.it\/de\/shop\/kuche\/schneidebretter\/joseph-joseph-folio-4er-set-schneidebretter-mit-steel-etui-2\/#primaryimage","url":"https:\/\/i3.wp.com\/interpim.erresse-shop.it\/Import\/Prodotti\/joseph-joseph-folio-set-di-taglieri-con-custodia-in-acciaio.jpg?ssl=1","contentUrl":"https:\/\/i3.wp.com\/interpim.erresse-shop.it\/Import\/Prodotti\/joseph-joseph-folio-set-di-taglieri-con-custodia-in-acciaio.jpg?ssl=1"},{"@type":"BreadcrumbList","@id":"https:\/\/dev6.erresse-shop.it\/de\/shop\/kuche\/schneidebretter\/joseph-joseph-folio-4er-set-schneidebretter-mit-steel-etui-2\/#breadcrumb","itemListElement":[{"@type":"ListItem","position":1,"name":"Home","item":"https:\/\/dev6.erresse-shop.it\/"},{"@type":"ListItem","position":2,"name":"Shop","item":"https:\/\/dev6.erresse-shop.it\/shop\/"},{"@type":"ListItem","position":3,"name":"JOSEPH JOSEPH Folio\u2122 4er-Set Schneidebretter mit Steel Etui"}]},{"@type":"WebSite","@id":"https:\/\/dev6.erresse-shop.it\/#website","url":"https:\/\/dev6.erresse-shop.it\/","name":"Erresse Shop","description":"","publisher":{"@id":"https:\/\/dev6.erresse-shop.it\/#organization"},"potentialAction":[{"@type":"SearchAction","target":{"@type":"EntryPoint","urlTemplate":"https:\/\/dev6.erresse-shop.it\/?s={search_term_string}"},"query-input":{"@type":"PropertyValueSpecification","valueRequired":true,"valueName":"search_term_string"}}],"inLanguage":"de"},{"@type":"Organization","@id":"https:\/\/dev6.erresse-shop.it\/#organization","name":"Erresse Shop","url":"https:\/\/dev6.erresse-shop.it\/","logo":{"@type":"ImageObject","inLanguage":"de","@id":"https:\/\/dev6.erresse-shop.it\/#\/schema\/logo\/image\/","url":"https:\/\/dev6.erresse-shop.it\/wp-content\/uploads\/2025\/01\/LOGO-ERRESSE-CLASSICO.svg","contentUrl":"https:\/\/dev6.erresse-shop.it\/wp-content\/uploads\/2025\/01\/LOGO-ERRESSE-CLASSICO.svg","caption":"Erresse Shop"},"image":{"@id":"https:\/\/dev6.erresse-shop.it\/#\/schema\/logo\/image\/"}}]}},"df_price":76.95,"df_sale_price":76.95,"df_regular_price":99.99,"df_image_link":"https:\/\/i3.wp.com\/interpim.erresse-shop.it\/Import\/Prodotti\/joseph-joseph-folio-set-di-taglieri-con-custodia-in-acciaio.jpg?resize=300,300&ssl=1","fifu_image_url":"https:\/\/interpim.erresse-shop.it\/Import\/Prodotti\/joseph-joseph-folio-set-di-taglieri-con-custodia-in-acciaio.jpg","_links":{"self":[{"href":"https:\/\/dev6.erresse-shop.it\/de\/wp-json\/wp\/v2\/product\/2465443","targetHints":{"allow":["GET"]}}],"collection":[{"href":"https:\/\/dev6.erresse-shop.it\/de\/wp-json\/wp\/v2\/product"}],"about":[{"href":"https:\/\/dev6.erresse-shop.it\/de\/wp-json\/wp\/v2\/types\/product"}],"wp:featuredmedia":[{"embeddable":true,"href":"https:\/\/dev6.erresse-shop.it\/de\/wp-json\/wp\/v2\/media\/6381708"}],"wp:attachment":[{"href":"https:\/\/dev6.erresse-shop.it\/de\/wp-json\/wp\/v2\/media?parent=2465443"}],"wp:term":[{"taxonomy":"product_cat","embeddable":true,"href":"https:\/\/dev6.erresse-shop.it\/de\/wp-json\/wp\/v2\/product_cat?post=2465443"},{"taxonomy":"product_tag","embeddable":true,"href":"https:\/\/dev6.erresse-shop.it\/de\/wp-json\/wp\/v2\/product_tag?post=2465443"}],"curies":[{"name":"wp","href":"https:\/\/api.w.org\/{rel}","templated":true}]}}