{"id":2303259,"date":"2026-04-12T14:55:15","date_gmt":"2026-04-12T12:55:15","guid":{"rendered":"https:\/\/dev6.erresse-shop.it\/shop\/unkategorisiert\/jura-kaffeemaschine-z10-diamond-black\/"},"modified":"2025-07-04T15:31:22","modified_gmt":"2025-07-04T13:31:22","slug":"jura-kaffeemaschine-z10-diamond-black","status":"publish","type":"product","link":"https:\/\/dev6.erresse-shop.it\/de\/shop\/kleine-elektrogeraete\/kaffeemaschinen-espresso\/automatisch\/jura-kaffeemaschine-z10-diamond-black\/","title":{"rendered":"JURA Kaffeemaschine Z10 Diamond Black"},"content":{"rendered":"<p class>Weltpremiere: Die revolution\u00e4re Z10 mit P.R.G. f\u00fcr hei\u00dfe Kaffeespezialit\u00e4ten und Cold Brew<\/p>\n<p class>Die neue Z10, ein Meisterwerk der Schweizer Ingenieurskunst, verdoppelt die Vielfalt an Kaffeespezialit\u00e4ten. Mit einem Knopfdruck bereitet sie das gesamte Sortiment an hei\u00dfen Getr\u00e4nken zu, von intensivem Espresso bis hin zu trendigem Flat White. Mit Cold Brew-Spezialit\u00e4ten er\u00f6ffnet sie eine neue Dimension des Kaffeegenusses und erm\u00f6glicht den Zugang zu einem ganzen Paralleluniversum. Dies wird durch den Product Recognising Grinder (P.R.G.) erm\u00f6glicht, der die gew\u00e4hlte Spezialit\u00e4t erkennt und die Mahlgr\u00f6\u00dfe in Sekunden exakt anpasst.<\/p>\n<p class>Der neue Product Recognising Grinder (P.R.G.)<\/p>\n<p class>Um das optimale Mahlgut f\u00fcr jede Spezialit\u00e4t zu gew\u00e4hrleisten, entwickelten die Ingenieure von JURA den Product Recognising Grinder (P.R.G.). Dieser Pr\u00e4zisionsm\u00fchle stellt das Mahlgut elektronisch in Bruchteilen einer Sekunde ein \u2013 viel schneller und h\u00e4ufiger als eine manuelle Einstellung. Der Mahlgrad reicht von sehr fein f\u00fcr klassische Kurzgetr\u00e4nke bis sehr grob f\u00fcr lange Spezialit\u00e4ten. Kaffeekenner m\u00fcssen sich jedoch keine Sorgen machen: Die Anpassung erfolgt automatisch w\u00e4hrend der Zubereitung und kann auch vorab individuell eingestellt werden.<\/p>\n<p class>Cold Brew \u2013 Extreme Frische<\/p>\n<p class>Dank des Cold Extraction Process bereitet die Z10 authentische Cold Brew-Spezialit\u00e4ten zu. W\u00e4hrend viele herk\u00f6mmliche kalte Kaffeegetr\u00e4nke mit hei\u00dfem Kaffee zubereitet und anschlie\u00dfend abgek\u00fchlt werden, extrahiert die Z10 den Kaffee mit kaltem Wasser bei hohem Druck und verwendet dabei einen pulsierenden Prozess und grob gemahlenen Kaffee. Das Ergebnis ist ein erfrischendes, nat\u00fcrliches und belebendes Getr\u00e4nk, in dem die fruchtigen Aromen des Kaffees vollst\u00e4ndig zur Geltung kommen, ohne den negativen Einfluss von Bitterstoffen. Dies ist kein einfaches Kaltkaffeegetr\u00e4nk.<\/p>\n<p class>Br\u00fchgruppe der 8. Generation<\/p>\n<p class>Die Br\u00fchgruppe ist das Herz jeder automatischen Kaffeemaschine. F\u00fcr die Z10 hat JURA die Br\u00fchgruppe der 8. Generation entwickelt. Mit ihrer einzigartigen 3D-Br\u00fchtechnologie sorgt sie daf\u00fcr, dass das Wasser gleichm\u00e4\u00dfig durch das Kaffeepulver auf verschiedenen Ebenen flie\u00dft, um das Aroma maximal zu extrahieren \u2013 sowohl f\u00fcr hei\u00dfe als auch f\u00fcr Cold Brew-Spezialit\u00e4ten.<\/p>\n<p class>Eleganz f\u00fcr die Ewigkeit<\/p>\n<p class>Das Design und die sorgf\u00e4ltige Auswahl der richtigen Materialien tragen aktiv zur Nachhaltigkeit des Produkts bei. JURA strebt ein Design an, das mit Sicherheit Stolz weckt, ein au\u00dfergew\u00f6hnliches Objekt zu besitzen, das auch nach Jahren noch frisch und modern aussieht. Qualit\u00e4t ohne Kompromisse, langlebige Materialien und h\u00f6chste Pr\u00e4zision in der Verarbeitung gew\u00e4hrleisten unvergleichlichen kulinarischen und \u00e4sthetischen Genuss w\u00e4hrend der gesamten Lebensdauer der Maschine. Ein High-Tech-Verfahren mit zwei Komponenten verleiht den Oberfl\u00e4chen einen au\u00dfergew\u00f6hnlichen Tiefeneffekt f\u00fcr wahren \u00e4sthetischen Genuss. Der Wasserbeh\u00e4lter im raffinierten wellenf\u00f6rmigen Design und der harmonische Filterdeckel sind nur zwei Beispiele f\u00fcr die Liebe zum Detail. Das taktile Gef\u00fchl, das die Z10 vermittelt, dr\u00fcckt das Wertkonzept von JURA sp\u00fcrbar aus.<\/p>\n<p class>F\u00fcr einen besonderen Genuss<\/p>\n<p class>Das Sirupzubeh\u00f6r f\u00fcr den kombinierten Auslauf vervollst\u00e4ndigt die Z10 und f\u00fcgt der Palette von Spezialit\u00e4ten dieser Premium-Automatenmaschine die Bereicherung von fein s\u00fc\u00dfem Milchschaum hinzu. Dieses Zubeh\u00f6r erm\u00f6glicht es, jede Spezialit\u00e4t mit Aromen zu genie\u00dfen, die von leicht s\u00fc\u00df bis aromatisch s\u00fc\u00df reichen, sowohl f\u00fcr Hot Brew als auch f\u00fcr Cold Brew. Die Vielzahl an Aromen l\u00e4dt ein, sie auszuprobieren, und mit 40 Spezialit\u00e4ten unterstreicht die Z10 ihre \u00dcberlegenheit.<\/p>\n<p class>Spezialit\u00e4ten (40 Optionen):<\/p>\n<p>Verschiedene Kaffeespezialit\u00e4ten (Espresso, Caff\u00e8, Americano, Lungo, Doppel-Espresso, Cortado, Cappuccino, Flat White, Latte Macchiato und Cold Brew sowie s\u00fc\u00dfe Varianten f\u00fcr viele Kaffees).<br \/>\nFunktionen f\u00fcr Milchschaum, hei\u00dfes Milch und Wasser f\u00fcr gr\u00fcnen Tee.<\/p>\n<p class>Hauptmerkmale:<\/p>\n<p class>Cold Extraction Process f\u00fcr Cold Brew<\/p>\n<p class>Sweet Foam Function zum Hinzuf\u00fcgen von s\u00fc\u00dfem Schaum<\/p>\n<p class>Automatic Grinder Adjustment (A.G.A.) und aktiver Bohnenkontrolle<\/p>\n<p class>Wi-Fi Connect: Verbindung zum Heimnetzwerk<\/p>\n<p class>P.R.G. (Product Recognising Grinder)<\/p>\n<p class>Pulsed Extraction Process (P.E.P.\u00ae)<\/p>\n<p class>5\u201316 g f\u00fcr die variable Br\u00fcheinheit<\/p>\n<p class>15 bar Hochleistungspumpe<\/p>\n<p class>4,3\u2033 Farb-Touchscreen<\/p>\n<p class>Technische Spezifikationen:<\/p>\n<p class>Wassertankkapazit\u00e4t: 2,4 l<\/p>\n<p class>Kaffeemenge: 280 g<\/p>\n<p class>Gewicht: 12 kg<\/p>\n<p class>Abmessungen: 32 x 36,3 x 47 cm<\/p>\n<p class>Spannung: 230 V ~ \/ 1450 W<\/p>\n<p class>Standby: 0 W<\/p>\n<p class>Hergestellt in der Schweiz<\/p>\n<p class>Modelljahr: 2021<\/p>\n","protected":false},"excerpt":{"rendered":"<p>Weltpremiere: Die revolution\u00e4re Z10 mit P.R.G. f\u00fcr hei\u00dfe Kaffeespezialit\u00e4ten und Cold Brew Die neue Z10, ein Meisterwerk der Schweizer Ingenieurskunst, verdoppelt die Vielfalt an Kaffeespezialit\u00e4ten. Mit einem Knopfdruck bereitet sie das gesamte Sortiment an hei\u00dfen Getr\u00e4nken zu, von intensivem Espresso bis hin zu trendigem Flat White. Mit Cold Brew-Spezialit\u00e4ten er\u00f6ffnet sie eine neue Dimension des [&hellip;]<\/p>\n","protected":false},"featured_media":6381690,"template":"","meta":{"_acf_changed":false},"product_cat":[12184,12171,12163],"product_tag":[],"class_list":{"0":"post-2303259","1":"product","2":"type-product","3":"status-publish","4":"has-post-thumbnail","6":"product_cat-automatisch","7":"product_cat-kaffeemaschinen-espresso","8":"product_cat-kleine-elektrogeraete","10":"first","11":"instock","12":"sale","13":"taxable","14":"shipping-taxable","15":"purchasable","16":"product-type-simple","swatches":"rey-swatches","show_selected":"","stretch_labels":"rey-swatches--stretch-labels"},"acf":[],"yoast_head":"<!-- This site is optimized with the Yoast SEO plugin v25.4 - https:\/\/yoast.com\/wordpress\/plugins\/seo\/ -->\n<title>JURA Kaffeemaschine Z10 Diamond Black - dev6 Erresse<\/title>\n<meta name=\"description\" content=\"Weltpremiere: Die revolution\u00e4re Z10 mit P.R.G. f\u00fcr hei\u00dfe Kaffeespezialit\u00e4ten und Cold Brew Die neue Z10, ein Meisterwerk der Schweizer Ingenieurskunst,\" \/>\n<meta name=\"robots\" content=\"noindex, follow, max-snippet:-1, max-image-preview:large, max-video-preview:-1\" \/>\n<meta property=\"og:locale\" content=\"de_DE\" \/>\n<meta property=\"og:type\" content=\"article\" \/>\n<meta property=\"og:title\" content=\"JURA Kaffeemaschine Z10 Diamond Black - dev6 Erresse\" \/>\n<meta property=\"og:description\" content=\"Weltpremiere: Die revolution\u00e4re Z10 mit P.R.G. f\u00fcr hei\u00dfe Kaffeespezialit\u00e4ten und Cold Brew Die neue Z10, ein Meisterwerk der Schweizer Ingenieurskunst,\" \/>\n<meta property=\"og:url\" content=\"https:\/\/dev6.erresse-shop.it\/de\/shop\/kleine-elektrogeraete\/kaffeemaschinen-espresso\/automatisch\/jura-kaffeemaschine-z10-diamond-black\/\" \/>\n<meta property=\"og:site_name\" content=\"dev6 Erresse\" \/>\n<meta property=\"og:image\" content=\"https:\/\/interpim.erresse-shop.it\/wp-content\/uploads\/2025\/03\/JURA-Macchina-Da-Caffe-Z10-Diamond-Black.jpg\/jura-macchina-da-caffe-z10-diamond-black.jpg\" \/><meta property=\"og:image\" content=\"https:\/\/interpim.erresse-shop.it\/wp-content\/uploads\/2025\/03\/JURA-Macchina-Da-Caffe-Z10-Diamond-Black.jpg\/jura-macchina-da-caffe-z10-diamond-black.jpg\" \/>\n\t<meta property=\"og:image:width\" content=\"1024\" \/>\n\t<meta property=\"og:image:height\" content=\"1024\" \/>\n\t<meta property=\"og:image:type\" content=\"image\/jpeg\" \/>\n<meta name=\"twitter:card\" content=\"summary_large_image\" \/>\n<meta name=\"twitter:image\" content=\"https:\/\/interpim.erresse-shop.it\/wp-content\/uploads\/2025\/03\/JURA-Macchina-Da-Caffe-Z10-Diamond-Black.jpg\/jura-macchina-da-caffe-z10-diamond-black.jpg\" \/>\n<script type=\"application\/ld+json\" class=\"yoast-schema-graph\">{\"@context\":\"https:\/\/schema.org\",\"@graph\":[{\"@type\":\"WebPage\",\"@id\":\"https:\/\/dev6.erresse-shop.it\/de\/shop\/kleine-elektrogeraete\/kaffeemaschinen-espresso\/automatisch\/jura-kaffeemaschine-z10-diamond-black\/\",\"url\":\"https:\/\/dev6.erresse-shop.it\/de\/shop\/kleine-elektrogeraete\/kaffeemaschinen-espresso\/automatisch\/jura-kaffeemaschine-z10-diamond-black\/\",\"name\":\"JURA Kaffeemaschine Z10 Diamond Black - dev6 Erresse\",\"isPartOf\":{\"@id\":\"https:\/\/dev6.erresse-shop.it\/#website\"},\"primaryImageOfPage\":{\"@id\":\"https:\/\/dev6.erresse-shop.it\/de\/shop\/kleine-elektrogeraete\/kaffeemaschinen-espresso\/automatisch\/jura-kaffeemaschine-z10-diamond-black\/#primaryimage\"},\"image\":{\"@id\":\"https:\/\/dev6.erresse-shop.it\/de\/shop\/kleine-elektrogeraete\/kaffeemaschinen-espresso\/automatisch\/jura-kaffeemaschine-z10-diamond-black\/#primaryimage\"},\"thumbnailUrl\":\"https:\/\/i3.wp.com\/interpim.erresse-shop.it\/wp-content\/uploads\/2025\/03\/JURA-Macchina-Da-Caffe-Z10-Diamond-Black.jpg\/jura-macchina-da-caffe-z10-diamond-black.jpg?ssl=1\",\"datePublished\":\"2026-04-12T12:55:15+00:00\",\"description\":\"Weltpremiere: Die revolution\u00e4re Z10 mit P.R.G. f\u00fcr hei\u00dfe Kaffeespezialit\u00e4ten und Cold Brew Die neue Z10, ein Meisterwerk der Schweizer Ingenieurskunst,\",\"breadcrumb\":{\"@id\":\"https:\/\/dev6.erresse-shop.it\/de\/shop\/kleine-elektrogeraete\/kaffeemaschinen-espresso\/automatisch\/jura-kaffeemaschine-z10-diamond-black\/#breadcrumb\"},\"inLanguage\":\"de\",\"potentialAction\":[{\"@type\":\"ReadAction\",\"target\":[\"https:\/\/dev6.erresse-shop.it\/de\/shop\/kleine-elektrogeraete\/kaffeemaschinen-espresso\/automatisch\/jura-kaffeemaschine-z10-diamond-black\/\"]}]},{\"@type\":\"ImageObject\",\"inLanguage\":\"de\",\"@id\":\"https:\/\/dev6.erresse-shop.it\/de\/shop\/kleine-elektrogeraete\/kaffeemaschinen-espresso\/automatisch\/jura-kaffeemaschine-z10-diamond-black\/#primaryimage\",\"url\":\"https:\/\/i3.wp.com\/interpim.erresse-shop.it\/wp-content\/uploads\/2025\/03\/JURA-Macchina-Da-Caffe-Z10-Diamond-Black.jpg\/jura-macchina-da-caffe-z10-diamond-black.jpg?ssl=1\",\"contentUrl\":\"https:\/\/i3.wp.com\/interpim.erresse-shop.it\/wp-content\/uploads\/2025\/03\/JURA-Macchina-Da-Caffe-Z10-Diamond-Black.jpg\/jura-macchina-da-caffe-z10-diamond-black.jpg?ssl=1\"},{\"@type\":\"BreadcrumbList\",\"@id\":\"https:\/\/dev6.erresse-shop.it\/de\/shop\/kleine-elektrogeraete\/kaffeemaschinen-espresso\/automatisch\/jura-kaffeemaschine-z10-diamond-black\/#breadcrumb\",\"itemListElement\":[{\"@type\":\"ListItem\",\"position\":1,\"name\":\"Home\",\"item\":\"https:\/\/dev6.erresse-shop.it\/\"},{\"@type\":\"ListItem\",\"position\":2,\"name\":\"Shop\",\"item\":\"https:\/\/dev6.erresse-shop.it\/shop\/\"},{\"@type\":\"ListItem\",\"position\":3,\"name\":\"JURA Kaffeemaschine Z10 Diamond Black\"}]},{\"@type\":\"WebSite\",\"@id\":\"https:\/\/dev6.erresse-shop.it\/#website\",\"url\":\"https:\/\/dev6.erresse-shop.it\/\",\"name\":\"Erresse Shop\",\"description\":\"\",\"publisher\":{\"@id\":\"https:\/\/dev6.erresse-shop.it\/#organization\"},\"potentialAction\":[{\"@type\":\"SearchAction\",\"target\":{\"@type\":\"EntryPoint\",\"urlTemplate\":\"https:\/\/dev6.erresse-shop.it\/?s={search_term_string}\"},\"query-input\":{\"@type\":\"PropertyValueSpecification\",\"valueRequired\":true,\"valueName\":\"search_term_string\"}}],\"inLanguage\":\"de\"},{\"@type\":\"Organization\",\"@id\":\"https:\/\/dev6.erresse-shop.it\/#organization\",\"name\":\"Erresse Shop\",\"url\":\"https:\/\/dev6.erresse-shop.it\/\",\"logo\":{\"@type\":\"ImageObject\",\"inLanguage\":\"de\",\"@id\":\"https:\/\/dev6.erresse-shop.it\/#\/schema\/logo\/image\/\",\"url\":\"https:\/\/dev6.erresse-shop.it\/wp-content\/uploads\/2025\/01\/LOGO-ERRESSE-CLASSICO.svg\",\"contentUrl\":\"https:\/\/dev6.erresse-shop.it\/wp-content\/uploads\/2025\/01\/LOGO-ERRESSE-CLASSICO.svg\",\"caption\":\"Erresse Shop\"},\"image\":{\"@id\":\"https:\/\/dev6.erresse-shop.it\/#\/schema\/logo\/image\/\"}}]}<\/script>\n<!-- \/ Yoast SEO plugin. -->","yoast_head_json":{"title":"JURA Kaffeemaschine Z10 Diamond Black - dev6 Erresse","description":"Weltpremiere: Die revolution\u00e4re Z10 mit P.R.G. f\u00fcr hei\u00dfe Kaffeespezialit\u00e4ten und Cold Brew Die neue Z10, ein Meisterwerk der Schweizer Ingenieurskunst,","robots":{"index":"noindex","follow":"follow","max-snippet":"max-snippet:-1","max-image-preview":"max-image-preview:large","max-video-preview":"max-video-preview:-1"},"og_locale":"de_DE","og_type":"article","og_title":"JURA Kaffeemaschine Z10 Diamond Black - dev6 Erresse","og_description":"Weltpremiere: Die revolution\u00e4re Z10 mit P.R.G. f\u00fcr hei\u00dfe Kaffeespezialit\u00e4ten und Cold Brew Die neue Z10, ein Meisterwerk der Schweizer Ingenieurskunst,","og_url":"https:\/\/dev6.erresse-shop.it\/de\/shop\/kleine-elektrogeraete\/kaffeemaschinen-espresso\/automatisch\/jura-kaffeemaschine-z10-diamond-black\/","og_site_name":"dev6 Erresse","og_image":[{"url":"https:\/\/interpim.erresse-shop.it\/wp-content\/uploads\/2025\/03\/JURA-Macchina-Da-Caffe-Z10-Diamond-Black.jpg\/jura-macchina-da-caffe-z10-diamond-black.jpg","type":"","width":"","height":""},{"url":"https:\/\/interpim.erresse-shop.it\/wp-content\/uploads\/2025\/03\/JURA-Macchina-Da-Caffe-Z10-Diamond-Black.jpg\/jura-macchina-da-caffe-z10-diamond-black.jpg","width":1024,"height":1024,"type":"image\/jpeg"}],"twitter_card":"summary_large_image","twitter_image":"https:\/\/interpim.erresse-shop.it\/wp-content\/uploads\/2025\/03\/JURA-Macchina-Da-Caffe-Z10-Diamond-Black.jpg\/jura-macchina-da-caffe-z10-diamond-black.jpg","schema":{"@context":"https:\/\/schema.org","@graph":[{"@type":"WebPage","@id":"https:\/\/dev6.erresse-shop.it\/de\/shop\/kleine-elektrogeraete\/kaffeemaschinen-espresso\/automatisch\/jura-kaffeemaschine-z10-diamond-black\/","url":"https:\/\/dev6.erresse-shop.it\/de\/shop\/kleine-elektrogeraete\/kaffeemaschinen-espresso\/automatisch\/jura-kaffeemaschine-z10-diamond-black\/","name":"JURA Kaffeemaschine Z10 Diamond Black - dev6 Erresse","isPartOf":{"@id":"https:\/\/dev6.erresse-shop.it\/#website"},"primaryImageOfPage":{"@id":"https:\/\/dev6.erresse-shop.it\/de\/shop\/kleine-elektrogeraete\/kaffeemaschinen-espresso\/automatisch\/jura-kaffeemaschine-z10-diamond-black\/#primaryimage"},"image":{"@id":"https:\/\/dev6.erresse-shop.it\/de\/shop\/kleine-elektrogeraete\/kaffeemaschinen-espresso\/automatisch\/jura-kaffeemaschine-z10-diamond-black\/#primaryimage"},"thumbnailUrl":"https:\/\/i3.wp.com\/interpim.erresse-shop.it\/wp-content\/uploads\/2025\/03\/JURA-Macchina-Da-Caffe-Z10-Diamond-Black.jpg\/jura-macchina-da-caffe-z10-diamond-black.jpg?ssl=1","datePublished":"2026-04-12T12:55:15+00:00","description":"Weltpremiere: Die revolution\u00e4re Z10 mit P.R.G. f\u00fcr hei\u00dfe Kaffeespezialit\u00e4ten und Cold Brew Die neue Z10, ein Meisterwerk der Schweizer Ingenieurskunst,","breadcrumb":{"@id":"https:\/\/dev6.erresse-shop.it\/de\/shop\/kleine-elektrogeraete\/kaffeemaschinen-espresso\/automatisch\/jura-kaffeemaschine-z10-diamond-black\/#breadcrumb"},"inLanguage":"de","potentialAction":[{"@type":"ReadAction","target":["https:\/\/dev6.erresse-shop.it\/de\/shop\/kleine-elektrogeraete\/kaffeemaschinen-espresso\/automatisch\/jura-kaffeemaschine-z10-diamond-black\/"]}]},{"@type":"ImageObject","inLanguage":"de","@id":"https:\/\/dev6.erresse-shop.it\/de\/shop\/kleine-elektrogeraete\/kaffeemaschinen-espresso\/automatisch\/jura-kaffeemaschine-z10-diamond-black\/#primaryimage","url":"https:\/\/i3.wp.com\/interpim.erresse-shop.it\/wp-content\/uploads\/2025\/03\/JURA-Macchina-Da-Caffe-Z10-Diamond-Black.jpg\/jura-macchina-da-caffe-z10-diamond-black.jpg?ssl=1","contentUrl":"https:\/\/i3.wp.com\/interpim.erresse-shop.it\/wp-content\/uploads\/2025\/03\/JURA-Macchina-Da-Caffe-Z10-Diamond-Black.jpg\/jura-macchina-da-caffe-z10-diamond-black.jpg?ssl=1"},{"@type":"BreadcrumbList","@id":"https:\/\/dev6.erresse-shop.it\/de\/shop\/kleine-elektrogeraete\/kaffeemaschinen-espresso\/automatisch\/jura-kaffeemaschine-z10-diamond-black\/#breadcrumb","itemListElement":[{"@type":"ListItem","position":1,"name":"Home","item":"https:\/\/dev6.erresse-shop.it\/"},{"@type":"ListItem","position":2,"name":"Shop","item":"https:\/\/dev6.erresse-shop.it\/shop\/"},{"@type":"ListItem","position":3,"name":"JURA Kaffeemaschine Z10 Diamond Black"}]},{"@type":"WebSite","@id":"https:\/\/dev6.erresse-shop.it\/#website","url":"https:\/\/dev6.erresse-shop.it\/","name":"Erresse Shop","description":"","publisher":{"@id":"https:\/\/dev6.erresse-shop.it\/#organization"},"potentialAction":[{"@type":"SearchAction","target":{"@type":"EntryPoint","urlTemplate":"https:\/\/dev6.erresse-shop.it\/?s={search_term_string}"},"query-input":{"@type":"PropertyValueSpecification","valueRequired":true,"valueName":"search_term_string"}}],"inLanguage":"de"},{"@type":"Organization","@id":"https:\/\/dev6.erresse-shop.it\/#organization","name":"Erresse Shop","url":"https:\/\/dev6.erresse-shop.it\/","logo":{"@type":"ImageObject","inLanguage":"de","@id":"https:\/\/dev6.erresse-shop.it\/#\/schema\/logo\/image\/","url":"https:\/\/dev6.erresse-shop.it\/wp-content\/uploads\/2025\/01\/LOGO-ERRESSE-CLASSICO.svg","contentUrl":"https:\/\/dev6.erresse-shop.it\/wp-content\/uploads\/2025\/01\/LOGO-ERRESSE-CLASSICO.svg","caption":"Erresse Shop"},"image":{"@id":"https:\/\/dev6.erresse-shop.it\/#\/schema\/logo\/image\/"}}]}},"df_price":2329.76,"df_sale_price":2329.76,"df_regular_price":2699,"df_image_link":"https:\/\/i3.wp.com\/interpim.erresse-shop.it\/wp-content\/uploads\/2025\/03\/JURA-Macchina-Da-Caffe-Z10-Diamond-Black.jpg\/jura-macchina-da-caffe-z10-diamond-black.jpg?resize=300,300&ssl=1","fifu_image_url":"https:\/\/interpim.erresse-shop.it\/wp-content\/uploads\/2025\/03\/JURA-Macchina-Da-Caffe-Z10-Diamond-Black.jpg\/jura-macchina-da-caffe-z10-diamond-black.jpg","_links":{"self":[{"href":"https:\/\/dev6.erresse-shop.it\/de\/wp-json\/wp\/v2\/product\/2303259","targetHints":{"allow":["GET"]}}],"collection":[{"href":"https:\/\/dev6.erresse-shop.it\/de\/wp-json\/wp\/v2\/product"}],"about":[{"href":"https:\/\/dev6.erresse-shop.it\/de\/wp-json\/wp\/v2\/types\/product"}],"wp:featuredmedia":[{"embeddable":true,"href":"https:\/\/dev6.erresse-shop.it\/de\/wp-json\/wp\/v2\/media\/6381690"}],"wp:attachment":[{"href":"https:\/\/dev6.erresse-shop.it\/de\/wp-json\/wp\/v2\/media?parent=2303259"}],"wp:term":[{"taxonomy":"product_cat","embeddable":true,"href":"https:\/\/dev6.erresse-shop.it\/de\/wp-json\/wp\/v2\/product_cat?post=2303259"},{"taxonomy":"product_tag","embeddable":true,"href":"https:\/\/dev6.erresse-shop.it\/de\/wp-json\/wp\/v2\/product_tag?post=2303259"}],"curies":[{"name":"wp","href":"https:\/\/api.w.org\/{rel}","templated":true}]}}