{"id":2303249,"date":"2026-04-04T14:52:35","date_gmt":"2026-04-04T12:52:35","guid":{"rendered":"https:\/\/dev6.erresse-shop.it\/shop\/unkategorisiert\/jura-kaffeemaschine-e6-dark-inox\/"},"modified":"2026-01-29T19:18:37","modified_gmt":"2026-01-29T18:18:37","slug":"jura-kaffeemaschine-e6-dark-inox","status":"publish","type":"product","link":"https:\/\/dev6.erresse-shop.it\/de\/shop\/kleine-elektrogeraete\/kaffeemaschinen-espresso\/automatisch\/jura-kaffeemaschine-e6-dark-inox\/","title":{"rendered":"JURA Kaffeemaschine E6 Dark Inox"},"content":{"rendered":"<p>Die neue E6 \u2013 Die beliebtesten Kaffeespezialit\u00e4ten auf Knopfdruck<\/p>\n<p>Cappuccino mit meisterlicher Note: G\u00f6nnen Sie sich mit der E6 t\u00e4glich un\u00fcbertroffenen Kaffeegenuss. Neben den klassischen schwarzen Kaffeespezialit\u00e4ten bereitet sie dank der Easy Cappuccino-Funktion auch den Publikumsliebling Cappuccino perfekt zu.<\/p>\n<p>Noch mehr Aroma f\u00fcr noch mehr Genuss<\/p>\n<p>Der Professional Aroma Grinder garantiert einen einzigartigen Kaffeegenuss. Dank der verbesserten Geometrie ist diese Kaffeem\u00fchle in der Lage, eine noch gleichm\u00e4\u00dfigere Mahlqualit\u00e4t zu erzielen, bei gleichbleibender Zuverl\u00e4ssigkeit \u00fcber die gesamte Lebensdauer der Maschine. Dies erm\u00f6glicht eine optimierte Aromaextraktion und steigert die Intensit\u00e4t im Vergleich zu herk\u00f6mmlichen Kaffeem\u00fchlen um 12,2 %. Entdecken Sie alle neuen Nuancen Ihrer liebsten Kaffeespezialit\u00e4t.<\/p>\n<p>Die Perfektion des Cappuccinos<\/p>\n<p>Mit der bew\u00e4hrten Easy Cappuccino-Funktion genie\u00dfen Sie auf Knopfdruck einen k\u00f6stlichen Cappuccino. Der speziell f\u00fcr Cappuccino entwickelte Milchaufsch\u00e4umer erzeugt einen unglaublich weichen und cremigen Milchschaum, der den Kaffee perfekt erg\u00e4nzt und f\u00fcr authentischen Genuss sorgt. Das Nonplusultra f\u00fcr Cappuccino-Liebhaber.<\/p>\n<p>Un\u00fcbertroffener Genuss mit maximaler Einfachheit<\/p>\n<p>Das \u00fcbersichtliche 2,8\u2033-Farbdisplay, die sechs optimal positionierten Tasten und die intuitive Bedienphilosophie erm\u00f6glichen eine komfortable Nutzung der E6 \u2013 sei es f\u00fcr die einfache Kaffeezubereitung, das Einstellen individueller Vorlieben oder die Nutzung der selbsterkl\u00e4renden Reinigungsfunktionen. Und nat\u00fcrlich ist die E6 auch J.O.E.\u00ae-kompatibel: Bereiten Sie Kaffeespezialit\u00e4ten per Smartphone zu, legen Sie Ihre pers\u00f6nlichen Vorlieben fest und speichern Sie diese oder senden Sie ganz einfach unterschiedliche Kaffeew\u00fcnsche Ihrer G\u00e4ste direkt an die Maschine.<\/p>\n<p>Ein Design, das Bestand hat<\/p>\n<p>Mit seiner dezenten Eleganz spiegelt das Design des E6 die einzigartige Technologie hinter seiner zeitlosen Fassade wider. Die geradlinige Geometrie, veredelt mit Chromdetails, bringt die Zubereitung eines sehr hochwertigen Kaffees klar und kompromisslos zum Ausdruck und f\u00fcgt sich harmonisch in jedes Ambiente ein. Bei der Auswahl der Spezialit\u00e4ten und im Design verzichtet die E6 bewusst auf jeglichen Schnickschnack, der den Blick auf ihre wahre Funktion verstellen k\u00f6nnte: die Zubereitung der perfekten Tasse Kaffee.<\/p>\n<p class>Verf\u00fcgbare Spezialit\u00e4ten:<\/p>\n<p class>11 Optionen: Espresso, 2\u00d7 Espresso, Kaffee, 2\u00d7 Kaffee, Barista Kaffee, Lungo Barista, Espresso macchiato, Cappuccino, Cappuccino Extra Shot, Milchschaumportion, Hei\u00dfes Wasser<\/p>\n<p class>Technische Daten:<\/p>\n<p class>Wassertankkapazit\u00e4t: 1,9 l<\/p>\n<p class>Kapazit\u00e4t des Kaffeebohnenbeh\u00e4lters: 280 g<\/p>\n<p class>Kaffeesatzbeh\u00e4lter: 16 Portionen<\/p>\n<p class>Gewicht: 9,1 kg<\/p>\n<p class>Abmessungen: 28 \u00d7 35,1 \u00d7 44,6 cm<\/p>\n<p class>Leistung: 1450 W<\/p>\n<p class>Weitere Details:<\/p>\n<p class>Produktionsland: Portugal<\/p>\n<p class>Modelljahr: 2022<\/p>\n<p>\u00a0<\/p>\n","protected":false},"excerpt":{"rendered":"<p>Die neue E6 \u2013 Die beliebtesten Kaffeespezialit\u00e4ten auf Knopfdruck Cappuccino mit meisterlicher Note: G\u00f6nnen Sie sich mit der E6 t\u00e4glich un\u00fcbertroffenen Kaffeegenuss. Neben den klassischen schwarzen Kaffeespezialit\u00e4ten bereitet sie dank der Easy Cappuccino-Funktion auch den Publikumsliebling Cappuccino perfekt zu. Noch mehr Aroma f\u00fcr noch mehr Genuss Der Professional Aroma Grinder garantiert einen einzigartigen Kaffeegenuss. Dank [&hellip;]<\/p>\n","protected":false},"featured_media":6298360,"template":"","meta":{"_acf_changed":false},"product_cat":[12184,12171,12163],"product_tag":[],"class_list":{"0":"post-2303249","1":"product","2":"type-product","3":"status-publish","4":"has-post-thumbnail","6":"product_cat-automatisch","7":"product_cat-kaffeemaschinen-espresso","8":"product_cat-kleine-elektrogeraete","10":"first","11":"instock","12":"sale","13":"taxable","14":"shipping-taxable","15":"purchasable","16":"product-type-simple","swatches":"rey-swatches","show_selected":"","stretch_labels":"rey-swatches--stretch-labels"},"acf":[],"yoast_head":"<!-- This site is optimized with the Yoast SEO plugin v25.4 - https:\/\/yoast.com\/wordpress\/plugins\/seo\/ -->\n<title>JURA Kaffeemaschine E6 Dark Inox - dev6 Erresse<\/title>\n<meta name=\"description\" content=\"Die neue E6 \u2013 Die beliebtesten Kaffeespezialit\u00e4ten auf Knopfdruck Cappuccino mit meisterlicher Note: G\u00f6nnen Sie sich mit der E6 t\u00e4glich un\u00fcbertroffenen\" \/>\n<meta name=\"robots\" content=\"noindex, follow, max-snippet:-1, max-image-preview:large, max-video-preview:-1\" \/>\n<meta property=\"og:locale\" content=\"de_DE\" \/>\n<meta property=\"og:type\" content=\"article\" \/>\n<meta property=\"og:title\" content=\"JURA Kaffeemaschine E6 Dark Inox - dev6 Erresse\" \/>\n<meta property=\"og:description\" content=\"Die neue E6 \u2013 Die beliebtesten Kaffeespezialit\u00e4ten auf Knopfdruck Cappuccino mit meisterlicher Note: G\u00f6nnen Sie sich mit der E6 t\u00e4glich un\u00fcbertroffenen\" \/>\n<meta property=\"og:url\" content=\"https:\/\/dev6.erresse-shop.it\/de\/shop\/kleine-elektrogeraete\/kaffeemaschinen-espresso\/automatisch\/jura-kaffeemaschine-e6-dark-inox\/\" \/>\n<meta property=\"og:site_name\" content=\"dev6 Erresse\" \/>\n<meta property=\"og:image\" content=\"https:\/\/interpim.erresse-shop.it\/wp-content\/uploads\/2025\/03\/JURA-Macchina-Da-Caffe-E6-Dark-Inox.jpg\/jura-macchina-da-caffe-e6-dark-inox.jpg\" \/><meta property=\"og:image\" content=\"https:\/\/interpim.erresse-shop.it\/wp-content\/uploads\/2025\/03\/JURA-Macchina-Da-Caffe-E6-Dark-Inox.jpg\/jura-macchina-da-caffe-e6-dark-inox.jpg\" \/>\n\t<meta property=\"og:image:width\" content=\"1024\" \/>\n\t<meta property=\"og:image:height\" content=\"1024\" \/>\n\t<meta property=\"og:image:type\" content=\"image\/jpeg\" \/>\n<meta name=\"twitter:card\" content=\"summary_large_image\" \/>\n<meta name=\"twitter:image\" content=\"https:\/\/interpim.erresse-shop.it\/wp-content\/uploads\/2025\/03\/JURA-Macchina-Da-Caffe-E6-Dark-Inox.jpg\/jura-macchina-da-caffe-e6-dark-inox.jpg\" \/>\n<script type=\"application\/ld+json\" class=\"yoast-schema-graph\">{\"@context\":\"https:\/\/schema.org\",\"@graph\":[{\"@type\":\"WebPage\",\"@id\":\"https:\/\/dev6.erresse-shop.it\/de\/shop\/kleine-elektrogeraete\/kaffeemaschinen-espresso\/automatisch\/jura-kaffeemaschine-e6-dark-inox\/\",\"url\":\"https:\/\/dev6.erresse-shop.it\/de\/shop\/kleine-elektrogeraete\/kaffeemaschinen-espresso\/automatisch\/jura-kaffeemaschine-e6-dark-inox\/\",\"name\":\"JURA Kaffeemaschine E6 Dark Inox - dev6 Erresse\",\"isPartOf\":{\"@id\":\"https:\/\/dev6.erresse-shop.it\/#website\"},\"primaryImageOfPage\":{\"@id\":\"https:\/\/dev6.erresse-shop.it\/de\/shop\/kleine-elektrogeraete\/kaffeemaschinen-espresso\/automatisch\/jura-kaffeemaschine-e6-dark-inox\/#primaryimage\"},\"image\":{\"@id\":\"https:\/\/dev6.erresse-shop.it\/de\/shop\/kleine-elektrogeraete\/kaffeemaschinen-espresso\/automatisch\/jura-kaffeemaschine-e6-dark-inox\/#primaryimage\"},\"thumbnailUrl\":\"https:\/\/i1.wp.com\/interpim.erresse-shop.it\/wp-content\/uploads\/2025\/03\/JURA-Macchina-Da-Caffe-E6-Dark-Inox.jpg\/jura-macchina-da-caffe-e6-dark-inox.jpg?ssl=1\",\"datePublished\":\"2026-04-04T12:52:35+00:00\",\"description\":\"Die neue E6 \u2013 Die beliebtesten Kaffeespezialit\u00e4ten auf Knopfdruck Cappuccino mit meisterlicher Note: G\u00f6nnen Sie sich mit der E6 t\u00e4glich un\u00fcbertroffenen\",\"breadcrumb\":{\"@id\":\"https:\/\/dev6.erresse-shop.it\/de\/shop\/kleine-elektrogeraete\/kaffeemaschinen-espresso\/automatisch\/jura-kaffeemaschine-e6-dark-inox\/#breadcrumb\"},\"inLanguage\":\"de\",\"potentialAction\":[{\"@type\":\"ReadAction\",\"target\":[\"https:\/\/dev6.erresse-shop.it\/de\/shop\/kleine-elektrogeraete\/kaffeemaschinen-espresso\/automatisch\/jura-kaffeemaschine-e6-dark-inox\/\"]}]},{\"@type\":\"ImageObject\",\"inLanguage\":\"de\",\"@id\":\"https:\/\/dev6.erresse-shop.it\/de\/shop\/kleine-elektrogeraete\/kaffeemaschinen-espresso\/automatisch\/jura-kaffeemaschine-e6-dark-inox\/#primaryimage\",\"url\":\"https:\/\/i1.wp.com\/interpim.erresse-shop.it\/wp-content\/uploads\/2025\/03\/JURA-Macchina-Da-Caffe-E6-Dark-Inox.jpg\/jura-macchina-da-caffe-e6-dark-inox.jpg?ssl=1\",\"contentUrl\":\"https:\/\/i1.wp.com\/interpim.erresse-shop.it\/wp-content\/uploads\/2025\/03\/JURA-Macchina-Da-Caffe-E6-Dark-Inox.jpg\/jura-macchina-da-caffe-e6-dark-inox.jpg?ssl=1\"},{\"@type\":\"BreadcrumbList\",\"@id\":\"https:\/\/dev6.erresse-shop.it\/de\/shop\/kleine-elektrogeraete\/kaffeemaschinen-espresso\/automatisch\/jura-kaffeemaschine-e6-dark-inox\/#breadcrumb\",\"itemListElement\":[{\"@type\":\"ListItem\",\"position\":1,\"name\":\"Home\",\"item\":\"https:\/\/dev6.erresse-shop.it\/\"},{\"@type\":\"ListItem\",\"position\":2,\"name\":\"Shop\",\"item\":\"https:\/\/dev6.erresse-shop.it\/shop\/\"},{\"@type\":\"ListItem\",\"position\":3,\"name\":\"JURA Kaffeemaschine E6 Dark Inox\"}]},{\"@type\":\"WebSite\",\"@id\":\"https:\/\/dev6.erresse-shop.it\/#website\",\"url\":\"https:\/\/dev6.erresse-shop.it\/\",\"name\":\"Erresse Shop\",\"description\":\"\",\"publisher\":{\"@id\":\"https:\/\/dev6.erresse-shop.it\/#organization\"},\"potentialAction\":[{\"@type\":\"SearchAction\",\"target\":{\"@type\":\"EntryPoint\",\"urlTemplate\":\"https:\/\/dev6.erresse-shop.it\/?s={search_term_string}\"},\"query-input\":{\"@type\":\"PropertyValueSpecification\",\"valueRequired\":true,\"valueName\":\"search_term_string\"}}],\"inLanguage\":\"de\"},{\"@type\":\"Organization\",\"@id\":\"https:\/\/dev6.erresse-shop.it\/#organization\",\"name\":\"Erresse Shop\",\"url\":\"https:\/\/dev6.erresse-shop.it\/\",\"logo\":{\"@type\":\"ImageObject\",\"inLanguage\":\"de\",\"@id\":\"https:\/\/dev6.erresse-shop.it\/#\/schema\/logo\/image\/\",\"url\":\"https:\/\/dev6.erresse-shop.it\/wp-content\/uploads\/2025\/01\/LOGO-ERRESSE-CLASSICO.svg\",\"contentUrl\":\"https:\/\/dev6.erresse-shop.it\/wp-content\/uploads\/2025\/01\/LOGO-ERRESSE-CLASSICO.svg\",\"caption\":\"Erresse Shop\"},\"image\":{\"@id\":\"https:\/\/dev6.erresse-shop.it\/#\/schema\/logo\/image\/\"}}]}<\/script>\n<!-- \/ Yoast SEO plugin. -->","yoast_head_json":{"title":"JURA Kaffeemaschine E6 Dark Inox - dev6 Erresse","description":"Die neue E6 \u2013 Die beliebtesten Kaffeespezialit\u00e4ten auf Knopfdruck Cappuccino mit meisterlicher Note: G\u00f6nnen Sie sich mit der E6 t\u00e4glich un\u00fcbertroffenen","robots":{"index":"noindex","follow":"follow","max-snippet":"max-snippet:-1","max-image-preview":"max-image-preview:large","max-video-preview":"max-video-preview:-1"},"og_locale":"de_DE","og_type":"article","og_title":"JURA Kaffeemaschine E6 Dark Inox - dev6 Erresse","og_description":"Die neue E6 \u2013 Die beliebtesten Kaffeespezialit\u00e4ten auf Knopfdruck Cappuccino mit meisterlicher Note: G\u00f6nnen Sie sich mit der E6 t\u00e4glich un\u00fcbertroffenen","og_url":"https:\/\/dev6.erresse-shop.it\/de\/shop\/kleine-elektrogeraete\/kaffeemaschinen-espresso\/automatisch\/jura-kaffeemaschine-e6-dark-inox\/","og_site_name":"dev6 Erresse","og_image":[{"url":"https:\/\/interpim.erresse-shop.it\/wp-content\/uploads\/2025\/03\/JURA-Macchina-Da-Caffe-E6-Dark-Inox.jpg\/jura-macchina-da-caffe-e6-dark-inox.jpg","type":"","width":"","height":""},{"url":"https:\/\/interpim.erresse-shop.it\/wp-content\/uploads\/2025\/03\/JURA-Macchina-Da-Caffe-E6-Dark-Inox.jpg\/jura-macchina-da-caffe-e6-dark-inox.jpg","width":1024,"height":1024,"type":"image\/jpeg"}],"twitter_card":"summary_large_image","twitter_image":"https:\/\/interpim.erresse-shop.it\/wp-content\/uploads\/2025\/03\/JURA-Macchina-Da-Caffe-E6-Dark-Inox.jpg\/jura-macchina-da-caffe-e6-dark-inox.jpg","schema":{"@context":"https:\/\/schema.org","@graph":[{"@type":"WebPage","@id":"https:\/\/dev6.erresse-shop.it\/de\/shop\/kleine-elektrogeraete\/kaffeemaschinen-espresso\/automatisch\/jura-kaffeemaschine-e6-dark-inox\/","url":"https:\/\/dev6.erresse-shop.it\/de\/shop\/kleine-elektrogeraete\/kaffeemaschinen-espresso\/automatisch\/jura-kaffeemaschine-e6-dark-inox\/","name":"JURA Kaffeemaschine E6 Dark Inox - dev6 Erresse","isPartOf":{"@id":"https:\/\/dev6.erresse-shop.it\/#website"},"primaryImageOfPage":{"@id":"https:\/\/dev6.erresse-shop.it\/de\/shop\/kleine-elektrogeraete\/kaffeemaschinen-espresso\/automatisch\/jura-kaffeemaschine-e6-dark-inox\/#primaryimage"},"image":{"@id":"https:\/\/dev6.erresse-shop.it\/de\/shop\/kleine-elektrogeraete\/kaffeemaschinen-espresso\/automatisch\/jura-kaffeemaschine-e6-dark-inox\/#primaryimage"},"thumbnailUrl":"https:\/\/i1.wp.com\/interpim.erresse-shop.it\/wp-content\/uploads\/2025\/03\/JURA-Macchina-Da-Caffe-E6-Dark-Inox.jpg\/jura-macchina-da-caffe-e6-dark-inox.jpg?ssl=1","datePublished":"2026-04-04T12:52:35+00:00","description":"Die neue E6 \u2013 Die beliebtesten Kaffeespezialit\u00e4ten auf Knopfdruck Cappuccino mit meisterlicher Note: G\u00f6nnen Sie sich mit der E6 t\u00e4glich un\u00fcbertroffenen","breadcrumb":{"@id":"https:\/\/dev6.erresse-shop.it\/de\/shop\/kleine-elektrogeraete\/kaffeemaschinen-espresso\/automatisch\/jura-kaffeemaschine-e6-dark-inox\/#breadcrumb"},"inLanguage":"de","potentialAction":[{"@type":"ReadAction","target":["https:\/\/dev6.erresse-shop.it\/de\/shop\/kleine-elektrogeraete\/kaffeemaschinen-espresso\/automatisch\/jura-kaffeemaschine-e6-dark-inox\/"]}]},{"@type":"ImageObject","inLanguage":"de","@id":"https:\/\/dev6.erresse-shop.it\/de\/shop\/kleine-elektrogeraete\/kaffeemaschinen-espresso\/automatisch\/jura-kaffeemaschine-e6-dark-inox\/#primaryimage","url":"https:\/\/i1.wp.com\/interpim.erresse-shop.it\/wp-content\/uploads\/2025\/03\/JURA-Macchina-Da-Caffe-E6-Dark-Inox.jpg\/jura-macchina-da-caffe-e6-dark-inox.jpg?ssl=1","contentUrl":"https:\/\/i1.wp.com\/interpim.erresse-shop.it\/wp-content\/uploads\/2025\/03\/JURA-Macchina-Da-Caffe-E6-Dark-Inox.jpg\/jura-macchina-da-caffe-e6-dark-inox.jpg?ssl=1"},{"@type":"BreadcrumbList","@id":"https:\/\/dev6.erresse-shop.it\/de\/shop\/kleine-elektrogeraete\/kaffeemaschinen-espresso\/automatisch\/jura-kaffeemaschine-e6-dark-inox\/#breadcrumb","itemListElement":[{"@type":"ListItem","position":1,"name":"Home","item":"https:\/\/dev6.erresse-shop.it\/"},{"@type":"ListItem","position":2,"name":"Shop","item":"https:\/\/dev6.erresse-shop.it\/shop\/"},{"@type":"ListItem","position":3,"name":"JURA Kaffeemaschine E6 Dark Inox"}]},{"@type":"WebSite","@id":"https:\/\/dev6.erresse-shop.it\/#website","url":"https:\/\/dev6.erresse-shop.it\/","name":"Erresse Shop","description":"","publisher":{"@id":"https:\/\/dev6.erresse-shop.it\/#organization"},"potentialAction":[{"@type":"SearchAction","target":{"@type":"EntryPoint","urlTemplate":"https:\/\/dev6.erresse-shop.it\/?s={search_term_string}"},"query-input":{"@type":"PropertyValueSpecification","valueRequired":true,"valueName":"search_term_string"}}],"inLanguage":"de"},{"@type":"Organization","@id":"https:\/\/dev6.erresse-shop.it\/#organization","name":"Erresse Shop","url":"https:\/\/dev6.erresse-shop.it\/","logo":{"@type":"ImageObject","inLanguage":"de","@id":"https:\/\/dev6.erresse-shop.it\/#\/schema\/logo\/image\/","url":"https:\/\/dev6.erresse-shop.it\/wp-content\/uploads\/2025\/01\/LOGO-ERRESSE-CLASSICO.svg","contentUrl":"https:\/\/dev6.erresse-shop.it\/wp-content\/uploads\/2025\/01\/LOGO-ERRESSE-CLASSICO.svg","caption":"Erresse Shop"},"image":{"@id":"https:\/\/dev6.erresse-shop.it\/#\/schema\/logo\/image\/"}}]}},"df_price":869,"df_sale_price":869,"df_regular_price":1199,"df_image_link":"https:\/\/i1.wp.com\/interpim.erresse-shop.it\/wp-content\/uploads\/2025\/03\/JURA-Macchina-Da-Caffe-E6-Dark-Inox.jpg\/jura-macchina-da-caffe-e6-dark-inox.jpg?resize=300,300&ssl=1","fifu_image_url":"https:\/\/interpim.erresse-shop.it\/wp-content\/uploads\/2025\/03\/JURA-Macchina-Da-Caffe-E6-Dark-Inox.jpg\/jura-macchina-da-caffe-e6-dark-inox.jpg","_links":{"self":[{"href":"https:\/\/dev6.erresse-shop.it\/de\/wp-json\/wp\/v2\/product\/2303249","targetHints":{"allow":["GET"]}}],"collection":[{"href":"https:\/\/dev6.erresse-shop.it\/de\/wp-json\/wp\/v2\/product"}],"about":[{"href":"https:\/\/dev6.erresse-shop.it\/de\/wp-json\/wp\/v2\/types\/product"}],"wp:featuredmedia":[{"embeddable":true,"href":"https:\/\/dev6.erresse-shop.it\/de\/wp-json\/wp\/v2\/media\/6298360"}],"wp:attachment":[{"href":"https:\/\/dev6.erresse-shop.it\/de\/wp-json\/wp\/v2\/media?parent=2303249"}],"wp:term":[{"taxonomy":"product_cat","embeddable":true,"href":"https:\/\/dev6.erresse-shop.it\/de\/wp-json\/wp\/v2\/product_cat?post=2303249"},{"taxonomy":"product_tag","embeddable":true,"href":"https:\/\/dev6.erresse-shop.it\/de\/wp-json\/wp\/v2\/product_tag?post=2303249"}],"curies":[{"name":"wp","href":"https:\/\/api.w.org\/{rel}","templated":true}]}}