{"id":2303153,"date":"2026-04-04T14:44:09","date_gmt":"2026-04-04T12:44:09","guid":{"rendered":"https:\/\/dev6.erresse-shop.it\/shop\/unkategorisiert\/villeroy-boch-afina-4er-set-rotweinglaeser-200-ml\/"},"modified":"2025-09-26T19:01:09","modified_gmt":"2025-09-26T17:01:09","slug":"villeroy-boch-afina-4er-set-rotweinglaeser-200-ml","status":"publish","type":"product","link":"https:\/\/dev6.erresse-shop.it\/de\/shop\/tisch\/weinbar-korkenzieher-dekanter-eiskubel\/weinglaeser\/villeroy-boch-afina-4er-set-rotweinglaeser-200-ml\/","title":{"rendered":"VILLEROY &#038; BOCH Afina 4er-Set Rotweingl\u00e4ser 200 ml"},"content":{"rendered":"<p class=\"chakra-heading css-1djizvy\">Afina Rotweinglas\n<\/p>\n<p>Mit einem Fassungsverm\u00f6gen von 200 ml erm\u00f6glicht Ihnen dieses Glas, Rotwein zu jeder Gelegenheit stilvoll zu genie\u00dfen.<br \/>\nDekoratives und praktisches Element: Das Rotweinglas ist ideal f\u00fcr ein romantisches Abendessen zu zweit<br \/>\nTop-Qualit\u00e4t: Das aus Kristall gefertigte Rotweinglas ist pflegeleicht und schlank<br \/>\nEinfache Handhabung: Kurze Zeit ist kein Problem mehr, da das Rotweinglas sp\u00fclmaschinenfest ist<\/p>\n<p>Material: Kristall<br \/>\nSp\u00fclmaschinenfest: ja<br \/>\nGeeignet f\u00fcr die Mikrowelle: nein<br \/>\nDurchmesser: 96 mm<br \/>\nH\u00f6he: 227 mm<br \/>\nVolumen: 200 ml<\/p>\n","protected":false},"excerpt":{"rendered":"<p>Afina Rotweinglas Mit einem Fassungsverm\u00f6gen von 200 ml erm\u00f6glicht Ihnen dieses Glas, Rotwein zu jeder Gelegenheit stilvoll zu genie\u00dfen. Dekoratives und praktisches Element: Das Rotweinglas ist ideal f\u00fcr ein romantisches Abendessen zu zweit Top-Qualit\u00e4t: Das aus Kristall gefertigte Rotweinglas ist pflegeleicht und schlank Einfache Handhabung: Kurze Zeit ist kein Problem mehr, da das Rotweinglas sp\u00fclmaschinenfest [&hellip;]<\/p>\n","protected":false},"featured_media":6298054,"template":"","meta":{"_acf_changed":false},"product_cat":[12103,12177,12186],"product_tag":[],"class_list":{"0":"post-2303153","1":"product","2":"type-product","3":"status-publish","4":"has-post-thumbnail","6":"product_cat-tisch","7":"product_cat-weinbar-korkenzieher-dekanter-eiskubel","8":"product_cat-weinglaeser","10":"first","11":"instock","12":"taxable","13":"shipping-taxable","14":"purchasable","15":"product-type-simple","swatches":"rey-swatches","show_selected":"","stretch_labels":"rey-swatches--stretch-labels"},"acf":[],"yoast_head":"<!-- This site is optimized with the Yoast SEO plugin v25.4 - https:\/\/yoast.com\/wordpress\/plugins\/seo\/ -->\n<title>VILLEROY &#038; BOCH Afina 4er-Set Rotweingl\u00e4ser 200 ml - dev6 Erresse<\/title>\n<meta name=\"description\" content=\"Afina Rotweinglas Mit einem Fassungsverm\u00f6gen von 200 ml erm\u00f6glicht Ihnen dieses Glas, Rotwein zu jeder Gelegenheit stilvoll zu genie\u00dfen. Dekoratives und\" \/>\n<meta name=\"robots\" content=\"noindex, follow, max-snippet:-1, max-image-preview:large, max-video-preview:-1\" \/>\n<meta property=\"og:locale\" content=\"de_DE\" \/>\n<meta property=\"og:type\" content=\"article\" \/>\n<meta property=\"og:title\" content=\"VILLEROY &#038; BOCH Afina 4er-Set Rotweingl\u00e4ser 200 ml - dev6 Erresse\" \/>\n<meta property=\"og:description\" content=\"Afina Rotweinglas Mit einem Fassungsverm\u00f6gen von 200 ml erm\u00f6glicht Ihnen dieses Glas, Rotwein zu jeder Gelegenheit stilvoll zu genie\u00dfen. Dekoratives und\" \/>\n<meta property=\"og:url\" content=\"https:\/\/dev6.erresse-shop.it\/de\/shop\/tisch\/weinbar-korkenzieher-dekanter-eiskubel\/weinglaeser\/villeroy-boch-afina-4er-set-rotweinglaeser-200-ml\/\" \/>\n<meta property=\"og:site_name\" content=\"dev6 Erresse\" \/>\n<meta property=\"og:image\" content=\"https:\/\/interpim.erresse-shop.it\/wp-content\/uploads\/2025\/04\/VILLEROY-BOCH-Afina-Set-4-Calici-Vino-Rosso-200-ml.jpg\/villeroy-boch-afina-set-4-calici-vino-rosso-200-ml.jpg\" \/><meta property=\"og:image\" content=\"https:\/\/interpim.erresse-shop.it\/wp-content\/uploads\/2025\/04\/VILLEROY-BOCH-Afina-Set-4-Calici-Vino-Rosso-200-ml.jpg\/villeroy-boch-afina-set-4-calici-vino-rosso-200-ml.jpg\" \/>\n\t<meta property=\"og:image:width\" content=\"1024\" \/>\n\t<meta property=\"og:image:height\" content=\"1024\" \/>\n\t<meta property=\"og:image:type\" content=\"image\/jpeg\" \/>\n<meta name=\"twitter:card\" content=\"summary_large_image\" \/>\n<meta name=\"twitter:image\" content=\"https:\/\/interpim.erresse-shop.it\/wp-content\/uploads\/2025\/04\/VILLEROY-BOCH-Afina-Set-4-Calici-Vino-Rosso-200-ml.jpg\/villeroy-boch-afina-set-4-calici-vino-rosso-200-ml.jpg\" \/>\n<script type=\"application\/ld+json\" class=\"yoast-schema-graph\">{\"@context\":\"https:\/\/schema.org\",\"@graph\":[{\"@type\":\"WebPage\",\"@id\":\"https:\/\/dev6.erresse-shop.it\/de\/shop\/tisch\/weinbar-korkenzieher-dekanter-eiskubel\/weinglaeser\/villeroy-boch-afina-4er-set-rotweinglaeser-200-ml\/\",\"url\":\"https:\/\/dev6.erresse-shop.it\/de\/shop\/tisch\/weinbar-korkenzieher-dekanter-eiskubel\/weinglaeser\/villeroy-boch-afina-4er-set-rotweinglaeser-200-ml\/\",\"name\":\"VILLEROY &#038; BOCH Afina 4er-Set Rotweingl\u00e4ser 200 ml - dev6 Erresse\",\"isPartOf\":{\"@id\":\"https:\/\/dev6.erresse-shop.it\/#website\"},\"primaryImageOfPage\":{\"@id\":\"https:\/\/dev6.erresse-shop.it\/de\/shop\/tisch\/weinbar-korkenzieher-dekanter-eiskubel\/weinglaeser\/villeroy-boch-afina-4er-set-rotweinglaeser-200-ml\/#primaryimage\"},\"image\":{\"@id\":\"https:\/\/dev6.erresse-shop.it\/de\/shop\/tisch\/weinbar-korkenzieher-dekanter-eiskubel\/weinglaeser\/villeroy-boch-afina-4er-set-rotweinglaeser-200-ml\/#primaryimage\"},\"thumbnailUrl\":\"https:\/\/i2.wp.com\/interpim.erresse-shop.it\/wp-content\/uploads\/2025\/04\/VILLEROY-BOCH-Afina-Set-4-Calici-Vino-Rosso-200-ml.jpg\/villeroy-boch-afina-set-4-calici-vino-rosso-200-ml.jpg?ssl=1\",\"datePublished\":\"2026-04-04T12:44:09+00:00\",\"description\":\"Afina Rotweinglas Mit einem Fassungsverm\u00f6gen von 200 ml erm\u00f6glicht Ihnen dieses Glas, Rotwein zu jeder Gelegenheit stilvoll zu genie\u00dfen. Dekoratives und\",\"breadcrumb\":{\"@id\":\"https:\/\/dev6.erresse-shop.it\/de\/shop\/tisch\/weinbar-korkenzieher-dekanter-eiskubel\/weinglaeser\/villeroy-boch-afina-4er-set-rotweinglaeser-200-ml\/#breadcrumb\"},\"inLanguage\":\"de\",\"potentialAction\":[{\"@type\":\"ReadAction\",\"target\":[\"https:\/\/dev6.erresse-shop.it\/de\/shop\/tisch\/weinbar-korkenzieher-dekanter-eiskubel\/weinglaeser\/villeroy-boch-afina-4er-set-rotweinglaeser-200-ml\/\"]}]},{\"@type\":\"ImageObject\",\"inLanguage\":\"de\",\"@id\":\"https:\/\/dev6.erresse-shop.it\/de\/shop\/tisch\/weinbar-korkenzieher-dekanter-eiskubel\/weinglaeser\/villeroy-boch-afina-4er-set-rotweinglaeser-200-ml\/#primaryimage\",\"url\":\"https:\/\/i2.wp.com\/interpim.erresse-shop.it\/wp-content\/uploads\/2025\/04\/VILLEROY-BOCH-Afina-Set-4-Calici-Vino-Rosso-200-ml.jpg\/villeroy-boch-afina-set-4-calici-vino-rosso-200-ml.jpg?ssl=1\",\"contentUrl\":\"https:\/\/i2.wp.com\/interpim.erresse-shop.it\/wp-content\/uploads\/2025\/04\/VILLEROY-BOCH-Afina-Set-4-Calici-Vino-Rosso-200-ml.jpg\/villeroy-boch-afina-set-4-calici-vino-rosso-200-ml.jpg?ssl=1\"},{\"@type\":\"BreadcrumbList\",\"@id\":\"https:\/\/dev6.erresse-shop.it\/de\/shop\/tisch\/weinbar-korkenzieher-dekanter-eiskubel\/weinglaeser\/villeroy-boch-afina-4er-set-rotweinglaeser-200-ml\/#breadcrumb\",\"itemListElement\":[{\"@type\":\"ListItem\",\"position\":1,\"name\":\"Home\",\"item\":\"https:\/\/dev6.erresse-shop.it\/\"},{\"@type\":\"ListItem\",\"position\":2,\"name\":\"Shop\",\"item\":\"https:\/\/dev6.erresse-shop.it\/shop\/\"},{\"@type\":\"ListItem\",\"position\":3,\"name\":\"VILLEROY &#038; BOCH Afina 4er-Set Rotweingl\u00e4ser 200 ml\"}]},{\"@type\":\"WebSite\",\"@id\":\"https:\/\/dev6.erresse-shop.it\/#website\",\"url\":\"https:\/\/dev6.erresse-shop.it\/\",\"name\":\"Erresse Shop\",\"description\":\"\",\"publisher\":{\"@id\":\"https:\/\/dev6.erresse-shop.it\/#organization\"},\"potentialAction\":[{\"@type\":\"SearchAction\",\"target\":{\"@type\":\"EntryPoint\",\"urlTemplate\":\"https:\/\/dev6.erresse-shop.it\/?s={search_term_string}\"},\"query-input\":{\"@type\":\"PropertyValueSpecification\",\"valueRequired\":true,\"valueName\":\"search_term_string\"}}],\"inLanguage\":\"de\"},{\"@type\":\"Organization\",\"@id\":\"https:\/\/dev6.erresse-shop.it\/#organization\",\"name\":\"Erresse Shop\",\"url\":\"https:\/\/dev6.erresse-shop.it\/\",\"logo\":{\"@type\":\"ImageObject\",\"inLanguage\":\"de\",\"@id\":\"https:\/\/dev6.erresse-shop.it\/#\/schema\/logo\/image\/\",\"url\":\"https:\/\/dev6.erresse-shop.it\/wp-content\/uploads\/2025\/01\/LOGO-ERRESSE-CLASSICO.svg\",\"contentUrl\":\"https:\/\/dev6.erresse-shop.it\/wp-content\/uploads\/2025\/01\/LOGO-ERRESSE-CLASSICO.svg\",\"caption\":\"Erresse Shop\"},\"image\":{\"@id\":\"https:\/\/dev6.erresse-shop.it\/#\/schema\/logo\/image\/\"}}]}<\/script>\n<!-- \/ Yoast SEO plugin. -->","yoast_head_json":{"title":"VILLEROY &#038; BOCH Afina 4er-Set Rotweingl\u00e4ser 200 ml - dev6 Erresse","description":"Afina Rotweinglas Mit einem Fassungsverm\u00f6gen von 200 ml erm\u00f6glicht Ihnen dieses Glas, Rotwein zu jeder Gelegenheit stilvoll zu genie\u00dfen. Dekoratives und","robots":{"index":"noindex","follow":"follow","max-snippet":"max-snippet:-1","max-image-preview":"max-image-preview:large","max-video-preview":"max-video-preview:-1"},"og_locale":"de_DE","og_type":"article","og_title":"VILLEROY &#038; BOCH Afina 4er-Set Rotweingl\u00e4ser 200 ml - dev6 Erresse","og_description":"Afina Rotweinglas Mit einem Fassungsverm\u00f6gen von 200 ml erm\u00f6glicht Ihnen dieses Glas, Rotwein zu jeder Gelegenheit stilvoll zu genie\u00dfen. Dekoratives und","og_url":"https:\/\/dev6.erresse-shop.it\/de\/shop\/tisch\/weinbar-korkenzieher-dekanter-eiskubel\/weinglaeser\/villeroy-boch-afina-4er-set-rotweinglaeser-200-ml\/","og_site_name":"dev6 Erresse","og_image":[{"url":"https:\/\/interpim.erresse-shop.it\/wp-content\/uploads\/2025\/04\/VILLEROY-BOCH-Afina-Set-4-Calici-Vino-Rosso-200-ml.jpg\/villeroy-boch-afina-set-4-calici-vino-rosso-200-ml.jpg","type":"","width":"","height":""},{"url":"https:\/\/interpim.erresse-shop.it\/wp-content\/uploads\/2025\/04\/VILLEROY-BOCH-Afina-Set-4-Calici-Vino-Rosso-200-ml.jpg\/villeroy-boch-afina-set-4-calici-vino-rosso-200-ml.jpg","width":1024,"height":1024,"type":"image\/jpeg"}],"twitter_card":"summary_large_image","twitter_image":"https:\/\/interpim.erresse-shop.it\/wp-content\/uploads\/2025\/04\/VILLEROY-BOCH-Afina-Set-4-Calici-Vino-Rosso-200-ml.jpg\/villeroy-boch-afina-set-4-calici-vino-rosso-200-ml.jpg","schema":{"@context":"https:\/\/schema.org","@graph":[{"@type":"WebPage","@id":"https:\/\/dev6.erresse-shop.it\/de\/shop\/tisch\/weinbar-korkenzieher-dekanter-eiskubel\/weinglaeser\/villeroy-boch-afina-4er-set-rotweinglaeser-200-ml\/","url":"https:\/\/dev6.erresse-shop.it\/de\/shop\/tisch\/weinbar-korkenzieher-dekanter-eiskubel\/weinglaeser\/villeroy-boch-afina-4er-set-rotweinglaeser-200-ml\/","name":"VILLEROY &#038; BOCH Afina 4er-Set Rotweingl\u00e4ser 200 ml - dev6 Erresse","isPartOf":{"@id":"https:\/\/dev6.erresse-shop.it\/#website"},"primaryImageOfPage":{"@id":"https:\/\/dev6.erresse-shop.it\/de\/shop\/tisch\/weinbar-korkenzieher-dekanter-eiskubel\/weinglaeser\/villeroy-boch-afina-4er-set-rotweinglaeser-200-ml\/#primaryimage"},"image":{"@id":"https:\/\/dev6.erresse-shop.it\/de\/shop\/tisch\/weinbar-korkenzieher-dekanter-eiskubel\/weinglaeser\/villeroy-boch-afina-4er-set-rotweinglaeser-200-ml\/#primaryimage"},"thumbnailUrl":"https:\/\/i2.wp.com\/interpim.erresse-shop.it\/wp-content\/uploads\/2025\/04\/VILLEROY-BOCH-Afina-Set-4-Calici-Vino-Rosso-200-ml.jpg\/villeroy-boch-afina-set-4-calici-vino-rosso-200-ml.jpg?ssl=1","datePublished":"2026-04-04T12:44:09+00:00","description":"Afina Rotweinglas Mit einem Fassungsverm\u00f6gen von 200 ml erm\u00f6glicht Ihnen dieses Glas, Rotwein zu jeder Gelegenheit stilvoll zu genie\u00dfen. Dekoratives und","breadcrumb":{"@id":"https:\/\/dev6.erresse-shop.it\/de\/shop\/tisch\/weinbar-korkenzieher-dekanter-eiskubel\/weinglaeser\/villeroy-boch-afina-4er-set-rotweinglaeser-200-ml\/#breadcrumb"},"inLanguage":"de","potentialAction":[{"@type":"ReadAction","target":["https:\/\/dev6.erresse-shop.it\/de\/shop\/tisch\/weinbar-korkenzieher-dekanter-eiskubel\/weinglaeser\/villeroy-boch-afina-4er-set-rotweinglaeser-200-ml\/"]}]},{"@type":"ImageObject","inLanguage":"de","@id":"https:\/\/dev6.erresse-shop.it\/de\/shop\/tisch\/weinbar-korkenzieher-dekanter-eiskubel\/weinglaeser\/villeroy-boch-afina-4er-set-rotweinglaeser-200-ml\/#primaryimage","url":"https:\/\/i2.wp.com\/interpim.erresse-shop.it\/wp-content\/uploads\/2025\/04\/VILLEROY-BOCH-Afina-Set-4-Calici-Vino-Rosso-200-ml.jpg\/villeroy-boch-afina-set-4-calici-vino-rosso-200-ml.jpg?ssl=1","contentUrl":"https:\/\/i2.wp.com\/interpim.erresse-shop.it\/wp-content\/uploads\/2025\/04\/VILLEROY-BOCH-Afina-Set-4-Calici-Vino-Rosso-200-ml.jpg\/villeroy-boch-afina-set-4-calici-vino-rosso-200-ml.jpg?ssl=1"},{"@type":"BreadcrumbList","@id":"https:\/\/dev6.erresse-shop.it\/de\/shop\/tisch\/weinbar-korkenzieher-dekanter-eiskubel\/weinglaeser\/villeroy-boch-afina-4er-set-rotweinglaeser-200-ml\/#breadcrumb","itemListElement":[{"@type":"ListItem","position":1,"name":"Home","item":"https:\/\/dev6.erresse-shop.it\/"},{"@type":"ListItem","position":2,"name":"Shop","item":"https:\/\/dev6.erresse-shop.it\/shop\/"},{"@type":"ListItem","position":3,"name":"VILLEROY &#038; BOCH Afina 4er-Set Rotweingl\u00e4ser 200 ml"}]},{"@type":"WebSite","@id":"https:\/\/dev6.erresse-shop.it\/#website","url":"https:\/\/dev6.erresse-shop.it\/","name":"Erresse Shop","description":"","publisher":{"@id":"https:\/\/dev6.erresse-shop.it\/#organization"},"potentialAction":[{"@type":"SearchAction","target":{"@type":"EntryPoint","urlTemplate":"https:\/\/dev6.erresse-shop.it\/?s={search_term_string}"},"query-input":{"@type":"PropertyValueSpecification","valueRequired":true,"valueName":"search_term_string"}}],"inLanguage":"de"},{"@type":"Organization","@id":"https:\/\/dev6.erresse-shop.it\/#organization","name":"Erresse Shop","url":"https:\/\/dev6.erresse-shop.it\/","logo":{"@type":"ImageObject","inLanguage":"de","@id":"https:\/\/dev6.erresse-shop.it\/#\/schema\/logo\/image\/","url":"https:\/\/dev6.erresse-shop.it\/wp-content\/uploads\/2025\/01\/LOGO-ERRESSE-CLASSICO.svg","contentUrl":"https:\/\/dev6.erresse-shop.it\/wp-content\/uploads\/2025\/01\/LOGO-ERRESSE-CLASSICO.svg","caption":"Erresse Shop"},"image":{"@id":"https:\/\/dev6.erresse-shop.it\/#\/schema\/logo\/image\/"}}]}},"df_price":49.9,"df_sale_price":"","df_regular_price":49.9,"df_image_link":"https:\/\/i2.wp.com\/interpim.erresse-shop.it\/wp-content\/uploads\/2025\/04\/VILLEROY-BOCH-Afina-Set-4-Calici-Vino-Rosso-200-ml.jpg\/villeroy-boch-afina-set-4-calici-vino-rosso-200-ml.jpg?resize=300,300&ssl=1","fifu_image_url":"https:\/\/interpim.erresse-shop.it\/wp-content\/uploads\/2025\/04\/VILLEROY-BOCH-Afina-Set-4-Calici-Vino-Rosso-200-ml.jpg\/villeroy-boch-afina-set-4-calici-vino-rosso-200-ml.jpg","_links":{"self":[{"href":"https:\/\/dev6.erresse-shop.it\/de\/wp-json\/wp\/v2\/product\/2303153","targetHints":{"allow":["GET"]}}],"collection":[{"href":"https:\/\/dev6.erresse-shop.it\/de\/wp-json\/wp\/v2\/product"}],"about":[{"href":"https:\/\/dev6.erresse-shop.it\/de\/wp-json\/wp\/v2\/types\/product"}],"wp:featuredmedia":[{"embeddable":true,"href":"https:\/\/dev6.erresse-shop.it\/de\/wp-json\/wp\/v2\/media\/6298054"}],"wp:attachment":[{"href":"https:\/\/dev6.erresse-shop.it\/de\/wp-json\/wp\/v2\/media?parent=2303153"}],"wp:term":[{"taxonomy":"product_cat","embeddable":true,"href":"https:\/\/dev6.erresse-shop.it\/de\/wp-json\/wp\/v2\/product_cat?post=2303153"},{"taxonomy":"product_tag","embeddable":true,"href":"https:\/\/dev6.erresse-shop.it\/de\/wp-json\/wp\/v2\/product_tag?post=2303153"}],"curies":[{"name":"wp","href":"https:\/\/api.w.org\/{rel}","templated":true}]}}