{"id":2303101,"date":"2026-04-12T14:43:55","date_gmt":"2026-04-12T12:43:55","guid":{"rendered":"https:\/\/dev6.erresse-shop.it\/shop\/unkategorisiert\/villeroy-boch-fleur-6er-espressotassen-set-blau\/"},"modified":"2025-07-04T15:26:14","modified_gmt":"2025-07-04T13:26:14","slug":"villeroy-boch-fleur-6er-espressotassen-set-blau","status":"publish","type":"product","link":"https:\/\/dev6.erresse-shop.it\/de\/shop\/tisch\/tassen\/villeroy-boch-fleur-6er-espressotassen-set-blau\/","title":{"rendered":"VILLEROY &#038; BOCH Fleur 6er Espressotassen-Set Blau"},"content":{"rendered":"<p class=\"p1\">Espressotassen-Set<\/p>\n<p>Mit den Ma\u00dfen 8,4 cm x 6,1 cm ist die Tasse ideal f\u00fcr den Kaffeegenuss<br \/>\nAlltag und Mix &amp; perfekt aufeinander abgestimmte Matches: Die Artikel bieten kreative Kombinationsm\u00f6glichkeiten f\u00fcr jede Tageszeit<br \/>\nAuthentische Qualit\u00e4t: Dank Premium Porcelain ist die Kaffeetasse langlebig und robust<br \/>\nEine moderne Interpretation der Blume: Klassische Motive treffen auf frische grafische Muster und leuchtende Farben.<br \/>\nPflegeleicht: Kann nach Gebrauch oder zur Entfernung von Schmutz problemlos in der Sp\u00fclmaschine gereinigt werden<\/p>\n<p>Material: Premium-Porzellan<br \/>\nVolumen: 70 ml<br \/>\nSp\u00fclmaschinenfest: ja<br \/>\nMikrowellengeeignet: ja<\/p>\n","protected":false},"excerpt":{"rendered":"<p>Espressotassen-Set Mit den Ma\u00dfen 8,4 cm x 6,1 cm ist die Tasse ideal f\u00fcr den Kaffeegenuss Alltag und Mix &amp; perfekt aufeinander abgestimmte Matches: Die Artikel bieten kreative Kombinationsm\u00f6glichkeiten f\u00fcr jede Tageszeit Authentische Qualit\u00e4t: Dank Premium Porcelain ist die Kaffeetasse langlebig und robust Eine moderne Interpretation der Blume: Klassische Motive treffen auf frische grafische Muster [&hellip;]<\/p>\n","protected":false},"featured_media":6381205,"template":"","meta":{"_acf_changed":false},"product_cat":[12121,12103],"product_tag":[],"class_list":{"0":"post-2303101","1":"product","2":"type-product","3":"status-publish","4":"has-post-thumbnail","6":"product_cat-tassen","7":"product_cat-tisch","9":"first","10":"instock","11":"taxable","12":"shipping-taxable","13":"product-type-simple","swatches":"rey-swatches","show_selected":"","stretch_labels":"rey-swatches--stretch-labels"},"acf":[],"yoast_head":"<!-- This site is optimized with the Yoast SEO plugin v25.4 - https:\/\/yoast.com\/wordpress\/plugins\/seo\/ -->\n<title>VILLEROY &#038; BOCH Fleur 6er Espressotassen-Set Blau - dev6 Erresse<\/title>\n<meta name=\"description\" content=\"Espressotassen-Set Mit den Ma\u00dfen 8,4 cm x 6,1 cm ist die Tasse ideal f\u00fcr den Kaffeegenuss Alltag und Mix &amp; perfekt aufeinander abgestimmte Matches:\" \/>\n<meta name=\"robots\" content=\"noindex, follow, max-snippet:-1, max-image-preview:large, max-video-preview:-1\" \/>\n<meta property=\"og:locale\" content=\"de_DE\" \/>\n<meta property=\"og:type\" content=\"article\" \/>\n<meta property=\"og:title\" content=\"VILLEROY &#038; BOCH Fleur 6er Espressotassen-Set Blau - dev6 Erresse\" \/>\n<meta property=\"og:description\" content=\"Espressotassen-Set Mit den Ma\u00dfen 8,4 cm x 6,1 cm ist die Tasse ideal f\u00fcr den Kaffeegenuss Alltag und Mix &amp; perfekt aufeinander abgestimmte Matches:\" \/>\n<meta property=\"og:url\" content=\"https:\/\/dev6.erresse-shop.it\/de\/shop\/tisch\/tassen\/villeroy-boch-fleur-6er-espressotassen-set-blau\/\" \/>\n<meta property=\"og:site_name\" content=\"dev6 Erresse\" \/>\n<meta property=\"og:image\" content=\"https:\/\/interpim.erresse-shop.it\/wp-content\/uploads\/2025\/04\/VILLEROY-BOCH-Fleur-Set-6-Tazzine-da-Caffe-Blu.jpg\/villeroy-boch-fleur-set-6-tazzine-da-caffe-blu.jpg\" \/><meta property=\"og:image\" content=\"https:\/\/interpim.erresse-shop.it\/wp-content\/uploads\/2025\/04\/VILLEROY-BOCH-Fleur-Set-6-Tazzine-da-Caffe-Blu.jpg\/villeroy-boch-fleur-set-6-tazzine-da-caffe-blu.jpg\" \/>\n\t<meta property=\"og:image:width\" content=\"1024\" \/>\n\t<meta property=\"og:image:height\" content=\"1024\" \/>\n\t<meta property=\"og:image:type\" content=\"image\/jpeg\" \/>\n<meta name=\"twitter:card\" content=\"summary_large_image\" \/>\n<meta name=\"twitter:image\" content=\"https:\/\/interpim.erresse-shop.it\/wp-content\/uploads\/2025\/04\/VILLEROY-BOCH-Fleur-Set-6-Tazzine-da-Caffe-Blu.jpg\/villeroy-boch-fleur-set-6-tazzine-da-caffe-blu.jpg\" \/>\n<script type=\"application\/ld+json\" class=\"yoast-schema-graph\">{\"@context\":\"https:\/\/schema.org\",\"@graph\":[{\"@type\":\"WebPage\",\"@id\":\"https:\/\/dev6.erresse-shop.it\/de\/shop\/tisch\/tassen\/villeroy-boch-fleur-6er-espressotassen-set-blau\/\",\"url\":\"https:\/\/dev6.erresse-shop.it\/de\/shop\/tisch\/tassen\/villeroy-boch-fleur-6er-espressotassen-set-blau\/\",\"name\":\"VILLEROY &#038; BOCH Fleur 6er Espressotassen-Set Blau - dev6 Erresse\",\"isPartOf\":{\"@id\":\"https:\/\/dev6.erresse-shop.it\/#website\"},\"primaryImageOfPage\":{\"@id\":\"https:\/\/dev6.erresse-shop.it\/de\/shop\/tisch\/tassen\/villeroy-boch-fleur-6er-espressotassen-set-blau\/#primaryimage\"},\"image\":{\"@id\":\"https:\/\/dev6.erresse-shop.it\/de\/shop\/tisch\/tassen\/villeroy-boch-fleur-6er-espressotassen-set-blau\/#primaryimage\"},\"thumbnailUrl\":\"https:\/\/i3.wp.com\/interpim.erresse-shop.it\/wp-content\/uploads\/2025\/04\/VILLEROY-BOCH-Fleur-Set-6-Tazzine-da-Caffe-Blu.jpg\/villeroy-boch-fleur-set-6-tazzine-da-caffe-blu.jpg?ssl=1\",\"datePublished\":\"2026-04-12T12:43:55+00:00\",\"description\":\"Espressotassen-Set Mit den Ma\u00dfen 8,4 cm x 6,1 cm ist die Tasse ideal f\u00fcr den Kaffeegenuss Alltag und Mix &amp; perfekt aufeinander abgestimmte Matches:\",\"breadcrumb\":{\"@id\":\"https:\/\/dev6.erresse-shop.it\/de\/shop\/tisch\/tassen\/villeroy-boch-fleur-6er-espressotassen-set-blau\/#breadcrumb\"},\"inLanguage\":\"de\",\"potentialAction\":[{\"@type\":\"ReadAction\",\"target\":[\"https:\/\/dev6.erresse-shop.it\/de\/shop\/tisch\/tassen\/villeroy-boch-fleur-6er-espressotassen-set-blau\/\"]}]},{\"@type\":\"ImageObject\",\"inLanguage\":\"de\",\"@id\":\"https:\/\/dev6.erresse-shop.it\/de\/shop\/tisch\/tassen\/villeroy-boch-fleur-6er-espressotassen-set-blau\/#primaryimage\",\"url\":\"https:\/\/i3.wp.com\/interpim.erresse-shop.it\/wp-content\/uploads\/2025\/04\/VILLEROY-BOCH-Fleur-Set-6-Tazzine-da-Caffe-Blu.jpg\/villeroy-boch-fleur-set-6-tazzine-da-caffe-blu.jpg?ssl=1\",\"contentUrl\":\"https:\/\/i3.wp.com\/interpim.erresse-shop.it\/wp-content\/uploads\/2025\/04\/VILLEROY-BOCH-Fleur-Set-6-Tazzine-da-Caffe-Blu.jpg\/villeroy-boch-fleur-set-6-tazzine-da-caffe-blu.jpg?ssl=1\"},{\"@type\":\"BreadcrumbList\",\"@id\":\"https:\/\/dev6.erresse-shop.it\/de\/shop\/tisch\/tassen\/villeroy-boch-fleur-6er-espressotassen-set-blau\/#breadcrumb\",\"itemListElement\":[{\"@type\":\"ListItem\",\"position\":1,\"name\":\"Home\",\"item\":\"https:\/\/dev6.erresse-shop.it\/\"},{\"@type\":\"ListItem\",\"position\":2,\"name\":\"Shop\",\"item\":\"https:\/\/dev6.erresse-shop.it\/shop\/\"},{\"@type\":\"ListItem\",\"position\":3,\"name\":\"VILLEROY &#038; BOCH Fleur 6er Espressotassen-Set Blau\"}]},{\"@type\":\"WebSite\",\"@id\":\"https:\/\/dev6.erresse-shop.it\/#website\",\"url\":\"https:\/\/dev6.erresse-shop.it\/\",\"name\":\"Erresse Shop\",\"description\":\"\",\"publisher\":{\"@id\":\"https:\/\/dev6.erresse-shop.it\/#organization\"},\"potentialAction\":[{\"@type\":\"SearchAction\",\"target\":{\"@type\":\"EntryPoint\",\"urlTemplate\":\"https:\/\/dev6.erresse-shop.it\/?s={search_term_string}\"},\"query-input\":{\"@type\":\"PropertyValueSpecification\",\"valueRequired\":true,\"valueName\":\"search_term_string\"}}],\"inLanguage\":\"de\"},{\"@type\":\"Organization\",\"@id\":\"https:\/\/dev6.erresse-shop.it\/#organization\",\"name\":\"Erresse Shop\",\"url\":\"https:\/\/dev6.erresse-shop.it\/\",\"logo\":{\"@type\":\"ImageObject\",\"inLanguage\":\"de\",\"@id\":\"https:\/\/dev6.erresse-shop.it\/#\/schema\/logo\/image\/\",\"url\":\"https:\/\/dev6.erresse-shop.it\/wp-content\/uploads\/2025\/01\/LOGO-ERRESSE-CLASSICO.svg\",\"contentUrl\":\"https:\/\/dev6.erresse-shop.it\/wp-content\/uploads\/2025\/01\/LOGO-ERRESSE-CLASSICO.svg\",\"caption\":\"Erresse Shop\"},\"image\":{\"@id\":\"https:\/\/dev6.erresse-shop.it\/#\/schema\/logo\/image\/\"}}]}<\/script>\n<!-- \/ Yoast SEO plugin. -->","yoast_head_json":{"title":"VILLEROY &#038; BOCH Fleur 6er Espressotassen-Set Blau - dev6 Erresse","description":"Espressotassen-Set Mit den Ma\u00dfen 8,4 cm x 6,1 cm ist die Tasse ideal f\u00fcr den Kaffeegenuss Alltag und Mix &amp; perfekt aufeinander abgestimmte Matches:","robots":{"index":"noindex","follow":"follow","max-snippet":"max-snippet:-1","max-image-preview":"max-image-preview:large","max-video-preview":"max-video-preview:-1"},"og_locale":"de_DE","og_type":"article","og_title":"VILLEROY &#038; BOCH Fleur 6er Espressotassen-Set Blau - dev6 Erresse","og_description":"Espressotassen-Set Mit den Ma\u00dfen 8,4 cm x 6,1 cm ist die Tasse ideal f\u00fcr den Kaffeegenuss Alltag und Mix &amp; perfekt aufeinander abgestimmte Matches:","og_url":"https:\/\/dev6.erresse-shop.it\/de\/shop\/tisch\/tassen\/villeroy-boch-fleur-6er-espressotassen-set-blau\/","og_site_name":"dev6 Erresse","og_image":[{"url":"https:\/\/interpim.erresse-shop.it\/wp-content\/uploads\/2025\/04\/VILLEROY-BOCH-Fleur-Set-6-Tazzine-da-Caffe-Blu.jpg\/villeroy-boch-fleur-set-6-tazzine-da-caffe-blu.jpg","type":"","width":"","height":""},{"url":"https:\/\/interpim.erresse-shop.it\/wp-content\/uploads\/2025\/04\/VILLEROY-BOCH-Fleur-Set-6-Tazzine-da-Caffe-Blu.jpg\/villeroy-boch-fleur-set-6-tazzine-da-caffe-blu.jpg","width":1024,"height":1024,"type":"image\/jpeg"}],"twitter_card":"summary_large_image","twitter_image":"https:\/\/interpim.erresse-shop.it\/wp-content\/uploads\/2025\/04\/VILLEROY-BOCH-Fleur-Set-6-Tazzine-da-Caffe-Blu.jpg\/villeroy-boch-fleur-set-6-tazzine-da-caffe-blu.jpg","schema":{"@context":"https:\/\/schema.org","@graph":[{"@type":"WebPage","@id":"https:\/\/dev6.erresse-shop.it\/de\/shop\/tisch\/tassen\/villeroy-boch-fleur-6er-espressotassen-set-blau\/","url":"https:\/\/dev6.erresse-shop.it\/de\/shop\/tisch\/tassen\/villeroy-boch-fleur-6er-espressotassen-set-blau\/","name":"VILLEROY &#038; BOCH Fleur 6er Espressotassen-Set Blau - dev6 Erresse","isPartOf":{"@id":"https:\/\/dev6.erresse-shop.it\/#website"},"primaryImageOfPage":{"@id":"https:\/\/dev6.erresse-shop.it\/de\/shop\/tisch\/tassen\/villeroy-boch-fleur-6er-espressotassen-set-blau\/#primaryimage"},"image":{"@id":"https:\/\/dev6.erresse-shop.it\/de\/shop\/tisch\/tassen\/villeroy-boch-fleur-6er-espressotassen-set-blau\/#primaryimage"},"thumbnailUrl":"https:\/\/i3.wp.com\/interpim.erresse-shop.it\/wp-content\/uploads\/2025\/04\/VILLEROY-BOCH-Fleur-Set-6-Tazzine-da-Caffe-Blu.jpg\/villeroy-boch-fleur-set-6-tazzine-da-caffe-blu.jpg?ssl=1","datePublished":"2026-04-12T12:43:55+00:00","description":"Espressotassen-Set Mit den Ma\u00dfen 8,4 cm x 6,1 cm ist die Tasse ideal f\u00fcr den Kaffeegenuss Alltag und Mix &amp; perfekt aufeinander abgestimmte Matches:","breadcrumb":{"@id":"https:\/\/dev6.erresse-shop.it\/de\/shop\/tisch\/tassen\/villeroy-boch-fleur-6er-espressotassen-set-blau\/#breadcrumb"},"inLanguage":"de","potentialAction":[{"@type":"ReadAction","target":["https:\/\/dev6.erresse-shop.it\/de\/shop\/tisch\/tassen\/villeroy-boch-fleur-6er-espressotassen-set-blau\/"]}]},{"@type":"ImageObject","inLanguage":"de","@id":"https:\/\/dev6.erresse-shop.it\/de\/shop\/tisch\/tassen\/villeroy-boch-fleur-6er-espressotassen-set-blau\/#primaryimage","url":"https:\/\/i3.wp.com\/interpim.erresse-shop.it\/wp-content\/uploads\/2025\/04\/VILLEROY-BOCH-Fleur-Set-6-Tazzine-da-Caffe-Blu.jpg\/villeroy-boch-fleur-set-6-tazzine-da-caffe-blu.jpg?ssl=1","contentUrl":"https:\/\/i3.wp.com\/interpim.erresse-shop.it\/wp-content\/uploads\/2025\/04\/VILLEROY-BOCH-Fleur-Set-6-Tazzine-da-Caffe-Blu.jpg\/villeroy-boch-fleur-set-6-tazzine-da-caffe-blu.jpg?ssl=1"},{"@type":"BreadcrumbList","@id":"https:\/\/dev6.erresse-shop.it\/de\/shop\/tisch\/tassen\/villeroy-boch-fleur-6er-espressotassen-set-blau\/#breadcrumb","itemListElement":[{"@type":"ListItem","position":1,"name":"Home","item":"https:\/\/dev6.erresse-shop.it\/"},{"@type":"ListItem","position":2,"name":"Shop","item":"https:\/\/dev6.erresse-shop.it\/shop\/"},{"@type":"ListItem","position":3,"name":"VILLEROY &#038; BOCH Fleur 6er Espressotassen-Set Blau"}]},{"@type":"WebSite","@id":"https:\/\/dev6.erresse-shop.it\/#website","url":"https:\/\/dev6.erresse-shop.it\/","name":"Erresse Shop","description":"","publisher":{"@id":"https:\/\/dev6.erresse-shop.it\/#organization"},"potentialAction":[{"@type":"SearchAction","target":{"@type":"EntryPoint","urlTemplate":"https:\/\/dev6.erresse-shop.it\/?s={search_term_string}"},"query-input":{"@type":"PropertyValueSpecification","valueRequired":true,"valueName":"search_term_string"}}],"inLanguage":"de"},{"@type":"Organization","@id":"https:\/\/dev6.erresse-shop.it\/#organization","name":"Erresse Shop","url":"https:\/\/dev6.erresse-shop.it\/","logo":{"@type":"ImageObject","inLanguage":"de","@id":"https:\/\/dev6.erresse-shop.it\/#\/schema\/logo\/image\/","url":"https:\/\/dev6.erresse-shop.it\/wp-content\/uploads\/2025\/01\/LOGO-ERRESSE-CLASSICO.svg","contentUrl":"https:\/\/dev6.erresse-shop.it\/wp-content\/uploads\/2025\/01\/LOGO-ERRESSE-CLASSICO.svg","caption":"Erresse Shop"},"image":{"@id":"https:\/\/dev6.erresse-shop.it\/#\/schema\/logo\/image\/"}}]}},"df_price":"","df_sale_price":"","df_regular_price":"","df_image_link":"https:\/\/i3.wp.com\/interpim.erresse-shop.it\/wp-content\/uploads\/2025\/04\/VILLEROY-BOCH-Fleur-Set-6-Tazzine-da-Caffe-Blu.jpg\/villeroy-boch-fleur-set-6-tazzine-da-caffe-blu.jpg?resize=300,300&ssl=1","fifu_image_url":"https:\/\/interpim.erresse-shop.it\/wp-content\/uploads\/2025\/04\/VILLEROY-BOCH-Fleur-Set-6-Tazzine-da-Caffe-Blu.jpg\/villeroy-boch-fleur-set-6-tazzine-da-caffe-blu.jpg","_links":{"self":[{"href":"https:\/\/dev6.erresse-shop.it\/de\/wp-json\/wp\/v2\/product\/2303101","targetHints":{"allow":["GET"]}}],"collection":[{"href":"https:\/\/dev6.erresse-shop.it\/de\/wp-json\/wp\/v2\/product"}],"about":[{"href":"https:\/\/dev6.erresse-shop.it\/de\/wp-json\/wp\/v2\/types\/product"}],"wp:featuredmedia":[{"embeddable":true,"href":"https:\/\/dev6.erresse-shop.it\/de\/wp-json\/wp\/v2\/media\/6381205"}],"wp:attachment":[{"href":"https:\/\/dev6.erresse-shop.it\/de\/wp-json\/wp\/v2\/media?parent=2303101"}],"wp:term":[{"taxonomy":"product_cat","embeddable":true,"href":"https:\/\/dev6.erresse-shop.it\/de\/wp-json\/wp\/v2\/product_cat?post=2303101"},{"taxonomy":"product_tag","embeddable":true,"href":"https:\/\/dev6.erresse-shop.it\/de\/wp-json\/wp\/v2\/product_tag?post=2303101"}],"curies":[{"name":"wp","href":"https:\/\/api.w.org\/{rel}","templated":true}]}}