{"id":2303097,"date":"2026-04-12T14:43:55","date_gmt":"2026-04-12T12:43:55","guid":{"rendered":"https:\/\/dev6.erresse-shop.it\/shop\/unkategorisiert\/staub-cocotte-rund-mit-daempfeinsatz-24-cm-weiss\/"},"modified":"2025-07-04T15:26:06","modified_gmt":"2025-07-04T13:26:06","slug":"staub-cocotte-rund-mit-daempfeinsatz-24-cm-weiss","status":"publish","type":"product","link":"https:\/\/dev6.erresse-shop.it\/de\/shop\/toepfe-pfannen\/schalldaempfer-und-kokotten\/staub-cocotte-rund-mit-daempfeinsatz-24-cm-weiss\/","title":{"rendered":"STAUB Cocotte Rund mit D\u00e4mpfeinsatz 24 cm Wei\u00df"},"content":{"rendered":"<p>Die Cocotte mit speziellem Dampfkorb aus hochwertigem 18\/10 Edelstahl erm\u00f6glicht das gleichzeitige Garen mehrerer Zutaten. Dank der dicken Silikondichtung und der L\u00f6cher in der Oberfl\u00e4che des Korbes wird die Hitze gleichm\u00e4\u00dfig in der Pfanne verteilt. Die Cocotte hat einen Durchmesser von 24 cm und ein Fassungsverm\u00f6gen von 3,7 Litern. Sie k\u00f6nnen die Cocotte auf allen Herdarten, einschlie\u00dflich Induktion, und sogar im Backofen verwenden. Die Innenseite ist mit mattschwarzem Emaille versehen. Das Material ist langlebig, leicht zu reinigen und wird aufgrund seiner au\u00dfergew\u00f6hnlichen Eigenschaften sowohl von Spitzenk\u00f6chen als auch von K\u00fcchenneulingen gesch\u00e4tzt. Mit der Cocotte k\u00f6nnen Sie Lebensmittel effizient schmoren und die nat\u00fcrlichen Aromen Ihrer Zutaten bewahren. Die Emaillebeschichtung speichert die W\u00e4rme und gibt sie allm\u00e4hlich und gleichm\u00e4\u00dfig ab. Durch die spezielle \u201eHalbkugel\u201c-Struktur im Deckelinneren tropft das Kondenswasser gleichm\u00e4\u00dfig auf das Gargut und h\u00e4lt es sch\u00f6n saftig und zart. Nach dem Entfernen des Korbes k\u00f6nnen in der schwarzen Cocotte von Staub Gerichte stilvoll serviert werden.<\/p>\n<p>\u2013 Ideal zum gleichzeitigen Schmoren und D\u00fcnsten, zB. Kochen des Reis unten und des Fischs oben<br \/>\nF\u00fcr ein saftiges und zartes Garergebnis dank Deckel<br \/>\n\u2013 Die mattschwarze Innenemaillierung eignet sich optimal zum besonders knusprigen Schmoren und ist sehr widerstandsf\u00e4hig<br \/>\n\u2013 F\u00fcr alle Herdarten geeignet, auch Induktion, auch f\u00fcr den Backofen\/Grill geeignet<br \/>\n\u2013 Intensive Farbe<\/p>\n<p>Funktionen<\/p>\n<p>-Hitzebest\u00e4ndigkeit (\u00b0C): 240,00 \u00baC<br \/>\n\u2013 K\u00e4ltebest\u00e4ndigkeit: -20,00 \u00baC<br \/>\n\u2013 Material: Gusseisen<br \/>\n\u2013 Vorhandener Deckel: ja<br \/>\n-Induktion: Ja<br \/>\n-Ofenfest: Ja<br \/>\n-Gefrierschranksicher: Ja<br \/>\n-Geeignet f\u00fcr Kochfeld: Ja<br \/>\n-Sp\u00fclmaschinenfest: Ja<\/p>\n<p>Gr\u00f6\u00dfe<\/p>\n<p>-Nettogewicht: 5,5 kg<br \/>\n-Fassungsverm\u00f6gen: 3,70 l<br \/>\n-Durchmesser: 24 cm<br \/>\n-H\u00f6he: 22,6 cm<\/p>\n","protected":false},"excerpt":{"rendered":"<p>Die Cocotte mit speziellem Dampfkorb aus hochwertigem 18\/10 Edelstahl erm\u00f6glicht das gleichzeitige Garen mehrerer Zutaten. Dank der dicken Silikondichtung und der L\u00f6cher in der Oberfl\u00e4che des Korbes wird die Hitze gleichm\u00e4\u00dfig in der Pfanne verteilt. Die Cocotte hat einen Durchmesser von 24 cm und ein Fassungsverm\u00f6gen von 3,7 Litern. Sie k\u00f6nnen die Cocotte auf allen [&hellip;]<\/p>\n","protected":false},"featured_media":6381195,"template":"","meta":{"_acf_changed":false},"product_cat":[12108,12099],"product_tag":[],"class_list":{"0":"post-2303097","1":"product","2":"type-product","3":"status-publish","4":"has-post-thumbnail","6":"product_cat-schalldaempfer-und-kokotten","7":"product_cat-toepfe-pfannen","9":"first","10":"instock","11":"taxable","12":"shipping-taxable","13":"product-type-simple","swatches":"rey-swatches","show_selected":"","stretch_labels":"rey-swatches--stretch-labels"},"acf":[],"yoast_head":"<!-- This site is optimized with the Yoast SEO plugin v25.4 - https:\/\/yoast.com\/wordpress\/plugins\/seo\/ -->\n<title>STAUB Cocotte Rund mit D\u00e4mpfeinsatz 24 cm Wei\u00df - dev6 Erresse<\/title>\n<meta name=\"description\" content=\"Die Cocotte mit speziellem Dampfkorb aus hochwertigem 18\/10 Edelstahl erm\u00f6glicht das gleichzeitige Garen mehrerer Zutaten. Dank der dicken Silikondichtung\" \/>\n<meta name=\"robots\" content=\"noindex, follow, max-snippet:-1, max-image-preview:large, max-video-preview:-1\" \/>\n<meta property=\"og:locale\" content=\"de_DE\" \/>\n<meta property=\"og:type\" content=\"article\" \/>\n<meta property=\"og:title\" content=\"STAUB Cocotte Rund mit D\u00e4mpfeinsatz 24 cm Wei\u00df - dev6 Erresse\" \/>\n<meta property=\"og:description\" content=\"Die Cocotte mit speziellem Dampfkorb aus hochwertigem 18\/10 Edelstahl erm\u00f6glicht das gleichzeitige Garen mehrerer Zutaten. Dank der dicken Silikondichtung\" \/>\n<meta property=\"og:url\" content=\"https:\/\/dev6.erresse-shop.it\/de\/shop\/toepfe-pfannen\/schalldaempfer-und-kokotten\/staub-cocotte-rund-mit-daempfeinsatz-24-cm-weiss\/\" \/>\n<meta property=\"og:site_name\" content=\"dev6 Erresse\" \/>\n<meta property=\"og:image\" content=\"https:\/\/interpim.erresse-shop.it\/wp-content\/uploads\/2025\/04\/STAUB-Cocotte-Tonda-con-Cestello-a-Vapore-24-cm-Bianco.jpg\/staub-cocotte-tonda-con-cestello-a-vapore-24-cm-bianco.jpg\" \/><meta property=\"og:image\" content=\"https:\/\/interpim.erresse-shop.it\/wp-content\/uploads\/2025\/04\/STAUB-Cocotte-Tonda-con-Cestello-a-Vapore-24-cm-Bianco.jpg\/staub-cocotte-tonda-con-cestello-a-vapore-24-cm-bianco.jpg\" \/>\n\t<meta property=\"og:image:width\" content=\"1024\" \/>\n\t<meta property=\"og:image:height\" content=\"1024\" \/>\n\t<meta property=\"og:image:type\" content=\"image\/jpeg\" \/>\n<meta name=\"twitter:card\" content=\"summary_large_image\" \/>\n<meta name=\"twitter:image\" content=\"https:\/\/interpim.erresse-shop.it\/wp-content\/uploads\/2025\/04\/STAUB-Cocotte-Tonda-con-Cestello-a-Vapore-24-cm-Bianco.jpg\/staub-cocotte-tonda-con-cestello-a-vapore-24-cm-bianco.jpg\" \/>\n<script type=\"application\/ld+json\" class=\"yoast-schema-graph\">{\"@context\":\"https:\/\/schema.org\",\"@graph\":[{\"@type\":\"WebPage\",\"@id\":\"https:\/\/dev6.erresse-shop.it\/de\/shop\/toepfe-pfannen\/schalldaempfer-und-kokotten\/staub-cocotte-rund-mit-daempfeinsatz-24-cm-weiss\/\",\"url\":\"https:\/\/dev6.erresse-shop.it\/de\/shop\/toepfe-pfannen\/schalldaempfer-und-kokotten\/staub-cocotte-rund-mit-daempfeinsatz-24-cm-weiss\/\",\"name\":\"STAUB Cocotte Rund mit D\u00e4mpfeinsatz 24 cm Wei\u00df - dev6 Erresse\",\"isPartOf\":{\"@id\":\"https:\/\/dev6.erresse-shop.it\/#website\"},\"primaryImageOfPage\":{\"@id\":\"https:\/\/dev6.erresse-shop.it\/de\/shop\/toepfe-pfannen\/schalldaempfer-und-kokotten\/staub-cocotte-rund-mit-daempfeinsatz-24-cm-weiss\/#primaryimage\"},\"image\":{\"@id\":\"https:\/\/dev6.erresse-shop.it\/de\/shop\/toepfe-pfannen\/schalldaempfer-und-kokotten\/staub-cocotte-rund-mit-daempfeinsatz-24-cm-weiss\/#primaryimage\"},\"thumbnailUrl\":\"https:\/\/i1.wp.com\/interpim.erresse-shop.it\/wp-content\/uploads\/2025\/04\/STAUB-Cocotte-Tonda-con-Cestello-a-Vapore-24-cm-Bianco.jpg\/staub-cocotte-tonda-con-cestello-a-vapore-24-cm-bianco.jpg?ssl=1\",\"datePublished\":\"2026-04-12T12:43:55+00:00\",\"description\":\"Die Cocotte mit speziellem Dampfkorb aus hochwertigem 18\/10 Edelstahl erm\u00f6glicht das gleichzeitige Garen mehrerer Zutaten. Dank der dicken Silikondichtung\",\"breadcrumb\":{\"@id\":\"https:\/\/dev6.erresse-shop.it\/de\/shop\/toepfe-pfannen\/schalldaempfer-und-kokotten\/staub-cocotte-rund-mit-daempfeinsatz-24-cm-weiss\/#breadcrumb\"},\"inLanguage\":\"de\",\"potentialAction\":[{\"@type\":\"ReadAction\",\"target\":[\"https:\/\/dev6.erresse-shop.it\/de\/shop\/toepfe-pfannen\/schalldaempfer-und-kokotten\/staub-cocotte-rund-mit-daempfeinsatz-24-cm-weiss\/\"]}]},{\"@type\":\"ImageObject\",\"inLanguage\":\"de\",\"@id\":\"https:\/\/dev6.erresse-shop.it\/de\/shop\/toepfe-pfannen\/schalldaempfer-und-kokotten\/staub-cocotte-rund-mit-daempfeinsatz-24-cm-weiss\/#primaryimage\",\"url\":\"https:\/\/i1.wp.com\/interpim.erresse-shop.it\/wp-content\/uploads\/2025\/04\/STAUB-Cocotte-Tonda-con-Cestello-a-Vapore-24-cm-Bianco.jpg\/staub-cocotte-tonda-con-cestello-a-vapore-24-cm-bianco.jpg?ssl=1\",\"contentUrl\":\"https:\/\/i1.wp.com\/interpim.erresse-shop.it\/wp-content\/uploads\/2025\/04\/STAUB-Cocotte-Tonda-con-Cestello-a-Vapore-24-cm-Bianco.jpg\/staub-cocotte-tonda-con-cestello-a-vapore-24-cm-bianco.jpg?ssl=1\"},{\"@type\":\"BreadcrumbList\",\"@id\":\"https:\/\/dev6.erresse-shop.it\/de\/shop\/toepfe-pfannen\/schalldaempfer-und-kokotten\/staub-cocotte-rund-mit-daempfeinsatz-24-cm-weiss\/#breadcrumb\",\"itemListElement\":[{\"@type\":\"ListItem\",\"position\":1,\"name\":\"Home\",\"item\":\"https:\/\/dev6.erresse-shop.it\/\"},{\"@type\":\"ListItem\",\"position\":2,\"name\":\"Shop\",\"item\":\"https:\/\/dev6.erresse-shop.it\/shop\/\"},{\"@type\":\"ListItem\",\"position\":3,\"name\":\"STAUB Cocotte Rund mit D\u00e4mpfeinsatz 24 cm Wei\u00df\"}]},{\"@type\":\"WebSite\",\"@id\":\"https:\/\/dev6.erresse-shop.it\/#website\",\"url\":\"https:\/\/dev6.erresse-shop.it\/\",\"name\":\"Erresse Shop\",\"description\":\"\",\"publisher\":{\"@id\":\"https:\/\/dev6.erresse-shop.it\/#organization\"},\"potentialAction\":[{\"@type\":\"SearchAction\",\"target\":{\"@type\":\"EntryPoint\",\"urlTemplate\":\"https:\/\/dev6.erresse-shop.it\/?s={search_term_string}\"},\"query-input\":{\"@type\":\"PropertyValueSpecification\",\"valueRequired\":true,\"valueName\":\"search_term_string\"}}],\"inLanguage\":\"de\"},{\"@type\":\"Organization\",\"@id\":\"https:\/\/dev6.erresse-shop.it\/#organization\",\"name\":\"Erresse Shop\",\"url\":\"https:\/\/dev6.erresse-shop.it\/\",\"logo\":{\"@type\":\"ImageObject\",\"inLanguage\":\"de\",\"@id\":\"https:\/\/dev6.erresse-shop.it\/#\/schema\/logo\/image\/\",\"url\":\"https:\/\/dev6.erresse-shop.it\/wp-content\/uploads\/2025\/01\/LOGO-ERRESSE-CLASSICO.svg\",\"contentUrl\":\"https:\/\/dev6.erresse-shop.it\/wp-content\/uploads\/2025\/01\/LOGO-ERRESSE-CLASSICO.svg\",\"caption\":\"Erresse Shop\"},\"image\":{\"@id\":\"https:\/\/dev6.erresse-shop.it\/#\/schema\/logo\/image\/\"}}]}<\/script>\n<!-- \/ Yoast SEO plugin. -->","yoast_head_json":{"title":"STAUB Cocotte Rund mit D\u00e4mpfeinsatz 24 cm Wei\u00df - dev6 Erresse","description":"Die Cocotte mit speziellem Dampfkorb aus hochwertigem 18\/10 Edelstahl erm\u00f6glicht das gleichzeitige Garen mehrerer Zutaten. Dank der dicken Silikondichtung","robots":{"index":"noindex","follow":"follow","max-snippet":"max-snippet:-1","max-image-preview":"max-image-preview:large","max-video-preview":"max-video-preview:-1"},"og_locale":"de_DE","og_type":"article","og_title":"STAUB Cocotte Rund mit D\u00e4mpfeinsatz 24 cm Wei\u00df - dev6 Erresse","og_description":"Die Cocotte mit speziellem Dampfkorb aus hochwertigem 18\/10 Edelstahl erm\u00f6glicht das gleichzeitige Garen mehrerer Zutaten. Dank der dicken Silikondichtung","og_url":"https:\/\/dev6.erresse-shop.it\/de\/shop\/toepfe-pfannen\/schalldaempfer-und-kokotten\/staub-cocotte-rund-mit-daempfeinsatz-24-cm-weiss\/","og_site_name":"dev6 Erresse","og_image":[{"url":"https:\/\/interpim.erresse-shop.it\/wp-content\/uploads\/2025\/04\/STAUB-Cocotte-Tonda-con-Cestello-a-Vapore-24-cm-Bianco.jpg\/staub-cocotte-tonda-con-cestello-a-vapore-24-cm-bianco.jpg","type":"","width":"","height":""},{"url":"https:\/\/interpim.erresse-shop.it\/wp-content\/uploads\/2025\/04\/STAUB-Cocotte-Tonda-con-Cestello-a-Vapore-24-cm-Bianco.jpg\/staub-cocotte-tonda-con-cestello-a-vapore-24-cm-bianco.jpg","width":1024,"height":1024,"type":"image\/jpeg"}],"twitter_card":"summary_large_image","twitter_image":"https:\/\/interpim.erresse-shop.it\/wp-content\/uploads\/2025\/04\/STAUB-Cocotte-Tonda-con-Cestello-a-Vapore-24-cm-Bianco.jpg\/staub-cocotte-tonda-con-cestello-a-vapore-24-cm-bianco.jpg","schema":{"@context":"https:\/\/schema.org","@graph":[{"@type":"WebPage","@id":"https:\/\/dev6.erresse-shop.it\/de\/shop\/toepfe-pfannen\/schalldaempfer-und-kokotten\/staub-cocotte-rund-mit-daempfeinsatz-24-cm-weiss\/","url":"https:\/\/dev6.erresse-shop.it\/de\/shop\/toepfe-pfannen\/schalldaempfer-und-kokotten\/staub-cocotte-rund-mit-daempfeinsatz-24-cm-weiss\/","name":"STAUB Cocotte Rund mit D\u00e4mpfeinsatz 24 cm Wei\u00df - dev6 Erresse","isPartOf":{"@id":"https:\/\/dev6.erresse-shop.it\/#website"},"primaryImageOfPage":{"@id":"https:\/\/dev6.erresse-shop.it\/de\/shop\/toepfe-pfannen\/schalldaempfer-und-kokotten\/staub-cocotte-rund-mit-daempfeinsatz-24-cm-weiss\/#primaryimage"},"image":{"@id":"https:\/\/dev6.erresse-shop.it\/de\/shop\/toepfe-pfannen\/schalldaempfer-und-kokotten\/staub-cocotte-rund-mit-daempfeinsatz-24-cm-weiss\/#primaryimage"},"thumbnailUrl":"https:\/\/i1.wp.com\/interpim.erresse-shop.it\/wp-content\/uploads\/2025\/04\/STAUB-Cocotte-Tonda-con-Cestello-a-Vapore-24-cm-Bianco.jpg\/staub-cocotte-tonda-con-cestello-a-vapore-24-cm-bianco.jpg?ssl=1","datePublished":"2026-04-12T12:43:55+00:00","description":"Die Cocotte mit speziellem Dampfkorb aus hochwertigem 18\/10 Edelstahl erm\u00f6glicht das gleichzeitige Garen mehrerer Zutaten. Dank der dicken Silikondichtung","breadcrumb":{"@id":"https:\/\/dev6.erresse-shop.it\/de\/shop\/toepfe-pfannen\/schalldaempfer-und-kokotten\/staub-cocotte-rund-mit-daempfeinsatz-24-cm-weiss\/#breadcrumb"},"inLanguage":"de","potentialAction":[{"@type":"ReadAction","target":["https:\/\/dev6.erresse-shop.it\/de\/shop\/toepfe-pfannen\/schalldaempfer-und-kokotten\/staub-cocotte-rund-mit-daempfeinsatz-24-cm-weiss\/"]}]},{"@type":"ImageObject","inLanguage":"de","@id":"https:\/\/dev6.erresse-shop.it\/de\/shop\/toepfe-pfannen\/schalldaempfer-und-kokotten\/staub-cocotte-rund-mit-daempfeinsatz-24-cm-weiss\/#primaryimage","url":"https:\/\/i1.wp.com\/interpim.erresse-shop.it\/wp-content\/uploads\/2025\/04\/STAUB-Cocotte-Tonda-con-Cestello-a-Vapore-24-cm-Bianco.jpg\/staub-cocotte-tonda-con-cestello-a-vapore-24-cm-bianco.jpg?ssl=1","contentUrl":"https:\/\/i1.wp.com\/interpim.erresse-shop.it\/wp-content\/uploads\/2025\/04\/STAUB-Cocotte-Tonda-con-Cestello-a-Vapore-24-cm-Bianco.jpg\/staub-cocotte-tonda-con-cestello-a-vapore-24-cm-bianco.jpg?ssl=1"},{"@type":"BreadcrumbList","@id":"https:\/\/dev6.erresse-shop.it\/de\/shop\/toepfe-pfannen\/schalldaempfer-und-kokotten\/staub-cocotte-rund-mit-daempfeinsatz-24-cm-weiss\/#breadcrumb","itemListElement":[{"@type":"ListItem","position":1,"name":"Home","item":"https:\/\/dev6.erresse-shop.it\/"},{"@type":"ListItem","position":2,"name":"Shop","item":"https:\/\/dev6.erresse-shop.it\/shop\/"},{"@type":"ListItem","position":3,"name":"STAUB Cocotte Rund mit D\u00e4mpfeinsatz 24 cm Wei\u00df"}]},{"@type":"WebSite","@id":"https:\/\/dev6.erresse-shop.it\/#website","url":"https:\/\/dev6.erresse-shop.it\/","name":"Erresse Shop","description":"","publisher":{"@id":"https:\/\/dev6.erresse-shop.it\/#organization"},"potentialAction":[{"@type":"SearchAction","target":{"@type":"EntryPoint","urlTemplate":"https:\/\/dev6.erresse-shop.it\/?s={search_term_string}"},"query-input":{"@type":"PropertyValueSpecification","valueRequired":true,"valueName":"search_term_string"}}],"inLanguage":"de"},{"@type":"Organization","@id":"https:\/\/dev6.erresse-shop.it\/#organization","name":"Erresse Shop","url":"https:\/\/dev6.erresse-shop.it\/","logo":{"@type":"ImageObject","inLanguage":"de","@id":"https:\/\/dev6.erresse-shop.it\/#\/schema\/logo\/image\/","url":"https:\/\/dev6.erresse-shop.it\/wp-content\/uploads\/2025\/01\/LOGO-ERRESSE-CLASSICO.svg","contentUrl":"https:\/\/dev6.erresse-shop.it\/wp-content\/uploads\/2025\/01\/LOGO-ERRESSE-CLASSICO.svg","caption":"Erresse Shop"},"image":{"@id":"https:\/\/dev6.erresse-shop.it\/#\/schema\/logo\/image\/"}}]}},"df_price":"","df_sale_price":"","df_regular_price":"","df_image_link":"https:\/\/i1.wp.com\/interpim.erresse-shop.it\/wp-content\/uploads\/2025\/04\/STAUB-Cocotte-Tonda-con-Cestello-a-Vapore-24-cm-Bianco.jpg\/staub-cocotte-tonda-con-cestello-a-vapore-24-cm-bianco.jpg?resize=300,300&ssl=1","fifu_image_url":"https:\/\/interpim.erresse-shop.it\/wp-content\/uploads\/2025\/04\/STAUB-Cocotte-Tonda-con-Cestello-a-Vapore-24-cm-Bianco.jpg\/staub-cocotte-tonda-con-cestello-a-vapore-24-cm-bianco.jpg","_links":{"self":[{"href":"https:\/\/dev6.erresse-shop.it\/de\/wp-json\/wp\/v2\/product\/2303097","targetHints":{"allow":["GET"]}}],"collection":[{"href":"https:\/\/dev6.erresse-shop.it\/de\/wp-json\/wp\/v2\/product"}],"about":[{"href":"https:\/\/dev6.erresse-shop.it\/de\/wp-json\/wp\/v2\/types\/product"}],"wp:featuredmedia":[{"embeddable":true,"href":"https:\/\/dev6.erresse-shop.it\/de\/wp-json\/wp\/v2\/media\/6381195"}],"wp:attachment":[{"href":"https:\/\/dev6.erresse-shop.it\/de\/wp-json\/wp\/v2\/media?parent=2303097"}],"wp:term":[{"taxonomy":"product_cat","embeddable":true,"href":"https:\/\/dev6.erresse-shop.it\/de\/wp-json\/wp\/v2\/product_cat?post=2303097"},{"taxonomy":"product_tag","embeddable":true,"href":"https:\/\/dev6.erresse-shop.it\/de\/wp-json\/wp\/v2\/product_tag?post=2303097"}],"curies":[{"name":"wp","href":"https:\/\/api.w.org\/{rel}","templated":true}]}}