{"id":2303065,"date":"2026-04-12T14:40:55","date_gmt":"2026-04-12T12:40:55","guid":{"rendered":"https:\/\/dev6.erresse-shop.it\/shop\/unkategorisiert\/vista-alegre-accento-sessel\/"},"modified":"2025-09-14T03:39:06","modified_gmt":"2025-09-14T01:39:06","slug":"vista-alegre-accento-sessel","status":"publish","type":"product","link":"https:\/\/dev6.erresse-shop.it\/de\/shop\/einrichtung-haus\/stuehle-und-sessel\/vista-alegre-accento-sessel\/","title":{"rendered":"VISTA ALEGRE Accento Sessel"},"content":{"rendered":"<p>Ein umh\u00fcllender und dennoch ger\u00e4umiger Sitz, der in seinem Kontrast aus Farben und Texturen einen bequemen und eleganten Sessel verbirgt. Die gelbe Rautensteppung ist eine Hommage an die Sitze von Oldtimern, wo dieses Motiv h\u00e4ufig verwendet wurde, und dient als Kontrast zur Au\u00dfenseite des Sitzes, die mit einem eleganten schwarzen Lederbezug versehen ist. Unten befindet sich ein wei\u00dfer Keramikteller mit eingraviertem Vista Alegre-Logo: eine Anspielung auf die Urspr\u00fcnge des Unternehmens als Hersteller hochwertiger Porzellanprodukte.<\/p>\n<p>H\u00f6he: 775 mm<br \/>\nL\u00e4nge: 765 mm<br \/>\nBreite: 745<\/p>\n<p>Anthrazit gebeiztes Eschenholz<br \/>\nGelbes Narbenleder<\/p>\n","protected":false},"excerpt":{"rendered":"<p>Ein umh\u00fcllender und dennoch ger\u00e4umiger Sitz, der in seinem Kontrast aus Farben und Texturen einen bequemen und eleganten Sessel verbirgt. Die gelbe Rautensteppung ist eine Hommage an die Sitze von Oldtimern, wo dieses Motiv h\u00e4ufig verwendet wurde, und dient als Kontrast zur Au\u00dfenseite des Sitzes, die mit einem eleganten schwarzen Lederbezug versehen ist. Unten befindet [&hellip;]<\/p>\n","protected":false},"featured_media":6381124,"template":"","meta":{"_acf_changed":false},"product_cat":[12098,12134],"product_tag":[],"class_list":{"0":"post-2303065","1":"product","2":"type-product","3":"status-publish","4":"has-post-thumbnail","6":"product_cat-einrichtung-haus","7":"product_cat-stuehle-und-sessel","9":"first","10":"instock","11":"taxable","12":"shipping-taxable","13":"purchasable","14":"product-type-simple","swatches":"rey-swatches","show_selected":"","stretch_labels":"rey-swatches--stretch-labels"},"acf":[],"yoast_head":"<!-- This site is optimized with the Yoast SEO plugin v25.4 - https:\/\/yoast.com\/wordpress\/plugins\/seo\/ -->\n<title>VISTA ALEGRE Accento Sessel - dev6 Erresse<\/title>\n<meta name=\"description\" content=\"Ein umh\u00fcllender und dennoch ger\u00e4umiger Sitz, der in seinem Kontrast aus Farben und Texturen einen bequemen und eleganten Sessel verbirgt. Die gelbe\" \/>\n<meta name=\"robots\" content=\"noindex, follow, max-snippet:-1, max-image-preview:large, max-video-preview:-1\" \/>\n<meta property=\"og:locale\" content=\"de_DE\" \/>\n<meta property=\"og:type\" content=\"article\" \/>\n<meta property=\"og:title\" content=\"VISTA ALEGRE Accento Sessel - dev6 Erresse\" \/>\n<meta property=\"og:description\" content=\"Ein umh\u00fcllender und dennoch ger\u00e4umiger Sitz, der in seinem Kontrast aus Farben und Texturen einen bequemen und eleganten Sessel verbirgt. Die gelbe\" \/>\n<meta property=\"og:url\" content=\"https:\/\/dev6.erresse-shop.it\/de\/shop\/einrichtung-haus\/stuehle-und-sessel\/vista-alegre-accento-sessel\/\" \/>\n<meta property=\"og:site_name\" content=\"dev6 Erresse\" \/>\n<meta property=\"og:image\" content=\"https:\/\/interpim.erresse-shop.it\/wp-content\/uploads\/2025\/04\/VISTA-ALEGRE-Accento-Poltrona.jpg\/vista-alegre-accento-poltrona.jpg\" \/><meta property=\"og:image\" content=\"https:\/\/interpim.erresse-shop.it\/wp-content\/uploads\/2025\/04\/VISTA-ALEGRE-Accento-Poltrona.jpg\/vista-alegre-accento-poltrona.jpg\" \/>\n\t<meta property=\"og:image:width\" content=\"1024\" \/>\n\t<meta property=\"og:image:height\" content=\"1024\" \/>\n\t<meta property=\"og:image:type\" content=\"image\/jpeg\" \/>\n<meta name=\"twitter:card\" content=\"summary_large_image\" \/>\n<meta name=\"twitter:image\" content=\"https:\/\/interpim.erresse-shop.it\/wp-content\/uploads\/2025\/04\/VISTA-ALEGRE-Accento-Poltrona.jpg\/vista-alegre-accento-poltrona.jpg\" \/>\n<script type=\"application\/ld+json\" class=\"yoast-schema-graph\">{\"@context\":\"https:\/\/schema.org\",\"@graph\":[{\"@type\":\"WebPage\",\"@id\":\"https:\/\/dev6.erresse-shop.it\/de\/shop\/einrichtung-haus\/stuehle-und-sessel\/vista-alegre-accento-sessel\/\",\"url\":\"https:\/\/dev6.erresse-shop.it\/de\/shop\/einrichtung-haus\/stuehle-und-sessel\/vista-alegre-accento-sessel\/\",\"name\":\"VISTA ALEGRE Accento Sessel - dev6 Erresse\",\"isPartOf\":{\"@id\":\"https:\/\/dev6.erresse-shop.it\/#website\"},\"primaryImageOfPage\":{\"@id\":\"https:\/\/dev6.erresse-shop.it\/de\/shop\/einrichtung-haus\/stuehle-und-sessel\/vista-alegre-accento-sessel\/#primaryimage\"},\"image\":{\"@id\":\"https:\/\/dev6.erresse-shop.it\/de\/shop\/einrichtung-haus\/stuehle-und-sessel\/vista-alegre-accento-sessel\/#primaryimage\"},\"thumbnailUrl\":\"https:\/\/i2.wp.com\/interpim.erresse-shop.it\/wp-content\/uploads\/2025\/04\/VISTA-ALEGRE-Accento-Poltrona.jpg\/vista-alegre-accento-poltrona.jpg?ssl=1\",\"datePublished\":\"2026-04-12T12:40:55+00:00\",\"description\":\"Ein umh\u00fcllender und dennoch ger\u00e4umiger Sitz, der in seinem Kontrast aus Farben und Texturen einen bequemen und eleganten Sessel verbirgt. Die gelbe\",\"breadcrumb\":{\"@id\":\"https:\/\/dev6.erresse-shop.it\/de\/shop\/einrichtung-haus\/stuehle-und-sessel\/vista-alegre-accento-sessel\/#breadcrumb\"},\"inLanguage\":\"de\",\"potentialAction\":[{\"@type\":\"ReadAction\",\"target\":[\"https:\/\/dev6.erresse-shop.it\/de\/shop\/einrichtung-haus\/stuehle-und-sessel\/vista-alegre-accento-sessel\/\"]}]},{\"@type\":\"ImageObject\",\"inLanguage\":\"de\",\"@id\":\"https:\/\/dev6.erresse-shop.it\/de\/shop\/einrichtung-haus\/stuehle-und-sessel\/vista-alegre-accento-sessel\/#primaryimage\",\"url\":\"https:\/\/i2.wp.com\/interpim.erresse-shop.it\/wp-content\/uploads\/2025\/04\/VISTA-ALEGRE-Accento-Poltrona.jpg\/vista-alegre-accento-poltrona.jpg?ssl=1\",\"contentUrl\":\"https:\/\/i2.wp.com\/interpim.erresse-shop.it\/wp-content\/uploads\/2025\/04\/VISTA-ALEGRE-Accento-Poltrona.jpg\/vista-alegre-accento-poltrona.jpg?ssl=1\"},{\"@type\":\"BreadcrumbList\",\"@id\":\"https:\/\/dev6.erresse-shop.it\/de\/shop\/einrichtung-haus\/stuehle-und-sessel\/vista-alegre-accento-sessel\/#breadcrumb\",\"itemListElement\":[{\"@type\":\"ListItem\",\"position\":1,\"name\":\"Home\",\"item\":\"https:\/\/dev6.erresse-shop.it\/\"},{\"@type\":\"ListItem\",\"position\":2,\"name\":\"Shop\",\"item\":\"https:\/\/dev6.erresse-shop.it\/shop\/\"},{\"@type\":\"ListItem\",\"position\":3,\"name\":\"VISTA ALEGRE Accento Sessel\"}]},{\"@type\":\"WebSite\",\"@id\":\"https:\/\/dev6.erresse-shop.it\/#website\",\"url\":\"https:\/\/dev6.erresse-shop.it\/\",\"name\":\"Erresse Shop\",\"description\":\"\",\"publisher\":{\"@id\":\"https:\/\/dev6.erresse-shop.it\/#organization\"},\"potentialAction\":[{\"@type\":\"SearchAction\",\"target\":{\"@type\":\"EntryPoint\",\"urlTemplate\":\"https:\/\/dev6.erresse-shop.it\/?s={search_term_string}\"},\"query-input\":{\"@type\":\"PropertyValueSpecification\",\"valueRequired\":true,\"valueName\":\"search_term_string\"}}],\"inLanguage\":\"de\"},{\"@type\":\"Organization\",\"@id\":\"https:\/\/dev6.erresse-shop.it\/#organization\",\"name\":\"Erresse Shop\",\"url\":\"https:\/\/dev6.erresse-shop.it\/\",\"logo\":{\"@type\":\"ImageObject\",\"inLanguage\":\"de\",\"@id\":\"https:\/\/dev6.erresse-shop.it\/#\/schema\/logo\/image\/\",\"url\":\"https:\/\/dev6.erresse-shop.it\/wp-content\/uploads\/2025\/01\/LOGO-ERRESSE-CLASSICO.svg\",\"contentUrl\":\"https:\/\/dev6.erresse-shop.it\/wp-content\/uploads\/2025\/01\/LOGO-ERRESSE-CLASSICO.svg\",\"caption\":\"Erresse Shop\"},\"image\":{\"@id\":\"https:\/\/dev6.erresse-shop.it\/#\/schema\/logo\/image\/\"}}]}<\/script>\n<!-- \/ Yoast SEO plugin. -->","yoast_head_json":{"title":"VISTA ALEGRE Accento Sessel - dev6 Erresse","description":"Ein umh\u00fcllender und dennoch ger\u00e4umiger Sitz, der in seinem Kontrast aus Farben und Texturen einen bequemen und eleganten Sessel verbirgt. Die gelbe","robots":{"index":"noindex","follow":"follow","max-snippet":"max-snippet:-1","max-image-preview":"max-image-preview:large","max-video-preview":"max-video-preview:-1"},"og_locale":"de_DE","og_type":"article","og_title":"VISTA ALEGRE Accento Sessel - dev6 Erresse","og_description":"Ein umh\u00fcllender und dennoch ger\u00e4umiger Sitz, der in seinem Kontrast aus Farben und Texturen einen bequemen und eleganten Sessel verbirgt. Die gelbe","og_url":"https:\/\/dev6.erresse-shop.it\/de\/shop\/einrichtung-haus\/stuehle-und-sessel\/vista-alegre-accento-sessel\/","og_site_name":"dev6 Erresse","og_image":[{"url":"https:\/\/interpim.erresse-shop.it\/wp-content\/uploads\/2025\/04\/VISTA-ALEGRE-Accento-Poltrona.jpg\/vista-alegre-accento-poltrona.jpg","type":"","width":"","height":""},{"url":"https:\/\/interpim.erresse-shop.it\/wp-content\/uploads\/2025\/04\/VISTA-ALEGRE-Accento-Poltrona.jpg\/vista-alegre-accento-poltrona.jpg","width":1024,"height":1024,"type":"image\/jpeg"}],"twitter_card":"summary_large_image","twitter_image":"https:\/\/interpim.erresse-shop.it\/wp-content\/uploads\/2025\/04\/VISTA-ALEGRE-Accento-Poltrona.jpg\/vista-alegre-accento-poltrona.jpg","schema":{"@context":"https:\/\/schema.org","@graph":[{"@type":"WebPage","@id":"https:\/\/dev6.erresse-shop.it\/de\/shop\/einrichtung-haus\/stuehle-und-sessel\/vista-alegre-accento-sessel\/","url":"https:\/\/dev6.erresse-shop.it\/de\/shop\/einrichtung-haus\/stuehle-und-sessel\/vista-alegre-accento-sessel\/","name":"VISTA ALEGRE Accento Sessel - dev6 Erresse","isPartOf":{"@id":"https:\/\/dev6.erresse-shop.it\/#website"},"primaryImageOfPage":{"@id":"https:\/\/dev6.erresse-shop.it\/de\/shop\/einrichtung-haus\/stuehle-und-sessel\/vista-alegre-accento-sessel\/#primaryimage"},"image":{"@id":"https:\/\/dev6.erresse-shop.it\/de\/shop\/einrichtung-haus\/stuehle-und-sessel\/vista-alegre-accento-sessel\/#primaryimage"},"thumbnailUrl":"https:\/\/i2.wp.com\/interpim.erresse-shop.it\/wp-content\/uploads\/2025\/04\/VISTA-ALEGRE-Accento-Poltrona.jpg\/vista-alegre-accento-poltrona.jpg?ssl=1","datePublished":"2026-04-12T12:40:55+00:00","description":"Ein umh\u00fcllender und dennoch ger\u00e4umiger Sitz, der in seinem Kontrast aus Farben und Texturen einen bequemen und eleganten Sessel verbirgt. Die gelbe","breadcrumb":{"@id":"https:\/\/dev6.erresse-shop.it\/de\/shop\/einrichtung-haus\/stuehle-und-sessel\/vista-alegre-accento-sessel\/#breadcrumb"},"inLanguage":"de","potentialAction":[{"@type":"ReadAction","target":["https:\/\/dev6.erresse-shop.it\/de\/shop\/einrichtung-haus\/stuehle-und-sessel\/vista-alegre-accento-sessel\/"]}]},{"@type":"ImageObject","inLanguage":"de","@id":"https:\/\/dev6.erresse-shop.it\/de\/shop\/einrichtung-haus\/stuehle-und-sessel\/vista-alegre-accento-sessel\/#primaryimage","url":"https:\/\/i2.wp.com\/interpim.erresse-shop.it\/wp-content\/uploads\/2025\/04\/VISTA-ALEGRE-Accento-Poltrona.jpg\/vista-alegre-accento-poltrona.jpg?ssl=1","contentUrl":"https:\/\/i2.wp.com\/interpim.erresse-shop.it\/wp-content\/uploads\/2025\/04\/VISTA-ALEGRE-Accento-Poltrona.jpg\/vista-alegre-accento-poltrona.jpg?ssl=1"},{"@type":"BreadcrumbList","@id":"https:\/\/dev6.erresse-shop.it\/de\/shop\/einrichtung-haus\/stuehle-und-sessel\/vista-alegre-accento-sessel\/#breadcrumb","itemListElement":[{"@type":"ListItem","position":1,"name":"Home","item":"https:\/\/dev6.erresse-shop.it\/"},{"@type":"ListItem","position":2,"name":"Shop","item":"https:\/\/dev6.erresse-shop.it\/shop\/"},{"@type":"ListItem","position":3,"name":"VISTA ALEGRE Accento Sessel"}]},{"@type":"WebSite","@id":"https:\/\/dev6.erresse-shop.it\/#website","url":"https:\/\/dev6.erresse-shop.it\/","name":"Erresse Shop","description":"","publisher":{"@id":"https:\/\/dev6.erresse-shop.it\/#organization"},"potentialAction":[{"@type":"SearchAction","target":{"@type":"EntryPoint","urlTemplate":"https:\/\/dev6.erresse-shop.it\/?s={search_term_string}"},"query-input":{"@type":"PropertyValueSpecification","valueRequired":true,"valueName":"search_term_string"}}],"inLanguage":"de"},{"@type":"Organization","@id":"https:\/\/dev6.erresse-shop.it\/#organization","name":"Erresse Shop","url":"https:\/\/dev6.erresse-shop.it\/","logo":{"@type":"ImageObject","inLanguage":"de","@id":"https:\/\/dev6.erresse-shop.it\/#\/schema\/logo\/image\/","url":"https:\/\/dev6.erresse-shop.it\/wp-content\/uploads\/2025\/01\/LOGO-ERRESSE-CLASSICO.svg","contentUrl":"https:\/\/dev6.erresse-shop.it\/wp-content\/uploads\/2025\/01\/LOGO-ERRESSE-CLASSICO.svg","caption":"Erresse Shop"},"image":{"@id":"https:\/\/dev6.erresse-shop.it\/#\/schema\/logo\/image\/"}}]}},"df_price":4016.39,"df_sale_price":"","df_regular_price":4016.39,"df_image_link":"https:\/\/i2.wp.com\/interpim.erresse-shop.it\/wp-content\/uploads\/2025\/04\/VISTA-ALEGRE-Accento-Poltrona.jpg\/vista-alegre-accento-poltrona.jpg?resize=300,300&ssl=1","fifu_image_url":"https:\/\/interpim.erresse-shop.it\/wp-content\/uploads\/2025\/04\/VISTA-ALEGRE-Accento-Poltrona.jpg\/vista-alegre-accento-poltrona.jpg","_links":{"self":[{"href":"https:\/\/dev6.erresse-shop.it\/de\/wp-json\/wp\/v2\/product\/2303065","targetHints":{"allow":["GET"]}}],"collection":[{"href":"https:\/\/dev6.erresse-shop.it\/de\/wp-json\/wp\/v2\/product"}],"about":[{"href":"https:\/\/dev6.erresse-shop.it\/de\/wp-json\/wp\/v2\/types\/product"}],"wp:featuredmedia":[{"embeddable":true,"href":"https:\/\/dev6.erresse-shop.it\/de\/wp-json\/wp\/v2\/media\/6381124"}],"wp:attachment":[{"href":"https:\/\/dev6.erresse-shop.it\/de\/wp-json\/wp\/v2\/media?parent=2303065"}],"wp:term":[{"taxonomy":"product_cat","embeddable":true,"href":"https:\/\/dev6.erresse-shop.it\/de\/wp-json\/wp\/v2\/product_cat?post=2303065"},{"taxonomy":"product_tag","embeddable":true,"href":"https:\/\/dev6.erresse-shop.it\/de\/wp-json\/wp\/v2\/product_tag?post=2303065"}],"curies":[{"name":"wp","href":"https:\/\/api.w.org\/{rel}","templated":true}]}}