{"id":2303063,"date":"2026-04-12T14:40:55","date_gmt":"2026-04-12T12:40:55","guid":{"rendered":"https:\/\/dev6.erresse-shop.it\/shop\/unkategorisiert\/bamix-gastro-200-schwarz\/"},"modified":"2025-09-14T03:39:01","modified_gmt":"2025-09-14T01:39:01","slug":"bamix-gastro-200-schwarz","status":"publish","type":"product","link":"https:\/\/dev6.erresse-shop.it\/de\/shop\/kleine-elektrogeraete\/mixer\/bamix-gastro-200-schwarz\/","title":{"rendered":"BAMIX Gastro 200 Schwarz"},"content":{"rendered":"<p>Gastro: die kompakte und stets effiziente Profi-K\u00fcchenmaschine<\/p>\n<p>Gastro ist die professionelle Version der ber\u00fchmten K\u00fcchenmaschine von bamix, die entwickelt wurde, um auch im kompakten Format hohe Leistung zu garantieren. Ausgestattet mit einem hochwertigen AC-Motor erreicht er Drehzahlen zwischen 12.000 und 17.000 U\/min und bew\u00e4ltigt so die unterschiedlichsten Zubereitungen pr\u00e4zise. Der 19 cm lange Stab eignet sich perfekt f\u00fcr den direkten Einsatz im Topf, macht das Kochen komfortabler und reduziert den Bedarf an zus\u00e4tzlichen Gef\u00e4\u00dfen.<\/p>\n<p>Mehrzweckklinge: f\u00fcr unendlich viele Zubereitungen<\/p>\n<p>Das Gastro-Mehrzweckmesser ist eines der wichtigsten Zubeh\u00f6rteile, die diese K\u00fcchenmaschine so effizient machen. Es kann jede Art von Lebensmitteln zerkleinern, schneiden und mixen und ist besonders praktisch f\u00fcr die Verarbeitung von Tiefk\u00fchlkost oder Eisw\u00fcrfeln. Von der Zubereitung von Suppen und Cremes bis hin zu Eiscreme, Pesto und Milchshakes \u2013 mit dem bamix-Mehrzweckmesser geht jede Zubereitung einfacher und schneller.<\/p>\n<p>Perfekter Schneebesen f\u00fcr leichte und lockere Zubereitungen<\/p>\n<p>Der im Gastro-Modell enthaltene Schneebesen eignet sich perfekt zum Erzeugen luftig-leichter Konsistenzen. Egal ob Sie Sahne oder Eiwei\u00df schlagen oder Mousse und Zabaione zubereiten, der Schneebesen garantiert glatte, klumpenfreie Ergebnisse.<\/p>\n<p>Mixer f\u00fcr cremige und lang anhaltende Konsistenzen<\/p>\n<p>Gastro macht nicht bei leichten Zubereitungen halt: Sein Mixer ist ideal f\u00fcr dickere und vollmundigere Emulsionen. Damit k\u00f6nnen Sie perfekten Kartoffelbrei zubereiten, Mayonnaise in Sekundenschnelle zubereiten und sogar Cocktails mixen. Mit dem Mixer erzielen Sie geschmeidige Konsistenzen und eignen sich daher perfekt f\u00fcr Puddings, Cr\u00e8me Caramel, Cr\u00eapes und vieles mehr.<\/p>\n<p>Professionelle Leistung f\u00fcr alle Anforderungen<\/p>\n<p>Mit dem Gastro-Modell bietet bamix auch eine professionelle L\u00f6sung f\u00fcr die heimische K\u00fcche. Seine Leistung, Vielseitigkeit und Benutzerfreundlichkeit machen ihn perfekt f\u00fcr jede Art der Zubereitung. Mit dieser kleinen, aber leistungsstarken K\u00fcchenmaschine k\u00f6nnen Sie neue Ebenen der kulinarischen Kreativit\u00e4t erkunden und sowohl bei allt\u00e4glichen Zubereitungen als auch bei aufwendigeren Gerichten hervorragende Ergebnisse erzielen.<\/p>\n<p>EIGENSCHAFTEN<\/p>\n<p>Material: Kunststoff und Stahl<br \/>\nAbmessungen: 7 x 6.5 x 40.5 cm<br \/>\nGewicht: 950 g<\/p>\n<p>NOT FOR SALE OUTSIDE EUROPE<\/p>\n","protected":false},"excerpt":{"rendered":"<p>Gastro: die kompakte und stets effiziente Profi-K\u00fcchenmaschine Gastro ist die professionelle Version der ber\u00fchmten K\u00fcchenmaschine von bamix, die entwickelt wurde, um auch im kompakten Format hohe Leistung zu garantieren. Ausgestattet mit einem hochwertigen AC-Motor erreicht er Drehzahlen zwischen 12.000 und 17.000 U\/min und bew\u00e4ltigt so die unterschiedlichsten Zubereitungen pr\u00e4zise. Der 19 cm lange Stab eignet [&hellip;]<\/p>\n","protected":false},"featured_media":6381118,"template":"","meta":{"_acf_changed":false},"product_cat":[12163,12169],"product_tag":[],"class_list":{"0":"post-2303063","1":"product","2":"type-product","3":"status-publish","4":"has-post-thumbnail","6":"product_cat-kleine-elektrogeraete","7":"product_cat-mixer","9":"first","10":"instock","11":"sale","12":"taxable","13":"shipping-taxable","14":"purchasable","15":"product-type-simple","swatches":"rey-swatches","show_selected":"","stretch_labels":"rey-swatches--stretch-labels"},"acf":[],"yoast_head":"<!-- This site is optimized with the Yoast SEO plugin v25.4 - https:\/\/yoast.com\/wordpress\/plugins\/seo\/ -->\n<title>BAMIX Gastro 200 Schwarz - dev6 Erresse<\/title>\n<meta name=\"description\" content=\"Gastro: die kompakte und stets effiziente Profi-K\u00fcchenmaschine Gastro ist die professionelle Version der ber\u00fchmten K\u00fcchenmaschine von bamix, die\" \/>\n<meta name=\"robots\" content=\"noindex, follow, max-snippet:-1, max-image-preview:large, max-video-preview:-1\" \/>\n<meta property=\"og:locale\" content=\"de_DE\" \/>\n<meta property=\"og:type\" content=\"article\" \/>\n<meta property=\"og:title\" content=\"BAMIX Gastro 200 Schwarz - dev6 Erresse\" \/>\n<meta property=\"og:description\" content=\"Gastro: die kompakte und stets effiziente Profi-K\u00fcchenmaschine Gastro ist die professionelle Version der ber\u00fchmten K\u00fcchenmaschine von bamix, die\" \/>\n<meta property=\"og:url\" content=\"https:\/\/dev6.erresse-shop.it\/de\/shop\/kleine-elektrogeraete\/mixer\/bamix-gastro-200-schwarz\/\" \/>\n<meta property=\"og:site_name\" content=\"dev6 Erresse\" \/>\n<meta property=\"og:image\" content=\"https:\/\/interpim.erresse-shop.it\/wp-content\/uploads\/2025\/04\/BAMIX-Gastro-200-Nero.jpg\/bamix-gastro-200-nero.jpg\" \/><meta property=\"og:image\" content=\"https:\/\/interpim.erresse-shop.it\/wp-content\/uploads\/2025\/04\/BAMIX-Gastro-200-Nero.jpg\/bamix-gastro-200-nero.jpg\" \/>\n\t<meta property=\"og:image:width\" content=\"1024\" \/>\n\t<meta property=\"og:image:height\" content=\"1024\" \/>\n\t<meta property=\"og:image:type\" content=\"image\/jpeg\" \/>\n<meta name=\"twitter:card\" content=\"summary_large_image\" \/>\n<meta name=\"twitter:image\" content=\"https:\/\/interpim.erresse-shop.it\/wp-content\/uploads\/2025\/04\/BAMIX-Gastro-200-Nero.jpg\/bamix-gastro-200-nero.jpg\" \/>\n<script type=\"application\/ld+json\" class=\"yoast-schema-graph\">{\"@context\":\"https:\/\/schema.org\",\"@graph\":[{\"@type\":\"WebPage\",\"@id\":\"https:\/\/dev6.erresse-shop.it\/de\/shop\/kleine-elektrogeraete\/mixer\/bamix-gastro-200-schwarz\/\",\"url\":\"https:\/\/dev6.erresse-shop.it\/de\/shop\/kleine-elektrogeraete\/mixer\/bamix-gastro-200-schwarz\/\",\"name\":\"BAMIX Gastro 200 Schwarz - dev6 Erresse\",\"isPartOf\":{\"@id\":\"https:\/\/dev6.erresse-shop.it\/#website\"},\"primaryImageOfPage\":{\"@id\":\"https:\/\/dev6.erresse-shop.it\/de\/shop\/kleine-elektrogeraete\/mixer\/bamix-gastro-200-schwarz\/#primaryimage\"},\"image\":{\"@id\":\"https:\/\/dev6.erresse-shop.it\/de\/shop\/kleine-elektrogeraete\/mixer\/bamix-gastro-200-schwarz\/#primaryimage\"},\"thumbnailUrl\":\"https:\/\/i2.wp.com\/interpim.erresse-shop.it\/wp-content\/uploads\/2025\/04\/BAMIX-Gastro-200-Nero.jpg\/bamix-gastro-200-nero.jpg?ssl=1\",\"datePublished\":\"2026-04-12T12:40:55+00:00\",\"description\":\"Gastro: die kompakte und stets effiziente Profi-K\u00fcchenmaschine Gastro ist die professionelle Version der ber\u00fchmten K\u00fcchenmaschine von bamix, die\",\"breadcrumb\":{\"@id\":\"https:\/\/dev6.erresse-shop.it\/de\/shop\/kleine-elektrogeraete\/mixer\/bamix-gastro-200-schwarz\/#breadcrumb\"},\"inLanguage\":\"de\",\"potentialAction\":[{\"@type\":\"ReadAction\",\"target\":[\"https:\/\/dev6.erresse-shop.it\/de\/shop\/kleine-elektrogeraete\/mixer\/bamix-gastro-200-schwarz\/\"]}]},{\"@type\":\"ImageObject\",\"inLanguage\":\"de\",\"@id\":\"https:\/\/dev6.erresse-shop.it\/de\/shop\/kleine-elektrogeraete\/mixer\/bamix-gastro-200-schwarz\/#primaryimage\",\"url\":\"https:\/\/i2.wp.com\/interpim.erresse-shop.it\/wp-content\/uploads\/2025\/04\/BAMIX-Gastro-200-Nero.jpg\/bamix-gastro-200-nero.jpg?ssl=1\",\"contentUrl\":\"https:\/\/i2.wp.com\/interpim.erresse-shop.it\/wp-content\/uploads\/2025\/04\/BAMIX-Gastro-200-Nero.jpg\/bamix-gastro-200-nero.jpg?ssl=1\"},{\"@type\":\"BreadcrumbList\",\"@id\":\"https:\/\/dev6.erresse-shop.it\/de\/shop\/kleine-elektrogeraete\/mixer\/bamix-gastro-200-schwarz\/#breadcrumb\",\"itemListElement\":[{\"@type\":\"ListItem\",\"position\":1,\"name\":\"Home\",\"item\":\"https:\/\/dev6.erresse-shop.it\/\"},{\"@type\":\"ListItem\",\"position\":2,\"name\":\"Shop\",\"item\":\"https:\/\/dev6.erresse-shop.it\/shop\/\"},{\"@type\":\"ListItem\",\"position\":3,\"name\":\"BAMIX Gastro 200 Schwarz\"}]},{\"@type\":\"WebSite\",\"@id\":\"https:\/\/dev6.erresse-shop.it\/#website\",\"url\":\"https:\/\/dev6.erresse-shop.it\/\",\"name\":\"Erresse Shop\",\"description\":\"\",\"publisher\":{\"@id\":\"https:\/\/dev6.erresse-shop.it\/#organization\"},\"potentialAction\":[{\"@type\":\"SearchAction\",\"target\":{\"@type\":\"EntryPoint\",\"urlTemplate\":\"https:\/\/dev6.erresse-shop.it\/?s={search_term_string}\"},\"query-input\":{\"@type\":\"PropertyValueSpecification\",\"valueRequired\":true,\"valueName\":\"search_term_string\"}}],\"inLanguage\":\"de\"},{\"@type\":\"Organization\",\"@id\":\"https:\/\/dev6.erresse-shop.it\/#organization\",\"name\":\"Erresse Shop\",\"url\":\"https:\/\/dev6.erresse-shop.it\/\",\"logo\":{\"@type\":\"ImageObject\",\"inLanguage\":\"de\",\"@id\":\"https:\/\/dev6.erresse-shop.it\/#\/schema\/logo\/image\/\",\"url\":\"https:\/\/dev6.erresse-shop.it\/wp-content\/uploads\/2025\/01\/LOGO-ERRESSE-CLASSICO.svg\",\"contentUrl\":\"https:\/\/dev6.erresse-shop.it\/wp-content\/uploads\/2025\/01\/LOGO-ERRESSE-CLASSICO.svg\",\"caption\":\"Erresse Shop\"},\"image\":{\"@id\":\"https:\/\/dev6.erresse-shop.it\/#\/schema\/logo\/image\/\"}}]}<\/script>\n<!-- \/ Yoast SEO plugin. -->","yoast_head_json":{"title":"BAMIX Gastro 200 Schwarz - dev6 Erresse","description":"Gastro: die kompakte und stets effiziente Profi-K\u00fcchenmaschine Gastro ist die professionelle Version der ber\u00fchmten K\u00fcchenmaschine von bamix, die","robots":{"index":"noindex","follow":"follow","max-snippet":"max-snippet:-1","max-image-preview":"max-image-preview:large","max-video-preview":"max-video-preview:-1"},"og_locale":"de_DE","og_type":"article","og_title":"BAMIX Gastro 200 Schwarz - dev6 Erresse","og_description":"Gastro: die kompakte und stets effiziente Profi-K\u00fcchenmaschine Gastro ist die professionelle Version der ber\u00fchmten K\u00fcchenmaschine von bamix, die","og_url":"https:\/\/dev6.erresse-shop.it\/de\/shop\/kleine-elektrogeraete\/mixer\/bamix-gastro-200-schwarz\/","og_site_name":"dev6 Erresse","og_image":[{"url":"https:\/\/interpim.erresse-shop.it\/wp-content\/uploads\/2025\/04\/BAMIX-Gastro-200-Nero.jpg\/bamix-gastro-200-nero.jpg","type":"","width":"","height":""},{"url":"https:\/\/interpim.erresse-shop.it\/wp-content\/uploads\/2025\/04\/BAMIX-Gastro-200-Nero.jpg\/bamix-gastro-200-nero.jpg","width":1024,"height":1024,"type":"image\/jpeg"}],"twitter_card":"summary_large_image","twitter_image":"https:\/\/interpim.erresse-shop.it\/wp-content\/uploads\/2025\/04\/BAMIX-Gastro-200-Nero.jpg\/bamix-gastro-200-nero.jpg","schema":{"@context":"https:\/\/schema.org","@graph":[{"@type":"WebPage","@id":"https:\/\/dev6.erresse-shop.it\/de\/shop\/kleine-elektrogeraete\/mixer\/bamix-gastro-200-schwarz\/","url":"https:\/\/dev6.erresse-shop.it\/de\/shop\/kleine-elektrogeraete\/mixer\/bamix-gastro-200-schwarz\/","name":"BAMIX Gastro 200 Schwarz - dev6 Erresse","isPartOf":{"@id":"https:\/\/dev6.erresse-shop.it\/#website"},"primaryImageOfPage":{"@id":"https:\/\/dev6.erresse-shop.it\/de\/shop\/kleine-elektrogeraete\/mixer\/bamix-gastro-200-schwarz\/#primaryimage"},"image":{"@id":"https:\/\/dev6.erresse-shop.it\/de\/shop\/kleine-elektrogeraete\/mixer\/bamix-gastro-200-schwarz\/#primaryimage"},"thumbnailUrl":"https:\/\/i2.wp.com\/interpim.erresse-shop.it\/wp-content\/uploads\/2025\/04\/BAMIX-Gastro-200-Nero.jpg\/bamix-gastro-200-nero.jpg?ssl=1","datePublished":"2026-04-12T12:40:55+00:00","description":"Gastro: die kompakte und stets effiziente Profi-K\u00fcchenmaschine Gastro ist die professionelle Version der ber\u00fchmten K\u00fcchenmaschine von bamix, die","breadcrumb":{"@id":"https:\/\/dev6.erresse-shop.it\/de\/shop\/kleine-elektrogeraete\/mixer\/bamix-gastro-200-schwarz\/#breadcrumb"},"inLanguage":"de","potentialAction":[{"@type":"ReadAction","target":["https:\/\/dev6.erresse-shop.it\/de\/shop\/kleine-elektrogeraete\/mixer\/bamix-gastro-200-schwarz\/"]}]},{"@type":"ImageObject","inLanguage":"de","@id":"https:\/\/dev6.erresse-shop.it\/de\/shop\/kleine-elektrogeraete\/mixer\/bamix-gastro-200-schwarz\/#primaryimage","url":"https:\/\/i2.wp.com\/interpim.erresse-shop.it\/wp-content\/uploads\/2025\/04\/BAMIX-Gastro-200-Nero.jpg\/bamix-gastro-200-nero.jpg?ssl=1","contentUrl":"https:\/\/i2.wp.com\/interpim.erresse-shop.it\/wp-content\/uploads\/2025\/04\/BAMIX-Gastro-200-Nero.jpg\/bamix-gastro-200-nero.jpg?ssl=1"},{"@type":"BreadcrumbList","@id":"https:\/\/dev6.erresse-shop.it\/de\/shop\/kleine-elektrogeraete\/mixer\/bamix-gastro-200-schwarz\/#breadcrumb","itemListElement":[{"@type":"ListItem","position":1,"name":"Home","item":"https:\/\/dev6.erresse-shop.it\/"},{"@type":"ListItem","position":2,"name":"Shop","item":"https:\/\/dev6.erresse-shop.it\/shop\/"},{"@type":"ListItem","position":3,"name":"BAMIX Gastro 200 Schwarz"}]},{"@type":"WebSite","@id":"https:\/\/dev6.erresse-shop.it\/#website","url":"https:\/\/dev6.erresse-shop.it\/","name":"Erresse Shop","description":"","publisher":{"@id":"https:\/\/dev6.erresse-shop.it\/#organization"},"potentialAction":[{"@type":"SearchAction","target":{"@type":"EntryPoint","urlTemplate":"https:\/\/dev6.erresse-shop.it\/?s={search_term_string}"},"query-input":{"@type":"PropertyValueSpecification","valueRequired":true,"valueName":"search_term_string"}}],"inLanguage":"de"},{"@type":"Organization","@id":"https:\/\/dev6.erresse-shop.it\/#organization","name":"Erresse Shop","url":"https:\/\/dev6.erresse-shop.it\/","logo":{"@type":"ImageObject","inLanguage":"de","@id":"https:\/\/dev6.erresse-shop.it\/#\/schema\/logo\/image\/","url":"https:\/\/dev6.erresse-shop.it\/wp-content\/uploads\/2025\/01\/LOGO-ERRESSE-CLASSICO.svg","contentUrl":"https:\/\/dev6.erresse-shop.it\/wp-content\/uploads\/2025\/01\/LOGO-ERRESSE-CLASSICO.svg","caption":"Erresse Shop"},"image":{"@id":"https:\/\/dev6.erresse-shop.it\/#\/schema\/logo\/image\/"}}]}},"df_price":279,"df_sale_price":279,"df_regular_price":279.9,"df_image_link":"https:\/\/i2.wp.com\/interpim.erresse-shop.it\/wp-content\/uploads\/2025\/04\/BAMIX-Gastro-200-Nero.jpg\/bamix-gastro-200-nero.jpg?resize=300,300&ssl=1","fifu_image_url":"https:\/\/interpim.erresse-shop.it\/wp-content\/uploads\/2025\/04\/BAMIX-Gastro-200-Nero.jpg\/bamix-gastro-200-nero.jpg","_links":{"self":[{"href":"https:\/\/dev6.erresse-shop.it\/de\/wp-json\/wp\/v2\/product\/2303063","targetHints":{"allow":["GET"]}}],"collection":[{"href":"https:\/\/dev6.erresse-shop.it\/de\/wp-json\/wp\/v2\/product"}],"about":[{"href":"https:\/\/dev6.erresse-shop.it\/de\/wp-json\/wp\/v2\/types\/product"}],"wp:featuredmedia":[{"embeddable":true,"href":"https:\/\/dev6.erresse-shop.it\/de\/wp-json\/wp\/v2\/media\/6381118"}],"wp:attachment":[{"href":"https:\/\/dev6.erresse-shop.it\/de\/wp-json\/wp\/v2\/media?parent=2303063"}],"wp:term":[{"taxonomy":"product_cat","embeddable":true,"href":"https:\/\/dev6.erresse-shop.it\/de\/wp-json\/wp\/v2\/product_cat?post=2303063"},{"taxonomy":"product_tag","embeddable":true,"href":"https:\/\/dev6.erresse-shop.it\/de\/wp-json\/wp\/v2\/product_tag?post=2303063"}],"curies":[{"name":"wp","href":"https:\/\/api.w.org\/{rel}","templated":true}]}}