{"id":2303061,"date":"2026-04-10T15:19:38","date_gmt":"2026-04-10T13:19:38","guid":{"rendered":"https:\/\/dev6.erresse-shop.it\/shop\/unkategorisiert\/bamix-gastro-350-schwarz\/"},"modified":"2025-09-14T03:38:56","modified_gmt":"2025-09-14T01:38:56","slug":"bamix-gastro-350-schwarz","status":"publish","type":"product","link":"https:\/\/dev6.erresse-shop.it\/de\/shop\/kleine-elektrogeraete\/mixer\/bamix-gastro-350-schwarz\/","title":{"rendered":"BAMIX Gastro 350 Schwarz"},"content":{"rendered":"<p>Gastro: die Profi-Version der kleinen bamix K\u00fcchenmaschine<\/p>\n<p>Gastro ist die fortschrittlichste Version der bamix K\u00fcchenmaschine, konzipiert f\u00fcr den professionellen Einsatz. Ausgestattet mit einem extrem leistungsstarken AC-Motor erreicht er Geschwindigkeiten von 18.000 und 22.000 U\/min und sorgt so f\u00fcr hohe Leistung bei jeder kulinarischen Zubereitung. Sein 28,7 cm langer Stab erm\u00f6glicht das Arbeiten direkt in T\u00f6pfen auf dem Herd, ohne dass die Zutaten umgef\u00fcllt werden m\u00fcssen.<\/p>\n<p>Mehrzweckklinge: Die Vielseitigkeit von Gastro<\/p>\n<p>Eine der St\u00e4rken von Gastro ist seine Mehrzweckklinge. Mit dieser Universalklinge k\u00f6nnen Sie eine gro\u00dfe Bandbreite an Lebensmitteln, darunter auch Tiefk\u00fchlkost und Eisw\u00fcrfel, zerkleinern, schneiden und mixen. Perfekt f\u00fcr die Zubereitung von Suppen, Cremes, Pesto, Marmelade, Eiscreme, Smoothies, Milchshakes, Pizzateig und s\u00fc\u00dfem Teig, zeichnet sich das Mehrzweckmesser durch seine Vielseitigkeit aus.<\/p>\n<p>Schneebesen f\u00fcr locker-leichte Zubereitungen<\/p>\n<p>Der Gastro-Schneebesen ist ideal zum Erzielen leichter und homogener Konsistenzen. Es schl\u00e4gt Sahne, Magermilch und Eiwei\u00df im Handumdrehen und eignet sich perfekt f\u00fcr Mousse, Zabaione, Tiramisu und B\u00e9chamelsauce. Der Schneebesen macht nicht nur Desserts noch weicher, sondern emulgiert auch So\u00dfen und Milchshakes mit Leichtigkeit, sodass jede Zubereitung schnell und klumpenfrei gelingt.<\/p>\n<p>Mixer: Die L\u00f6sung f\u00fcr cremige Zubereitungen<\/p>\n<p>Der Gastro-Mixer ist f\u00fcr die Herstellung perfekter Emulsionen und homogener Mischungen konzipiert. Von Kartoffelp\u00fcree bis hin zu Mayonnaise, Pudding und Cr\u00e8me Caramel eignet sich dieses Zubeh\u00f6r perfekt f\u00fcr cremige und dichte Zubereitungen. Auch f\u00fcr die schnelle und einfache Zubereitung von Cocktails und Smoothies ist er bestens geeignet.<\/p>\n<p>Innovation und Leistung auf Knopfdruck<\/p>\n<p>Gastro von bamix steht f\u00fcr Spitzenleistungen im Bereich professioneller K\u00fcchenmaschinen. Mit seinem ergonomischen Design und den fortschrittlichen Funktionen passt es sich perfekt an alle kulinarischen Bed\u00fcrfnisse an. Egal ob in der privaten oder professionellen K\u00fcche, diese K\u00fcchenmaschine garantiert hohe Leistung und einwandfreie Ergebnisse bei jeder Zubereitung.<\/p>\n<p>EIGENSCHAFTEN<\/p>\n<p>Material: Kunststoff und Stahl<br \/>\nAbmessungen: 7 x 6,5 x 35,5 cm<br \/>\nGewicht: 950 g<\/p>\n<p>NOT FOR SALE OUTSIDE EUROPE<\/p>\n","protected":false},"excerpt":{"rendered":"<p>Gastro: die Profi-Version der kleinen bamix K\u00fcchenmaschine Gastro ist die fortschrittlichste Version der bamix K\u00fcchenmaschine, konzipiert f\u00fcr den professionellen Einsatz. Ausgestattet mit einem extrem leistungsstarken AC-Motor erreicht er Geschwindigkeiten von 18.000 und 22.000 U\/min und sorgt so f\u00fcr hohe Leistung bei jeder kulinarischen Zubereitung. Sein 28,7 cm langer Stab erm\u00f6glicht das Arbeiten direkt in T\u00f6pfen [&hellip;]<\/p>\n","protected":false},"featured_media":6339476,"template":"","meta":{"_acf_changed":false},"product_cat":[12163,12169],"product_tag":[],"class_list":{"0":"post-2303061","1":"product","2":"type-product","3":"status-publish","4":"has-post-thumbnail","6":"product_cat-kleine-elektrogeraete","7":"product_cat-mixer","9":"first","10":"instock","11":"sale","12":"taxable","13":"shipping-taxable","14":"purchasable","15":"product-type-simple","swatches":"rey-swatches","show_selected":"","stretch_labels":"rey-swatches--stretch-labels"},"acf":[],"yoast_head":"<!-- This site is optimized with the Yoast SEO plugin v25.4 - https:\/\/yoast.com\/wordpress\/plugins\/seo\/ -->\n<title>BAMIX Gastro 350 Schwarz - dev6 Erresse<\/title>\n<meta name=\"description\" content=\"Gastro: die Profi-Version der kleinen bamix K\u00fcchenmaschine Gastro ist die fortschrittlichste Version der bamix K\u00fcchenmaschine, konzipiert f\u00fcr den\" \/>\n<meta name=\"robots\" content=\"noindex, follow, max-snippet:-1, max-image-preview:large, max-video-preview:-1\" \/>\n<meta property=\"og:locale\" content=\"de_DE\" \/>\n<meta property=\"og:type\" content=\"article\" \/>\n<meta property=\"og:title\" content=\"BAMIX Gastro 350 Schwarz - dev6 Erresse\" \/>\n<meta property=\"og:description\" content=\"Gastro: die Profi-Version der kleinen bamix K\u00fcchenmaschine Gastro ist die fortschrittlichste Version der bamix K\u00fcchenmaschine, konzipiert f\u00fcr den\" \/>\n<meta property=\"og:url\" content=\"https:\/\/dev6.erresse-shop.it\/de\/shop\/kleine-elektrogeraete\/mixer\/bamix-gastro-350-schwarz\/\" \/>\n<meta property=\"og:site_name\" content=\"dev6 Erresse\" \/>\n<meta property=\"og:image\" content=\"https:\/\/interpim.erresse-shop.it\/wp-content\/uploads\/2025\/04\/BAMIX-Gastro-350-Nero.jpg\/bamix-gastro-350-nero.jpg\" \/><meta property=\"og:image\" content=\"https:\/\/interpim.erresse-shop.it\/wp-content\/uploads\/2025\/04\/BAMIX-Gastro-350-Nero.jpg\/bamix-gastro-350-nero.jpg\" \/>\n\t<meta property=\"og:image:width\" content=\"1024\" \/>\n\t<meta property=\"og:image:height\" content=\"1024\" \/>\n\t<meta property=\"og:image:type\" content=\"image\/jpeg\" \/>\n<meta name=\"twitter:card\" content=\"summary_large_image\" \/>\n<meta name=\"twitter:image\" content=\"https:\/\/interpim.erresse-shop.it\/wp-content\/uploads\/2025\/04\/BAMIX-Gastro-350-Nero.jpg\/bamix-gastro-350-nero.jpg\" \/>\n<script type=\"application\/ld+json\" class=\"yoast-schema-graph\">{\"@context\":\"https:\/\/schema.org\",\"@graph\":[{\"@type\":\"WebPage\",\"@id\":\"https:\/\/dev6.erresse-shop.it\/de\/shop\/kleine-elektrogeraete\/mixer\/bamix-gastro-350-schwarz\/\",\"url\":\"https:\/\/dev6.erresse-shop.it\/de\/shop\/kleine-elektrogeraete\/mixer\/bamix-gastro-350-schwarz\/\",\"name\":\"BAMIX Gastro 350 Schwarz - dev6 Erresse\",\"isPartOf\":{\"@id\":\"https:\/\/dev6.erresse-shop.it\/#website\"},\"primaryImageOfPage\":{\"@id\":\"https:\/\/dev6.erresse-shop.it\/de\/shop\/kleine-elektrogeraete\/mixer\/bamix-gastro-350-schwarz\/#primaryimage\"},\"image\":{\"@id\":\"https:\/\/dev6.erresse-shop.it\/de\/shop\/kleine-elektrogeraete\/mixer\/bamix-gastro-350-schwarz\/#primaryimage\"},\"thumbnailUrl\":\"https:\/\/i1.wp.com\/interpim.erresse-shop.it\/wp-content\/uploads\/2025\/04\/BAMIX-Gastro-350-Nero.jpg\/bamix-gastro-350-nero.jpg?ssl=1\",\"datePublished\":\"2026-04-10T13:19:38+00:00\",\"description\":\"Gastro: die Profi-Version der kleinen bamix K\u00fcchenmaschine Gastro ist die fortschrittlichste Version der bamix K\u00fcchenmaschine, konzipiert f\u00fcr den\",\"breadcrumb\":{\"@id\":\"https:\/\/dev6.erresse-shop.it\/de\/shop\/kleine-elektrogeraete\/mixer\/bamix-gastro-350-schwarz\/#breadcrumb\"},\"inLanguage\":\"de\",\"potentialAction\":[{\"@type\":\"ReadAction\",\"target\":[\"https:\/\/dev6.erresse-shop.it\/de\/shop\/kleine-elektrogeraete\/mixer\/bamix-gastro-350-schwarz\/\"]}]},{\"@type\":\"ImageObject\",\"inLanguage\":\"de\",\"@id\":\"https:\/\/dev6.erresse-shop.it\/de\/shop\/kleine-elektrogeraete\/mixer\/bamix-gastro-350-schwarz\/#primaryimage\",\"url\":\"https:\/\/i1.wp.com\/interpim.erresse-shop.it\/wp-content\/uploads\/2025\/04\/BAMIX-Gastro-350-Nero.jpg\/bamix-gastro-350-nero.jpg?ssl=1\",\"contentUrl\":\"https:\/\/i1.wp.com\/interpim.erresse-shop.it\/wp-content\/uploads\/2025\/04\/BAMIX-Gastro-350-Nero.jpg\/bamix-gastro-350-nero.jpg?ssl=1\"},{\"@type\":\"BreadcrumbList\",\"@id\":\"https:\/\/dev6.erresse-shop.it\/de\/shop\/kleine-elektrogeraete\/mixer\/bamix-gastro-350-schwarz\/#breadcrumb\",\"itemListElement\":[{\"@type\":\"ListItem\",\"position\":1,\"name\":\"Home\",\"item\":\"https:\/\/dev6.erresse-shop.it\/\"},{\"@type\":\"ListItem\",\"position\":2,\"name\":\"Shop\",\"item\":\"https:\/\/dev6.erresse-shop.it\/shop\/\"},{\"@type\":\"ListItem\",\"position\":3,\"name\":\"BAMIX Gastro 350 Schwarz\"}]},{\"@type\":\"WebSite\",\"@id\":\"https:\/\/dev6.erresse-shop.it\/#website\",\"url\":\"https:\/\/dev6.erresse-shop.it\/\",\"name\":\"Erresse Shop\",\"description\":\"\",\"publisher\":{\"@id\":\"https:\/\/dev6.erresse-shop.it\/#organization\"},\"potentialAction\":[{\"@type\":\"SearchAction\",\"target\":{\"@type\":\"EntryPoint\",\"urlTemplate\":\"https:\/\/dev6.erresse-shop.it\/?s={search_term_string}\"},\"query-input\":{\"@type\":\"PropertyValueSpecification\",\"valueRequired\":true,\"valueName\":\"search_term_string\"}}],\"inLanguage\":\"de\"},{\"@type\":\"Organization\",\"@id\":\"https:\/\/dev6.erresse-shop.it\/#organization\",\"name\":\"Erresse Shop\",\"url\":\"https:\/\/dev6.erresse-shop.it\/\",\"logo\":{\"@type\":\"ImageObject\",\"inLanguage\":\"de\",\"@id\":\"https:\/\/dev6.erresse-shop.it\/#\/schema\/logo\/image\/\",\"url\":\"https:\/\/dev6.erresse-shop.it\/wp-content\/uploads\/2025\/01\/LOGO-ERRESSE-CLASSICO.svg\",\"contentUrl\":\"https:\/\/dev6.erresse-shop.it\/wp-content\/uploads\/2025\/01\/LOGO-ERRESSE-CLASSICO.svg\",\"caption\":\"Erresse Shop\"},\"image\":{\"@id\":\"https:\/\/dev6.erresse-shop.it\/#\/schema\/logo\/image\/\"}}]}<\/script>\n<!-- \/ Yoast SEO plugin. -->","yoast_head_json":{"title":"BAMIX Gastro 350 Schwarz - dev6 Erresse","description":"Gastro: die Profi-Version der kleinen bamix K\u00fcchenmaschine Gastro ist die fortschrittlichste Version der bamix K\u00fcchenmaschine, konzipiert f\u00fcr den","robots":{"index":"noindex","follow":"follow","max-snippet":"max-snippet:-1","max-image-preview":"max-image-preview:large","max-video-preview":"max-video-preview:-1"},"og_locale":"de_DE","og_type":"article","og_title":"BAMIX Gastro 350 Schwarz - dev6 Erresse","og_description":"Gastro: die Profi-Version der kleinen bamix K\u00fcchenmaschine Gastro ist die fortschrittlichste Version der bamix K\u00fcchenmaschine, konzipiert f\u00fcr den","og_url":"https:\/\/dev6.erresse-shop.it\/de\/shop\/kleine-elektrogeraete\/mixer\/bamix-gastro-350-schwarz\/","og_site_name":"dev6 Erresse","og_image":[{"url":"https:\/\/interpim.erresse-shop.it\/wp-content\/uploads\/2025\/04\/BAMIX-Gastro-350-Nero.jpg\/bamix-gastro-350-nero.jpg","type":"","width":"","height":""},{"url":"https:\/\/interpim.erresse-shop.it\/wp-content\/uploads\/2025\/04\/BAMIX-Gastro-350-Nero.jpg\/bamix-gastro-350-nero.jpg","width":1024,"height":1024,"type":"image\/jpeg"}],"twitter_card":"summary_large_image","twitter_image":"https:\/\/interpim.erresse-shop.it\/wp-content\/uploads\/2025\/04\/BAMIX-Gastro-350-Nero.jpg\/bamix-gastro-350-nero.jpg","schema":{"@context":"https:\/\/schema.org","@graph":[{"@type":"WebPage","@id":"https:\/\/dev6.erresse-shop.it\/de\/shop\/kleine-elektrogeraete\/mixer\/bamix-gastro-350-schwarz\/","url":"https:\/\/dev6.erresse-shop.it\/de\/shop\/kleine-elektrogeraete\/mixer\/bamix-gastro-350-schwarz\/","name":"BAMIX Gastro 350 Schwarz - dev6 Erresse","isPartOf":{"@id":"https:\/\/dev6.erresse-shop.it\/#website"},"primaryImageOfPage":{"@id":"https:\/\/dev6.erresse-shop.it\/de\/shop\/kleine-elektrogeraete\/mixer\/bamix-gastro-350-schwarz\/#primaryimage"},"image":{"@id":"https:\/\/dev6.erresse-shop.it\/de\/shop\/kleine-elektrogeraete\/mixer\/bamix-gastro-350-schwarz\/#primaryimage"},"thumbnailUrl":"https:\/\/i1.wp.com\/interpim.erresse-shop.it\/wp-content\/uploads\/2025\/04\/BAMIX-Gastro-350-Nero.jpg\/bamix-gastro-350-nero.jpg?ssl=1","datePublished":"2026-04-10T13:19:38+00:00","description":"Gastro: die Profi-Version der kleinen bamix K\u00fcchenmaschine Gastro ist die fortschrittlichste Version der bamix K\u00fcchenmaschine, konzipiert f\u00fcr den","breadcrumb":{"@id":"https:\/\/dev6.erresse-shop.it\/de\/shop\/kleine-elektrogeraete\/mixer\/bamix-gastro-350-schwarz\/#breadcrumb"},"inLanguage":"de","potentialAction":[{"@type":"ReadAction","target":["https:\/\/dev6.erresse-shop.it\/de\/shop\/kleine-elektrogeraete\/mixer\/bamix-gastro-350-schwarz\/"]}]},{"@type":"ImageObject","inLanguage":"de","@id":"https:\/\/dev6.erresse-shop.it\/de\/shop\/kleine-elektrogeraete\/mixer\/bamix-gastro-350-schwarz\/#primaryimage","url":"https:\/\/i1.wp.com\/interpim.erresse-shop.it\/wp-content\/uploads\/2025\/04\/BAMIX-Gastro-350-Nero.jpg\/bamix-gastro-350-nero.jpg?ssl=1","contentUrl":"https:\/\/i1.wp.com\/interpim.erresse-shop.it\/wp-content\/uploads\/2025\/04\/BAMIX-Gastro-350-Nero.jpg\/bamix-gastro-350-nero.jpg?ssl=1"},{"@type":"BreadcrumbList","@id":"https:\/\/dev6.erresse-shop.it\/de\/shop\/kleine-elektrogeraete\/mixer\/bamix-gastro-350-schwarz\/#breadcrumb","itemListElement":[{"@type":"ListItem","position":1,"name":"Home","item":"https:\/\/dev6.erresse-shop.it\/"},{"@type":"ListItem","position":2,"name":"Shop","item":"https:\/\/dev6.erresse-shop.it\/shop\/"},{"@type":"ListItem","position":3,"name":"BAMIX Gastro 350 Schwarz"}]},{"@type":"WebSite","@id":"https:\/\/dev6.erresse-shop.it\/#website","url":"https:\/\/dev6.erresse-shop.it\/","name":"Erresse Shop","description":"","publisher":{"@id":"https:\/\/dev6.erresse-shop.it\/#organization"},"potentialAction":[{"@type":"SearchAction","target":{"@type":"EntryPoint","urlTemplate":"https:\/\/dev6.erresse-shop.it\/?s={search_term_string}"},"query-input":{"@type":"PropertyValueSpecification","valueRequired":true,"valueName":"search_term_string"}}],"inLanguage":"de"},{"@type":"Organization","@id":"https:\/\/dev6.erresse-shop.it\/#organization","name":"Erresse Shop","url":"https:\/\/dev6.erresse-shop.it\/","logo":{"@type":"ImageObject","inLanguage":"de","@id":"https:\/\/dev6.erresse-shop.it\/#\/schema\/logo\/image\/","url":"https:\/\/dev6.erresse-shop.it\/wp-content\/uploads\/2025\/01\/LOGO-ERRESSE-CLASSICO.svg","contentUrl":"https:\/\/dev6.erresse-shop.it\/wp-content\/uploads\/2025\/01\/LOGO-ERRESSE-CLASSICO.svg","caption":"Erresse Shop"},"image":{"@id":"https:\/\/dev6.erresse-shop.it\/#\/schema\/logo\/image\/"}}]}},"df_price":399,"df_sale_price":399,"df_regular_price":399.9,"df_image_link":"https:\/\/i1.wp.com\/interpim.erresse-shop.it\/wp-content\/uploads\/2025\/04\/BAMIX-Gastro-350-Nero.jpg\/bamix-gastro-350-nero.jpg?resize=300,300&ssl=1","fifu_image_url":"https:\/\/interpim.erresse-shop.it\/wp-content\/uploads\/2025\/04\/BAMIX-Gastro-350-Nero.jpg\/bamix-gastro-350-nero.jpg","_links":{"self":[{"href":"https:\/\/dev6.erresse-shop.it\/de\/wp-json\/wp\/v2\/product\/2303061","targetHints":{"allow":["GET"]}}],"collection":[{"href":"https:\/\/dev6.erresse-shop.it\/de\/wp-json\/wp\/v2\/product"}],"about":[{"href":"https:\/\/dev6.erresse-shop.it\/de\/wp-json\/wp\/v2\/types\/product"}],"wp:featuredmedia":[{"embeddable":true,"href":"https:\/\/dev6.erresse-shop.it\/de\/wp-json\/wp\/v2\/media\/6339476"}],"wp:attachment":[{"href":"https:\/\/dev6.erresse-shop.it\/de\/wp-json\/wp\/v2\/media?parent=2303061"}],"wp:term":[{"taxonomy":"product_cat","embeddable":true,"href":"https:\/\/dev6.erresse-shop.it\/de\/wp-json\/wp\/v2\/product_cat?post=2303061"},{"taxonomy":"product_tag","embeddable":true,"href":"https:\/\/dev6.erresse-shop.it\/de\/wp-json\/wp\/v2\/product_tag?post=2303061"}],"curies":[{"name":"wp","href":"https:\/\/api.w.org\/{rel}","templated":true}]}}