{"id":2303049,"date":"2026-04-12T14:40:55","date_gmt":"2026-04-12T12:40:55","guid":{"rendered":"https:\/\/dev6.erresse-shop.it\/shop\/unkategorisiert\/bamix-set-baking\/"},"modified":"2025-11-27T16:55:00","modified_gmt":"2025-11-27T15:55:00","slug":"bamix-set-baking","status":"publish","type":"product","link":"https:\/\/dev6.erresse-shop.it\/de\/shop\/kleine-elektrogeraete\/mixer\/bamix-set-baking\/","title":{"rendered":"BAMIX Set Baking"},"content":{"rendered":"<p>Bamix Backen: Einf\u00fchrung in den Stabmixer<\/p>\n<p>bamix Baking ist ein vielseitiger Stabmixer mit AC-Motor und doppelter Isolierung, der f\u00fcr zuverl\u00e4ssige und lang anhaltende Leistung in der K\u00fcche konzipiert ist. Damit ist diese K\u00fcchenmaschine ein zuverl\u00e4ssiger und unverzichtbarer Begleiter f\u00fcr alle, die gerne mit Leichtigkeit und Pr\u00e4zision in der K\u00fcche experimentieren.<\/p>\n<p>Mixer: Cremige und vielseitige Zubereitungen<\/p>\n<p>Dank seiner F\u00e4higkeit, Dressings, Cremes und Teige zu emulgieren, eignet sich bamix Baking ideal f\u00fcr die Zubereitung von Mayonnaise, Kartoffelp\u00fcree, Cocktails und vielem mehr. Auch das Mixen von P\u00fcrees und die Zubereitung k\u00f6stlicher Saucen und Puddings im Handumdrehen ist damit kein Problem.<\/p>\n<p>Fleisch- und Gem\u00fcseklinge: Vielseitigkeit f\u00fcr jeden Schnitt<\/p>\n<p>Mit der speziellen Klinge f\u00fcr Fleisch und Gem\u00fcse k\u00f6nnen Sie Fleisch, Fisch und faseriges Gem\u00fcse m\u00fchelos zerkleinern, hacken und p\u00fcrieren. Es eignet sich perfekt f\u00fcr Zubereitungen, die eine pr\u00e4zise und schnelle Verarbeitung erfordern.<\/p>\n<p>Mehrzweckklinge: universell und praktisch<\/p>\n<p>Das Bamix-Mehrzweckmesser zerkleinert, schneidet und mixt Zutaten aller Art, auch Tiefk\u00fchlkost und Eisw\u00fcrfel. Kann direkt in T\u00f6pfen auf dem Herd verwendet werden und eignet sich zur Zubereitung von Suppen, Cremes, Eiscreme, Pesto und vielem mehr.<\/p>\n<p>Peitsche: Leichtigkeit und Weichheit<\/p>\n<p>Ausgestattet mit einem Schneebesen ist bamix Baking ideal zum Schlagen von Sahne, Eiwei\u00df und Mousse. Emulgiert Saucen, Cremes und Milchshakes und erleichtert so die Zubereitung von Desserts wie Tiramisu, Zabaione und cremigem Cappuccino.<\/p>\n<p>EIGENSCHAFTEN<\/p>\n<p>Material: Kunststoff und Stahl<br \/>\nAbmessungen: 7 x 6,5 x 35,5 cm<br \/>\nGewicht: 950 g<\/p>\n<p>NOT FOR SALE OUTSIDE EUROPE<\/p>\n","protected":false},"excerpt":{"rendered":"<p>Bamix Backen: Einf\u00fchrung in den Stabmixer bamix Baking ist ein vielseitiger Stabmixer mit AC-Motor und doppelter Isolierung, der f\u00fcr zuverl\u00e4ssige und lang anhaltende Leistung in der K\u00fcche konzipiert ist. Damit ist diese K\u00fcchenmaschine ein zuverl\u00e4ssiger und unverzichtbarer Begleiter f\u00fcr alle, die gerne mit Leichtigkeit und Pr\u00e4zision in der K\u00fcche experimentieren. Mixer: Cremige und vielseitige Zubereitungen [&hellip;]<\/p>\n","protected":false},"featured_media":6381078,"template":"","meta":{"_acf_changed":false},"product_cat":[12163,12169],"product_tag":[],"class_list":{"0":"post-2303049","1":"product","2":"type-product","3":"status-publish","4":"has-post-thumbnail","6":"product_cat-kleine-elektrogeraete","7":"product_cat-mixer","9":"first","10":"instock","11":"sale","12":"taxable","13":"shipping-taxable","14":"purchasable","15":"product-type-simple","swatches":"rey-swatches","show_selected":"","stretch_labels":"rey-swatches--stretch-labels"},"acf":[],"yoast_head":"<!-- This site is optimized with the Yoast SEO plugin v25.4 - https:\/\/yoast.com\/wordpress\/plugins\/seo\/ -->\n<title>BAMIX Set Baking - dev6 Erresse<\/title>\n<meta name=\"description\" content=\"Bamix Backen: Einf\u00fchrung in den Stabmixer bamix Baking ist ein vielseitiger Stabmixer mit AC-Motor und doppelter Isolierung, der f\u00fcr zuverl\u00e4ssige und lang\" \/>\n<meta name=\"robots\" content=\"noindex, follow, max-snippet:-1, max-image-preview:large, max-video-preview:-1\" \/>\n<meta property=\"og:locale\" content=\"de_DE\" \/>\n<meta property=\"og:type\" content=\"article\" \/>\n<meta property=\"og:title\" content=\"BAMIX Set Baking - dev6 Erresse\" \/>\n<meta property=\"og:description\" content=\"Bamix Backen: Einf\u00fchrung in den Stabmixer bamix Baking ist ein vielseitiger Stabmixer mit AC-Motor und doppelter Isolierung, der f\u00fcr zuverl\u00e4ssige und lang\" \/>\n<meta property=\"og:url\" content=\"https:\/\/dev6.erresse-shop.it\/de\/shop\/kleine-elektrogeraete\/mixer\/bamix-set-baking\/\" \/>\n<meta property=\"og:site_name\" content=\"dev6 Erresse\" \/>\n<meta property=\"og:image\" content=\"https:\/\/interpim.erresse-shop.it\/wp-content\/uploads\/2025\/04\/BAMIX-Set-Baking.jpg\/bamix-set-baking.jpg\" \/><meta property=\"og:image\" content=\"https:\/\/interpim.erresse-shop.it\/wp-content\/uploads\/2025\/04\/BAMIX-Set-Baking.jpg\/bamix-set-baking.jpg\" \/>\n\t<meta property=\"og:image:width\" content=\"1024\" \/>\n\t<meta property=\"og:image:height\" content=\"1024\" \/>\n\t<meta property=\"og:image:type\" content=\"image\/jpeg\" \/>\n<meta name=\"twitter:card\" content=\"summary_large_image\" \/>\n<meta name=\"twitter:image\" content=\"https:\/\/interpim.erresse-shop.it\/wp-content\/uploads\/2025\/04\/BAMIX-Set-Baking.jpg\/bamix-set-baking.jpg\" \/>\n<script type=\"application\/ld+json\" class=\"yoast-schema-graph\">{\"@context\":\"https:\/\/schema.org\",\"@graph\":[{\"@type\":\"WebPage\",\"@id\":\"https:\/\/dev6.erresse-shop.it\/de\/shop\/kleine-elektrogeraete\/mixer\/bamix-set-baking\/\",\"url\":\"https:\/\/dev6.erresse-shop.it\/de\/shop\/kleine-elektrogeraete\/mixer\/bamix-set-baking\/\",\"name\":\"BAMIX Set Baking - dev6 Erresse\",\"isPartOf\":{\"@id\":\"https:\/\/dev6.erresse-shop.it\/#website\"},\"primaryImageOfPage\":{\"@id\":\"https:\/\/dev6.erresse-shop.it\/de\/shop\/kleine-elektrogeraete\/mixer\/bamix-set-baking\/#primaryimage\"},\"image\":{\"@id\":\"https:\/\/dev6.erresse-shop.it\/de\/shop\/kleine-elektrogeraete\/mixer\/bamix-set-baking\/#primaryimage\"},\"thumbnailUrl\":\"https:\/\/i3.wp.com\/interpim.erresse-shop.it\/wp-content\/uploads\/2025\/04\/BAMIX-Set-Baking.jpg\/bamix-set-baking.jpg?ssl=1\",\"datePublished\":\"2026-04-12T12:40:55+00:00\",\"description\":\"Bamix Backen: Einf\u00fchrung in den Stabmixer bamix Baking ist ein vielseitiger Stabmixer mit AC-Motor und doppelter Isolierung, der f\u00fcr zuverl\u00e4ssige und lang\",\"breadcrumb\":{\"@id\":\"https:\/\/dev6.erresse-shop.it\/de\/shop\/kleine-elektrogeraete\/mixer\/bamix-set-baking\/#breadcrumb\"},\"inLanguage\":\"de\",\"potentialAction\":[{\"@type\":\"ReadAction\",\"target\":[\"https:\/\/dev6.erresse-shop.it\/de\/shop\/kleine-elektrogeraete\/mixer\/bamix-set-baking\/\"]}]},{\"@type\":\"ImageObject\",\"inLanguage\":\"de\",\"@id\":\"https:\/\/dev6.erresse-shop.it\/de\/shop\/kleine-elektrogeraete\/mixer\/bamix-set-baking\/#primaryimage\",\"url\":\"https:\/\/i3.wp.com\/interpim.erresse-shop.it\/wp-content\/uploads\/2025\/04\/BAMIX-Set-Baking.jpg\/bamix-set-baking.jpg?ssl=1\",\"contentUrl\":\"https:\/\/i3.wp.com\/interpim.erresse-shop.it\/wp-content\/uploads\/2025\/04\/BAMIX-Set-Baking.jpg\/bamix-set-baking.jpg?ssl=1\"},{\"@type\":\"BreadcrumbList\",\"@id\":\"https:\/\/dev6.erresse-shop.it\/de\/shop\/kleine-elektrogeraete\/mixer\/bamix-set-baking\/#breadcrumb\",\"itemListElement\":[{\"@type\":\"ListItem\",\"position\":1,\"name\":\"Home\",\"item\":\"https:\/\/dev6.erresse-shop.it\/\"},{\"@type\":\"ListItem\",\"position\":2,\"name\":\"Shop\",\"item\":\"https:\/\/dev6.erresse-shop.it\/shop\/\"},{\"@type\":\"ListItem\",\"position\":3,\"name\":\"BAMIX Set Baking\"}]},{\"@type\":\"WebSite\",\"@id\":\"https:\/\/dev6.erresse-shop.it\/#website\",\"url\":\"https:\/\/dev6.erresse-shop.it\/\",\"name\":\"Erresse Shop\",\"description\":\"\",\"publisher\":{\"@id\":\"https:\/\/dev6.erresse-shop.it\/#organization\"},\"potentialAction\":[{\"@type\":\"SearchAction\",\"target\":{\"@type\":\"EntryPoint\",\"urlTemplate\":\"https:\/\/dev6.erresse-shop.it\/?s={search_term_string}\"},\"query-input\":{\"@type\":\"PropertyValueSpecification\",\"valueRequired\":true,\"valueName\":\"search_term_string\"}}],\"inLanguage\":\"de\"},{\"@type\":\"Organization\",\"@id\":\"https:\/\/dev6.erresse-shop.it\/#organization\",\"name\":\"Erresse Shop\",\"url\":\"https:\/\/dev6.erresse-shop.it\/\",\"logo\":{\"@type\":\"ImageObject\",\"inLanguage\":\"de\",\"@id\":\"https:\/\/dev6.erresse-shop.it\/#\/schema\/logo\/image\/\",\"url\":\"https:\/\/dev6.erresse-shop.it\/wp-content\/uploads\/2025\/01\/LOGO-ERRESSE-CLASSICO.svg\",\"contentUrl\":\"https:\/\/dev6.erresse-shop.it\/wp-content\/uploads\/2025\/01\/LOGO-ERRESSE-CLASSICO.svg\",\"caption\":\"Erresse Shop\"},\"image\":{\"@id\":\"https:\/\/dev6.erresse-shop.it\/#\/schema\/logo\/image\/\"}}]}<\/script>\n<!-- \/ Yoast SEO plugin. -->","yoast_head_json":{"title":"BAMIX Set Baking - dev6 Erresse","description":"Bamix Backen: Einf\u00fchrung in den Stabmixer bamix Baking ist ein vielseitiger Stabmixer mit AC-Motor und doppelter Isolierung, der f\u00fcr zuverl\u00e4ssige und lang","robots":{"index":"noindex","follow":"follow","max-snippet":"max-snippet:-1","max-image-preview":"max-image-preview:large","max-video-preview":"max-video-preview:-1"},"og_locale":"de_DE","og_type":"article","og_title":"BAMIX Set Baking - dev6 Erresse","og_description":"Bamix Backen: Einf\u00fchrung in den Stabmixer bamix Baking ist ein vielseitiger Stabmixer mit AC-Motor und doppelter Isolierung, der f\u00fcr zuverl\u00e4ssige und lang","og_url":"https:\/\/dev6.erresse-shop.it\/de\/shop\/kleine-elektrogeraete\/mixer\/bamix-set-baking\/","og_site_name":"dev6 Erresse","og_image":[{"url":"https:\/\/interpim.erresse-shop.it\/wp-content\/uploads\/2025\/04\/BAMIX-Set-Baking.jpg\/bamix-set-baking.jpg","type":"","width":"","height":""},{"url":"https:\/\/interpim.erresse-shop.it\/wp-content\/uploads\/2025\/04\/BAMIX-Set-Baking.jpg\/bamix-set-baking.jpg","width":1024,"height":1024,"type":"image\/jpeg"}],"twitter_card":"summary_large_image","twitter_image":"https:\/\/interpim.erresse-shop.it\/wp-content\/uploads\/2025\/04\/BAMIX-Set-Baking.jpg\/bamix-set-baking.jpg","schema":{"@context":"https:\/\/schema.org","@graph":[{"@type":"WebPage","@id":"https:\/\/dev6.erresse-shop.it\/de\/shop\/kleine-elektrogeraete\/mixer\/bamix-set-baking\/","url":"https:\/\/dev6.erresse-shop.it\/de\/shop\/kleine-elektrogeraete\/mixer\/bamix-set-baking\/","name":"BAMIX Set Baking - dev6 Erresse","isPartOf":{"@id":"https:\/\/dev6.erresse-shop.it\/#website"},"primaryImageOfPage":{"@id":"https:\/\/dev6.erresse-shop.it\/de\/shop\/kleine-elektrogeraete\/mixer\/bamix-set-baking\/#primaryimage"},"image":{"@id":"https:\/\/dev6.erresse-shop.it\/de\/shop\/kleine-elektrogeraete\/mixer\/bamix-set-baking\/#primaryimage"},"thumbnailUrl":"https:\/\/i3.wp.com\/interpim.erresse-shop.it\/wp-content\/uploads\/2025\/04\/BAMIX-Set-Baking.jpg\/bamix-set-baking.jpg?ssl=1","datePublished":"2026-04-12T12:40:55+00:00","description":"Bamix Backen: Einf\u00fchrung in den Stabmixer bamix Baking ist ein vielseitiger Stabmixer mit AC-Motor und doppelter Isolierung, der f\u00fcr zuverl\u00e4ssige und lang","breadcrumb":{"@id":"https:\/\/dev6.erresse-shop.it\/de\/shop\/kleine-elektrogeraete\/mixer\/bamix-set-baking\/#breadcrumb"},"inLanguage":"de","potentialAction":[{"@type":"ReadAction","target":["https:\/\/dev6.erresse-shop.it\/de\/shop\/kleine-elektrogeraete\/mixer\/bamix-set-baking\/"]}]},{"@type":"ImageObject","inLanguage":"de","@id":"https:\/\/dev6.erresse-shop.it\/de\/shop\/kleine-elektrogeraete\/mixer\/bamix-set-baking\/#primaryimage","url":"https:\/\/i3.wp.com\/interpim.erresse-shop.it\/wp-content\/uploads\/2025\/04\/BAMIX-Set-Baking.jpg\/bamix-set-baking.jpg?ssl=1","contentUrl":"https:\/\/i3.wp.com\/interpim.erresse-shop.it\/wp-content\/uploads\/2025\/04\/BAMIX-Set-Baking.jpg\/bamix-set-baking.jpg?ssl=1"},{"@type":"BreadcrumbList","@id":"https:\/\/dev6.erresse-shop.it\/de\/shop\/kleine-elektrogeraete\/mixer\/bamix-set-baking\/#breadcrumb","itemListElement":[{"@type":"ListItem","position":1,"name":"Home","item":"https:\/\/dev6.erresse-shop.it\/"},{"@type":"ListItem","position":2,"name":"Shop","item":"https:\/\/dev6.erresse-shop.it\/shop\/"},{"@type":"ListItem","position":3,"name":"BAMIX Set Baking"}]},{"@type":"WebSite","@id":"https:\/\/dev6.erresse-shop.it\/#website","url":"https:\/\/dev6.erresse-shop.it\/","name":"Erresse Shop","description":"","publisher":{"@id":"https:\/\/dev6.erresse-shop.it\/#organization"},"potentialAction":[{"@type":"SearchAction","target":{"@type":"EntryPoint","urlTemplate":"https:\/\/dev6.erresse-shop.it\/?s={search_term_string}"},"query-input":{"@type":"PropertyValueSpecification","valueRequired":true,"valueName":"search_term_string"}}],"inLanguage":"de"},{"@type":"Organization","@id":"https:\/\/dev6.erresse-shop.it\/#organization","name":"Erresse Shop","url":"https:\/\/dev6.erresse-shop.it\/","logo":{"@type":"ImageObject","inLanguage":"de","@id":"https:\/\/dev6.erresse-shop.it\/#\/schema\/logo\/image\/","url":"https:\/\/dev6.erresse-shop.it\/wp-content\/uploads\/2025\/01\/LOGO-ERRESSE-CLASSICO.svg","contentUrl":"https:\/\/dev6.erresse-shop.it\/wp-content\/uploads\/2025\/01\/LOGO-ERRESSE-CLASSICO.svg","caption":"Erresse Shop"},"image":{"@id":"https:\/\/dev6.erresse-shop.it\/#\/schema\/logo\/image\/"}}]}},"df_price":299,"df_sale_price":299,"df_regular_price":389,"df_image_link":"https:\/\/i3.wp.com\/interpim.erresse-shop.it\/wp-content\/uploads\/2025\/04\/BAMIX-Set-Baking.jpg\/bamix-set-baking.jpg?resize=300,300&ssl=1","fifu_image_url":"https:\/\/interpim.erresse-shop.it\/wp-content\/uploads\/2025\/04\/BAMIX-Set-Baking.jpg\/bamix-set-baking.jpg","_links":{"self":[{"href":"https:\/\/dev6.erresse-shop.it\/de\/wp-json\/wp\/v2\/product\/2303049","targetHints":{"allow":["GET"]}}],"collection":[{"href":"https:\/\/dev6.erresse-shop.it\/de\/wp-json\/wp\/v2\/product"}],"about":[{"href":"https:\/\/dev6.erresse-shop.it\/de\/wp-json\/wp\/v2\/types\/product"}],"wp:featuredmedia":[{"embeddable":true,"href":"https:\/\/dev6.erresse-shop.it\/de\/wp-json\/wp\/v2\/media\/6381078"}],"wp:attachment":[{"href":"https:\/\/dev6.erresse-shop.it\/de\/wp-json\/wp\/v2\/media?parent=2303049"}],"wp:term":[{"taxonomy":"product_cat","embeddable":true,"href":"https:\/\/dev6.erresse-shop.it\/de\/wp-json\/wp\/v2\/product_cat?post=2303049"},{"taxonomy":"product_tag","embeddable":true,"href":"https:\/\/dev6.erresse-shop.it\/de\/wp-json\/wp\/v2\/product_tag?post=2303049"}],"curies":[{"name":"wp","href":"https:\/\/api.w.org\/{rel}","templated":true}]}}