{"id":2303047,"date":"2026-04-04T14:38:19","date_gmt":"2026-04-04T12:38:19","guid":{"rendered":"https:\/\/dev6.erresse-shop.it\/shop\/unkategorisiert\/bamix-set-bqq-schwarz\/"},"modified":"2025-09-14T03:38:18","modified_gmt":"2025-09-14T01:38:18","slug":"bamix-set-bqq-schwarz","status":"publish","type":"product","link":"https:\/\/dev6.erresse-shop.it\/de\/shop\/kleine-elektrogeraete\/mixer\/bamix-set-bqq-schwarz\/","title":{"rendered":"BAMIX Set BQQ Schwarz"},"content":{"rendered":"<p>Entdecken Sie eine Welt neuer Rezepte mit dem bamix BBQ-Set<\/p>\n<p>Die bamix BBQ-K\u00fcchenmaschine ist ein vielseitiges und leistungsstarkes Ger\u00e4t, das Ihr Kocherlebnis vereinfacht. Ausgestattet mit einem robusten AC-Motor und doppelter Isolierung sorgt es f\u00fcr Sicherheit und hervorragende Leistung. Durch die Stabl\u00e4nge von 14 cm ist er handlich und auch in den tiefsten T\u00f6pfen leicht zu handhaben.<\/p>\n<p>Mixer: perfekt f\u00fcr cremige und dicke Zubereitungen<\/p>\n<p>Der bamix BBQ-Mixer ist ideal f\u00fcr die Herstellung einer Vielzahl cremiger und dichter Zubereitungen. Emulgiert Dressings, Cremes und Teige f\u00fcr Cr\u00eapes und Omeletts in Sekunden. Es eignet sich perfekt f\u00fcr die Herstellung von Mayonnaise, Kartoffelp\u00fcree, Pudding, Cr\u00e8me Caramel und sogar zum Mixen von Cocktails. Mit diesem Zubeh\u00f6r wird jedes Rezept zum Kinderspiel.<\/p>\n<p>Fleisch- und Gem\u00fcseklinge: m\u00fcheloses Hacken und Zerkleinern<\/p>\n<p>Das bamix BBQ Fleisch- und Gem\u00fcsemesser ist zum Hacken, Zerkleinern und P\u00fcrieren von Fleisch, Fisch und faserigem Gem\u00fcse konzipiert. Egal ob rohes oder gekochtes Fleisch, Fisch oder faseriges Gem\u00fcse, diese Klinge verarbeitet jede Art von Zutat mit Leichtigkeit und sorgt jedes Mal f\u00fcr perfekte Ergebnisse.<\/p>\n<p>Mehrzweckklinge: perfekt f\u00fcr jede Art der Zubereitung<\/p>\n<p>Das bamix BBQ-Mehrzweckmesser ist eine universelle L\u00f6sung zum Hacken, Schneiden und Mixen aller Zutaten, einschlie\u00dflich Tiefk\u00fchlkost und Eisw\u00fcrfeln. Es kann direkt in T\u00f6pfen auf dem Herd verwendet werden, sodass keine weiteren Beh\u00e4lter erforderlich sind. Ideal f\u00fcr Suppen, Cremes, Pesto, Marmeladen, Eis, Smoothies, Milchshakes, Pizzateig und s\u00fc\u00dfen Teig.<\/p>\n<p>Whip: Entdecken Sie neue Dimensionen der Leichtigkeit<\/p>\n<p>Der bamix BBQ-Schneebesen ist perfekt f\u00fcr alles, was locker und locker werden soll. Schlagen Sie Sahne, Magermilch, Eiwei\u00df und Mousse und emulgieren Sie Saucen und Milchshakes mit Leichtigkeit. Verwenden Sie es zur Herstellung von Schlagsahne, Cappuccino, Schokoladenmousse, Zabaione, Tiramisu, steifem Eiwei\u00df und B\u00e9chamelsauce.<\/p>\n<p>EIGENSCHAFTEN<\/p>\n<p>Material: Kunststoff und Stahl<br \/>\nAbmessungen: 7 x 6,5 x 35,5 cm<br \/>\nGewicht: 950 g<\/p>\n<p>NOT FOR SALE OUTSIDE EUROPE<\/p>\n","protected":false},"excerpt":{"rendered":"<p>Entdecken Sie eine Welt neuer Rezepte mit dem bamix BBQ-Set Die bamix BBQ-K\u00fcchenmaschine ist ein vielseitiges und leistungsstarkes Ger\u00e4t, das Ihr Kocherlebnis vereinfacht. Ausgestattet mit einem robusten AC-Motor und doppelter Isolierung sorgt es f\u00fcr Sicherheit und hervorragende Leistung. Durch die Stabl\u00e4nge von 14 cm ist er handlich und auch in den tiefsten T\u00f6pfen leicht zu [&hellip;]<\/p>\n","protected":false},"featured_media":6297803,"template":"","meta":{"_acf_changed":false},"product_cat":[12163,12169],"product_tag":[],"class_list":{"0":"post-2303047","1":"product","2":"type-product","3":"status-publish","4":"has-post-thumbnail","6":"product_cat-kleine-elektrogeraete","7":"product_cat-mixer","9":"first","10":"instock","11":"taxable","12":"shipping-taxable","13":"purchasable","14":"product-type-simple","swatches":"rey-swatches","show_selected":"","stretch_labels":"rey-swatches--stretch-labels"},"acf":[],"yoast_head":"<!-- This site is optimized with the Yoast SEO plugin v25.4 - https:\/\/yoast.com\/wordpress\/plugins\/seo\/ -->\n<title>BAMIX Set BQQ Schwarz - dev6 Erresse<\/title>\n<meta name=\"description\" content=\"Entdecken Sie eine Welt neuer Rezepte mit dem bamix BBQ-Set Die bamix BBQ-K\u00fcchenmaschine ist ein vielseitiges und leistungsstarkes Ger\u00e4t, das Ihr\" \/>\n<meta name=\"robots\" content=\"noindex, follow, max-snippet:-1, max-image-preview:large, max-video-preview:-1\" \/>\n<meta property=\"og:locale\" content=\"de_DE\" \/>\n<meta property=\"og:type\" content=\"article\" \/>\n<meta property=\"og:title\" content=\"BAMIX Set BQQ Schwarz - dev6 Erresse\" \/>\n<meta property=\"og:description\" content=\"Entdecken Sie eine Welt neuer Rezepte mit dem bamix BBQ-Set Die bamix BBQ-K\u00fcchenmaschine ist ein vielseitiges und leistungsstarkes Ger\u00e4t, das Ihr\" \/>\n<meta property=\"og:url\" content=\"https:\/\/dev6.erresse-shop.it\/de\/shop\/kleine-elektrogeraete\/mixer\/bamix-set-bqq-schwarz\/\" \/>\n<meta property=\"og:site_name\" content=\"dev6 Erresse\" \/>\n<meta property=\"og:image\" content=\"https:\/\/interpim.erresse-shop.it\/wp-content\/uploads\/2025\/04\/BAMIX-Set-BBQ-Nero.jpg\/bamix-set-bbq-nero.jpg\" \/><meta property=\"og:image\" content=\"https:\/\/interpim.erresse-shop.it\/wp-content\/uploads\/2025\/04\/BAMIX-Set-BBQ-Nero.jpg\/bamix-set-bbq-nero.jpg\" \/>\n\t<meta property=\"og:image:width\" content=\"1024\" \/>\n\t<meta property=\"og:image:height\" content=\"1024\" \/>\n\t<meta property=\"og:image:type\" content=\"image\/jpeg\" \/>\n<meta name=\"twitter:card\" content=\"summary_large_image\" \/>\n<meta name=\"twitter:image\" content=\"https:\/\/interpim.erresse-shop.it\/wp-content\/uploads\/2025\/04\/BAMIX-Set-BBQ-Nero.jpg\/bamix-set-bbq-nero.jpg\" \/>\n<script type=\"application\/ld+json\" class=\"yoast-schema-graph\">{\"@context\":\"https:\/\/schema.org\",\"@graph\":[{\"@type\":\"WebPage\",\"@id\":\"https:\/\/dev6.erresse-shop.it\/de\/shop\/kleine-elektrogeraete\/mixer\/bamix-set-bqq-schwarz\/\",\"url\":\"https:\/\/dev6.erresse-shop.it\/de\/shop\/kleine-elektrogeraete\/mixer\/bamix-set-bqq-schwarz\/\",\"name\":\"BAMIX Set BQQ Schwarz - dev6 Erresse\",\"isPartOf\":{\"@id\":\"https:\/\/dev6.erresse-shop.it\/#website\"},\"primaryImageOfPage\":{\"@id\":\"https:\/\/dev6.erresse-shop.it\/de\/shop\/kleine-elektrogeraete\/mixer\/bamix-set-bqq-schwarz\/#primaryimage\"},\"image\":{\"@id\":\"https:\/\/dev6.erresse-shop.it\/de\/shop\/kleine-elektrogeraete\/mixer\/bamix-set-bqq-schwarz\/#primaryimage\"},\"thumbnailUrl\":\"https:\/\/i3.wp.com\/interpim.erresse-shop.it\/wp-content\/uploads\/2025\/04\/BAMIX-Set-BBQ-Nero.jpg\/bamix-set-bbq-nero.jpg?ssl=1\",\"datePublished\":\"2026-04-04T12:38:19+00:00\",\"description\":\"Entdecken Sie eine Welt neuer Rezepte mit dem bamix BBQ-Set Die bamix BBQ-K\u00fcchenmaschine ist ein vielseitiges und leistungsstarkes Ger\u00e4t, das Ihr\",\"breadcrumb\":{\"@id\":\"https:\/\/dev6.erresse-shop.it\/de\/shop\/kleine-elektrogeraete\/mixer\/bamix-set-bqq-schwarz\/#breadcrumb\"},\"inLanguage\":\"de\",\"potentialAction\":[{\"@type\":\"ReadAction\",\"target\":[\"https:\/\/dev6.erresse-shop.it\/de\/shop\/kleine-elektrogeraete\/mixer\/bamix-set-bqq-schwarz\/\"]}]},{\"@type\":\"ImageObject\",\"inLanguage\":\"de\",\"@id\":\"https:\/\/dev6.erresse-shop.it\/de\/shop\/kleine-elektrogeraete\/mixer\/bamix-set-bqq-schwarz\/#primaryimage\",\"url\":\"https:\/\/i3.wp.com\/interpim.erresse-shop.it\/wp-content\/uploads\/2025\/04\/BAMIX-Set-BBQ-Nero.jpg\/bamix-set-bbq-nero.jpg?ssl=1\",\"contentUrl\":\"https:\/\/i3.wp.com\/interpim.erresse-shop.it\/wp-content\/uploads\/2025\/04\/BAMIX-Set-BBQ-Nero.jpg\/bamix-set-bbq-nero.jpg?ssl=1\"},{\"@type\":\"BreadcrumbList\",\"@id\":\"https:\/\/dev6.erresse-shop.it\/de\/shop\/kleine-elektrogeraete\/mixer\/bamix-set-bqq-schwarz\/#breadcrumb\",\"itemListElement\":[{\"@type\":\"ListItem\",\"position\":1,\"name\":\"Home\",\"item\":\"https:\/\/dev6.erresse-shop.it\/\"},{\"@type\":\"ListItem\",\"position\":2,\"name\":\"Shop\",\"item\":\"https:\/\/dev6.erresse-shop.it\/shop\/\"},{\"@type\":\"ListItem\",\"position\":3,\"name\":\"BAMIX Set BQQ Schwarz\"}]},{\"@type\":\"WebSite\",\"@id\":\"https:\/\/dev6.erresse-shop.it\/#website\",\"url\":\"https:\/\/dev6.erresse-shop.it\/\",\"name\":\"Erresse Shop\",\"description\":\"\",\"publisher\":{\"@id\":\"https:\/\/dev6.erresse-shop.it\/#organization\"},\"potentialAction\":[{\"@type\":\"SearchAction\",\"target\":{\"@type\":\"EntryPoint\",\"urlTemplate\":\"https:\/\/dev6.erresse-shop.it\/?s={search_term_string}\"},\"query-input\":{\"@type\":\"PropertyValueSpecification\",\"valueRequired\":true,\"valueName\":\"search_term_string\"}}],\"inLanguage\":\"de\"},{\"@type\":\"Organization\",\"@id\":\"https:\/\/dev6.erresse-shop.it\/#organization\",\"name\":\"Erresse Shop\",\"url\":\"https:\/\/dev6.erresse-shop.it\/\",\"logo\":{\"@type\":\"ImageObject\",\"inLanguage\":\"de\",\"@id\":\"https:\/\/dev6.erresse-shop.it\/#\/schema\/logo\/image\/\",\"url\":\"https:\/\/dev6.erresse-shop.it\/wp-content\/uploads\/2025\/01\/LOGO-ERRESSE-CLASSICO.svg\",\"contentUrl\":\"https:\/\/dev6.erresse-shop.it\/wp-content\/uploads\/2025\/01\/LOGO-ERRESSE-CLASSICO.svg\",\"caption\":\"Erresse Shop\"},\"image\":{\"@id\":\"https:\/\/dev6.erresse-shop.it\/#\/schema\/logo\/image\/\"}}]}<\/script>\n<!-- \/ Yoast SEO plugin. -->","yoast_head_json":{"title":"BAMIX Set BQQ Schwarz - dev6 Erresse","description":"Entdecken Sie eine Welt neuer Rezepte mit dem bamix BBQ-Set Die bamix BBQ-K\u00fcchenmaschine ist ein vielseitiges und leistungsstarkes Ger\u00e4t, das Ihr","robots":{"index":"noindex","follow":"follow","max-snippet":"max-snippet:-1","max-image-preview":"max-image-preview:large","max-video-preview":"max-video-preview:-1"},"og_locale":"de_DE","og_type":"article","og_title":"BAMIX Set BQQ Schwarz - dev6 Erresse","og_description":"Entdecken Sie eine Welt neuer Rezepte mit dem bamix BBQ-Set Die bamix BBQ-K\u00fcchenmaschine ist ein vielseitiges und leistungsstarkes Ger\u00e4t, das Ihr","og_url":"https:\/\/dev6.erresse-shop.it\/de\/shop\/kleine-elektrogeraete\/mixer\/bamix-set-bqq-schwarz\/","og_site_name":"dev6 Erresse","og_image":[{"url":"https:\/\/interpim.erresse-shop.it\/wp-content\/uploads\/2025\/04\/BAMIX-Set-BBQ-Nero.jpg\/bamix-set-bbq-nero.jpg","type":"","width":"","height":""},{"url":"https:\/\/interpim.erresse-shop.it\/wp-content\/uploads\/2025\/04\/BAMIX-Set-BBQ-Nero.jpg\/bamix-set-bbq-nero.jpg","width":1024,"height":1024,"type":"image\/jpeg"}],"twitter_card":"summary_large_image","twitter_image":"https:\/\/interpim.erresse-shop.it\/wp-content\/uploads\/2025\/04\/BAMIX-Set-BBQ-Nero.jpg\/bamix-set-bbq-nero.jpg","schema":{"@context":"https:\/\/schema.org","@graph":[{"@type":"WebPage","@id":"https:\/\/dev6.erresse-shop.it\/de\/shop\/kleine-elektrogeraete\/mixer\/bamix-set-bqq-schwarz\/","url":"https:\/\/dev6.erresse-shop.it\/de\/shop\/kleine-elektrogeraete\/mixer\/bamix-set-bqq-schwarz\/","name":"BAMIX Set BQQ Schwarz - dev6 Erresse","isPartOf":{"@id":"https:\/\/dev6.erresse-shop.it\/#website"},"primaryImageOfPage":{"@id":"https:\/\/dev6.erresse-shop.it\/de\/shop\/kleine-elektrogeraete\/mixer\/bamix-set-bqq-schwarz\/#primaryimage"},"image":{"@id":"https:\/\/dev6.erresse-shop.it\/de\/shop\/kleine-elektrogeraete\/mixer\/bamix-set-bqq-schwarz\/#primaryimage"},"thumbnailUrl":"https:\/\/i3.wp.com\/interpim.erresse-shop.it\/wp-content\/uploads\/2025\/04\/BAMIX-Set-BBQ-Nero.jpg\/bamix-set-bbq-nero.jpg?ssl=1","datePublished":"2026-04-04T12:38:19+00:00","description":"Entdecken Sie eine Welt neuer Rezepte mit dem bamix BBQ-Set Die bamix BBQ-K\u00fcchenmaschine ist ein vielseitiges und leistungsstarkes Ger\u00e4t, das Ihr","breadcrumb":{"@id":"https:\/\/dev6.erresse-shop.it\/de\/shop\/kleine-elektrogeraete\/mixer\/bamix-set-bqq-schwarz\/#breadcrumb"},"inLanguage":"de","potentialAction":[{"@type":"ReadAction","target":["https:\/\/dev6.erresse-shop.it\/de\/shop\/kleine-elektrogeraete\/mixer\/bamix-set-bqq-schwarz\/"]}]},{"@type":"ImageObject","inLanguage":"de","@id":"https:\/\/dev6.erresse-shop.it\/de\/shop\/kleine-elektrogeraete\/mixer\/bamix-set-bqq-schwarz\/#primaryimage","url":"https:\/\/i3.wp.com\/interpim.erresse-shop.it\/wp-content\/uploads\/2025\/04\/BAMIX-Set-BBQ-Nero.jpg\/bamix-set-bbq-nero.jpg?ssl=1","contentUrl":"https:\/\/i3.wp.com\/interpim.erresse-shop.it\/wp-content\/uploads\/2025\/04\/BAMIX-Set-BBQ-Nero.jpg\/bamix-set-bbq-nero.jpg?ssl=1"},{"@type":"BreadcrumbList","@id":"https:\/\/dev6.erresse-shop.it\/de\/shop\/kleine-elektrogeraete\/mixer\/bamix-set-bqq-schwarz\/#breadcrumb","itemListElement":[{"@type":"ListItem","position":1,"name":"Home","item":"https:\/\/dev6.erresse-shop.it\/"},{"@type":"ListItem","position":2,"name":"Shop","item":"https:\/\/dev6.erresse-shop.it\/shop\/"},{"@type":"ListItem","position":3,"name":"BAMIX Set BQQ Schwarz"}]},{"@type":"WebSite","@id":"https:\/\/dev6.erresse-shop.it\/#website","url":"https:\/\/dev6.erresse-shop.it\/","name":"Erresse Shop","description":"","publisher":{"@id":"https:\/\/dev6.erresse-shop.it\/#organization"},"potentialAction":[{"@type":"SearchAction","target":{"@type":"EntryPoint","urlTemplate":"https:\/\/dev6.erresse-shop.it\/?s={search_term_string}"},"query-input":{"@type":"PropertyValueSpecification","valueRequired":true,"valueName":"search_term_string"}}],"inLanguage":"de"},{"@type":"Organization","@id":"https:\/\/dev6.erresse-shop.it\/#organization","name":"Erresse Shop","url":"https:\/\/dev6.erresse-shop.it\/","logo":{"@type":"ImageObject","inLanguage":"de","@id":"https:\/\/dev6.erresse-shop.it\/#\/schema\/logo\/image\/","url":"https:\/\/dev6.erresse-shop.it\/wp-content\/uploads\/2025\/01\/LOGO-ERRESSE-CLASSICO.svg","contentUrl":"https:\/\/dev6.erresse-shop.it\/wp-content\/uploads\/2025\/01\/LOGO-ERRESSE-CLASSICO.svg","caption":"Erresse Shop"},"image":{"@id":"https:\/\/dev6.erresse-shop.it\/#\/schema\/logo\/image\/"}}]}},"df_price":279,"df_sale_price":"","df_regular_price":279,"df_image_link":"https:\/\/i3.wp.com\/interpim.erresse-shop.it\/wp-content\/uploads\/2025\/04\/BAMIX-Set-BBQ-Nero.jpg\/bamix-set-bbq-nero.jpg?resize=300,300&ssl=1","fifu_image_url":"https:\/\/interpim.erresse-shop.it\/wp-content\/uploads\/2025\/04\/BAMIX-Set-BBQ-Nero.jpg\/bamix-set-bbq-nero.jpg","_links":{"self":[{"href":"https:\/\/dev6.erresse-shop.it\/de\/wp-json\/wp\/v2\/product\/2303047","targetHints":{"allow":["GET"]}}],"collection":[{"href":"https:\/\/dev6.erresse-shop.it\/de\/wp-json\/wp\/v2\/product"}],"about":[{"href":"https:\/\/dev6.erresse-shop.it\/de\/wp-json\/wp\/v2\/types\/product"}],"wp:featuredmedia":[{"embeddable":true,"href":"https:\/\/dev6.erresse-shop.it\/de\/wp-json\/wp\/v2\/media\/6297803"}],"wp:attachment":[{"href":"https:\/\/dev6.erresse-shop.it\/de\/wp-json\/wp\/v2\/media?parent=2303047"}],"wp:term":[{"taxonomy":"product_cat","embeddable":true,"href":"https:\/\/dev6.erresse-shop.it\/de\/wp-json\/wp\/v2\/product_cat?post=2303047"},{"taxonomy":"product_tag","embeddable":true,"href":"https:\/\/dev6.erresse-shop.it\/de\/wp-json\/wp\/v2\/product_tag?post=2303047"}],"curies":[{"name":"wp","href":"https:\/\/api.w.org\/{rel}","templated":true}]}}