{"id":2303039,"date":"2026-04-12T14:37:58","date_gmt":"2026-04-12T12:37:58","guid":{"rendered":"https:\/\/dev6.erresse-shop.it\/shop\/unkategorisiert\/la-pavoni-kaffeemaschine-domus-bar\/"},"modified":"2025-09-14T03:37:54","modified_gmt":"2025-09-14T01:37:54","slug":"la-pavoni-kaffeemaschine-domus-bar","status":"publish","type":"product","link":"https:\/\/dev6.erresse-shop.it\/de\/shop\/kleine-elektrogeraete\/kaffeemaschinen-espresso\/handbuecher\/la-pavoni-kaffeemaschine-domus-bar\/","title":{"rendered":"LA PAVONI Kaffeemaschine Domus Bar"},"content":{"rendered":"<p>Kompakte Kaffeemaschine mit Edelstahlgeh\u00e4use, ausgestattet mit Pumpendruckanzeige, eingebauter, 7-fach verstellbarer Kaffeem\u00fchle, gro\u00dfem Tassenw\u00e4rmer und abnehmbarem Wassertank. Domus Bar ist die semiprofessionelle Wahl f\u00fcr den perfekten Espresso und Cappuccino auch zu Hause.<\/p>\n<p>Alle semiprofessionellen 230-V-Maschinen von La Pavoni sind zertifiziert durch:<\/p>\n<\/p>\n<p>\u00a0<\/p>\n<p>\u00c4STHETIK<\/p>\n<p>Farbe: Edelstahl<br \/>\nOberfl\u00e4che: Gl\u00e4nzend<br \/>\nSerie: Domus<br \/>\nGeh\u00e4usematerial: Edelstahl<br \/>\nMaterial der Tropfschale: Kunststoff<br \/>\nMaterial Getr\u00e4nkehaltergitter: Edelstahl<br \/>\nMaterial Dampfd\u00fcse: Edelstahl<br \/>\nMaterial der Spendergruppe: Messing<br \/>\nFarbe der Spendergruppe: Chrom<\/p>\n<p>PROGRAMME \/ FUNKTIONEN<\/p>\n<p>Kaffeeausgabefunktion: Ja<br \/>\nDampffunktion: Ja<br \/>\nMikrometrische Mahlgradeinstellung: Ja<br \/>\nWarmwasserfunktion: Ja<\/p>\n<p>TECHNISCHE MERKMALE<\/p>\n<p>Heizsystem: Boiler<br \/>\nKesseltyp: Einzelkessel<br \/>\nKesselkapazit\u00e4t: 0,25 l<br \/>\nPumpentyp: Vibration<br \/>\nPumpendruck: 15 bar<br \/>\nWassertankkapazit\u00e4t: 2,7 l<br \/>\nAbnehmbare Tropfschale: Ja<br \/>\nAbnehmbarer Wasserbeh\u00e4lter: Ja<br \/>\nWasserstandsanzeige: Ja<br \/>\nPumpendruckmesser: Ja<br \/>\nInnendurchmesser des Filterhalters (mit Filter): 58 mm<br \/>\nKapazit\u00e4t des Kaffeebohnenbeh\u00e4lters: 130 g<br \/>\nTemperaturanzeigeleuchte: Ja<br \/>\nBrennertyp: Konisch<br \/>\nTassenw\u00e4rmer: Passiv<\/p>\n<p>ZUBEH\u00d6R INKLUSIVE<\/p>\n<p>Filter: 1 Tasse\/ 2 Tassen\/ Papierpad-Adapter<br \/>\nPressino: Ja<br \/>\nMessbecher: Ja<br \/>\nFilterhalter: Doppelauslauf<\/p>\n<p>ELEKTRISCHER ANSCHLUSS<\/p>\n<p>Stecker: (F;E) Schuko<br \/>\nSpannung (V): 220\u2013240 V<br \/>\nFrequenz Hz: 50\/60 Hz<br \/>\nL\u00e4nge des Netzkabels: 1,6 m<\/p>\n<p>Not for sale outside Europe<\/p>\n","protected":false},"excerpt":{"rendered":"<p>Kompakte Kaffeemaschine mit Edelstahlgeh\u00e4use, ausgestattet mit Pumpendruckanzeige, eingebauter, 7-fach verstellbarer Kaffeem\u00fchle, gro\u00dfem Tassenw\u00e4rmer und abnehmbarem Wassertank. Domus Bar ist die semiprofessionelle Wahl f\u00fcr den perfekten Espresso und Cappuccino auch zu Hause. Alle semiprofessionellen 230-V-Maschinen von La Pavoni sind zertifiziert durch: \u00a0 \u00c4STHETIK Farbe: Edelstahl Oberfl\u00e4che: Gl\u00e4nzend Serie: Domus Geh\u00e4usematerial: Edelstahl Material der Tropfschale: Kunststoff Material [&hellip;]<\/p>\n","protected":false},"featured_media":6381052,"template":"","meta":{"_acf_changed":false},"product_cat":[12198,12171,12163],"product_tag":[],"class_list":{"0":"post-2303039","1":"product","2":"type-product","3":"status-publish","4":"has-post-thumbnail","6":"product_cat-handbuecher","7":"product_cat-kaffeemaschinen-espresso","8":"product_cat-kleine-elektrogeraete","10":"first","11":"instock","12":"sale","13":"taxable","14":"shipping-taxable","15":"purchasable","16":"product-type-simple","swatches":"rey-swatches","show_selected":"","stretch_labels":"rey-swatches--stretch-labels"},"acf":[],"yoast_head":"<!-- This site is optimized with the Yoast SEO plugin v25.4 - https:\/\/yoast.com\/wordpress\/plugins\/seo\/ -->\n<title>LA PAVONI Kaffeemaschine Domus Bar - dev6 Erresse<\/title>\n<meta name=\"description\" content=\"Kompakte Kaffeemaschine mit Edelstahlgeh\u00e4use, ausgestattet mit Pumpendruckanzeige, eingebauter, 7-fach verstellbarer Kaffeem\u00fchle, gro\u00dfem Tassenw\u00e4rmer und\" \/>\n<meta name=\"robots\" content=\"noindex, follow, max-snippet:-1, max-image-preview:large, max-video-preview:-1\" \/>\n<meta property=\"og:locale\" content=\"de_DE\" \/>\n<meta property=\"og:type\" content=\"article\" \/>\n<meta property=\"og:title\" content=\"LA PAVONI Kaffeemaschine Domus Bar - dev6 Erresse\" \/>\n<meta property=\"og:description\" content=\"Kompakte Kaffeemaschine mit Edelstahlgeh\u00e4use, ausgestattet mit Pumpendruckanzeige, eingebauter, 7-fach verstellbarer Kaffeem\u00fchle, gro\u00dfem Tassenw\u00e4rmer und\" \/>\n<meta property=\"og:url\" content=\"https:\/\/dev6.erresse-shop.it\/de\/shop\/kleine-elektrogeraete\/kaffeemaschinen-espresso\/handbuecher\/la-pavoni-kaffeemaschine-domus-bar\/\" \/>\n<meta property=\"og:site_name\" content=\"dev6 Erresse\" \/>\n<meta property=\"og:image\" content=\"https:\/\/interpim.erresse-shop.it\/wp-content\/uploads\/2025\/04\/LA-PAVONI-Macchina-da-Caffe-Domus-Bar.jpg\/la-pavoni-macchina-da-caffe-domus-bar.jpg\" \/><meta property=\"og:image\" content=\"https:\/\/interpim.erresse-shop.it\/wp-content\/uploads\/2025\/04\/LA-PAVONI-Macchina-da-Caffe-Domus-Bar.jpg\/la-pavoni-macchina-da-caffe-domus-bar.jpg\" \/>\n\t<meta property=\"og:image:width\" content=\"1024\" \/>\n\t<meta property=\"og:image:height\" content=\"1024\" \/>\n\t<meta property=\"og:image:type\" content=\"image\/jpeg\" \/>\n<meta name=\"twitter:card\" content=\"summary_large_image\" \/>\n<meta name=\"twitter:image\" content=\"https:\/\/interpim.erresse-shop.it\/wp-content\/uploads\/2025\/04\/LA-PAVONI-Macchina-da-Caffe-Domus-Bar.jpg\/la-pavoni-macchina-da-caffe-domus-bar.jpg\" \/>\n<script type=\"application\/ld+json\" class=\"yoast-schema-graph\">{\"@context\":\"https:\/\/schema.org\",\"@graph\":[{\"@type\":\"WebPage\",\"@id\":\"https:\/\/dev6.erresse-shop.it\/de\/shop\/kleine-elektrogeraete\/kaffeemaschinen-espresso\/handbuecher\/la-pavoni-kaffeemaschine-domus-bar\/\",\"url\":\"https:\/\/dev6.erresse-shop.it\/de\/shop\/kleine-elektrogeraete\/kaffeemaschinen-espresso\/handbuecher\/la-pavoni-kaffeemaschine-domus-bar\/\",\"name\":\"LA PAVONI Kaffeemaschine Domus Bar - dev6 Erresse\",\"isPartOf\":{\"@id\":\"https:\/\/dev6.erresse-shop.it\/#website\"},\"primaryImageOfPage\":{\"@id\":\"https:\/\/dev6.erresse-shop.it\/de\/shop\/kleine-elektrogeraete\/kaffeemaschinen-espresso\/handbuecher\/la-pavoni-kaffeemaschine-domus-bar\/#primaryimage\"},\"image\":{\"@id\":\"https:\/\/dev6.erresse-shop.it\/de\/shop\/kleine-elektrogeraete\/kaffeemaschinen-espresso\/handbuecher\/la-pavoni-kaffeemaschine-domus-bar\/#primaryimage\"},\"thumbnailUrl\":\"https:\/\/i1.wp.com\/interpim.erresse-shop.it\/wp-content\/uploads\/2025\/04\/LA-PAVONI-Macchina-da-Caffe-Domus-Bar.jpg\/la-pavoni-macchina-da-caffe-domus-bar.jpg?ssl=1\",\"datePublished\":\"2026-04-12T12:37:58+00:00\",\"description\":\"Kompakte Kaffeemaschine mit Edelstahlgeh\u00e4use, ausgestattet mit Pumpendruckanzeige, eingebauter, 7-fach verstellbarer Kaffeem\u00fchle, gro\u00dfem Tassenw\u00e4rmer und\",\"breadcrumb\":{\"@id\":\"https:\/\/dev6.erresse-shop.it\/de\/shop\/kleine-elektrogeraete\/kaffeemaschinen-espresso\/handbuecher\/la-pavoni-kaffeemaschine-domus-bar\/#breadcrumb\"},\"inLanguage\":\"de\",\"potentialAction\":[{\"@type\":\"ReadAction\",\"target\":[\"https:\/\/dev6.erresse-shop.it\/de\/shop\/kleine-elektrogeraete\/kaffeemaschinen-espresso\/handbuecher\/la-pavoni-kaffeemaschine-domus-bar\/\"]}]},{\"@type\":\"ImageObject\",\"inLanguage\":\"de\",\"@id\":\"https:\/\/dev6.erresse-shop.it\/de\/shop\/kleine-elektrogeraete\/kaffeemaschinen-espresso\/handbuecher\/la-pavoni-kaffeemaschine-domus-bar\/#primaryimage\",\"url\":\"https:\/\/i1.wp.com\/interpim.erresse-shop.it\/wp-content\/uploads\/2025\/04\/LA-PAVONI-Macchina-da-Caffe-Domus-Bar.jpg\/la-pavoni-macchina-da-caffe-domus-bar.jpg?ssl=1\",\"contentUrl\":\"https:\/\/i1.wp.com\/interpim.erresse-shop.it\/wp-content\/uploads\/2025\/04\/LA-PAVONI-Macchina-da-Caffe-Domus-Bar.jpg\/la-pavoni-macchina-da-caffe-domus-bar.jpg?ssl=1\"},{\"@type\":\"BreadcrumbList\",\"@id\":\"https:\/\/dev6.erresse-shop.it\/de\/shop\/kleine-elektrogeraete\/kaffeemaschinen-espresso\/handbuecher\/la-pavoni-kaffeemaschine-domus-bar\/#breadcrumb\",\"itemListElement\":[{\"@type\":\"ListItem\",\"position\":1,\"name\":\"Home\",\"item\":\"https:\/\/dev6.erresse-shop.it\/\"},{\"@type\":\"ListItem\",\"position\":2,\"name\":\"Shop\",\"item\":\"https:\/\/dev6.erresse-shop.it\/shop\/\"},{\"@type\":\"ListItem\",\"position\":3,\"name\":\"LA PAVONI Kaffeemaschine Domus Bar\"}]},{\"@type\":\"WebSite\",\"@id\":\"https:\/\/dev6.erresse-shop.it\/#website\",\"url\":\"https:\/\/dev6.erresse-shop.it\/\",\"name\":\"Erresse Shop\",\"description\":\"\",\"publisher\":{\"@id\":\"https:\/\/dev6.erresse-shop.it\/#organization\"},\"potentialAction\":[{\"@type\":\"SearchAction\",\"target\":{\"@type\":\"EntryPoint\",\"urlTemplate\":\"https:\/\/dev6.erresse-shop.it\/?s={search_term_string}\"},\"query-input\":{\"@type\":\"PropertyValueSpecification\",\"valueRequired\":true,\"valueName\":\"search_term_string\"}}],\"inLanguage\":\"de\"},{\"@type\":\"Organization\",\"@id\":\"https:\/\/dev6.erresse-shop.it\/#organization\",\"name\":\"Erresse Shop\",\"url\":\"https:\/\/dev6.erresse-shop.it\/\",\"logo\":{\"@type\":\"ImageObject\",\"inLanguage\":\"de\",\"@id\":\"https:\/\/dev6.erresse-shop.it\/#\/schema\/logo\/image\/\",\"url\":\"https:\/\/dev6.erresse-shop.it\/wp-content\/uploads\/2025\/01\/LOGO-ERRESSE-CLASSICO.svg\",\"contentUrl\":\"https:\/\/dev6.erresse-shop.it\/wp-content\/uploads\/2025\/01\/LOGO-ERRESSE-CLASSICO.svg\",\"caption\":\"Erresse Shop\"},\"image\":{\"@id\":\"https:\/\/dev6.erresse-shop.it\/#\/schema\/logo\/image\/\"}}]}<\/script>\n<!-- \/ Yoast SEO plugin. -->","yoast_head_json":{"title":"LA PAVONI Kaffeemaschine Domus Bar - dev6 Erresse","description":"Kompakte Kaffeemaschine mit Edelstahlgeh\u00e4use, ausgestattet mit Pumpendruckanzeige, eingebauter, 7-fach verstellbarer Kaffeem\u00fchle, gro\u00dfem Tassenw\u00e4rmer und","robots":{"index":"noindex","follow":"follow","max-snippet":"max-snippet:-1","max-image-preview":"max-image-preview:large","max-video-preview":"max-video-preview:-1"},"og_locale":"de_DE","og_type":"article","og_title":"LA PAVONI Kaffeemaschine Domus Bar - dev6 Erresse","og_description":"Kompakte Kaffeemaschine mit Edelstahlgeh\u00e4use, ausgestattet mit Pumpendruckanzeige, eingebauter, 7-fach verstellbarer Kaffeem\u00fchle, gro\u00dfem Tassenw\u00e4rmer und","og_url":"https:\/\/dev6.erresse-shop.it\/de\/shop\/kleine-elektrogeraete\/kaffeemaschinen-espresso\/handbuecher\/la-pavoni-kaffeemaschine-domus-bar\/","og_site_name":"dev6 Erresse","og_image":[{"url":"https:\/\/interpim.erresse-shop.it\/wp-content\/uploads\/2025\/04\/LA-PAVONI-Macchina-da-Caffe-Domus-Bar.jpg\/la-pavoni-macchina-da-caffe-domus-bar.jpg","type":"","width":"","height":""},{"url":"https:\/\/interpim.erresse-shop.it\/wp-content\/uploads\/2025\/04\/LA-PAVONI-Macchina-da-Caffe-Domus-Bar.jpg\/la-pavoni-macchina-da-caffe-domus-bar.jpg","width":1024,"height":1024,"type":"image\/jpeg"}],"twitter_card":"summary_large_image","twitter_image":"https:\/\/interpim.erresse-shop.it\/wp-content\/uploads\/2025\/04\/LA-PAVONI-Macchina-da-Caffe-Domus-Bar.jpg\/la-pavoni-macchina-da-caffe-domus-bar.jpg","schema":{"@context":"https:\/\/schema.org","@graph":[{"@type":"WebPage","@id":"https:\/\/dev6.erresse-shop.it\/de\/shop\/kleine-elektrogeraete\/kaffeemaschinen-espresso\/handbuecher\/la-pavoni-kaffeemaschine-domus-bar\/","url":"https:\/\/dev6.erresse-shop.it\/de\/shop\/kleine-elektrogeraete\/kaffeemaschinen-espresso\/handbuecher\/la-pavoni-kaffeemaschine-domus-bar\/","name":"LA PAVONI Kaffeemaschine Domus Bar - dev6 Erresse","isPartOf":{"@id":"https:\/\/dev6.erresse-shop.it\/#website"},"primaryImageOfPage":{"@id":"https:\/\/dev6.erresse-shop.it\/de\/shop\/kleine-elektrogeraete\/kaffeemaschinen-espresso\/handbuecher\/la-pavoni-kaffeemaschine-domus-bar\/#primaryimage"},"image":{"@id":"https:\/\/dev6.erresse-shop.it\/de\/shop\/kleine-elektrogeraete\/kaffeemaschinen-espresso\/handbuecher\/la-pavoni-kaffeemaschine-domus-bar\/#primaryimage"},"thumbnailUrl":"https:\/\/i1.wp.com\/interpim.erresse-shop.it\/wp-content\/uploads\/2025\/04\/LA-PAVONI-Macchina-da-Caffe-Domus-Bar.jpg\/la-pavoni-macchina-da-caffe-domus-bar.jpg?ssl=1","datePublished":"2026-04-12T12:37:58+00:00","description":"Kompakte Kaffeemaschine mit Edelstahlgeh\u00e4use, ausgestattet mit Pumpendruckanzeige, eingebauter, 7-fach verstellbarer Kaffeem\u00fchle, gro\u00dfem Tassenw\u00e4rmer und","breadcrumb":{"@id":"https:\/\/dev6.erresse-shop.it\/de\/shop\/kleine-elektrogeraete\/kaffeemaschinen-espresso\/handbuecher\/la-pavoni-kaffeemaschine-domus-bar\/#breadcrumb"},"inLanguage":"de","potentialAction":[{"@type":"ReadAction","target":["https:\/\/dev6.erresse-shop.it\/de\/shop\/kleine-elektrogeraete\/kaffeemaschinen-espresso\/handbuecher\/la-pavoni-kaffeemaschine-domus-bar\/"]}]},{"@type":"ImageObject","inLanguage":"de","@id":"https:\/\/dev6.erresse-shop.it\/de\/shop\/kleine-elektrogeraete\/kaffeemaschinen-espresso\/handbuecher\/la-pavoni-kaffeemaschine-domus-bar\/#primaryimage","url":"https:\/\/i1.wp.com\/interpim.erresse-shop.it\/wp-content\/uploads\/2025\/04\/LA-PAVONI-Macchina-da-Caffe-Domus-Bar.jpg\/la-pavoni-macchina-da-caffe-domus-bar.jpg?ssl=1","contentUrl":"https:\/\/i1.wp.com\/interpim.erresse-shop.it\/wp-content\/uploads\/2025\/04\/LA-PAVONI-Macchina-da-Caffe-Domus-Bar.jpg\/la-pavoni-macchina-da-caffe-domus-bar.jpg?ssl=1"},{"@type":"BreadcrumbList","@id":"https:\/\/dev6.erresse-shop.it\/de\/shop\/kleine-elektrogeraete\/kaffeemaschinen-espresso\/handbuecher\/la-pavoni-kaffeemaschine-domus-bar\/#breadcrumb","itemListElement":[{"@type":"ListItem","position":1,"name":"Home","item":"https:\/\/dev6.erresse-shop.it\/"},{"@type":"ListItem","position":2,"name":"Shop","item":"https:\/\/dev6.erresse-shop.it\/shop\/"},{"@type":"ListItem","position":3,"name":"LA PAVONI Kaffeemaschine Domus Bar"}]},{"@type":"WebSite","@id":"https:\/\/dev6.erresse-shop.it\/#website","url":"https:\/\/dev6.erresse-shop.it\/","name":"Erresse Shop","description":"","publisher":{"@id":"https:\/\/dev6.erresse-shop.it\/#organization"},"potentialAction":[{"@type":"SearchAction","target":{"@type":"EntryPoint","urlTemplate":"https:\/\/dev6.erresse-shop.it\/?s={search_term_string}"},"query-input":{"@type":"PropertyValueSpecification","valueRequired":true,"valueName":"search_term_string"}}],"inLanguage":"de"},{"@type":"Organization","@id":"https:\/\/dev6.erresse-shop.it\/#organization","name":"Erresse Shop","url":"https:\/\/dev6.erresse-shop.it\/","logo":{"@type":"ImageObject","inLanguage":"de","@id":"https:\/\/dev6.erresse-shop.it\/#\/schema\/logo\/image\/","url":"https:\/\/dev6.erresse-shop.it\/wp-content\/uploads\/2025\/01\/LOGO-ERRESSE-CLASSICO.svg","contentUrl":"https:\/\/dev6.erresse-shop.it\/wp-content\/uploads\/2025\/01\/LOGO-ERRESSE-CLASSICO.svg","caption":"Erresse Shop"},"image":{"@id":"https:\/\/dev6.erresse-shop.it\/#\/schema\/logo\/image\/"}}]}},"df_price":699,"df_sale_price":699,"df_regular_price":799,"df_image_link":"https:\/\/i1.wp.com\/interpim.erresse-shop.it\/wp-content\/uploads\/2025\/04\/LA-PAVONI-Macchina-da-Caffe-Domus-Bar.jpg\/la-pavoni-macchina-da-caffe-domus-bar.jpg?resize=300,300&ssl=1","fifu_image_url":"https:\/\/interpim.erresse-shop.it\/wp-content\/uploads\/2025\/04\/LA-PAVONI-Macchina-da-Caffe-Domus-Bar.jpg\/la-pavoni-macchina-da-caffe-domus-bar.jpg","_links":{"self":[{"href":"https:\/\/dev6.erresse-shop.it\/de\/wp-json\/wp\/v2\/product\/2303039","targetHints":{"allow":["GET"]}}],"collection":[{"href":"https:\/\/dev6.erresse-shop.it\/de\/wp-json\/wp\/v2\/product"}],"about":[{"href":"https:\/\/dev6.erresse-shop.it\/de\/wp-json\/wp\/v2\/types\/product"}],"wp:featuredmedia":[{"embeddable":true,"href":"https:\/\/dev6.erresse-shop.it\/de\/wp-json\/wp\/v2\/media\/6381052"}],"wp:attachment":[{"href":"https:\/\/dev6.erresse-shop.it\/de\/wp-json\/wp\/v2\/media?parent=2303039"}],"wp:term":[{"taxonomy":"product_cat","embeddable":true,"href":"https:\/\/dev6.erresse-shop.it\/de\/wp-json\/wp\/v2\/product_cat?post=2303039"},{"taxonomy":"product_tag","embeddable":true,"href":"https:\/\/dev6.erresse-shop.it\/de\/wp-json\/wp\/v2\/product_tag?post=2303039"}],"curies":[{"name":"wp","href":"https:\/\/api.w.org\/{rel}","templated":true}]}}