{"id":2303037,"date":"2026-04-12T14:37:58","date_gmt":"2026-04-12T12:37:58","guid":{"rendered":"https:\/\/dev6.erresse-shop.it\/shop\/unkategorisiert\/la-pavoni-kaffeemaschine-casabar-pid-schwarz\/"},"modified":"2025-09-14T03:37:49","modified_gmt":"2025-09-14T01:37:49","slug":"la-pavoni-kaffeemaschine-casabar-pid-schwarz","status":"publish","type":"product","link":"https:\/\/dev6.erresse-shop.it\/de\/shop\/kleine-elektrogeraete\/kaffeemaschinen-espresso\/handbuecher\/la-pavoni-kaffeemaschine-casabar-pid-schwarz\/","title":{"rendered":"LA PAVONI Kaffeemaschine Casabar Pid Schwarz"},"content":{"rendered":"<p>Semiprofessionelle Espressomaschine, Stahlrahmen, einzelner Messingkessel, ausgestattet mit PID-System zur perfekten Temperaturregulierung. Filterhaltergruppe und professionelle Dampfd\u00fcse f\u00fcr leckere Drinks wie an der Bar.<\/p>\n<p>Alle semiprofessionellen 230-V-Maschinen von La Pavoni sind zertifiziert durch:<\/p>\n<\/p>\n<p>\u00c4STHETIK<\/p>\n<p>Farbe: Edelstahl<br \/>\nOberfl\u00e4che: Poliert<br \/>\nSerie: Casabar PID<br \/>\nGeh\u00e4usematerial: Edelstahl<br \/>\nMaterial der Tropfschale: Kunststoff<br \/>\nMaterial Tassenablagerost: Edelstahl<br \/>\nMaterial der Dampfd\u00fcse: Edelstahl \u2013 Cool Touch<br \/>\nMaterial der Brauereieinheit: Messing<br \/>\nFarbe der Brauereieinheit: Chrom<\/p>\n<p>PROGRAMME \/ FUNKTIONEN<\/p>\n<p>Kaffeezubereitungsfunktion: Ja<br \/>\nDampffunktion: Ja<br \/>\nWarmwasserfunktion: Ja<\/p>\n<p>TECHNISCHE MERKMALE<\/p>\n<p>Heizsystem: Kessel<br \/>\nKesseltyp: Einzelkessel<br \/>\nKesselkapazit\u00e4t: 0,3 l<br \/>\nPumpentyp: Vibration<br \/>\nPumpendruck: 15 bar<br \/>\nWassertankkapazit\u00e4t: 3 l<br \/>\nAbnehmbare Tropfschale: Ja<br \/>\nAbnehmbarer Wasserbeh\u00e4lter: Ja<br \/>\nPumpendruckmesser: Ja<br \/>\nPID f\u00fcr Kaffeetemperatur: Ja<br \/>\nSchuss-Timer: Ja<br \/>\nInnendurchmesser des Filterhalters (mit Filter): 58 mm<br \/>\nTemperaturanzeigeleuchte: Ja<br \/>\nTassenw\u00e4rmer: Passiv<\/p>\n<p>ZUBEH\u00d6R INKLUSIVE<\/p>\n<p>Filter: 1 Tasse\/ 2 Tassen\/ Blind<br \/>\nManipulation: Ja<br \/>\nMessl\u00f6ffel: Ja<br \/>\nFilterhalter: Standard<\/p>\n<p>ELEKTRISCHER ANSCHLUSS<\/p>\n<p>Stecker: (C) Eurostecker<br \/>\nSpannung (V): 220\u2013240 V<br \/>\nFrequenz Hz: 50\u201360 Hz<br \/>\nL\u00e4nge des Netzkabels: 1,6 m<\/p>\n<p>Not for sale outside Europe<\/p>\n","protected":false},"excerpt":{"rendered":"<p>Semiprofessionelle Espressomaschine, Stahlrahmen, einzelner Messingkessel, ausgestattet mit PID-System zur perfekten Temperaturregulierung. Filterhaltergruppe und professionelle Dampfd\u00fcse f\u00fcr leckere Drinks wie an der Bar. Alle semiprofessionellen 230-V-Maschinen von La Pavoni sind zertifiziert durch: \u00c4STHETIK Farbe: Edelstahl Oberfl\u00e4che: Poliert Serie: Casabar PID Geh\u00e4usematerial: Edelstahl Material der Tropfschale: Kunststoff Material Tassenablagerost: Edelstahl Material der Dampfd\u00fcse: Edelstahl \u2013 Cool Touch [&hellip;]<\/p>\n","protected":false},"featured_media":6381045,"template":"","meta":{"_acf_changed":false},"product_cat":[12198,12171,12163],"product_tag":[],"class_list":{"0":"post-2303037","1":"product","2":"type-product","3":"status-publish","4":"has-post-thumbnail","6":"product_cat-handbuecher","7":"product_cat-kaffeemaschinen-espresso","8":"product_cat-kleine-elektrogeraete","10":"first","11":"instock","12":"sale","13":"taxable","14":"shipping-taxable","15":"purchasable","16":"product-type-simple","swatches":"rey-swatches","show_selected":"","stretch_labels":"rey-swatches--stretch-labels"},"acf":[],"yoast_head":"<!-- This site is optimized with the Yoast SEO plugin v25.4 - https:\/\/yoast.com\/wordpress\/plugins\/seo\/ -->\n<title>LA PAVONI Kaffeemaschine Casabar Pid Schwarz - dev6 Erresse<\/title>\n<meta name=\"description\" content=\"Semiprofessionelle Espressomaschine, Stahlrahmen, einzelner Messingkessel, ausgestattet mit PID-System zur perfekten Temperaturregulierung.\" \/>\n<meta name=\"robots\" content=\"noindex, follow, max-snippet:-1, max-image-preview:large, max-video-preview:-1\" \/>\n<meta property=\"og:locale\" content=\"de_DE\" \/>\n<meta property=\"og:type\" content=\"article\" \/>\n<meta property=\"og:title\" content=\"LA PAVONI Kaffeemaschine Casabar Pid Schwarz - dev6 Erresse\" \/>\n<meta property=\"og:description\" content=\"Semiprofessionelle Espressomaschine, Stahlrahmen, einzelner Messingkessel, ausgestattet mit PID-System zur perfekten Temperaturregulierung.\" \/>\n<meta property=\"og:url\" content=\"https:\/\/dev6.erresse-shop.it\/de\/shop\/kleine-elektrogeraete\/kaffeemaschinen-espresso\/handbuecher\/la-pavoni-kaffeemaschine-casabar-pid-schwarz\/\" \/>\n<meta property=\"og:site_name\" content=\"dev6 Erresse\" \/>\n<meta property=\"og:image\" content=\"https:\/\/interpim.erresse-shop.it\/wp-content\/uploads\/2025\/04\/LA-PAVONI-Macchina-da-Caffe-Casabar-Pid-Nero.jpg\/la-pavoni-macchina-da-caffe-casabar-pid-nero.jpg\" \/><meta property=\"og:image\" content=\"https:\/\/interpim.erresse-shop.it\/wp-content\/uploads\/2025\/04\/LA-PAVONI-Macchina-da-Caffe-Casabar-Pid-Nero.jpg\/la-pavoni-macchina-da-caffe-casabar-pid-nero.jpg\" \/>\n\t<meta property=\"og:image:width\" content=\"1024\" \/>\n\t<meta property=\"og:image:height\" content=\"1024\" \/>\n\t<meta property=\"og:image:type\" content=\"image\/jpeg\" \/>\n<meta name=\"twitter:card\" content=\"summary_large_image\" \/>\n<meta name=\"twitter:image\" content=\"https:\/\/interpim.erresse-shop.it\/wp-content\/uploads\/2025\/04\/LA-PAVONI-Macchina-da-Caffe-Casabar-Pid-Nero.jpg\/la-pavoni-macchina-da-caffe-casabar-pid-nero.jpg\" \/>\n<script type=\"application\/ld+json\" class=\"yoast-schema-graph\">{\"@context\":\"https:\/\/schema.org\",\"@graph\":[{\"@type\":\"WebPage\",\"@id\":\"https:\/\/dev6.erresse-shop.it\/de\/shop\/kleine-elektrogeraete\/kaffeemaschinen-espresso\/handbuecher\/la-pavoni-kaffeemaschine-casabar-pid-schwarz\/\",\"url\":\"https:\/\/dev6.erresse-shop.it\/de\/shop\/kleine-elektrogeraete\/kaffeemaschinen-espresso\/handbuecher\/la-pavoni-kaffeemaschine-casabar-pid-schwarz\/\",\"name\":\"LA PAVONI Kaffeemaschine Casabar Pid Schwarz - dev6 Erresse\",\"isPartOf\":{\"@id\":\"https:\/\/dev6.erresse-shop.it\/#website\"},\"primaryImageOfPage\":{\"@id\":\"https:\/\/dev6.erresse-shop.it\/de\/shop\/kleine-elektrogeraete\/kaffeemaschinen-espresso\/handbuecher\/la-pavoni-kaffeemaschine-casabar-pid-schwarz\/#primaryimage\"},\"image\":{\"@id\":\"https:\/\/dev6.erresse-shop.it\/de\/shop\/kleine-elektrogeraete\/kaffeemaschinen-espresso\/handbuecher\/la-pavoni-kaffeemaschine-casabar-pid-schwarz\/#primaryimage\"},\"thumbnailUrl\":\"https:\/\/i3.wp.com\/interpim.erresse-shop.it\/wp-content\/uploads\/2025\/04\/LA-PAVONI-Macchina-da-Caffe-Casabar-Pid-Nero.jpg\/la-pavoni-macchina-da-caffe-casabar-pid-nero.jpg?ssl=1\",\"datePublished\":\"2026-04-12T12:37:58+00:00\",\"description\":\"Semiprofessionelle Espressomaschine, Stahlrahmen, einzelner Messingkessel, ausgestattet mit PID-System zur perfekten Temperaturregulierung.\",\"breadcrumb\":{\"@id\":\"https:\/\/dev6.erresse-shop.it\/de\/shop\/kleine-elektrogeraete\/kaffeemaschinen-espresso\/handbuecher\/la-pavoni-kaffeemaschine-casabar-pid-schwarz\/#breadcrumb\"},\"inLanguage\":\"de\",\"potentialAction\":[{\"@type\":\"ReadAction\",\"target\":[\"https:\/\/dev6.erresse-shop.it\/de\/shop\/kleine-elektrogeraete\/kaffeemaschinen-espresso\/handbuecher\/la-pavoni-kaffeemaschine-casabar-pid-schwarz\/\"]}]},{\"@type\":\"ImageObject\",\"inLanguage\":\"de\",\"@id\":\"https:\/\/dev6.erresse-shop.it\/de\/shop\/kleine-elektrogeraete\/kaffeemaschinen-espresso\/handbuecher\/la-pavoni-kaffeemaschine-casabar-pid-schwarz\/#primaryimage\",\"url\":\"https:\/\/i3.wp.com\/interpim.erresse-shop.it\/wp-content\/uploads\/2025\/04\/LA-PAVONI-Macchina-da-Caffe-Casabar-Pid-Nero.jpg\/la-pavoni-macchina-da-caffe-casabar-pid-nero.jpg?ssl=1\",\"contentUrl\":\"https:\/\/i3.wp.com\/interpim.erresse-shop.it\/wp-content\/uploads\/2025\/04\/LA-PAVONI-Macchina-da-Caffe-Casabar-Pid-Nero.jpg\/la-pavoni-macchina-da-caffe-casabar-pid-nero.jpg?ssl=1\"},{\"@type\":\"BreadcrumbList\",\"@id\":\"https:\/\/dev6.erresse-shop.it\/de\/shop\/kleine-elektrogeraete\/kaffeemaschinen-espresso\/handbuecher\/la-pavoni-kaffeemaschine-casabar-pid-schwarz\/#breadcrumb\",\"itemListElement\":[{\"@type\":\"ListItem\",\"position\":1,\"name\":\"Home\",\"item\":\"https:\/\/dev6.erresse-shop.it\/\"},{\"@type\":\"ListItem\",\"position\":2,\"name\":\"Shop\",\"item\":\"https:\/\/dev6.erresse-shop.it\/shop\/\"},{\"@type\":\"ListItem\",\"position\":3,\"name\":\"LA PAVONI Kaffeemaschine Casabar Pid Schwarz\"}]},{\"@type\":\"WebSite\",\"@id\":\"https:\/\/dev6.erresse-shop.it\/#website\",\"url\":\"https:\/\/dev6.erresse-shop.it\/\",\"name\":\"Erresse Shop\",\"description\":\"\",\"publisher\":{\"@id\":\"https:\/\/dev6.erresse-shop.it\/#organization\"},\"potentialAction\":[{\"@type\":\"SearchAction\",\"target\":{\"@type\":\"EntryPoint\",\"urlTemplate\":\"https:\/\/dev6.erresse-shop.it\/?s={search_term_string}\"},\"query-input\":{\"@type\":\"PropertyValueSpecification\",\"valueRequired\":true,\"valueName\":\"search_term_string\"}}],\"inLanguage\":\"de\"},{\"@type\":\"Organization\",\"@id\":\"https:\/\/dev6.erresse-shop.it\/#organization\",\"name\":\"Erresse Shop\",\"url\":\"https:\/\/dev6.erresse-shop.it\/\",\"logo\":{\"@type\":\"ImageObject\",\"inLanguage\":\"de\",\"@id\":\"https:\/\/dev6.erresse-shop.it\/#\/schema\/logo\/image\/\",\"url\":\"https:\/\/dev6.erresse-shop.it\/wp-content\/uploads\/2025\/01\/LOGO-ERRESSE-CLASSICO.svg\",\"contentUrl\":\"https:\/\/dev6.erresse-shop.it\/wp-content\/uploads\/2025\/01\/LOGO-ERRESSE-CLASSICO.svg\",\"caption\":\"Erresse Shop\"},\"image\":{\"@id\":\"https:\/\/dev6.erresse-shop.it\/#\/schema\/logo\/image\/\"}}]}<\/script>\n<!-- \/ Yoast SEO plugin. -->","yoast_head_json":{"title":"LA PAVONI Kaffeemaschine Casabar Pid Schwarz - dev6 Erresse","description":"Semiprofessionelle Espressomaschine, Stahlrahmen, einzelner Messingkessel, ausgestattet mit PID-System zur perfekten Temperaturregulierung.","robots":{"index":"noindex","follow":"follow","max-snippet":"max-snippet:-1","max-image-preview":"max-image-preview:large","max-video-preview":"max-video-preview:-1"},"og_locale":"de_DE","og_type":"article","og_title":"LA PAVONI Kaffeemaschine Casabar Pid Schwarz - dev6 Erresse","og_description":"Semiprofessionelle Espressomaschine, Stahlrahmen, einzelner Messingkessel, ausgestattet mit PID-System zur perfekten Temperaturregulierung.","og_url":"https:\/\/dev6.erresse-shop.it\/de\/shop\/kleine-elektrogeraete\/kaffeemaschinen-espresso\/handbuecher\/la-pavoni-kaffeemaschine-casabar-pid-schwarz\/","og_site_name":"dev6 Erresse","og_image":[{"url":"https:\/\/interpim.erresse-shop.it\/wp-content\/uploads\/2025\/04\/LA-PAVONI-Macchina-da-Caffe-Casabar-Pid-Nero.jpg\/la-pavoni-macchina-da-caffe-casabar-pid-nero.jpg","type":"","width":"","height":""},{"url":"https:\/\/interpim.erresse-shop.it\/wp-content\/uploads\/2025\/04\/LA-PAVONI-Macchina-da-Caffe-Casabar-Pid-Nero.jpg\/la-pavoni-macchina-da-caffe-casabar-pid-nero.jpg","width":1024,"height":1024,"type":"image\/jpeg"}],"twitter_card":"summary_large_image","twitter_image":"https:\/\/interpim.erresse-shop.it\/wp-content\/uploads\/2025\/04\/LA-PAVONI-Macchina-da-Caffe-Casabar-Pid-Nero.jpg\/la-pavoni-macchina-da-caffe-casabar-pid-nero.jpg","schema":{"@context":"https:\/\/schema.org","@graph":[{"@type":"WebPage","@id":"https:\/\/dev6.erresse-shop.it\/de\/shop\/kleine-elektrogeraete\/kaffeemaschinen-espresso\/handbuecher\/la-pavoni-kaffeemaschine-casabar-pid-schwarz\/","url":"https:\/\/dev6.erresse-shop.it\/de\/shop\/kleine-elektrogeraete\/kaffeemaschinen-espresso\/handbuecher\/la-pavoni-kaffeemaschine-casabar-pid-schwarz\/","name":"LA PAVONI Kaffeemaschine Casabar Pid Schwarz - dev6 Erresse","isPartOf":{"@id":"https:\/\/dev6.erresse-shop.it\/#website"},"primaryImageOfPage":{"@id":"https:\/\/dev6.erresse-shop.it\/de\/shop\/kleine-elektrogeraete\/kaffeemaschinen-espresso\/handbuecher\/la-pavoni-kaffeemaschine-casabar-pid-schwarz\/#primaryimage"},"image":{"@id":"https:\/\/dev6.erresse-shop.it\/de\/shop\/kleine-elektrogeraete\/kaffeemaschinen-espresso\/handbuecher\/la-pavoni-kaffeemaschine-casabar-pid-schwarz\/#primaryimage"},"thumbnailUrl":"https:\/\/i3.wp.com\/interpim.erresse-shop.it\/wp-content\/uploads\/2025\/04\/LA-PAVONI-Macchina-da-Caffe-Casabar-Pid-Nero.jpg\/la-pavoni-macchina-da-caffe-casabar-pid-nero.jpg?ssl=1","datePublished":"2026-04-12T12:37:58+00:00","description":"Semiprofessionelle Espressomaschine, Stahlrahmen, einzelner Messingkessel, ausgestattet mit PID-System zur perfekten Temperaturregulierung.","breadcrumb":{"@id":"https:\/\/dev6.erresse-shop.it\/de\/shop\/kleine-elektrogeraete\/kaffeemaschinen-espresso\/handbuecher\/la-pavoni-kaffeemaschine-casabar-pid-schwarz\/#breadcrumb"},"inLanguage":"de","potentialAction":[{"@type":"ReadAction","target":["https:\/\/dev6.erresse-shop.it\/de\/shop\/kleine-elektrogeraete\/kaffeemaschinen-espresso\/handbuecher\/la-pavoni-kaffeemaschine-casabar-pid-schwarz\/"]}]},{"@type":"ImageObject","inLanguage":"de","@id":"https:\/\/dev6.erresse-shop.it\/de\/shop\/kleine-elektrogeraete\/kaffeemaschinen-espresso\/handbuecher\/la-pavoni-kaffeemaschine-casabar-pid-schwarz\/#primaryimage","url":"https:\/\/i3.wp.com\/interpim.erresse-shop.it\/wp-content\/uploads\/2025\/04\/LA-PAVONI-Macchina-da-Caffe-Casabar-Pid-Nero.jpg\/la-pavoni-macchina-da-caffe-casabar-pid-nero.jpg?ssl=1","contentUrl":"https:\/\/i3.wp.com\/interpim.erresse-shop.it\/wp-content\/uploads\/2025\/04\/LA-PAVONI-Macchina-da-Caffe-Casabar-Pid-Nero.jpg\/la-pavoni-macchina-da-caffe-casabar-pid-nero.jpg?ssl=1"},{"@type":"BreadcrumbList","@id":"https:\/\/dev6.erresse-shop.it\/de\/shop\/kleine-elektrogeraete\/kaffeemaschinen-espresso\/handbuecher\/la-pavoni-kaffeemaschine-casabar-pid-schwarz\/#breadcrumb","itemListElement":[{"@type":"ListItem","position":1,"name":"Home","item":"https:\/\/dev6.erresse-shop.it\/"},{"@type":"ListItem","position":2,"name":"Shop","item":"https:\/\/dev6.erresse-shop.it\/shop\/"},{"@type":"ListItem","position":3,"name":"LA PAVONI Kaffeemaschine Casabar Pid Schwarz"}]},{"@type":"WebSite","@id":"https:\/\/dev6.erresse-shop.it\/#website","url":"https:\/\/dev6.erresse-shop.it\/","name":"Erresse Shop","description":"","publisher":{"@id":"https:\/\/dev6.erresse-shop.it\/#organization"},"potentialAction":[{"@type":"SearchAction","target":{"@type":"EntryPoint","urlTemplate":"https:\/\/dev6.erresse-shop.it\/?s={search_term_string}"},"query-input":{"@type":"PropertyValueSpecification","valueRequired":true,"valueName":"search_term_string"}}],"inLanguage":"de"},{"@type":"Organization","@id":"https:\/\/dev6.erresse-shop.it\/#organization","name":"Erresse Shop","url":"https:\/\/dev6.erresse-shop.it\/","logo":{"@type":"ImageObject","inLanguage":"de","@id":"https:\/\/dev6.erresse-shop.it\/#\/schema\/logo\/image\/","url":"https:\/\/dev6.erresse-shop.it\/wp-content\/uploads\/2025\/01\/LOGO-ERRESSE-CLASSICO.svg","contentUrl":"https:\/\/dev6.erresse-shop.it\/wp-content\/uploads\/2025\/01\/LOGO-ERRESSE-CLASSICO.svg","caption":"Erresse Shop"},"image":{"@id":"https:\/\/dev6.erresse-shop.it\/#\/schema\/logo\/image\/"}}]}},"df_price":849,"df_sale_price":849,"df_regular_price":949,"df_image_link":"https:\/\/i3.wp.com\/interpim.erresse-shop.it\/wp-content\/uploads\/2025\/04\/LA-PAVONI-Macchina-da-Caffe-Casabar-Pid-Nero.jpg\/la-pavoni-macchina-da-caffe-casabar-pid-nero.jpg?resize=300,300&ssl=1","fifu_image_url":"https:\/\/interpim.erresse-shop.it\/wp-content\/uploads\/2025\/04\/LA-PAVONI-Macchina-da-Caffe-Casabar-Pid-Nero.jpg\/la-pavoni-macchina-da-caffe-casabar-pid-nero.jpg","_links":{"self":[{"href":"https:\/\/dev6.erresse-shop.it\/de\/wp-json\/wp\/v2\/product\/2303037","targetHints":{"allow":["GET"]}}],"collection":[{"href":"https:\/\/dev6.erresse-shop.it\/de\/wp-json\/wp\/v2\/product"}],"about":[{"href":"https:\/\/dev6.erresse-shop.it\/de\/wp-json\/wp\/v2\/types\/product"}],"wp:featuredmedia":[{"embeddable":true,"href":"https:\/\/dev6.erresse-shop.it\/de\/wp-json\/wp\/v2\/media\/6381045"}],"wp:attachment":[{"href":"https:\/\/dev6.erresse-shop.it\/de\/wp-json\/wp\/v2\/media?parent=2303037"}],"wp:term":[{"taxonomy":"product_cat","embeddable":true,"href":"https:\/\/dev6.erresse-shop.it\/de\/wp-json\/wp\/v2\/product_cat?post=2303037"},{"taxonomy":"product_tag","embeddable":true,"href":"https:\/\/dev6.erresse-shop.it\/de\/wp-json\/wp\/v2\/product_tag?post=2303037"}],"curies":[{"name":"wp","href":"https:\/\/api.w.org\/{rel}","templated":true}]}}