{"id":2303033,"date":"2026-04-10T15:16:41","date_gmt":"2026-04-10T13:16:41","guid":{"rendered":"https:\/\/dev6.erresse-shop.it\/shop\/unkategorisiert\/la-pavoni-semiprofessionelle-kaffeemaschine-mini-cellini-weiss\/"},"modified":"2025-09-14T03:37:37","modified_gmt":"2025-09-14T01:37:37","slug":"la-pavoni-semiprofessionelle-kaffeemaschine-mini-cellini-weiss","status":"publish","type":"product","link":"https:\/\/dev6.erresse-shop.it\/de\/shop\/kleine-elektrogeraete\/kaffeemaschinen-espresso\/handbuecher\/la-pavoni-semiprofessionelle-kaffeemaschine-mini-cellini-weiss\/","title":{"rendered":"LA PAVONI Semiprofessionelle Kaffeemaschine Mini Cellini Wei\u00df"},"content":{"rendered":"<p>Der Kompakte. Kompakte Maschine mit einem sehr schnell einsatzbereiten System, Cool-Touch-Lanzen und einem lackierten Stahlgeh\u00e4use, das sorgf\u00e4ltig von Hand zusammengebaut wurde. Einstiegsmaschine aus der Semipro-Reihe.<\/p>\n<p>Alle semiprofessionellen 230-V-Maschinen von La Pavoni sind zertifiziert durch:<\/p>\n<\/p>\n<p>\u00c4STHETIK<\/p>\n<p>Farbe: Mattwei\u00df und Eiche<br \/>\nOberfl\u00e4che: Matt<br \/>\n\u00c4sthetik: Klassisch<br \/>\nSerie: Mini Cellini<br \/>\nGeh\u00e4usematerial: Lackierter Stahl<br \/>\nMaterial der Tropfschale: Lackierter Stahl<br \/>\nMaterial Getr\u00e4nkehaltergitter: Edelstahl<br \/>\nMaterial der Dampf-\/Wasserlanze: Edelstahl \u2013 Cool Touch<br \/>\nAbgabegruppe: E61<br \/>\nMaterial der Spendergruppe: Messing<br \/>\nFarbe der Spendergruppe: Chrom<br \/>\nKnopfmaterial: Eiche<br \/>\nKnopftyp: Drehknopf<\/p>\n<p>PROGRAMME \/ FUNKTIONEN<\/p>\n<p>Kaffeeausgabefunktion: Ja<br \/>\nDampffunktion: Ja<br \/>\nWarmwasserfunktion: Ja<br \/>\nWassermangelwarnung: Ja<\/p>\n<p>TECHNISCHE MERKMALE<\/p>\n<p>Kesseltyp: Einzelkessel<br \/>\nKesselmaterial: Stahl<br \/>\nKesselkapazit\u00e4t: 0,8 l<br \/>\nPumpentyp: Vibration<br \/>\nPumpendruck: 15 bar<br \/>\nWassertankkapazit\u00e4t: 2,9 l<br \/>\nAbnehmbarer Wasserbeh\u00e4lter: Ja<br \/>\nPumpendruckmesser: Ja<br \/>\nInnendurchmesser des Filterhalters (mit Filter): 58 mm<br \/>\nTemperaturanzeigeleuchte: Ja<br \/>\nTassenw\u00e4rmer: Passiv<\/p>\n<p>ZUBEH\u00d6R INKLUSIVE<\/p>\n<p>Filter: 1 Tasse\/ 2 Tassen\/ Blind<br \/>\nReinigungsb\u00fcrste: Ja<br \/>\nPressino: Ja<br \/>\nMessbecher: Ja<br \/>\nFilterhalter: Doppelauslauf<\/p>\n<p>ELEKTRISCHER ANSCHLUSS<\/p>\n<p>Stecker: (F;E) Schuko<br \/>\nSpannung (V): 220\u2013240 V<br \/>\nFrequenz Hz: 50 Hz<br \/>\nL\u00e4nge des Netzkabels: 1,8 m<\/p>\n<p>Not for sale outside Europe<\/p>\n","protected":false},"excerpt":{"rendered":"<p>Der Kompakte. Kompakte Maschine mit einem sehr schnell einsatzbereiten System, Cool-Touch-Lanzen und einem lackierten Stahlgeh\u00e4use, das sorgf\u00e4ltig von Hand zusammengebaut wurde. Einstiegsmaschine aus der Semipro-Reihe. Alle semiprofessionellen 230-V-Maschinen von La Pavoni sind zertifiziert durch: \u00c4STHETIK Farbe: Mattwei\u00df und Eiche Oberfl\u00e4che: Matt \u00c4sthetik: Klassisch Serie: Mini Cellini Geh\u00e4usematerial: Lackierter Stahl Material der Tropfschale: Lackierter Stahl Material [&hellip;]<\/p>\n","protected":false},"featured_media":6339398,"template":"","meta":{"_acf_changed":false},"product_cat":[12198,12171,12163],"product_tag":[],"class_list":{"0":"post-2303033","1":"product","2":"type-product","3":"status-publish","4":"has-post-thumbnail","6":"product_cat-handbuecher","7":"product_cat-kaffeemaschinen-espresso","8":"product_cat-kleine-elektrogeraete","10":"first","11":"instock","12":"sale","13":"taxable","14":"shipping-taxable","15":"purchasable","16":"product-type-simple","swatches":"rey-swatches","show_selected":"","stretch_labels":"rey-swatches--stretch-labels"},"acf":[],"yoast_head":"<!-- This site is optimized with the Yoast SEO plugin v25.4 - https:\/\/yoast.com\/wordpress\/plugins\/seo\/ -->\n<title>LA PAVONI Semiprofessionelle Kaffeemaschine Mini Cellini Wei\u00df - dev6 Erresse<\/title>\n<meta name=\"description\" content=\"Der Kompakte. Kompakte Maschine mit einem sehr schnell einsatzbereiten System, Cool-Touch-Lanzen und einem lackierten Stahlgeh\u00e4use, das sorgf\u00e4ltig von\" \/>\n<meta name=\"robots\" content=\"noindex, follow, max-snippet:-1, max-image-preview:large, max-video-preview:-1\" \/>\n<meta property=\"og:locale\" content=\"de_DE\" \/>\n<meta property=\"og:type\" content=\"article\" \/>\n<meta property=\"og:title\" content=\"LA PAVONI Semiprofessionelle Kaffeemaschine Mini Cellini Wei\u00df - dev6 Erresse\" \/>\n<meta property=\"og:description\" content=\"Der Kompakte. Kompakte Maschine mit einem sehr schnell einsatzbereiten System, Cool-Touch-Lanzen und einem lackierten Stahlgeh\u00e4use, das sorgf\u00e4ltig von\" \/>\n<meta property=\"og:url\" content=\"https:\/\/dev6.erresse-shop.it\/de\/shop\/kleine-elektrogeraete\/kaffeemaschinen-espresso\/handbuecher\/la-pavoni-semiprofessionelle-kaffeemaschine-mini-cellini-weiss\/\" \/>\n<meta property=\"og:site_name\" content=\"dev6 Erresse\" \/>\n<meta property=\"og:image\" content=\"https:\/\/interpim.erresse-shop.it\/wp-content\/uploads\/2025\/04\/LA-PAVONI-Macchina-da-Caffe-Semi-Professionale-Mini-Cellini-Bianco.jpg\/la-pavoni-macchina-da-caffe-semi-professionale-mini-cellini-bianco.jpg\" \/><meta property=\"og:image\" content=\"https:\/\/interpim.erresse-shop.it\/wp-content\/uploads\/2025\/04\/LA-PAVONI-Macchina-da-Caffe-Semi-Professionale-Mini-Cellini-Bianco.jpg\/la-pavoni-macchina-da-caffe-semi-professionale-mini-cellini-bianco.jpg\" \/>\n\t<meta property=\"og:image:width\" content=\"1024\" \/>\n\t<meta property=\"og:image:height\" content=\"1024\" \/>\n\t<meta property=\"og:image:type\" content=\"image\/jpeg\" \/>\n<meta name=\"twitter:card\" content=\"summary_large_image\" \/>\n<meta name=\"twitter:image\" content=\"https:\/\/interpim.erresse-shop.it\/wp-content\/uploads\/2025\/04\/LA-PAVONI-Macchina-da-Caffe-Semi-Professionale-Mini-Cellini-Bianco.jpg\/la-pavoni-macchina-da-caffe-semi-professionale-mini-cellini-bianco.jpg\" \/>\n<script type=\"application\/ld+json\" class=\"yoast-schema-graph\">{\"@context\":\"https:\/\/schema.org\",\"@graph\":[{\"@type\":\"WebPage\",\"@id\":\"https:\/\/dev6.erresse-shop.it\/de\/shop\/kleine-elektrogeraete\/kaffeemaschinen-espresso\/handbuecher\/la-pavoni-semiprofessionelle-kaffeemaschine-mini-cellini-weiss\/\",\"url\":\"https:\/\/dev6.erresse-shop.it\/de\/shop\/kleine-elektrogeraete\/kaffeemaschinen-espresso\/handbuecher\/la-pavoni-semiprofessionelle-kaffeemaschine-mini-cellini-weiss\/\",\"name\":\"LA PAVONI Semiprofessionelle Kaffeemaschine Mini Cellini Wei\u00df - dev6 Erresse\",\"isPartOf\":{\"@id\":\"https:\/\/dev6.erresse-shop.it\/#website\"},\"primaryImageOfPage\":{\"@id\":\"https:\/\/dev6.erresse-shop.it\/de\/shop\/kleine-elektrogeraete\/kaffeemaschinen-espresso\/handbuecher\/la-pavoni-semiprofessionelle-kaffeemaschine-mini-cellini-weiss\/#primaryimage\"},\"image\":{\"@id\":\"https:\/\/dev6.erresse-shop.it\/de\/shop\/kleine-elektrogeraete\/kaffeemaschinen-espresso\/handbuecher\/la-pavoni-semiprofessionelle-kaffeemaschine-mini-cellini-weiss\/#primaryimage\"},\"thumbnailUrl\":\"https:\/\/i3.wp.com\/interpim.erresse-shop.it\/wp-content\/uploads\/2025\/04\/LA-PAVONI-Macchina-da-Caffe-Semi-Professionale-Mini-Cellini-Bianco.jpg\/la-pavoni-macchina-da-caffe-semi-professionale-mini-cellini-bianco.jpg?ssl=1\",\"datePublished\":\"2026-04-10T13:16:41+00:00\",\"description\":\"Der Kompakte. Kompakte Maschine mit einem sehr schnell einsatzbereiten System, Cool-Touch-Lanzen und einem lackierten Stahlgeh\u00e4use, das sorgf\u00e4ltig von\",\"breadcrumb\":{\"@id\":\"https:\/\/dev6.erresse-shop.it\/de\/shop\/kleine-elektrogeraete\/kaffeemaschinen-espresso\/handbuecher\/la-pavoni-semiprofessionelle-kaffeemaschine-mini-cellini-weiss\/#breadcrumb\"},\"inLanguage\":\"de\",\"potentialAction\":[{\"@type\":\"ReadAction\",\"target\":[\"https:\/\/dev6.erresse-shop.it\/de\/shop\/kleine-elektrogeraete\/kaffeemaschinen-espresso\/handbuecher\/la-pavoni-semiprofessionelle-kaffeemaschine-mini-cellini-weiss\/\"]}]},{\"@type\":\"ImageObject\",\"inLanguage\":\"de\",\"@id\":\"https:\/\/dev6.erresse-shop.it\/de\/shop\/kleine-elektrogeraete\/kaffeemaschinen-espresso\/handbuecher\/la-pavoni-semiprofessionelle-kaffeemaschine-mini-cellini-weiss\/#primaryimage\",\"url\":\"https:\/\/i3.wp.com\/interpim.erresse-shop.it\/wp-content\/uploads\/2025\/04\/LA-PAVONI-Macchina-da-Caffe-Semi-Professionale-Mini-Cellini-Bianco.jpg\/la-pavoni-macchina-da-caffe-semi-professionale-mini-cellini-bianco.jpg?ssl=1\",\"contentUrl\":\"https:\/\/i3.wp.com\/interpim.erresse-shop.it\/wp-content\/uploads\/2025\/04\/LA-PAVONI-Macchina-da-Caffe-Semi-Professionale-Mini-Cellini-Bianco.jpg\/la-pavoni-macchina-da-caffe-semi-professionale-mini-cellini-bianco.jpg?ssl=1\"},{\"@type\":\"BreadcrumbList\",\"@id\":\"https:\/\/dev6.erresse-shop.it\/de\/shop\/kleine-elektrogeraete\/kaffeemaschinen-espresso\/handbuecher\/la-pavoni-semiprofessionelle-kaffeemaschine-mini-cellini-weiss\/#breadcrumb\",\"itemListElement\":[{\"@type\":\"ListItem\",\"position\":1,\"name\":\"Home\",\"item\":\"https:\/\/dev6.erresse-shop.it\/\"},{\"@type\":\"ListItem\",\"position\":2,\"name\":\"Shop\",\"item\":\"https:\/\/dev6.erresse-shop.it\/shop\/\"},{\"@type\":\"ListItem\",\"position\":3,\"name\":\"LA PAVONI Semiprofessionelle Kaffeemaschine Mini Cellini Wei\u00df\"}]},{\"@type\":\"WebSite\",\"@id\":\"https:\/\/dev6.erresse-shop.it\/#website\",\"url\":\"https:\/\/dev6.erresse-shop.it\/\",\"name\":\"Erresse Shop\",\"description\":\"\",\"publisher\":{\"@id\":\"https:\/\/dev6.erresse-shop.it\/#organization\"},\"potentialAction\":[{\"@type\":\"SearchAction\",\"target\":{\"@type\":\"EntryPoint\",\"urlTemplate\":\"https:\/\/dev6.erresse-shop.it\/?s={search_term_string}\"},\"query-input\":{\"@type\":\"PropertyValueSpecification\",\"valueRequired\":true,\"valueName\":\"search_term_string\"}}],\"inLanguage\":\"de\"},{\"@type\":\"Organization\",\"@id\":\"https:\/\/dev6.erresse-shop.it\/#organization\",\"name\":\"Erresse Shop\",\"url\":\"https:\/\/dev6.erresse-shop.it\/\",\"logo\":{\"@type\":\"ImageObject\",\"inLanguage\":\"de\",\"@id\":\"https:\/\/dev6.erresse-shop.it\/#\/schema\/logo\/image\/\",\"url\":\"https:\/\/dev6.erresse-shop.it\/wp-content\/uploads\/2025\/01\/LOGO-ERRESSE-CLASSICO.svg\",\"contentUrl\":\"https:\/\/dev6.erresse-shop.it\/wp-content\/uploads\/2025\/01\/LOGO-ERRESSE-CLASSICO.svg\",\"caption\":\"Erresse Shop\"},\"image\":{\"@id\":\"https:\/\/dev6.erresse-shop.it\/#\/schema\/logo\/image\/\"}}]}<\/script>\n<!-- \/ Yoast SEO plugin. -->","yoast_head_json":{"title":"LA PAVONI Semiprofessionelle Kaffeemaschine Mini Cellini Wei\u00df - dev6 Erresse","description":"Der Kompakte. Kompakte Maschine mit einem sehr schnell einsatzbereiten System, Cool-Touch-Lanzen und einem lackierten Stahlgeh\u00e4use, das sorgf\u00e4ltig von","robots":{"index":"noindex","follow":"follow","max-snippet":"max-snippet:-1","max-image-preview":"max-image-preview:large","max-video-preview":"max-video-preview:-1"},"og_locale":"de_DE","og_type":"article","og_title":"LA PAVONI Semiprofessionelle Kaffeemaschine Mini Cellini Wei\u00df - dev6 Erresse","og_description":"Der Kompakte. Kompakte Maschine mit einem sehr schnell einsatzbereiten System, Cool-Touch-Lanzen und einem lackierten Stahlgeh\u00e4use, das sorgf\u00e4ltig von","og_url":"https:\/\/dev6.erresse-shop.it\/de\/shop\/kleine-elektrogeraete\/kaffeemaschinen-espresso\/handbuecher\/la-pavoni-semiprofessionelle-kaffeemaschine-mini-cellini-weiss\/","og_site_name":"dev6 Erresse","og_image":[{"url":"https:\/\/interpim.erresse-shop.it\/wp-content\/uploads\/2025\/04\/LA-PAVONI-Macchina-da-Caffe-Semi-Professionale-Mini-Cellini-Bianco.jpg\/la-pavoni-macchina-da-caffe-semi-professionale-mini-cellini-bianco.jpg","type":"","width":"","height":""},{"url":"https:\/\/interpim.erresse-shop.it\/wp-content\/uploads\/2025\/04\/LA-PAVONI-Macchina-da-Caffe-Semi-Professionale-Mini-Cellini-Bianco.jpg\/la-pavoni-macchina-da-caffe-semi-professionale-mini-cellini-bianco.jpg","width":1024,"height":1024,"type":"image\/jpeg"}],"twitter_card":"summary_large_image","twitter_image":"https:\/\/interpim.erresse-shop.it\/wp-content\/uploads\/2025\/04\/LA-PAVONI-Macchina-da-Caffe-Semi-Professionale-Mini-Cellini-Bianco.jpg\/la-pavoni-macchina-da-caffe-semi-professionale-mini-cellini-bianco.jpg","schema":{"@context":"https:\/\/schema.org","@graph":[{"@type":"WebPage","@id":"https:\/\/dev6.erresse-shop.it\/de\/shop\/kleine-elektrogeraete\/kaffeemaschinen-espresso\/handbuecher\/la-pavoni-semiprofessionelle-kaffeemaschine-mini-cellini-weiss\/","url":"https:\/\/dev6.erresse-shop.it\/de\/shop\/kleine-elektrogeraete\/kaffeemaschinen-espresso\/handbuecher\/la-pavoni-semiprofessionelle-kaffeemaschine-mini-cellini-weiss\/","name":"LA PAVONI Semiprofessionelle Kaffeemaschine Mini Cellini Wei\u00df - dev6 Erresse","isPartOf":{"@id":"https:\/\/dev6.erresse-shop.it\/#website"},"primaryImageOfPage":{"@id":"https:\/\/dev6.erresse-shop.it\/de\/shop\/kleine-elektrogeraete\/kaffeemaschinen-espresso\/handbuecher\/la-pavoni-semiprofessionelle-kaffeemaschine-mini-cellini-weiss\/#primaryimage"},"image":{"@id":"https:\/\/dev6.erresse-shop.it\/de\/shop\/kleine-elektrogeraete\/kaffeemaschinen-espresso\/handbuecher\/la-pavoni-semiprofessionelle-kaffeemaschine-mini-cellini-weiss\/#primaryimage"},"thumbnailUrl":"https:\/\/i3.wp.com\/interpim.erresse-shop.it\/wp-content\/uploads\/2025\/04\/LA-PAVONI-Macchina-da-Caffe-Semi-Professionale-Mini-Cellini-Bianco.jpg\/la-pavoni-macchina-da-caffe-semi-professionale-mini-cellini-bianco.jpg?ssl=1","datePublished":"2026-04-10T13:16:41+00:00","description":"Der Kompakte. Kompakte Maschine mit einem sehr schnell einsatzbereiten System, Cool-Touch-Lanzen und einem lackierten Stahlgeh\u00e4use, das sorgf\u00e4ltig von","breadcrumb":{"@id":"https:\/\/dev6.erresse-shop.it\/de\/shop\/kleine-elektrogeraete\/kaffeemaschinen-espresso\/handbuecher\/la-pavoni-semiprofessionelle-kaffeemaschine-mini-cellini-weiss\/#breadcrumb"},"inLanguage":"de","potentialAction":[{"@type":"ReadAction","target":["https:\/\/dev6.erresse-shop.it\/de\/shop\/kleine-elektrogeraete\/kaffeemaschinen-espresso\/handbuecher\/la-pavoni-semiprofessionelle-kaffeemaschine-mini-cellini-weiss\/"]}]},{"@type":"ImageObject","inLanguage":"de","@id":"https:\/\/dev6.erresse-shop.it\/de\/shop\/kleine-elektrogeraete\/kaffeemaschinen-espresso\/handbuecher\/la-pavoni-semiprofessionelle-kaffeemaschine-mini-cellini-weiss\/#primaryimage","url":"https:\/\/i3.wp.com\/interpim.erresse-shop.it\/wp-content\/uploads\/2025\/04\/LA-PAVONI-Macchina-da-Caffe-Semi-Professionale-Mini-Cellini-Bianco.jpg\/la-pavoni-macchina-da-caffe-semi-professionale-mini-cellini-bianco.jpg?ssl=1","contentUrl":"https:\/\/i3.wp.com\/interpim.erresse-shop.it\/wp-content\/uploads\/2025\/04\/LA-PAVONI-Macchina-da-Caffe-Semi-Professionale-Mini-Cellini-Bianco.jpg\/la-pavoni-macchina-da-caffe-semi-professionale-mini-cellini-bianco.jpg?ssl=1"},{"@type":"BreadcrumbList","@id":"https:\/\/dev6.erresse-shop.it\/de\/shop\/kleine-elektrogeraete\/kaffeemaschinen-espresso\/handbuecher\/la-pavoni-semiprofessionelle-kaffeemaschine-mini-cellini-weiss\/#breadcrumb","itemListElement":[{"@type":"ListItem","position":1,"name":"Home","item":"https:\/\/dev6.erresse-shop.it\/"},{"@type":"ListItem","position":2,"name":"Shop","item":"https:\/\/dev6.erresse-shop.it\/shop\/"},{"@type":"ListItem","position":3,"name":"LA PAVONI Semiprofessionelle Kaffeemaschine Mini Cellini Wei\u00df"}]},{"@type":"WebSite","@id":"https:\/\/dev6.erresse-shop.it\/#website","url":"https:\/\/dev6.erresse-shop.it\/","name":"Erresse Shop","description":"","publisher":{"@id":"https:\/\/dev6.erresse-shop.it\/#organization"},"potentialAction":[{"@type":"SearchAction","target":{"@type":"EntryPoint","urlTemplate":"https:\/\/dev6.erresse-shop.it\/?s={search_term_string}"},"query-input":{"@type":"PropertyValueSpecification","valueRequired":true,"valueName":"search_term_string"}}],"inLanguage":"de"},{"@type":"Organization","@id":"https:\/\/dev6.erresse-shop.it\/#organization","name":"Erresse Shop","url":"https:\/\/dev6.erresse-shop.it\/","logo":{"@type":"ImageObject","inLanguage":"de","@id":"https:\/\/dev6.erresse-shop.it\/#\/schema\/logo\/image\/","url":"https:\/\/dev6.erresse-shop.it\/wp-content\/uploads\/2025\/01\/LOGO-ERRESSE-CLASSICO.svg","contentUrl":"https:\/\/dev6.erresse-shop.it\/wp-content\/uploads\/2025\/01\/LOGO-ERRESSE-CLASSICO.svg","caption":"Erresse Shop"},"image":{"@id":"https:\/\/dev6.erresse-shop.it\/#\/schema\/logo\/image\/"}}]}},"df_price":1099,"df_sale_price":1099,"df_regular_price":1299,"df_image_link":"https:\/\/i3.wp.com\/interpim.erresse-shop.it\/wp-content\/uploads\/2025\/04\/LA-PAVONI-Macchina-da-Caffe-Semi-Professionale-Mini-Cellini-Bianco.jpg\/la-pavoni-macchina-da-caffe-semi-professionale-mini-cellini-bianco.jpg?resize=300,300&ssl=1","fifu_image_url":"https:\/\/interpim.erresse-shop.it\/wp-content\/uploads\/2025\/04\/LA-PAVONI-Macchina-da-Caffe-Semi-Professionale-Mini-Cellini-Bianco.jpg\/la-pavoni-macchina-da-caffe-semi-professionale-mini-cellini-bianco.jpg","_links":{"self":[{"href":"https:\/\/dev6.erresse-shop.it\/de\/wp-json\/wp\/v2\/product\/2303033","targetHints":{"allow":["GET"]}}],"collection":[{"href":"https:\/\/dev6.erresse-shop.it\/de\/wp-json\/wp\/v2\/product"}],"about":[{"href":"https:\/\/dev6.erresse-shop.it\/de\/wp-json\/wp\/v2\/types\/product"}],"wp:featuredmedia":[{"embeddable":true,"href":"https:\/\/dev6.erresse-shop.it\/de\/wp-json\/wp\/v2\/media\/6339398"}],"wp:attachment":[{"href":"https:\/\/dev6.erresse-shop.it\/de\/wp-json\/wp\/v2\/media?parent=2303033"}],"wp:term":[{"taxonomy":"product_cat","embeddable":true,"href":"https:\/\/dev6.erresse-shop.it\/de\/wp-json\/wp\/v2\/product_cat?post=2303033"},{"taxonomy":"product_tag","embeddable":true,"href":"https:\/\/dev6.erresse-shop.it\/de\/wp-json\/wp\/v2\/product_tag?post=2303033"}],"curies":[{"name":"wp","href":"https:\/\/api.w.org\/{rel}","templated":true}]}}