{"id":2303021,"date":"2026-04-12T14:37:58","date_gmt":"2026-04-12T12:37:58","guid":{"rendered":"https:\/\/dev6.erresse-shop.it\/shop\/unkategorisiert\/la-pavoni-kaffeemaschine-espresso-europiccola-milano\/"},"modified":"2025-09-14T03:37:03","modified_gmt":"2025-09-14T01:37:03","slug":"la-pavoni-kaffeemaschine-espresso-europiccola-milano","status":"publish","type":"product","link":"https:\/\/dev6.erresse-shop.it\/de\/shop\/kleine-elektrogeraete\/kaffeemaschinen-espresso\/hebelbedienung\/la-pavoni-kaffeemaschine-espresso-europiccola-milano\/","title":{"rendered":"LA PAVONI Kaffeemaschine Espresso Europiccola Milano"},"content":{"rendered":"<p>Seit 1961 die Hebelmaschine schlechthin, die keine Mode kennt. Ein kultiges Modell aus edlen Materialien, mit einem 0,8-Liter-Kessel, mit dem Sie 8 Tassen Espresso hintereinander zubereiten k\u00f6nnen. Ein unverwechselbares Designobjekt.<\/p>\n<p>Alle 230-V-Hebelmodelle von La Pavoni sind zertifiziert durch:<\/p>\n<\/p>\n<p>\u00c4sthetik<\/p>\n<p>\u00c4sthetik: Spezial<br \/>\nSerie: Europiccola<br \/>\nGeh\u00e4usefarbe: Chrom<br \/>\nGeh\u00e4usematerial: Messing<br \/>\nGrundfarbe: Chrom<br \/>\nBasismaterial: Stahl<br \/>\nMaterial der Tropfschale: ABS<br \/>\nMaterial des Getr\u00e4nkehaltergitters: Edelstahl<br \/>\nMaterial der Dampfd\u00fcse: Verchromtes Messing<br \/>\nMaterial der Spendergruppe: Messing<br \/>\nFarbe der Spendergruppe: Chrom<br \/>\nHebelfarbe: Chrom<br \/>\nHebelmaterial: Stahl<br \/>\nMaterial T\u00fcrdr\u00fccker: Bakelit<br \/>\nMaterial des Dampfknopfs: Bakelit<br \/>\nKesseldeckelmaterial: Bakelit<\/p>\n<p>Funktionen<\/p>\n<p>Kaffeeausgabefunktion: Ja, manueller Druck<br \/>\nDampffunktion: Ja<\/p>\n<p>Technische Merkmale:<\/p>\n<p>Heizsystem: Boiler<br \/>\nWassertankkapazit\u00e4t: 0,8 l<br \/>\nDruckschalter: Ja<br \/>\nWasserstandsanzeige: Ja<br \/>\nKesseldruckmesser: Ja<br \/>\nInnendurchmesser des Filterhalters (mit Filter): 52 mm<br \/>\nTemperaturanzeigeleuchte: Ja<br \/>\nDampfd\u00fcse: Ja<\/p>\n<p>Zubeh\u00f6r im Lieferumfang enthalten<\/p>\n<p>Filter: 1 Tasse\/ 2 Tassen<br \/>\nPressino: Ja<br \/>\nMessbecher: Ja<br \/>\nFilterhalter: Standard<br \/>\nDampflanze: 3 L\u00f6cher \u00d8 1,2 mm<\/p>\n<p>Elektrischer Anschluss:<\/p>\n<p>Stecker: (F;E) Schuko<br \/>\nSpannung (V): 220\u2013240 V<br \/>\nFrequenz Hz: 50\/60 Hz<br \/>\nL\u00e4nge des Netzkabels: 1,5 m<\/p>\n<p>Not for sale outside Europe<\/p>\n","protected":false},"excerpt":{"rendered":"<p>Seit 1961 die Hebelmaschine schlechthin, die keine Mode kennt. Ein kultiges Modell aus edlen Materialien, mit einem 0,8-Liter-Kessel, mit dem Sie 8 Tassen Espresso hintereinander zubereiten k\u00f6nnen. Ein unverwechselbares Designobjekt. Alle 230-V-Hebelmodelle von La Pavoni sind zertifiziert durch: \u00c4sthetik \u00c4sthetik: Spezial Serie: Europiccola Geh\u00e4usefarbe: Chrom Geh\u00e4usematerial: Messing Grundfarbe: Chrom Basismaterial: Stahl Material der Tropfschale: ABS [&hellip;]<\/p>\n","protected":false},"featured_media":6381010,"template":"","meta":{"_acf_changed":false},"product_cat":[12178,12171,12163],"product_tag":[],"class_list":{"0":"post-2303021","1":"product","2":"type-product","3":"status-publish","4":"has-post-thumbnail","6":"product_cat-hebelbedienung","7":"product_cat-kaffeemaschinen-espresso","8":"product_cat-kleine-elektrogeraete","10":"first","11":"instock","12":"sale","13":"taxable","14":"shipping-taxable","15":"purchasable","16":"product-type-simple","swatches":"rey-swatches","show_selected":"","stretch_labels":"rey-swatches--stretch-labels"},"acf":[],"yoast_head":"<!-- This site is optimized with the Yoast SEO plugin v25.4 - https:\/\/yoast.com\/wordpress\/plugins\/seo\/ -->\n<title>LA PAVONI Kaffeemaschine Espresso Europiccola Milano - dev6 Erresse<\/title>\n<meta name=\"description\" content=\"Seit 1961 die Hebelmaschine schlechthin, die keine Mode kennt. Ein kultiges Modell aus edlen Materialien, mit einem 0,8-Liter-Kessel, mit dem Sie 8 Tassen\" \/>\n<meta name=\"robots\" content=\"noindex, follow, max-snippet:-1, max-image-preview:large, max-video-preview:-1\" \/>\n<meta property=\"og:locale\" content=\"de_DE\" \/>\n<meta property=\"og:type\" content=\"article\" \/>\n<meta property=\"og:title\" content=\"LA PAVONI Kaffeemaschine Espresso Europiccola Milano - dev6 Erresse\" \/>\n<meta property=\"og:description\" content=\"Seit 1961 die Hebelmaschine schlechthin, die keine Mode kennt. Ein kultiges Modell aus edlen Materialien, mit einem 0,8-Liter-Kessel, mit dem Sie 8 Tassen\" \/>\n<meta property=\"og:url\" content=\"https:\/\/dev6.erresse-shop.it\/de\/shop\/kleine-elektrogeraete\/kaffeemaschinen-espresso\/hebelbedienung\/la-pavoni-kaffeemaschine-espresso-europiccola-milano\/\" \/>\n<meta property=\"og:site_name\" content=\"dev6 Erresse\" \/>\n<meta property=\"og:image\" content=\"https:\/\/interpim.erresse-shop.it\/wp-content\/uploads\/2025\/04\/LA-PAVONI-Macchina-da-Caffe-Europiccola-Milano.jpg\/la-pavoni-macchina-da-caffe-europiccola-milano.jpg\" \/><meta property=\"og:image\" content=\"https:\/\/interpim.erresse-shop.it\/wp-content\/uploads\/2025\/04\/LA-PAVONI-Macchina-da-Caffe-Europiccola-Milano.jpg\/la-pavoni-macchina-da-caffe-europiccola-milano.jpg\" \/>\n\t<meta property=\"og:image:width\" content=\"1024\" \/>\n\t<meta property=\"og:image:height\" content=\"1024\" \/>\n\t<meta property=\"og:image:type\" content=\"image\/jpeg\" \/>\n<meta name=\"twitter:card\" content=\"summary_large_image\" \/>\n<meta name=\"twitter:image\" content=\"https:\/\/interpim.erresse-shop.it\/wp-content\/uploads\/2025\/04\/LA-PAVONI-Macchina-da-Caffe-Europiccola-Milano.jpg\/la-pavoni-macchina-da-caffe-europiccola-milano.jpg\" \/>\n<script type=\"application\/ld+json\" class=\"yoast-schema-graph\">{\"@context\":\"https:\/\/schema.org\",\"@graph\":[{\"@type\":\"WebPage\",\"@id\":\"https:\/\/dev6.erresse-shop.it\/de\/shop\/kleine-elektrogeraete\/kaffeemaschinen-espresso\/hebelbedienung\/la-pavoni-kaffeemaschine-espresso-europiccola-milano\/\",\"url\":\"https:\/\/dev6.erresse-shop.it\/de\/shop\/kleine-elektrogeraete\/kaffeemaschinen-espresso\/hebelbedienung\/la-pavoni-kaffeemaschine-espresso-europiccola-milano\/\",\"name\":\"LA PAVONI Kaffeemaschine Espresso Europiccola Milano - dev6 Erresse\",\"isPartOf\":{\"@id\":\"https:\/\/dev6.erresse-shop.it\/#website\"},\"primaryImageOfPage\":{\"@id\":\"https:\/\/dev6.erresse-shop.it\/de\/shop\/kleine-elektrogeraete\/kaffeemaschinen-espresso\/hebelbedienung\/la-pavoni-kaffeemaschine-espresso-europiccola-milano\/#primaryimage\"},\"image\":{\"@id\":\"https:\/\/dev6.erresse-shop.it\/de\/shop\/kleine-elektrogeraete\/kaffeemaschinen-espresso\/hebelbedienung\/la-pavoni-kaffeemaschine-espresso-europiccola-milano\/#primaryimage\"},\"thumbnailUrl\":\"https:\/\/i1.wp.com\/interpim.erresse-shop.it\/wp-content\/uploads\/2025\/04\/LA-PAVONI-Macchina-da-Caffe-Europiccola-Milano.jpg\/la-pavoni-macchina-da-caffe-europiccola-milano.jpg?ssl=1\",\"datePublished\":\"2026-04-12T12:37:58+00:00\",\"description\":\"Seit 1961 die Hebelmaschine schlechthin, die keine Mode kennt. Ein kultiges Modell aus edlen Materialien, mit einem 0,8-Liter-Kessel, mit dem Sie 8 Tassen\",\"breadcrumb\":{\"@id\":\"https:\/\/dev6.erresse-shop.it\/de\/shop\/kleine-elektrogeraete\/kaffeemaschinen-espresso\/hebelbedienung\/la-pavoni-kaffeemaschine-espresso-europiccola-milano\/#breadcrumb\"},\"inLanguage\":\"de\",\"potentialAction\":[{\"@type\":\"ReadAction\",\"target\":[\"https:\/\/dev6.erresse-shop.it\/de\/shop\/kleine-elektrogeraete\/kaffeemaschinen-espresso\/hebelbedienung\/la-pavoni-kaffeemaschine-espresso-europiccola-milano\/\"]}]},{\"@type\":\"ImageObject\",\"inLanguage\":\"de\",\"@id\":\"https:\/\/dev6.erresse-shop.it\/de\/shop\/kleine-elektrogeraete\/kaffeemaschinen-espresso\/hebelbedienung\/la-pavoni-kaffeemaschine-espresso-europiccola-milano\/#primaryimage\",\"url\":\"https:\/\/i1.wp.com\/interpim.erresse-shop.it\/wp-content\/uploads\/2025\/04\/LA-PAVONI-Macchina-da-Caffe-Europiccola-Milano.jpg\/la-pavoni-macchina-da-caffe-europiccola-milano.jpg?ssl=1\",\"contentUrl\":\"https:\/\/i1.wp.com\/interpim.erresse-shop.it\/wp-content\/uploads\/2025\/04\/LA-PAVONI-Macchina-da-Caffe-Europiccola-Milano.jpg\/la-pavoni-macchina-da-caffe-europiccola-milano.jpg?ssl=1\"},{\"@type\":\"BreadcrumbList\",\"@id\":\"https:\/\/dev6.erresse-shop.it\/de\/shop\/kleine-elektrogeraete\/kaffeemaschinen-espresso\/hebelbedienung\/la-pavoni-kaffeemaschine-espresso-europiccola-milano\/#breadcrumb\",\"itemListElement\":[{\"@type\":\"ListItem\",\"position\":1,\"name\":\"Home\",\"item\":\"https:\/\/dev6.erresse-shop.it\/\"},{\"@type\":\"ListItem\",\"position\":2,\"name\":\"Shop\",\"item\":\"https:\/\/dev6.erresse-shop.it\/shop\/\"},{\"@type\":\"ListItem\",\"position\":3,\"name\":\"LA PAVONI Kaffeemaschine Espresso Europiccola Milano\"}]},{\"@type\":\"WebSite\",\"@id\":\"https:\/\/dev6.erresse-shop.it\/#website\",\"url\":\"https:\/\/dev6.erresse-shop.it\/\",\"name\":\"Erresse Shop\",\"description\":\"\",\"publisher\":{\"@id\":\"https:\/\/dev6.erresse-shop.it\/#organization\"},\"potentialAction\":[{\"@type\":\"SearchAction\",\"target\":{\"@type\":\"EntryPoint\",\"urlTemplate\":\"https:\/\/dev6.erresse-shop.it\/?s={search_term_string}\"},\"query-input\":{\"@type\":\"PropertyValueSpecification\",\"valueRequired\":true,\"valueName\":\"search_term_string\"}}],\"inLanguage\":\"de\"},{\"@type\":\"Organization\",\"@id\":\"https:\/\/dev6.erresse-shop.it\/#organization\",\"name\":\"Erresse Shop\",\"url\":\"https:\/\/dev6.erresse-shop.it\/\",\"logo\":{\"@type\":\"ImageObject\",\"inLanguage\":\"de\",\"@id\":\"https:\/\/dev6.erresse-shop.it\/#\/schema\/logo\/image\/\",\"url\":\"https:\/\/dev6.erresse-shop.it\/wp-content\/uploads\/2025\/01\/LOGO-ERRESSE-CLASSICO.svg\",\"contentUrl\":\"https:\/\/dev6.erresse-shop.it\/wp-content\/uploads\/2025\/01\/LOGO-ERRESSE-CLASSICO.svg\",\"caption\":\"Erresse Shop\"},\"image\":{\"@id\":\"https:\/\/dev6.erresse-shop.it\/#\/schema\/logo\/image\/\"}}]}<\/script>\n<!-- \/ Yoast SEO plugin. -->","yoast_head_json":{"title":"LA PAVONI Kaffeemaschine Espresso Europiccola Milano - dev6 Erresse","description":"Seit 1961 die Hebelmaschine schlechthin, die keine Mode kennt. Ein kultiges Modell aus edlen Materialien, mit einem 0,8-Liter-Kessel, mit dem Sie 8 Tassen","robots":{"index":"noindex","follow":"follow","max-snippet":"max-snippet:-1","max-image-preview":"max-image-preview:large","max-video-preview":"max-video-preview:-1"},"og_locale":"de_DE","og_type":"article","og_title":"LA PAVONI Kaffeemaschine Espresso Europiccola Milano - dev6 Erresse","og_description":"Seit 1961 die Hebelmaschine schlechthin, die keine Mode kennt. Ein kultiges Modell aus edlen Materialien, mit einem 0,8-Liter-Kessel, mit dem Sie 8 Tassen","og_url":"https:\/\/dev6.erresse-shop.it\/de\/shop\/kleine-elektrogeraete\/kaffeemaschinen-espresso\/hebelbedienung\/la-pavoni-kaffeemaschine-espresso-europiccola-milano\/","og_site_name":"dev6 Erresse","og_image":[{"url":"https:\/\/interpim.erresse-shop.it\/wp-content\/uploads\/2025\/04\/LA-PAVONI-Macchina-da-Caffe-Europiccola-Milano.jpg\/la-pavoni-macchina-da-caffe-europiccola-milano.jpg","type":"","width":"","height":""},{"url":"https:\/\/interpim.erresse-shop.it\/wp-content\/uploads\/2025\/04\/LA-PAVONI-Macchina-da-Caffe-Europiccola-Milano.jpg\/la-pavoni-macchina-da-caffe-europiccola-milano.jpg","width":1024,"height":1024,"type":"image\/jpeg"}],"twitter_card":"summary_large_image","twitter_image":"https:\/\/interpim.erresse-shop.it\/wp-content\/uploads\/2025\/04\/LA-PAVONI-Macchina-da-Caffe-Europiccola-Milano.jpg\/la-pavoni-macchina-da-caffe-europiccola-milano.jpg","schema":{"@context":"https:\/\/schema.org","@graph":[{"@type":"WebPage","@id":"https:\/\/dev6.erresse-shop.it\/de\/shop\/kleine-elektrogeraete\/kaffeemaschinen-espresso\/hebelbedienung\/la-pavoni-kaffeemaschine-espresso-europiccola-milano\/","url":"https:\/\/dev6.erresse-shop.it\/de\/shop\/kleine-elektrogeraete\/kaffeemaschinen-espresso\/hebelbedienung\/la-pavoni-kaffeemaschine-espresso-europiccola-milano\/","name":"LA PAVONI Kaffeemaschine Espresso Europiccola Milano - dev6 Erresse","isPartOf":{"@id":"https:\/\/dev6.erresse-shop.it\/#website"},"primaryImageOfPage":{"@id":"https:\/\/dev6.erresse-shop.it\/de\/shop\/kleine-elektrogeraete\/kaffeemaschinen-espresso\/hebelbedienung\/la-pavoni-kaffeemaschine-espresso-europiccola-milano\/#primaryimage"},"image":{"@id":"https:\/\/dev6.erresse-shop.it\/de\/shop\/kleine-elektrogeraete\/kaffeemaschinen-espresso\/hebelbedienung\/la-pavoni-kaffeemaschine-espresso-europiccola-milano\/#primaryimage"},"thumbnailUrl":"https:\/\/i1.wp.com\/interpim.erresse-shop.it\/wp-content\/uploads\/2025\/04\/LA-PAVONI-Macchina-da-Caffe-Europiccola-Milano.jpg\/la-pavoni-macchina-da-caffe-europiccola-milano.jpg?ssl=1","datePublished":"2026-04-12T12:37:58+00:00","description":"Seit 1961 die Hebelmaschine schlechthin, die keine Mode kennt. Ein kultiges Modell aus edlen Materialien, mit einem 0,8-Liter-Kessel, mit dem Sie 8 Tassen","breadcrumb":{"@id":"https:\/\/dev6.erresse-shop.it\/de\/shop\/kleine-elektrogeraete\/kaffeemaschinen-espresso\/hebelbedienung\/la-pavoni-kaffeemaschine-espresso-europiccola-milano\/#breadcrumb"},"inLanguage":"de","potentialAction":[{"@type":"ReadAction","target":["https:\/\/dev6.erresse-shop.it\/de\/shop\/kleine-elektrogeraete\/kaffeemaschinen-espresso\/hebelbedienung\/la-pavoni-kaffeemaschine-espresso-europiccola-milano\/"]}]},{"@type":"ImageObject","inLanguage":"de","@id":"https:\/\/dev6.erresse-shop.it\/de\/shop\/kleine-elektrogeraete\/kaffeemaschinen-espresso\/hebelbedienung\/la-pavoni-kaffeemaschine-espresso-europiccola-milano\/#primaryimage","url":"https:\/\/i1.wp.com\/interpim.erresse-shop.it\/wp-content\/uploads\/2025\/04\/LA-PAVONI-Macchina-da-Caffe-Europiccola-Milano.jpg\/la-pavoni-macchina-da-caffe-europiccola-milano.jpg?ssl=1","contentUrl":"https:\/\/i1.wp.com\/interpim.erresse-shop.it\/wp-content\/uploads\/2025\/04\/LA-PAVONI-Macchina-da-Caffe-Europiccola-Milano.jpg\/la-pavoni-macchina-da-caffe-europiccola-milano.jpg?ssl=1"},{"@type":"BreadcrumbList","@id":"https:\/\/dev6.erresse-shop.it\/de\/shop\/kleine-elektrogeraete\/kaffeemaschinen-espresso\/hebelbedienung\/la-pavoni-kaffeemaschine-espresso-europiccola-milano\/#breadcrumb","itemListElement":[{"@type":"ListItem","position":1,"name":"Home","item":"https:\/\/dev6.erresse-shop.it\/"},{"@type":"ListItem","position":2,"name":"Shop","item":"https:\/\/dev6.erresse-shop.it\/shop\/"},{"@type":"ListItem","position":3,"name":"LA PAVONI Kaffeemaschine Espresso Europiccola Milano"}]},{"@type":"WebSite","@id":"https:\/\/dev6.erresse-shop.it\/#website","url":"https:\/\/dev6.erresse-shop.it\/","name":"Erresse Shop","description":"","publisher":{"@id":"https:\/\/dev6.erresse-shop.it\/#organization"},"potentialAction":[{"@type":"SearchAction","target":{"@type":"EntryPoint","urlTemplate":"https:\/\/dev6.erresse-shop.it\/?s={search_term_string}"},"query-input":{"@type":"PropertyValueSpecification","valueRequired":true,"valueName":"search_term_string"}}],"inLanguage":"de"},{"@type":"Organization","@id":"https:\/\/dev6.erresse-shop.it\/#organization","name":"Erresse Shop","url":"https:\/\/dev6.erresse-shop.it\/","logo":{"@type":"ImageObject","inLanguage":"de","@id":"https:\/\/dev6.erresse-shop.it\/#\/schema\/logo\/image\/","url":"https:\/\/dev6.erresse-shop.it\/wp-content\/uploads\/2025\/01\/LOGO-ERRESSE-CLASSICO.svg","contentUrl":"https:\/\/dev6.erresse-shop.it\/wp-content\/uploads\/2025\/01\/LOGO-ERRESSE-CLASSICO.svg","caption":"Erresse Shop"},"image":{"@id":"https:\/\/dev6.erresse-shop.it\/#\/schema\/logo\/image\/"}}]}},"df_price":949,"df_sale_price":949,"df_regular_price":1099,"df_image_link":"https:\/\/i1.wp.com\/interpim.erresse-shop.it\/wp-content\/uploads\/2025\/04\/LA-PAVONI-Macchina-da-Caffe-Europiccola-Milano.jpg\/la-pavoni-macchina-da-caffe-europiccola-milano.jpg?resize=300,300&ssl=1","fifu_image_url":"https:\/\/interpim.erresse-shop.it\/wp-content\/uploads\/2025\/04\/LA-PAVONI-Macchina-da-Caffe-Europiccola-Milano.jpg\/la-pavoni-macchina-da-caffe-europiccola-milano.jpg","_links":{"self":[{"href":"https:\/\/dev6.erresse-shop.it\/de\/wp-json\/wp\/v2\/product\/2303021","targetHints":{"allow":["GET"]}}],"collection":[{"href":"https:\/\/dev6.erresse-shop.it\/de\/wp-json\/wp\/v2\/product"}],"about":[{"href":"https:\/\/dev6.erresse-shop.it\/de\/wp-json\/wp\/v2\/types\/product"}],"wp:featuredmedia":[{"embeddable":true,"href":"https:\/\/dev6.erresse-shop.it\/de\/wp-json\/wp\/v2\/media\/6381010"}],"wp:attachment":[{"href":"https:\/\/dev6.erresse-shop.it\/de\/wp-json\/wp\/v2\/media?parent=2303021"}],"wp:term":[{"taxonomy":"product_cat","embeddable":true,"href":"https:\/\/dev6.erresse-shop.it\/de\/wp-json\/wp\/v2\/product_cat?post=2303021"},{"taxonomy":"product_tag","embeddable":true,"href":"https:\/\/dev6.erresse-shop.it\/de\/wp-json\/wp\/v2\/product_tag?post=2303021"}],"curies":[{"name":"wp","href":"https:\/\/api.w.org\/{rel}","templated":true}]}}