{"id":2303017,"date":"2026-04-12T14:37:58","date_gmt":"2026-04-12T12:37:58","guid":{"rendered":"https:\/\/dev6.erresse-shop.it\/shop\/unkategorisiert\/la-pavoni-semiprofessionelle-kaffeemaschine-diamantina\/"},"modified":"2025-09-14T03:36:52","modified_gmt":"2025-09-14T01:36:52","slug":"la-pavoni-semiprofessionelle-kaffeemaschine-diamantina","status":"publish","type":"product","link":"https:\/\/dev6.erresse-shop.it\/de\/shop\/kleine-elektrogeraete\/kaffeemaschinen-espresso\/handbuecher\/la-pavoni-semiprofessionelle-kaffeemaschine-diamantina\/","title":{"rendered":"LA PAVONI Semiprofessionelle Kaffeemaschine Diamantina"},"content":{"rendered":"<p>Die Diamantina ist das Juwel der Semipro-Reihe. Es greift die Stilmerkmale des historischen \u201eConcorso\u201c-Modells auf und interpretiert sie in moderner Interpretation. Es wird St\u00fcck f\u00fcr St\u00fcck von Hand gefertigt und verf\u00fcgt \u00fcber eine Dual-Boiler-Technologie mit elektronischer Temperaturregelung. Die Liebe zum Detail macht es zu einem Objekt f\u00fcr wahre Liebhaber von Spezialmaschinen.<\/p>\n<p>Alle semiprofessionellen 230-V-Maschinen von La Pavoni sind zertifiziert durch:<\/p>\n<\/p>\n<p>\u00c4STHETIK<\/p>\n<p>Farbe: Edelstahl und Gold<br \/>\nOberfl\u00e4che: Gl\u00e4nzend<br \/>\n\u00c4sthetik: Spezialgebiet<br \/>\nSerie: Diamantina<br \/>\nGeh\u00e4usematerial: Edelstahl<br \/>\nMaterial der Tropfschale: Edelstahl<br \/>\nMaterial des Getr\u00e4nkehaltergitters: Stahl<br \/>\nMaterial der Dampfd\u00fcse: Edelstahl \u2013 Cool Touch<br \/>\nMaterial der Hei\u00dfwasserd\u00fcse: Edelstahl \u2013 Cool Touch<br \/>\nAbgabegruppe: E61<br \/>\nMaterial der Spendergruppe: Messing<br \/>\nFarbe der Spendergruppe: Chrom<br \/>\nGriffmaterial: Schwarzes Bakelit<br \/>\nKnopftyp: Drehknopf<\/p>\n<p>PROGRAMME \/ FUNKTIONEN<\/p>\n<p>Kaffeeausgabefunktion: Ja<br \/>\nDampffunktion: Ja<br \/>\nWarmwasserfunktion: Ja<br \/>\nWassermangelwarnung: Ja<\/p>\n<p>TECHNISCHE MERKMALE<\/p>\n<p>Kesseltyp: Doppelkessel<br \/>\nMaterial des Kaffeekessels: Kupfer und Messing<br \/>\nMaterial des Servicekessels: Kupfer und Messing<br \/>\nKapazit\u00e4t des Kaffeekessels: 0,6 l<br \/>\nKapazit\u00e4t des Servicekessels: 1,8 l<br \/>\nPumpentyp: Rotationspumpe<br \/>\nPumpendruck: 20 bar<br \/>\nDruckmesser der Spendergruppe: Ja<br \/>\nWassertankkapazit\u00e4t: 1,9 l<br \/>\nElektronische automatische Wasserwaage: Ja<br \/>\nVakuumschutz: Ja<br \/>\nAbnehmbare Tropfschale: Ja<br \/>\nWasserablauf: Ja<br \/>\nAbnehmbarer Wasserbeh\u00e4lter: Ja<br \/>\nAnschluss an die Wasserleitung: Ja<br \/>\nPumpendruckmesser: Ja<br \/>\nKesseldruckmesser: Ja<br \/>\nPID f\u00fcr Kaffeetemperatur: Ja<br \/>\nPID f\u00fcr Dampftemperatur: Ja<br \/>\nInnendurchmesser des Filterhalters (mit Filter): 58 mm<br \/>\nTemperaturanzeigeleuchte: Ja<br \/>\nBr\u00fchdruckprofilierung (BPPC): Ja<br \/>\nTassenw\u00e4rmer: Passiv<br \/>\nDampfd\u00fcse: Ja \u2013 Cool Touch<br \/>\nHei\u00dfwasserspender: Si-Cool Touch<\/p>\n<p>ZUBEH\u00d6R INKLUSIVE<\/p>\n<p>Filter: Blind\/ Wettkampf 16 gr\/ Wettkampf 20 gr<br \/>\nReinigungsb\u00fcrste: Ja<br \/>\nStampfer aus Edelstahl: Ja<br \/>\nMessbecher: Ja<br \/>\nFilterhalter: Doppelauslauf, Charm<br \/>\nFilterhalterdichtung: Ja<br \/>\nWasseranschlussleitung: Ja<br \/>\nWasserablaufschlauch: Ja<\/p>\n<p>ELEKTRISCHER ANSCHLUSS<\/p>\n<p>Stecker: (F;E) Schuko<br \/>\nSpannung (V): 220\u2013240 V<br \/>\nFrequenz Hz: 50 Hz<br \/>\nL\u00e4nge des Netzkabels: 1,8 m<\/p>\n<p>Not for sale outside Europe<\/p>\n","protected":false},"excerpt":{"rendered":"<p>Die Diamantina ist das Juwel der Semipro-Reihe. Es greift die Stilmerkmale des historischen \u201eConcorso\u201c-Modells auf und interpretiert sie in moderner Interpretation. Es wird St\u00fcck f\u00fcr St\u00fcck von Hand gefertigt und verf\u00fcgt \u00fcber eine Dual-Boiler-Technologie mit elektronischer Temperaturregelung. Die Liebe zum Detail macht es zu einem Objekt f\u00fcr wahre Liebhaber von Spezialmaschinen. Alle semiprofessionellen 230-V-Maschinen von [&hellip;]<\/p>\n","protected":false},"featured_media":6380994,"template":"","meta":{"_acf_changed":false},"product_cat":[12198,12171,12163],"product_tag":[],"class_list":{"0":"post-2303017","1":"product","2":"type-product","3":"status-publish","4":"has-post-thumbnail","6":"product_cat-handbuecher","7":"product_cat-kaffeemaschinen-espresso","8":"product_cat-kleine-elektrogeraete","10":"first","11":"instock","12":"sale","13":"taxable","14":"shipping-taxable","15":"purchasable","16":"product-type-simple","swatches":"rey-swatches","show_selected":"","stretch_labels":"rey-swatches--stretch-labels"},"acf":[],"yoast_head":"<!-- This site is optimized with the Yoast SEO plugin v25.4 - https:\/\/yoast.com\/wordpress\/plugins\/seo\/ -->\n<title>LA PAVONI Semiprofessionelle Kaffeemaschine Diamantina - dev6 Erresse<\/title>\n<meta name=\"description\" content=\"Die Diamantina ist das Juwel der Semipro-Reihe. Es greift die Stilmerkmale des historischen \u201eConcorso\u201c-Modells auf und interpretiert sie in moderner\" \/>\n<meta name=\"robots\" content=\"noindex, follow, max-snippet:-1, max-image-preview:large, max-video-preview:-1\" \/>\n<meta property=\"og:locale\" content=\"de_DE\" \/>\n<meta property=\"og:type\" content=\"article\" \/>\n<meta property=\"og:title\" content=\"LA PAVONI Semiprofessionelle Kaffeemaschine Diamantina - dev6 Erresse\" \/>\n<meta property=\"og:description\" content=\"Die Diamantina ist das Juwel der Semipro-Reihe. Es greift die Stilmerkmale des historischen \u201eConcorso\u201c-Modells auf und interpretiert sie in moderner\" \/>\n<meta property=\"og:url\" content=\"https:\/\/dev6.erresse-shop.it\/de\/shop\/kleine-elektrogeraete\/kaffeemaschinen-espresso\/handbuecher\/la-pavoni-semiprofessionelle-kaffeemaschine-diamantina\/\" \/>\n<meta property=\"og:site_name\" content=\"dev6 Erresse\" \/>\n<meta property=\"og:image\" content=\"https:\/\/interpim.erresse-shop.it\/wp-content\/uploads\/2025\/04\/LA-PAVONI-Macchina-da-Caffe-Semi-Professionale-Diamantina.jpg\/la-pavoni-macchina-da-caffe-semi-professionale-diamantina.jpg\" \/><meta property=\"og:image\" content=\"https:\/\/interpim.erresse-shop.it\/wp-content\/uploads\/2025\/04\/LA-PAVONI-Macchina-da-Caffe-Semi-Professionale-Diamantina.jpg\/la-pavoni-macchina-da-caffe-semi-professionale-diamantina.jpg\" \/>\n\t<meta property=\"og:image:width\" content=\"1024\" \/>\n\t<meta property=\"og:image:height\" content=\"1024\" \/>\n\t<meta property=\"og:image:type\" content=\"image\/jpeg\" \/>\n<meta name=\"twitter:card\" content=\"summary_large_image\" \/>\n<meta name=\"twitter:image\" content=\"https:\/\/interpim.erresse-shop.it\/wp-content\/uploads\/2025\/04\/LA-PAVONI-Macchina-da-Caffe-Semi-Professionale-Diamantina.jpg\/la-pavoni-macchina-da-caffe-semi-professionale-diamantina.jpg\" \/>\n<script type=\"application\/ld+json\" class=\"yoast-schema-graph\">{\"@context\":\"https:\/\/schema.org\",\"@graph\":[{\"@type\":\"WebPage\",\"@id\":\"https:\/\/dev6.erresse-shop.it\/de\/shop\/kleine-elektrogeraete\/kaffeemaschinen-espresso\/handbuecher\/la-pavoni-semiprofessionelle-kaffeemaschine-diamantina\/\",\"url\":\"https:\/\/dev6.erresse-shop.it\/de\/shop\/kleine-elektrogeraete\/kaffeemaschinen-espresso\/handbuecher\/la-pavoni-semiprofessionelle-kaffeemaschine-diamantina\/\",\"name\":\"LA PAVONI Semiprofessionelle Kaffeemaschine Diamantina - dev6 Erresse\",\"isPartOf\":{\"@id\":\"https:\/\/dev6.erresse-shop.it\/#website\"},\"primaryImageOfPage\":{\"@id\":\"https:\/\/dev6.erresse-shop.it\/de\/shop\/kleine-elektrogeraete\/kaffeemaschinen-espresso\/handbuecher\/la-pavoni-semiprofessionelle-kaffeemaschine-diamantina\/#primaryimage\"},\"image\":{\"@id\":\"https:\/\/dev6.erresse-shop.it\/de\/shop\/kleine-elektrogeraete\/kaffeemaschinen-espresso\/handbuecher\/la-pavoni-semiprofessionelle-kaffeemaschine-diamantina\/#primaryimage\"},\"thumbnailUrl\":\"https:\/\/i0.wp.com\/interpim.erresse-shop.it\/wp-content\/uploads\/2025\/04\/LA-PAVONI-Macchina-da-Caffe-Semi-Professionale-Diamantina.jpg\/la-pavoni-macchina-da-caffe-semi-professionale-diamantina.jpg?ssl=1\",\"datePublished\":\"2026-04-12T12:37:58+00:00\",\"description\":\"Die Diamantina ist das Juwel der Semipro-Reihe. Es greift die Stilmerkmale des historischen \u201eConcorso\u201c-Modells auf und interpretiert sie in moderner\",\"breadcrumb\":{\"@id\":\"https:\/\/dev6.erresse-shop.it\/de\/shop\/kleine-elektrogeraete\/kaffeemaschinen-espresso\/handbuecher\/la-pavoni-semiprofessionelle-kaffeemaschine-diamantina\/#breadcrumb\"},\"inLanguage\":\"de\",\"potentialAction\":[{\"@type\":\"ReadAction\",\"target\":[\"https:\/\/dev6.erresse-shop.it\/de\/shop\/kleine-elektrogeraete\/kaffeemaschinen-espresso\/handbuecher\/la-pavoni-semiprofessionelle-kaffeemaschine-diamantina\/\"]}]},{\"@type\":\"ImageObject\",\"inLanguage\":\"de\",\"@id\":\"https:\/\/dev6.erresse-shop.it\/de\/shop\/kleine-elektrogeraete\/kaffeemaschinen-espresso\/handbuecher\/la-pavoni-semiprofessionelle-kaffeemaschine-diamantina\/#primaryimage\",\"url\":\"https:\/\/i0.wp.com\/interpim.erresse-shop.it\/wp-content\/uploads\/2025\/04\/LA-PAVONI-Macchina-da-Caffe-Semi-Professionale-Diamantina.jpg\/la-pavoni-macchina-da-caffe-semi-professionale-diamantina.jpg?ssl=1\",\"contentUrl\":\"https:\/\/i0.wp.com\/interpim.erresse-shop.it\/wp-content\/uploads\/2025\/04\/LA-PAVONI-Macchina-da-Caffe-Semi-Professionale-Diamantina.jpg\/la-pavoni-macchina-da-caffe-semi-professionale-diamantina.jpg?ssl=1\"},{\"@type\":\"BreadcrumbList\",\"@id\":\"https:\/\/dev6.erresse-shop.it\/de\/shop\/kleine-elektrogeraete\/kaffeemaschinen-espresso\/handbuecher\/la-pavoni-semiprofessionelle-kaffeemaschine-diamantina\/#breadcrumb\",\"itemListElement\":[{\"@type\":\"ListItem\",\"position\":1,\"name\":\"Home\",\"item\":\"https:\/\/dev6.erresse-shop.it\/\"},{\"@type\":\"ListItem\",\"position\":2,\"name\":\"Shop\",\"item\":\"https:\/\/dev6.erresse-shop.it\/shop\/\"},{\"@type\":\"ListItem\",\"position\":3,\"name\":\"LA PAVONI Semiprofessionelle Kaffeemaschine Diamantina\"}]},{\"@type\":\"WebSite\",\"@id\":\"https:\/\/dev6.erresse-shop.it\/#website\",\"url\":\"https:\/\/dev6.erresse-shop.it\/\",\"name\":\"Erresse Shop\",\"description\":\"\",\"publisher\":{\"@id\":\"https:\/\/dev6.erresse-shop.it\/#organization\"},\"potentialAction\":[{\"@type\":\"SearchAction\",\"target\":{\"@type\":\"EntryPoint\",\"urlTemplate\":\"https:\/\/dev6.erresse-shop.it\/?s={search_term_string}\"},\"query-input\":{\"@type\":\"PropertyValueSpecification\",\"valueRequired\":true,\"valueName\":\"search_term_string\"}}],\"inLanguage\":\"de\"},{\"@type\":\"Organization\",\"@id\":\"https:\/\/dev6.erresse-shop.it\/#organization\",\"name\":\"Erresse Shop\",\"url\":\"https:\/\/dev6.erresse-shop.it\/\",\"logo\":{\"@type\":\"ImageObject\",\"inLanguage\":\"de\",\"@id\":\"https:\/\/dev6.erresse-shop.it\/#\/schema\/logo\/image\/\",\"url\":\"https:\/\/dev6.erresse-shop.it\/wp-content\/uploads\/2025\/01\/LOGO-ERRESSE-CLASSICO.svg\",\"contentUrl\":\"https:\/\/dev6.erresse-shop.it\/wp-content\/uploads\/2025\/01\/LOGO-ERRESSE-CLASSICO.svg\",\"caption\":\"Erresse Shop\"},\"image\":{\"@id\":\"https:\/\/dev6.erresse-shop.it\/#\/schema\/logo\/image\/\"}}]}<\/script>\n<!-- \/ Yoast SEO plugin. -->","yoast_head_json":{"title":"LA PAVONI Semiprofessionelle Kaffeemaschine Diamantina - dev6 Erresse","description":"Die Diamantina ist das Juwel der Semipro-Reihe. Es greift die Stilmerkmale des historischen \u201eConcorso\u201c-Modells auf und interpretiert sie in moderner","robots":{"index":"noindex","follow":"follow","max-snippet":"max-snippet:-1","max-image-preview":"max-image-preview:large","max-video-preview":"max-video-preview:-1"},"og_locale":"de_DE","og_type":"article","og_title":"LA PAVONI Semiprofessionelle Kaffeemaschine Diamantina - dev6 Erresse","og_description":"Die Diamantina ist das Juwel der Semipro-Reihe. Es greift die Stilmerkmale des historischen \u201eConcorso\u201c-Modells auf und interpretiert sie in moderner","og_url":"https:\/\/dev6.erresse-shop.it\/de\/shop\/kleine-elektrogeraete\/kaffeemaschinen-espresso\/handbuecher\/la-pavoni-semiprofessionelle-kaffeemaschine-diamantina\/","og_site_name":"dev6 Erresse","og_image":[{"url":"https:\/\/interpim.erresse-shop.it\/wp-content\/uploads\/2025\/04\/LA-PAVONI-Macchina-da-Caffe-Semi-Professionale-Diamantina.jpg\/la-pavoni-macchina-da-caffe-semi-professionale-diamantina.jpg","type":"","width":"","height":""},{"url":"https:\/\/interpim.erresse-shop.it\/wp-content\/uploads\/2025\/04\/LA-PAVONI-Macchina-da-Caffe-Semi-Professionale-Diamantina.jpg\/la-pavoni-macchina-da-caffe-semi-professionale-diamantina.jpg","width":1024,"height":1024,"type":"image\/jpeg"}],"twitter_card":"summary_large_image","twitter_image":"https:\/\/interpim.erresse-shop.it\/wp-content\/uploads\/2025\/04\/LA-PAVONI-Macchina-da-Caffe-Semi-Professionale-Diamantina.jpg\/la-pavoni-macchina-da-caffe-semi-professionale-diamantina.jpg","schema":{"@context":"https:\/\/schema.org","@graph":[{"@type":"WebPage","@id":"https:\/\/dev6.erresse-shop.it\/de\/shop\/kleine-elektrogeraete\/kaffeemaschinen-espresso\/handbuecher\/la-pavoni-semiprofessionelle-kaffeemaschine-diamantina\/","url":"https:\/\/dev6.erresse-shop.it\/de\/shop\/kleine-elektrogeraete\/kaffeemaschinen-espresso\/handbuecher\/la-pavoni-semiprofessionelle-kaffeemaschine-diamantina\/","name":"LA PAVONI Semiprofessionelle Kaffeemaschine Diamantina - dev6 Erresse","isPartOf":{"@id":"https:\/\/dev6.erresse-shop.it\/#website"},"primaryImageOfPage":{"@id":"https:\/\/dev6.erresse-shop.it\/de\/shop\/kleine-elektrogeraete\/kaffeemaschinen-espresso\/handbuecher\/la-pavoni-semiprofessionelle-kaffeemaschine-diamantina\/#primaryimage"},"image":{"@id":"https:\/\/dev6.erresse-shop.it\/de\/shop\/kleine-elektrogeraete\/kaffeemaschinen-espresso\/handbuecher\/la-pavoni-semiprofessionelle-kaffeemaschine-diamantina\/#primaryimage"},"thumbnailUrl":"https:\/\/i0.wp.com\/interpim.erresse-shop.it\/wp-content\/uploads\/2025\/04\/LA-PAVONI-Macchina-da-Caffe-Semi-Professionale-Diamantina.jpg\/la-pavoni-macchina-da-caffe-semi-professionale-diamantina.jpg?ssl=1","datePublished":"2026-04-12T12:37:58+00:00","description":"Die Diamantina ist das Juwel der Semipro-Reihe. Es greift die Stilmerkmale des historischen \u201eConcorso\u201c-Modells auf und interpretiert sie in moderner","breadcrumb":{"@id":"https:\/\/dev6.erresse-shop.it\/de\/shop\/kleine-elektrogeraete\/kaffeemaschinen-espresso\/handbuecher\/la-pavoni-semiprofessionelle-kaffeemaschine-diamantina\/#breadcrumb"},"inLanguage":"de","potentialAction":[{"@type":"ReadAction","target":["https:\/\/dev6.erresse-shop.it\/de\/shop\/kleine-elektrogeraete\/kaffeemaschinen-espresso\/handbuecher\/la-pavoni-semiprofessionelle-kaffeemaschine-diamantina\/"]}]},{"@type":"ImageObject","inLanguage":"de","@id":"https:\/\/dev6.erresse-shop.it\/de\/shop\/kleine-elektrogeraete\/kaffeemaschinen-espresso\/handbuecher\/la-pavoni-semiprofessionelle-kaffeemaschine-diamantina\/#primaryimage","url":"https:\/\/i0.wp.com\/interpim.erresse-shop.it\/wp-content\/uploads\/2025\/04\/LA-PAVONI-Macchina-da-Caffe-Semi-Professionale-Diamantina.jpg\/la-pavoni-macchina-da-caffe-semi-professionale-diamantina.jpg?ssl=1","contentUrl":"https:\/\/i0.wp.com\/interpim.erresse-shop.it\/wp-content\/uploads\/2025\/04\/LA-PAVONI-Macchina-da-Caffe-Semi-Professionale-Diamantina.jpg\/la-pavoni-macchina-da-caffe-semi-professionale-diamantina.jpg?ssl=1"},{"@type":"BreadcrumbList","@id":"https:\/\/dev6.erresse-shop.it\/de\/shop\/kleine-elektrogeraete\/kaffeemaschinen-espresso\/handbuecher\/la-pavoni-semiprofessionelle-kaffeemaschine-diamantina\/#breadcrumb","itemListElement":[{"@type":"ListItem","position":1,"name":"Home","item":"https:\/\/dev6.erresse-shop.it\/"},{"@type":"ListItem","position":2,"name":"Shop","item":"https:\/\/dev6.erresse-shop.it\/shop\/"},{"@type":"ListItem","position":3,"name":"LA PAVONI Semiprofessionelle Kaffeemaschine Diamantina"}]},{"@type":"WebSite","@id":"https:\/\/dev6.erresse-shop.it\/#website","url":"https:\/\/dev6.erresse-shop.it\/","name":"Erresse Shop","description":"","publisher":{"@id":"https:\/\/dev6.erresse-shop.it\/#organization"},"potentialAction":[{"@type":"SearchAction","target":{"@type":"EntryPoint","urlTemplate":"https:\/\/dev6.erresse-shop.it\/?s={search_term_string}"},"query-input":{"@type":"PropertyValueSpecification","valueRequired":true,"valueName":"search_term_string"}}],"inLanguage":"de"},{"@type":"Organization","@id":"https:\/\/dev6.erresse-shop.it\/#organization","name":"Erresse Shop","url":"https:\/\/dev6.erresse-shop.it\/","logo":{"@type":"ImageObject","inLanguage":"de","@id":"https:\/\/dev6.erresse-shop.it\/#\/schema\/logo\/image\/","url":"https:\/\/dev6.erresse-shop.it\/wp-content\/uploads\/2025\/01\/LOGO-ERRESSE-CLASSICO.svg","contentUrl":"https:\/\/dev6.erresse-shop.it\/wp-content\/uploads\/2025\/01\/LOGO-ERRESSE-CLASSICO.svg","caption":"Erresse Shop"},"image":{"@id":"https:\/\/dev6.erresse-shop.it\/#\/schema\/logo\/image\/"}}]}},"df_price":4199,"df_sale_price":4199,"df_regular_price":4999,"df_image_link":"https:\/\/i0.wp.com\/interpim.erresse-shop.it\/wp-content\/uploads\/2025\/04\/LA-PAVONI-Macchina-da-Caffe-Semi-Professionale-Diamantina.jpg\/la-pavoni-macchina-da-caffe-semi-professionale-diamantina.jpg?resize=300,300&ssl=1","fifu_image_url":"https:\/\/interpim.erresse-shop.it\/wp-content\/uploads\/2025\/04\/LA-PAVONI-Macchina-da-Caffe-Semi-Professionale-Diamantina.jpg\/la-pavoni-macchina-da-caffe-semi-professionale-diamantina.jpg","_links":{"self":[{"href":"https:\/\/dev6.erresse-shop.it\/de\/wp-json\/wp\/v2\/product\/2303017","targetHints":{"allow":["GET"]}}],"collection":[{"href":"https:\/\/dev6.erresse-shop.it\/de\/wp-json\/wp\/v2\/product"}],"about":[{"href":"https:\/\/dev6.erresse-shop.it\/de\/wp-json\/wp\/v2\/types\/product"}],"wp:featuredmedia":[{"embeddable":true,"href":"https:\/\/dev6.erresse-shop.it\/de\/wp-json\/wp\/v2\/media\/6380994"}],"wp:attachment":[{"href":"https:\/\/dev6.erresse-shop.it\/de\/wp-json\/wp\/v2\/media?parent=2303017"}],"wp:term":[{"taxonomy":"product_cat","embeddable":true,"href":"https:\/\/dev6.erresse-shop.it\/de\/wp-json\/wp\/v2\/product_cat?post=2303017"},{"taxonomy":"product_tag","embeddable":true,"href":"https:\/\/dev6.erresse-shop.it\/de\/wp-json\/wp\/v2\/product_tag?post=2303017"}],"curies":[{"name":"wp","href":"https:\/\/api.w.org\/{rel}","templated":true}]}}