{"id":2303015,"date":"2026-04-12T14:37:58","date_gmt":"2026-04-12T12:37:58","guid":{"rendered":"https:\/\/dev6.erresse-shop.it\/shop\/unkategorisiert\/la-pavoni-semiprofessionelle-kaffeemaschine-cellini-classic\/"},"modified":"2025-09-14T03:36:46","modified_gmt":"2025-09-14T01:36:46","slug":"la-pavoni-semiprofessionelle-kaffeemaschine-cellini-classic","status":"publish","type":"product","link":"https:\/\/dev6.erresse-shop.it\/de\/shop\/kleine-elektrogeraete\/kaffeemaschinen-espresso\/handbuecher\/la-pavoni-semiprofessionelle-kaffeemaschine-cellini-classic\/","title":{"rendered":"LA PAVONI Semiprofessionelle Kaffeemaschine Cellini Classic"},"content":{"rendered":"<p>Das Modell Cellini Evoluzione ist mit einem Kupferkessel mit Messingflansch ausgestattet. Kessel mit Au\u00dfenisolierung f\u00fcr h\u00f6here thermische Stabilit\u00e4t und Energieeinsparung.<\/p>\n<p>Alle semiprofessionellen 230-V-Maschinen von La Pavoni sind zertifiziert durch:<\/p>\n<\/p>\n<p>\u00c4STHETIK<\/p>\n<p>Farbe: Edelstahl<br \/>\nOberfl\u00e4che: Gl\u00e4nzend<br \/>\n\u00c4sthetik: Klassisch<br \/>\nSerie: Cellini<br \/>\nGeh\u00e4usematerial: Edelstahl<br \/>\nMaterial der Tropfschale: Edelstahl<br \/>\nMaterial des Getr\u00e4nkehaltergitters: Stahl<br \/>\nMaterial der Dampfd\u00fcse: Edelstahl \u2013 Cool Touch<br \/>\nMaterial der Hei\u00dfwasserd\u00fcse: Edelstahl \u2013 Cool Touch<br \/>\nAbgabegruppe: E61<br \/>\nMaterial der Spendergruppe: Messing<br \/>\nFarbe der Spendergruppe: Chrom<br \/>\nGriffmaterial: Schwarzes Bakelit<br \/>\nKnopftyp: Drehknopf<\/p>\n<p>PROGRAMME \/ FUNKTIONEN<\/p>\n<p>Kaffeeausgabefunktion: Ja<br \/>\nDampffunktion: Ja<br \/>\nWarmwasserfunktion: Ja<br \/>\nWassermangelwarnung: Ja<\/p>\n<p>TECHNISCHE MERKMALE<\/p>\n<p>Kesseltyp: Einzelkessel mit W\u00e4rmetauscher<br \/>\nKesselmaterial: Kupfer und Messing<br \/>\nKesselkapazit\u00e4t: 1,8 l<br \/>\nPumpentyp: Vibration<br \/>\nPumpendruck: 15 bar<br \/>\nWassertankkapazit\u00e4t: 2,9 l<br \/>\nDruckschalter: Ja, Mater<br \/>\nElektronische automatische Wasserwaage: Ja<br \/>\nVakuumschutz: Ja<br \/>\nAbnehmbare Tropfschale: Ja<br \/>\nWasserablauf: Ja<br \/>\nAbnehmbarer Wasserbeh\u00e4lter: Ja<br \/>\nKesseldruckmesser: Ja<br \/>\nInnendurchmesser des Filterhalters (mit Filter): 58 mm<br \/>\nTemperaturanzeigeleuchte: Ja<br \/>\nTassenw\u00e4rmer: Passiv<br \/>\nDampfd\u00fcse: Ja \u2013 Cool Touch<br \/>\nHei\u00dfwasserspender: Si-Cool Touch<\/p>\n<p>ZUBEH\u00d6R INKLUSIVE<\/p>\n<p>Filter: 1 Tasse\/ 2 Tassen\/ Blind<br \/>\nReinigungsb\u00fcrste: Ja<br \/>\nPressino: Ja<br \/>\nMessbecher: Ja<br \/>\nFilterhalter: Doppelauslauf, Einzelauslauf<br \/>\nFilterhalterdichtung: Ja<\/p>\n<p>ELEKTRISCHER ANSCHLUSS<\/p>\n<p>Stecker: (F;E) Schuko<br \/>\nSpannung (V): 220\u2013240 V<br \/>\nFrequenz Hz: 50 Hz<br \/>\nL\u00e4nge des Netzkabels: 1,8 m<\/p>\n<p>Not for sale outside Europe<\/p>\n<p>\u00a0<\/p>\n","protected":false},"excerpt":{"rendered":"<p>Das Modell Cellini Evoluzione ist mit einem Kupferkessel mit Messingflansch ausgestattet. Kessel mit Au\u00dfenisolierung f\u00fcr h\u00f6here thermische Stabilit\u00e4t und Energieeinsparung. Alle semiprofessionellen 230-V-Maschinen von La Pavoni sind zertifiziert durch: \u00c4STHETIK Farbe: Edelstahl Oberfl\u00e4che: Gl\u00e4nzend \u00c4sthetik: Klassisch Serie: Cellini Geh\u00e4usematerial: Edelstahl Material der Tropfschale: Edelstahl Material des Getr\u00e4nkehaltergitters: Stahl Material der Dampfd\u00fcse: Edelstahl \u2013 Cool Touch [&hellip;]<\/p>\n","protected":false},"featured_media":6380988,"template":"","meta":{"_acf_changed":false},"product_cat":[12198,12171,12163],"product_tag":[],"class_list":{"0":"post-2303015","1":"product","2":"type-product","3":"status-publish","4":"has-post-thumbnail","6":"product_cat-handbuecher","7":"product_cat-kaffeemaschinen-espresso","8":"product_cat-kleine-elektrogeraete","10":"first","11":"instock","12":"sale","13":"taxable","14":"shipping-taxable","15":"purchasable","16":"product-type-simple","swatches":"rey-swatches","show_selected":"","stretch_labels":"rey-swatches--stretch-labels"},"acf":[],"yoast_head":"<!-- This site is optimized with the Yoast SEO plugin v25.4 - https:\/\/yoast.com\/wordpress\/plugins\/seo\/ -->\n<title>LA PAVONI Semiprofessionelle Kaffeemaschine Cellini Classic - dev6 Erresse<\/title>\n<meta name=\"description\" content=\"Das Modell Cellini Evoluzione ist mit einem Kupferkessel mit Messingflansch ausgestattet. Kessel mit Au\u00dfenisolierung f\u00fcr h\u00f6here thermische Stabilit\u00e4t und\" \/>\n<meta name=\"robots\" content=\"noindex, follow, max-snippet:-1, max-image-preview:large, max-video-preview:-1\" \/>\n<meta property=\"og:locale\" content=\"de_DE\" \/>\n<meta property=\"og:type\" content=\"article\" \/>\n<meta property=\"og:title\" content=\"LA PAVONI Semiprofessionelle Kaffeemaschine Cellini Classic - dev6 Erresse\" \/>\n<meta property=\"og:description\" content=\"Das Modell Cellini Evoluzione ist mit einem Kupferkessel mit Messingflansch ausgestattet. Kessel mit Au\u00dfenisolierung f\u00fcr h\u00f6here thermische Stabilit\u00e4t und\" \/>\n<meta property=\"og:url\" content=\"https:\/\/dev6.erresse-shop.it\/de\/shop\/kleine-elektrogeraete\/kaffeemaschinen-espresso\/handbuecher\/la-pavoni-semiprofessionelle-kaffeemaschine-cellini-classic\/\" \/>\n<meta property=\"og:site_name\" content=\"dev6 Erresse\" \/>\n<meta property=\"og:image\" content=\"https:\/\/interpim.erresse-shop.it\/wp-content\/uploads\/2025\/04\/LA-PAVONI-Macchina-da-Caffe-Semi-Professionale-Cellini-Classic.jpg\/la-pavoni-macchina-da-caffe-semi-professionale-cellini-classic.jpg\" \/><meta property=\"og:image\" content=\"https:\/\/interpim.erresse-shop.it\/wp-content\/uploads\/2025\/04\/LA-PAVONI-Macchina-da-Caffe-Semi-Professionale-Cellini-Classic.jpg\/la-pavoni-macchina-da-caffe-semi-professionale-cellini-classic.jpg\" \/>\n\t<meta property=\"og:image:width\" content=\"1024\" \/>\n\t<meta property=\"og:image:height\" content=\"1024\" \/>\n\t<meta property=\"og:image:type\" content=\"image\/jpeg\" \/>\n<meta name=\"twitter:card\" content=\"summary_large_image\" \/>\n<meta name=\"twitter:image\" content=\"https:\/\/interpim.erresse-shop.it\/wp-content\/uploads\/2025\/04\/LA-PAVONI-Macchina-da-Caffe-Semi-Professionale-Cellini-Classic.jpg\/la-pavoni-macchina-da-caffe-semi-professionale-cellini-classic.jpg\" \/>\n<script type=\"application\/ld+json\" class=\"yoast-schema-graph\">{\"@context\":\"https:\/\/schema.org\",\"@graph\":[{\"@type\":\"WebPage\",\"@id\":\"https:\/\/dev6.erresse-shop.it\/de\/shop\/kleine-elektrogeraete\/kaffeemaschinen-espresso\/handbuecher\/la-pavoni-semiprofessionelle-kaffeemaschine-cellini-classic\/\",\"url\":\"https:\/\/dev6.erresse-shop.it\/de\/shop\/kleine-elektrogeraete\/kaffeemaschinen-espresso\/handbuecher\/la-pavoni-semiprofessionelle-kaffeemaschine-cellini-classic\/\",\"name\":\"LA PAVONI Semiprofessionelle Kaffeemaschine Cellini Classic - dev6 Erresse\",\"isPartOf\":{\"@id\":\"https:\/\/dev6.erresse-shop.it\/#website\"},\"primaryImageOfPage\":{\"@id\":\"https:\/\/dev6.erresse-shop.it\/de\/shop\/kleine-elektrogeraete\/kaffeemaschinen-espresso\/handbuecher\/la-pavoni-semiprofessionelle-kaffeemaschine-cellini-classic\/#primaryimage\"},\"image\":{\"@id\":\"https:\/\/dev6.erresse-shop.it\/de\/shop\/kleine-elektrogeraete\/kaffeemaschinen-espresso\/handbuecher\/la-pavoni-semiprofessionelle-kaffeemaschine-cellini-classic\/#primaryimage\"},\"thumbnailUrl\":\"https:\/\/i1.wp.com\/interpim.erresse-shop.it\/wp-content\/uploads\/2025\/04\/LA-PAVONI-Macchina-da-Caffe-Semi-Professionale-Cellini-Classic.jpg\/la-pavoni-macchina-da-caffe-semi-professionale-cellini-classic.jpg?ssl=1\",\"datePublished\":\"2026-04-12T12:37:58+00:00\",\"description\":\"Das Modell Cellini Evoluzione ist mit einem Kupferkessel mit Messingflansch ausgestattet. Kessel mit Au\u00dfenisolierung f\u00fcr h\u00f6here thermische Stabilit\u00e4t und\",\"breadcrumb\":{\"@id\":\"https:\/\/dev6.erresse-shop.it\/de\/shop\/kleine-elektrogeraete\/kaffeemaschinen-espresso\/handbuecher\/la-pavoni-semiprofessionelle-kaffeemaschine-cellini-classic\/#breadcrumb\"},\"inLanguage\":\"de\",\"potentialAction\":[{\"@type\":\"ReadAction\",\"target\":[\"https:\/\/dev6.erresse-shop.it\/de\/shop\/kleine-elektrogeraete\/kaffeemaschinen-espresso\/handbuecher\/la-pavoni-semiprofessionelle-kaffeemaschine-cellini-classic\/\"]}]},{\"@type\":\"ImageObject\",\"inLanguage\":\"de\",\"@id\":\"https:\/\/dev6.erresse-shop.it\/de\/shop\/kleine-elektrogeraete\/kaffeemaschinen-espresso\/handbuecher\/la-pavoni-semiprofessionelle-kaffeemaschine-cellini-classic\/#primaryimage\",\"url\":\"https:\/\/i1.wp.com\/interpim.erresse-shop.it\/wp-content\/uploads\/2025\/04\/LA-PAVONI-Macchina-da-Caffe-Semi-Professionale-Cellini-Classic.jpg\/la-pavoni-macchina-da-caffe-semi-professionale-cellini-classic.jpg?ssl=1\",\"contentUrl\":\"https:\/\/i1.wp.com\/interpim.erresse-shop.it\/wp-content\/uploads\/2025\/04\/LA-PAVONI-Macchina-da-Caffe-Semi-Professionale-Cellini-Classic.jpg\/la-pavoni-macchina-da-caffe-semi-professionale-cellini-classic.jpg?ssl=1\"},{\"@type\":\"BreadcrumbList\",\"@id\":\"https:\/\/dev6.erresse-shop.it\/de\/shop\/kleine-elektrogeraete\/kaffeemaschinen-espresso\/handbuecher\/la-pavoni-semiprofessionelle-kaffeemaschine-cellini-classic\/#breadcrumb\",\"itemListElement\":[{\"@type\":\"ListItem\",\"position\":1,\"name\":\"Home\",\"item\":\"https:\/\/dev6.erresse-shop.it\/\"},{\"@type\":\"ListItem\",\"position\":2,\"name\":\"Shop\",\"item\":\"https:\/\/dev6.erresse-shop.it\/shop\/\"},{\"@type\":\"ListItem\",\"position\":3,\"name\":\"LA PAVONI Semiprofessionelle Kaffeemaschine Cellini Classic\"}]},{\"@type\":\"WebSite\",\"@id\":\"https:\/\/dev6.erresse-shop.it\/#website\",\"url\":\"https:\/\/dev6.erresse-shop.it\/\",\"name\":\"Erresse Shop\",\"description\":\"\",\"publisher\":{\"@id\":\"https:\/\/dev6.erresse-shop.it\/#organization\"},\"potentialAction\":[{\"@type\":\"SearchAction\",\"target\":{\"@type\":\"EntryPoint\",\"urlTemplate\":\"https:\/\/dev6.erresse-shop.it\/?s={search_term_string}\"},\"query-input\":{\"@type\":\"PropertyValueSpecification\",\"valueRequired\":true,\"valueName\":\"search_term_string\"}}],\"inLanguage\":\"de\"},{\"@type\":\"Organization\",\"@id\":\"https:\/\/dev6.erresse-shop.it\/#organization\",\"name\":\"Erresse Shop\",\"url\":\"https:\/\/dev6.erresse-shop.it\/\",\"logo\":{\"@type\":\"ImageObject\",\"inLanguage\":\"de\",\"@id\":\"https:\/\/dev6.erresse-shop.it\/#\/schema\/logo\/image\/\",\"url\":\"https:\/\/dev6.erresse-shop.it\/wp-content\/uploads\/2025\/01\/LOGO-ERRESSE-CLASSICO.svg\",\"contentUrl\":\"https:\/\/dev6.erresse-shop.it\/wp-content\/uploads\/2025\/01\/LOGO-ERRESSE-CLASSICO.svg\",\"caption\":\"Erresse Shop\"},\"image\":{\"@id\":\"https:\/\/dev6.erresse-shop.it\/#\/schema\/logo\/image\/\"}}]}<\/script>\n<!-- \/ Yoast SEO plugin. -->","yoast_head_json":{"title":"LA PAVONI Semiprofessionelle Kaffeemaschine Cellini Classic - dev6 Erresse","description":"Das Modell Cellini Evoluzione ist mit einem Kupferkessel mit Messingflansch ausgestattet. Kessel mit Au\u00dfenisolierung f\u00fcr h\u00f6here thermische Stabilit\u00e4t und","robots":{"index":"noindex","follow":"follow","max-snippet":"max-snippet:-1","max-image-preview":"max-image-preview:large","max-video-preview":"max-video-preview:-1"},"og_locale":"de_DE","og_type":"article","og_title":"LA PAVONI Semiprofessionelle Kaffeemaschine Cellini Classic - dev6 Erresse","og_description":"Das Modell Cellini Evoluzione ist mit einem Kupferkessel mit Messingflansch ausgestattet. Kessel mit Au\u00dfenisolierung f\u00fcr h\u00f6here thermische Stabilit\u00e4t und","og_url":"https:\/\/dev6.erresse-shop.it\/de\/shop\/kleine-elektrogeraete\/kaffeemaschinen-espresso\/handbuecher\/la-pavoni-semiprofessionelle-kaffeemaschine-cellini-classic\/","og_site_name":"dev6 Erresse","og_image":[{"url":"https:\/\/interpim.erresse-shop.it\/wp-content\/uploads\/2025\/04\/LA-PAVONI-Macchina-da-Caffe-Semi-Professionale-Cellini-Classic.jpg\/la-pavoni-macchina-da-caffe-semi-professionale-cellini-classic.jpg","type":"","width":"","height":""},{"url":"https:\/\/interpim.erresse-shop.it\/wp-content\/uploads\/2025\/04\/LA-PAVONI-Macchina-da-Caffe-Semi-Professionale-Cellini-Classic.jpg\/la-pavoni-macchina-da-caffe-semi-professionale-cellini-classic.jpg","width":1024,"height":1024,"type":"image\/jpeg"}],"twitter_card":"summary_large_image","twitter_image":"https:\/\/interpim.erresse-shop.it\/wp-content\/uploads\/2025\/04\/LA-PAVONI-Macchina-da-Caffe-Semi-Professionale-Cellini-Classic.jpg\/la-pavoni-macchina-da-caffe-semi-professionale-cellini-classic.jpg","schema":{"@context":"https:\/\/schema.org","@graph":[{"@type":"WebPage","@id":"https:\/\/dev6.erresse-shop.it\/de\/shop\/kleine-elektrogeraete\/kaffeemaschinen-espresso\/handbuecher\/la-pavoni-semiprofessionelle-kaffeemaschine-cellini-classic\/","url":"https:\/\/dev6.erresse-shop.it\/de\/shop\/kleine-elektrogeraete\/kaffeemaschinen-espresso\/handbuecher\/la-pavoni-semiprofessionelle-kaffeemaschine-cellini-classic\/","name":"LA PAVONI Semiprofessionelle Kaffeemaschine Cellini Classic - dev6 Erresse","isPartOf":{"@id":"https:\/\/dev6.erresse-shop.it\/#website"},"primaryImageOfPage":{"@id":"https:\/\/dev6.erresse-shop.it\/de\/shop\/kleine-elektrogeraete\/kaffeemaschinen-espresso\/handbuecher\/la-pavoni-semiprofessionelle-kaffeemaschine-cellini-classic\/#primaryimage"},"image":{"@id":"https:\/\/dev6.erresse-shop.it\/de\/shop\/kleine-elektrogeraete\/kaffeemaschinen-espresso\/handbuecher\/la-pavoni-semiprofessionelle-kaffeemaschine-cellini-classic\/#primaryimage"},"thumbnailUrl":"https:\/\/i1.wp.com\/interpim.erresse-shop.it\/wp-content\/uploads\/2025\/04\/LA-PAVONI-Macchina-da-Caffe-Semi-Professionale-Cellini-Classic.jpg\/la-pavoni-macchina-da-caffe-semi-professionale-cellini-classic.jpg?ssl=1","datePublished":"2026-04-12T12:37:58+00:00","description":"Das Modell Cellini Evoluzione ist mit einem Kupferkessel mit Messingflansch ausgestattet. Kessel mit Au\u00dfenisolierung f\u00fcr h\u00f6here thermische Stabilit\u00e4t und","breadcrumb":{"@id":"https:\/\/dev6.erresse-shop.it\/de\/shop\/kleine-elektrogeraete\/kaffeemaschinen-espresso\/handbuecher\/la-pavoni-semiprofessionelle-kaffeemaschine-cellini-classic\/#breadcrumb"},"inLanguage":"de","potentialAction":[{"@type":"ReadAction","target":["https:\/\/dev6.erresse-shop.it\/de\/shop\/kleine-elektrogeraete\/kaffeemaschinen-espresso\/handbuecher\/la-pavoni-semiprofessionelle-kaffeemaschine-cellini-classic\/"]}]},{"@type":"ImageObject","inLanguage":"de","@id":"https:\/\/dev6.erresse-shop.it\/de\/shop\/kleine-elektrogeraete\/kaffeemaschinen-espresso\/handbuecher\/la-pavoni-semiprofessionelle-kaffeemaschine-cellini-classic\/#primaryimage","url":"https:\/\/i1.wp.com\/interpim.erresse-shop.it\/wp-content\/uploads\/2025\/04\/LA-PAVONI-Macchina-da-Caffe-Semi-Professionale-Cellini-Classic.jpg\/la-pavoni-macchina-da-caffe-semi-professionale-cellini-classic.jpg?ssl=1","contentUrl":"https:\/\/i1.wp.com\/interpim.erresse-shop.it\/wp-content\/uploads\/2025\/04\/LA-PAVONI-Macchina-da-Caffe-Semi-Professionale-Cellini-Classic.jpg\/la-pavoni-macchina-da-caffe-semi-professionale-cellini-classic.jpg?ssl=1"},{"@type":"BreadcrumbList","@id":"https:\/\/dev6.erresse-shop.it\/de\/shop\/kleine-elektrogeraete\/kaffeemaschinen-espresso\/handbuecher\/la-pavoni-semiprofessionelle-kaffeemaschine-cellini-classic\/#breadcrumb","itemListElement":[{"@type":"ListItem","position":1,"name":"Home","item":"https:\/\/dev6.erresse-shop.it\/"},{"@type":"ListItem","position":2,"name":"Shop","item":"https:\/\/dev6.erresse-shop.it\/shop\/"},{"@type":"ListItem","position":3,"name":"LA PAVONI Semiprofessionelle Kaffeemaschine Cellini Classic"}]},{"@type":"WebSite","@id":"https:\/\/dev6.erresse-shop.it\/#website","url":"https:\/\/dev6.erresse-shop.it\/","name":"Erresse Shop","description":"","publisher":{"@id":"https:\/\/dev6.erresse-shop.it\/#organization"},"potentialAction":[{"@type":"SearchAction","target":{"@type":"EntryPoint","urlTemplate":"https:\/\/dev6.erresse-shop.it\/?s={search_term_string}"},"query-input":{"@type":"PropertyValueSpecification","valueRequired":true,"valueName":"search_term_string"}}],"inLanguage":"de"},{"@type":"Organization","@id":"https:\/\/dev6.erresse-shop.it\/#organization","name":"Erresse Shop","url":"https:\/\/dev6.erresse-shop.it\/","logo":{"@type":"ImageObject","inLanguage":"de","@id":"https:\/\/dev6.erresse-shop.it\/#\/schema\/logo\/image\/","url":"https:\/\/dev6.erresse-shop.it\/wp-content\/uploads\/2025\/01\/LOGO-ERRESSE-CLASSICO.svg","contentUrl":"https:\/\/dev6.erresse-shop.it\/wp-content\/uploads\/2025\/01\/LOGO-ERRESSE-CLASSICO.svg","caption":"Erresse Shop"},"image":{"@id":"https:\/\/dev6.erresse-shop.it\/#\/schema\/logo\/image\/"}}]}},"df_price":1299,"df_sale_price":1299,"df_regular_price":1499,"df_image_link":"https:\/\/i1.wp.com\/interpim.erresse-shop.it\/wp-content\/uploads\/2025\/04\/LA-PAVONI-Macchina-da-Caffe-Semi-Professionale-Cellini-Classic.jpg\/la-pavoni-macchina-da-caffe-semi-professionale-cellini-classic.jpg?resize=300,300&ssl=1","fifu_image_url":"https:\/\/interpim.erresse-shop.it\/wp-content\/uploads\/2025\/04\/LA-PAVONI-Macchina-da-Caffe-Semi-Professionale-Cellini-Classic.jpg\/la-pavoni-macchina-da-caffe-semi-professionale-cellini-classic.jpg","_links":{"self":[{"href":"https:\/\/dev6.erresse-shop.it\/de\/wp-json\/wp\/v2\/product\/2303015","targetHints":{"allow":["GET"]}}],"collection":[{"href":"https:\/\/dev6.erresse-shop.it\/de\/wp-json\/wp\/v2\/product"}],"about":[{"href":"https:\/\/dev6.erresse-shop.it\/de\/wp-json\/wp\/v2\/types\/product"}],"wp:featuredmedia":[{"embeddable":true,"href":"https:\/\/dev6.erresse-shop.it\/de\/wp-json\/wp\/v2\/media\/6380988"}],"wp:attachment":[{"href":"https:\/\/dev6.erresse-shop.it\/de\/wp-json\/wp\/v2\/media?parent=2303015"}],"wp:term":[{"taxonomy":"product_cat","embeddable":true,"href":"https:\/\/dev6.erresse-shop.it\/de\/wp-json\/wp\/v2\/product_cat?post=2303015"},{"taxonomy":"product_tag","embeddable":true,"href":"https:\/\/dev6.erresse-shop.it\/de\/wp-json\/wp\/v2\/product_tag?post=2303015"}],"curies":[{"name":"wp","href":"https:\/\/api.w.org\/{rel}","templated":true}]}}