{"id":2303013,"date":"2026-04-12T14:37:58","date_gmt":"2026-04-12T12:37:58","guid":{"rendered":"https:\/\/dev6.erresse-shop.it\/shop\/unkategorisiert\/instant-pot-heissluftfritteuse-vortex-plus-dual-clearcook-ss-8-l\/"},"modified":"2026-01-30T20:54:31","modified_gmt":"2026-01-30T19:54:31","slug":"instant-pot-heissluftfritteuse-vortex-plus-dual-clearcook-ss-8-l","status":"publish","type":"product","link":"https:\/\/dev6.erresse-shop.it\/de\/shop\/kleine-elektrogeraete\/heissluftfritteusen\/instant-pot-heissluftfritteuse-vortex-plus-dual-clearcook-ss-8-l\/","title":{"rendered":"INSTANT POT Hei\u00dfluftfritteuse Vortex Plus Dual ClearCook SS 8 L"},"content":{"rendered":"<p>Die Zukunft des Kochens an Ihren Fingerspitzen<\/p>\n<p>Die Instant Vortex Plus Dual ClearCook SS 8L Hei\u00dfluftfritteuse ist die ultimative L\u00f6sung f\u00fcr alle, die gesund, schnell und vielseitig kochen m\u00f6chten. Mit zwei unabh\u00e4ngigen K\u00f6rben und sechs Kochmodi revolutioniert dieses Ger\u00e4t die Zubereitung Ihrer Lieblingsgerichte und reduziert den \u00d6lverbrauch um bis zu 95 %.<\/p>\n<p>Doppelkorb f\u00fcr doppelte Effizienz<\/p>\n<p>Dank der Doppelk\u00f6rbe k\u00f6nnen Sie zwei Gerichte gleichzeitig mit unterschiedlichen Zeit- und Temperatureinstellungen zubereiten. Mit den innovativen Funktionen SyncCook und SyncFinish k\u00f6nnen Sie Einstellungen synchronisieren oder den Garvorgang gleichzeitig beenden und so perfekte und abgestimmte Ergebnisse erzielen. Ideal f\u00fcr gro\u00dfe Familien, da es in einem Durchgang bis zu 8 Portionen zubereiten kann.<\/p>\n<p>ClearCook: volle Kontrolle ohne \u00d6ffnen des Korbes<\/p>\n<p>Durch das transparente ClearCook-Fenster mit integrierter Innenbeleuchtung k\u00f6nnen Sie den Kochstatus einfach \u00fcberwachen, ohne den Vorgang zu unterbrechen. Dieses intelligente Design vereint Komfort und Effizienz, da das \u00d6ffnen von K\u00f6rben und die damit verbundene W\u00e4rmeableitung entfallen.<\/p>\n<p>Gesundes Kochen mit EvenCrisp\u2122-Technologie<\/p>\n<p>Die EvenCrisp\u2122-Technologie sorgt f\u00fcr eine gleichm\u00e4\u00dfige Zirkulation hei\u00dfer Luft um die Lebensmittel herum und sorgt so f\u00fcr eine knusprige Textur au\u00dfen und eine weiche Innenseite \u2013 ganz ohne die Verwendung von \u00d6l. Von perfekten Pommes bis hin zu gegrilltem Gem\u00fcse k\u00f6nnen Sie Ihre Lieblingsgerichte mit wenigen Kalorien und viel Geschmack genie\u00dfen.<\/p>\n<p>Voreingestellte Programme f\u00fcr jeden Bedarf<\/p>\n<p>Mit 8 voreingestellten Modi passt sich der Vortex Plus Dual ClearCook jedem Rezept an: Luftfrittieren, Backen, Braten, Aufw\u00e4rmen, D\u00f6rren und Grillen. Das digitale Touch-Bedienfeld erm\u00f6glicht eine intuitive Bedienung und dank der Schnellvorheizfunktion k\u00f6nnen Sie in Sekundenschnelle mit dem Kochen beginnen.<\/p>\n<p>Technische Daten:<\/p>\n<p>Fassungsverm\u00f6gen: 7,5 l<br \/>\nMaterial: Kunststoff und Metall<br \/>\nGarantie: 2 Jahre<br \/>\nAbmessungen: 38,4 x 40,3 x 31,7 cm<br \/>\nGewicht: 7600 g<br \/>\nAnzahl der Funktionen: 6 \u2013 One-Touch-Funktionen<\/p>\n<p>Not for sale outside Europe<\/p>\n","protected":false},"excerpt":{"rendered":"<p>Die Zukunft des Kochens an Ihren Fingerspitzen Die Instant Vortex Plus Dual ClearCook SS 8L Hei\u00dfluftfritteuse ist die ultimative L\u00f6sung f\u00fcr alle, die gesund, schnell und vielseitig kochen m\u00f6chten. Mit zwei unabh\u00e4ngigen K\u00f6rben und sechs Kochmodi revolutioniert dieses Ger\u00e4t die Zubereitung Ihrer Lieblingsgerichte und reduziert den \u00d6lverbrauch um bis zu 95 %. Doppelkorb f\u00fcr doppelte [&hellip;]<\/p>\n","protected":false},"featured_media":6380980,"template":"","meta":{"_acf_changed":false},"product_cat":[12194,12163],"product_tag":[],"class_list":{"0":"post-2303013","1":"product","2":"type-product","3":"status-publish","4":"has-post-thumbnail","6":"product_cat-heissluftfritteusen","7":"product_cat-kleine-elektrogeraete","9":"first","10":"instock","11":"sale","12":"taxable","13":"shipping-taxable","14":"purchasable","15":"product-type-simple","swatches":"rey-swatches","show_selected":"","stretch_labels":"rey-swatches--stretch-labels"},"acf":[],"yoast_head":"<!-- This site is optimized with the Yoast SEO plugin v25.4 - https:\/\/yoast.com\/wordpress\/plugins\/seo\/ -->\n<title>INSTANT POT Hei\u00dfluftfritteuse Vortex Plus Dual ClearCook SS 8 L - dev6 Erresse<\/title>\n<meta name=\"description\" content=\"Die Zukunft des Kochens an Ihren Fingerspitzen Die Instant Vortex Plus Dual ClearCook SS 8L Hei\u00dfluftfritteuse ist die ultimative L\u00f6sung f\u00fcr alle, die\" \/>\n<meta name=\"robots\" content=\"noindex, follow, max-snippet:-1, max-image-preview:large, max-video-preview:-1\" \/>\n<meta property=\"og:locale\" content=\"de_DE\" \/>\n<meta property=\"og:type\" content=\"article\" \/>\n<meta property=\"og:title\" content=\"INSTANT POT Hei\u00dfluftfritteuse Vortex Plus Dual ClearCook SS 8 L - dev6 Erresse\" \/>\n<meta property=\"og:description\" content=\"Die Zukunft des Kochens an Ihren Fingerspitzen Die Instant Vortex Plus Dual ClearCook SS 8L Hei\u00dfluftfritteuse ist die ultimative L\u00f6sung f\u00fcr alle, die\" \/>\n<meta property=\"og:url\" content=\"https:\/\/dev6.erresse-shop.it\/de\/shop\/kleine-elektrogeraete\/heissluftfritteusen\/instant-pot-heissluftfritteuse-vortex-plus-dual-clearcook-ss-8-l\/\" \/>\n<meta property=\"og:site_name\" content=\"dev6 Erresse\" \/>\n<meta property=\"og:image\" content=\"https:\/\/interpim.erresse-shop.it\/wp-content\/uploads\/2025\/04\/INSTANT-POT-Friggitrice-ad-Aria-Vortex-Plus-Dual-ClearCook-SS-8-L.jpg\/instant-pot-friggitrice-ad-aria-vortex-plus-dual-clearcook-ss-8-l.jpg\" \/><meta property=\"og:image\" content=\"https:\/\/interpim.erresse-shop.it\/wp-content\/uploads\/2025\/04\/INSTANT-POT-Friggitrice-ad-Aria-Vortex-Plus-Dual-ClearCook-SS-8-L.jpg\/instant-pot-friggitrice-ad-aria-vortex-plus-dual-clearcook-ss-8-l.jpg\" \/>\n\t<meta property=\"og:image:width\" content=\"1024\" \/>\n\t<meta property=\"og:image:height\" content=\"1024\" \/>\n\t<meta property=\"og:image:type\" content=\"image\/jpeg\" \/>\n<meta name=\"twitter:card\" content=\"summary_large_image\" \/>\n<meta name=\"twitter:image\" content=\"https:\/\/interpim.erresse-shop.it\/wp-content\/uploads\/2025\/04\/INSTANT-POT-Friggitrice-ad-Aria-Vortex-Plus-Dual-ClearCook-SS-8-L.jpg\/instant-pot-friggitrice-ad-aria-vortex-plus-dual-clearcook-ss-8-l.jpg\" \/>\n<script type=\"application\/ld+json\" class=\"yoast-schema-graph\">{\"@context\":\"https:\/\/schema.org\",\"@graph\":[{\"@type\":\"WebPage\",\"@id\":\"https:\/\/dev6.erresse-shop.it\/de\/shop\/kleine-elektrogeraete\/heissluftfritteusen\/instant-pot-heissluftfritteuse-vortex-plus-dual-clearcook-ss-8-l\/\",\"url\":\"https:\/\/dev6.erresse-shop.it\/de\/shop\/kleine-elektrogeraete\/heissluftfritteusen\/instant-pot-heissluftfritteuse-vortex-plus-dual-clearcook-ss-8-l\/\",\"name\":\"INSTANT POT Hei\u00dfluftfritteuse Vortex Plus Dual ClearCook SS 8 L - dev6 Erresse\",\"isPartOf\":{\"@id\":\"https:\/\/dev6.erresse-shop.it\/#website\"},\"primaryImageOfPage\":{\"@id\":\"https:\/\/dev6.erresse-shop.it\/de\/shop\/kleine-elektrogeraete\/heissluftfritteusen\/instant-pot-heissluftfritteuse-vortex-plus-dual-clearcook-ss-8-l\/#primaryimage\"},\"image\":{\"@id\":\"https:\/\/dev6.erresse-shop.it\/de\/shop\/kleine-elektrogeraete\/heissluftfritteusen\/instant-pot-heissluftfritteuse-vortex-plus-dual-clearcook-ss-8-l\/#primaryimage\"},\"thumbnailUrl\":\"https:\/\/i1.wp.com\/interpim.erresse-shop.it\/wp-content\/uploads\/2025\/04\/INSTANT-POT-Friggitrice-ad-Aria-Vortex-Plus-Dual-ClearCook-SS-8-L.jpg\/instant-pot-friggitrice-ad-aria-vortex-plus-dual-clearcook-ss-8-l.jpg?ssl=1\",\"datePublished\":\"2026-04-12T12:37:58+00:00\",\"description\":\"Die Zukunft des Kochens an Ihren Fingerspitzen Die Instant Vortex Plus Dual ClearCook SS 8L Hei\u00dfluftfritteuse ist die ultimative L\u00f6sung f\u00fcr alle, die\",\"breadcrumb\":{\"@id\":\"https:\/\/dev6.erresse-shop.it\/de\/shop\/kleine-elektrogeraete\/heissluftfritteusen\/instant-pot-heissluftfritteuse-vortex-plus-dual-clearcook-ss-8-l\/#breadcrumb\"},\"inLanguage\":\"de\",\"potentialAction\":[{\"@type\":\"ReadAction\",\"target\":[\"https:\/\/dev6.erresse-shop.it\/de\/shop\/kleine-elektrogeraete\/heissluftfritteusen\/instant-pot-heissluftfritteuse-vortex-plus-dual-clearcook-ss-8-l\/\"]}]},{\"@type\":\"ImageObject\",\"inLanguage\":\"de\",\"@id\":\"https:\/\/dev6.erresse-shop.it\/de\/shop\/kleine-elektrogeraete\/heissluftfritteusen\/instant-pot-heissluftfritteuse-vortex-plus-dual-clearcook-ss-8-l\/#primaryimage\",\"url\":\"https:\/\/i1.wp.com\/interpim.erresse-shop.it\/wp-content\/uploads\/2025\/04\/INSTANT-POT-Friggitrice-ad-Aria-Vortex-Plus-Dual-ClearCook-SS-8-L.jpg\/instant-pot-friggitrice-ad-aria-vortex-plus-dual-clearcook-ss-8-l.jpg?ssl=1\",\"contentUrl\":\"https:\/\/i1.wp.com\/interpim.erresse-shop.it\/wp-content\/uploads\/2025\/04\/INSTANT-POT-Friggitrice-ad-Aria-Vortex-Plus-Dual-ClearCook-SS-8-L.jpg\/instant-pot-friggitrice-ad-aria-vortex-plus-dual-clearcook-ss-8-l.jpg?ssl=1\"},{\"@type\":\"BreadcrumbList\",\"@id\":\"https:\/\/dev6.erresse-shop.it\/de\/shop\/kleine-elektrogeraete\/heissluftfritteusen\/instant-pot-heissluftfritteuse-vortex-plus-dual-clearcook-ss-8-l\/#breadcrumb\",\"itemListElement\":[{\"@type\":\"ListItem\",\"position\":1,\"name\":\"Home\",\"item\":\"https:\/\/dev6.erresse-shop.it\/\"},{\"@type\":\"ListItem\",\"position\":2,\"name\":\"Shop\",\"item\":\"https:\/\/dev6.erresse-shop.it\/shop\/\"},{\"@type\":\"ListItem\",\"position\":3,\"name\":\"INSTANT POT Hei\u00dfluftfritteuse Vortex Plus Dual ClearCook SS 8 L\"}]},{\"@type\":\"WebSite\",\"@id\":\"https:\/\/dev6.erresse-shop.it\/#website\",\"url\":\"https:\/\/dev6.erresse-shop.it\/\",\"name\":\"Erresse Shop\",\"description\":\"\",\"publisher\":{\"@id\":\"https:\/\/dev6.erresse-shop.it\/#organization\"},\"potentialAction\":[{\"@type\":\"SearchAction\",\"target\":{\"@type\":\"EntryPoint\",\"urlTemplate\":\"https:\/\/dev6.erresse-shop.it\/?s={search_term_string}\"},\"query-input\":{\"@type\":\"PropertyValueSpecification\",\"valueRequired\":true,\"valueName\":\"search_term_string\"}}],\"inLanguage\":\"de\"},{\"@type\":\"Organization\",\"@id\":\"https:\/\/dev6.erresse-shop.it\/#organization\",\"name\":\"Erresse Shop\",\"url\":\"https:\/\/dev6.erresse-shop.it\/\",\"logo\":{\"@type\":\"ImageObject\",\"inLanguage\":\"de\",\"@id\":\"https:\/\/dev6.erresse-shop.it\/#\/schema\/logo\/image\/\",\"url\":\"https:\/\/dev6.erresse-shop.it\/wp-content\/uploads\/2025\/01\/LOGO-ERRESSE-CLASSICO.svg\",\"contentUrl\":\"https:\/\/dev6.erresse-shop.it\/wp-content\/uploads\/2025\/01\/LOGO-ERRESSE-CLASSICO.svg\",\"caption\":\"Erresse Shop\"},\"image\":{\"@id\":\"https:\/\/dev6.erresse-shop.it\/#\/schema\/logo\/image\/\"}}]}<\/script>\n<!-- \/ Yoast SEO plugin. -->","yoast_head_json":{"title":"INSTANT POT Hei\u00dfluftfritteuse Vortex Plus Dual ClearCook SS 8 L - dev6 Erresse","description":"Die Zukunft des Kochens an Ihren Fingerspitzen Die Instant Vortex Plus Dual ClearCook SS 8L Hei\u00dfluftfritteuse ist die ultimative L\u00f6sung f\u00fcr alle, die","robots":{"index":"noindex","follow":"follow","max-snippet":"max-snippet:-1","max-image-preview":"max-image-preview:large","max-video-preview":"max-video-preview:-1"},"og_locale":"de_DE","og_type":"article","og_title":"INSTANT POT Hei\u00dfluftfritteuse Vortex Plus Dual ClearCook SS 8 L - dev6 Erresse","og_description":"Die Zukunft des Kochens an Ihren Fingerspitzen Die Instant Vortex Plus Dual ClearCook SS 8L Hei\u00dfluftfritteuse ist die ultimative L\u00f6sung f\u00fcr alle, die","og_url":"https:\/\/dev6.erresse-shop.it\/de\/shop\/kleine-elektrogeraete\/heissluftfritteusen\/instant-pot-heissluftfritteuse-vortex-plus-dual-clearcook-ss-8-l\/","og_site_name":"dev6 Erresse","og_image":[{"url":"https:\/\/interpim.erresse-shop.it\/wp-content\/uploads\/2025\/04\/INSTANT-POT-Friggitrice-ad-Aria-Vortex-Plus-Dual-ClearCook-SS-8-L.jpg\/instant-pot-friggitrice-ad-aria-vortex-plus-dual-clearcook-ss-8-l.jpg","type":"","width":"","height":""},{"url":"https:\/\/interpim.erresse-shop.it\/wp-content\/uploads\/2025\/04\/INSTANT-POT-Friggitrice-ad-Aria-Vortex-Plus-Dual-ClearCook-SS-8-L.jpg\/instant-pot-friggitrice-ad-aria-vortex-plus-dual-clearcook-ss-8-l.jpg","width":1024,"height":1024,"type":"image\/jpeg"}],"twitter_card":"summary_large_image","twitter_image":"https:\/\/interpim.erresse-shop.it\/wp-content\/uploads\/2025\/04\/INSTANT-POT-Friggitrice-ad-Aria-Vortex-Plus-Dual-ClearCook-SS-8-L.jpg\/instant-pot-friggitrice-ad-aria-vortex-plus-dual-clearcook-ss-8-l.jpg","schema":{"@context":"https:\/\/schema.org","@graph":[{"@type":"WebPage","@id":"https:\/\/dev6.erresse-shop.it\/de\/shop\/kleine-elektrogeraete\/heissluftfritteusen\/instant-pot-heissluftfritteuse-vortex-plus-dual-clearcook-ss-8-l\/","url":"https:\/\/dev6.erresse-shop.it\/de\/shop\/kleine-elektrogeraete\/heissluftfritteusen\/instant-pot-heissluftfritteuse-vortex-plus-dual-clearcook-ss-8-l\/","name":"INSTANT POT Hei\u00dfluftfritteuse Vortex Plus Dual ClearCook SS 8 L - dev6 Erresse","isPartOf":{"@id":"https:\/\/dev6.erresse-shop.it\/#website"},"primaryImageOfPage":{"@id":"https:\/\/dev6.erresse-shop.it\/de\/shop\/kleine-elektrogeraete\/heissluftfritteusen\/instant-pot-heissluftfritteuse-vortex-plus-dual-clearcook-ss-8-l\/#primaryimage"},"image":{"@id":"https:\/\/dev6.erresse-shop.it\/de\/shop\/kleine-elektrogeraete\/heissluftfritteusen\/instant-pot-heissluftfritteuse-vortex-plus-dual-clearcook-ss-8-l\/#primaryimage"},"thumbnailUrl":"https:\/\/i1.wp.com\/interpim.erresse-shop.it\/wp-content\/uploads\/2025\/04\/INSTANT-POT-Friggitrice-ad-Aria-Vortex-Plus-Dual-ClearCook-SS-8-L.jpg\/instant-pot-friggitrice-ad-aria-vortex-plus-dual-clearcook-ss-8-l.jpg?ssl=1","datePublished":"2026-04-12T12:37:58+00:00","description":"Die Zukunft des Kochens an Ihren Fingerspitzen Die Instant Vortex Plus Dual ClearCook SS 8L Hei\u00dfluftfritteuse ist die ultimative L\u00f6sung f\u00fcr alle, die","breadcrumb":{"@id":"https:\/\/dev6.erresse-shop.it\/de\/shop\/kleine-elektrogeraete\/heissluftfritteusen\/instant-pot-heissluftfritteuse-vortex-plus-dual-clearcook-ss-8-l\/#breadcrumb"},"inLanguage":"de","potentialAction":[{"@type":"ReadAction","target":["https:\/\/dev6.erresse-shop.it\/de\/shop\/kleine-elektrogeraete\/heissluftfritteusen\/instant-pot-heissluftfritteuse-vortex-plus-dual-clearcook-ss-8-l\/"]}]},{"@type":"ImageObject","inLanguage":"de","@id":"https:\/\/dev6.erresse-shop.it\/de\/shop\/kleine-elektrogeraete\/heissluftfritteusen\/instant-pot-heissluftfritteuse-vortex-plus-dual-clearcook-ss-8-l\/#primaryimage","url":"https:\/\/i1.wp.com\/interpim.erresse-shop.it\/wp-content\/uploads\/2025\/04\/INSTANT-POT-Friggitrice-ad-Aria-Vortex-Plus-Dual-ClearCook-SS-8-L.jpg\/instant-pot-friggitrice-ad-aria-vortex-plus-dual-clearcook-ss-8-l.jpg?ssl=1","contentUrl":"https:\/\/i1.wp.com\/interpim.erresse-shop.it\/wp-content\/uploads\/2025\/04\/INSTANT-POT-Friggitrice-ad-Aria-Vortex-Plus-Dual-ClearCook-SS-8-L.jpg\/instant-pot-friggitrice-ad-aria-vortex-plus-dual-clearcook-ss-8-l.jpg?ssl=1"},{"@type":"BreadcrumbList","@id":"https:\/\/dev6.erresse-shop.it\/de\/shop\/kleine-elektrogeraete\/heissluftfritteusen\/instant-pot-heissluftfritteuse-vortex-plus-dual-clearcook-ss-8-l\/#breadcrumb","itemListElement":[{"@type":"ListItem","position":1,"name":"Home","item":"https:\/\/dev6.erresse-shop.it\/"},{"@type":"ListItem","position":2,"name":"Shop","item":"https:\/\/dev6.erresse-shop.it\/shop\/"},{"@type":"ListItem","position":3,"name":"INSTANT POT Hei\u00dfluftfritteuse Vortex Plus Dual ClearCook SS 8 L"}]},{"@type":"WebSite","@id":"https:\/\/dev6.erresse-shop.it\/#website","url":"https:\/\/dev6.erresse-shop.it\/","name":"Erresse Shop","description":"","publisher":{"@id":"https:\/\/dev6.erresse-shop.it\/#organization"},"potentialAction":[{"@type":"SearchAction","target":{"@type":"EntryPoint","urlTemplate":"https:\/\/dev6.erresse-shop.it\/?s={search_term_string}"},"query-input":{"@type":"PropertyValueSpecification","valueRequired":true,"valueName":"search_term_string"}}],"inLanguage":"de"},{"@type":"Organization","@id":"https:\/\/dev6.erresse-shop.it\/#organization","name":"Erresse Shop","url":"https:\/\/dev6.erresse-shop.it\/","logo":{"@type":"ImageObject","inLanguage":"de","@id":"https:\/\/dev6.erresse-shop.it\/#\/schema\/logo\/image\/","url":"https:\/\/dev6.erresse-shop.it\/wp-content\/uploads\/2025\/01\/LOGO-ERRESSE-CLASSICO.svg","contentUrl":"https:\/\/dev6.erresse-shop.it\/wp-content\/uploads\/2025\/01\/LOGO-ERRESSE-CLASSICO.svg","caption":"Erresse Shop"},"image":{"@id":"https:\/\/dev6.erresse-shop.it\/#\/schema\/logo\/image\/"}}]}},"df_price":189.95,"df_sale_price":189.95,"df_regular_price":219.99,"df_image_link":"https:\/\/i1.wp.com\/interpim.erresse-shop.it\/wp-content\/uploads\/2025\/04\/INSTANT-POT-Friggitrice-ad-Aria-Vortex-Plus-Dual-ClearCook-SS-8-L.jpg\/instant-pot-friggitrice-ad-aria-vortex-plus-dual-clearcook-ss-8-l.jpg?resize=300,300&ssl=1","fifu_image_url":"https:\/\/interpim.erresse-shop.it\/wp-content\/uploads\/2025\/04\/INSTANT-POT-Friggitrice-ad-Aria-Vortex-Plus-Dual-ClearCook-SS-8-L.jpg\/instant-pot-friggitrice-ad-aria-vortex-plus-dual-clearcook-ss-8-l.jpg","_links":{"self":[{"href":"https:\/\/dev6.erresse-shop.it\/de\/wp-json\/wp\/v2\/product\/2303013","targetHints":{"allow":["GET"]}}],"collection":[{"href":"https:\/\/dev6.erresse-shop.it\/de\/wp-json\/wp\/v2\/product"}],"about":[{"href":"https:\/\/dev6.erresse-shop.it\/de\/wp-json\/wp\/v2\/types\/product"}],"wp:featuredmedia":[{"embeddable":true,"href":"https:\/\/dev6.erresse-shop.it\/de\/wp-json\/wp\/v2\/media\/6380980"}],"wp:attachment":[{"href":"https:\/\/dev6.erresse-shop.it\/de\/wp-json\/wp\/v2\/media?parent=2303013"}],"wp:term":[{"taxonomy":"product_cat","embeddable":true,"href":"https:\/\/dev6.erresse-shop.it\/de\/wp-json\/wp\/v2\/product_cat?post=2303013"},{"taxonomy":"product_tag","embeddable":true,"href":"https:\/\/dev6.erresse-shop.it\/de\/wp-json\/wp\/v2\/product_tag?post=2303013"}],"curies":[{"name":"wp","href":"https:\/\/api.w.org\/{rel}","templated":true}]}}