{"id":2302963,"date":"2026-04-04T14:32:25","date_gmt":"2026-04-04T12:32:25","guid":{"rendered":"https:\/\/dev6.erresse-shop.it\/shop\/unkategorisiert\/joseph-joseph-totem-max-abfall-und-recyclingbehaelter-60-liter-stein\/"},"modified":"2025-12-08T17:48:29","modified_gmt":"2025-12-08T16:48:29","slug":"joseph-joseph-totem-max-abfall-und-recyclingbehaelter-60-liter-stein","status":"publish","type":"product","link":"https:\/\/dev6.erresse-shop.it\/de\/shop\/einrichtung-haus\/muelltonnen\/joseph-joseph-totem-max-abfall-und-recyclingbehaelter-60-liter-stein\/","title":{"rendered":"JOSEPH JOSEPH Totem Max Abfall- und Recyclingbeh\u00e4lter 60 Liter Stein"},"content":{"rendered":"<p>Der K\u00fcchenm\u00fclleimer ist der heimliche Held im Herzen des Hauses, doch nur wenige sind der Aufgabe gewachsen, den allgemeinen M\u00fcll, Essensreste und Recyclingmaterial zu entsorgen. Entdecken Sie Totem. Unser preisgekr\u00f6nter M\u00fclleimer verf\u00fcgt \u00fcber mehrere F\u00e4cher f\u00fcr alle Arten von Haushaltsabf\u00e4llen, sodass Sie alles in einer kompakten Einheit trennen k\u00f6nnen. Die integrierte Geruchskontrolle sorgt au\u00dferdem daf\u00fcr, dass Ihre K\u00fcche frisch riecht.<\/p>\n<p>Preisgekr\u00f6ntes Design vereint drei Beh\u00e4lter in einem<br \/>\nEnth\u00e4lt zwei 30-Liter-Beh\u00e4lter f\u00fcr einfaches Trennen und Recyceln von Abf\u00e4llen sowie einen abnehmbaren 3-Liter-Beh\u00e4lter f\u00fcr Lebensmittelabf\u00e4lle<br \/>\nEinzigartiges vertikales Design maximiert die Kapazit\u00e4t auf kompaktem Raum<br \/>\nIntegrierte Geruchskontrolle reduziert unangenehme Ger\u00fcche mit austauschbaren Aktivkohlefiltern<br \/>\nHerausnehmbare F\u00e4cher verf\u00fcgen \u00fcber Beutelhalterungen und Beutelhaken zum einfachen Entleeren<\/p>\n<p>Pflege und Gebrauch<\/p>\n<p>Verwenden Sie 60 Liter mit IW2- und IW6-Sonderbeh\u00e4ltern (auch f\u00fcr die Verwendung mit Standardbeh\u00e4ltern geeignet).<br \/>\nAu\u00dfenfl\u00e4chen: Mit einem feuchten Tuch reinigen und mit einem weichen, trockenen Tuch trocknen. Verwenden Sie keine Scheuert\u00fccher oder aggressiven chemischen Reinigungsmittel.<br \/>\nEimer und Beh\u00e4lter f\u00fcr Lebensmittelabf\u00e4lle: Aus dem Ger\u00e4t nehmen und mit warmem Seifenwasser reinigen. Trocknen Sie sie, bevor Sie sie wieder in das Ger\u00e4t einsetzen (um schlechte Ger\u00fcche zu entfernen, k\u00f6nnen Sie auch eine L\u00f6sung aus Backpulver und Wasser verwenden).<br \/>\nAnti-Geruchsfilter: F\u00fcr eine optimale Leistung wird empfohlen, den Anti-Geruchsfilter alle 3 Monate auszutauschen.<\/p>\n<p>Abmessungen:<\/p>\n<p>H 81,4 (Deckel geschlossen) H 111 (Deckel ge\u00f6ffnet) x B 39 x T 36,6 cm<\/p>\n<p>Gewicht: 9,7 kg<\/p>\n","protected":false},"excerpt":{"rendered":"<p>Der K\u00fcchenm\u00fclleimer ist der heimliche Held im Herzen des Hauses, doch nur wenige sind der Aufgabe gewachsen, den allgemeinen M\u00fcll, Essensreste und Recyclingmaterial zu entsorgen. Entdecken Sie Totem. Unser preisgekr\u00f6nter M\u00fclleimer verf\u00fcgt \u00fcber mehrere F\u00e4cher f\u00fcr alle Arten von Haushaltsabf\u00e4llen, sodass Sie alles in einer kompakten Einheit trennen k\u00f6nnen. Die integrierte Geruchskontrolle sorgt au\u00dferdem daf\u00fcr, [&hellip;]<\/p>\n","protected":false},"featured_media":6297560,"template":"","meta":{"_acf_changed":false},"product_cat":[12098,12137],"product_tag":[],"class_list":{"0":"post-2302963","1":"product","2":"type-product","3":"status-publish","4":"has-post-thumbnail","6":"product_cat-einrichtung-haus","7":"product_cat-muelltonnen","9":"first","10":"instock","11":"sale","12":"taxable","13":"shipping-taxable","14":"purchasable","15":"product-type-simple","swatches":"rey-swatches","show_selected":"","stretch_labels":"rey-swatches--stretch-labels"},"acf":[],"yoast_head":"<!-- This site is optimized with the Yoast SEO plugin v25.4 - https:\/\/yoast.com\/wordpress\/plugins\/seo\/ -->\n<title>JOSEPH JOSEPH Totem Max Abfall- und Recyclingbeh\u00e4lter 60 Liter Stein - dev6 Erresse<\/title>\n<meta name=\"description\" content=\"Der K\u00fcchenm\u00fclleimer ist der heimliche Held im Herzen des Hauses, doch nur wenige sind der Aufgabe gewachsen, den allgemeinen M\u00fcll, Essensreste und\" \/>\n<meta name=\"robots\" content=\"noindex, follow, max-snippet:-1, max-image-preview:large, max-video-preview:-1\" \/>\n<meta property=\"og:locale\" content=\"de_DE\" \/>\n<meta property=\"og:type\" content=\"article\" \/>\n<meta property=\"og:title\" content=\"JOSEPH JOSEPH Totem Max Abfall- und Recyclingbeh\u00e4lter 60 Liter Stein - dev6 Erresse\" \/>\n<meta property=\"og:description\" content=\"Der K\u00fcchenm\u00fclleimer ist der heimliche Held im Herzen des Hauses, doch nur wenige sind der Aufgabe gewachsen, den allgemeinen M\u00fcll, Essensreste und\" \/>\n<meta property=\"og:url\" content=\"https:\/\/dev6.erresse-shop.it\/de\/shop\/einrichtung-haus\/muelltonnen\/joseph-joseph-totem-max-abfall-und-recyclingbehaelter-60-liter-stein\/\" \/>\n<meta property=\"og:site_name\" content=\"dev6 Erresse\" \/>\n<meta property=\"og:image\" content=\"https:\/\/interpim.erresse-shop.it\/wp-content\/uploads\/2025\/04\/JOSEPH-JOSEPH-Totem-Max-Pattumiera-60-litri-Pietra.jpg\/joseph-joseph-totem-max-pattumiera-60-litri-pietra.jpg\" \/><meta property=\"og:image\" content=\"https:\/\/interpim.erresse-shop.it\/wp-content\/uploads\/2025\/04\/JOSEPH-JOSEPH-Totem-Max-Pattumiera-60-litri-Pietra.jpg\/joseph-joseph-totem-max-pattumiera-60-litri-pietra.jpg\" \/>\n\t<meta property=\"og:image:width\" content=\"1024\" \/>\n\t<meta property=\"og:image:height\" content=\"1024\" \/>\n\t<meta property=\"og:image:type\" content=\"image\/jpeg\" \/>\n<meta name=\"twitter:card\" content=\"summary_large_image\" \/>\n<meta name=\"twitter:image\" content=\"https:\/\/interpim.erresse-shop.it\/wp-content\/uploads\/2025\/04\/JOSEPH-JOSEPH-Totem-Max-Pattumiera-60-litri-Pietra.jpg\/joseph-joseph-totem-max-pattumiera-60-litri-pietra.jpg\" \/>\n<script type=\"application\/ld+json\" class=\"yoast-schema-graph\">{\"@context\":\"https:\/\/schema.org\",\"@graph\":[{\"@type\":\"WebPage\",\"@id\":\"https:\/\/dev6.erresse-shop.it\/de\/shop\/einrichtung-haus\/muelltonnen\/joseph-joseph-totem-max-abfall-und-recyclingbehaelter-60-liter-stein\/\",\"url\":\"https:\/\/dev6.erresse-shop.it\/de\/shop\/einrichtung-haus\/muelltonnen\/joseph-joseph-totem-max-abfall-und-recyclingbehaelter-60-liter-stein\/\",\"name\":\"JOSEPH JOSEPH Totem Max Abfall- und Recyclingbeh\u00e4lter 60 Liter Stein - dev6 Erresse\",\"isPartOf\":{\"@id\":\"https:\/\/dev6.erresse-shop.it\/#website\"},\"primaryImageOfPage\":{\"@id\":\"https:\/\/dev6.erresse-shop.it\/de\/shop\/einrichtung-haus\/muelltonnen\/joseph-joseph-totem-max-abfall-und-recyclingbehaelter-60-liter-stein\/#primaryimage\"},\"image\":{\"@id\":\"https:\/\/dev6.erresse-shop.it\/de\/shop\/einrichtung-haus\/muelltonnen\/joseph-joseph-totem-max-abfall-und-recyclingbehaelter-60-liter-stein\/#primaryimage\"},\"thumbnailUrl\":\"https:\/\/i1.wp.com\/interpim.erresse-shop.it\/wp-content\/uploads\/2025\/04\/JOSEPH-JOSEPH-Totem-Max-Pattumiera-60-litri-Pietra.jpg\/joseph-joseph-totem-max-pattumiera-60-litri-pietra.jpg?ssl=1\",\"datePublished\":\"2026-04-04T12:32:25+00:00\",\"description\":\"Der K\u00fcchenm\u00fclleimer ist der heimliche Held im Herzen des Hauses, doch nur wenige sind der Aufgabe gewachsen, den allgemeinen M\u00fcll, Essensreste und\",\"breadcrumb\":{\"@id\":\"https:\/\/dev6.erresse-shop.it\/de\/shop\/einrichtung-haus\/muelltonnen\/joseph-joseph-totem-max-abfall-und-recyclingbehaelter-60-liter-stein\/#breadcrumb\"},\"inLanguage\":\"de\",\"potentialAction\":[{\"@type\":\"ReadAction\",\"target\":[\"https:\/\/dev6.erresse-shop.it\/de\/shop\/einrichtung-haus\/muelltonnen\/joseph-joseph-totem-max-abfall-und-recyclingbehaelter-60-liter-stein\/\"]}]},{\"@type\":\"ImageObject\",\"inLanguage\":\"de\",\"@id\":\"https:\/\/dev6.erresse-shop.it\/de\/shop\/einrichtung-haus\/muelltonnen\/joseph-joseph-totem-max-abfall-und-recyclingbehaelter-60-liter-stein\/#primaryimage\",\"url\":\"https:\/\/i1.wp.com\/interpim.erresse-shop.it\/wp-content\/uploads\/2025\/04\/JOSEPH-JOSEPH-Totem-Max-Pattumiera-60-litri-Pietra.jpg\/joseph-joseph-totem-max-pattumiera-60-litri-pietra.jpg?ssl=1\",\"contentUrl\":\"https:\/\/i1.wp.com\/interpim.erresse-shop.it\/wp-content\/uploads\/2025\/04\/JOSEPH-JOSEPH-Totem-Max-Pattumiera-60-litri-Pietra.jpg\/joseph-joseph-totem-max-pattumiera-60-litri-pietra.jpg?ssl=1\"},{\"@type\":\"BreadcrumbList\",\"@id\":\"https:\/\/dev6.erresse-shop.it\/de\/shop\/einrichtung-haus\/muelltonnen\/joseph-joseph-totem-max-abfall-und-recyclingbehaelter-60-liter-stein\/#breadcrumb\",\"itemListElement\":[{\"@type\":\"ListItem\",\"position\":1,\"name\":\"Home\",\"item\":\"https:\/\/dev6.erresse-shop.it\/\"},{\"@type\":\"ListItem\",\"position\":2,\"name\":\"Shop\",\"item\":\"https:\/\/dev6.erresse-shop.it\/shop\/\"},{\"@type\":\"ListItem\",\"position\":3,\"name\":\"JOSEPH JOSEPH Totem Max Abfall- und Recyclingbeh\u00e4lter 60 Liter Stein\"}]},{\"@type\":\"WebSite\",\"@id\":\"https:\/\/dev6.erresse-shop.it\/#website\",\"url\":\"https:\/\/dev6.erresse-shop.it\/\",\"name\":\"Erresse Shop\",\"description\":\"\",\"publisher\":{\"@id\":\"https:\/\/dev6.erresse-shop.it\/#organization\"},\"potentialAction\":[{\"@type\":\"SearchAction\",\"target\":{\"@type\":\"EntryPoint\",\"urlTemplate\":\"https:\/\/dev6.erresse-shop.it\/?s={search_term_string}\"},\"query-input\":{\"@type\":\"PropertyValueSpecification\",\"valueRequired\":true,\"valueName\":\"search_term_string\"}}],\"inLanguage\":\"de\"},{\"@type\":\"Organization\",\"@id\":\"https:\/\/dev6.erresse-shop.it\/#organization\",\"name\":\"Erresse Shop\",\"url\":\"https:\/\/dev6.erresse-shop.it\/\",\"logo\":{\"@type\":\"ImageObject\",\"inLanguage\":\"de\",\"@id\":\"https:\/\/dev6.erresse-shop.it\/#\/schema\/logo\/image\/\",\"url\":\"https:\/\/dev6.erresse-shop.it\/wp-content\/uploads\/2025\/01\/LOGO-ERRESSE-CLASSICO.svg\",\"contentUrl\":\"https:\/\/dev6.erresse-shop.it\/wp-content\/uploads\/2025\/01\/LOGO-ERRESSE-CLASSICO.svg\",\"caption\":\"Erresse Shop\"},\"image\":{\"@id\":\"https:\/\/dev6.erresse-shop.it\/#\/schema\/logo\/image\/\"}}]}<\/script>\n<!-- \/ Yoast SEO plugin. -->","yoast_head_json":{"title":"JOSEPH JOSEPH Totem Max Abfall- und Recyclingbeh\u00e4lter 60 Liter Stein - dev6 Erresse","description":"Der K\u00fcchenm\u00fclleimer ist der heimliche Held im Herzen des Hauses, doch nur wenige sind der Aufgabe gewachsen, den allgemeinen M\u00fcll, Essensreste und","robots":{"index":"noindex","follow":"follow","max-snippet":"max-snippet:-1","max-image-preview":"max-image-preview:large","max-video-preview":"max-video-preview:-1"},"og_locale":"de_DE","og_type":"article","og_title":"JOSEPH JOSEPH Totem Max Abfall- und Recyclingbeh\u00e4lter 60 Liter Stein - dev6 Erresse","og_description":"Der K\u00fcchenm\u00fclleimer ist der heimliche Held im Herzen des Hauses, doch nur wenige sind der Aufgabe gewachsen, den allgemeinen M\u00fcll, Essensreste und","og_url":"https:\/\/dev6.erresse-shop.it\/de\/shop\/einrichtung-haus\/muelltonnen\/joseph-joseph-totem-max-abfall-und-recyclingbehaelter-60-liter-stein\/","og_site_name":"dev6 Erresse","og_image":[{"url":"https:\/\/interpim.erresse-shop.it\/wp-content\/uploads\/2025\/04\/JOSEPH-JOSEPH-Totem-Max-Pattumiera-60-litri-Pietra.jpg\/joseph-joseph-totem-max-pattumiera-60-litri-pietra.jpg","type":"","width":"","height":""},{"url":"https:\/\/interpim.erresse-shop.it\/wp-content\/uploads\/2025\/04\/JOSEPH-JOSEPH-Totem-Max-Pattumiera-60-litri-Pietra.jpg\/joseph-joseph-totem-max-pattumiera-60-litri-pietra.jpg","width":1024,"height":1024,"type":"image\/jpeg"}],"twitter_card":"summary_large_image","twitter_image":"https:\/\/interpim.erresse-shop.it\/wp-content\/uploads\/2025\/04\/JOSEPH-JOSEPH-Totem-Max-Pattumiera-60-litri-Pietra.jpg\/joseph-joseph-totem-max-pattumiera-60-litri-pietra.jpg","schema":{"@context":"https:\/\/schema.org","@graph":[{"@type":"WebPage","@id":"https:\/\/dev6.erresse-shop.it\/de\/shop\/einrichtung-haus\/muelltonnen\/joseph-joseph-totem-max-abfall-und-recyclingbehaelter-60-liter-stein\/","url":"https:\/\/dev6.erresse-shop.it\/de\/shop\/einrichtung-haus\/muelltonnen\/joseph-joseph-totem-max-abfall-und-recyclingbehaelter-60-liter-stein\/","name":"JOSEPH JOSEPH Totem Max Abfall- und Recyclingbeh\u00e4lter 60 Liter Stein - dev6 Erresse","isPartOf":{"@id":"https:\/\/dev6.erresse-shop.it\/#website"},"primaryImageOfPage":{"@id":"https:\/\/dev6.erresse-shop.it\/de\/shop\/einrichtung-haus\/muelltonnen\/joseph-joseph-totem-max-abfall-und-recyclingbehaelter-60-liter-stein\/#primaryimage"},"image":{"@id":"https:\/\/dev6.erresse-shop.it\/de\/shop\/einrichtung-haus\/muelltonnen\/joseph-joseph-totem-max-abfall-und-recyclingbehaelter-60-liter-stein\/#primaryimage"},"thumbnailUrl":"https:\/\/i1.wp.com\/interpim.erresse-shop.it\/wp-content\/uploads\/2025\/04\/JOSEPH-JOSEPH-Totem-Max-Pattumiera-60-litri-Pietra.jpg\/joseph-joseph-totem-max-pattumiera-60-litri-pietra.jpg?ssl=1","datePublished":"2026-04-04T12:32:25+00:00","description":"Der K\u00fcchenm\u00fclleimer ist der heimliche Held im Herzen des Hauses, doch nur wenige sind der Aufgabe gewachsen, den allgemeinen M\u00fcll, Essensreste und","breadcrumb":{"@id":"https:\/\/dev6.erresse-shop.it\/de\/shop\/einrichtung-haus\/muelltonnen\/joseph-joseph-totem-max-abfall-und-recyclingbehaelter-60-liter-stein\/#breadcrumb"},"inLanguage":"de","potentialAction":[{"@type":"ReadAction","target":["https:\/\/dev6.erresse-shop.it\/de\/shop\/einrichtung-haus\/muelltonnen\/joseph-joseph-totem-max-abfall-und-recyclingbehaelter-60-liter-stein\/"]}]},{"@type":"ImageObject","inLanguage":"de","@id":"https:\/\/dev6.erresse-shop.it\/de\/shop\/einrichtung-haus\/muelltonnen\/joseph-joseph-totem-max-abfall-und-recyclingbehaelter-60-liter-stein\/#primaryimage","url":"https:\/\/i1.wp.com\/interpim.erresse-shop.it\/wp-content\/uploads\/2025\/04\/JOSEPH-JOSEPH-Totem-Max-Pattumiera-60-litri-Pietra.jpg\/joseph-joseph-totem-max-pattumiera-60-litri-pietra.jpg?ssl=1","contentUrl":"https:\/\/i1.wp.com\/interpim.erresse-shop.it\/wp-content\/uploads\/2025\/04\/JOSEPH-JOSEPH-Totem-Max-Pattumiera-60-litri-Pietra.jpg\/joseph-joseph-totem-max-pattumiera-60-litri-pietra.jpg?ssl=1"},{"@type":"BreadcrumbList","@id":"https:\/\/dev6.erresse-shop.it\/de\/shop\/einrichtung-haus\/muelltonnen\/joseph-joseph-totem-max-abfall-und-recyclingbehaelter-60-liter-stein\/#breadcrumb","itemListElement":[{"@type":"ListItem","position":1,"name":"Home","item":"https:\/\/dev6.erresse-shop.it\/"},{"@type":"ListItem","position":2,"name":"Shop","item":"https:\/\/dev6.erresse-shop.it\/shop\/"},{"@type":"ListItem","position":3,"name":"JOSEPH JOSEPH Totem Max Abfall- und Recyclingbeh\u00e4lter 60 Liter Stein"}]},{"@type":"WebSite","@id":"https:\/\/dev6.erresse-shop.it\/#website","url":"https:\/\/dev6.erresse-shop.it\/","name":"Erresse Shop","description":"","publisher":{"@id":"https:\/\/dev6.erresse-shop.it\/#organization"},"potentialAction":[{"@type":"SearchAction","target":{"@type":"EntryPoint","urlTemplate":"https:\/\/dev6.erresse-shop.it\/?s={search_term_string}"},"query-input":{"@type":"PropertyValueSpecification","valueRequired":true,"valueName":"search_term_string"}}],"inLanguage":"de"},{"@type":"Organization","@id":"https:\/\/dev6.erresse-shop.it\/#organization","name":"Erresse Shop","url":"https:\/\/dev6.erresse-shop.it\/","logo":{"@type":"ImageObject","inLanguage":"de","@id":"https:\/\/dev6.erresse-shop.it\/#\/schema\/logo\/image\/","url":"https:\/\/dev6.erresse-shop.it\/wp-content\/uploads\/2025\/01\/LOGO-ERRESSE-CLASSICO.svg","contentUrl":"https:\/\/dev6.erresse-shop.it\/wp-content\/uploads\/2025\/01\/LOGO-ERRESSE-CLASSICO.svg","caption":"Erresse Shop"},"image":{"@id":"https:\/\/dev6.erresse-shop.it\/#\/schema\/logo\/image\/"}}]}},"df_price":184.95,"df_sale_price":184.95,"df_regular_price":229.99,"df_image_link":"https:\/\/i1.wp.com\/interpim.erresse-shop.it\/wp-content\/uploads\/2025\/04\/JOSEPH-JOSEPH-Totem-Max-Pattumiera-60-litri-Pietra.jpg\/joseph-joseph-totem-max-pattumiera-60-litri-pietra.jpg?resize=300,300&ssl=1","fifu_image_url":"https:\/\/interpim.erresse-shop.it\/wp-content\/uploads\/2025\/04\/JOSEPH-JOSEPH-Totem-Max-Pattumiera-60-litri-Pietra.jpg\/joseph-joseph-totem-max-pattumiera-60-litri-pietra.jpg","_links":{"self":[{"href":"https:\/\/dev6.erresse-shop.it\/de\/wp-json\/wp\/v2\/product\/2302963","targetHints":{"allow":["GET"]}}],"collection":[{"href":"https:\/\/dev6.erresse-shop.it\/de\/wp-json\/wp\/v2\/product"}],"about":[{"href":"https:\/\/dev6.erresse-shop.it\/de\/wp-json\/wp\/v2\/types\/product"}],"wp:featuredmedia":[{"embeddable":true,"href":"https:\/\/dev6.erresse-shop.it\/de\/wp-json\/wp\/v2\/media\/6297560"}],"wp:attachment":[{"href":"https:\/\/dev6.erresse-shop.it\/de\/wp-json\/wp\/v2\/media?parent=2302963"}],"wp:term":[{"taxonomy":"product_cat","embeddable":true,"href":"https:\/\/dev6.erresse-shop.it\/de\/wp-json\/wp\/v2\/product_cat?post=2302963"},{"taxonomy":"product_tag","embeddable":true,"href":"https:\/\/dev6.erresse-shop.it\/de\/wp-json\/wp\/v2\/product_tag?post=2302963"}],"curies":[{"name":"wp","href":"https:\/\/api.w.org\/{rel}","templated":true}]}}