{"id":2302957,"date":"2026-04-03T15:20:13","date_gmt":"2026-04-03T13:20:13","guid":{"rendered":"https:\/\/dev6.erresse-shop.it\/shop\/unkategorisiert\/zafferano-teca-mare-seestern3\/"},"modified":"2025-09-14T03:33:34","modified_gmt":"2025-09-14T01:33:34","slug":"zafferano-teca-mare-seestern3","status":"publish","type":"product","link":"https:\/\/dev6.erresse-shop.it\/de\/shop\/tisch\/karaffen-flaschen-kruege\/zafferano-teca-mare-seestern3\/","title":{"rendered":"ZAFFERANO Teca Mare Seestern3"},"content":{"rendered":"<p>Die Karaffen aus der Teca Mare-Kollektion von Zafferano vereinen Funktionalit\u00e4t mit Dekoration und bereichern Ihren Tisch im maritimen Stil. Die Karaffen werden in Handarbeit aus Borosilikatglas hergestellt und weisen im Inneren des doppelt verglasten Glases faszinierende Verzierungen auf, wie etwa zweifarbige Fische, Sardinen, Korallen, Seeigel und Seesterne. Dank des sch\u00fctzenden Doppelbodens k\u00f6nnen Sie Eis einlegen, ohne bef\u00fcrchten zu m\u00fcssen, dass es zerbricht. So bleibt Ihr Getr\u00e4nk frisch und die Karaffe intakt. Diese Karaffen sind leicht zu reinigen und ideal f\u00fcr den t\u00e4glichen Gebrauch. Sie sind f\u00fcr alle gedacht, die ihren geselligen Momenten einen Hauch von Eleganz und Originalit\u00e4t verleihen und jeden Anlass in ein einzigartiges und farbenfrohes Erlebnis verwandeln m\u00f6chten.<\/p>\n<p>Funktionen:<\/p>\n<p>Durchmesser: 8,5 cm<br \/>\nGesamth\u00f6he: 19,5 cm<br \/>\nVorsprung: 13,8 cm<br \/>\nFassungsverm\u00f6gen: 75 cl<\/p>\n","protected":false},"excerpt":{"rendered":"<p>Die Karaffen aus der Teca Mare-Kollektion von Zafferano vereinen Funktionalit\u00e4t mit Dekoration und bereichern Ihren Tisch im maritimen Stil. Die Karaffen werden in Handarbeit aus Borosilikatglas hergestellt und weisen im Inneren des doppelt verglasten Glases faszinierende Verzierungen auf, wie etwa zweifarbige Fische, Sardinen, Korallen, Seeigel und Seesterne. Dank des sch\u00fctzenden Doppelbodens k\u00f6nnen Sie Eis einlegen, [&hellip;]<\/p>\n","protected":false},"featured_media":6255904,"template":"","meta":{"_acf_changed":false},"product_cat":[12115,12103],"product_tag":[],"class_list":{"0":"post-2302957","1":"product","2":"type-product","3":"status-publish","4":"has-post-thumbnail","6":"product_cat-karaffen-flaschen-kruege","7":"product_cat-tisch","9":"first","10":"instock","11":"taxable","12":"shipping-taxable","13":"purchasable","14":"product-type-simple","swatches":"rey-swatches","show_selected":"","stretch_labels":"rey-swatches--stretch-labels"},"acf":[],"yoast_head":"<!-- This site is optimized with the Yoast SEO plugin v25.4 - https:\/\/yoast.com\/wordpress\/plugins\/seo\/ -->\n<title>ZAFFERANO Teca Mare Seestern3 - dev6 Erresse<\/title>\n<meta name=\"description\" content=\"Die Karaffen aus der Teca Mare-Kollektion von Zafferano vereinen Funktionalit\u00e4t mit Dekoration und bereichern Ihren Tisch im maritimen Stil. Die Karaffen\" \/>\n<meta name=\"robots\" content=\"noindex, follow, max-snippet:-1, max-image-preview:large, max-video-preview:-1\" \/>\n<meta property=\"og:locale\" content=\"de_DE\" \/>\n<meta property=\"og:type\" content=\"article\" \/>\n<meta property=\"og:title\" content=\"ZAFFERANO Teca Mare Seestern3 - dev6 Erresse\" \/>\n<meta property=\"og:description\" content=\"Die Karaffen aus der Teca Mare-Kollektion von Zafferano vereinen Funktionalit\u00e4t mit Dekoration und bereichern Ihren Tisch im maritimen Stil. Die Karaffen\" \/>\n<meta property=\"og:url\" content=\"https:\/\/dev6.erresse-shop.it\/de\/shop\/tisch\/karaffen-flaschen-kruege\/zafferano-teca-mare-seestern3\/\" \/>\n<meta property=\"og:site_name\" content=\"dev6 Erresse\" \/>\n<meta property=\"og:image\" content=\"https:\/\/interpim.erresse-shop.it\/wp-content\/uploads\/2025\/04\/ZAFFERANO-Teca-Mare-Caraffa-Stella-Marina.jpg\/zafferano-teca-mare-caraffa-stella-marina.jpg\" \/><meta property=\"og:image\" content=\"https:\/\/interpim.erresse-shop.it\/wp-content\/uploads\/2025\/04\/ZAFFERANO-Teca-Mare-Caraffa-Stella-Marina.jpg\/zafferano-teca-mare-caraffa-stella-marina.jpg\" \/>\n\t<meta property=\"og:image:width\" content=\"1024\" \/>\n\t<meta property=\"og:image:height\" content=\"1024\" \/>\n\t<meta property=\"og:image:type\" content=\"image\/jpeg\" \/>\n<meta name=\"twitter:card\" content=\"summary_large_image\" \/>\n<meta name=\"twitter:image\" content=\"https:\/\/interpim.erresse-shop.it\/wp-content\/uploads\/2025\/04\/ZAFFERANO-Teca-Mare-Caraffa-Stella-Marina.jpg\/zafferano-teca-mare-caraffa-stella-marina.jpg\" \/>\n<script type=\"application\/ld+json\" class=\"yoast-schema-graph\">{\"@context\":\"https:\/\/schema.org\",\"@graph\":[{\"@type\":\"WebPage\",\"@id\":\"https:\/\/dev6.erresse-shop.it\/de\/shop\/tisch\/karaffen-flaschen-kruege\/zafferano-teca-mare-seestern3\/\",\"url\":\"https:\/\/dev6.erresse-shop.it\/de\/shop\/tisch\/karaffen-flaschen-kruege\/zafferano-teca-mare-seestern3\/\",\"name\":\"ZAFFERANO Teca Mare Seestern3 - dev6 Erresse\",\"isPartOf\":{\"@id\":\"https:\/\/dev6.erresse-shop.it\/#website\"},\"primaryImageOfPage\":{\"@id\":\"https:\/\/dev6.erresse-shop.it\/de\/shop\/tisch\/karaffen-flaschen-kruege\/zafferano-teca-mare-seestern3\/#primaryimage\"},\"image\":{\"@id\":\"https:\/\/dev6.erresse-shop.it\/de\/shop\/tisch\/karaffen-flaschen-kruege\/zafferano-teca-mare-seestern3\/#primaryimage\"},\"thumbnailUrl\":\"https:\/\/i3.wp.com\/interpim.erresse-shop.it\/wp-content\/uploads\/2025\/04\/ZAFFERANO-Teca-Mare-Caraffa-Stella-Marina.jpg\/zafferano-teca-mare-caraffa-stella-marina.jpg?ssl=1\",\"datePublished\":\"2026-04-03T13:20:13+00:00\",\"description\":\"Die Karaffen aus der Teca Mare-Kollektion von Zafferano vereinen Funktionalit\u00e4t mit Dekoration und bereichern Ihren Tisch im maritimen Stil. Die Karaffen\",\"breadcrumb\":{\"@id\":\"https:\/\/dev6.erresse-shop.it\/de\/shop\/tisch\/karaffen-flaschen-kruege\/zafferano-teca-mare-seestern3\/#breadcrumb\"},\"inLanguage\":\"de\",\"potentialAction\":[{\"@type\":\"ReadAction\",\"target\":[\"https:\/\/dev6.erresse-shop.it\/de\/shop\/tisch\/karaffen-flaschen-kruege\/zafferano-teca-mare-seestern3\/\"]}]},{\"@type\":\"ImageObject\",\"inLanguage\":\"de\",\"@id\":\"https:\/\/dev6.erresse-shop.it\/de\/shop\/tisch\/karaffen-flaschen-kruege\/zafferano-teca-mare-seestern3\/#primaryimage\",\"url\":\"https:\/\/i3.wp.com\/interpim.erresse-shop.it\/wp-content\/uploads\/2025\/04\/ZAFFERANO-Teca-Mare-Caraffa-Stella-Marina.jpg\/zafferano-teca-mare-caraffa-stella-marina.jpg?ssl=1\",\"contentUrl\":\"https:\/\/i3.wp.com\/interpim.erresse-shop.it\/wp-content\/uploads\/2025\/04\/ZAFFERANO-Teca-Mare-Caraffa-Stella-Marina.jpg\/zafferano-teca-mare-caraffa-stella-marina.jpg?ssl=1\"},{\"@type\":\"BreadcrumbList\",\"@id\":\"https:\/\/dev6.erresse-shop.it\/de\/shop\/tisch\/karaffen-flaschen-kruege\/zafferano-teca-mare-seestern3\/#breadcrumb\",\"itemListElement\":[{\"@type\":\"ListItem\",\"position\":1,\"name\":\"Home\",\"item\":\"https:\/\/dev6.erresse-shop.it\/\"},{\"@type\":\"ListItem\",\"position\":2,\"name\":\"Shop\",\"item\":\"https:\/\/dev6.erresse-shop.it\/shop\/\"},{\"@type\":\"ListItem\",\"position\":3,\"name\":\"ZAFFERANO Teca Mare Seestern3\"}]},{\"@type\":\"WebSite\",\"@id\":\"https:\/\/dev6.erresse-shop.it\/#website\",\"url\":\"https:\/\/dev6.erresse-shop.it\/\",\"name\":\"Erresse Shop\",\"description\":\"\",\"publisher\":{\"@id\":\"https:\/\/dev6.erresse-shop.it\/#organization\"},\"potentialAction\":[{\"@type\":\"SearchAction\",\"target\":{\"@type\":\"EntryPoint\",\"urlTemplate\":\"https:\/\/dev6.erresse-shop.it\/?s={search_term_string}\"},\"query-input\":{\"@type\":\"PropertyValueSpecification\",\"valueRequired\":true,\"valueName\":\"search_term_string\"}}],\"inLanguage\":\"de\"},{\"@type\":\"Organization\",\"@id\":\"https:\/\/dev6.erresse-shop.it\/#organization\",\"name\":\"Erresse Shop\",\"url\":\"https:\/\/dev6.erresse-shop.it\/\",\"logo\":{\"@type\":\"ImageObject\",\"inLanguage\":\"de\",\"@id\":\"https:\/\/dev6.erresse-shop.it\/#\/schema\/logo\/image\/\",\"url\":\"https:\/\/dev6.erresse-shop.it\/wp-content\/uploads\/2025\/01\/LOGO-ERRESSE-CLASSICO.svg\",\"contentUrl\":\"https:\/\/dev6.erresse-shop.it\/wp-content\/uploads\/2025\/01\/LOGO-ERRESSE-CLASSICO.svg\",\"caption\":\"Erresse Shop\"},\"image\":{\"@id\":\"https:\/\/dev6.erresse-shop.it\/#\/schema\/logo\/image\/\"}}]}<\/script>\n<!-- \/ Yoast SEO plugin. -->","yoast_head_json":{"title":"ZAFFERANO Teca Mare Seestern3 - dev6 Erresse","description":"Die Karaffen aus der Teca Mare-Kollektion von Zafferano vereinen Funktionalit\u00e4t mit Dekoration und bereichern Ihren Tisch im maritimen Stil. Die Karaffen","robots":{"index":"noindex","follow":"follow","max-snippet":"max-snippet:-1","max-image-preview":"max-image-preview:large","max-video-preview":"max-video-preview:-1"},"og_locale":"de_DE","og_type":"article","og_title":"ZAFFERANO Teca Mare Seestern3 - dev6 Erresse","og_description":"Die Karaffen aus der Teca Mare-Kollektion von Zafferano vereinen Funktionalit\u00e4t mit Dekoration und bereichern Ihren Tisch im maritimen Stil. Die Karaffen","og_url":"https:\/\/dev6.erresse-shop.it\/de\/shop\/tisch\/karaffen-flaschen-kruege\/zafferano-teca-mare-seestern3\/","og_site_name":"dev6 Erresse","og_image":[{"url":"https:\/\/interpim.erresse-shop.it\/wp-content\/uploads\/2025\/04\/ZAFFERANO-Teca-Mare-Caraffa-Stella-Marina.jpg\/zafferano-teca-mare-caraffa-stella-marina.jpg","type":"","width":"","height":""},{"url":"https:\/\/interpim.erresse-shop.it\/wp-content\/uploads\/2025\/04\/ZAFFERANO-Teca-Mare-Caraffa-Stella-Marina.jpg\/zafferano-teca-mare-caraffa-stella-marina.jpg","width":1024,"height":1024,"type":"image\/jpeg"}],"twitter_card":"summary_large_image","twitter_image":"https:\/\/interpim.erresse-shop.it\/wp-content\/uploads\/2025\/04\/ZAFFERANO-Teca-Mare-Caraffa-Stella-Marina.jpg\/zafferano-teca-mare-caraffa-stella-marina.jpg","schema":{"@context":"https:\/\/schema.org","@graph":[{"@type":"WebPage","@id":"https:\/\/dev6.erresse-shop.it\/de\/shop\/tisch\/karaffen-flaschen-kruege\/zafferano-teca-mare-seestern3\/","url":"https:\/\/dev6.erresse-shop.it\/de\/shop\/tisch\/karaffen-flaschen-kruege\/zafferano-teca-mare-seestern3\/","name":"ZAFFERANO Teca Mare Seestern3 - dev6 Erresse","isPartOf":{"@id":"https:\/\/dev6.erresse-shop.it\/#website"},"primaryImageOfPage":{"@id":"https:\/\/dev6.erresse-shop.it\/de\/shop\/tisch\/karaffen-flaschen-kruege\/zafferano-teca-mare-seestern3\/#primaryimage"},"image":{"@id":"https:\/\/dev6.erresse-shop.it\/de\/shop\/tisch\/karaffen-flaschen-kruege\/zafferano-teca-mare-seestern3\/#primaryimage"},"thumbnailUrl":"https:\/\/i3.wp.com\/interpim.erresse-shop.it\/wp-content\/uploads\/2025\/04\/ZAFFERANO-Teca-Mare-Caraffa-Stella-Marina.jpg\/zafferano-teca-mare-caraffa-stella-marina.jpg?ssl=1","datePublished":"2026-04-03T13:20:13+00:00","description":"Die Karaffen aus der Teca Mare-Kollektion von Zafferano vereinen Funktionalit\u00e4t mit Dekoration und bereichern Ihren Tisch im maritimen Stil. Die Karaffen","breadcrumb":{"@id":"https:\/\/dev6.erresse-shop.it\/de\/shop\/tisch\/karaffen-flaschen-kruege\/zafferano-teca-mare-seestern3\/#breadcrumb"},"inLanguage":"de","potentialAction":[{"@type":"ReadAction","target":["https:\/\/dev6.erresse-shop.it\/de\/shop\/tisch\/karaffen-flaschen-kruege\/zafferano-teca-mare-seestern3\/"]}]},{"@type":"ImageObject","inLanguage":"de","@id":"https:\/\/dev6.erresse-shop.it\/de\/shop\/tisch\/karaffen-flaschen-kruege\/zafferano-teca-mare-seestern3\/#primaryimage","url":"https:\/\/i3.wp.com\/interpim.erresse-shop.it\/wp-content\/uploads\/2025\/04\/ZAFFERANO-Teca-Mare-Caraffa-Stella-Marina.jpg\/zafferano-teca-mare-caraffa-stella-marina.jpg?ssl=1","contentUrl":"https:\/\/i3.wp.com\/interpim.erresse-shop.it\/wp-content\/uploads\/2025\/04\/ZAFFERANO-Teca-Mare-Caraffa-Stella-Marina.jpg\/zafferano-teca-mare-caraffa-stella-marina.jpg?ssl=1"},{"@type":"BreadcrumbList","@id":"https:\/\/dev6.erresse-shop.it\/de\/shop\/tisch\/karaffen-flaschen-kruege\/zafferano-teca-mare-seestern3\/#breadcrumb","itemListElement":[{"@type":"ListItem","position":1,"name":"Home","item":"https:\/\/dev6.erresse-shop.it\/"},{"@type":"ListItem","position":2,"name":"Shop","item":"https:\/\/dev6.erresse-shop.it\/shop\/"},{"@type":"ListItem","position":3,"name":"ZAFFERANO Teca Mare Seestern3"}]},{"@type":"WebSite","@id":"https:\/\/dev6.erresse-shop.it\/#website","url":"https:\/\/dev6.erresse-shop.it\/","name":"Erresse Shop","description":"","publisher":{"@id":"https:\/\/dev6.erresse-shop.it\/#organization"},"potentialAction":[{"@type":"SearchAction","target":{"@type":"EntryPoint","urlTemplate":"https:\/\/dev6.erresse-shop.it\/?s={search_term_string}"},"query-input":{"@type":"PropertyValueSpecification","valueRequired":true,"valueName":"search_term_string"}}],"inLanguage":"de"},{"@type":"Organization","@id":"https:\/\/dev6.erresse-shop.it\/#organization","name":"Erresse Shop","url":"https:\/\/dev6.erresse-shop.it\/","logo":{"@type":"ImageObject","inLanguage":"de","@id":"https:\/\/dev6.erresse-shop.it\/#\/schema\/logo\/image\/","url":"https:\/\/dev6.erresse-shop.it\/wp-content\/uploads\/2025\/01\/LOGO-ERRESSE-CLASSICO.svg","contentUrl":"https:\/\/dev6.erresse-shop.it\/wp-content\/uploads\/2025\/01\/LOGO-ERRESSE-CLASSICO.svg","caption":"Erresse Shop"},"image":{"@id":"https:\/\/dev6.erresse-shop.it\/#\/schema\/logo\/image\/"}}]}},"df_price":20,"df_sale_price":"","df_regular_price":20,"df_image_link":"https:\/\/i3.wp.com\/interpim.erresse-shop.it\/wp-content\/uploads\/2025\/04\/ZAFFERANO-Teca-Mare-Caraffa-Stella-Marina.jpg\/zafferano-teca-mare-caraffa-stella-marina.jpg?resize=300,300&ssl=1","fifu_image_url":"https:\/\/interpim.erresse-shop.it\/wp-content\/uploads\/2025\/04\/ZAFFERANO-Teca-Mare-Caraffa-Stella-Marina.jpg\/zafferano-teca-mare-caraffa-stella-marina.jpg","_links":{"self":[{"href":"https:\/\/dev6.erresse-shop.it\/de\/wp-json\/wp\/v2\/product\/2302957","targetHints":{"allow":["GET"]}}],"collection":[{"href":"https:\/\/dev6.erresse-shop.it\/de\/wp-json\/wp\/v2\/product"}],"about":[{"href":"https:\/\/dev6.erresse-shop.it\/de\/wp-json\/wp\/v2\/types\/product"}],"wp:featuredmedia":[{"embeddable":true,"href":"https:\/\/dev6.erresse-shop.it\/de\/wp-json\/wp\/v2\/media\/6255904"}],"wp:attachment":[{"href":"https:\/\/dev6.erresse-shop.it\/de\/wp-json\/wp\/v2\/media?parent=2302957"}],"wp:term":[{"taxonomy":"product_cat","embeddable":true,"href":"https:\/\/dev6.erresse-shop.it\/de\/wp-json\/wp\/v2\/product_cat?post=2302957"},{"taxonomy":"product_tag","embeddable":true,"href":"https:\/\/dev6.erresse-shop.it\/de\/wp-json\/wp\/v2\/product_tag?post=2302957"}],"curies":[{"name":"wp","href":"https:\/\/api.w.org\/{rel}","templated":true}]}}