{"id":2302955,"date":"2026-04-12T14:32:00","date_gmt":"2026-04-12T12:32:00","guid":{"rendered":"https:\/\/dev6.erresse-shop.it\/shop\/unkategorisiert\/lego-room-copenhagen-storage-head-l-boy\/"},"modified":"2025-09-14T03:33:24","modified_gmt":"2025-09-14T01:33:24","slug":"lego-room-copenhagen-storage-head-l-boy","status":"publish","type":"product","link":"https:\/\/dev6.erresse-shop.it\/de\/shop\/einrichtung-haus\/moebel\/lego-room-copenhagen-storage-head-l-boy\/","title":{"rendered":"LEGO &#8211; ROOM COPENHAGEN Storage Head L Boy"},"content":{"rendered":"<p id=\"ucj-12\" class=\"oBOnKe\">Der gro\u00dfe Beh\u00e4lter in Form eines LEGO-Kopfes ist die perfekte L\u00f6sung, um Ordnung und Spa\u00df in das Kinderzimmer zu bringen. Mit seinen niedlichen Ausdr\u00fccken, die sowohl in der Jungen- als auch in der M\u00e4dchenversion erh\u00e4ltlich sind, verleiht dieser Beh\u00e4lter der Organisation eine spielerische Note und verwandelt das Aufr\u00e4umen in einen kreativen und unbeschwerten Moment.<\/p>\n<p>Vielseitig und ger\u00e4umig f\u00fcr jeden Bedarf<\/p>\n<p class=\"oBOnKe\">Neben der Aufbewahrung von LEGO-Steinen eignet sich dieser Beh\u00e4lter ideal zur Aufbewahrung anderer Spielsachen, Zubeh\u00f6r oder sogar Obst. Dank seines gro\u00dfen Fassungsverm\u00f6gens k\u00f6nnen Sie den Raum besser organisieren, sodass Sie alles, was Sie brauchen, leichter und angenehmer finden.<\/p>\n<p>Sichere und hochwertige Materialien<\/p>\n<p class=\"oBOnKe\">Der aus BPA-freiem Polypropylen gefertigte LEGO-Beh\u00e4lter ist auf Sicherheit und Langlebigkeit ausgelegt. Hochwertige Materialien gew\u00e4hrleisten eine lange Nutzungsdauer und sind perfekt geeignet, um die Kleinen bei ihren t\u00e4glichen Abenteuern zu begleiten.<\/p>\n<p>Das perfekte Geschenk f\u00fcr LEGO-Fans<\/p>\n<p>Ob f\u00fcr einen kleinen Baumeister oder f\u00fcr jemanden, der das von den ber\u00fchmtesten Bausteinen der Welt inspirierte Design liebt, dieser Beh\u00e4lter ist das ideale Geschenk. Es ist praktisch, sicher und macht Spa\u00df. Es sorgt mit einem Hauch des authentischen LEGO-Geistes f\u00fcr mehr Ordnung und Farbe in jeder Umgebung.<\/p>\n<p>Produktspezifikationen:<\/p>\n<p>Fassungsverm\u00f6gen: 8,5 l<br \/>\nMaterial: Polypropylen (PP)<br \/>\nGarantie: 2 Jahre<br \/>\nAbmessungen: 24 x 24 x 27,1 cm<br \/>\nGewicht: 472 g<\/p>\n","protected":false},"excerpt":{"rendered":"<p>Der gro\u00dfe Beh\u00e4lter in Form eines LEGO-Kopfes ist die perfekte L\u00f6sung, um Ordnung und Spa\u00df in das Kinderzimmer zu bringen. Mit seinen niedlichen Ausdr\u00fccken, die sowohl in der Jungen- als auch in der M\u00e4dchenversion erh\u00e4ltlich sind, verleiht dieser Beh\u00e4lter der Organisation eine spielerische Note und verwandelt das Aufr\u00e4umen in einen kreativen und unbeschwerten Moment. Vielseitig [&hellip;]<\/p>\n","protected":false},"featured_media":6380803,"template":"","meta":{"_acf_changed":false},"product_cat":[12098,12142],"product_tag":[],"class_list":{"0":"post-2302955","1":"product","2":"type-product","3":"status-publish","4":"has-post-thumbnail","6":"product_cat-einrichtung-haus","7":"product_cat-moebel","9":"first","10":"instock","11":"taxable","12":"shipping-taxable","13":"purchasable","14":"product-type-simple","swatches":"rey-swatches","show_selected":"","stretch_labels":"rey-swatches--stretch-labels"},"acf":[],"yoast_head":"<!-- This site is optimized with the Yoast SEO plugin v25.4 - https:\/\/yoast.com\/wordpress\/plugins\/seo\/ -->\n<title>LEGO &#8211; ROOM COPENHAGEN Storage Head L Boy - dev6 Erresse<\/title>\n<meta name=\"description\" content=\"Der gro\u00dfe Beh\u00e4lter in Form eines LEGO-Kopfes ist die perfekte L\u00f6sung, um Ordnung und Spa\u00df in das Kinderzimmer zu bringen. Mit seinen niedlichen\" \/>\n<meta name=\"robots\" content=\"noindex, follow, max-snippet:-1, max-image-preview:large, max-video-preview:-1\" \/>\n<meta property=\"og:locale\" content=\"de_DE\" \/>\n<meta property=\"og:type\" content=\"article\" \/>\n<meta property=\"og:title\" content=\"LEGO &#8211; ROOM COPENHAGEN Storage Head L Boy - dev6 Erresse\" \/>\n<meta property=\"og:description\" content=\"Der gro\u00dfe Beh\u00e4lter in Form eines LEGO-Kopfes ist die perfekte L\u00f6sung, um Ordnung und Spa\u00df in das Kinderzimmer zu bringen. Mit seinen niedlichen\" \/>\n<meta property=\"og:url\" content=\"https:\/\/dev6.erresse-shop.it\/de\/shop\/einrichtung-haus\/moebel\/lego-room-copenhagen-storage-head-l-boy\/\" \/>\n<meta property=\"og:site_name\" content=\"dev6 Erresse\" \/>\n<meta property=\"og:image\" content=\"https:\/\/interpim.erresse-shop.it\/wp-content\/uploads\/2025\/05\/LEGO-ROOM-COPENHAGEN-Storage-Head-L-Boy.jpg\/lego-room-copenhagen-storage-head-l-boy.jpg\" \/><meta property=\"og:image\" content=\"https:\/\/interpim.erresse-shop.it\/wp-content\/uploads\/2025\/05\/LEGO-ROOM-COPENHAGEN-Storage-Head-L-Boy.jpg\/lego-room-copenhagen-storage-head-l-boy.jpg\" \/>\n\t<meta property=\"og:image:width\" content=\"1024\" \/>\n\t<meta property=\"og:image:height\" content=\"1024\" \/>\n\t<meta property=\"og:image:type\" content=\"image\/jpeg\" \/>\n<meta name=\"twitter:card\" content=\"summary_large_image\" \/>\n<meta name=\"twitter:image\" content=\"https:\/\/interpim.erresse-shop.it\/wp-content\/uploads\/2025\/05\/LEGO-ROOM-COPENHAGEN-Storage-Head-L-Boy.jpg\/lego-room-copenhagen-storage-head-l-boy.jpg\" \/>\n<script type=\"application\/ld+json\" class=\"yoast-schema-graph\">{\"@context\":\"https:\/\/schema.org\",\"@graph\":[{\"@type\":\"WebPage\",\"@id\":\"https:\/\/dev6.erresse-shop.it\/de\/shop\/einrichtung-haus\/moebel\/lego-room-copenhagen-storage-head-l-boy\/\",\"url\":\"https:\/\/dev6.erresse-shop.it\/de\/shop\/einrichtung-haus\/moebel\/lego-room-copenhagen-storage-head-l-boy\/\",\"name\":\"LEGO &#8211; ROOM COPENHAGEN Storage Head L Boy - dev6 Erresse\",\"isPartOf\":{\"@id\":\"https:\/\/dev6.erresse-shop.it\/#website\"},\"primaryImageOfPage\":{\"@id\":\"https:\/\/dev6.erresse-shop.it\/de\/shop\/einrichtung-haus\/moebel\/lego-room-copenhagen-storage-head-l-boy\/#primaryimage\"},\"image\":{\"@id\":\"https:\/\/dev6.erresse-shop.it\/de\/shop\/einrichtung-haus\/moebel\/lego-room-copenhagen-storage-head-l-boy\/#primaryimage\"},\"thumbnailUrl\":\"https:\/\/i2.wp.com\/interpim.erresse-shop.it\/wp-content\/uploads\/2025\/05\/LEGO-ROOM-COPENHAGEN-Storage-Head-L-Boy.jpg\/lego-room-copenhagen-storage-head-l-boy.jpg?ssl=1\",\"datePublished\":\"2026-04-12T12:32:00+00:00\",\"description\":\"Der gro\u00dfe Beh\u00e4lter in Form eines LEGO-Kopfes ist die perfekte L\u00f6sung, um Ordnung und Spa\u00df in das Kinderzimmer zu bringen. Mit seinen niedlichen\",\"breadcrumb\":{\"@id\":\"https:\/\/dev6.erresse-shop.it\/de\/shop\/einrichtung-haus\/moebel\/lego-room-copenhagen-storage-head-l-boy\/#breadcrumb\"},\"inLanguage\":\"de\",\"potentialAction\":[{\"@type\":\"ReadAction\",\"target\":[\"https:\/\/dev6.erresse-shop.it\/de\/shop\/einrichtung-haus\/moebel\/lego-room-copenhagen-storage-head-l-boy\/\"]}]},{\"@type\":\"ImageObject\",\"inLanguage\":\"de\",\"@id\":\"https:\/\/dev6.erresse-shop.it\/de\/shop\/einrichtung-haus\/moebel\/lego-room-copenhagen-storage-head-l-boy\/#primaryimage\",\"url\":\"https:\/\/i2.wp.com\/interpim.erresse-shop.it\/wp-content\/uploads\/2025\/05\/LEGO-ROOM-COPENHAGEN-Storage-Head-L-Boy.jpg\/lego-room-copenhagen-storage-head-l-boy.jpg?ssl=1\",\"contentUrl\":\"https:\/\/i2.wp.com\/interpim.erresse-shop.it\/wp-content\/uploads\/2025\/05\/LEGO-ROOM-COPENHAGEN-Storage-Head-L-Boy.jpg\/lego-room-copenhagen-storage-head-l-boy.jpg?ssl=1\"},{\"@type\":\"BreadcrumbList\",\"@id\":\"https:\/\/dev6.erresse-shop.it\/de\/shop\/einrichtung-haus\/moebel\/lego-room-copenhagen-storage-head-l-boy\/#breadcrumb\",\"itemListElement\":[{\"@type\":\"ListItem\",\"position\":1,\"name\":\"Home\",\"item\":\"https:\/\/dev6.erresse-shop.it\/\"},{\"@type\":\"ListItem\",\"position\":2,\"name\":\"Shop\",\"item\":\"https:\/\/dev6.erresse-shop.it\/shop\/\"},{\"@type\":\"ListItem\",\"position\":3,\"name\":\"LEGO &#8211; ROOM COPENHAGEN Storage Head L Boy\"}]},{\"@type\":\"WebSite\",\"@id\":\"https:\/\/dev6.erresse-shop.it\/#website\",\"url\":\"https:\/\/dev6.erresse-shop.it\/\",\"name\":\"Erresse Shop\",\"description\":\"\",\"publisher\":{\"@id\":\"https:\/\/dev6.erresse-shop.it\/#organization\"},\"potentialAction\":[{\"@type\":\"SearchAction\",\"target\":{\"@type\":\"EntryPoint\",\"urlTemplate\":\"https:\/\/dev6.erresse-shop.it\/?s={search_term_string}\"},\"query-input\":{\"@type\":\"PropertyValueSpecification\",\"valueRequired\":true,\"valueName\":\"search_term_string\"}}],\"inLanguage\":\"de\"},{\"@type\":\"Organization\",\"@id\":\"https:\/\/dev6.erresse-shop.it\/#organization\",\"name\":\"Erresse Shop\",\"url\":\"https:\/\/dev6.erresse-shop.it\/\",\"logo\":{\"@type\":\"ImageObject\",\"inLanguage\":\"de\",\"@id\":\"https:\/\/dev6.erresse-shop.it\/#\/schema\/logo\/image\/\",\"url\":\"https:\/\/dev6.erresse-shop.it\/wp-content\/uploads\/2025\/01\/LOGO-ERRESSE-CLASSICO.svg\",\"contentUrl\":\"https:\/\/dev6.erresse-shop.it\/wp-content\/uploads\/2025\/01\/LOGO-ERRESSE-CLASSICO.svg\",\"caption\":\"Erresse Shop\"},\"image\":{\"@id\":\"https:\/\/dev6.erresse-shop.it\/#\/schema\/logo\/image\/\"}}]}<\/script>\n<!-- \/ Yoast SEO plugin. -->","yoast_head_json":{"title":"LEGO &#8211; ROOM COPENHAGEN Storage Head L Boy - dev6 Erresse","description":"Der gro\u00dfe Beh\u00e4lter in Form eines LEGO-Kopfes ist die perfekte L\u00f6sung, um Ordnung und Spa\u00df in das Kinderzimmer zu bringen. Mit seinen niedlichen","robots":{"index":"noindex","follow":"follow","max-snippet":"max-snippet:-1","max-image-preview":"max-image-preview:large","max-video-preview":"max-video-preview:-1"},"og_locale":"de_DE","og_type":"article","og_title":"LEGO &#8211; ROOM COPENHAGEN Storage Head L Boy - dev6 Erresse","og_description":"Der gro\u00dfe Beh\u00e4lter in Form eines LEGO-Kopfes ist die perfekte L\u00f6sung, um Ordnung und Spa\u00df in das Kinderzimmer zu bringen. Mit seinen niedlichen","og_url":"https:\/\/dev6.erresse-shop.it\/de\/shop\/einrichtung-haus\/moebel\/lego-room-copenhagen-storage-head-l-boy\/","og_site_name":"dev6 Erresse","og_image":[{"url":"https:\/\/interpim.erresse-shop.it\/wp-content\/uploads\/2025\/05\/LEGO-ROOM-COPENHAGEN-Storage-Head-L-Boy.jpg\/lego-room-copenhagen-storage-head-l-boy.jpg","type":"","width":"","height":""},{"url":"https:\/\/interpim.erresse-shop.it\/wp-content\/uploads\/2025\/05\/LEGO-ROOM-COPENHAGEN-Storage-Head-L-Boy.jpg\/lego-room-copenhagen-storage-head-l-boy.jpg","width":1024,"height":1024,"type":"image\/jpeg"}],"twitter_card":"summary_large_image","twitter_image":"https:\/\/interpim.erresse-shop.it\/wp-content\/uploads\/2025\/05\/LEGO-ROOM-COPENHAGEN-Storage-Head-L-Boy.jpg\/lego-room-copenhagen-storage-head-l-boy.jpg","schema":{"@context":"https:\/\/schema.org","@graph":[{"@type":"WebPage","@id":"https:\/\/dev6.erresse-shop.it\/de\/shop\/einrichtung-haus\/moebel\/lego-room-copenhagen-storage-head-l-boy\/","url":"https:\/\/dev6.erresse-shop.it\/de\/shop\/einrichtung-haus\/moebel\/lego-room-copenhagen-storage-head-l-boy\/","name":"LEGO &#8211; ROOM COPENHAGEN Storage Head L Boy - dev6 Erresse","isPartOf":{"@id":"https:\/\/dev6.erresse-shop.it\/#website"},"primaryImageOfPage":{"@id":"https:\/\/dev6.erresse-shop.it\/de\/shop\/einrichtung-haus\/moebel\/lego-room-copenhagen-storage-head-l-boy\/#primaryimage"},"image":{"@id":"https:\/\/dev6.erresse-shop.it\/de\/shop\/einrichtung-haus\/moebel\/lego-room-copenhagen-storage-head-l-boy\/#primaryimage"},"thumbnailUrl":"https:\/\/i2.wp.com\/interpim.erresse-shop.it\/wp-content\/uploads\/2025\/05\/LEGO-ROOM-COPENHAGEN-Storage-Head-L-Boy.jpg\/lego-room-copenhagen-storage-head-l-boy.jpg?ssl=1","datePublished":"2026-04-12T12:32:00+00:00","description":"Der gro\u00dfe Beh\u00e4lter in Form eines LEGO-Kopfes ist die perfekte L\u00f6sung, um Ordnung und Spa\u00df in das Kinderzimmer zu bringen. Mit seinen niedlichen","breadcrumb":{"@id":"https:\/\/dev6.erresse-shop.it\/de\/shop\/einrichtung-haus\/moebel\/lego-room-copenhagen-storage-head-l-boy\/#breadcrumb"},"inLanguage":"de","potentialAction":[{"@type":"ReadAction","target":["https:\/\/dev6.erresse-shop.it\/de\/shop\/einrichtung-haus\/moebel\/lego-room-copenhagen-storage-head-l-boy\/"]}]},{"@type":"ImageObject","inLanguage":"de","@id":"https:\/\/dev6.erresse-shop.it\/de\/shop\/einrichtung-haus\/moebel\/lego-room-copenhagen-storage-head-l-boy\/#primaryimage","url":"https:\/\/i2.wp.com\/interpim.erresse-shop.it\/wp-content\/uploads\/2025\/05\/LEGO-ROOM-COPENHAGEN-Storage-Head-L-Boy.jpg\/lego-room-copenhagen-storage-head-l-boy.jpg?ssl=1","contentUrl":"https:\/\/i2.wp.com\/interpim.erresse-shop.it\/wp-content\/uploads\/2025\/05\/LEGO-ROOM-COPENHAGEN-Storage-Head-L-Boy.jpg\/lego-room-copenhagen-storage-head-l-boy.jpg?ssl=1"},{"@type":"BreadcrumbList","@id":"https:\/\/dev6.erresse-shop.it\/de\/shop\/einrichtung-haus\/moebel\/lego-room-copenhagen-storage-head-l-boy\/#breadcrumb","itemListElement":[{"@type":"ListItem","position":1,"name":"Home","item":"https:\/\/dev6.erresse-shop.it\/"},{"@type":"ListItem","position":2,"name":"Shop","item":"https:\/\/dev6.erresse-shop.it\/shop\/"},{"@type":"ListItem","position":3,"name":"LEGO &#8211; ROOM COPENHAGEN Storage Head L Boy"}]},{"@type":"WebSite","@id":"https:\/\/dev6.erresse-shop.it\/#website","url":"https:\/\/dev6.erresse-shop.it\/","name":"Erresse Shop","description":"","publisher":{"@id":"https:\/\/dev6.erresse-shop.it\/#organization"},"potentialAction":[{"@type":"SearchAction","target":{"@type":"EntryPoint","urlTemplate":"https:\/\/dev6.erresse-shop.it\/?s={search_term_string}"},"query-input":{"@type":"PropertyValueSpecification","valueRequired":true,"valueName":"search_term_string"}}],"inLanguage":"de"},{"@type":"Organization","@id":"https:\/\/dev6.erresse-shop.it\/#organization","name":"Erresse Shop","url":"https:\/\/dev6.erresse-shop.it\/","logo":{"@type":"ImageObject","inLanguage":"de","@id":"https:\/\/dev6.erresse-shop.it\/#\/schema\/logo\/image\/","url":"https:\/\/dev6.erresse-shop.it\/wp-content\/uploads\/2025\/01\/LOGO-ERRESSE-CLASSICO.svg","contentUrl":"https:\/\/dev6.erresse-shop.it\/wp-content\/uploads\/2025\/01\/LOGO-ERRESSE-CLASSICO.svg","caption":"Erresse Shop"},"image":{"@id":"https:\/\/dev6.erresse-shop.it\/#\/schema\/logo\/image\/"}}]}},"df_price":26.99,"df_sale_price":"","df_regular_price":26.99,"df_image_link":"https:\/\/i2.wp.com\/interpim.erresse-shop.it\/wp-content\/uploads\/2025\/05\/LEGO-ROOM-COPENHAGEN-Storage-Head-L-Boy.jpg\/lego-room-copenhagen-storage-head-l-boy.jpg?resize=300,300&ssl=1","fifu_image_url":"https:\/\/interpim.erresse-shop.it\/wp-content\/uploads\/2025\/05\/LEGO-ROOM-COPENHAGEN-Storage-Head-L-Boy.jpg\/lego-room-copenhagen-storage-head-l-boy.jpg","_links":{"self":[{"href":"https:\/\/dev6.erresse-shop.it\/de\/wp-json\/wp\/v2\/product\/2302955","targetHints":{"allow":["GET"]}}],"collection":[{"href":"https:\/\/dev6.erresse-shop.it\/de\/wp-json\/wp\/v2\/product"}],"about":[{"href":"https:\/\/dev6.erresse-shop.it\/de\/wp-json\/wp\/v2\/types\/product"}],"wp:featuredmedia":[{"embeddable":true,"href":"https:\/\/dev6.erresse-shop.it\/de\/wp-json\/wp\/v2\/media\/6380803"}],"wp:attachment":[{"href":"https:\/\/dev6.erresse-shop.it\/de\/wp-json\/wp\/v2\/media?parent=2302955"}],"wp:term":[{"taxonomy":"product_cat","embeddable":true,"href":"https:\/\/dev6.erresse-shop.it\/de\/wp-json\/wp\/v2\/product_cat?post=2302955"},{"taxonomy":"product_tag","embeddable":true,"href":"https:\/\/dev6.erresse-shop.it\/de\/wp-json\/wp\/v2\/product_tag?post=2302955"}],"curies":[{"name":"wp","href":"https:\/\/api.w.org\/{rel}","templated":true}]}}