{"id":2302931,"date":"2026-04-12T14:32:00","date_gmt":"2026-04-12T12:32:00","guid":{"rendered":"https:\/\/dev6.erresse-shop.it\/shop\/unkategorisiert\/staub-cocotte-rund-24-cm-basilikum-gruen-2\/"},"modified":"2025-09-17T18:29:49","modified_gmt":"2025-09-17T16:29:49","slug":"staub-cocotte-rund-24-cm-basilikum-gruen-2","status":"publish","type":"product","link":"https:\/\/dev6.erresse-shop.it\/de\/shop\/toepfe-pfannen\/schalldaempfer-und-kokotten\/staub-cocotte-rund-24-cm-basilikum-gruen-2\/","title":{"rendered":"STAUB Cocotte Rund 24 cm Basilikum-Gr\u00fcn"},"content":{"rendered":"<p>In dieser runden Cocotte aus der beliebten Serie La Cocotte k\u00f6nnen Sie Schmorgerichte aller Art, Eint\u00f6pfe und sogar Desserts zubereiten. Beim Schmoren ist es wichtig, dass alle Zutaten gleichm\u00e4\u00dfig und schonend erhitzt werden. Das Gusseisen, aus dem der Kochtopf besteht, speichert die W\u00e4rme sehr gut und verteilt sie gleichm\u00e4\u00dfig. Dieser Schmoreffekt wird durch die mattschwarze Emaille-Beschichtung im Inneren der Pfanne noch verst\u00e4rkt und unterstreicht zus\u00e4tzlich den Eigengeschmack der Speisen. Bei regelm\u00e4\u00dfiger Anwendung verst\u00e4rkt sich die Wirkung des Nagellacks noch. So zaubern Kochanf\u00e4nger, Kochbegeisterte und Profik\u00f6che mit dieser Cocotte leckere Schmorgerichte auf den Tisch. Das basilikumgr\u00fcne Finish der Cocotte verleiht dem Tisch eine dekorative Note und sorgt f\u00fcr einen wundersch\u00f6nen Farbtupfer. Die Cocotte zeichnet sich durch ihr Material und ihre Widerstandsf\u00e4higkeit aus. Dar\u00fcber hinaus ist Gusseisen sehr pflegeleicht und f\u00fcr alle Herdarten, auch Induktionsherde, geeignet. Mit einem Durchmesser von 22 cm und einem Fassungsverm\u00f6gen von bis zu 2,6 Litern eignet sich die Cocotte besonders gut zum Zubereiten von Beilagen und Eint\u00f6pfen. Mit dieser Cocotte von Staub k\u00f6nnen Sie Ihre Lieben mit leckeren und dennoch einfach zuzubereitenden Gerichten verw\u00f6hnen.<\/p>\n<p>Ideal zum Anbraten und langsamen Garen von Fleisch, Fisch oder Gem\u00fcse<br \/>\nF\u00fcr ein saftiges und zartes Garergebnis dank Deckel<br \/>\nDie mattschwarze Innenemaillierung eignet sich optimal f\u00fcr eine besonders knusprige Br\u00e4unung und ist sehr widerstandsf\u00e4hig<br \/>\nF\u00fcr jeden geeignet<\/p>\n<p>Funktionen<br \/>\nHitzebest\u00e4ndigkeit (\u00b0C): 240,00 \u00baC<br \/>\n\u2013 K\u00e4ltebest\u00e4ndigkeit: -20,00 \u00baC<br \/>\n\u2013 Material: Gusseisen<br \/>\n\u2013 Vorhandener Deckel: ja<br \/>\nInduktion: Ja<br \/>\nOfenfest: Ja<br \/>\nGefrierschranksicher: Ja<br \/>\nGeeignet f\u00fcr Kochfeld: Ja<br \/>\nSp\u00fclmaschinenfest: Ja<\/p>\n<p>Gr\u00f6\u00dfe<\/p>\n<p>Nettogewicht:3,95 kg<br \/>\nFassungsverm\u00f6gen:2,60 l<br \/>\nProduktl\u00e4nge:28,40 cm<br \/>\nProduktbreite:22,00 cm<br \/>\nProdukth\u00f6he:14,70 cm<br \/>\nH\u00f6he ohne Deckel:9,90 cm<br \/>\nOberer Durchmesser:22,00 cm<br \/>\nBodendurchmesser:17,10 cm<br \/>\nGriffl\u00e4nge:3,00 cm<\/p>\n","protected":false},"excerpt":{"rendered":"<p>In dieser runden Cocotte aus der beliebten Serie La Cocotte k\u00f6nnen Sie Schmorgerichte aller Art, Eint\u00f6pfe und sogar Desserts zubereiten. Beim Schmoren ist es wichtig, dass alle Zutaten gleichm\u00e4\u00dfig und schonend erhitzt werden. Das Gusseisen, aus dem der Kochtopf besteht, speichert die W\u00e4rme sehr gut und verteilt sie gleichm\u00e4\u00dfig. Dieser Schmoreffekt wird durch die mattschwarze [&hellip;]<\/p>\n","protected":false},"featured_media":6380720,"template":"","meta":{"_acf_changed":false},"product_cat":[12108,12099],"product_tag":[],"class_list":{"0":"post-2302931","1":"product","2":"type-product","3":"status-publish","4":"has-post-thumbnail","6":"product_cat-schalldaempfer-und-kokotten","7":"product_cat-toepfe-pfannen","9":"first","10":"instock","11":"sale","12":"taxable","13":"shipping-taxable","14":"purchasable","15":"product-type-simple","swatches":"rey-swatches","show_selected":"","stretch_labels":"rey-swatches--stretch-labels"},"acf":[],"yoast_head":"<!-- This site is optimized with the Yoast SEO plugin v25.4 - https:\/\/yoast.com\/wordpress\/plugins\/seo\/ -->\n<title>STAUB Cocotte Rund 24 cm Basilikum-Gr\u00fcn - dev6 Erresse<\/title>\n<meta name=\"description\" content=\"In dieser runden Cocotte aus der beliebten Serie La Cocotte k\u00f6nnen Sie Schmorgerichte aller Art, Eint\u00f6pfe und sogar Desserts zubereiten. Beim Schmoren ist\" \/>\n<meta name=\"robots\" content=\"noindex, follow, max-snippet:-1, max-image-preview:large, max-video-preview:-1\" \/>\n<meta property=\"og:locale\" content=\"de_DE\" \/>\n<meta property=\"og:type\" content=\"article\" \/>\n<meta property=\"og:title\" content=\"STAUB Cocotte Rund 24 cm Basilikum-Gr\u00fcn - dev6 Erresse\" \/>\n<meta property=\"og:description\" content=\"In dieser runden Cocotte aus der beliebten Serie La Cocotte k\u00f6nnen Sie Schmorgerichte aller Art, Eint\u00f6pfe und sogar Desserts zubereiten. Beim Schmoren ist\" \/>\n<meta property=\"og:url\" content=\"https:\/\/dev6.erresse-shop.it\/de\/shop\/toepfe-pfannen\/schalldaempfer-und-kokotten\/staub-cocotte-rund-24-cm-basilikum-gruen-2\/\" \/>\n<meta property=\"og:site_name\" content=\"dev6 Erresse\" \/>\n<meta property=\"og:image\" content=\"https:\/\/interpim.erresse-shop.it\/wp-content\/uploads\/2025\/04\/STAUB-Cocotte-Tonda-22-cm-Verde-Basilico.jpg\/staub-cocotte-tonda-22-cm-verde-basilico.jpg\" \/><meta property=\"og:image\" content=\"https:\/\/interpim.erresse-shop.it\/wp-content\/uploads\/2025\/04\/STAUB-Cocotte-Tonda-22-cm-Verde-Basilico.jpg\/staub-cocotte-tonda-22-cm-verde-basilico.jpg\" \/>\n\t<meta property=\"og:image:width\" content=\"1024\" \/>\n\t<meta property=\"og:image:height\" content=\"1024\" \/>\n\t<meta property=\"og:image:type\" content=\"image\/jpeg\" \/>\n<meta name=\"twitter:card\" content=\"summary_large_image\" \/>\n<meta name=\"twitter:image\" content=\"https:\/\/interpim.erresse-shop.it\/wp-content\/uploads\/2025\/04\/STAUB-Cocotte-Tonda-22-cm-Verde-Basilico.jpg\/staub-cocotte-tonda-22-cm-verde-basilico.jpg\" \/>\n<script type=\"application\/ld+json\" class=\"yoast-schema-graph\">{\"@context\":\"https:\/\/schema.org\",\"@graph\":[{\"@type\":\"WebPage\",\"@id\":\"https:\/\/dev6.erresse-shop.it\/de\/shop\/toepfe-pfannen\/schalldaempfer-und-kokotten\/staub-cocotte-rund-24-cm-basilikum-gruen-2\/\",\"url\":\"https:\/\/dev6.erresse-shop.it\/de\/shop\/toepfe-pfannen\/schalldaempfer-und-kokotten\/staub-cocotte-rund-24-cm-basilikum-gruen-2\/\",\"name\":\"STAUB Cocotte Rund 24 cm Basilikum-Gr\u00fcn - dev6 Erresse\",\"isPartOf\":{\"@id\":\"https:\/\/dev6.erresse-shop.it\/#website\"},\"primaryImageOfPage\":{\"@id\":\"https:\/\/dev6.erresse-shop.it\/de\/shop\/toepfe-pfannen\/schalldaempfer-und-kokotten\/staub-cocotte-rund-24-cm-basilikum-gruen-2\/#primaryimage\"},\"image\":{\"@id\":\"https:\/\/dev6.erresse-shop.it\/de\/shop\/toepfe-pfannen\/schalldaempfer-und-kokotten\/staub-cocotte-rund-24-cm-basilikum-gruen-2\/#primaryimage\"},\"thumbnailUrl\":\"https:\/\/i3.wp.com\/interpim.erresse-shop.it\/wp-content\/uploads\/2025\/04\/STAUB-Cocotte-Tonda-22-cm-Verde-Basilico.jpg\/staub-cocotte-tonda-22-cm-verde-basilico.jpg?ssl=1\",\"datePublished\":\"2026-04-12T12:32:00+00:00\",\"description\":\"In dieser runden Cocotte aus der beliebten Serie La Cocotte k\u00f6nnen Sie Schmorgerichte aller Art, Eint\u00f6pfe und sogar Desserts zubereiten. Beim Schmoren ist\",\"breadcrumb\":{\"@id\":\"https:\/\/dev6.erresse-shop.it\/de\/shop\/toepfe-pfannen\/schalldaempfer-und-kokotten\/staub-cocotte-rund-24-cm-basilikum-gruen-2\/#breadcrumb\"},\"inLanguage\":\"de\",\"potentialAction\":[{\"@type\":\"ReadAction\",\"target\":[\"https:\/\/dev6.erresse-shop.it\/de\/shop\/toepfe-pfannen\/schalldaempfer-und-kokotten\/staub-cocotte-rund-24-cm-basilikum-gruen-2\/\"]}]},{\"@type\":\"ImageObject\",\"inLanguage\":\"de\",\"@id\":\"https:\/\/dev6.erresse-shop.it\/de\/shop\/toepfe-pfannen\/schalldaempfer-und-kokotten\/staub-cocotte-rund-24-cm-basilikum-gruen-2\/#primaryimage\",\"url\":\"https:\/\/i3.wp.com\/interpim.erresse-shop.it\/wp-content\/uploads\/2025\/04\/STAUB-Cocotte-Tonda-22-cm-Verde-Basilico.jpg\/staub-cocotte-tonda-22-cm-verde-basilico.jpg?ssl=1\",\"contentUrl\":\"https:\/\/i3.wp.com\/interpim.erresse-shop.it\/wp-content\/uploads\/2025\/04\/STAUB-Cocotte-Tonda-22-cm-Verde-Basilico.jpg\/staub-cocotte-tonda-22-cm-verde-basilico.jpg?ssl=1\"},{\"@type\":\"BreadcrumbList\",\"@id\":\"https:\/\/dev6.erresse-shop.it\/de\/shop\/toepfe-pfannen\/schalldaempfer-und-kokotten\/staub-cocotte-rund-24-cm-basilikum-gruen-2\/#breadcrumb\",\"itemListElement\":[{\"@type\":\"ListItem\",\"position\":1,\"name\":\"Home\",\"item\":\"https:\/\/dev6.erresse-shop.it\/\"},{\"@type\":\"ListItem\",\"position\":2,\"name\":\"Shop\",\"item\":\"https:\/\/dev6.erresse-shop.it\/shop\/\"},{\"@type\":\"ListItem\",\"position\":3,\"name\":\"STAUB Cocotte Rund 24 cm Basilikum-Gr\u00fcn\"}]},{\"@type\":\"WebSite\",\"@id\":\"https:\/\/dev6.erresse-shop.it\/#website\",\"url\":\"https:\/\/dev6.erresse-shop.it\/\",\"name\":\"Erresse Shop\",\"description\":\"\",\"publisher\":{\"@id\":\"https:\/\/dev6.erresse-shop.it\/#organization\"},\"potentialAction\":[{\"@type\":\"SearchAction\",\"target\":{\"@type\":\"EntryPoint\",\"urlTemplate\":\"https:\/\/dev6.erresse-shop.it\/?s={search_term_string}\"},\"query-input\":{\"@type\":\"PropertyValueSpecification\",\"valueRequired\":true,\"valueName\":\"search_term_string\"}}],\"inLanguage\":\"de\"},{\"@type\":\"Organization\",\"@id\":\"https:\/\/dev6.erresse-shop.it\/#organization\",\"name\":\"Erresse Shop\",\"url\":\"https:\/\/dev6.erresse-shop.it\/\",\"logo\":{\"@type\":\"ImageObject\",\"inLanguage\":\"de\",\"@id\":\"https:\/\/dev6.erresse-shop.it\/#\/schema\/logo\/image\/\",\"url\":\"https:\/\/dev6.erresse-shop.it\/wp-content\/uploads\/2025\/01\/LOGO-ERRESSE-CLASSICO.svg\",\"contentUrl\":\"https:\/\/dev6.erresse-shop.it\/wp-content\/uploads\/2025\/01\/LOGO-ERRESSE-CLASSICO.svg\",\"caption\":\"Erresse Shop\"},\"image\":{\"@id\":\"https:\/\/dev6.erresse-shop.it\/#\/schema\/logo\/image\/\"}}]}<\/script>\n<!-- \/ Yoast SEO plugin. -->","yoast_head_json":{"title":"STAUB Cocotte Rund 24 cm Basilikum-Gr\u00fcn - dev6 Erresse","description":"In dieser runden Cocotte aus der beliebten Serie La Cocotte k\u00f6nnen Sie Schmorgerichte aller Art, Eint\u00f6pfe und sogar Desserts zubereiten. Beim Schmoren ist","robots":{"index":"noindex","follow":"follow","max-snippet":"max-snippet:-1","max-image-preview":"max-image-preview:large","max-video-preview":"max-video-preview:-1"},"og_locale":"de_DE","og_type":"article","og_title":"STAUB Cocotte Rund 24 cm Basilikum-Gr\u00fcn - dev6 Erresse","og_description":"In dieser runden Cocotte aus der beliebten Serie La Cocotte k\u00f6nnen Sie Schmorgerichte aller Art, Eint\u00f6pfe und sogar Desserts zubereiten. Beim Schmoren ist","og_url":"https:\/\/dev6.erresse-shop.it\/de\/shop\/toepfe-pfannen\/schalldaempfer-und-kokotten\/staub-cocotte-rund-24-cm-basilikum-gruen-2\/","og_site_name":"dev6 Erresse","og_image":[{"url":"https:\/\/interpim.erresse-shop.it\/wp-content\/uploads\/2025\/04\/STAUB-Cocotte-Tonda-22-cm-Verde-Basilico.jpg\/staub-cocotte-tonda-22-cm-verde-basilico.jpg","type":"","width":"","height":""},{"url":"https:\/\/interpim.erresse-shop.it\/wp-content\/uploads\/2025\/04\/STAUB-Cocotte-Tonda-22-cm-Verde-Basilico.jpg\/staub-cocotte-tonda-22-cm-verde-basilico.jpg","width":1024,"height":1024,"type":"image\/jpeg"}],"twitter_card":"summary_large_image","twitter_image":"https:\/\/interpim.erresse-shop.it\/wp-content\/uploads\/2025\/04\/STAUB-Cocotte-Tonda-22-cm-Verde-Basilico.jpg\/staub-cocotte-tonda-22-cm-verde-basilico.jpg","schema":{"@context":"https:\/\/schema.org","@graph":[{"@type":"WebPage","@id":"https:\/\/dev6.erresse-shop.it\/de\/shop\/toepfe-pfannen\/schalldaempfer-und-kokotten\/staub-cocotte-rund-24-cm-basilikum-gruen-2\/","url":"https:\/\/dev6.erresse-shop.it\/de\/shop\/toepfe-pfannen\/schalldaempfer-und-kokotten\/staub-cocotte-rund-24-cm-basilikum-gruen-2\/","name":"STAUB Cocotte Rund 24 cm Basilikum-Gr\u00fcn - dev6 Erresse","isPartOf":{"@id":"https:\/\/dev6.erresse-shop.it\/#website"},"primaryImageOfPage":{"@id":"https:\/\/dev6.erresse-shop.it\/de\/shop\/toepfe-pfannen\/schalldaempfer-und-kokotten\/staub-cocotte-rund-24-cm-basilikum-gruen-2\/#primaryimage"},"image":{"@id":"https:\/\/dev6.erresse-shop.it\/de\/shop\/toepfe-pfannen\/schalldaempfer-und-kokotten\/staub-cocotte-rund-24-cm-basilikum-gruen-2\/#primaryimage"},"thumbnailUrl":"https:\/\/i3.wp.com\/interpim.erresse-shop.it\/wp-content\/uploads\/2025\/04\/STAUB-Cocotte-Tonda-22-cm-Verde-Basilico.jpg\/staub-cocotte-tonda-22-cm-verde-basilico.jpg?ssl=1","datePublished":"2026-04-12T12:32:00+00:00","description":"In dieser runden Cocotte aus der beliebten Serie La Cocotte k\u00f6nnen Sie Schmorgerichte aller Art, Eint\u00f6pfe und sogar Desserts zubereiten. Beim Schmoren ist","breadcrumb":{"@id":"https:\/\/dev6.erresse-shop.it\/de\/shop\/toepfe-pfannen\/schalldaempfer-und-kokotten\/staub-cocotte-rund-24-cm-basilikum-gruen-2\/#breadcrumb"},"inLanguage":"de","potentialAction":[{"@type":"ReadAction","target":["https:\/\/dev6.erresse-shop.it\/de\/shop\/toepfe-pfannen\/schalldaempfer-und-kokotten\/staub-cocotte-rund-24-cm-basilikum-gruen-2\/"]}]},{"@type":"ImageObject","inLanguage":"de","@id":"https:\/\/dev6.erresse-shop.it\/de\/shop\/toepfe-pfannen\/schalldaempfer-und-kokotten\/staub-cocotte-rund-24-cm-basilikum-gruen-2\/#primaryimage","url":"https:\/\/i3.wp.com\/interpim.erresse-shop.it\/wp-content\/uploads\/2025\/04\/STAUB-Cocotte-Tonda-22-cm-Verde-Basilico.jpg\/staub-cocotte-tonda-22-cm-verde-basilico.jpg?ssl=1","contentUrl":"https:\/\/i3.wp.com\/interpim.erresse-shop.it\/wp-content\/uploads\/2025\/04\/STAUB-Cocotte-Tonda-22-cm-Verde-Basilico.jpg\/staub-cocotte-tonda-22-cm-verde-basilico.jpg?ssl=1"},{"@type":"BreadcrumbList","@id":"https:\/\/dev6.erresse-shop.it\/de\/shop\/toepfe-pfannen\/schalldaempfer-und-kokotten\/staub-cocotte-rund-24-cm-basilikum-gruen-2\/#breadcrumb","itemListElement":[{"@type":"ListItem","position":1,"name":"Home","item":"https:\/\/dev6.erresse-shop.it\/"},{"@type":"ListItem","position":2,"name":"Shop","item":"https:\/\/dev6.erresse-shop.it\/shop\/"},{"@type":"ListItem","position":3,"name":"STAUB Cocotte Rund 24 cm Basilikum-Gr\u00fcn"}]},{"@type":"WebSite","@id":"https:\/\/dev6.erresse-shop.it\/#website","url":"https:\/\/dev6.erresse-shop.it\/","name":"Erresse Shop","description":"","publisher":{"@id":"https:\/\/dev6.erresse-shop.it\/#organization"},"potentialAction":[{"@type":"SearchAction","target":{"@type":"EntryPoint","urlTemplate":"https:\/\/dev6.erresse-shop.it\/?s={search_term_string}"},"query-input":{"@type":"PropertyValueSpecification","valueRequired":true,"valueName":"search_term_string"}}],"inLanguage":"de"},{"@type":"Organization","@id":"https:\/\/dev6.erresse-shop.it\/#organization","name":"Erresse Shop","url":"https:\/\/dev6.erresse-shop.it\/","logo":{"@type":"ImageObject","inLanguage":"de","@id":"https:\/\/dev6.erresse-shop.it\/#\/schema\/logo\/image\/","url":"https:\/\/dev6.erresse-shop.it\/wp-content\/uploads\/2025\/01\/LOGO-ERRESSE-CLASSICO.svg","contentUrl":"https:\/\/dev6.erresse-shop.it\/wp-content\/uploads\/2025\/01\/LOGO-ERRESSE-CLASSICO.svg","caption":"Erresse Shop"},"image":{"@id":"https:\/\/dev6.erresse-shop.it\/#\/schema\/logo\/image\/"}}]}},"df_price":169.9,"df_sale_price":169.9,"df_regular_price":269,"df_image_link":"https:\/\/i3.wp.com\/interpim.erresse-shop.it\/wp-content\/uploads\/2025\/04\/STAUB-Cocotte-Tonda-22-cm-Verde-Basilico.jpg\/staub-cocotte-tonda-22-cm-verde-basilico.jpg?resize=300,300&ssl=1","fifu_image_url":"https:\/\/interpim.erresse-shop.it\/wp-content\/uploads\/2025\/04\/STAUB-Cocotte-Tonda-22-cm-Verde-Basilico.jpg\/staub-cocotte-tonda-22-cm-verde-basilico.jpg","_links":{"self":[{"href":"https:\/\/dev6.erresse-shop.it\/de\/wp-json\/wp\/v2\/product\/2302931","targetHints":{"allow":["GET"]}}],"collection":[{"href":"https:\/\/dev6.erresse-shop.it\/de\/wp-json\/wp\/v2\/product"}],"about":[{"href":"https:\/\/dev6.erresse-shop.it\/de\/wp-json\/wp\/v2\/types\/product"}],"wp:featuredmedia":[{"embeddable":true,"href":"https:\/\/dev6.erresse-shop.it\/de\/wp-json\/wp\/v2\/media\/6380720"}],"wp:attachment":[{"href":"https:\/\/dev6.erresse-shop.it\/de\/wp-json\/wp\/v2\/media?parent=2302931"}],"wp:term":[{"taxonomy":"product_cat","embeddable":true,"href":"https:\/\/dev6.erresse-shop.it\/de\/wp-json\/wp\/v2\/product_cat?post=2302931"},{"taxonomy":"product_tag","embeddable":true,"href":"https:\/\/dev6.erresse-shop.it\/de\/wp-json\/wp\/v2\/product_tag?post=2302931"}],"curies":[{"name":"wp","href":"https:\/\/api.w.org\/{rel}","templated":true}]}}