{"id":2302919,"date":"2026-04-10T15:07:45","date_gmt":"2026-04-10T13:07:45","guid":{"rendered":"https:\/\/dev6.erresse-shop.it\/shop\/unkategorisiert\/smeg-kaffeevollautomat-mit-dampffunktion-smaragdgruen\/"},"modified":"2025-07-04T15:21:18","modified_gmt":"2025-07-04T13:21:18","slug":"smeg-kaffeevollautomat-mit-dampffunktion-smaragdgruen","status":"publish","type":"product","link":"https:\/\/dev6.erresse-shop.it\/de\/shop\/kleine-elektrogeraete\/kaffeemaschinen-espresso\/automatisch\/smeg-kaffeevollautomat-mit-dampffunktion-smaragdgruen\/","title":{"rendered":"SMEG Kaffeevollautomat mit Dampffunktion Smaragdgr\u00fcn"},"content":{"rendered":"<p>EINFACH ZU BEDIENEN<br \/>\nF\u00fcllen Sie den Beh\u00e4lter einfach mit Ihren Lieblingskaffeebohnen und w\u00e4hlen Sie Ihr Getr\u00e4nk. Dank des intuitiven Bedienfelds und der One-Touch-Funktionen ist Ihr Kaffee in wenigen Sekunden fertig.<\/p>\n<p>GRO\u00dfE GETR\u00c4NKEAUSWAH<br \/>\nAus frisch gemahlenen Bohnen k\u00f6nnen Sie ganz nach Ihren W\u00fcnschen verschiedene Kaffeespezialit\u00e4ten herstellen: Schwarzer Kaffee, Espresso, Americano oder Ristretto und dank der Milchaufsch\u00e4umfunktion auch Cappuccino und Latte Macchiato.<\/p>\n<p>LEICHT ZU PFLEGEN<br \/>\nDank der herausnehmbaren Br\u00fcheinheit und des abnehmbaren Wassertanks l\u00e4sst sich die Maschine besonders leicht reinigen. Durch das stets frische Mahlen des Kaffees k\u00f6nnen Sie auf die Verwendung von Kapseln verzichten und vermeiden so jede Menge unn\u00f6tige Abf\u00e4lle.<\/p>\n<p>\u00c4STHETIK<br \/>\nFarbe: Smaragdgr\u00fcn<br \/>\nFinish: Matt<br \/>\n\u00c4sthetik: 50er-Jahre-Stil<br \/>\nGeh\u00e4usematerial: Kunststoff<br \/>\nMaterial der Frontplatte: Aluminium<br \/>\nFarbe der Frontplatte: Aluminium<br \/>\nOberfl\u00e4chenbehandlung der Frontplatte: Geb\u00fcrstet mit polierter Kante<br \/>\nFarbe der Tassenablage: Aluminium<br \/>\nMaterial der Tassenablage: Aluminium<br \/>\nOberfl\u00e4che der Tassenablage: Geb\u00fcrstet mit polierter Kante<br \/>\nTankmaterial: SAN<br \/>\nTankfarbe: Rauch<br \/>\nMaterial des Tankgriffs: Kunststoff<br \/>\nFarbe des Tankgriffs: Grau<br \/>\nMaterial Kaffeespender: Kunststoff<br \/>\nMaterial Dampflanze: Stahl<\/p>\n<p>PROGRAMME \/ FUNKTIONEN<br \/>\nHauptmen\u00fcfunktion: Wei\u00dfe LED<br \/>\nSekund\u00e4re Men\u00fcfunktion: Orange LED<br \/>\nRistretto-Kaffee: Ja<br \/>\nEspressokaffee: Ja<br \/>\nKaffee: Ja<br \/>\nWarmwasser: Ja<br \/>\nCaff\u00e8 Ristretto Light: Ja<br \/>\nEspresso Light Coffee: Ja<br \/>\nLanger Kaffee: Ja<br \/>\nSteam: Ja<br \/>\nEinstellbarer Mahlgrad: Ja<br \/>\nEinstellbare Kaffeel\u00e4nge: Ja<br \/>\nH\u00f6henverstellbarer Kaffeeauslauf: Ja<br \/>\nMin.\/Max. F\u00fcllstand Kaffeeauslauf: 90\/135 mm (185 mm ohne Tropfschale)<br \/>\nProgrammierbare Wassereinstellung: leicht\/mittel\/hart<br \/>\nAutomatisches Sp\u00fclen beim Start: Ja<br \/>\nManuelle Reinigung des Kaffeeauslaufs: Ja<br \/>\nManuelle Reinigung der Dampfd\u00fcse: Ja<br \/>\nEntkalkungswarnung: Ja<br \/>\nWarnung Kaffeesatzbeh\u00e4lter voll: Ja<br \/>\nWarnung: Bohnenbeh\u00e4lter leeren: Ja<br \/>\nWarnung bei leerem\/fehlendem Wassertank: Ja<br \/>\nWarnung bei fehlender\/falsch eingesetzter Br\u00fchgruppe: Ja<br \/>\nAudiosignale: Optional<br \/>\nBeleuchteter Kaffeeauslauf: Ja<br \/>\nAutomatische Abschaltung: Ja (nach 20 Minuten Inaktivit\u00e4t)<\/p>\n<p>BEFEHLE<br \/>\nBedienungstyp: Tasten, Drehknopf<br \/>\nKnopfmaterial: Kunststoff<br \/>\nKnopffarbe: Smaragdgr\u00fcn<br \/>\nNein. Anzahl der Tasten:2<br \/>\nNein. Anzahl der Kn\u00f6pfe:2<br \/>\nMen\u00fcschaltfl\u00e4che: 1<br \/>\nEIN\/AUS-Taste: Ja<\/p>\n<p>TECHNISCHE MERKMALE<br \/>\nHeizsystem: Thermoblock<br \/>\nPumpendruck: 19 bar<br \/>\nHerausnehmbare Br\u00fchgruppe: Ja<br \/>\nKapazit\u00e4t des Bohnenbeh\u00e4lters: 150 g<br \/>\nKapazit\u00e4t des Kaffeesatzbeh\u00e4lters: 8<br \/>\nAbnehmbarer Wassertank: Ja<br \/>\nWassertankkapazit\u00e4t: 1,4 l<br \/>\nTropfschale: Ja<br \/>\nDampfd\u00fcse: Ja<\/p>\n<p>ELEKTRISCHER ANSCHLUSS<br \/>\nSpannung (V): 220-240 V<br \/>\nFrequenz Hz: 50\/60 Hz<br \/>\nL\u00e4nge des Netzkabels: 1 m<\/p>\n<p>Nicht zum Verkauf au\u00dferhalb Europas<\/p>\n","protected":false},"excerpt":{"rendered":"<p>EINFACH ZU BEDIENEN F\u00fcllen Sie den Beh\u00e4lter einfach mit Ihren Lieblingskaffeebohnen und w\u00e4hlen Sie Ihr Getr\u00e4nk. Dank des intuitiven Bedienfelds und der One-Touch-Funktionen ist Ihr Kaffee in wenigen Sekunden fertig. GRO\u00dfE GETR\u00c4NKEAUSWAH Aus frisch gemahlenen Bohnen k\u00f6nnen Sie ganz nach Ihren W\u00fcnschen verschiedene Kaffeespezialit\u00e4ten herstellen: Schwarzer Kaffee, Espresso, Americano oder Ristretto und dank der Milchaufsch\u00e4umfunktion [&hellip;]<\/p>\n","protected":false},"featured_media":6339041,"template":"","meta":{"_acf_changed":false},"product_cat":[12184,12171,12163],"product_tag":[],"class_list":{"0":"post-2302919","1":"product","2":"type-product","3":"status-publish","4":"has-post-thumbnail","6":"product_cat-automatisch","7":"product_cat-kaffeemaschinen-espresso","8":"product_cat-kleine-elektrogeraete","10":"first","11":"instock","12":"taxable","13":"shipping-taxable","14":"product-type-simple","swatches":"rey-swatches","show_selected":"","stretch_labels":"rey-swatches--stretch-labels"},"acf":[],"yoast_head":"<!-- This site is optimized with the Yoast SEO plugin v25.4 - https:\/\/yoast.com\/wordpress\/plugins\/seo\/ -->\n<title>SMEG Kaffeevollautomat mit Dampffunktion Smaragdgr\u00fcn - dev6 Erresse<\/title>\n<meta name=\"description\" content=\"EINFACH ZU BEDIENEN F\u00fcllen Sie den Beh\u00e4lter einfach mit Ihren Lieblingskaffeebohnen und w\u00e4hlen Sie Ihr Getr\u00e4nk. Dank des intuitiven Bedienfelds und der\" \/>\n<meta name=\"robots\" content=\"noindex, follow, max-snippet:-1, max-image-preview:large, max-video-preview:-1\" \/>\n<meta property=\"og:locale\" content=\"de_DE\" \/>\n<meta property=\"og:type\" content=\"article\" \/>\n<meta property=\"og:title\" content=\"SMEG Kaffeevollautomat mit Dampffunktion Smaragdgr\u00fcn - dev6 Erresse\" \/>\n<meta property=\"og:description\" content=\"EINFACH ZU BEDIENEN F\u00fcllen Sie den Beh\u00e4lter einfach mit Ihren Lieblingskaffeebohnen und w\u00e4hlen Sie Ihr Getr\u00e4nk. Dank des intuitiven Bedienfelds und der\" \/>\n<meta property=\"og:url\" content=\"https:\/\/dev6.erresse-shop.it\/de\/shop\/kleine-elektrogeraete\/kaffeemaschinen-espresso\/automatisch\/smeg-kaffeevollautomat-mit-dampffunktion-smaragdgruen\/\" \/>\n<meta property=\"og:site_name\" content=\"dev6 Erresse\" \/>\n<meta property=\"og:image\" content=\"https:\/\/interpim.erresse-shop.it\/wp-content\/uploads\/2025\/04\/SMEG-Macchina-da-Caffe-Automatica-con-Lancia-Vapore-Verde-Smeraldo.jpg\/smeg-macchina-da-caffe-automatica-con-lancia-vapore-verde-smeraldo.jpg\" \/><meta property=\"og:image\" content=\"https:\/\/interpim.erresse-shop.it\/wp-content\/uploads\/2025\/04\/SMEG-Macchina-da-Caffe-Automatica-con-Lancia-Vapore-Verde-Smeraldo.jpg\/smeg-macchina-da-caffe-automatica-con-lancia-vapore-verde-smeraldo.jpg\" \/>\n\t<meta property=\"og:image:width\" content=\"1024\" \/>\n\t<meta property=\"og:image:height\" content=\"1024\" \/>\n\t<meta property=\"og:image:type\" content=\"image\/jpeg\" \/>\n<meta name=\"twitter:card\" content=\"summary_large_image\" \/>\n<meta name=\"twitter:image\" content=\"https:\/\/interpim.erresse-shop.it\/wp-content\/uploads\/2025\/04\/SMEG-Macchina-da-Caffe-Automatica-con-Lancia-Vapore-Verde-Smeraldo.jpg\/smeg-macchina-da-caffe-automatica-con-lancia-vapore-verde-smeraldo.jpg\" \/>\n<script type=\"application\/ld+json\" class=\"yoast-schema-graph\">{\"@context\":\"https:\/\/schema.org\",\"@graph\":[{\"@type\":\"WebPage\",\"@id\":\"https:\/\/dev6.erresse-shop.it\/de\/shop\/kleine-elektrogeraete\/kaffeemaschinen-espresso\/automatisch\/smeg-kaffeevollautomat-mit-dampffunktion-smaragdgruen\/\",\"url\":\"https:\/\/dev6.erresse-shop.it\/de\/shop\/kleine-elektrogeraete\/kaffeemaschinen-espresso\/automatisch\/smeg-kaffeevollautomat-mit-dampffunktion-smaragdgruen\/\",\"name\":\"SMEG Kaffeevollautomat mit Dampffunktion Smaragdgr\u00fcn - dev6 Erresse\",\"isPartOf\":{\"@id\":\"https:\/\/dev6.erresse-shop.it\/#website\"},\"primaryImageOfPage\":{\"@id\":\"https:\/\/dev6.erresse-shop.it\/de\/shop\/kleine-elektrogeraete\/kaffeemaschinen-espresso\/automatisch\/smeg-kaffeevollautomat-mit-dampffunktion-smaragdgruen\/#primaryimage\"},\"image\":{\"@id\":\"https:\/\/dev6.erresse-shop.it\/de\/shop\/kleine-elektrogeraete\/kaffeemaschinen-espresso\/automatisch\/smeg-kaffeevollautomat-mit-dampffunktion-smaragdgruen\/#primaryimage\"},\"thumbnailUrl\":\"https:\/\/i0.wp.com\/interpim.erresse-shop.it\/wp-content\/uploads\/2025\/04\/SMEG-Macchina-da-Caffe-Automatica-con-Lancia-Vapore-Verde-Smeraldo.jpg\/smeg-macchina-da-caffe-automatica-con-lancia-vapore-verde-smeraldo.jpg?ssl=1\",\"datePublished\":\"2026-04-10T13:07:45+00:00\",\"description\":\"EINFACH ZU BEDIENEN F\u00fcllen Sie den Beh\u00e4lter einfach mit Ihren Lieblingskaffeebohnen und w\u00e4hlen Sie Ihr Getr\u00e4nk. Dank des intuitiven Bedienfelds und der\",\"breadcrumb\":{\"@id\":\"https:\/\/dev6.erresse-shop.it\/de\/shop\/kleine-elektrogeraete\/kaffeemaschinen-espresso\/automatisch\/smeg-kaffeevollautomat-mit-dampffunktion-smaragdgruen\/#breadcrumb\"},\"inLanguage\":\"de\",\"potentialAction\":[{\"@type\":\"ReadAction\",\"target\":[\"https:\/\/dev6.erresse-shop.it\/de\/shop\/kleine-elektrogeraete\/kaffeemaschinen-espresso\/automatisch\/smeg-kaffeevollautomat-mit-dampffunktion-smaragdgruen\/\"]}]},{\"@type\":\"ImageObject\",\"inLanguage\":\"de\",\"@id\":\"https:\/\/dev6.erresse-shop.it\/de\/shop\/kleine-elektrogeraete\/kaffeemaschinen-espresso\/automatisch\/smeg-kaffeevollautomat-mit-dampffunktion-smaragdgruen\/#primaryimage\",\"url\":\"https:\/\/i0.wp.com\/interpim.erresse-shop.it\/wp-content\/uploads\/2025\/04\/SMEG-Macchina-da-Caffe-Automatica-con-Lancia-Vapore-Verde-Smeraldo.jpg\/smeg-macchina-da-caffe-automatica-con-lancia-vapore-verde-smeraldo.jpg?ssl=1\",\"contentUrl\":\"https:\/\/i0.wp.com\/interpim.erresse-shop.it\/wp-content\/uploads\/2025\/04\/SMEG-Macchina-da-Caffe-Automatica-con-Lancia-Vapore-Verde-Smeraldo.jpg\/smeg-macchina-da-caffe-automatica-con-lancia-vapore-verde-smeraldo.jpg?ssl=1\"},{\"@type\":\"BreadcrumbList\",\"@id\":\"https:\/\/dev6.erresse-shop.it\/de\/shop\/kleine-elektrogeraete\/kaffeemaschinen-espresso\/automatisch\/smeg-kaffeevollautomat-mit-dampffunktion-smaragdgruen\/#breadcrumb\",\"itemListElement\":[{\"@type\":\"ListItem\",\"position\":1,\"name\":\"Home\",\"item\":\"https:\/\/dev6.erresse-shop.it\/\"},{\"@type\":\"ListItem\",\"position\":2,\"name\":\"Shop\",\"item\":\"https:\/\/dev6.erresse-shop.it\/shop\/\"},{\"@type\":\"ListItem\",\"position\":3,\"name\":\"SMEG Kaffeevollautomat mit Dampffunktion Smaragdgr\u00fcn\"}]},{\"@type\":\"WebSite\",\"@id\":\"https:\/\/dev6.erresse-shop.it\/#website\",\"url\":\"https:\/\/dev6.erresse-shop.it\/\",\"name\":\"Erresse Shop\",\"description\":\"\",\"publisher\":{\"@id\":\"https:\/\/dev6.erresse-shop.it\/#organization\"},\"potentialAction\":[{\"@type\":\"SearchAction\",\"target\":{\"@type\":\"EntryPoint\",\"urlTemplate\":\"https:\/\/dev6.erresse-shop.it\/?s={search_term_string}\"},\"query-input\":{\"@type\":\"PropertyValueSpecification\",\"valueRequired\":true,\"valueName\":\"search_term_string\"}}],\"inLanguage\":\"de\"},{\"@type\":\"Organization\",\"@id\":\"https:\/\/dev6.erresse-shop.it\/#organization\",\"name\":\"Erresse Shop\",\"url\":\"https:\/\/dev6.erresse-shop.it\/\",\"logo\":{\"@type\":\"ImageObject\",\"inLanguage\":\"de\",\"@id\":\"https:\/\/dev6.erresse-shop.it\/#\/schema\/logo\/image\/\",\"url\":\"https:\/\/dev6.erresse-shop.it\/wp-content\/uploads\/2025\/01\/LOGO-ERRESSE-CLASSICO.svg\",\"contentUrl\":\"https:\/\/dev6.erresse-shop.it\/wp-content\/uploads\/2025\/01\/LOGO-ERRESSE-CLASSICO.svg\",\"caption\":\"Erresse Shop\"},\"image\":{\"@id\":\"https:\/\/dev6.erresse-shop.it\/#\/schema\/logo\/image\/\"}}]}<\/script>\n<!-- \/ Yoast SEO plugin. -->","yoast_head_json":{"title":"SMEG Kaffeevollautomat mit Dampffunktion Smaragdgr\u00fcn - dev6 Erresse","description":"EINFACH ZU BEDIENEN F\u00fcllen Sie den Beh\u00e4lter einfach mit Ihren Lieblingskaffeebohnen und w\u00e4hlen Sie Ihr Getr\u00e4nk. Dank des intuitiven Bedienfelds und der","robots":{"index":"noindex","follow":"follow","max-snippet":"max-snippet:-1","max-image-preview":"max-image-preview:large","max-video-preview":"max-video-preview:-1"},"og_locale":"de_DE","og_type":"article","og_title":"SMEG Kaffeevollautomat mit Dampffunktion Smaragdgr\u00fcn - dev6 Erresse","og_description":"EINFACH ZU BEDIENEN F\u00fcllen Sie den Beh\u00e4lter einfach mit Ihren Lieblingskaffeebohnen und w\u00e4hlen Sie Ihr Getr\u00e4nk. Dank des intuitiven Bedienfelds und der","og_url":"https:\/\/dev6.erresse-shop.it\/de\/shop\/kleine-elektrogeraete\/kaffeemaschinen-espresso\/automatisch\/smeg-kaffeevollautomat-mit-dampffunktion-smaragdgruen\/","og_site_name":"dev6 Erresse","og_image":[{"url":"https:\/\/interpim.erresse-shop.it\/wp-content\/uploads\/2025\/04\/SMEG-Macchina-da-Caffe-Automatica-con-Lancia-Vapore-Verde-Smeraldo.jpg\/smeg-macchina-da-caffe-automatica-con-lancia-vapore-verde-smeraldo.jpg","type":"","width":"","height":""},{"url":"https:\/\/interpim.erresse-shop.it\/wp-content\/uploads\/2025\/04\/SMEG-Macchina-da-Caffe-Automatica-con-Lancia-Vapore-Verde-Smeraldo.jpg\/smeg-macchina-da-caffe-automatica-con-lancia-vapore-verde-smeraldo.jpg","width":1024,"height":1024,"type":"image\/jpeg"}],"twitter_card":"summary_large_image","twitter_image":"https:\/\/interpim.erresse-shop.it\/wp-content\/uploads\/2025\/04\/SMEG-Macchina-da-Caffe-Automatica-con-Lancia-Vapore-Verde-Smeraldo.jpg\/smeg-macchina-da-caffe-automatica-con-lancia-vapore-verde-smeraldo.jpg","schema":{"@context":"https:\/\/schema.org","@graph":[{"@type":"WebPage","@id":"https:\/\/dev6.erresse-shop.it\/de\/shop\/kleine-elektrogeraete\/kaffeemaschinen-espresso\/automatisch\/smeg-kaffeevollautomat-mit-dampffunktion-smaragdgruen\/","url":"https:\/\/dev6.erresse-shop.it\/de\/shop\/kleine-elektrogeraete\/kaffeemaschinen-espresso\/automatisch\/smeg-kaffeevollautomat-mit-dampffunktion-smaragdgruen\/","name":"SMEG Kaffeevollautomat mit Dampffunktion Smaragdgr\u00fcn - dev6 Erresse","isPartOf":{"@id":"https:\/\/dev6.erresse-shop.it\/#website"},"primaryImageOfPage":{"@id":"https:\/\/dev6.erresse-shop.it\/de\/shop\/kleine-elektrogeraete\/kaffeemaschinen-espresso\/automatisch\/smeg-kaffeevollautomat-mit-dampffunktion-smaragdgruen\/#primaryimage"},"image":{"@id":"https:\/\/dev6.erresse-shop.it\/de\/shop\/kleine-elektrogeraete\/kaffeemaschinen-espresso\/automatisch\/smeg-kaffeevollautomat-mit-dampffunktion-smaragdgruen\/#primaryimage"},"thumbnailUrl":"https:\/\/i0.wp.com\/interpim.erresse-shop.it\/wp-content\/uploads\/2025\/04\/SMEG-Macchina-da-Caffe-Automatica-con-Lancia-Vapore-Verde-Smeraldo.jpg\/smeg-macchina-da-caffe-automatica-con-lancia-vapore-verde-smeraldo.jpg?ssl=1","datePublished":"2026-04-10T13:07:45+00:00","description":"EINFACH ZU BEDIENEN F\u00fcllen Sie den Beh\u00e4lter einfach mit Ihren Lieblingskaffeebohnen und w\u00e4hlen Sie Ihr Getr\u00e4nk. Dank des intuitiven Bedienfelds und der","breadcrumb":{"@id":"https:\/\/dev6.erresse-shop.it\/de\/shop\/kleine-elektrogeraete\/kaffeemaschinen-espresso\/automatisch\/smeg-kaffeevollautomat-mit-dampffunktion-smaragdgruen\/#breadcrumb"},"inLanguage":"de","potentialAction":[{"@type":"ReadAction","target":["https:\/\/dev6.erresse-shop.it\/de\/shop\/kleine-elektrogeraete\/kaffeemaschinen-espresso\/automatisch\/smeg-kaffeevollautomat-mit-dampffunktion-smaragdgruen\/"]}]},{"@type":"ImageObject","inLanguage":"de","@id":"https:\/\/dev6.erresse-shop.it\/de\/shop\/kleine-elektrogeraete\/kaffeemaschinen-espresso\/automatisch\/smeg-kaffeevollautomat-mit-dampffunktion-smaragdgruen\/#primaryimage","url":"https:\/\/i0.wp.com\/interpim.erresse-shop.it\/wp-content\/uploads\/2025\/04\/SMEG-Macchina-da-Caffe-Automatica-con-Lancia-Vapore-Verde-Smeraldo.jpg\/smeg-macchina-da-caffe-automatica-con-lancia-vapore-verde-smeraldo.jpg?ssl=1","contentUrl":"https:\/\/i0.wp.com\/interpim.erresse-shop.it\/wp-content\/uploads\/2025\/04\/SMEG-Macchina-da-Caffe-Automatica-con-Lancia-Vapore-Verde-Smeraldo.jpg\/smeg-macchina-da-caffe-automatica-con-lancia-vapore-verde-smeraldo.jpg?ssl=1"},{"@type":"BreadcrumbList","@id":"https:\/\/dev6.erresse-shop.it\/de\/shop\/kleine-elektrogeraete\/kaffeemaschinen-espresso\/automatisch\/smeg-kaffeevollautomat-mit-dampffunktion-smaragdgruen\/#breadcrumb","itemListElement":[{"@type":"ListItem","position":1,"name":"Home","item":"https:\/\/dev6.erresse-shop.it\/"},{"@type":"ListItem","position":2,"name":"Shop","item":"https:\/\/dev6.erresse-shop.it\/shop\/"},{"@type":"ListItem","position":3,"name":"SMEG Kaffeevollautomat mit Dampffunktion Smaragdgr\u00fcn"}]},{"@type":"WebSite","@id":"https:\/\/dev6.erresse-shop.it\/#website","url":"https:\/\/dev6.erresse-shop.it\/","name":"Erresse Shop","description":"","publisher":{"@id":"https:\/\/dev6.erresse-shop.it\/#organization"},"potentialAction":[{"@type":"SearchAction","target":{"@type":"EntryPoint","urlTemplate":"https:\/\/dev6.erresse-shop.it\/?s={search_term_string}"},"query-input":{"@type":"PropertyValueSpecification","valueRequired":true,"valueName":"search_term_string"}}],"inLanguage":"de"},{"@type":"Organization","@id":"https:\/\/dev6.erresse-shop.it\/#organization","name":"Erresse Shop","url":"https:\/\/dev6.erresse-shop.it\/","logo":{"@type":"ImageObject","inLanguage":"de","@id":"https:\/\/dev6.erresse-shop.it\/#\/schema\/logo\/image\/","url":"https:\/\/dev6.erresse-shop.it\/wp-content\/uploads\/2025\/01\/LOGO-ERRESSE-CLASSICO.svg","contentUrl":"https:\/\/dev6.erresse-shop.it\/wp-content\/uploads\/2025\/01\/LOGO-ERRESSE-CLASSICO.svg","caption":"Erresse Shop"},"image":{"@id":"https:\/\/dev6.erresse-shop.it\/#\/schema\/logo\/image\/"}}]}},"df_price":"","df_sale_price":"","df_regular_price":"","df_image_link":"https:\/\/i0.wp.com\/interpim.erresse-shop.it\/wp-content\/uploads\/2025\/04\/SMEG-Macchina-da-Caffe-Automatica-con-Lancia-Vapore-Verde-Smeraldo.jpg\/smeg-macchina-da-caffe-automatica-con-lancia-vapore-verde-smeraldo.jpg?resize=300,300&ssl=1","fifu_image_url":"https:\/\/interpim.erresse-shop.it\/wp-content\/uploads\/2025\/04\/SMEG-Macchina-da-Caffe-Automatica-con-Lancia-Vapore-Verde-Smeraldo.jpg\/smeg-macchina-da-caffe-automatica-con-lancia-vapore-verde-smeraldo.jpg","_links":{"self":[{"href":"https:\/\/dev6.erresse-shop.it\/de\/wp-json\/wp\/v2\/product\/2302919","targetHints":{"allow":["GET"]}}],"collection":[{"href":"https:\/\/dev6.erresse-shop.it\/de\/wp-json\/wp\/v2\/product"}],"about":[{"href":"https:\/\/dev6.erresse-shop.it\/de\/wp-json\/wp\/v2\/types\/product"}],"wp:featuredmedia":[{"embeddable":true,"href":"https:\/\/dev6.erresse-shop.it\/de\/wp-json\/wp\/v2\/media\/6339041"}],"wp:attachment":[{"href":"https:\/\/dev6.erresse-shop.it\/de\/wp-json\/wp\/v2\/media?parent=2302919"}],"wp:term":[{"taxonomy":"product_cat","embeddable":true,"href":"https:\/\/dev6.erresse-shop.it\/de\/wp-json\/wp\/v2\/product_cat?post=2302919"},{"taxonomy":"product_tag","embeddable":true,"href":"https:\/\/dev6.erresse-shop.it\/de\/wp-json\/wp\/v2\/product_tag?post=2302919"}],"curies":[{"name":"wp","href":"https:\/\/api.w.org\/{rel}","templated":true}]}}