{"id":2302913,"date":"2026-04-10T15:07:45","date_gmt":"2026-04-10T13:07:45","guid":{"rendered":"https:\/\/dev6.erresse-shop.it\/shop\/unkategorisiert\/villeroy-boch-artesano-teekanne-1-l\/"},"modified":"2025-07-04T15:21:09","modified_gmt":"2025-07-04T13:21:09","slug":"villeroy-boch-artesano-teekanne-1-l","status":"publish","type":"product","link":"https:\/\/dev6.erresse-shop.it\/de\/shop\/tisch\/teekannen-zuckerdosen-milchkannen\/villeroy-boch-artesano-teekanne-1-l\/","title":{"rendered":"VILLEROY &#038; BOCH Artesano Teekanne 1 L"},"content":{"rendered":"<p class=\"chakra-heading css-1djizvy\">Artesano Teekanne<\/p>\n<p>Mit einem Fassungsverm\u00f6gen von 1000 ml eignet sich die Teekanne perfekt f\u00fcr den Teegenuss.<br \/>\nVielseitig: Die Teekanne sorgt f\u00fcr eine gem\u00fctliche Atmosph\u00e4re beim Brunch.<br \/>\nTop-Qualit\u00e4t: Die Teekanne aus Borosilikatglas ist pflegeleicht und langlebig.<br \/>\nEinfach zu bedienen: Die Teekanne ist sp\u00fclmaschinenfest und somit auch f\u00fcr kurze Zeit sp\u00fclmaschinenfest.<\/p>\n<p>Warnhinweise<\/p>\n<p>Vorsicht beim Umgang mit hei\u00dfen Getr\u00e4nken!<br \/>\nAchtung: Der Deckel kann hei\u00df werden!<br \/>\nNach dem Aufbr\u00fchen den Deckel immer am Griff des Teesiebs abnehmen.<br \/>\nDen Deckel vor dem Aufsetzen kurz mit kaltem Wasser absp\u00fclen.<br \/>\nDie gef\u00fcllte Teekanne waagerecht transportieren.<\/p>\n<p>Material: Borosilikatglas<br \/>\nSp\u00fclmaschinenfest: Ja<br \/>\nMikrowellengeeignet: Nein<\/p>\n<p>Durchmesser: 148 mm<br \/>\nL\u00e4nge: 229 mm<br \/>\nBreite: 148 mm<br \/>\nH\u00f6he: 114 mm<br \/>\nVolumen: 1000 ml<br \/>\nGewicht: 425 g<\/p>\n","protected":false},"excerpt":{"rendered":"<p>Artesano Teekanne Mit einem Fassungsverm\u00f6gen von 1000 ml eignet sich die Teekanne perfekt f\u00fcr den Teegenuss. Vielseitig: Die Teekanne sorgt f\u00fcr eine gem\u00fctliche Atmosph\u00e4re beim Brunch. Top-Qualit\u00e4t: Die Teekanne aus Borosilikatglas ist pflegeleicht und langlebig. Einfach zu bedienen: Die Teekanne ist sp\u00fclmaschinenfest und somit auch f\u00fcr kurze Zeit sp\u00fclmaschinenfest. Warnhinweise Vorsicht beim Umgang mit hei\u00dfen [&hellip;]<\/p>\n","protected":false},"featured_media":6339012,"template":"","meta":{"_acf_changed":false},"product_cat":[12114,12103],"product_tag":[],"class_list":{"0":"post-2302913","1":"product","2":"type-product","3":"status-publish","4":"has-post-thumbnail","6":"product_cat-teekannen-zuckerdosen-milchkannen","7":"product_cat-tisch","9":"first","10":"instock","11":"taxable","12":"shipping-taxable","13":"product-type-simple","swatches":"rey-swatches","show_selected":"","stretch_labels":"rey-swatches--stretch-labels"},"acf":[],"yoast_head":"<!-- This site is optimized with the Yoast SEO plugin v25.4 - https:\/\/yoast.com\/wordpress\/plugins\/seo\/ -->\n<title>VILLEROY &#038; BOCH Artesano Teekanne 1 L - dev6 Erresse<\/title>\n<meta name=\"description\" content=\"Artesano Teekanne Mit einem Fassungsverm\u00f6gen von 1000 ml eignet sich die Teekanne perfekt f\u00fcr den Teegenuss. Vielseitig: Die Teekanne sorgt f\u00fcr eine\" \/>\n<meta name=\"robots\" content=\"noindex, follow, max-snippet:-1, max-image-preview:large, max-video-preview:-1\" \/>\n<meta property=\"og:locale\" content=\"de_DE\" \/>\n<meta property=\"og:type\" content=\"article\" \/>\n<meta property=\"og:title\" content=\"VILLEROY &#038; BOCH Artesano Teekanne 1 L - dev6 Erresse\" \/>\n<meta property=\"og:description\" content=\"Artesano Teekanne Mit einem Fassungsverm\u00f6gen von 1000 ml eignet sich die Teekanne perfekt f\u00fcr den Teegenuss. Vielseitig: Die Teekanne sorgt f\u00fcr eine\" \/>\n<meta property=\"og:url\" content=\"https:\/\/dev6.erresse-shop.it\/de\/shop\/tisch\/teekannen-zuckerdosen-milchkannen\/villeroy-boch-artesano-teekanne-1-l\/\" \/>\n<meta property=\"og:site_name\" content=\"dev6 Erresse\" \/>\n<meta property=\"og:image\" content=\"https:\/\/interpim.erresse-shop.it\/wp-content\/uploads\/2025\/05\/VILLEROY-BOCH-Teiera-1-L.jpg\/villeroy-boch-teiera-1-l.jpg\" \/><meta property=\"og:image\" content=\"https:\/\/interpim.erresse-shop.it\/wp-content\/uploads\/2025\/05\/VILLEROY-BOCH-Teiera-1-L.jpg\/villeroy-boch-teiera-1-l.jpg\" \/>\n\t<meta property=\"og:image:width\" content=\"1024\" \/>\n\t<meta property=\"og:image:height\" content=\"1024\" \/>\n\t<meta property=\"og:image:type\" content=\"image\/jpeg\" \/>\n<meta name=\"twitter:card\" content=\"summary_large_image\" \/>\n<meta name=\"twitter:image\" content=\"https:\/\/interpim.erresse-shop.it\/wp-content\/uploads\/2025\/05\/VILLEROY-BOCH-Teiera-1-L.jpg\/villeroy-boch-teiera-1-l.jpg\" \/>\n<script type=\"application\/ld+json\" class=\"yoast-schema-graph\">{\"@context\":\"https:\/\/schema.org\",\"@graph\":[{\"@type\":\"WebPage\",\"@id\":\"https:\/\/dev6.erresse-shop.it\/de\/shop\/tisch\/teekannen-zuckerdosen-milchkannen\/villeroy-boch-artesano-teekanne-1-l\/\",\"url\":\"https:\/\/dev6.erresse-shop.it\/de\/shop\/tisch\/teekannen-zuckerdosen-milchkannen\/villeroy-boch-artesano-teekanne-1-l\/\",\"name\":\"VILLEROY &#038; BOCH Artesano Teekanne 1 L - dev6 Erresse\",\"isPartOf\":{\"@id\":\"https:\/\/dev6.erresse-shop.it\/#website\"},\"primaryImageOfPage\":{\"@id\":\"https:\/\/dev6.erresse-shop.it\/de\/shop\/tisch\/teekannen-zuckerdosen-milchkannen\/villeroy-boch-artesano-teekanne-1-l\/#primaryimage\"},\"image\":{\"@id\":\"https:\/\/dev6.erresse-shop.it\/de\/shop\/tisch\/teekannen-zuckerdosen-milchkannen\/villeroy-boch-artesano-teekanne-1-l\/#primaryimage\"},\"thumbnailUrl\":\"https:\/\/i2.wp.com\/interpim.erresse-shop.it\/wp-content\/uploads\/2025\/05\/VILLEROY-BOCH-Teiera-1-L.jpg\/villeroy-boch-teiera-1-l.jpg?ssl=1\",\"datePublished\":\"2026-04-10T13:07:45+00:00\",\"description\":\"Artesano Teekanne Mit einem Fassungsverm\u00f6gen von 1000 ml eignet sich die Teekanne perfekt f\u00fcr den Teegenuss. Vielseitig: Die Teekanne sorgt f\u00fcr eine\",\"breadcrumb\":{\"@id\":\"https:\/\/dev6.erresse-shop.it\/de\/shop\/tisch\/teekannen-zuckerdosen-milchkannen\/villeroy-boch-artesano-teekanne-1-l\/#breadcrumb\"},\"inLanguage\":\"de\",\"potentialAction\":[{\"@type\":\"ReadAction\",\"target\":[\"https:\/\/dev6.erresse-shop.it\/de\/shop\/tisch\/teekannen-zuckerdosen-milchkannen\/villeroy-boch-artesano-teekanne-1-l\/\"]}]},{\"@type\":\"ImageObject\",\"inLanguage\":\"de\",\"@id\":\"https:\/\/dev6.erresse-shop.it\/de\/shop\/tisch\/teekannen-zuckerdosen-milchkannen\/villeroy-boch-artesano-teekanne-1-l\/#primaryimage\",\"url\":\"https:\/\/i2.wp.com\/interpim.erresse-shop.it\/wp-content\/uploads\/2025\/05\/VILLEROY-BOCH-Teiera-1-L.jpg\/villeroy-boch-teiera-1-l.jpg?ssl=1\",\"contentUrl\":\"https:\/\/i2.wp.com\/interpim.erresse-shop.it\/wp-content\/uploads\/2025\/05\/VILLEROY-BOCH-Teiera-1-L.jpg\/villeroy-boch-teiera-1-l.jpg?ssl=1\"},{\"@type\":\"BreadcrumbList\",\"@id\":\"https:\/\/dev6.erresse-shop.it\/de\/shop\/tisch\/teekannen-zuckerdosen-milchkannen\/villeroy-boch-artesano-teekanne-1-l\/#breadcrumb\",\"itemListElement\":[{\"@type\":\"ListItem\",\"position\":1,\"name\":\"Home\",\"item\":\"https:\/\/dev6.erresse-shop.it\/\"},{\"@type\":\"ListItem\",\"position\":2,\"name\":\"Shop\",\"item\":\"https:\/\/dev6.erresse-shop.it\/shop\/\"},{\"@type\":\"ListItem\",\"position\":3,\"name\":\"VILLEROY &#038; BOCH Artesano Teekanne 1 L\"}]},{\"@type\":\"WebSite\",\"@id\":\"https:\/\/dev6.erresse-shop.it\/#website\",\"url\":\"https:\/\/dev6.erresse-shop.it\/\",\"name\":\"Erresse Shop\",\"description\":\"\",\"publisher\":{\"@id\":\"https:\/\/dev6.erresse-shop.it\/#organization\"},\"potentialAction\":[{\"@type\":\"SearchAction\",\"target\":{\"@type\":\"EntryPoint\",\"urlTemplate\":\"https:\/\/dev6.erresse-shop.it\/?s={search_term_string}\"},\"query-input\":{\"@type\":\"PropertyValueSpecification\",\"valueRequired\":true,\"valueName\":\"search_term_string\"}}],\"inLanguage\":\"de\"},{\"@type\":\"Organization\",\"@id\":\"https:\/\/dev6.erresse-shop.it\/#organization\",\"name\":\"Erresse Shop\",\"url\":\"https:\/\/dev6.erresse-shop.it\/\",\"logo\":{\"@type\":\"ImageObject\",\"inLanguage\":\"de\",\"@id\":\"https:\/\/dev6.erresse-shop.it\/#\/schema\/logo\/image\/\",\"url\":\"https:\/\/dev6.erresse-shop.it\/wp-content\/uploads\/2025\/01\/LOGO-ERRESSE-CLASSICO.svg\",\"contentUrl\":\"https:\/\/dev6.erresse-shop.it\/wp-content\/uploads\/2025\/01\/LOGO-ERRESSE-CLASSICO.svg\",\"caption\":\"Erresse Shop\"},\"image\":{\"@id\":\"https:\/\/dev6.erresse-shop.it\/#\/schema\/logo\/image\/\"}}]}<\/script>\n<!-- \/ Yoast SEO plugin. -->","yoast_head_json":{"title":"VILLEROY &#038; BOCH Artesano Teekanne 1 L - dev6 Erresse","description":"Artesano Teekanne Mit einem Fassungsverm\u00f6gen von 1000 ml eignet sich die Teekanne perfekt f\u00fcr den Teegenuss. Vielseitig: Die Teekanne sorgt f\u00fcr eine","robots":{"index":"noindex","follow":"follow","max-snippet":"max-snippet:-1","max-image-preview":"max-image-preview:large","max-video-preview":"max-video-preview:-1"},"og_locale":"de_DE","og_type":"article","og_title":"VILLEROY &#038; BOCH Artesano Teekanne 1 L - dev6 Erresse","og_description":"Artesano Teekanne Mit einem Fassungsverm\u00f6gen von 1000 ml eignet sich die Teekanne perfekt f\u00fcr den Teegenuss. Vielseitig: Die Teekanne sorgt f\u00fcr eine","og_url":"https:\/\/dev6.erresse-shop.it\/de\/shop\/tisch\/teekannen-zuckerdosen-milchkannen\/villeroy-boch-artesano-teekanne-1-l\/","og_site_name":"dev6 Erresse","og_image":[{"url":"https:\/\/interpim.erresse-shop.it\/wp-content\/uploads\/2025\/05\/VILLEROY-BOCH-Teiera-1-L.jpg\/villeroy-boch-teiera-1-l.jpg","type":"","width":"","height":""},{"url":"https:\/\/interpim.erresse-shop.it\/wp-content\/uploads\/2025\/05\/VILLEROY-BOCH-Teiera-1-L.jpg\/villeroy-boch-teiera-1-l.jpg","width":1024,"height":1024,"type":"image\/jpeg"}],"twitter_card":"summary_large_image","twitter_image":"https:\/\/interpim.erresse-shop.it\/wp-content\/uploads\/2025\/05\/VILLEROY-BOCH-Teiera-1-L.jpg\/villeroy-boch-teiera-1-l.jpg","schema":{"@context":"https:\/\/schema.org","@graph":[{"@type":"WebPage","@id":"https:\/\/dev6.erresse-shop.it\/de\/shop\/tisch\/teekannen-zuckerdosen-milchkannen\/villeroy-boch-artesano-teekanne-1-l\/","url":"https:\/\/dev6.erresse-shop.it\/de\/shop\/tisch\/teekannen-zuckerdosen-milchkannen\/villeroy-boch-artesano-teekanne-1-l\/","name":"VILLEROY &#038; BOCH Artesano Teekanne 1 L - dev6 Erresse","isPartOf":{"@id":"https:\/\/dev6.erresse-shop.it\/#website"},"primaryImageOfPage":{"@id":"https:\/\/dev6.erresse-shop.it\/de\/shop\/tisch\/teekannen-zuckerdosen-milchkannen\/villeroy-boch-artesano-teekanne-1-l\/#primaryimage"},"image":{"@id":"https:\/\/dev6.erresse-shop.it\/de\/shop\/tisch\/teekannen-zuckerdosen-milchkannen\/villeroy-boch-artesano-teekanne-1-l\/#primaryimage"},"thumbnailUrl":"https:\/\/i2.wp.com\/interpim.erresse-shop.it\/wp-content\/uploads\/2025\/05\/VILLEROY-BOCH-Teiera-1-L.jpg\/villeroy-boch-teiera-1-l.jpg?ssl=1","datePublished":"2026-04-10T13:07:45+00:00","description":"Artesano Teekanne Mit einem Fassungsverm\u00f6gen von 1000 ml eignet sich die Teekanne perfekt f\u00fcr den Teegenuss. Vielseitig: Die Teekanne sorgt f\u00fcr eine","breadcrumb":{"@id":"https:\/\/dev6.erresse-shop.it\/de\/shop\/tisch\/teekannen-zuckerdosen-milchkannen\/villeroy-boch-artesano-teekanne-1-l\/#breadcrumb"},"inLanguage":"de","potentialAction":[{"@type":"ReadAction","target":["https:\/\/dev6.erresse-shop.it\/de\/shop\/tisch\/teekannen-zuckerdosen-milchkannen\/villeroy-boch-artesano-teekanne-1-l\/"]}]},{"@type":"ImageObject","inLanguage":"de","@id":"https:\/\/dev6.erresse-shop.it\/de\/shop\/tisch\/teekannen-zuckerdosen-milchkannen\/villeroy-boch-artesano-teekanne-1-l\/#primaryimage","url":"https:\/\/i2.wp.com\/interpim.erresse-shop.it\/wp-content\/uploads\/2025\/05\/VILLEROY-BOCH-Teiera-1-L.jpg\/villeroy-boch-teiera-1-l.jpg?ssl=1","contentUrl":"https:\/\/i2.wp.com\/interpim.erresse-shop.it\/wp-content\/uploads\/2025\/05\/VILLEROY-BOCH-Teiera-1-L.jpg\/villeroy-boch-teiera-1-l.jpg?ssl=1"},{"@type":"BreadcrumbList","@id":"https:\/\/dev6.erresse-shop.it\/de\/shop\/tisch\/teekannen-zuckerdosen-milchkannen\/villeroy-boch-artesano-teekanne-1-l\/#breadcrumb","itemListElement":[{"@type":"ListItem","position":1,"name":"Home","item":"https:\/\/dev6.erresse-shop.it\/"},{"@type":"ListItem","position":2,"name":"Shop","item":"https:\/\/dev6.erresse-shop.it\/shop\/"},{"@type":"ListItem","position":3,"name":"VILLEROY &#038; BOCH Artesano Teekanne 1 L"}]},{"@type":"WebSite","@id":"https:\/\/dev6.erresse-shop.it\/#website","url":"https:\/\/dev6.erresse-shop.it\/","name":"Erresse Shop","description":"","publisher":{"@id":"https:\/\/dev6.erresse-shop.it\/#organization"},"potentialAction":[{"@type":"SearchAction","target":{"@type":"EntryPoint","urlTemplate":"https:\/\/dev6.erresse-shop.it\/?s={search_term_string}"},"query-input":{"@type":"PropertyValueSpecification","valueRequired":true,"valueName":"search_term_string"}}],"inLanguage":"de"},{"@type":"Organization","@id":"https:\/\/dev6.erresse-shop.it\/#organization","name":"Erresse Shop","url":"https:\/\/dev6.erresse-shop.it\/","logo":{"@type":"ImageObject","inLanguage":"de","@id":"https:\/\/dev6.erresse-shop.it\/#\/schema\/logo\/image\/","url":"https:\/\/dev6.erresse-shop.it\/wp-content\/uploads\/2025\/01\/LOGO-ERRESSE-CLASSICO.svg","contentUrl":"https:\/\/dev6.erresse-shop.it\/wp-content\/uploads\/2025\/01\/LOGO-ERRESSE-CLASSICO.svg","caption":"Erresse Shop"},"image":{"@id":"https:\/\/dev6.erresse-shop.it\/#\/schema\/logo\/image\/"}}]}},"df_price":"","df_sale_price":"","df_regular_price":"","df_image_link":"https:\/\/i2.wp.com\/interpim.erresse-shop.it\/wp-content\/uploads\/2025\/05\/VILLEROY-BOCH-Teiera-1-L.jpg\/villeroy-boch-teiera-1-l.jpg?resize=300,300&ssl=1","fifu_image_url":"https:\/\/interpim.erresse-shop.it\/wp-content\/uploads\/2025\/05\/VILLEROY-BOCH-Teiera-1-L.jpg\/villeroy-boch-teiera-1-l.jpg","_links":{"self":[{"href":"https:\/\/dev6.erresse-shop.it\/de\/wp-json\/wp\/v2\/product\/2302913","targetHints":{"allow":["GET"]}}],"collection":[{"href":"https:\/\/dev6.erresse-shop.it\/de\/wp-json\/wp\/v2\/product"}],"about":[{"href":"https:\/\/dev6.erresse-shop.it\/de\/wp-json\/wp\/v2\/types\/product"}],"wp:featuredmedia":[{"embeddable":true,"href":"https:\/\/dev6.erresse-shop.it\/de\/wp-json\/wp\/v2\/media\/6339012"}],"wp:attachment":[{"href":"https:\/\/dev6.erresse-shop.it\/de\/wp-json\/wp\/v2\/media?parent=2302913"}],"wp:term":[{"taxonomy":"product_cat","embeddable":true,"href":"https:\/\/dev6.erresse-shop.it\/de\/wp-json\/wp\/v2\/product_cat?post=2302913"},{"taxonomy":"product_tag","embeddable":true,"href":"https:\/\/dev6.erresse-shop.it\/de\/wp-json\/wp\/v2\/product_tag?post=2302913"}],"curies":[{"name":"wp","href":"https:\/\/api.w.org\/{rel}","templated":true}]}}