{"id":2302899,"date":"2026-04-10T15:07:45","date_gmt":"2026-04-10T13:07:45","guid":{"rendered":"https:\/\/dev6.erresse-shop.it\/shop\/unkategorisiert\/villeroy-boch-boston-4er-set-rotweinglaeser-200-ml-lila\/"},"modified":"2025-07-04T15:20:42","modified_gmt":"2025-07-04T13:20:42","slug":"villeroy-boch-boston-4er-set-rotweinglaeser-200-ml-lila","status":"publish","type":"product","link":"https:\/\/dev6.erresse-shop.it\/de\/shop\/tisch\/weinbar-korkenzieher-dekanter-eiskubel\/weinglaeser\/villeroy-boch-boston-4er-set-rotweinglaeser-200-ml-lila\/","title":{"rendered":"VILLEROY &#038; BOCH Boston 4er-Set Rotweingl\u00e4ser 200 ml Lila"},"content":{"rendered":"<p class=\"chakra-heading css-1djizvy\">Boston Rotweinglas\n<\/p>\n<p>Dieses Glas mit einem Fassungsverm\u00f6gen von 200 ml ist ideal, um die komplexen Aromen von Rotwein optimal zur Geltung zu bringen.<br \/>\nDekoratives und praktisches Element: Das Rotweinglas macht die festliche Tafel zu einem perfekten Begleiter f\u00fcr besondere Anl\u00e4sse.<br \/>\nMultifunktional: Es macht sowohl beim allt\u00e4glichen Mittag- oder Abendessen als auch bei besonderen Anl\u00e4ssen wie Geburtstagen eine gute Figur.<br \/>\nTop-Qualit\u00e4t: Das Rotweinglas aus Kristallglas ist sehr langlebig und robust.<br \/>\nDas robuste Glas mit modernem Schliff besticht durch sein elegantes Design, das sch\u00f6ne Akzente auf der Tafel setzt.<br \/>\nPflegeleicht und praktisch: Das Rotweinglas ist sp\u00fclmaschinenfest.<\/p>\n<p>Material: Kristall<br \/>\nSp\u00fclmaschinenfest: Ja<br \/>\nMikrowellengeeignet: Nein<\/p>\n<p>Durchmesser: 90 mm<br \/>\nH\u00f6he: 132 mm<br \/>\nVolumen: 200 ml<\/p>\n","protected":false},"excerpt":{"rendered":"<p>Boston Rotweinglas Dieses Glas mit einem Fassungsverm\u00f6gen von 200 ml ist ideal, um die komplexen Aromen von Rotwein optimal zur Geltung zu bringen. Dekoratives und praktisches Element: Das Rotweinglas macht die festliche Tafel zu einem perfekten Begleiter f\u00fcr besondere Anl\u00e4sse. Multifunktional: Es macht sowohl beim allt\u00e4glichen Mittag- oder Abendessen als auch bei besonderen Anl\u00e4ssen wie [&hellip;]<\/p>\n","protected":false},"featured_media":6338990,"template":"","meta":{"_acf_changed":false},"product_cat":[12103,12177,12186],"product_tag":[],"class_list":{"0":"post-2302899","1":"product","2":"type-product","3":"status-publish","4":"has-post-thumbnail","6":"product_cat-tisch","7":"product_cat-weinbar-korkenzieher-dekanter-eiskubel","8":"product_cat-weinglaeser","10":"first","11":"instock","12":"taxable","13":"shipping-taxable","14":"product-type-simple","swatches":"rey-swatches","show_selected":"","stretch_labels":"rey-swatches--stretch-labels"},"acf":[],"yoast_head":"<!-- This site is optimized with the Yoast SEO plugin v25.4 - https:\/\/yoast.com\/wordpress\/plugins\/seo\/ -->\n<title>VILLEROY &#038; BOCH Boston 4er-Set Rotweingl\u00e4ser 200 ml Lila - dev6 Erresse<\/title>\n<meta name=\"description\" content=\"Boston Rotweinglas Dieses Glas mit einem Fassungsverm\u00f6gen von 200 ml ist ideal, um die komplexen Aromen von Rotwein optimal zur Geltung zu bringen.\" \/>\n<meta name=\"robots\" content=\"noindex, follow, max-snippet:-1, max-image-preview:large, max-video-preview:-1\" \/>\n<meta property=\"og:locale\" content=\"de_DE\" \/>\n<meta property=\"og:type\" content=\"article\" \/>\n<meta property=\"og:title\" content=\"VILLEROY &#038; BOCH Boston 4er-Set Rotweingl\u00e4ser 200 ml Lila - dev6 Erresse\" \/>\n<meta property=\"og:description\" content=\"Boston Rotweinglas Dieses Glas mit einem Fassungsverm\u00f6gen von 200 ml ist ideal, um die komplexen Aromen von Rotwein optimal zur Geltung zu bringen.\" \/>\n<meta property=\"og:url\" content=\"https:\/\/dev6.erresse-shop.it\/de\/shop\/tisch\/weinbar-korkenzieher-dekanter-eiskubel\/weinglaeser\/villeroy-boch-boston-4er-set-rotweinglaeser-200-ml-lila\/\" \/>\n<meta property=\"og:site_name\" content=\"dev6 Erresse\" \/>\n<meta property=\"og:image\" content=\"https:\/\/interpim.erresse-shop.it\/wp-content\/uploads\/2025\/05\/VILLEROY-BOCH-Boston-Set-4-Calici-Vino-Rosso-200-ml-Lilla.jpg\/villeroy-boch-boston-set-4-calici-vino-rosso-200-ml-lilla.jpg\" \/><meta property=\"og:image\" content=\"https:\/\/interpim.erresse-shop.it\/wp-content\/uploads\/2025\/05\/VILLEROY-BOCH-Boston-Set-4-Calici-Vino-Rosso-200-ml-Lilla.jpg\/villeroy-boch-boston-set-4-calici-vino-rosso-200-ml-lilla.jpg\" \/>\n\t<meta property=\"og:image:width\" content=\"1024\" \/>\n\t<meta property=\"og:image:height\" content=\"1024\" \/>\n\t<meta property=\"og:image:type\" content=\"image\/jpeg\" \/>\n<meta name=\"twitter:card\" content=\"summary_large_image\" \/>\n<meta name=\"twitter:image\" content=\"https:\/\/interpim.erresse-shop.it\/wp-content\/uploads\/2025\/05\/VILLEROY-BOCH-Boston-Set-4-Calici-Vino-Rosso-200-ml-Lilla.jpg\/villeroy-boch-boston-set-4-calici-vino-rosso-200-ml-lilla.jpg\" \/>\n<script type=\"application\/ld+json\" class=\"yoast-schema-graph\">{\"@context\":\"https:\/\/schema.org\",\"@graph\":[{\"@type\":\"WebPage\",\"@id\":\"https:\/\/dev6.erresse-shop.it\/de\/shop\/tisch\/weinbar-korkenzieher-dekanter-eiskubel\/weinglaeser\/villeroy-boch-boston-4er-set-rotweinglaeser-200-ml-lila\/\",\"url\":\"https:\/\/dev6.erresse-shop.it\/de\/shop\/tisch\/weinbar-korkenzieher-dekanter-eiskubel\/weinglaeser\/villeroy-boch-boston-4er-set-rotweinglaeser-200-ml-lila\/\",\"name\":\"VILLEROY &#038; BOCH Boston 4er-Set Rotweingl\u00e4ser 200 ml Lila - dev6 Erresse\",\"isPartOf\":{\"@id\":\"https:\/\/dev6.erresse-shop.it\/#website\"},\"primaryImageOfPage\":{\"@id\":\"https:\/\/dev6.erresse-shop.it\/de\/shop\/tisch\/weinbar-korkenzieher-dekanter-eiskubel\/weinglaeser\/villeroy-boch-boston-4er-set-rotweinglaeser-200-ml-lila\/#primaryimage\"},\"image\":{\"@id\":\"https:\/\/dev6.erresse-shop.it\/de\/shop\/tisch\/weinbar-korkenzieher-dekanter-eiskubel\/weinglaeser\/villeroy-boch-boston-4er-set-rotweinglaeser-200-ml-lila\/#primaryimage\"},\"thumbnailUrl\":\"https:\/\/i2.wp.com\/interpim.erresse-shop.it\/wp-content\/uploads\/2025\/05\/VILLEROY-BOCH-Boston-Set-4-Calici-Vino-Rosso-200-ml-Lilla.jpg\/villeroy-boch-boston-set-4-calici-vino-rosso-200-ml-lilla.jpg?ssl=1\",\"datePublished\":\"2026-04-10T13:07:45+00:00\",\"description\":\"Boston Rotweinglas Dieses Glas mit einem Fassungsverm\u00f6gen von 200 ml ist ideal, um die komplexen Aromen von Rotwein optimal zur Geltung zu bringen.\",\"breadcrumb\":{\"@id\":\"https:\/\/dev6.erresse-shop.it\/de\/shop\/tisch\/weinbar-korkenzieher-dekanter-eiskubel\/weinglaeser\/villeroy-boch-boston-4er-set-rotweinglaeser-200-ml-lila\/#breadcrumb\"},\"inLanguage\":\"de\",\"potentialAction\":[{\"@type\":\"ReadAction\",\"target\":[\"https:\/\/dev6.erresse-shop.it\/de\/shop\/tisch\/weinbar-korkenzieher-dekanter-eiskubel\/weinglaeser\/villeroy-boch-boston-4er-set-rotweinglaeser-200-ml-lila\/\"]}]},{\"@type\":\"ImageObject\",\"inLanguage\":\"de\",\"@id\":\"https:\/\/dev6.erresse-shop.it\/de\/shop\/tisch\/weinbar-korkenzieher-dekanter-eiskubel\/weinglaeser\/villeroy-boch-boston-4er-set-rotweinglaeser-200-ml-lila\/#primaryimage\",\"url\":\"https:\/\/i2.wp.com\/interpim.erresse-shop.it\/wp-content\/uploads\/2025\/05\/VILLEROY-BOCH-Boston-Set-4-Calici-Vino-Rosso-200-ml-Lilla.jpg\/villeroy-boch-boston-set-4-calici-vino-rosso-200-ml-lilla.jpg?ssl=1\",\"contentUrl\":\"https:\/\/i2.wp.com\/interpim.erresse-shop.it\/wp-content\/uploads\/2025\/05\/VILLEROY-BOCH-Boston-Set-4-Calici-Vino-Rosso-200-ml-Lilla.jpg\/villeroy-boch-boston-set-4-calici-vino-rosso-200-ml-lilla.jpg?ssl=1\"},{\"@type\":\"BreadcrumbList\",\"@id\":\"https:\/\/dev6.erresse-shop.it\/de\/shop\/tisch\/weinbar-korkenzieher-dekanter-eiskubel\/weinglaeser\/villeroy-boch-boston-4er-set-rotweinglaeser-200-ml-lila\/#breadcrumb\",\"itemListElement\":[{\"@type\":\"ListItem\",\"position\":1,\"name\":\"Home\",\"item\":\"https:\/\/dev6.erresse-shop.it\/\"},{\"@type\":\"ListItem\",\"position\":2,\"name\":\"Shop\",\"item\":\"https:\/\/dev6.erresse-shop.it\/shop\/\"},{\"@type\":\"ListItem\",\"position\":3,\"name\":\"VILLEROY &#038; BOCH Boston 4er-Set Rotweingl\u00e4ser 200 ml Lila\"}]},{\"@type\":\"WebSite\",\"@id\":\"https:\/\/dev6.erresse-shop.it\/#website\",\"url\":\"https:\/\/dev6.erresse-shop.it\/\",\"name\":\"Erresse Shop\",\"description\":\"\",\"publisher\":{\"@id\":\"https:\/\/dev6.erresse-shop.it\/#organization\"},\"potentialAction\":[{\"@type\":\"SearchAction\",\"target\":{\"@type\":\"EntryPoint\",\"urlTemplate\":\"https:\/\/dev6.erresse-shop.it\/?s={search_term_string}\"},\"query-input\":{\"@type\":\"PropertyValueSpecification\",\"valueRequired\":true,\"valueName\":\"search_term_string\"}}],\"inLanguage\":\"de\"},{\"@type\":\"Organization\",\"@id\":\"https:\/\/dev6.erresse-shop.it\/#organization\",\"name\":\"Erresse Shop\",\"url\":\"https:\/\/dev6.erresse-shop.it\/\",\"logo\":{\"@type\":\"ImageObject\",\"inLanguage\":\"de\",\"@id\":\"https:\/\/dev6.erresse-shop.it\/#\/schema\/logo\/image\/\",\"url\":\"https:\/\/dev6.erresse-shop.it\/wp-content\/uploads\/2025\/01\/LOGO-ERRESSE-CLASSICO.svg\",\"contentUrl\":\"https:\/\/dev6.erresse-shop.it\/wp-content\/uploads\/2025\/01\/LOGO-ERRESSE-CLASSICO.svg\",\"caption\":\"Erresse Shop\"},\"image\":{\"@id\":\"https:\/\/dev6.erresse-shop.it\/#\/schema\/logo\/image\/\"}}]}<\/script>\n<!-- \/ Yoast SEO plugin. -->","yoast_head_json":{"title":"VILLEROY &#038; BOCH Boston 4er-Set Rotweingl\u00e4ser 200 ml Lila - dev6 Erresse","description":"Boston Rotweinglas Dieses Glas mit einem Fassungsverm\u00f6gen von 200 ml ist ideal, um die komplexen Aromen von Rotwein optimal zur Geltung zu bringen.","robots":{"index":"noindex","follow":"follow","max-snippet":"max-snippet:-1","max-image-preview":"max-image-preview:large","max-video-preview":"max-video-preview:-1"},"og_locale":"de_DE","og_type":"article","og_title":"VILLEROY &#038; BOCH Boston 4er-Set Rotweingl\u00e4ser 200 ml Lila - dev6 Erresse","og_description":"Boston Rotweinglas Dieses Glas mit einem Fassungsverm\u00f6gen von 200 ml ist ideal, um die komplexen Aromen von Rotwein optimal zur Geltung zu bringen.","og_url":"https:\/\/dev6.erresse-shop.it\/de\/shop\/tisch\/weinbar-korkenzieher-dekanter-eiskubel\/weinglaeser\/villeroy-boch-boston-4er-set-rotweinglaeser-200-ml-lila\/","og_site_name":"dev6 Erresse","og_image":[{"url":"https:\/\/interpim.erresse-shop.it\/wp-content\/uploads\/2025\/05\/VILLEROY-BOCH-Boston-Set-4-Calici-Vino-Rosso-200-ml-Lilla.jpg\/villeroy-boch-boston-set-4-calici-vino-rosso-200-ml-lilla.jpg","type":"","width":"","height":""},{"url":"https:\/\/interpim.erresse-shop.it\/wp-content\/uploads\/2025\/05\/VILLEROY-BOCH-Boston-Set-4-Calici-Vino-Rosso-200-ml-Lilla.jpg\/villeroy-boch-boston-set-4-calici-vino-rosso-200-ml-lilla.jpg","width":1024,"height":1024,"type":"image\/jpeg"}],"twitter_card":"summary_large_image","twitter_image":"https:\/\/interpim.erresse-shop.it\/wp-content\/uploads\/2025\/05\/VILLEROY-BOCH-Boston-Set-4-Calici-Vino-Rosso-200-ml-Lilla.jpg\/villeroy-boch-boston-set-4-calici-vino-rosso-200-ml-lilla.jpg","schema":{"@context":"https:\/\/schema.org","@graph":[{"@type":"WebPage","@id":"https:\/\/dev6.erresse-shop.it\/de\/shop\/tisch\/weinbar-korkenzieher-dekanter-eiskubel\/weinglaeser\/villeroy-boch-boston-4er-set-rotweinglaeser-200-ml-lila\/","url":"https:\/\/dev6.erresse-shop.it\/de\/shop\/tisch\/weinbar-korkenzieher-dekanter-eiskubel\/weinglaeser\/villeroy-boch-boston-4er-set-rotweinglaeser-200-ml-lila\/","name":"VILLEROY &#038; BOCH Boston 4er-Set Rotweingl\u00e4ser 200 ml Lila - dev6 Erresse","isPartOf":{"@id":"https:\/\/dev6.erresse-shop.it\/#website"},"primaryImageOfPage":{"@id":"https:\/\/dev6.erresse-shop.it\/de\/shop\/tisch\/weinbar-korkenzieher-dekanter-eiskubel\/weinglaeser\/villeroy-boch-boston-4er-set-rotweinglaeser-200-ml-lila\/#primaryimage"},"image":{"@id":"https:\/\/dev6.erresse-shop.it\/de\/shop\/tisch\/weinbar-korkenzieher-dekanter-eiskubel\/weinglaeser\/villeroy-boch-boston-4er-set-rotweinglaeser-200-ml-lila\/#primaryimage"},"thumbnailUrl":"https:\/\/i2.wp.com\/interpim.erresse-shop.it\/wp-content\/uploads\/2025\/05\/VILLEROY-BOCH-Boston-Set-4-Calici-Vino-Rosso-200-ml-Lilla.jpg\/villeroy-boch-boston-set-4-calici-vino-rosso-200-ml-lilla.jpg?ssl=1","datePublished":"2026-04-10T13:07:45+00:00","description":"Boston Rotweinglas Dieses Glas mit einem Fassungsverm\u00f6gen von 200 ml ist ideal, um die komplexen Aromen von Rotwein optimal zur Geltung zu bringen.","breadcrumb":{"@id":"https:\/\/dev6.erresse-shop.it\/de\/shop\/tisch\/weinbar-korkenzieher-dekanter-eiskubel\/weinglaeser\/villeroy-boch-boston-4er-set-rotweinglaeser-200-ml-lila\/#breadcrumb"},"inLanguage":"de","potentialAction":[{"@type":"ReadAction","target":["https:\/\/dev6.erresse-shop.it\/de\/shop\/tisch\/weinbar-korkenzieher-dekanter-eiskubel\/weinglaeser\/villeroy-boch-boston-4er-set-rotweinglaeser-200-ml-lila\/"]}]},{"@type":"ImageObject","inLanguage":"de","@id":"https:\/\/dev6.erresse-shop.it\/de\/shop\/tisch\/weinbar-korkenzieher-dekanter-eiskubel\/weinglaeser\/villeroy-boch-boston-4er-set-rotweinglaeser-200-ml-lila\/#primaryimage","url":"https:\/\/i2.wp.com\/interpim.erresse-shop.it\/wp-content\/uploads\/2025\/05\/VILLEROY-BOCH-Boston-Set-4-Calici-Vino-Rosso-200-ml-Lilla.jpg\/villeroy-boch-boston-set-4-calici-vino-rosso-200-ml-lilla.jpg?ssl=1","contentUrl":"https:\/\/i2.wp.com\/interpim.erresse-shop.it\/wp-content\/uploads\/2025\/05\/VILLEROY-BOCH-Boston-Set-4-Calici-Vino-Rosso-200-ml-Lilla.jpg\/villeroy-boch-boston-set-4-calici-vino-rosso-200-ml-lilla.jpg?ssl=1"},{"@type":"BreadcrumbList","@id":"https:\/\/dev6.erresse-shop.it\/de\/shop\/tisch\/weinbar-korkenzieher-dekanter-eiskubel\/weinglaeser\/villeroy-boch-boston-4er-set-rotweinglaeser-200-ml-lila\/#breadcrumb","itemListElement":[{"@type":"ListItem","position":1,"name":"Home","item":"https:\/\/dev6.erresse-shop.it\/"},{"@type":"ListItem","position":2,"name":"Shop","item":"https:\/\/dev6.erresse-shop.it\/shop\/"},{"@type":"ListItem","position":3,"name":"VILLEROY &#038; BOCH Boston 4er-Set Rotweingl\u00e4ser 200 ml Lila"}]},{"@type":"WebSite","@id":"https:\/\/dev6.erresse-shop.it\/#website","url":"https:\/\/dev6.erresse-shop.it\/","name":"Erresse Shop","description":"","publisher":{"@id":"https:\/\/dev6.erresse-shop.it\/#organization"},"potentialAction":[{"@type":"SearchAction","target":{"@type":"EntryPoint","urlTemplate":"https:\/\/dev6.erresse-shop.it\/?s={search_term_string}"},"query-input":{"@type":"PropertyValueSpecification","valueRequired":true,"valueName":"search_term_string"}}],"inLanguage":"de"},{"@type":"Organization","@id":"https:\/\/dev6.erresse-shop.it\/#organization","name":"Erresse Shop","url":"https:\/\/dev6.erresse-shop.it\/","logo":{"@type":"ImageObject","inLanguage":"de","@id":"https:\/\/dev6.erresse-shop.it\/#\/schema\/logo\/image\/","url":"https:\/\/dev6.erresse-shop.it\/wp-content\/uploads\/2025\/01\/LOGO-ERRESSE-CLASSICO.svg","contentUrl":"https:\/\/dev6.erresse-shop.it\/wp-content\/uploads\/2025\/01\/LOGO-ERRESSE-CLASSICO.svg","caption":"Erresse Shop"},"image":{"@id":"https:\/\/dev6.erresse-shop.it\/#\/schema\/logo\/image\/"}}]}},"df_price":"","df_sale_price":"","df_regular_price":"","df_image_link":"https:\/\/i2.wp.com\/interpim.erresse-shop.it\/wp-content\/uploads\/2025\/05\/VILLEROY-BOCH-Boston-Set-4-Calici-Vino-Rosso-200-ml-Lilla.jpg\/villeroy-boch-boston-set-4-calici-vino-rosso-200-ml-lilla.jpg?resize=300,300&ssl=1","fifu_image_url":"https:\/\/interpim.erresse-shop.it\/wp-content\/uploads\/2025\/05\/VILLEROY-BOCH-Boston-Set-4-Calici-Vino-Rosso-200-ml-Lilla.jpg\/villeroy-boch-boston-set-4-calici-vino-rosso-200-ml-lilla.jpg","_links":{"self":[{"href":"https:\/\/dev6.erresse-shop.it\/de\/wp-json\/wp\/v2\/product\/2302899","targetHints":{"allow":["GET"]}}],"collection":[{"href":"https:\/\/dev6.erresse-shop.it\/de\/wp-json\/wp\/v2\/product"}],"about":[{"href":"https:\/\/dev6.erresse-shop.it\/de\/wp-json\/wp\/v2\/types\/product"}],"wp:featuredmedia":[{"embeddable":true,"href":"https:\/\/dev6.erresse-shop.it\/de\/wp-json\/wp\/v2\/media\/6338990"}],"wp:attachment":[{"href":"https:\/\/dev6.erresse-shop.it\/de\/wp-json\/wp\/v2\/media?parent=2302899"}],"wp:term":[{"taxonomy":"product_cat","embeddable":true,"href":"https:\/\/dev6.erresse-shop.it\/de\/wp-json\/wp\/v2\/product_cat?post=2302899"},{"taxonomy":"product_tag","embeddable":true,"href":"https:\/\/dev6.erresse-shop.it\/de\/wp-json\/wp\/v2\/product_tag?post=2302899"}],"curies":[{"name":"wp","href":"https:\/\/api.w.org\/{rel}","templated":true}]}}