{"id":2302893,"date":"2026-04-10T15:07:45","date_gmt":"2026-04-10T13:07:45","guid":{"rendered":"https:\/\/dev6.erresse-shop.it\/shop\/unkategorisiert\/villeroy-boch-lave-salatschuessel-gruen\/"},"modified":"2025-07-04T15:20:30","modified_gmt":"2025-07-04T13:20:30","slug":"villeroy-boch-lave-salatschuessel-gruen","status":"publish","type":"product","link":"https:\/\/dev6.erresse-shop.it\/de\/shop\/tisch\/salatschuesseln-und-terrinen\/villeroy-boch-lave-salatschuessel-gruen\/","title":{"rendered":"VILLEROY &#038; BOCH Lave Salatsch\u00fcssel Gr\u00fcn"},"content":{"rendered":"<p>Lave Salatsch\u00fcssel<\/p>\n<p>Wundersch\u00f6nes Dekorationselement und funktionales Element: Mit den Ma\u00dfen 25,5 x 25,4 x 10,7 cm eignet sich die Serviersch\u00fcssel ideal zum Servieren von Vorspeisen oder Snacks.<br \/>\nHarmonisches Farbspiel: Die reaktive Glasur erzeugt zarte und organische Farbnuancen, die jedes St\u00fcck einzigartig machen.<br \/>\nNat\u00fcrlich und individuell: Die harmonischen Farben der Lave Kollektion machen jeden Tisch zu etwas Besonderem.<\/p>\n<p>Material: Terrakotta<br \/>\nSp\u00fclmaschinenfest: Ja<br \/>\nMikrowellengeeignet: Ja<\/p>\n<p>Ma\u00dfe:<\/p>\n<p>H\u00f6he: 107 mm<br \/>\nVolumen:2200 ml<\/p>\n","protected":false},"excerpt":{"rendered":"<p>Lave Salatsch\u00fcssel Wundersch\u00f6nes Dekorationselement und funktionales Element: Mit den Ma\u00dfen 25,5 x 25,4 x 10,7 cm eignet sich die Serviersch\u00fcssel ideal zum Servieren von Vorspeisen oder Snacks. Harmonisches Farbspiel: Die reaktive Glasur erzeugt zarte und organische Farbnuancen, die jedes St\u00fcck einzigartig machen. Nat\u00fcrlich und individuell: Die harmonischen Farben der Lave Kollektion machen jeden Tisch zu [&hellip;]<\/p>\n","protected":false},"featured_media":6338972,"template":"","meta":{"_acf_changed":false},"product_cat":[12124,12103],"product_tag":[],"class_list":{"0":"post-2302893","1":"product","2":"type-product","3":"status-publish","4":"has-post-thumbnail","6":"product_cat-salatschuesseln-und-terrinen","7":"product_cat-tisch","9":"first","10":"instock","11":"taxable","12":"shipping-taxable","13":"product-type-simple","swatches":"rey-swatches","show_selected":"","stretch_labels":"rey-swatches--stretch-labels"},"acf":[],"yoast_head":"<!-- This site is optimized with the Yoast SEO plugin v25.4 - https:\/\/yoast.com\/wordpress\/plugins\/seo\/ -->\n<title>VILLEROY &#038; BOCH Lave Salatsch\u00fcssel Gr\u00fcn - dev6 Erresse<\/title>\n<meta name=\"description\" content=\"Lave Salatsch\u00fcssel Wundersch\u00f6nes Dekorationselement und funktionales Element: Mit den Ma\u00dfen 25,5 x 25,4 x 10,7 cm eignet sich die Serviersch\u00fcssel ideal\" \/>\n<meta name=\"robots\" content=\"noindex, follow, max-snippet:-1, max-image-preview:large, max-video-preview:-1\" \/>\n<meta property=\"og:locale\" content=\"de_DE\" \/>\n<meta property=\"og:type\" content=\"article\" \/>\n<meta property=\"og:title\" content=\"VILLEROY &#038; BOCH Lave Salatsch\u00fcssel Gr\u00fcn - dev6 Erresse\" \/>\n<meta property=\"og:description\" content=\"Lave Salatsch\u00fcssel Wundersch\u00f6nes Dekorationselement und funktionales Element: Mit den Ma\u00dfen 25,5 x 25,4 x 10,7 cm eignet sich die Serviersch\u00fcssel ideal\" \/>\n<meta property=\"og:url\" content=\"https:\/\/dev6.erresse-shop.it\/de\/shop\/tisch\/salatschuesseln-und-terrinen\/villeroy-boch-lave-salatschuessel-gruen\/\" \/>\n<meta property=\"og:site_name\" content=\"dev6 Erresse\" \/>\n<meta property=\"og:image\" content=\"https:\/\/interpim.erresse-shop.it\/wp-content\/uploads\/2025\/05\/VILLEROY-BOCH-Lave-Insalatiera-Verde.jpg\/villeroy-boch-lave-insalatiera-verde.jpg\" \/><meta property=\"og:image\" content=\"https:\/\/interpim.erresse-shop.it\/wp-content\/uploads\/2025\/05\/VILLEROY-BOCH-Lave-Insalatiera-Verde.jpg\/villeroy-boch-lave-insalatiera-verde.jpg\" \/>\n\t<meta property=\"og:image:width\" content=\"1024\" \/>\n\t<meta property=\"og:image:height\" content=\"1024\" \/>\n\t<meta property=\"og:image:type\" content=\"image\/jpeg\" \/>\n<meta name=\"twitter:card\" content=\"summary_large_image\" \/>\n<meta name=\"twitter:image\" content=\"https:\/\/interpim.erresse-shop.it\/wp-content\/uploads\/2025\/05\/VILLEROY-BOCH-Lave-Insalatiera-Verde.jpg\/villeroy-boch-lave-insalatiera-verde.jpg\" \/>\n<script type=\"application\/ld+json\" class=\"yoast-schema-graph\">{\"@context\":\"https:\/\/schema.org\",\"@graph\":[{\"@type\":\"WebPage\",\"@id\":\"https:\/\/dev6.erresse-shop.it\/de\/shop\/tisch\/salatschuesseln-und-terrinen\/villeroy-boch-lave-salatschuessel-gruen\/\",\"url\":\"https:\/\/dev6.erresse-shop.it\/de\/shop\/tisch\/salatschuesseln-und-terrinen\/villeroy-boch-lave-salatschuessel-gruen\/\",\"name\":\"VILLEROY &#038; BOCH Lave Salatsch\u00fcssel Gr\u00fcn - dev6 Erresse\",\"isPartOf\":{\"@id\":\"https:\/\/dev6.erresse-shop.it\/#website\"},\"primaryImageOfPage\":{\"@id\":\"https:\/\/dev6.erresse-shop.it\/de\/shop\/tisch\/salatschuesseln-und-terrinen\/villeroy-boch-lave-salatschuessel-gruen\/#primaryimage\"},\"image\":{\"@id\":\"https:\/\/dev6.erresse-shop.it\/de\/shop\/tisch\/salatschuesseln-und-terrinen\/villeroy-boch-lave-salatschuessel-gruen\/#primaryimage\"},\"thumbnailUrl\":\"https:\/\/i2.wp.com\/interpim.erresse-shop.it\/wp-content\/uploads\/2025\/05\/VILLEROY-BOCH-Lave-Insalatiera-Verde.jpg\/villeroy-boch-lave-insalatiera-verde.jpg?ssl=1\",\"datePublished\":\"2026-04-10T13:07:45+00:00\",\"description\":\"Lave Salatsch\u00fcssel Wundersch\u00f6nes Dekorationselement und funktionales Element: Mit den Ma\u00dfen 25,5 x 25,4 x 10,7 cm eignet sich die Serviersch\u00fcssel ideal\",\"breadcrumb\":{\"@id\":\"https:\/\/dev6.erresse-shop.it\/de\/shop\/tisch\/salatschuesseln-und-terrinen\/villeroy-boch-lave-salatschuessel-gruen\/#breadcrumb\"},\"inLanguage\":\"de\",\"potentialAction\":[{\"@type\":\"ReadAction\",\"target\":[\"https:\/\/dev6.erresse-shop.it\/de\/shop\/tisch\/salatschuesseln-und-terrinen\/villeroy-boch-lave-salatschuessel-gruen\/\"]}]},{\"@type\":\"ImageObject\",\"inLanguage\":\"de\",\"@id\":\"https:\/\/dev6.erresse-shop.it\/de\/shop\/tisch\/salatschuesseln-und-terrinen\/villeroy-boch-lave-salatschuessel-gruen\/#primaryimage\",\"url\":\"https:\/\/i2.wp.com\/interpim.erresse-shop.it\/wp-content\/uploads\/2025\/05\/VILLEROY-BOCH-Lave-Insalatiera-Verde.jpg\/villeroy-boch-lave-insalatiera-verde.jpg?ssl=1\",\"contentUrl\":\"https:\/\/i2.wp.com\/interpim.erresse-shop.it\/wp-content\/uploads\/2025\/05\/VILLEROY-BOCH-Lave-Insalatiera-Verde.jpg\/villeroy-boch-lave-insalatiera-verde.jpg?ssl=1\"},{\"@type\":\"BreadcrumbList\",\"@id\":\"https:\/\/dev6.erresse-shop.it\/de\/shop\/tisch\/salatschuesseln-und-terrinen\/villeroy-boch-lave-salatschuessel-gruen\/#breadcrumb\",\"itemListElement\":[{\"@type\":\"ListItem\",\"position\":1,\"name\":\"Home\",\"item\":\"https:\/\/dev6.erresse-shop.it\/\"},{\"@type\":\"ListItem\",\"position\":2,\"name\":\"Shop\",\"item\":\"https:\/\/dev6.erresse-shop.it\/shop\/\"},{\"@type\":\"ListItem\",\"position\":3,\"name\":\"VILLEROY &#038; BOCH Lave Salatsch\u00fcssel Gr\u00fcn\"}]},{\"@type\":\"WebSite\",\"@id\":\"https:\/\/dev6.erresse-shop.it\/#website\",\"url\":\"https:\/\/dev6.erresse-shop.it\/\",\"name\":\"Erresse Shop\",\"description\":\"\",\"publisher\":{\"@id\":\"https:\/\/dev6.erresse-shop.it\/#organization\"},\"potentialAction\":[{\"@type\":\"SearchAction\",\"target\":{\"@type\":\"EntryPoint\",\"urlTemplate\":\"https:\/\/dev6.erresse-shop.it\/?s={search_term_string}\"},\"query-input\":{\"@type\":\"PropertyValueSpecification\",\"valueRequired\":true,\"valueName\":\"search_term_string\"}}],\"inLanguage\":\"de\"},{\"@type\":\"Organization\",\"@id\":\"https:\/\/dev6.erresse-shop.it\/#organization\",\"name\":\"Erresse Shop\",\"url\":\"https:\/\/dev6.erresse-shop.it\/\",\"logo\":{\"@type\":\"ImageObject\",\"inLanguage\":\"de\",\"@id\":\"https:\/\/dev6.erresse-shop.it\/#\/schema\/logo\/image\/\",\"url\":\"https:\/\/dev6.erresse-shop.it\/wp-content\/uploads\/2025\/01\/LOGO-ERRESSE-CLASSICO.svg\",\"contentUrl\":\"https:\/\/dev6.erresse-shop.it\/wp-content\/uploads\/2025\/01\/LOGO-ERRESSE-CLASSICO.svg\",\"caption\":\"Erresse Shop\"},\"image\":{\"@id\":\"https:\/\/dev6.erresse-shop.it\/#\/schema\/logo\/image\/\"}}]}<\/script>\n<!-- \/ Yoast SEO plugin. -->","yoast_head_json":{"title":"VILLEROY &#038; BOCH Lave Salatsch\u00fcssel Gr\u00fcn - dev6 Erresse","description":"Lave Salatsch\u00fcssel Wundersch\u00f6nes Dekorationselement und funktionales Element: Mit den Ma\u00dfen 25,5 x 25,4 x 10,7 cm eignet sich die Serviersch\u00fcssel ideal","robots":{"index":"noindex","follow":"follow","max-snippet":"max-snippet:-1","max-image-preview":"max-image-preview:large","max-video-preview":"max-video-preview:-1"},"og_locale":"de_DE","og_type":"article","og_title":"VILLEROY &#038; BOCH Lave Salatsch\u00fcssel Gr\u00fcn - dev6 Erresse","og_description":"Lave Salatsch\u00fcssel Wundersch\u00f6nes Dekorationselement und funktionales Element: Mit den Ma\u00dfen 25,5 x 25,4 x 10,7 cm eignet sich die Serviersch\u00fcssel ideal","og_url":"https:\/\/dev6.erresse-shop.it\/de\/shop\/tisch\/salatschuesseln-und-terrinen\/villeroy-boch-lave-salatschuessel-gruen\/","og_site_name":"dev6 Erresse","og_image":[{"url":"https:\/\/interpim.erresse-shop.it\/wp-content\/uploads\/2025\/05\/VILLEROY-BOCH-Lave-Insalatiera-Verde.jpg\/villeroy-boch-lave-insalatiera-verde.jpg","type":"","width":"","height":""},{"url":"https:\/\/interpim.erresse-shop.it\/wp-content\/uploads\/2025\/05\/VILLEROY-BOCH-Lave-Insalatiera-Verde.jpg\/villeroy-boch-lave-insalatiera-verde.jpg","width":1024,"height":1024,"type":"image\/jpeg"}],"twitter_card":"summary_large_image","twitter_image":"https:\/\/interpim.erresse-shop.it\/wp-content\/uploads\/2025\/05\/VILLEROY-BOCH-Lave-Insalatiera-Verde.jpg\/villeroy-boch-lave-insalatiera-verde.jpg","schema":{"@context":"https:\/\/schema.org","@graph":[{"@type":"WebPage","@id":"https:\/\/dev6.erresse-shop.it\/de\/shop\/tisch\/salatschuesseln-und-terrinen\/villeroy-boch-lave-salatschuessel-gruen\/","url":"https:\/\/dev6.erresse-shop.it\/de\/shop\/tisch\/salatschuesseln-und-terrinen\/villeroy-boch-lave-salatschuessel-gruen\/","name":"VILLEROY &#038; BOCH Lave Salatsch\u00fcssel Gr\u00fcn - dev6 Erresse","isPartOf":{"@id":"https:\/\/dev6.erresse-shop.it\/#website"},"primaryImageOfPage":{"@id":"https:\/\/dev6.erresse-shop.it\/de\/shop\/tisch\/salatschuesseln-und-terrinen\/villeroy-boch-lave-salatschuessel-gruen\/#primaryimage"},"image":{"@id":"https:\/\/dev6.erresse-shop.it\/de\/shop\/tisch\/salatschuesseln-und-terrinen\/villeroy-boch-lave-salatschuessel-gruen\/#primaryimage"},"thumbnailUrl":"https:\/\/i2.wp.com\/interpim.erresse-shop.it\/wp-content\/uploads\/2025\/05\/VILLEROY-BOCH-Lave-Insalatiera-Verde.jpg\/villeroy-boch-lave-insalatiera-verde.jpg?ssl=1","datePublished":"2026-04-10T13:07:45+00:00","description":"Lave Salatsch\u00fcssel Wundersch\u00f6nes Dekorationselement und funktionales Element: Mit den Ma\u00dfen 25,5 x 25,4 x 10,7 cm eignet sich die Serviersch\u00fcssel ideal","breadcrumb":{"@id":"https:\/\/dev6.erresse-shop.it\/de\/shop\/tisch\/salatschuesseln-und-terrinen\/villeroy-boch-lave-salatschuessel-gruen\/#breadcrumb"},"inLanguage":"de","potentialAction":[{"@type":"ReadAction","target":["https:\/\/dev6.erresse-shop.it\/de\/shop\/tisch\/salatschuesseln-und-terrinen\/villeroy-boch-lave-salatschuessel-gruen\/"]}]},{"@type":"ImageObject","inLanguage":"de","@id":"https:\/\/dev6.erresse-shop.it\/de\/shop\/tisch\/salatschuesseln-und-terrinen\/villeroy-boch-lave-salatschuessel-gruen\/#primaryimage","url":"https:\/\/i2.wp.com\/interpim.erresse-shop.it\/wp-content\/uploads\/2025\/05\/VILLEROY-BOCH-Lave-Insalatiera-Verde.jpg\/villeroy-boch-lave-insalatiera-verde.jpg?ssl=1","contentUrl":"https:\/\/i2.wp.com\/interpim.erresse-shop.it\/wp-content\/uploads\/2025\/05\/VILLEROY-BOCH-Lave-Insalatiera-Verde.jpg\/villeroy-boch-lave-insalatiera-verde.jpg?ssl=1"},{"@type":"BreadcrumbList","@id":"https:\/\/dev6.erresse-shop.it\/de\/shop\/tisch\/salatschuesseln-und-terrinen\/villeroy-boch-lave-salatschuessel-gruen\/#breadcrumb","itemListElement":[{"@type":"ListItem","position":1,"name":"Home","item":"https:\/\/dev6.erresse-shop.it\/"},{"@type":"ListItem","position":2,"name":"Shop","item":"https:\/\/dev6.erresse-shop.it\/shop\/"},{"@type":"ListItem","position":3,"name":"VILLEROY &#038; BOCH Lave Salatsch\u00fcssel Gr\u00fcn"}]},{"@type":"WebSite","@id":"https:\/\/dev6.erresse-shop.it\/#website","url":"https:\/\/dev6.erresse-shop.it\/","name":"Erresse Shop","description":"","publisher":{"@id":"https:\/\/dev6.erresse-shop.it\/#organization"},"potentialAction":[{"@type":"SearchAction","target":{"@type":"EntryPoint","urlTemplate":"https:\/\/dev6.erresse-shop.it\/?s={search_term_string}"},"query-input":{"@type":"PropertyValueSpecification","valueRequired":true,"valueName":"search_term_string"}}],"inLanguage":"de"},{"@type":"Organization","@id":"https:\/\/dev6.erresse-shop.it\/#organization","name":"Erresse Shop","url":"https:\/\/dev6.erresse-shop.it\/","logo":{"@type":"ImageObject","inLanguage":"de","@id":"https:\/\/dev6.erresse-shop.it\/#\/schema\/logo\/image\/","url":"https:\/\/dev6.erresse-shop.it\/wp-content\/uploads\/2025\/01\/LOGO-ERRESSE-CLASSICO.svg","contentUrl":"https:\/\/dev6.erresse-shop.it\/wp-content\/uploads\/2025\/01\/LOGO-ERRESSE-CLASSICO.svg","caption":"Erresse Shop"},"image":{"@id":"https:\/\/dev6.erresse-shop.it\/#\/schema\/logo\/image\/"}}]}},"df_price":"","df_sale_price":"","df_regular_price":"","df_image_link":"https:\/\/i2.wp.com\/interpim.erresse-shop.it\/wp-content\/uploads\/2025\/05\/VILLEROY-BOCH-Lave-Insalatiera-Verde.jpg\/villeroy-boch-lave-insalatiera-verde.jpg?resize=300,300&ssl=1","fifu_image_url":"https:\/\/interpim.erresse-shop.it\/wp-content\/uploads\/2025\/05\/VILLEROY-BOCH-Lave-Insalatiera-Verde.jpg\/villeroy-boch-lave-insalatiera-verde.jpg","_links":{"self":[{"href":"https:\/\/dev6.erresse-shop.it\/de\/wp-json\/wp\/v2\/product\/2302893","targetHints":{"allow":["GET"]}}],"collection":[{"href":"https:\/\/dev6.erresse-shop.it\/de\/wp-json\/wp\/v2\/product"}],"about":[{"href":"https:\/\/dev6.erresse-shop.it\/de\/wp-json\/wp\/v2\/types\/product"}],"wp:featuredmedia":[{"embeddable":true,"href":"https:\/\/dev6.erresse-shop.it\/de\/wp-json\/wp\/v2\/media\/6338972"}],"wp:attachment":[{"href":"https:\/\/dev6.erresse-shop.it\/de\/wp-json\/wp\/v2\/media?parent=2302893"}],"wp:term":[{"taxonomy":"product_cat","embeddable":true,"href":"https:\/\/dev6.erresse-shop.it\/de\/wp-json\/wp\/v2\/product_cat?post=2302893"},{"taxonomy":"product_tag","embeddable":true,"href":"https:\/\/dev6.erresse-shop.it\/de\/wp-json\/wp\/v2\/product_tag?post=2302893"}],"curies":[{"name":"wp","href":"https:\/\/api.w.org\/{rel}","templated":true}]}}