{"id":2302867,"date":"2026-04-12T14:26:06","date_gmt":"2026-04-12T12:26:06","guid":{"rendered":"https:\/\/dev6.erresse-shop.it\/shop\/unkategorisiert\/gastrolux-bratwanne-auflauf-induktion-28-cm\/"},"modified":"2026-02-05T18:33:44","modified_gmt":"2026-02-05T17:33:44","slug":"gastrolux-bratwanne-auflauf-induktion-28-cm","status":"publish","type":"product","link":"https:\/\/dev6.erresse-shop.it\/de\/shop\/toepfe-pfannen\/toepfe-und-kochtoepfen\/gastrolux-bratwanne-auflauf-induktion-28-cm\/","title":{"rendered":"GASTROLUX Bratwanne Auflauf Induktion 28 cm"},"content":{"rendered":"<p>Gastrolux ist die erste Kochgeschirrlinie, die dank der Anwendung der Nanotechnologie hergestellt wird, die bereits in der Astrophysik und Chirurgie eingesetzt wird.<\/p>\n<p>Das innovative und \u00e4u\u00dferst erfolgreiche System besteht darin, Mikropartikel mit doppelter Schallgeschwindigkeit und extrem hohen Temperaturen auf die zu behandelnde Oberfl\u00e4che zu schie\u00dfen. Diese Molekulartechnologie ist mit BIOTAN angereichert: einer Antihaft-Oberfl\u00e4chenbehandlung auf Basis nat\u00fcrlicher Bioorganismen, die au\u00dfergew\u00f6hnliche H\u00e4rte und hohe Best\u00e4ndigkeit gegen \u00d6laufnahme garantiert und so ein praktisches und gesundes Kochsystem f\u00fcr eine nahrhafte und schmackhafte K\u00fcche schafft.<\/p>\n<p>Die widerstandsf\u00e4higen und formstabilen Pfannen von Gastrolux verf\u00fcgen \u00fcber eine hervorragende Antihaftbeschichtung aus Titan und eignen sich perfekt zum Kochen mit sehr wenig Fett.<\/p>\n<p>Technische Merkmale:<\/p>\n<p>Formstabiler Thermoboden f\u00fcr gleichm\u00e4\u00dfige W\u00e4rmeverteilung und deutliche Energieeinsparungen<br \/>\nAluminiumguss mit hoher Dicke (9 mm)<br \/>\nKeine D\u00e4mpfe beim Kochen<br \/>\nVerst\u00e4rkte Sto\u00dfd\u00e4mpfungskante mit zus\u00e4tzlichem komfortablen Griff<br \/>\nGriffe und Kn\u00f6pfe sind ofenfest bis 260\u00b0<br \/>\nPatentierter abnehmbarer Griff ohne Schrauben und Nieten<br \/>\nGeeignet f\u00fcr folgende W\u00e4rmequellen: Gas, Backofen, Elektroplatte, Glaskeramik und INDUKTION<\/p>\n","protected":false},"excerpt":{"rendered":"<p>Gastrolux ist die erste Kochgeschirrlinie, die dank der Anwendung der Nanotechnologie hergestellt wird, die bereits in der Astrophysik und Chirurgie eingesetzt wird. Das innovative und \u00e4u\u00dferst erfolgreiche System besteht darin, Mikropartikel mit doppelter Schallgeschwindigkeit und extrem hohen Temperaturen auf die zu behandelnde Oberfl\u00e4che zu schie\u00dfen. Diese Molekulartechnologie ist mit BIOTAN angereichert: einer Antihaft-Oberfl\u00e4chenbehandlung auf Basis [&hellip;]<\/p>\n","protected":false},"featured_media":6380547,"template":"","meta":{"_acf_changed":false},"product_cat":[12109,12099],"product_tag":[],"class_list":{"0":"post-2302867","1":"product","2":"type-product","3":"status-publish","4":"has-post-thumbnail","6":"product_cat-toepfe-und-kochtoepfen","7":"product_cat-toepfe-pfannen","9":"first","10":"instock","11":"sale","12":"taxable","13":"shipping-taxable","14":"purchasable","15":"product-type-simple","swatches":"rey-swatches","show_selected":"","stretch_labels":"rey-swatches--stretch-labels"},"acf":[],"yoast_head":"<!-- This site is optimized with the Yoast SEO plugin v25.4 - https:\/\/yoast.com\/wordpress\/plugins\/seo\/ -->\n<title>GASTROLUX Bratwanne Auflauf Induktion 28 cm - dev6 Erresse<\/title>\n<meta name=\"description\" content=\"Gastrolux ist die erste Kochgeschirrlinie, die dank der Anwendung der Nanotechnologie hergestellt wird, die bereits in der Astrophysik und Chirurgie\" \/>\n<meta name=\"robots\" content=\"noindex, follow, max-snippet:-1, max-image-preview:large, max-video-preview:-1\" \/>\n<meta property=\"og:locale\" content=\"de_DE\" \/>\n<meta property=\"og:type\" content=\"article\" \/>\n<meta property=\"og:title\" content=\"GASTROLUX Bratwanne Auflauf Induktion 28 cm - dev6 Erresse\" \/>\n<meta property=\"og:description\" content=\"Gastrolux ist die erste Kochgeschirrlinie, die dank der Anwendung der Nanotechnologie hergestellt wird, die bereits in der Astrophysik und Chirurgie\" \/>\n<meta property=\"og:url\" content=\"https:\/\/dev6.erresse-shop.it\/de\/shop\/toepfe-pfannen\/toepfe-und-kochtoepfen\/gastrolux-bratwanne-auflauf-induktion-28-cm\/\" \/>\n<meta property=\"og:site_name\" content=\"dev6 Erresse\" \/>\n<meta property=\"og:image\" content=\"https:\/\/interpim.erresse-shop.it\/wp-content\/uploads\/2025\/04\/GASTROLUX-Pentola-Induzione-28-cm.jpg\/gastrolux-pentola-induzione-28-cm.jpg\" \/><meta property=\"og:image\" content=\"https:\/\/interpim.erresse-shop.it\/wp-content\/uploads\/2025\/04\/GASTROLUX-Pentola-Induzione-28-cm.jpg\/gastrolux-pentola-induzione-28-cm.jpg\" \/>\n\t<meta property=\"og:image:width\" content=\"1024\" \/>\n\t<meta property=\"og:image:height\" content=\"1024\" \/>\n\t<meta property=\"og:image:type\" content=\"image\/jpeg\" \/>\n<meta name=\"twitter:card\" content=\"summary_large_image\" \/>\n<meta name=\"twitter:image\" content=\"https:\/\/interpim.erresse-shop.it\/wp-content\/uploads\/2025\/04\/GASTROLUX-Pentola-Induzione-28-cm.jpg\/gastrolux-pentola-induzione-28-cm.jpg\" \/>\n<script type=\"application\/ld+json\" class=\"yoast-schema-graph\">{\"@context\":\"https:\/\/schema.org\",\"@graph\":[{\"@type\":\"WebPage\",\"@id\":\"https:\/\/dev6.erresse-shop.it\/de\/shop\/toepfe-pfannen\/toepfe-und-kochtoepfen\/gastrolux-bratwanne-auflauf-induktion-28-cm\/\",\"url\":\"https:\/\/dev6.erresse-shop.it\/de\/shop\/toepfe-pfannen\/toepfe-und-kochtoepfen\/gastrolux-bratwanne-auflauf-induktion-28-cm\/\",\"name\":\"GASTROLUX Bratwanne Auflauf Induktion 28 cm - dev6 Erresse\",\"isPartOf\":{\"@id\":\"https:\/\/dev6.erresse-shop.it\/#website\"},\"primaryImageOfPage\":{\"@id\":\"https:\/\/dev6.erresse-shop.it\/de\/shop\/toepfe-pfannen\/toepfe-und-kochtoepfen\/gastrolux-bratwanne-auflauf-induktion-28-cm\/#primaryimage\"},\"image\":{\"@id\":\"https:\/\/dev6.erresse-shop.it\/de\/shop\/toepfe-pfannen\/toepfe-und-kochtoepfen\/gastrolux-bratwanne-auflauf-induktion-28-cm\/#primaryimage\"},\"thumbnailUrl\":\"https:\/\/i0.wp.com\/interpim.erresse-shop.it\/wp-content\/uploads\/2025\/04\/GASTROLUX-Pentola-Induzione-28-cm.jpg\/gastrolux-pentola-induzione-28-cm.jpg?ssl=1\",\"datePublished\":\"2026-04-12T12:26:06+00:00\",\"description\":\"Gastrolux ist die erste Kochgeschirrlinie, die dank der Anwendung der Nanotechnologie hergestellt wird, die bereits in der Astrophysik und Chirurgie\",\"breadcrumb\":{\"@id\":\"https:\/\/dev6.erresse-shop.it\/de\/shop\/toepfe-pfannen\/toepfe-und-kochtoepfen\/gastrolux-bratwanne-auflauf-induktion-28-cm\/#breadcrumb\"},\"inLanguage\":\"de\",\"potentialAction\":[{\"@type\":\"ReadAction\",\"target\":[\"https:\/\/dev6.erresse-shop.it\/de\/shop\/toepfe-pfannen\/toepfe-und-kochtoepfen\/gastrolux-bratwanne-auflauf-induktion-28-cm\/\"]}]},{\"@type\":\"ImageObject\",\"inLanguage\":\"de\",\"@id\":\"https:\/\/dev6.erresse-shop.it\/de\/shop\/toepfe-pfannen\/toepfe-und-kochtoepfen\/gastrolux-bratwanne-auflauf-induktion-28-cm\/#primaryimage\",\"url\":\"https:\/\/i0.wp.com\/interpim.erresse-shop.it\/wp-content\/uploads\/2025\/04\/GASTROLUX-Pentola-Induzione-28-cm.jpg\/gastrolux-pentola-induzione-28-cm.jpg?ssl=1\",\"contentUrl\":\"https:\/\/i0.wp.com\/interpim.erresse-shop.it\/wp-content\/uploads\/2025\/04\/GASTROLUX-Pentola-Induzione-28-cm.jpg\/gastrolux-pentola-induzione-28-cm.jpg?ssl=1\"},{\"@type\":\"BreadcrumbList\",\"@id\":\"https:\/\/dev6.erresse-shop.it\/de\/shop\/toepfe-pfannen\/toepfe-und-kochtoepfen\/gastrolux-bratwanne-auflauf-induktion-28-cm\/#breadcrumb\",\"itemListElement\":[{\"@type\":\"ListItem\",\"position\":1,\"name\":\"Home\",\"item\":\"https:\/\/dev6.erresse-shop.it\/\"},{\"@type\":\"ListItem\",\"position\":2,\"name\":\"Shop\",\"item\":\"https:\/\/dev6.erresse-shop.it\/shop\/\"},{\"@type\":\"ListItem\",\"position\":3,\"name\":\"GASTROLUX Bratwanne Auflauf Induktion 28 cm\"}]},{\"@type\":\"WebSite\",\"@id\":\"https:\/\/dev6.erresse-shop.it\/#website\",\"url\":\"https:\/\/dev6.erresse-shop.it\/\",\"name\":\"Erresse Shop\",\"description\":\"\",\"publisher\":{\"@id\":\"https:\/\/dev6.erresse-shop.it\/#organization\"},\"potentialAction\":[{\"@type\":\"SearchAction\",\"target\":{\"@type\":\"EntryPoint\",\"urlTemplate\":\"https:\/\/dev6.erresse-shop.it\/?s={search_term_string}\"},\"query-input\":{\"@type\":\"PropertyValueSpecification\",\"valueRequired\":true,\"valueName\":\"search_term_string\"}}],\"inLanguage\":\"de\"},{\"@type\":\"Organization\",\"@id\":\"https:\/\/dev6.erresse-shop.it\/#organization\",\"name\":\"Erresse Shop\",\"url\":\"https:\/\/dev6.erresse-shop.it\/\",\"logo\":{\"@type\":\"ImageObject\",\"inLanguage\":\"de\",\"@id\":\"https:\/\/dev6.erresse-shop.it\/#\/schema\/logo\/image\/\",\"url\":\"https:\/\/dev6.erresse-shop.it\/wp-content\/uploads\/2025\/01\/LOGO-ERRESSE-CLASSICO.svg\",\"contentUrl\":\"https:\/\/dev6.erresse-shop.it\/wp-content\/uploads\/2025\/01\/LOGO-ERRESSE-CLASSICO.svg\",\"caption\":\"Erresse Shop\"},\"image\":{\"@id\":\"https:\/\/dev6.erresse-shop.it\/#\/schema\/logo\/image\/\"}}]}<\/script>\n<!-- \/ Yoast SEO plugin. -->","yoast_head_json":{"title":"GASTROLUX Bratwanne Auflauf Induktion 28 cm - dev6 Erresse","description":"Gastrolux ist die erste Kochgeschirrlinie, die dank der Anwendung der Nanotechnologie hergestellt wird, die bereits in der Astrophysik und Chirurgie","robots":{"index":"noindex","follow":"follow","max-snippet":"max-snippet:-1","max-image-preview":"max-image-preview:large","max-video-preview":"max-video-preview:-1"},"og_locale":"de_DE","og_type":"article","og_title":"GASTROLUX Bratwanne Auflauf Induktion 28 cm - dev6 Erresse","og_description":"Gastrolux ist die erste Kochgeschirrlinie, die dank der Anwendung der Nanotechnologie hergestellt wird, die bereits in der Astrophysik und Chirurgie","og_url":"https:\/\/dev6.erresse-shop.it\/de\/shop\/toepfe-pfannen\/toepfe-und-kochtoepfen\/gastrolux-bratwanne-auflauf-induktion-28-cm\/","og_site_name":"dev6 Erresse","og_image":[{"url":"https:\/\/interpim.erresse-shop.it\/wp-content\/uploads\/2025\/04\/GASTROLUX-Pentola-Induzione-28-cm.jpg\/gastrolux-pentola-induzione-28-cm.jpg","type":"","width":"","height":""},{"url":"https:\/\/interpim.erresse-shop.it\/wp-content\/uploads\/2025\/04\/GASTROLUX-Pentola-Induzione-28-cm.jpg\/gastrolux-pentola-induzione-28-cm.jpg","width":1024,"height":1024,"type":"image\/jpeg"}],"twitter_card":"summary_large_image","twitter_image":"https:\/\/interpim.erresse-shop.it\/wp-content\/uploads\/2025\/04\/GASTROLUX-Pentola-Induzione-28-cm.jpg\/gastrolux-pentola-induzione-28-cm.jpg","schema":{"@context":"https:\/\/schema.org","@graph":[{"@type":"WebPage","@id":"https:\/\/dev6.erresse-shop.it\/de\/shop\/toepfe-pfannen\/toepfe-und-kochtoepfen\/gastrolux-bratwanne-auflauf-induktion-28-cm\/","url":"https:\/\/dev6.erresse-shop.it\/de\/shop\/toepfe-pfannen\/toepfe-und-kochtoepfen\/gastrolux-bratwanne-auflauf-induktion-28-cm\/","name":"GASTROLUX Bratwanne Auflauf Induktion 28 cm - dev6 Erresse","isPartOf":{"@id":"https:\/\/dev6.erresse-shop.it\/#website"},"primaryImageOfPage":{"@id":"https:\/\/dev6.erresse-shop.it\/de\/shop\/toepfe-pfannen\/toepfe-und-kochtoepfen\/gastrolux-bratwanne-auflauf-induktion-28-cm\/#primaryimage"},"image":{"@id":"https:\/\/dev6.erresse-shop.it\/de\/shop\/toepfe-pfannen\/toepfe-und-kochtoepfen\/gastrolux-bratwanne-auflauf-induktion-28-cm\/#primaryimage"},"thumbnailUrl":"https:\/\/i0.wp.com\/interpim.erresse-shop.it\/wp-content\/uploads\/2025\/04\/GASTROLUX-Pentola-Induzione-28-cm.jpg\/gastrolux-pentola-induzione-28-cm.jpg?ssl=1","datePublished":"2026-04-12T12:26:06+00:00","description":"Gastrolux ist die erste Kochgeschirrlinie, die dank der Anwendung der Nanotechnologie hergestellt wird, die bereits in der Astrophysik und Chirurgie","breadcrumb":{"@id":"https:\/\/dev6.erresse-shop.it\/de\/shop\/toepfe-pfannen\/toepfe-und-kochtoepfen\/gastrolux-bratwanne-auflauf-induktion-28-cm\/#breadcrumb"},"inLanguage":"de","potentialAction":[{"@type":"ReadAction","target":["https:\/\/dev6.erresse-shop.it\/de\/shop\/toepfe-pfannen\/toepfe-und-kochtoepfen\/gastrolux-bratwanne-auflauf-induktion-28-cm\/"]}]},{"@type":"ImageObject","inLanguage":"de","@id":"https:\/\/dev6.erresse-shop.it\/de\/shop\/toepfe-pfannen\/toepfe-und-kochtoepfen\/gastrolux-bratwanne-auflauf-induktion-28-cm\/#primaryimage","url":"https:\/\/i0.wp.com\/interpim.erresse-shop.it\/wp-content\/uploads\/2025\/04\/GASTROLUX-Pentola-Induzione-28-cm.jpg\/gastrolux-pentola-induzione-28-cm.jpg?ssl=1","contentUrl":"https:\/\/i0.wp.com\/interpim.erresse-shop.it\/wp-content\/uploads\/2025\/04\/GASTROLUX-Pentola-Induzione-28-cm.jpg\/gastrolux-pentola-induzione-28-cm.jpg?ssl=1"},{"@type":"BreadcrumbList","@id":"https:\/\/dev6.erresse-shop.it\/de\/shop\/toepfe-pfannen\/toepfe-und-kochtoepfen\/gastrolux-bratwanne-auflauf-induktion-28-cm\/#breadcrumb","itemListElement":[{"@type":"ListItem","position":1,"name":"Home","item":"https:\/\/dev6.erresse-shop.it\/"},{"@type":"ListItem","position":2,"name":"Shop","item":"https:\/\/dev6.erresse-shop.it\/shop\/"},{"@type":"ListItem","position":3,"name":"GASTROLUX Bratwanne Auflauf Induktion 28 cm"}]},{"@type":"WebSite","@id":"https:\/\/dev6.erresse-shop.it\/#website","url":"https:\/\/dev6.erresse-shop.it\/","name":"Erresse Shop","description":"","publisher":{"@id":"https:\/\/dev6.erresse-shop.it\/#organization"},"potentialAction":[{"@type":"SearchAction","target":{"@type":"EntryPoint","urlTemplate":"https:\/\/dev6.erresse-shop.it\/?s={search_term_string}"},"query-input":{"@type":"PropertyValueSpecification","valueRequired":true,"valueName":"search_term_string"}}],"inLanguage":"de"},{"@type":"Organization","@id":"https:\/\/dev6.erresse-shop.it\/#organization","name":"Erresse Shop","url":"https:\/\/dev6.erresse-shop.it\/","logo":{"@type":"ImageObject","inLanguage":"de","@id":"https:\/\/dev6.erresse-shop.it\/#\/schema\/logo\/image\/","url":"https:\/\/dev6.erresse-shop.it\/wp-content\/uploads\/2025\/01\/LOGO-ERRESSE-CLASSICO.svg","contentUrl":"https:\/\/dev6.erresse-shop.it\/wp-content\/uploads\/2025\/01\/LOGO-ERRESSE-CLASSICO.svg","caption":"Erresse Shop"},"image":{"@id":"https:\/\/dev6.erresse-shop.it\/#\/schema\/logo\/image\/"}}]}},"df_price":134,"df_sale_price":134,"df_regular_price":195,"df_image_link":"https:\/\/i0.wp.com\/interpim.erresse-shop.it\/wp-content\/uploads\/2025\/04\/GASTROLUX-Pentola-Induzione-28-cm.jpg\/gastrolux-pentola-induzione-28-cm.jpg?resize=300,300&ssl=1","fifu_image_url":"https:\/\/interpim.erresse-shop.it\/wp-content\/uploads\/2025\/04\/GASTROLUX-Pentola-Induzione-28-cm.jpg\/gastrolux-pentola-induzione-28-cm.jpg","_links":{"self":[{"href":"https:\/\/dev6.erresse-shop.it\/de\/wp-json\/wp\/v2\/product\/2302867","targetHints":{"allow":["GET"]}}],"collection":[{"href":"https:\/\/dev6.erresse-shop.it\/de\/wp-json\/wp\/v2\/product"}],"about":[{"href":"https:\/\/dev6.erresse-shop.it\/de\/wp-json\/wp\/v2\/types\/product"}],"wp:featuredmedia":[{"embeddable":true,"href":"https:\/\/dev6.erresse-shop.it\/de\/wp-json\/wp\/v2\/media\/6380547"}],"wp:attachment":[{"href":"https:\/\/dev6.erresse-shop.it\/de\/wp-json\/wp\/v2\/media?parent=2302867"}],"wp:term":[{"taxonomy":"product_cat","embeddable":true,"href":"https:\/\/dev6.erresse-shop.it\/de\/wp-json\/wp\/v2\/product_cat?post=2302867"},{"taxonomy":"product_tag","embeddable":true,"href":"https:\/\/dev6.erresse-shop.it\/de\/wp-json\/wp\/v2\/product_tag?post=2302867"}],"curies":[{"name":"wp","href":"https:\/\/api.w.org\/{rel}","templated":true}]}}