{"id":2302849,"date":"2026-04-12T14:26:06","date_gmt":"2026-04-12T12:26:06","guid":{"rendered":"https:\/\/dev6.erresse-shop.it\/shop\/unkategorisiert\/villeroy-boch-travertine-serviertablett-25-cm\/"},"modified":"2025-07-04T15:19:05","modified_gmt":"2025-07-04T13:19:05","slug":"villeroy-boch-travertine-serviertablett-25-cm","status":"publish","type":"product","link":"https:\/\/dev6.erresse-shop.it\/de\/shop\/tisch\/serviertablette\/villeroy-boch-travertine-serviertablett-25-cm\/","title":{"rendered":"VILLEROY &#038; BOCH Travertine Serviertablett 25 cm"},"content":{"rendered":"<p>Travertine Serviertablett<\/p>\n<p>Mit seinen Ma\u00dfen 25,5 cm x 10,5 cm bietet dieser Teller ausreichend Platz f\u00fcr eine Vielzahl von Gerichten, von der Vorspeise bis zum Dessert.<br \/>\nGeschmackvoll servieren: Ob auf der n\u00e4chsten Party oder beim gem\u00fctlichen Snack \u2013 Vorspeisen und K\u00e4se kommen auf diesen Tellern am besten zur Geltung.<br \/>\nAuthentische Sch\u00f6nheit von Travertin: Jedes Produkt ist ein Unikat, gepr\u00e4gt von den nat\u00fcrlichen Eigenschaften des Steins und handwerklich perfektioniert \u2013 ein wahres St\u00fcck Natur f\u00fcr besondere Akzente.<\/p>\n<p>Material: Terrakotta<br \/>\nHandw\u00e4sche empfohlen<br \/>\nMikrowellengeeignet: Nein<\/p>\n<p>Ma\u00dfe:<\/p>\n<p>L\u00e4nge:255 mm<br \/>\nBreite:105 mm<br \/>\nH\u00f6he: 15 mm<br \/>\nGewicht: 720 g<\/p>\n","protected":false},"excerpt":{"rendered":"<p>Travertine Serviertablett Mit seinen Ma\u00dfen 25,5 cm x 10,5 cm bietet dieser Teller ausreichend Platz f\u00fcr eine Vielzahl von Gerichten, von der Vorspeise bis zum Dessert. Geschmackvoll servieren: Ob auf der n\u00e4chsten Party oder beim gem\u00fctlichen Snack \u2013 Vorspeisen und K\u00e4se kommen auf diesen Tellern am besten zur Geltung. Authentische Sch\u00f6nheit von Travertin: Jedes Produkt [&hellip;]<\/p>\n","protected":false},"featured_media":6380522,"template":"","meta":{"_acf_changed":false},"product_cat":[12112,12103],"product_tag":[],"class_list":{"0":"post-2302849","1":"product","2":"type-product","3":"status-publish","4":"has-post-thumbnail","6":"product_cat-serviertablette","7":"product_cat-tisch","9":"first","10":"instock","11":"taxable","12":"shipping-taxable","13":"product-type-simple","swatches":"rey-swatches","show_selected":"","stretch_labels":"rey-swatches--stretch-labels"},"acf":[],"yoast_head":"<!-- This site is optimized with the Yoast SEO plugin v25.4 - https:\/\/yoast.com\/wordpress\/plugins\/seo\/ -->\n<title>VILLEROY &#038; BOCH Travertine Serviertablett 25 cm - dev6 Erresse<\/title>\n<meta name=\"description\" content=\"Travertine Serviertablett Mit seinen Ma\u00dfen 25,5 cm x 10,5 cm bietet dieser Teller ausreichend Platz f\u00fcr eine Vielzahl von Gerichten, von der Vorspeise bis\" \/>\n<meta name=\"robots\" content=\"noindex, follow, max-snippet:-1, max-image-preview:large, max-video-preview:-1\" \/>\n<meta property=\"og:locale\" content=\"de_DE\" \/>\n<meta property=\"og:type\" content=\"article\" \/>\n<meta property=\"og:title\" content=\"VILLEROY &#038; BOCH Travertine Serviertablett 25 cm - dev6 Erresse\" \/>\n<meta property=\"og:description\" content=\"Travertine Serviertablett Mit seinen Ma\u00dfen 25,5 cm x 10,5 cm bietet dieser Teller ausreichend Platz f\u00fcr eine Vielzahl von Gerichten, von der Vorspeise bis\" \/>\n<meta property=\"og:url\" content=\"https:\/\/dev6.erresse-shop.it\/de\/shop\/tisch\/serviertablette\/villeroy-boch-travertine-serviertablett-25-cm\/\" \/>\n<meta property=\"og:site_name\" content=\"dev6 Erresse\" \/>\n<meta property=\"og:image\" content=\"https:\/\/interpim.erresse-shop.it\/wp-content\/uploads\/2025\/05\/VILLEROY-BOCH-Travertine-Vassoio-da-Portata-25-cm.jpg\/villeroy-boch-travertine-vassoio-da-portata-25-cm.jpg\" \/><meta property=\"og:image\" content=\"https:\/\/interpim.erresse-shop.it\/wp-content\/uploads\/2025\/05\/VILLEROY-BOCH-Travertine-Vassoio-da-Portata-25-cm.jpg\/villeroy-boch-travertine-vassoio-da-portata-25-cm.jpg\" \/>\n\t<meta property=\"og:image:width\" content=\"1024\" \/>\n\t<meta property=\"og:image:height\" content=\"1024\" \/>\n\t<meta property=\"og:image:type\" content=\"image\/jpeg\" \/>\n<meta name=\"twitter:card\" content=\"summary_large_image\" \/>\n<meta name=\"twitter:image\" content=\"https:\/\/interpim.erresse-shop.it\/wp-content\/uploads\/2025\/05\/VILLEROY-BOCH-Travertine-Vassoio-da-Portata-25-cm.jpg\/villeroy-boch-travertine-vassoio-da-portata-25-cm.jpg\" \/>\n<script type=\"application\/ld+json\" class=\"yoast-schema-graph\">{\"@context\":\"https:\/\/schema.org\",\"@graph\":[{\"@type\":\"WebPage\",\"@id\":\"https:\/\/dev6.erresse-shop.it\/de\/shop\/tisch\/serviertablette\/villeroy-boch-travertine-serviertablett-25-cm\/\",\"url\":\"https:\/\/dev6.erresse-shop.it\/de\/shop\/tisch\/serviertablette\/villeroy-boch-travertine-serviertablett-25-cm\/\",\"name\":\"VILLEROY &#038; BOCH Travertine Serviertablett 25 cm - dev6 Erresse\",\"isPartOf\":{\"@id\":\"https:\/\/dev6.erresse-shop.it\/#website\"},\"primaryImageOfPage\":{\"@id\":\"https:\/\/dev6.erresse-shop.it\/de\/shop\/tisch\/serviertablette\/villeroy-boch-travertine-serviertablett-25-cm\/#primaryimage\"},\"image\":{\"@id\":\"https:\/\/dev6.erresse-shop.it\/de\/shop\/tisch\/serviertablette\/villeroy-boch-travertine-serviertablett-25-cm\/#primaryimage\"},\"thumbnailUrl\":\"https:\/\/i3.wp.com\/interpim.erresse-shop.it\/wp-content\/uploads\/2025\/05\/VILLEROY-BOCH-Travertine-Vassoio-da-Portata-25-cm.jpg\/villeroy-boch-travertine-vassoio-da-portata-25-cm.jpg?ssl=1\",\"datePublished\":\"2026-04-12T12:26:06+00:00\",\"description\":\"Travertine Serviertablett Mit seinen Ma\u00dfen 25,5 cm x 10,5 cm bietet dieser Teller ausreichend Platz f\u00fcr eine Vielzahl von Gerichten, von der Vorspeise bis\",\"breadcrumb\":{\"@id\":\"https:\/\/dev6.erresse-shop.it\/de\/shop\/tisch\/serviertablette\/villeroy-boch-travertine-serviertablett-25-cm\/#breadcrumb\"},\"inLanguage\":\"de\",\"potentialAction\":[{\"@type\":\"ReadAction\",\"target\":[\"https:\/\/dev6.erresse-shop.it\/de\/shop\/tisch\/serviertablette\/villeroy-boch-travertine-serviertablett-25-cm\/\"]}]},{\"@type\":\"ImageObject\",\"inLanguage\":\"de\",\"@id\":\"https:\/\/dev6.erresse-shop.it\/de\/shop\/tisch\/serviertablette\/villeroy-boch-travertine-serviertablett-25-cm\/#primaryimage\",\"url\":\"https:\/\/i3.wp.com\/interpim.erresse-shop.it\/wp-content\/uploads\/2025\/05\/VILLEROY-BOCH-Travertine-Vassoio-da-Portata-25-cm.jpg\/villeroy-boch-travertine-vassoio-da-portata-25-cm.jpg?ssl=1\",\"contentUrl\":\"https:\/\/i3.wp.com\/interpim.erresse-shop.it\/wp-content\/uploads\/2025\/05\/VILLEROY-BOCH-Travertine-Vassoio-da-Portata-25-cm.jpg\/villeroy-boch-travertine-vassoio-da-portata-25-cm.jpg?ssl=1\"},{\"@type\":\"BreadcrumbList\",\"@id\":\"https:\/\/dev6.erresse-shop.it\/de\/shop\/tisch\/serviertablette\/villeroy-boch-travertine-serviertablett-25-cm\/#breadcrumb\",\"itemListElement\":[{\"@type\":\"ListItem\",\"position\":1,\"name\":\"Home\",\"item\":\"https:\/\/dev6.erresse-shop.it\/\"},{\"@type\":\"ListItem\",\"position\":2,\"name\":\"Shop\",\"item\":\"https:\/\/dev6.erresse-shop.it\/shop\/\"},{\"@type\":\"ListItem\",\"position\":3,\"name\":\"VILLEROY &#038; BOCH Travertine Serviertablett 25 cm\"}]},{\"@type\":\"WebSite\",\"@id\":\"https:\/\/dev6.erresse-shop.it\/#website\",\"url\":\"https:\/\/dev6.erresse-shop.it\/\",\"name\":\"Erresse Shop\",\"description\":\"\",\"publisher\":{\"@id\":\"https:\/\/dev6.erresse-shop.it\/#organization\"},\"potentialAction\":[{\"@type\":\"SearchAction\",\"target\":{\"@type\":\"EntryPoint\",\"urlTemplate\":\"https:\/\/dev6.erresse-shop.it\/?s={search_term_string}\"},\"query-input\":{\"@type\":\"PropertyValueSpecification\",\"valueRequired\":true,\"valueName\":\"search_term_string\"}}],\"inLanguage\":\"de\"},{\"@type\":\"Organization\",\"@id\":\"https:\/\/dev6.erresse-shop.it\/#organization\",\"name\":\"Erresse Shop\",\"url\":\"https:\/\/dev6.erresse-shop.it\/\",\"logo\":{\"@type\":\"ImageObject\",\"inLanguage\":\"de\",\"@id\":\"https:\/\/dev6.erresse-shop.it\/#\/schema\/logo\/image\/\",\"url\":\"https:\/\/dev6.erresse-shop.it\/wp-content\/uploads\/2025\/01\/LOGO-ERRESSE-CLASSICO.svg\",\"contentUrl\":\"https:\/\/dev6.erresse-shop.it\/wp-content\/uploads\/2025\/01\/LOGO-ERRESSE-CLASSICO.svg\",\"caption\":\"Erresse Shop\"},\"image\":{\"@id\":\"https:\/\/dev6.erresse-shop.it\/#\/schema\/logo\/image\/\"}}]}<\/script>\n<!-- \/ Yoast SEO plugin. -->","yoast_head_json":{"title":"VILLEROY &#038; BOCH Travertine Serviertablett 25 cm - dev6 Erresse","description":"Travertine Serviertablett Mit seinen Ma\u00dfen 25,5 cm x 10,5 cm bietet dieser Teller ausreichend Platz f\u00fcr eine Vielzahl von Gerichten, von der Vorspeise bis","robots":{"index":"noindex","follow":"follow","max-snippet":"max-snippet:-1","max-image-preview":"max-image-preview:large","max-video-preview":"max-video-preview:-1"},"og_locale":"de_DE","og_type":"article","og_title":"VILLEROY &#038; BOCH Travertine Serviertablett 25 cm - dev6 Erresse","og_description":"Travertine Serviertablett Mit seinen Ma\u00dfen 25,5 cm x 10,5 cm bietet dieser Teller ausreichend Platz f\u00fcr eine Vielzahl von Gerichten, von der Vorspeise bis","og_url":"https:\/\/dev6.erresse-shop.it\/de\/shop\/tisch\/serviertablette\/villeroy-boch-travertine-serviertablett-25-cm\/","og_site_name":"dev6 Erresse","og_image":[{"url":"https:\/\/interpim.erresse-shop.it\/wp-content\/uploads\/2025\/05\/VILLEROY-BOCH-Travertine-Vassoio-da-Portata-25-cm.jpg\/villeroy-boch-travertine-vassoio-da-portata-25-cm.jpg","type":"","width":"","height":""},{"url":"https:\/\/interpim.erresse-shop.it\/wp-content\/uploads\/2025\/05\/VILLEROY-BOCH-Travertine-Vassoio-da-Portata-25-cm.jpg\/villeroy-boch-travertine-vassoio-da-portata-25-cm.jpg","width":1024,"height":1024,"type":"image\/jpeg"}],"twitter_card":"summary_large_image","twitter_image":"https:\/\/interpim.erresse-shop.it\/wp-content\/uploads\/2025\/05\/VILLEROY-BOCH-Travertine-Vassoio-da-Portata-25-cm.jpg\/villeroy-boch-travertine-vassoio-da-portata-25-cm.jpg","schema":{"@context":"https:\/\/schema.org","@graph":[{"@type":"WebPage","@id":"https:\/\/dev6.erresse-shop.it\/de\/shop\/tisch\/serviertablette\/villeroy-boch-travertine-serviertablett-25-cm\/","url":"https:\/\/dev6.erresse-shop.it\/de\/shop\/tisch\/serviertablette\/villeroy-boch-travertine-serviertablett-25-cm\/","name":"VILLEROY &#038; BOCH Travertine Serviertablett 25 cm - dev6 Erresse","isPartOf":{"@id":"https:\/\/dev6.erresse-shop.it\/#website"},"primaryImageOfPage":{"@id":"https:\/\/dev6.erresse-shop.it\/de\/shop\/tisch\/serviertablette\/villeroy-boch-travertine-serviertablett-25-cm\/#primaryimage"},"image":{"@id":"https:\/\/dev6.erresse-shop.it\/de\/shop\/tisch\/serviertablette\/villeroy-boch-travertine-serviertablett-25-cm\/#primaryimage"},"thumbnailUrl":"https:\/\/i3.wp.com\/interpim.erresse-shop.it\/wp-content\/uploads\/2025\/05\/VILLEROY-BOCH-Travertine-Vassoio-da-Portata-25-cm.jpg\/villeroy-boch-travertine-vassoio-da-portata-25-cm.jpg?ssl=1","datePublished":"2026-04-12T12:26:06+00:00","description":"Travertine Serviertablett Mit seinen Ma\u00dfen 25,5 cm x 10,5 cm bietet dieser Teller ausreichend Platz f\u00fcr eine Vielzahl von Gerichten, von der Vorspeise bis","breadcrumb":{"@id":"https:\/\/dev6.erresse-shop.it\/de\/shop\/tisch\/serviertablette\/villeroy-boch-travertine-serviertablett-25-cm\/#breadcrumb"},"inLanguage":"de","potentialAction":[{"@type":"ReadAction","target":["https:\/\/dev6.erresse-shop.it\/de\/shop\/tisch\/serviertablette\/villeroy-boch-travertine-serviertablett-25-cm\/"]}]},{"@type":"ImageObject","inLanguage":"de","@id":"https:\/\/dev6.erresse-shop.it\/de\/shop\/tisch\/serviertablette\/villeroy-boch-travertine-serviertablett-25-cm\/#primaryimage","url":"https:\/\/i3.wp.com\/interpim.erresse-shop.it\/wp-content\/uploads\/2025\/05\/VILLEROY-BOCH-Travertine-Vassoio-da-Portata-25-cm.jpg\/villeroy-boch-travertine-vassoio-da-portata-25-cm.jpg?ssl=1","contentUrl":"https:\/\/i3.wp.com\/interpim.erresse-shop.it\/wp-content\/uploads\/2025\/05\/VILLEROY-BOCH-Travertine-Vassoio-da-Portata-25-cm.jpg\/villeroy-boch-travertine-vassoio-da-portata-25-cm.jpg?ssl=1"},{"@type":"BreadcrumbList","@id":"https:\/\/dev6.erresse-shop.it\/de\/shop\/tisch\/serviertablette\/villeroy-boch-travertine-serviertablett-25-cm\/#breadcrumb","itemListElement":[{"@type":"ListItem","position":1,"name":"Home","item":"https:\/\/dev6.erresse-shop.it\/"},{"@type":"ListItem","position":2,"name":"Shop","item":"https:\/\/dev6.erresse-shop.it\/shop\/"},{"@type":"ListItem","position":3,"name":"VILLEROY &#038; BOCH Travertine Serviertablett 25 cm"}]},{"@type":"WebSite","@id":"https:\/\/dev6.erresse-shop.it\/#website","url":"https:\/\/dev6.erresse-shop.it\/","name":"Erresse Shop","description":"","publisher":{"@id":"https:\/\/dev6.erresse-shop.it\/#organization"},"potentialAction":[{"@type":"SearchAction","target":{"@type":"EntryPoint","urlTemplate":"https:\/\/dev6.erresse-shop.it\/?s={search_term_string}"},"query-input":{"@type":"PropertyValueSpecification","valueRequired":true,"valueName":"search_term_string"}}],"inLanguage":"de"},{"@type":"Organization","@id":"https:\/\/dev6.erresse-shop.it\/#organization","name":"Erresse Shop","url":"https:\/\/dev6.erresse-shop.it\/","logo":{"@type":"ImageObject","inLanguage":"de","@id":"https:\/\/dev6.erresse-shop.it\/#\/schema\/logo\/image\/","url":"https:\/\/dev6.erresse-shop.it\/wp-content\/uploads\/2025\/01\/LOGO-ERRESSE-CLASSICO.svg","contentUrl":"https:\/\/dev6.erresse-shop.it\/wp-content\/uploads\/2025\/01\/LOGO-ERRESSE-CLASSICO.svg","caption":"Erresse Shop"},"image":{"@id":"https:\/\/dev6.erresse-shop.it\/#\/schema\/logo\/image\/"}}]}},"df_price":"","df_sale_price":"","df_regular_price":"","df_image_link":"https:\/\/i3.wp.com\/interpim.erresse-shop.it\/wp-content\/uploads\/2025\/05\/VILLEROY-BOCH-Travertine-Vassoio-da-Portata-25-cm.jpg\/villeroy-boch-travertine-vassoio-da-portata-25-cm.jpg?resize=300,300&ssl=1","fifu_image_url":"https:\/\/interpim.erresse-shop.it\/wp-content\/uploads\/2025\/05\/VILLEROY-BOCH-Travertine-Vassoio-da-Portata-25-cm.jpg\/villeroy-boch-travertine-vassoio-da-portata-25-cm.jpg","_links":{"self":[{"href":"https:\/\/dev6.erresse-shop.it\/de\/wp-json\/wp\/v2\/product\/2302849","targetHints":{"allow":["GET"]}}],"collection":[{"href":"https:\/\/dev6.erresse-shop.it\/de\/wp-json\/wp\/v2\/product"}],"about":[{"href":"https:\/\/dev6.erresse-shop.it\/de\/wp-json\/wp\/v2\/types\/product"}],"wp:featuredmedia":[{"embeddable":true,"href":"https:\/\/dev6.erresse-shop.it\/de\/wp-json\/wp\/v2\/media\/6380522"}],"wp:attachment":[{"href":"https:\/\/dev6.erresse-shop.it\/de\/wp-json\/wp\/v2\/media?parent=2302849"}],"wp:term":[{"taxonomy":"product_cat","embeddable":true,"href":"https:\/\/dev6.erresse-shop.it\/de\/wp-json\/wp\/v2\/product_cat?post=2302849"},{"taxonomy":"product_tag","embeddable":true,"href":"https:\/\/dev6.erresse-shop.it\/de\/wp-json\/wp\/v2\/product_tag?post=2302849"}],"curies":[{"name":"wp","href":"https:\/\/api.w.org\/{rel}","templated":true}]}}