{"id":2302833,"date":"2026-04-10T15:01:52","date_gmt":"2026-04-10T13:01:52","guid":{"rendered":"https:\/\/dev6.erresse-shop.it\/shop\/unkategorisiert\/villeroy-boch-travertine-servierplatte\/"},"modified":"2025-07-04T15:18:39","modified_gmt":"2025-07-04T13:18:39","slug":"villeroy-boch-travertine-servierplatte","status":"publish","type":"product","link":"https:\/\/dev6.erresse-shop.it\/de\/shop\/tisch\/teller-geschirr\/villeroy-boch-travertine-servierplatte\/","title":{"rendered":"VILLEROY &#038; BOCH Travertine Servierplatte"},"content":{"rendered":"<p>Travertine Servierplatte<\/p>\n<p>Die Platte eignet sich ideal zum Servieren von Vorspeisen oder Snacks.<br \/>\nDas Highlight jeder Snackplatte: Pr\u00e4sentieren Sie Vorspeisen und K\u00e4se stilvoll auf Partys, Buffets oder bei einem gem\u00fctlichen Snack mit Freunden.<br \/>\nUnverwechselbares Naturprodukt aus Travertin: Jedes St\u00fcck besticht durch seine einzigartige Maserung und Farbnuancen. Handgefertigt und von der Natur geschaffen, ist jedes St\u00fcck ein Unikat mit seinem ganz eigenen Charakter.<\/p>\n<p>Material: Terrakotta<br \/>\nSp\u00fclmaschinenfest: ja<br \/>\nMikrowellengeeignet: nein<\/p>\n<p>Ma\u00dfe:<\/p>\n<p>Durchmesser: 24,5 mm<br \/>\nH\u00f6he: 17 mm<br \/>\nGewicht: 1250 g<\/p>\n","protected":false},"excerpt":{"rendered":"<p>Travertine Servierplatte Die Platte eignet sich ideal zum Servieren von Vorspeisen oder Snacks. Das Highlight jeder Snackplatte: Pr\u00e4sentieren Sie Vorspeisen und K\u00e4se stilvoll auf Partys, Buffets oder bei einem gem\u00fctlichen Snack mit Freunden. Unverwechselbares Naturprodukt aus Travertin: Jedes St\u00fcck besticht durch seine einzigartige Maserung und Farbnuancen. Handgefertigt und von der Natur geschaffen, ist jedes St\u00fcck [&hellip;]<\/p>\n","protected":false},"featured_media":6338855,"template":"","meta":{"_acf_changed":false},"product_cat":[12122,12103],"product_tag":[],"class_list":{"0":"post-2302833","1":"product","2":"type-product","3":"status-publish","4":"has-post-thumbnail","6":"product_cat-teller-geschirr","7":"product_cat-tisch","9":"first","10":"instock","11":"taxable","12":"shipping-taxable","13":"product-type-simple","swatches":"rey-swatches","show_selected":"","stretch_labels":"rey-swatches--stretch-labels"},"acf":[],"yoast_head":"<!-- This site is optimized with the Yoast SEO plugin v25.4 - https:\/\/yoast.com\/wordpress\/plugins\/seo\/ -->\n<title>VILLEROY &#038; BOCH Travertine Servierplatte - dev6 Erresse<\/title>\n<meta name=\"description\" content=\"Travertine Servierplatte Die Platte eignet sich ideal zum Servieren von Vorspeisen oder Snacks. Das Highlight jeder Snackplatte: Pr\u00e4sentieren Sie\" \/>\n<meta name=\"robots\" content=\"noindex, follow, max-snippet:-1, max-image-preview:large, max-video-preview:-1\" \/>\n<meta property=\"og:locale\" content=\"de_DE\" \/>\n<meta property=\"og:type\" content=\"article\" \/>\n<meta property=\"og:title\" content=\"VILLEROY &#038; BOCH Travertine Servierplatte - dev6 Erresse\" \/>\n<meta property=\"og:description\" content=\"Travertine Servierplatte Die Platte eignet sich ideal zum Servieren von Vorspeisen oder Snacks. Das Highlight jeder Snackplatte: Pr\u00e4sentieren Sie\" \/>\n<meta property=\"og:url\" content=\"https:\/\/dev6.erresse-shop.it\/de\/shop\/tisch\/teller-geschirr\/villeroy-boch-travertine-servierplatte\/\" \/>\n<meta property=\"og:site_name\" content=\"dev6 Erresse\" \/>\n<meta property=\"og:image\" content=\"https:\/\/interpim.erresse-shop.it\/wp-content\/uploads\/2025\/05\/VILLEROY-BOCH-Travertine-Piatto-da-Portata.jpg\/villeroy-boch-travertine-piatto-da-portata.jpg\" \/><meta property=\"og:image\" content=\"https:\/\/interpim.erresse-shop.it\/wp-content\/uploads\/2025\/05\/VILLEROY-BOCH-Travertine-Piatto-da-Portata.jpg\/villeroy-boch-travertine-piatto-da-portata.jpg\" \/>\n\t<meta property=\"og:image:width\" content=\"1024\" \/>\n\t<meta property=\"og:image:height\" content=\"1024\" \/>\n\t<meta property=\"og:image:type\" content=\"image\/jpeg\" \/>\n<meta name=\"twitter:card\" content=\"summary_large_image\" \/>\n<meta name=\"twitter:image\" content=\"https:\/\/interpim.erresse-shop.it\/wp-content\/uploads\/2025\/05\/VILLEROY-BOCH-Travertine-Piatto-da-Portata.jpg\/villeroy-boch-travertine-piatto-da-portata.jpg\" \/>\n<script type=\"application\/ld+json\" class=\"yoast-schema-graph\">{\"@context\":\"https:\/\/schema.org\",\"@graph\":[{\"@type\":\"WebPage\",\"@id\":\"https:\/\/dev6.erresse-shop.it\/de\/shop\/tisch\/teller-geschirr\/villeroy-boch-travertine-servierplatte\/\",\"url\":\"https:\/\/dev6.erresse-shop.it\/de\/shop\/tisch\/teller-geschirr\/villeroy-boch-travertine-servierplatte\/\",\"name\":\"VILLEROY &#038; BOCH Travertine Servierplatte - dev6 Erresse\",\"isPartOf\":{\"@id\":\"https:\/\/dev6.erresse-shop.it\/#website\"},\"primaryImageOfPage\":{\"@id\":\"https:\/\/dev6.erresse-shop.it\/de\/shop\/tisch\/teller-geschirr\/villeroy-boch-travertine-servierplatte\/#primaryimage\"},\"image\":{\"@id\":\"https:\/\/dev6.erresse-shop.it\/de\/shop\/tisch\/teller-geschirr\/villeroy-boch-travertine-servierplatte\/#primaryimage\"},\"thumbnailUrl\":\"https:\/\/i0.wp.com\/interpim.erresse-shop.it\/wp-content\/uploads\/2025\/05\/VILLEROY-BOCH-Travertine-Piatto-da-Portata.jpg\/villeroy-boch-travertine-piatto-da-portata.jpg?ssl=1\",\"datePublished\":\"2026-04-10T13:01:52+00:00\",\"description\":\"Travertine Servierplatte Die Platte eignet sich ideal zum Servieren von Vorspeisen oder Snacks. Das Highlight jeder Snackplatte: Pr\u00e4sentieren Sie\",\"breadcrumb\":{\"@id\":\"https:\/\/dev6.erresse-shop.it\/de\/shop\/tisch\/teller-geschirr\/villeroy-boch-travertine-servierplatte\/#breadcrumb\"},\"inLanguage\":\"de\",\"potentialAction\":[{\"@type\":\"ReadAction\",\"target\":[\"https:\/\/dev6.erresse-shop.it\/de\/shop\/tisch\/teller-geschirr\/villeroy-boch-travertine-servierplatte\/\"]}]},{\"@type\":\"ImageObject\",\"inLanguage\":\"de\",\"@id\":\"https:\/\/dev6.erresse-shop.it\/de\/shop\/tisch\/teller-geschirr\/villeroy-boch-travertine-servierplatte\/#primaryimage\",\"url\":\"https:\/\/i0.wp.com\/interpim.erresse-shop.it\/wp-content\/uploads\/2025\/05\/VILLEROY-BOCH-Travertine-Piatto-da-Portata.jpg\/villeroy-boch-travertine-piatto-da-portata.jpg?ssl=1\",\"contentUrl\":\"https:\/\/i0.wp.com\/interpim.erresse-shop.it\/wp-content\/uploads\/2025\/05\/VILLEROY-BOCH-Travertine-Piatto-da-Portata.jpg\/villeroy-boch-travertine-piatto-da-portata.jpg?ssl=1\"},{\"@type\":\"BreadcrumbList\",\"@id\":\"https:\/\/dev6.erresse-shop.it\/de\/shop\/tisch\/teller-geschirr\/villeroy-boch-travertine-servierplatte\/#breadcrumb\",\"itemListElement\":[{\"@type\":\"ListItem\",\"position\":1,\"name\":\"Home\",\"item\":\"https:\/\/dev6.erresse-shop.it\/\"},{\"@type\":\"ListItem\",\"position\":2,\"name\":\"Shop\",\"item\":\"https:\/\/dev6.erresse-shop.it\/shop\/\"},{\"@type\":\"ListItem\",\"position\":3,\"name\":\"VILLEROY &#038; BOCH Travertine Servierplatte\"}]},{\"@type\":\"WebSite\",\"@id\":\"https:\/\/dev6.erresse-shop.it\/#website\",\"url\":\"https:\/\/dev6.erresse-shop.it\/\",\"name\":\"Erresse Shop\",\"description\":\"\",\"publisher\":{\"@id\":\"https:\/\/dev6.erresse-shop.it\/#organization\"},\"potentialAction\":[{\"@type\":\"SearchAction\",\"target\":{\"@type\":\"EntryPoint\",\"urlTemplate\":\"https:\/\/dev6.erresse-shop.it\/?s={search_term_string}\"},\"query-input\":{\"@type\":\"PropertyValueSpecification\",\"valueRequired\":true,\"valueName\":\"search_term_string\"}}],\"inLanguage\":\"de\"},{\"@type\":\"Organization\",\"@id\":\"https:\/\/dev6.erresse-shop.it\/#organization\",\"name\":\"Erresse Shop\",\"url\":\"https:\/\/dev6.erresse-shop.it\/\",\"logo\":{\"@type\":\"ImageObject\",\"inLanguage\":\"de\",\"@id\":\"https:\/\/dev6.erresse-shop.it\/#\/schema\/logo\/image\/\",\"url\":\"https:\/\/dev6.erresse-shop.it\/wp-content\/uploads\/2025\/01\/LOGO-ERRESSE-CLASSICO.svg\",\"contentUrl\":\"https:\/\/dev6.erresse-shop.it\/wp-content\/uploads\/2025\/01\/LOGO-ERRESSE-CLASSICO.svg\",\"caption\":\"Erresse Shop\"},\"image\":{\"@id\":\"https:\/\/dev6.erresse-shop.it\/#\/schema\/logo\/image\/\"}}]}<\/script>\n<!-- \/ Yoast SEO plugin. -->","yoast_head_json":{"title":"VILLEROY &#038; BOCH Travertine Servierplatte - dev6 Erresse","description":"Travertine Servierplatte Die Platte eignet sich ideal zum Servieren von Vorspeisen oder Snacks. Das Highlight jeder Snackplatte: Pr\u00e4sentieren Sie","robots":{"index":"noindex","follow":"follow","max-snippet":"max-snippet:-1","max-image-preview":"max-image-preview:large","max-video-preview":"max-video-preview:-1"},"og_locale":"de_DE","og_type":"article","og_title":"VILLEROY &#038; BOCH Travertine Servierplatte - dev6 Erresse","og_description":"Travertine Servierplatte Die Platte eignet sich ideal zum Servieren von Vorspeisen oder Snacks. Das Highlight jeder Snackplatte: Pr\u00e4sentieren Sie","og_url":"https:\/\/dev6.erresse-shop.it\/de\/shop\/tisch\/teller-geschirr\/villeroy-boch-travertine-servierplatte\/","og_site_name":"dev6 Erresse","og_image":[{"url":"https:\/\/interpim.erresse-shop.it\/wp-content\/uploads\/2025\/05\/VILLEROY-BOCH-Travertine-Piatto-da-Portata.jpg\/villeroy-boch-travertine-piatto-da-portata.jpg","type":"","width":"","height":""},{"url":"https:\/\/interpim.erresse-shop.it\/wp-content\/uploads\/2025\/05\/VILLEROY-BOCH-Travertine-Piatto-da-Portata.jpg\/villeroy-boch-travertine-piatto-da-portata.jpg","width":1024,"height":1024,"type":"image\/jpeg"}],"twitter_card":"summary_large_image","twitter_image":"https:\/\/interpim.erresse-shop.it\/wp-content\/uploads\/2025\/05\/VILLEROY-BOCH-Travertine-Piatto-da-Portata.jpg\/villeroy-boch-travertine-piatto-da-portata.jpg","schema":{"@context":"https:\/\/schema.org","@graph":[{"@type":"WebPage","@id":"https:\/\/dev6.erresse-shop.it\/de\/shop\/tisch\/teller-geschirr\/villeroy-boch-travertine-servierplatte\/","url":"https:\/\/dev6.erresse-shop.it\/de\/shop\/tisch\/teller-geschirr\/villeroy-boch-travertine-servierplatte\/","name":"VILLEROY &#038; BOCH Travertine Servierplatte - dev6 Erresse","isPartOf":{"@id":"https:\/\/dev6.erresse-shop.it\/#website"},"primaryImageOfPage":{"@id":"https:\/\/dev6.erresse-shop.it\/de\/shop\/tisch\/teller-geschirr\/villeroy-boch-travertine-servierplatte\/#primaryimage"},"image":{"@id":"https:\/\/dev6.erresse-shop.it\/de\/shop\/tisch\/teller-geschirr\/villeroy-boch-travertine-servierplatte\/#primaryimage"},"thumbnailUrl":"https:\/\/i0.wp.com\/interpim.erresse-shop.it\/wp-content\/uploads\/2025\/05\/VILLEROY-BOCH-Travertine-Piatto-da-Portata.jpg\/villeroy-boch-travertine-piatto-da-portata.jpg?ssl=1","datePublished":"2026-04-10T13:01:52+00:00","description":"Travertine Servierplatte Die Platte eignet sich ideal zum Servieren von Vorspeisen oder Snacks. Das Highlight jeder Snackplatte: Pr\u00e4sentieren Sie","breadcrumb":{"@id":"https:\/\/dev6.erresse-shop.it\/de\/shop\/tisch\/teller-geschirr\/villeroy-boch-travertine-servierplatte\/#breadcrumb"},"inLanguage":"de","potentialAction":[{"@type":"ReadAction","target":["https:\/\/dev6.erresse-shop.it\/de\/shop\/tisch\/teller-geschirr\/villeroy-boch-travertine-servierplatte\/"]}]},{"@type":"ImageObject","inLanguage":"de","@id":"https:\/\/dev6.erresse-shop.it\/de\/shop\/tisch\/teller-geschirr\/villeroy-boch-travertine-servierplatte\/#primaryimage","url":"https:\/\/i0.wp.com\/interpim.erresse-shop.it\/wp-content\/uploads\/2025\/05\/VILLEROY-BOCH-Travertine-Piatto-da-Portata.jpg\/villeroy-boch-travertine-piatto-da-portata.jpg?ssl=1","contentUrl":"https:\/\/i0.wp.com\/interpim.erresse-shop.it\/wp-content\/uploads\/2025\/05\/VILLEROY-BOCH-Travertine-Piatto-da-Portata.jpg\/villeroy-boch-travertine-piatto-da-portata.jpg?ssl=1"},{"@type":"BreadcrumbList","@id":"https:\/\/dev6.erresse-shop.it\/de\/shop\/tisch\/teller-geschirr\/villeroy-boch-travertine-servierplatte\/#breadcrumb","itemListElement":[{"@type":"ListItem","position":1,"name":"Home","item":"https:\/\/dev6.erresse-shop.it\/"},{"@type":"ListItem","position":2,"name":"Shop","item":"https:\/\/dev6.erresse-shop.it\/shop\/"},{"@type":"ListItem","position":3,"name":"VILLEROY &#038; BOCH Travertine Servierplatte"}]},{"@type":"WebSite","@id":"https:\/\/dev6.erresse-shop.it\/#website","url":"https:\/\/dev6.erresse-shop.it\/","name":"Erresse Shop","description":"","publisher":{"@id":"https:\/\/dev6.erresse-shop.it\/#organization"},"potentialAction":[{"@type":"SearchAction","target":{"@type":"EntryPoint","urlTemplate":"https:\/\/dev6.erresse-shop.it\/?s={search_term_string}"},"query-input":{"@type":"PropertyValueSpecification","valueRequired":true,"valueName":"search_term_string"}}],"inLanguage":"de"},{"@type":"Organization","@id":"https:\/\/dev6.erresse-shop.it\/#organization","name":"Erresse Shop","url":"https:\/\/dev6.erresse-shop.it\/","logo":{"@type":"ImageObject","inLanguage":"de","@id":"https:\/\/dev6.erresse-shop.it\/#\/schema\/logo\/image\/","url":"https:\/\/dev6.erresse-shop.it\/wp-content\/uploads\/2025\/01\/LOGO-ERRESSE-CLASSICO.svg","contentUrl":"https:\/\/dev6.erresse-shop.it\/wp-content\/uploads\/2025\/01\/LOGO-ERRESSE-CLASSICO.svg","caption":"Erresse Shop"},"image":{"@id":"https:\/\/dev6.erresse-shop.it\/#\/schema\/logo\/image\/"}}]}},"df_price":"","df_sale_price":"","df_regular_price":"","df_image_link":"https:\/\/i0.wp.com\/interpim.erresse-shop.it\/wp-content\/uploads\/2025\/05\/VILLEROY-BOCH-Travertine-Piatto-da-Portata.jpg\/villeroy-boch-travertine-piatto-da-portata.jpg?resize=300,300&ssl=1","fifu_image_url":"https:\/\/interpim.erresse-shop.it\/wp-content\/uploads\/2025\/05\/VILLEROY-BOCH-Travertine-Piatto-da-Portata.jpg\/villeroy-boch-travertine-piatto-da-portata.jpg","_links":{"self":[{"href":"https:\/\/dev6.erresse-shop.it\/de\/wp-json\/wp\/v2\/product\/2302833","targetHints":{"allow":["GET"]}}],"collection":[{"href":"https:\/\/dev6.erresse-shop.it\/de\/wp-json\/wp\/v2\/product"}],"about":[{"href":"https:\/\/dev6.erresse-shop.it\/de\/wp-json\/wp\/v2\/types\/product"}],"wp:featuredmedia":[{"embeddable":true,"href":"https:\/\/dev6.erresse-shop.it\/de\/wp-json\/wp\/v2\/media\/6338855"}],"wp:attachment":[{"href":"https:\/\/dev6.erresse-shop.it\/de\/wp-json\/wp\/v2\/media?parent=2302833"}],"wp:term":[{"taxonomy":"product_cat","embeddable":true,"href":"https:\/\/dev6.erresse-shop.it\/de\/wp-json\/wp\/v2\/product_cat?post=2302833"},{"taxonomy":"product_tag","embeddable":true,"href":"https:\/\/dev6.erresse-shop.it\/de\/wp-json\/wp\/v2\/product_tag?post=2302833"}],"curies":[{"name":"wp","href":"https:\/\/api.w.org\/{rel}","templated":true}]}}