{"id":2302823,"date":"2026-04-12T14:23:10","date_gmt":"2026-04-12T12:23:10","guid":{"rendered":"https:\/\/dev6.erresse-shop.it\/shop\/unkategorisiert\/villeroy-boch-manoir-servierplatte-24-cm\/"},"modified":"2025-09-14T03:29:33","modified_gmt":"2025-09-14T01:29:33","slug":"villeroy-boch-manoir-servierplatte-24-cm","status":"publish","type":"product","link":"https:\/\/dev6.erresse-shop.it\/de\/shop\/tisch\/servierplatten\/villeroy-boch-manoir-servierplatte-24-cm\/","title":{"rendered":"VILLEROY &#038; BOCH Manoir Servierplatte 24 cm"},"content":{"rendered":"<p class=\"p1\">Servierplatte<br \/>\nVerleihen Sie Ihrem Tisch Eleganz mit der Servierplatte aus der Manoir-Kollektion, gefertigt aus wei\u00dfem Premiumporzellan. Mit seinem raffinierten und anspruchsvollen Design eignet sich dieser Teller perfekt zum stilvollen Servieren von Hauptgerichten und Beilagen. Das hochwertige Porzellan sorgt f\u00fcr Robustheit und Langlebigkeit und ist somit ideal f\u00fcr den t\u00e4glichen Gebrauch und besondere Anl\u00e4sse. Seine Vielseitigkeit passt sich problemlos jedem Dekor an und macht ihn zu einer perfekten Erg\u00e4nzung f\u00fcr jede Art von Veranstaltung. Auch als Geschenk eine ausgezeichnete Wahl f\u00fcr alle, die jedem Tischdetail einen Hauch von Klasse verleihen m\u00f6chten.<\/p>\n<p>Material: Premium-Porzellan<br \/>\nMa\u00dfe:\u2300 24 x H 2,7 cm<br \/>\nSp\u00fclmaschinenfest: ja<br \/>\nGeeignet f\u00fcr die Mikrowelle: ja<\/p>\n","protected":false},"excerpt":{"rendered":"<p>Servierplatte Verleihen Sie Ihrem Tisch Eleganz mit der Servierplatte aus der Manoir-Kollektion, gefertigt aus wei\u00dfem Premiumporzellan. Mit seinem raffinierten und anspruchsvollen Design eignet sich dieser Teller perfekt zum stilvollen Servieren von Hauptgerichten und Beilagen. Das hochwertige Porzellan sorgt f\u00fcr Robustheit und Langlebigkeit und ist somit ideal f\u00fcr den t\u00e4glichen Gebrauch und besondere Anl\u00e4sse. Seine Vielseitigkeit [&hellip;]<\/p>\n","protected":false},"featured_media":6380464,"template":"","meta":{"_acf_changed":false},"product_cat":[12153,12103],"product_tag":[],"class_list":{"0":"post-2302823","1":"product","2":"type-product","3":"status-publish","4":"has-post-thumbnail","6":"product_cat-servierplatten","7":"product_cat-tisch","9":"first","10":"instock","11":"taxable","12":"shipping-taxable","13":"purchasable","14":"product-type-simple","swatches":"rey-swatches","show_selected":"","stretch_labels":"rey-swatches--stretch-labels"},"acf":[],"yoast_head":"<!-- This site is optimized with the Yoast SEO plugin v25.4 - https:\/\/yoast.com\/wordpress\/plugins\/seo\/ -->\n<title>VILLEROY &#038; BOCH Manoir Servierplatte 24 cm - dev6 Erresse<\/title>\n<meta name=\"description\" content=\"Servierplatte Verleihen Sie Ihrem Tisch Eleganz mit der Servierplatte aus der Manoir-Kollektion, gefertigt aus wei\u00dfem Premiumporzellan. Mit seinem\" \/>\n<meta name=\"robots\" content=\"noindex, follow, max-snippet:-1, max-image-preview:large, max-video-preview:-1\" \/>\n<meta property=\"og:locale\" content=\"de_DE\" \/>\n<meta property=\"og:type\" content=\"article\" \/>\n<meta property=\"og:title\" content=\"VILLEROY &#038; BOCH Manoir Servierplatte 24 cm - dev6 Erresse\" \/>\n<meta property=\"og:description\" content=\"Servierplatte Verleihen Sie Ihrem Tisch Eleganz mit der Servierplatte aus der Manoir-Kollektion, gefertigt aus wei\u00dfem Premiumporzellan. Mit seinem\" \/>\n<meta property=\"og:url\" content=\"https:\/\/dev6.erresse-shop.it\/de\/shop\/tisch\/servierplatten\/villeroy-boch-manoir-servierplatte-24-cm\/\" \/>\n<meta property=\"og:site_name\" content=\"dev6 Erresse\" \/>\n<meta property=\"og:image\" content=\"https:\/\/interpim.erresse-shop.it\/wp-content\/uploads\/2025\/04\/VILLEROY-BOCH-Manoir-Piatto-Portata-24-cm.jpg\/villeroy-boch-manoir-piatto-portata-24-cm.jpg\" \/><meta property=\"og:image\" content=\"https:\/\/interpim.erresse-shop.it\/wp-content\/uploads\/2025\/04\/VILLEROY-BOCH-Manoir-Piatto-Portata-24-cm.jpg\/villeroy-boch-manoir-piatto-portata-24-cm.jpg\" \/>\n\t<meta property=\"og:image:width\" content=\"1024\" \/>\n\t<meta property=\"og:image:height\" content=\"1024\" \/>\n\t<meta property=\"og:image:type\" content=\"image\/jpeg\" \/>\n<meta name=\"twitter:card\" content=\"summary_large_image\" \/>\n<meta name=\"twitter:image\" content=\"https:\/\/interpim.erresse-shop.it\/wp-content\/uploads\/2025\/04\/VILLEROY-BOCH-Manoir-Piatto-Portata-24-cm.jpg\/villeroy-boch-manoir-piatto-portata-24-cm.jpg\" \/>\n<script type=\"application\/ld+json\" class=\"yoast-schema-graph\">{\"@context\":\"https:\/\/schema.org\",\"@graph\":[{\"@type\":\"WebPage\",\"@id\":\"https:\/\/dev6.erresse-shop.it\/de\/shop\/tisch\/servierplatten\/villeroy-boch-manoir-servierplatte-24-cm\/\",\"url\":\"https:\/\/dev6.erresse-shop.it\/de\/shop\/tisch\/servierplatten\/villeroy-boch-manoir-servierplatte-24-cm\/\",\"name\":\"VILLEROY &#038; BOCH Manoir Servierplatte 24 cm - dev6 Erresse\",\"isPartOf\":{\"@id\":\"https:\/\/dev6.erresse-shop.it\/#website\"},\"primaryImageOfPage\":{\"@id\":\"https:\/\/dev6.erresse-shop.it\/de\/shop\/tisch\/servierplatten\/villeroy-boch-manoir-servierplatte-24-cm\/#primaryimage\"},\"image\":{\"@id\":\"https:\/\/dev6.erresse-shop.it\/de\/shop\/tisch\/servierplatten\/villeroy-boch-manoir-servierplatte-24-cm\/#primaryimage\"},\"thumbnailUrl\":\"https:\/\/i2.wp.com\/interpim.erresse-shop.it\/wp-content\/uploads\/2025\/04\/VILLEROY-BOCH-Manoir-Piatto-Portata-24-cm.jpg\/villeroy-boch-manoir-piatto-portata-24-cm.jpg?ssl=1\",\"datePublished\":\"2026-04-12T12:23:10+00:00\",\"description\":\"Servierplatte Verleihen Sie Ihrem Tisch Eleganz mit der Servierplatte aus der Manoir-Kollektion, gefertigt aus wei\u00dfem Premiumporzellan. Mit seinem\",\"breadcrumb\":{\"@id\":\"https:\/\/dev6.erresse-shop.it\/de\/shop\/tisch\/servierplatten\/villeroy-boch-manoir-servierplatte-24-cm\/#breadcrumb\"},\"inLanguage\":\"de\",\"potentialAction\":[{\"@type\":\"ReadAction\",\"target\":[\"https:\/\/dev6.erresse-shop.it\/de\/shop\/tisch\/servierplatten\/villeroy-boch-manoir-servierplatte-24-cm\/\"]}]},{\"@type\":\"ImageObject\",\"inLanguage\":\"de\",\"@id\":\"https:\/\/dev6.erresse-shop.it\/de\/shop\/tisch\/servierplatten\/villeroy-boch-manoir-servierplatte-24-cm\/#primaryimage\",\"url\":\"https:\/\/i2.wp.com\/interpim.erresse-shop.it\/wp-content\/uploads\/2025\/04\/VILLEROY-BOCH-Manoir-Piatto-Portata-24-cm.jpg\/villeroy-boch-manoir-piatto-portata-24-cm.jpg?ssl=1\",\"contentUrl\":\"https:\/\/i2.wp.com\/interpim.erresse-shop.it\/wp-content\/uploads\/2025\/04\/VILLEROY-BOCH-Manoir-Piatto-Portata-24-cm.jpg\/villeroy-boch-manoir-piatto-portata-24-cm.jpg?ssl=1\"},{\"@type\":\"BreadcrumbList\",\"@id\":\"https:\/\/dev6.erresse-shop.it\/de\/shop\/tisch\/servierplatten\/villeroy-boch-manoir-servierplatte-24-cm\/#breadcrumb\",\"itemListElement\":[{\"@type\":\"ListItem\",\"position\":1,\"name\":\"Home\",\"item\":\"https:\/\/dev6.erresse-shop.it\/\"},{\"@type\":\"ListItem\",\"position\":2,\"name\":\"Shop\",\"item\":\"https:\/\/dev6.erresse-shop.it\/shop\/\"},{\"@type\":\"ListItem\",\"position\":3,\"name\":\"VILLEROY &#038; BOCH Manoir Servierplatte 24 cm\"}]},{\"@type\":\"WebSite\",\"@id\":\"https:\/\/dev6.erresse-shop.it\/#website\",\"url\":\"https:\/\/dev6.erresse-shop.it\/\",\"name\":\"Erresse Shop\",\"description\":\"\",\"publisher\":{\"@id\":\"https:\/\/dev6.erresse-shop.it\/#organization\"},\"potentialAction\":[{\"@type\":\"SearchAction\",\"target\":{\"@type\":\"EntryPoint\",\"urlTemplate\":\"https:\/\/dev6.erresse-shop.it\/?s={search_term_string}\"},\"query-input\":{\"@type\":\"PropertyValueSpecification\",\"valueRequired\":true,\"valueName\":\"search_term_string\"}}],\"inLanguage\":\"de\"},{\"@type\":\"Organization\",\"@id\":\"https:\/\/dev6.erresse-shop.it\/#organization\",\"name\":\"Erresse Shop\",\"url\":\"https:\/\/dev6.erresse-shop.it\/\",\"logo\":{\"@type\":\"ImageObject\",\"inLanguage\":\"de\",\"@id\":\"https:\/\/dev6.erresse-shop.it\/#\/schema\/logo\/image\/\",\"url\":\"https:\/\/dev6.erresse-shop.it\/wp-content\/uploads\/2025\/01\/LOGO-ERRESSE-CLASSICO.svg\",\"contentUrl\":\"https:\/\/dev6.erresse-shop.it\/wp-content\/uploads\/2025\/01\/LOGO-ERRESSE-CLASSICO.svg\",\"caption\":\"Erresse Shop\"},\"image\":{\"@id\":\"https:\/\/dev6.erresse-shop.it\/#\/schema\/logo\/image\/\"}}]}<\/script>\n<!-- \/ Yoast SEO plugin. -->","yoast_head_json":{"title":"VILLEROY &#038; BOCH Manoir Servierplatte 24 cm - dev6 Erresse","description":"Servierplatte Verleihen Sie Ihrem Tisch Eleganz mit der Servierplatte aus der Manoir-Kollektion, gefertigt aus wei\u00dfem Premiumporzellan. Mit seinem","robots":{"index":"noindex","follow":"follow","max-snippet":"max-snippet:-1","max-image-preview":"max-image-preview:large","max-video-preview":"max-video-preview:-1"},"og_locale":"de_DE","og_type":"article","og_title":"VILLEROY &#038; BOCH Manoir Servierplatte 24 cm - dev6 Erresse","og_description":"Servierplatte Verleihen Sie Ihrem Tisch Eleganz mit der Servierplatte aus der Manoir-Kollektion, gefertigt aus wei\u00dfem Premiumporzellan. Mit seinem","og_url":"https:\/\/dev6.erresse-shop.it\/de\/shop\/tisch\/servierplatten\/villeroy-boch-manoir-servierplatte-24-cm\/","og_site_name":"dev6 Erresse","og_image":[{"url":"https:\/\/interpim.erresse-shop.it\/wp-content\/uploads\/2025\/04\/VILLEROY-BOCH-Manoir-Piatto-Portata-24-cm.jpg\/villeroy-boch-manoir-piatto-portata-24-cm.jpg","type":"","width":"","height":""},{"url":"https:\/\/interpim.erresse-shop.it\/wp-content\/uploads\/2025\/04\/VILLEROY-BOCH-Manoir-Piatto-Portata-24-cm.jpg\/villeroy-boch-manoir-piatto-portata-24-cm.jpg","width":1024,"height":1024,"type":"image\/jpeg"}],"twitter_card":"summary_large_image","twitter_image":"https:\/\/interpim.erresse-shop.it\/wp-content\/uploads\/2025\/04\/VILLEROY-BOCH-Manoir-Piatto-Portata-24-cm.jpg\/villeroy-boch-manoir-piatto-portata-24-cm.jpg","schema":{"@context":"https:\/\/schema.org","@graph":[{"@type":"WebPage","@id":"https:\/\/dev6.erresse-shop.it\/de\/shop\/tisch\/servierplatten\/villeroy-boch-manoir-servierplatte-24-cm\/","url":"https:\/\/dev6.erresse-shop.it\/de\/shop\/tisch\/servierplatten\/villeroy-boch-manoir-servierplatte-24-cm\/","name":"VILLEROY &#038; BOCH Manoir Servierplatte 24 cm - dev6 Erresse","isPartOf":{"@id":"https:\/\/dev6.erresse-shop.it\/#website"},"primaryImageOfPage":{"@id":"https:\/\/dev6.erresse-shop.it\/de\/shop\/tisch\/servierplatten\/villeroy-boch-manoir-servierplatte-24-cm\/#primaryimage"},"image":{"@id":"https:\/\/dev6.erresse-shop.it\/de\/shop\/tisch\/servierplatten\/villeroy-boch-manoir-servierplatte-24-cm\/#primaryimage"},"thumbnailUrl":"https:\/\/i2.wp.com\/interpim.erresse-shop.it\/wp-content\/uploads\/2025\/04\/VILLEROY-BOCH-Manoir-Piatto-Portata-24-cm.jpg\/villeroy-boch-manoir-piatto-portata-24-cm.jpg?ssl=1","datePublished":"2026-04-12T12:23:10+00:00","description":"Servierplatte Verleihen Sie Ihrem Tisch Eleganz mit der Servierplatte aus der Manoir-Kollektion, gefertigt aus wei\u00dfem Premiumporzellan. Mit seinem","breadcrumb":{"@id":"https:\/\/dev6.erresse-shop.it\/de\/shop\/tisch\/servierplatten\/villeroy-boch-manoir-servierplatte-24-cm\/#breadcrumb"},"inLanguage":"de","potentialAction":[{"@type":"ReadAction","target":["https:\/\/dev6.erresse-shop.it\/de\/shop\/tisch\/servierplatten\/villeroy-boch-manoir-servierplatte-24-cm\/"]}]},{"@type":"ImageObject","inLanguage":"de","@id":"https:\/\/dev6.erresse-shop.it\/de\/shop\/tisch\/servierplatten\/villeroy-boch-manoir-servierplatte-24-cm\/#primaryimage","url":"https:\/\/i2.wp.com\/interpim.erresse-shop.it\/wp-content\/uploads\/2025\/04\/VILLEROY-BOCH-Manoir-Piatto-Portata-24-cm.jpg\/villeroy-boch-manoir-piatto-portata-24-cm.jpg?ssl=1","contentUrl":"https:\/\/i2.wp.com\/interpim.erresse-shop.it\/wp-content\/uploads\/2025\/04\/VILLEROY-BOCH-Manoir-Piatto-Portata-24-cm.jpg\/villeroy-boch-manoir-piatto-portata-24-cm.jpg?ssl=1"},{"@type":"BreadcrumbList","@id":"https:\/\/dev6.erresse-shop.it\/de\/shop\/tisch\/servierplatten\/villeroy-boch-manoir-servierplatte-24-cm\/#breadcrumb","itemListElement":[{"@type":"ListItem","position":1,"name":"Home","item":"https:\/\/dev6.erresse-shop.it\/"},{"@type":"ListItem","position":2,"name":"Shop","item":"https:\/\/dev6.erresse-shop.it\/shop\/"},{"@type":"ListItem","position":3,"name":"VILLEROY &#038; BOCH Manoir Servierplatte 24 cm"}]},{"@type":"WebSite","@id":"https:\/\/dev6.erresse-shop.it\/#website","url":"https:\/\/dev6.erresse-shop.it\/","name":"Erresse Shop","description":"","publisher":{"@id":"https:\/\/dev6.erresse-shop.it\/#organization"},"potentialAction":[{"@type":"SearchAction","target":{"@type":"EntryPoint","urlTemplate":"https:\/\/dev6.erresse-shop.it\/?s={search_term_string}"},"query-input":{"@type":"PropertyValueSpecification","valueRequired":true,"valueName":"search_term_string"}}],"inLanguage":"de"},{"@type":"Organization","@id":"https:\/\/dev6.erresse-shop.it\/#organization","name":"Erresse Shop","url":"https:\/\/dev6.erresse-shop.it\/","logo":{"@type":"ImageObject","inLanguage":"de","@id":"https:\/\/dev6.erresse-shop.it\/#\/schema\/logo\/image\/","url":"https:\/\/dev6.erresse-shop.it\/wp-content\/uploads\/2025\/01\/LOGO-ERRESSE-CLASSICO.svg","contentUrl":"https:\/\/dev6.erresse-shop.it\/wp-content\/uploads\/2025\/01\/LOGO-ERRESSE-CLASSICO.svg","caption":"Erresse Shop"},"image":{"@id":"https:\/\/dev6.erresse-shop.it\/#\/schema\/logo\/image\/"}}]}},"df_price":39.9,"df_sale_price":"","df_regular_price":39.9,"df_image_link":"https:\/\/i2.wp.com\/interpim.erresse-shop.it\/wp-content\/uploads\/2025\/04\/VILLEROY-BOCH-Manoir-Piatto-Portata-24-cm.jpg\/villeroy-boch-manoir-piatto-portata-24-cm.jpg?resize=300,300&ssl=1","fifu_image_url":"https:\/\/interpim.erresse-shop.it\/wp-content\/uploads\/2025\/04\/VILLEROY-BOCH-Manoir-Piatto-Portata-24-cm.jpg\/villeroy-boch-manoir-piatto-portata-24-cm.jpg","_links":{"self":[{"href":"https:\/\/dev6.erresse-shop.it\/de\/wp-json\/wp\/v2\/product\/2302823","targetHints":{"allow":["GET"]}}],"collection":[{"href":"https:\/\/dev6.erresse-shop.it\/de\/wp-json\/wp\/v2\/product"}],"about":[{"href":"https:\/\/dev6.erresse-shop.it\/de\/wp-json\/wp\/v2\/types\/product"}],"wp:featuredmedia":[{"embeddable":true,"href":"https:\/\/dev6.erresse-shop.it\/de\/wp-json\/wp\/v2\/media\/6380464"}],"wp:attachment":[{"href":"https:\/\/dev6.erresse-shop.it\/de\/wp-json\/wp\/v2\/media?parent=2302823"}],"wp:term":[{"taxonomy":"product_cat","embeddable":true,"href":"https:\/\/dev6.erresse-shop.it\/de\/wp-json\/wp\/v2\/product_cat?post=2302823"},{"taxonomy":"product_tag","embeddable":true,"href":"https:\/\/dev6.erresse-shop.it\/de\/wp-json\/wp\/v2\/product_tag?post=2302823"}],"curies":[{"name":"wp","href":"https:\/\/api.w.org\/{rel}","templated":true}]}}