{"id":2302819,"date":"2026-04-12T14:23:10","date_gmt":"2026-04-12T12:23:10","guid":{"rendered":"https:\/\/dev6.erresse-shop.it\/shop\/unkategorisiert\/villeroy-boch-vieux-luxembourg-set-mit-6-teetassen\/"},"modified":"2026-02-05T18:33:39","modified_gmt":"2026-02-05T17:33:39","slug":"villeroy-boch-vieux-luxembourg-set-mit-6-teetassen","status":"publish","type":"product","link":"https:\/\/dev6.erresse-shop.it\/de\/shop\/tisch\/tassen\/villeroy-boch-vieux-luxembourg-set-mit-6-teetassen\/","title":{"rendered":"VILLEROY &#038; BOCH Vieux Luxembourg Set mit 6 Teetassen"},"content":{"rendered":"<p class=\"p1\">Teetassen-Set<br \/>\nEntdecken Sie den Charme des 6er-Sets Teetassen aus wei\u00dfem Premiumporzellan, elegant und raffiniert. Jede Tasse ist mit raffinierten kobaltblauen Blumenzweig-Dekorationen verziert, die einen Hauch von Klasse und Originalit\u00e4t verleihen. Diese aus hochwertigen Materialien gefertigten Tassen bieten au\u00dfergew\u00f6hnliche Widerstandsf\u00e4higkeit und eignen sich perfekt f\u00fcr den t\u00e4glichen Gebrauch oder besondere Anl\u00e4sse. Ihre ergonomische Form sorgt f\u00fcr einen angenehmen Griff, w\u00e4hrend das elegante Design jeden Teemoment zu einem einzigartigen Erlebnis macht. Ein perfektes Geschenk f\u00fcr alle, die die Tradition des Tees lieben und die Sch\u00f6nheit der Details zu sch\u00e4tzen wissen.<\/p>\n<p>Material: Premium-Porzellan<br \/>\nVolumen: 150 ml<br \/>\nSp\u00fclmaschinenfest: ja<br \/>\nGeeignet f\u00fcr die Mikrowelle: ja<\/p>\n","protected":false},"excerpt":{"rendered":"<p>Teetassen-Set Entdecken Sie den Charme des 6er-Sets Teetassen aus wei\u00dfem Premiumporzellan, elegant und raffiniert. Jede Tasse ist mit raffinierten kobaltblauen Blumenzweig-Dekorationen verziert, die einen Hauch von Klasse und Originalit\u00e4t verleihen. Diese aus hochwertigen Materialien gefertigten Tassen bieten au\u00dfergew\u00f6hnliche Widerstandsf\u00e4higkeit und eignen sich perfekt f\u00fcr den t\u00e4glichen Gebrauch oder besondere Anl\u00e4sse. Ihre ergonomische Form sorgt f\u00fcr [&hellip;]<\/p>\n","protected":false},"featured_media":6380457,"template":"","meta":{"_acf_changed":false},"product_cat":[12121,12103],"product_tag":[],"class_list":{"0":"post-2302819","1":"product","2":"type-product","3":"status-publish","4":"has-post-thumbnail","6":"product_cat-tassen","7":"product_cat-tisch","9":"first","10":"instock","11":"sale","12":"taxable","13":"shipping-taxable","14":"purchasable","15":"product-type-simple","swatches":"rey-swatches","show_selected":"","stretch_labels":"rey-swatches--stretch-labels"},"acf":[],"yoast_head":"<!-- This site is optimized with the Yoast SEO plugin v25.4 - https:\/\/yoast.com\/wordpress\/plugins\/seo\/ -->\n<title>VILLEROY &#038; BOCH Vieux Luxembourg Set mit 6 Teetassen - dev6 Erresse<\/title>\n<meta name=\"description\" content=\"Teetassen-Set Entdecken Sie den Charme des 6er-Sets Teetassen aus wei\u00dfem Premiumporzellan, elegant und raffiniert. Jede Tasse ist mit raffinierten\" \/>\n<meta name=\"robots\" content=\"noindex, follow, max-snippet:-1, max-image-preview:large, max-video-preview:-1\" \/>\n<meta property=\"og:locale\" content=\"de_DE\" \/>\n<meta property=\"og:type\" content=\"article\" \/>\n<meta property=\"og:title\" content=\"VILLEROY &#038; BOCH Vieux Luxembourg Set mit 6 Teetassen - dev6 Erresse\" \/>\n<meta property=\"og:description\" content=\"Teetassen-Set Entdecken Sie den Charme des 6er-Sets Teetassen aus wei\u00dfem Premiumporzellan, elegant und raffiniert. Jede Tasse ist mit raffinierten\" \/>\n<meta property=\"og:url\" content=\"https:\/\/dev6.erresse-shop.it\/de\/shop\/tisch\/tassen\/villeroy-boch-vieux-luxembourg-set-mit-6-teetassen\/\" \/>\n<meta property=\"og:site_name\" content=\"dev6 Erresse\" \/>\n<meta property=\"og:image\" content=\"https:\/\/interpim.erresse-shop.it\/wp-content\/uploads\/2025\/04\/VILLEROY-BOCH-Vieux-Luxembourg-Set-6-Tazze-da-Te.jpg\/villeroy-boch-vieux-luxembourg-set-6-tazze-da-te.jpg\" \/><meta property=\"og:image\" content=\"https:\/\/interpim.erresse-shop.it\/wp-content\/uploads\/2025\/04\/VILLEROY-BOCH-Vieux-Luxembourg-Set-6-Tazze-da-Te.jpg\/villeroy-boch-vieux-luxembourg-set-6-tazze-da-te.jpg\" \/>\n\t<meta property=\"og:image:width\" content=\"1024\" \/>\n\t<meta property=\"og:image:height\" content=\"1024\" \/>\n\t<meta property=\"og:image:type\" content=\"image\/jpeg\" \/>\n<meta name=\"twitter:card\" content=\"summary_large_image\" \/>\n<meta name=\"twitter:image\" content=\"https:\/\/interpim.erresse-shop.it\/wp-content\/uploads\/2025\/04\/VILLEROY-BOCH-Vieux-Luxembourg-Set-6-Tazze-da-Te.jpg\/villeroy-boch-vieux-luxembourg-set-6-tazze-da-te.jpg\" \/>\n<script type=\"application\/ld+json\" class=\"yoast-schema-graph\">{\"@context\":\"https:\/\/schema.org\",\"@graph\":[{\"@type\":\"WebPage\",\"@id\":\"https:\/\/dev6.erresse-shop.it\/de\/shop\/tisch\/tassen\/villeroy-boch-vieux-luxembourg-set-mit-6-teetassen\/\",\"url\":\"https:\/\/dev6.erresse-shop.it\/de\/shop\/tisch\/tassen\/villeroy-boch-vieux-luxembourg-set-mit-6-teetassen\/\",\"name\":\"VILLEROY &#038; BOCH Vieux Luxembourg Set mit 6 Teetassen - dev6 Erresse\",\"isPartOf\":{\"@id\":\"https:\/\/dev6.erresse-shop.it\/#website\"},\"primaryImageOfPage\":{\"@id\":\"https:\/\/dev6.erresse-shop.it\/de\/shop\/tisch\/tassen\/villeroy-boch-vieux-luxembourg-set-mit-6-teetassen\/#primaryimage\"},\"image\":{\"@id\":\"https:\/\/dev6.erresse-shop.it\/de\/shop\/tisch\/tassen\/villeroy-boch-vieux-luxembourg-set-mit-6-teetassen\/#primaryimage\"},\"thumbnailUrl\":\"https:\/\/i0.wp.com\/interpim.erresse-shop.it\/wp-content\/uploads\/2025\/04\/VILLEROY-BOCH-Vieux-Luxembourg-Set-6-Tazze-da-Te.jpg\/villeroy-boch-vieux-luxembourg-set-6-tazze-da-te.jpg?ssl=1\",\"datePublished\":\"2026-04-12T12:23:10+00:00\",\"description\":\"Teetassen-Set Entdecken Sie den Charme des 6er-Sets Teetassen aus wei\u00dfem Premiumporzellan, elegant und raffiniert. Jede Tasse ist mit raffinierten\",\"breadcrumb\":{\"@id\":\"https:\/\/dev6.erresse-shop.it\/de\/shop\/tisch\/tassen\/villeroy-boch-vieux-luxembourg-set-mit-6-teetassen\/#breadcrumb\"},\"inLanguage\":\"de\",\"potentialAction\":[{\"@type\":\"ReadAction\",\"target\":[\"https:\/\/dev6.erresse-shop.it\/de\/shop\/tisch\/tassen\/villeroy-boch-vieux-luxembourg-set-mit-6-teetassen\/\"]}]},{\"@type\":\"ImageObject\",\"inLanguage\":\"de\",\"@id\":\"https:\/\/dev6.erresse-shop.it\/de\/shop\/tisch\/tassen\/villeroy-boch-vieux-luxembourg-set-mit-6-teetassen\/#primaryimage\",\"url\":\"https:\/\/i0.wp.com\/interpim.erresse-shop.it\/wp-content\/uploads\/2025\/04\/VILLEROY-BOCH-Vieux-Luxembourg-Set-6-Tazze-da-Te.jpg\/villeroy-boch-vieux-luxembourg-set-6-tazze-da-te.jpg?ssl=1\",\"contentUrl\":\"https:\/\/i0.wp.com\/interpim.erresse-shop.it\/wp-content\/uploads\/2025\/04\/VILLEROY-BOCH-Vieux-Luxembourg-Set-6-Tazze-da-Te.jpg\/villeroy-boch-vieux-luxembourg-set-6-tazze-da-te.jpg?ssl=1\"},{\"@type\":\"BreadcrumbList\",\"@id\":\"https:\/\/dev6.erresse-shop.it\/de\/shop\/tisch\/tassen\/villeroy-boch-vieux-luxembourg-set-mit-6-teetassen\/#breadcrumb\",\"itemListElement\":[{\"@type\":\"ListItem\",\"position\":1,\"name\":\"Home\",\"item\":\"https:\/\/dev6.erresse-shop.it\/\"},{\"@type\":\"ListItem\",\"position\":2,\"name\":\"Shop\",\"item\":\"https:\/\/dev6.erresse-shop.it\/shop\/\"},{\"@type\":\"ListItem\",\"position\":3,\"name\":\"VILLEROY &#038; BOCH Vieux Luxembourg Set mit 6 Teetassen\"}]},{\"@type\":\"WebSite\",\"@id\":\"https:\/\/dev6.erresse-shop.it\/#website\",\"url\":\"https:\/\/dev6.erresse-shop.it\/\",\"name\":\"Erresse Shop\",\"description\":\"\",\"publisher\":{\"@id\":\"https:\/\/dev6.erresse-shop.it\/#organization\"},\"potentialAction\":[{\"@type\":\"SearchAction\",\"target\":{\"@type\":\"EntryPoint\",\"urlTemplate\":\"https:\/\/dev6.erresse-shop.it\/?s={search_term_string}\"},\"query-input\":{\"@type\":\"PropertyValueSpecification\",\"valueRequired\":true,\"valueName\":\"search_term_string\"}}],\"inLanguage\":\"de\"},{\"@type\":\"Organization\",\"@id\":\"https:\/\/dev6.erresse-shop.it\/#organization\",\"name\":\"Erresse Shop\",\"url\":\"https:\/\/dev6.erresse-shop.it\/\",\"logo\":{\"@type\":\"ImageObject\",\"inLanguage\":\"de\",\"@id\":\"https:\/\/dev6.erresse-shop.it\/#\/schema\/logo\/image\/\",\"url\":\"https:\/\/dev6.erresse-shop.it\/wp-content\/uploads\/2025\/01\/LOGO-ERRESSE-CLASSICO.svg\",\"contentUrl\":\"https:\/\/dev6.erresse-shop.it\/wp-content\/uploads\/2025\/01\/LOGO-ERRESSE-CLASSICO.svg\",\"caption\":\"Erresse Shop\"},\"image\":{\"@id\":\"https:\/\/dev6.erresse-shop.it\/#\/schema\/logo\/image\/\"}}]}<\/script>\n<!-- \/ Yoast SEO plugin. -->","yoast_head_json":{"title":"VILLEROY &#038; BOCH Vieux Luxembourg Set mit 6 Teetassen - dev6 Erresse","description":"Teetassen-Set Entdecken Sie den Charme des 6er-Sets Teetassen aus wei\u00dfem Premiumporzellan, elegant und raffiniert. Jede Tasse ist mit raffinierten","robots":{"index":"noindex","follow":"follow","max-snippet":"max-snippet:-1","max-image-preview":"max-image-preview:large","max-video-preview":"max-video-preview:-1"},"og_locale":"de_DE","og_type":"article","og_title":"VILLEROY &#038; BOCH Vieux Luxembourg Set mit 6 Teetassen - dev6 Erresse","og_description":"Teetassen-Set Entdecken Sie den Charme des 6er-Sets Teetassen aus wei\u00dfem Premiumporzellan, elegant und raffiniert. Jede Tasse ist mit raffinierten","og_url":"https:\/\/dev6.erresse-shop.it\/de\/shop\/tisch\/tassen\/villeroy-boch-vieux-luxembourg-set-mit-6-teetassen\/","og_site_name":"dev6 Erresse","og_image":[{"url":"https:\/\/interpim.erresse-shop.it\/wp-content\/uploads\/2025\/04\/VILLEROY-BOCH-Vieux-Luxembourg-Set-6-Tazze-da-Te.jpg\/villeroy-boch-vieux-luxembourg-set-6-tazze-da-te.jpg","type":"","width":"","height":""},{"url":"https:\/\/interpim.erresse-shop.it\/wp-content\/uploads\/2025\/04\/VILLEROY-BOCH-Vieux-Luxembourg-Set-6-Tazze-da-Te.jpg\/villeroy-boch-vieux-luxembourg-set-6-tazze-da-te.jpg","width":1024,"height":1024,"type":"image\/jpeg"}],"twitter_card":"summary_large_image","twitter_image":"https:\/\/interpim.erresse-shop.it\/wp-content\/uploads\/2025\/04\/VILLEROY-BOCH-Vieux-Luxembourg-Set-6-Tazze-da-Te.jpg\/villeroy-boch-vieux-luxembourg-set-6-tazze-da-te.jpg","schema":{"@context":"https:\/\/schema.org","@graph":[{"@type":"WebPage","@id":"https:\/\/dev6.erresse-shop.it\/de\/shop\/tisch\/tassen\/villeroy-boch-vieux-luxembourg-set-mit-6-teetassen\/","url":"https:\/\/dev6.erresse-shop.it\/de\/shop\/tisch\/tassen\/villeroy-boch-vieux-luxembourg-set-mit-6-teetassen\/","name":"VILLEROY &#038; BOCH Vieux Luxembourg Set mit 6 Teetassen - dev6 Erresse","isPartOf":{"@id":"https:\/\/dev6.erresse-shop.it\/#website"},"primaryImageOfPage":{"@id":"https:\/\/dev6.erresse-shop.it\/de\/shop\/tisch\/tassen\/villeroy-boch-vieux-luxembourg-set-mit-6-teetassen\/#primaryimage"},"image":{"@id":"https:\/\/dev6.erresse-shop.it\/de\/shop\/tisch\/tassen\/villeroy-boch-vieux-luxembourg-set-mit-6-teetassen\/#primaryimage"},"thumbnailUrl":"https:\/\/i0.wp.com\/interpim.erresse-shop.it\/wp-content\/uploads\/2025\/04\/VILLEROY-BOCH-Vieux-Luxembourg-Set-6-Tazze-da-Te.jpg\/villeroy-boch-vieux-luxembourg-set-6-tazze-da-te.jpg?ssl=1","datePublished":"2026-04-12T12:23:10+00:00","description":"Teetassen-Set Entdecken Sie den Charme des 6er-Sets Teetassen aus wei\u00dfem Premiumporzellan, elegant und raffiniert. Jede Tasse ist mit raffinierten","breadcrumb":{"@id":"https:\/\/dev6.erresse-shop.it\/de\/shop\/tisch\/tassen\/villeroy-boch-vieux-luxembourg-set-mit-6-teetassen\/#breadcrumb"},"inLanguage":"de","potentialAction":[{"@type":"ReadAction","target":["https:\/\/dev6.erresse-shop.it\/de\/shop\/tisch\/tassen\/villeroy-boch-vieux-luxembourg-set-mit-6-teetassen\/"]}]},{"@type":"ImageObject","inLanguage":"de","@id":"https:\/\/dev6.erresse-shop.it\/de\/shop\/tisch\/tassen\/villeroy-boch-vieux-luxembourg-set-mit-6-teetassen\/#primaryimage","url":"https:\/\/i0.wp.com\/interpim.erresse-shop.it\/wp-content\/uploads\/2025\/04\/VILLEROY-BOCH-Vieux-Luxembourg-Set-6-Tazze-da-Te.jpg\/villeroy-boch-vieux-luxembourg-set-6-tazze-da-te.jpg?ssl=1","contentUrl":"https:\/\/i0.wp.com\/interpim.erresse-shop.it\/wp-content\/uploads\/2025\/04\/VILLEROY-BOCH-Vieux-Luxembourg-Set-6-Tazze-da-Te.jpg\/villeroy-boch-vieux-luxembourg-set-6-tazze-da-te.jpg?ssl=1"},{"@type":"BreadcrumbList","@id":"https:\/\/dev6.erresse-shop.it\/de\/shop\/tisch\/tassen\/villeroy-boch-vieux-luxembourg-set-mit-6-teetassen\/#breadcrumb","itemListElement":[{"@type":"ListItem","position":1,"name":"Home","item":"https:\/\/dev6.erresse-shop.it\/"},{"@type":"ListItem","position":2,"name":"Shop","item":"https:\/\/dev6.erresse-shop.it\/shop\/"},{"@type":"ListItem","position":3,"name":"VILLEROY &#038; BOCH Vieux Luxembourg Set mit 6 Teetassen"}]},{"@type":"WebSite","@id":"https:\/\/dev6.erresse-shop.it\/#website","url":"https:\/\/dev6.erresse-shop.it\/","name":"Erresse Shop","description":"","publisher":{"@id":"https:\/\/dev6.erresse-shop.it\/#organization"},"potentialAction":[{"@type":"SearchAction","target":{"@type":"EntryPoint","urlTemplate":"https:\/\/dev6.erresse-shop.it\/?s={search_term_string}"},"query-input":{"@type":"PropertyValueSpecification","valueRequired":true,"valueName":"search_term_string"}}],"inLanguage":"de"},{"@type":"Organization","@id":"https:\/\/dev6.erresse-shop.it\/#organization","name":"Erresse Shop","url":"https:\/\/dev6.erresse-shop.it\/","logo":{"@type":"ImageObject","inLanguage":"de","@id":"https:\/\/dev6.erresse-shop.it\/#\/schema\/logo\/image\/","url":"https:\/\/dev6.erresse-shop.it\/wp-content\/uploads\/2025\/01\/LOGO-ERRESSE-CLASSICO.svg","contentUrl":"https:\/\/dev6.erresse-shop.it\/wp-content\/uploads\/2025\/01\/LOGO-ERRESSE-CLASSICO.svg","caption":"Erresse Shop"},"image":{"@id":"https:\/\/dev6.erresse-shop.it\/#\/schema\/logo\/image\/"}}]}},"df_price":89.95,"df_sale_price":89.95,"df_regular_price":119.4,"df_image_link":"https:\/\/i0.wp.com\/interpim.erresse-shop.it\/wp-content\/uploads\/2025\/04\/VILLEROY-BOCH-Vieux-Luxembourg-Set-6-Tazze-da-Te.jpg\/villeroy-boch-vieux-luxembourg-set-6-tazze-da-te.jpg?resize=300,300&ssl=1","fifu_image_url":"https:\/\/interpim.erresse-shop.it\/wp-content\/uploads\/2025\/04\/VILLEROY-BOCH-Vieux-Luxembourg-Set-6-Tazze-da-Te.jpg\/villeroy-boch-vieux-luxembourg-set-6-tazze-da-te.jpg","_links":{"self":[{"href":"https:\/\/dev6.erresse-shop.it\/de\/wp-json\/wp\/v2\/product\/2302819","targetHints":{"allow":["GET"]}}],"collection":[{"href":"https:\/\/dev6.erresse-shop.it\/de\/wp-json\/wp\/v2\/product"}],"about":[{"href":"https:\/\/dev6.erresse-shop.it\/de\/wp-json\/wp\/v2\/types\/product"}],"wp:featuredmedia":[{"embeddable":true,"href":"https:\/\/dev6.erresse-shop.it\/de\/wp-json\/wp\/v2\/media\/6380457"}],"wp:attachment":[{"href":"https:\/\/dev6.erresse-shop.it\/de\/wp-json\/wp\/v2\/media?parent=2302819"}],"wp:term":[{"taxonomy":"product_cat","embeddable":true,"href":"https:\/\/dev6.erresse-shop.it\/de\/wp-json\/wp\/v2\/product_cat?post=2302819"},{"taxonomy":"product_tag","embeddable":true,"href":"https:\/\/dev6.erresse-shop.it\/de\/wp-json\/wp\/v2\/product_tag?post=2302819"}],"curies":[{"name":"wp","href":"https:\/\/api.w.org\/{rel}","templated":true}]}}