{"id":2302799,"date":"2026-04-12T14:20:13","date_gmt":"2026-04-12T12:20:13","guid":{"rendered":"https:\/\/dev6.erresse-shop.it\/shop\/unkategorisiert\/villeroy-boch-petite-fleur-2er-set-cappuccinotassen\/"},"modified":"2025-09-14T03:28:34","modified_gmt":"2025-09-14T01:28:34","slug":"villeroy-boch-petite-fleur-2er-set-cappuccinotassen","status":"publish","type":"product","link":"https:\/\/dev6.erresse-shop.it\/de\/shop\/tisch\/tassen\/villeroy-boch-petite-fleur-2er-set-cappuccinotassen\/","title":{"rendered":"VILLEROY &#038; BOCH Petite Fleur 2er-Set Cappuccinotassen"},"content":{"rendered":"<p class=\"p1\">Cappuccinotassen-Set<br \/>\nVerleihen Sie Ihrem Kaffeeerlebnis einen Hauch von Eleganz mit dem Set aus 2 Premium-Cappuccinotassen aus wei\u00dfem Porzellan. Diese aus hochwertigem Porzellan gefertigten Tassen verf\u00fcgen \u00fcber raffinierte Blumendekore, die jedem Schluck einen zeitlosen Reiz verleihen. Ihre ergonomische Form und ihr filigranes Design machen sie perfekt f\u00fcr eine pr\u00e4zise Pr\u00e4sentation von Cappuccino, ideal sowohl f\u00fcr den t\u00e4glichen Gebrauch als auch f\u00fcr besondere Anl\u00e4sse. Ein perfektes Geschenk f\u00fcr Kaffeeliebhaber oder zur Bereicherung Ihrer Sammlung von Tischaccessoires, das \u00c4sthetik und Funktionalit\u00e4t vereint.<\/p>\n<p>Material: Premium-Porzellan<br \/>\nVolumen: 260 ml<br \/>\nH\u00f6he: 73 mm<br \/>\nSp\u00fclmaschinenfest: ja<br \/>\nGeeignet f\u00fcr die Mikrowelle: ja<\/p>\n","protected":false},"excerpt":{"rendered":"<p>Cappuccinotassen-Set Verleihen Sie Ihrem Kaffeeerlebnis einen Hauch von Eleganz mit dem Set aus 2 Premium-Cappuccinotassen aus wei\u00dfem Porzellan. Diese aus hochwertigem Porzellan gefertigten Tassen verf\u00fcgen \u00fcber raffinierte Blumendekore, die jedem Schluck einen zeitlosen Reiz verleihen. Ihre ergonomische Form und ihr filigranes Design machen sie perfekt f\u00fcr eine pr\u00e4zise Pr\u00e4sentation von Cappuccino, ideal sowohl f\u00fcr den [&hellip;]<\/p>\n","protected":false},"featured_media":6380380,"template":"","meta":{"_acf_changed":false},"product_cat":[12121,12103],"product_tag":[],"class_list":{"0":"post-2302799","1":"product","2":"type-product","3":"status-publish","4":"has-post-thumbnail","6":"product_cat-tassen","7":"product_cat-tisch","9":"first","10":"instock","11":"taxable","12":"shipping-taxable","13":"purchasable","14":"product-type-simple","swatches":"rey-swatches","show_selected":"","stretch_labels":"rey-swatches--stretch-labels"},"acf":[],"yoast_head":"<!-- This site is optimized with the Yoast SEO plugin v25.4 - https:\/\/yoast.com\/wordpress\/plugins\/seo\/ -->\n<title>VILLEROY &#038; BOCH Petite Fleur 2er-Set Cappuccinotassen - dev6 Erresse<\/title>\n<meta name=\"description\" content=\"Cappuccinotassen-Set Verleihen Sie Ihrem Kaffeeerlebnis einen Hauch von Eleganz mit dem Set aus 2 Premium-Cappuccinotassen aus wei\u00dfem Porzellan. Diese aus\" \/>\n<meta name=\"robots\" content=\"noindex, follow, max-snippet:-1, max-image-preview:large, max-video-preview:-1\" \/>\n<meta property=\"og:locale\" content=\"de_DE\" \/>\n<meta property=\"og:type\" content=\"article\" \/>\n<meta property=\"og:title\" content=\"VILLEROY &#038; BOCH Petite Fleur 2er-Set Cappuccinotassen - dev6 Erresse\" \/>\n<meta property=\"og:description\" content=\"Cappuccinotassen-Set Verleihen Sie Ihrem Kaffeeerlebnis einen Hauch von Eleganz mit dem Set aus 2 Premium-Cappuccinotassen aus wei\u00dfem Porzellan. Diese aus\" \/>\n<meta property=\"og:url\" content=\"https:\/\/dev6.erresse-shop.it\/de\/shop\/tisch\/tassen\/villeroy-boch-petite-fleur-2er-set-cappuccinotassen\/\" \/>\n<meta property=\"og:site_name\" content=\"dev6 Erresse\" \/>\n<meta property=\"og:image\" content=\"https:\/\/interpim.erresse-shop.it\/wp-content\/uploads\/2025\/04\/VILLEROY-BOCH-Petite-Fleur-Set-2-Tazze-Cappuccino.jpg\/villeroy-boch-petite-fleur-set-2-tazze-cappuccino.jpg\" \/><meta property=\"og:image\" content=\"https:\/\/interpim.erresse-shop.it\/wp-content\/uploads\/2025\/04\/VILLEROY-BOCH-Petite-Fleur-Set-2-Tazze-Cappuccino.jpg\/villeroy-boch-petite-fleur-set-2-tazze-cappuccino.jpg\" \/>\n\t<meta property=\"og:image:width\" content=\"1024\" \/>\n\t<meta property=\"og:image:height\" content=\"1024\" \/>\n\t<meta property=\"og:image:type\" content=\"image\/jpeg\" \/>\n<meta name=\"twitter:card\" content=\"summary_large_image\" \/>\n<meta name=\"twitter:image\" content=\"https:\/\/interpim.erresse-shop.it\/wp-content\/uploads\/2025\/04\/VILLEROY-BOCH-Petite-Fleur-Set-2-Tazze-Cappuccino.jpg\/villeroy-boch-petite-fleur-set-2-tazze-cappuccino.jpg\" \/>\n<script type=\"application\/ld+json\" class=\"yoast-schema-graph\">{\"@context\":\"https:\/\/schema.org\",\"@graph\":[{\"@type\":\"WebPage\",\"@id\":\"https:\/\/dev6.erresse-shop.it\/de\/shop\/tisch\/tassen\/villeroy-boch-petite-fleur-2er-set-cappuccinotassen\/\",\"url\":\"https:\/\/dev6.erresse-shop.it\/de\/shop\/tisch\/tassen\/villeroy-boch-petite-fleur-2er-set-cappuccinotassen\/\",\"name\":\"VILLEROY &#038; BOCH Petite Fleur 2er-Set Cappuccinotassen - dev6 Erresse\",\"isPartOf\":{\"@id\":\"https:\/\/dev6.erresse-shop.it\/#website\"},\"primaryImageOfPage\":{\"@id\":\"https:\/\/dev6.erresse-shop.it\/de\/shop\/tisch\/tassen\/villeroy-boch-petite-fleur-2er-set-cappuccinotassen\/#primaryimage\"},\"image\":{\"@id\":\"https:\/\/dev6.erresse-shop.it\/de\/shop\/tisch\/tassen\/villeroy-boch-petite-fleur-2er-set-cappuccinotassen\/#primaryimage\"},\"thumbnailUrl\":\"https:\/\/i0.wp.com\/interpim.erresse-shop.it\/wp-content\/uploads\/2025\/04\/VILLEROY-BOCH-Petite-Fleur-Set-2-Tazze-Cappuccino.jpg\/villeroy-boch-petite-fleur-set-2-tazze-cappuccino.jpg?ssl=1\",\"datePublished\":\"2026-04-12T12:20:13+00:00\",\"description\":\"Cappuccinotassen-Set Verleihen Sie Ihrem Kaffeeerlebnis einen Hauch von Eleganz mit dem Set aus 2 Premium-Cappuccinotassen aus wei\u00dfem Porzellan. Diese aus\",\"breadcrumb\":{\"@id\":\"https:\/\/dev6.erresse-shop.it\/de\/shop\/tisch\/tassen\/villeroy-boch-petite-fleur-2er-set-cappuccinotassen\/#breadcrumb\"},\"inLanguage\":\"de\",\"potentialAction\":[{\"@type\":\"ReadAction\",\"target\":[\"https:\/\/dev6.erresse-shop.it\/de\/shop\/tisch\/tassen\/villeroy-boch-petite-fleur-2er-set-cappuccinotassen\/\"]}]},{\"@type\":\"ImageObject\",\"inLanguage\":\"de\",\"@id\":\"https:\/\/dev6.erresse-shop.it\/de\/shop\/tisch\/tassen\/villeroy-boch-petite-fleur-2er-set-cappuccinotassen\/#primaryimage\",\"url\":\"https:\/\/i0.wp.com\/interpim.erresse-shop.it\/wp-content\/uploads\/2025\/04\/VILLEROY-BOCH-Petite-Fleur-Set-2-Tazze-Cappuccino.jpg\/villeroy-boch-petite-fleur-set-2-tazze-cappuccino.jpg?ssl=1\",\"contentUrl\":\"https:\/\/i0.wp.com\/interpim.erresse-shop.it\/wp-content\/uploads\/2025\/04\/VILLEROY-BOCH-Petite-Fleur-Set-2-Tazze-Cappuccino.jpg\/villeroy-boch-petite-fleur-set-2-tazze-cappuccino.jpg?ssl=1\"},{\"@type\":\"BreadcrumbList\",\"@id\":\"https:\/\/dev6.erresse-shop.it\/de\/shop\/tisch\/tassen\/villeroy-boch-petite-fleur-2er-set-cappuccinotassen\/#breadcrumb\",\"itemListElement\":[{\"@type\":\"ListItem\",\"position\":1,\"name\":\"Home\",\"item\":\"https:\/\/dev6.erresse-shop.it\/\"},{\"@type\":\"ListItem\",\"position\":2,\"name\":\"Shop\",\"item\":\"https:\/\/dev6.erresse-shop.it\/shop\/\"},{\"@type\":\"ListItem\",\"position\":3,\"name\":\"VILLEROY &#038; BOCH Petite Fleur 2er-Set Cappuccinotassen\"}]},{\"@type\":\"WebSite\",\"@id\":\"https:\/\/dev6.erresse-shop.it\/#website\",\"url\":\"https:\/\/dev6.erresse-shop.it\/\",\"name\":\"Erresse Shop\",\"description\":\"\",\"publisher\":{\"@id\":\"https:\/\/dev6.erresse-shop.it\/#organization\"},\"potentialAction\":[{\"@type\":\"SearchAction\",\"target\":{\"@type\":\"EntryPoint\",\"urlTemplate\":\"https:\/\/dev6.erresse-shop.it\/?s={search_term_string}\"},\"query-input\":{\"@type\":\"PropertyValueSpecification\",\"valueRequired\":true,\"valueName\":\"search_term_string\"}}],\"inLanguage\":\"de\"},{\"@type\":\"Organization\",\"@id\":\"https:\/\/dev6.erresse-shop.it\/#organization\",\"name\":\"Erresse Shop\",\"url\":\"https:\/\/dev6.erresse-shop.it\/\",\"logo\":{\"@type\":\"ImageObject\",\"inLanguage\":\"de\",\"@id\":\"https:\/\/dev6.erresse-shop.it\/#\/schema\/logo\/image\/\",\"url\":\"https:\/\/dev6.erresse-shop.it\/wp-content\/uploads\/2025\/01\/LOGO-ERRESSE-CLASSICO.svg\",\"contentUrl\":\"https:\/\/dev6.erresse-shop.it\/wp-content\/uploads\/2025\/01\/LOGO-ERRESSE-CLASSICO.svg\",\"caption\":\"Erresse Shop\"},\"image\":{\"@id\":\"https:\/\/dev6.erresse-shop.it\/#\/schema\/logo\/image\/\"}}]}<\/script>\n<!-- \/ Yoast SEO plugin. -->","yoast_head_json":{"title":"VILLEROY &#038; BOCH Petite Fleur 2er-Set Cappuccinotassen - dev6 Erresse","description":"Cappuccinotassen-Set Verleihen Sie Ihrem Kaffeeerlebnis einen Hauch von Eleganz mit dem Set aus 2 Premium-Cappuccinotassen aus wei\u00dfem Porzellan. Diese aus","robots":{"index":"noindex","follow":"follow","max-snippet":"max-snippet:-1","max-image-preview":"max-image-preview:large","max-video-preview":"max-video-preview:-1"},"og_locale":"de_DE","og_type":"article","og_title":"VILLEROY &#038; BOCH Petite Fleur 2er-Set Cappuccinotassen - dev6 Erresse","og_description":"Cappuccinotassen-Set Verleihen Sie Ihrem Kaffeeerlebnis einen Hauch von Eleganz mit dem Set aus 2 Premium-Cappuccinotassen aus wei\u00dfem Porzellan. Diese aus","og_url":"https:\/\/dev6.erresse-shop.it\/de\/shop\/tisch\/tassen\/villeroy-boch-petite-fleur-2er-set-cappuccinotassen\/","og_site_name":"dev6 Erresse","og_image":[{"url":"https:\/\/interpim.erresse-shop.it\/wp-content\/uploads\/2025\/04\/VILLEROY-BOCH-Petite-Fleur-Set-2-Tazze-Cappuccino.jpg\/villeroy-boch-petite-fleur-set-2-tazze-cappuccino.jpg","type":"","width":"","height":""},{"url":"https:\/\/interpim.erresse-shop.it\/wp-content\/uploads\/2025\/04\/VILLEROY-BOCH-Petite-Fleur-Set-2-Tazze-Cappuccino.jpg\/villeroy-boch-petite-fleur-set-2-tazze-cappuccino.jpg","width":1024,"height":1024,"type":"image\/jpeg"}],"twitter_card":"summary_large_image","twitter_image":"https:\/\/interpim.erresse-shop.it\/wp-content\/uploads\/2025\/04\/VILLEROY-BOCH-Petite-Fleur-Set-2-Tazze-Cappuccino.jpg\/villeroy-boch-petite-fleur-set-2-tazze-cappuccino.jpg","schema":{"@context":"https:\/\/schema.org","@graph":[{"@type":"WebPage","@id":"https:\/\/dev6.erresse-shop.it\/de\/shop\/tisch\/tassen\/villeroy-boch-petite-fleur-2er-set-cappuccinotassen\/","url":"https:\/\/dev6.erresse-shop.it\/de\/shop\/tisch\/tassen\/villeroy-boch-petite-fleur-2er-set-cappuccinotassen\/","name":"VILLEROY &#038; BOCH Petite Fleur 2er-Set Cappuccinotassen - dev6 Erresse","isPartOf":{"@id":"https:\/\/dev6.erresse-shop.it\/#website"},"primaryImageOfPage":{"@id":"https:\/\/dev6.erresse-shop.it\/de\/shop\/tisch\/tassen\/villeroy-boch-petite-fleur-2er-set-cappuccinotassen\/#primaryimage"},"image":{"@id":"https:\/\/dev6.erresse-shop.it\/de\/shop\/tisch\/tassen\/villeroy-boch-petite-fleur-2er-set-cappuccinotassen\/#primaryimage"},"thumbnailUrl":"https:\/\/i0.wp.com\/interpim.erresse-shop.it\/wp-content\/uploads\/2025\/04\/VILLEROY-BOCH-Petite-Fleur-Set-2-Tazze-Cappuccino.jpg\/villeroy-boch-petite-fleur-set-2-tazze-cappuccino.jpg?ssl=1","datePublished":"2026-04-12T12:20:13+00:00","description":"Cappuccinotassen-Set Verleihen Sie Ihrem Kaffeeerlebnis einen Hauch von Eleganz mit dem Set aus 2 Premium-Cappuccinotassen aus wei\u00dfem Porzellan. Diese aus","breadcrumb":{"@id":"https:\/\/dev6.erresse-shop.it\/de\/shop\/tisch\/tassen\/villeroy-boch-petite-fleur-2er-set-cappuccinotassen\/#breadcrumb"},"inLanguage":"de","potentialAction":[{"@type":"ReadAction","target":["https:\/\/dev6.erresse-shop.it\/de\/shop\/tisch\/tassen\/villeroy-boch-petite-fleur-2er-set-cappuccinotassen\/"]}]},{"@type":"ImageObject","inLanguage":"de","@id":"https:\/\/dev6.erresse-shop.it\/de\/shop\/tisch\/tassen\/villeroy-boch-petite-fleur-2er-set-cappuccinotassen\/#primaryimage","url":"https:\/\/i0.wp.com\/interpim.erresse-shop.it\/wp-content\/uploads\/2025\/04\/VILLEROY-BOCH-Petite-Fleur-Set-2-Tazze-Cappuccino.jpg\/villeroy-boch-petite-fleur-set-2-tazze-cappuccino.jpg?ssl=1","contentUrl":"https:\/\/i0.wp.com\/interpim.erresse-shop.it\/wp-content\/uploads\/2025\/04\/VILLEROY-BOCH-Petite-Fleur-Set-2-Tazze-Cappuccino.jpg\/villeroy-boch-petite-fleur-set-2-tazze-cappuccino.jpg?ssl=1"},{"@type":"BreadcrumbList","@id":"https:\/\/dev6.erresse-shop.it\/de\/shop\/tisch\/tassen\/villeroy-boch-petite-fleur-2er-set-cappuccinotassen\/#breadcrumb","itemListElement":[{"@type":"ListItem","position":1,"name":"Home","item":"https:\/\/dev6.erresse-shop.it\/"},{"@type":"ListItem","position":2,"name":"Shop","item":"https:\/\/dev6.erresse-shop.it\/shop\/"},{"@type":"ListItem","position":3,"name":"VILLEROY &#038; BOCH Petite Fleur 2er-Set Cappuccinotassen"}]},{"@type":"WebSite","@id":"https:\/\/dev6.erresse-shop.it\/#website","url":"https:\/\/dev6.erresse-shop.it\/","name":"Erresse Shop","description":"","publisher":{"@id":"https:\/\/dev6.erresse-shop.it\/#organization"},"potentialAction":[{"@type":"SearchAction","target":{"@type":"EntryPoint","urlTemplate":"https:\/\/dev6.erresse-shop.it\/?s={search_term_string}"},"query-input":{"@type":"PropertyValueSpecification","valueRequired":true,"valueName":"search_term_string"}}],"inLanguage":"de"},{"@type":"Organization","@id":"https:\/\/dev6.erresse-shop.it\/#organization","name":"Erresse Shop","url":"https:\/\/dev6.erresse-shop.it\/","logo":{"@type":"ImageObject","inLanguage":"de","@id":"https:\/\/dev6.erresse-shop.it\/#\/schema\/logo\/image\/","url":"https:\/\/dev6.erresse-shop.it\/wp-content\/uploads\/2025\/01\/LOGO-ERRESSE-CLASSICO.svg","contentUrl":"https:\/\/dev6.erresse-shop.it\/wp-content\/uploads\/2025\/01\/LOGO-ERRESSE-CLASSICO.svg","caption":"Erresse Shop"},"image":{"@id":"https:\/\/dev6.erresse-shop.it\/#\/schema\/logo\/image\/"}}]}},"df_price":49.8,"df_sale_price":"","df_regular_price":49.8,"df_image_link":"https:\/\/i0.wp.com\/interpim.erresse-shop.it\/wp-content\/uploads\/2025\/04\/VILLEROY-BOCH-Petite-Fleur-Set-2-Tazze-Cappuccino.jpg\/villeroy-boch-petite-fleur-set-2-tazze-cappuccino.jpg?resize=300,300&ssl=1","fifu_image_url":"https:\/\/interpim.erresse-shop.it\/wp-content\/uploads\/2025\/04\/VILLEROY-BOCH-Petite-Fleur-Set-2-Tazze-Cappuccino.jpg\/villeroy-boch-petite-fleur-set-2-tazze-cappuccino.jpg","_links":{"self":[{"href":"https:\/\/dev6.erresse-shop.it\/de\/wp-json\/wp\/v2\/product\/2302799","targetHints":{"allow":["GET"]}}],"collection":[{"href":"https:\/\/dev6.erresse-shop.it\/de\/wp-json\/wp\/v2\/product"}],"about":[{"href":"https:\/\/dev6.erresse-shop.it\/de\/wp-json\/wp\/v2\/types\/product"}],"wp:featuredmedia":[{"embeddable":true,"href":"https:\/\/dev6.erresse-shop.it\/de\/wp-json\/wp\/v2\/media\/6380380"}],"wp:attachment":[{"href":"https:\/\/dev6.erresse-shop.it\/de\/wp-json\/wp\/v2\/media?parent=2302799"}],"wp:term":[{"taxonomy":"product_cat","embeddable":true,"href":"https:\/\/dev6.erresse-shop.it\/de\/wp-json\/wp\/v2\/product_cat?post=2302799"},{"taxonomy":"product_tag","embeddable":true,"href":"https:\/\/dev6.erresse-shop.it\/de\/wp-json\/wp\/v2\/product_tag?post=2302799"}],"curies":[{"name":"wp","href":"https:\/\/api.w.org\/{rel}","templated":true}]}}