{"id":2302781,"date":"2026-04-04T14:17:44","date_gmt":"2026-04-04T12:17:44","guid":{"rendered":"https:\/\/dev6.erresse-shop.it\/shop\/unkategorisiert\/jura-kaffeemaschine-ono-coffee-black\/"},"modified":"2025-10-17T19:15:12","modified_gmt":"2025-10-17T17:15:12","slug":"jura-kaffeemaschine-ono-coffee-black","status":"publish","type":"product","link":"https:\/\/dev6.erresse-shop.it\/de\/shop\/kleine-elektrogeraete\/kaffeemaschinen-espresso\/automatisch\/jura-kaffeemaschine-ono-coffee-black\/","title":{"rendered":"JURA Kaffeemaschine ONO Coffee Black"},"content":{"rendered":"<p class>ONO. Perfekter Kaffee. Nicht in Kapseln.<\/p>\n<p class>Die automatische Maschine liefert eine perfekte Tasse f\u00fcr alle, die Kaffee lieben, auf hohe Qualit\u00e4t setzen und umweltbewusst sind. Die ONO ist mehr als nur eine Kaffeemaschine: Sie bietet wahrhaft un\u00fcbertroffene Kaffeegen\u00fcsse.<\/p>\n<p class>Nicht in Kapseln<\/p>\n<p class>Mit frisch gemahlenem Kaffee k\u00f6nnen Sie die Mischung nach Belieben w\u00e4hlen, Tasse f\u00fcr Tasse. So behalten Sie totale Unabh\u00e4ngigkeit, k\u00f6nnen neue Geschmackswelten entdecken, eigene Mischungen kreieren und zum Beispiel Fairtrade-Kaffeeplantagen oder lokale R\u00f6stereien unterst\u00fctzen. Durch das Fehlen von Kapseln oder Pads vermeiden Sie unn\u00f6tige Verpackungsabf\u00e4lle. Kaffeereste sind ein vollst\u00e4ndig nat\u00fcrlicher Rohstoff, der sich hervorragend f\u00fcr den Kompost oder als Pflanzend\u00fcnger eignet.<\/p>\n<p class>Ihr Barista-Moment<\/p>\n<p class>Genie\u00dfen Sie mit allen Sinnen den Genuss eines au\u00dfergew\u00f6hnlichen Kaffees schon w\u00e4hrend der Zubereitung: den Duft von frisch gemahlenem Kaffee, das taktile Gef\u00fchl von Hebel und Kurbel, den Klang des Extraktionsprozesses, den einzigartigen Geschmack von hochwertigem Kaffee und das au\u00dfergew\u00f6hnliche Design dieser innovativen Kaffeemaschine. Machen Sie jede Zubereitung zu einem echten Barista-Moment, das mit seiner Kunstfertigkeit den Kaffee feiert und die vollkommene Wertsch\u00e4tzung f\u00fcr den vollen, umh\u00fcllenden Geschmack ausdr\u00fcckt.<\/p>\n<p class>Perfekter Kaffee<\/p>\n<p class>Ausgezeichneter Kaffee bei jeder Zubereitung: Mit der neuesten Br\u00fchtechnik von JURA bietet die ONO immer ausgezeichneten Kaffee und Espresso. Die Intensit\u00e4t kann bei jeder Zubereitung individuell ausgew\u00e4hlt werden. Das gilt auch f\u00fcr die Kaffeemischung, die je nach pers\u00f6nlichem Geschmack von Tasse zu Tasse variieren kann. Ideal f\u00fcr alle, die authentischen Kaffeegenuss erleben und verschiedene Mischungen probieren m\u00f6chten. Die ONO konzentriert sich ausschlie\u00dflich auf schwarze Kaffeekreationen: Espresso und schwarzer Kaffee perfekt zubereitet.<\/p>\n<p class>Eleganz, die f\u00fcr lange Zeit erhalten bleibt<\/p>\n<p class>Das Design und die sorgf\u00e4ltige Auswahl der richtigen Materialien tragen zur Nachhaltigkeit des Produkts bei. JURA strebt ein Design an, das sicherlich Stolz darauf macht, ein so au\u00dfergew\u00f6hnliches Objekt zu besitzen, das auch nach Jahren noch frisch und modern wirkt. Unkompromissierte Qualit\u00e4t, langlebige Materialien und maximale Pr\u00e4zision bei der Verarbeitung gew\u00e4hrleisten einen unvergleichlichen kulinarischen und \u00e4sthetischen Genuss w\u00e4hrend der gesamten Lebensdauer der Maschine. Ein hochmoderner Zwei-Komponenten-Prozess verleiht den Oberfl\u00e4chen einen au\u00dfergew\u00f6hnlichen Tiefeneffekt f\u00fcr authentisches \u00e4sthetisches Vergn\u00fcgen. Der Wassertank mit seinem raffinierten Wellendesign und der harmonische Filterdeckel sind nur zwei Beispiele f\u00fcr die Liebe zum Detail, wie unbedeutend sie auch erscheinen m\u00f6gen. Das haptische Gef\u00fchl, das von der ONO ausgeht, dr\u00fcckt das Wertverst\u00e4ndnis von JURA greifbar aus.<\/p>\n<p class>Spezialit\u00e4ten:<\/p>\n<p class>2 Optionen: Espresso und Kaffee.<\/p>\n<p class>Hauptmerkmale:<\/p>\n<p class>Dispenser mit variabler Kapazit\u00e4t (7-14 g).<\/p>\n<p class>15-Bar-Hochleistungs-pumpe.<\/p>\n<p class>Thermoblock-Heizsystem.<\/p>\n<p class>Symbol-Display zur Steuerung.<\/p>\n<p class>Individuell programmierbare Wassermenge und weitere Einstellungen.<\/p>\n<p class>Integrierte Sp\u00fcl-, Reinigungs- und Entkalkungsfunktionen.<\/p>\n<p class>Automatische Filtererkennung (CLARIS Smart&#43;).<\/p>\n<p class>Energiesparmodus (E.S.M.).<\/p>\n<p class>Technische Daten:<\/p>\n<p class>Wassertankkapazit\u00e4t: 0,95 l.<\/p>\n<p class>Kaffeemahlbeh\u00e4lter: 6 Portionen.<\/p>\n<p class>Kabell\u00e4nge: 1,2 m.<\/p>\n<p class>Gewicht: 4,75 kg.<\/p>\n<p class>Ma\u00dfe: 24,3 x 32 x 46,1 cm.<\/p>\n<p class>Leistung: 230 V \/ 1450 W, Standby: 0,2 W.<\/p>\n<p class>Hergestellt in China, Modelljahr: 2023.<\/p>\n","protected":false},"excerpt":{"rendered":"<p>ONO. Perfekter Kaffee. Nicht in Kapseln. Die automatische Maschine liefert eine perfekte Tasse f\u00fcr alle, die Kaffee lieben, auf hohe Qualit\u00e4t setzen und umweltbewusst sind. Die ONO ist mehr als nur eine Kaffeemaschine: Sie bietet wahrhaft un\u00fcbertroffene Kaffeegen\u00fcsse. Nicht in Kapseln Mit frisch gemahlenem Kaffee k\u00f6nnen Sie die Mischung nach Belieben w\u00e4hlen, Tasse f\u00fcr Tasse. [&hellip;]<\/p>\n","protected":false},"featured_media":6297075,"template":"","meta":{"_acf_changed":false},"product_cat":[12184,12171,12163],"product_tag":[],"class_list":{"0":"post-2302781","1":"product","2":"type-product","3":"status-publish","4":"has-post-thumbnail","6":"product_cat-automatisch","7":"product_cat-kaffeemaschinen-espresso","8":"product_cat-kleine-elektrogeraete","10":"first","11":"instock","12":"sale","13":"taxable","14":"shipping-taxable","15":"purchasable","16":"product-type-simple","swatches":"rey-swatches","show_selected":"","stretch_labels":"rey-swatches--stretch-labels"},"acf":[],"yoast_head":"<!-- This site is optimized with the Yoast SEO plugin v25.4 - https:\/\/yoast.com\/wordpress\/plugins\/seo\/ -->\n<title>JURA Kaffeemaschine ONO Coffee Black - dev6 Erresse<\/title>\n<meta name=\"description\" content=\"ONO. Perfekter Kaffee. Nicht in Kapseln. Die automatische Maschine liefert eine perfekte Tasse f\u00fcr alle, die Kaffee lieben, auf hohe Qualit\u00e4t setzen und\" \/>\n<meta name=\"robots\" content=\"noindex, follow, max-snippet:-1, max-image-preview:large, max-video-preview:-1\" \/>\n<meta property=\"og:locale\" content=\"de_DE\" \/>\n<meta property=\"og:type\" content=\"article\" \/>\n<meta property=\"og:title\" content=\"JURA Kaffeemaschine ONO Coffee Black - dev6 Erresse\" \/>\n<meta property=\"og:description\" content=\"ONO. Perfekter Kaffee. Nicht in Kapseln. Die automatische Maschine liefert eine perfekte Tasse f\u00fcr alle, die Kaffee lieben, auf hohe Qualit\u00e4t setzen und\" \/>\n<meta property=\"og:url\" content=\"https:\/\/dev6.erresse-shop.it\/de\/shop\/kleine-elektrogeraete\/kaffeemaschinen-espresso\/automatisch\/jura-kaffeemaschine-ono-coffee-black\/\" \/>\n<meta property=\"og:site_name\" content=\"dev6 Erresse\" \/>\n<meta property=\"og:image\" content=\"https:\/\/interpim.erresse-shop.it\/wp-content\/uploads\/2025\/03\/JURA-Macchina-Da-Caffe-ONO-Coffee-Black.jpg\/jura-macchina-da-caffe-ono-coffee-black.jpg\" \/><meta property=\"og:image\" content=\"https:\/\/interpim.erresse-shop.it\/wp-content\/uploads\/2025\/03\/JURA-Macchina-Da-Caffe-ONO-Coffee-Black.jpg\/jura-macchina-da-caffe-ono-coffee-black.jpg\" \/>\n\t<meta property=\"og:image:width\" content=\"1024\" \/>\n\t<meta property=\"og:image:height\" content=\"1024\" \/>\n\t<meta property=\"og:image:type\" content=\"image\/jpeg\" \/>\n<meta name=\"twitter:card\" content=\"summary_large_image\" \/>\n<meta name=\"twitter:image\" content=\"https:\/\/interpim.erresse-shop.it\/wp-content\/uploads\/2025\/03\/JURA-Macchina-Da-Caffe-ONO-Coffee-Black.jpg\/jura-macchina-da-caffe-ono-coffee-black.jpg\" \/>\n<script type=\"application\/ld+json\" class=\"yoast-schema-graph\">{\"@context\":\"https:\/\/schema.org\",\"@graph\":[{\"@type\":\"WebPage\",\"@id\":\"https:\/\/dev6.erresse-shop.it\/de\/shop\/kleine-elektrogeraete\/kaffeemaschinen-espresso\/automatisch\/jura-kaffeemaschine-ono-coffee-black\/\",\"url\":\"https:\/\/dev6.erresse-shop.it\/de\/shop\/kleine-elektrogeraete\/kaffeemaschinen-espresso\/automatisch\/jura-kaffeemaschine-ono-coffee-black\/\",\"name\":\"JURA Kaffeemaschine ONO Coffee Black - dev6 Erresse\",\"isPartOf\":{\"@id\":\"https:\/\/dev6.erresse-shop.it\/#website\"},\"primaryImageOfPage\":{\"@id\":\"https:\/\/dev6.erresse-shop.it\/de\/shop\/kleine-elektrogeraete\/kaffeemaschinen-espresso\/automatisch\/jura-kaffeemaschine-ono-coffee-black\/#primaryimage\"},\"image\":{\"@id\":\"https:\/\/dev6.erresse-shop.it\/de\/shop\/kleine-elektrogeraete\/kaffeemaschinen-espresso\/automatisch\/jura-kaffeemaschine-ono-coffee-black\/#primaryimage\"},\"thumbnailUrl\":\"https:\/\/i1.wp.com\/interpim.erresse-shop.it\/wp-content\/uploads\/2025\/03\/JURA-Macchina-Da-Caffe-ONO-Coffee-Black.jpg\/jura-macchina-da-caffe-ono-coffee-black.jpg?ssl=1\",\"datePublished\":\"2026-04-04T12:17:44+00:00\",\"description\":\"ONO. Perfekter Kaffee. Nicht in Kapseln. Die automatische Maschine liefert eine perfekte Tasse f\u00fcr alle, die Kaffee lieben, auf hohe Qualit\u00e4t setzen und\",\"breadcrumb\":{\"@id\":\"https:\/\/dev6.erresse-shop.it\/de\/shop\/kleine-elektrogeraete\/kaffeemaschinen-espresso\/automatisch\/jura-kaffeemaschine-ono-coffee-black\/#breadcrumb\"},\"inLanguage\":\"de\",\"potentialAction\":[{\"@type\":\"ReadAction\",\"target\":[\"https:\/\/dev6.erresse-shop.it\/de\/shop\/kleine-elektrogeraete\/kaffeemaschinen-espresso\/automatisch\/jura-kaffeemaschine-ono-coffee-black\/\"]}]},{\"@type\":\"ImageObject\",\"inLanguage\":\"de\",\"@id\":\"https:\/\/dev6.erresse-shop.it\/de\/shop\/kleine-elektrogeraete\/kaffeemaschinen-espresso\/automatisch\/jura-kaffeemaschine-ono-coffee-black\/#primaryimage\",\"url\":\"https:\/\/i1.wp.com\/interpim.erresse-shop.it\/wp-content\/uploads\/2025\/03\/JURA-Macchina-Da-Caffe-ONO-Coffee-Black.jpg\/jura-macchina-da-caffe-ono-coffee-black.jpg?ssl=1\",\"contentUrl\":\"https:\/\/i1.wp.com\/interpim.erresse-shop.it\/wp-content\/uploads\/2025\/03\/JURA-Macchina-Da-Caffe-ONO-Coffee-Black.jpg\/jura-macchina-da-caffe-ono-coffee-black.jpg?ssl=1\"},{\"@type\":\"BreadcrumbList\",\"@id\":\"https:\/\/dev6.erresse-shop.it\/de\/shop\/kleine-elektrogeraete\/kaffeemaschinen-espresso\/automatisch\/jura-kaffeemaschine-ono-coffee-black\/#breadcrumb\",\"itemListElement\":[{\"@type\":\"ListItem\",\"position\":1,\"name\":\"Home\",\"item\":\"https:\/\/dev6.erresse-shop.it\/\"},{\"@type\":\"ListItem\",\"position\":2,\"name\":\"Shop\",\"item\":\"https:\/\/dev6.erresse-shop.it\/shop\/\"},{\"@type\":\"ListItem\",\"position\":3,\"name\":\"JURA Kaffeemaschine ONO Coffee Black\"}]},{\"@type\":\"WebSite\",\"@id\":\"https:\/\/dev6.erresse-shop.it\/#website\",\"url\":\"https:\/\/dev6.erresse-shop.it\/\",\"name\":\"Erresse Shop\",\"description\":\"\",\"publisher\":{\"@id\":\"https:\/\/dev6.erresse-shop.it\/#organization\"},\"potentialAction\":[{\"@type\":\"SearchAction\",\"target\":{\"@type\":\"EntryPoint\",\"urlTemplate\":\"https:\/\/dev6.erresse-shop.it\/?s={search_term_string}\"},\"query-input\":{\"@type\":\"PropertyValueSpecification\",\"valueRequired\":true,\"valueName\":\"search_term_string\"}}],\"inLanguage\":\"de\"},{\"@type\":\"Organization\",\"@id\":\"https:\/\/dev6.erresse-shop.it\/#organization\",\"name\":\"Erresse Shop\",\"url\":\"https:\/\/dev6.erresse-shop.it\/\",\"logo\":{\"@type\":\"ImageObject\",\"inLanguage\":\"de\",\"@id\":\"https:\/\/dev6.erresse-shop.it\/#\/schema\/logo\/image\/\",\"url\":\"https:\/\/dev6.erresse-shop.it\/wp-content\/uploads\/2025\/01\/LOGO-ERRESSE-CLASSICO.svg\",\"contentUrl\":\"https:\/\/dev6.erresse-shop.it\/wp-content\/uploads\/2025\/01\/LOGO-ERRESSE-CLASSICO.svg\",\"caption\":\"Erresse Shop\"},\"image\":{\"@id\":\"https:\/\/dev6.erresse-shop.it\/#\/schema\/logo\/image\/\"}}]}<\/script>\n<!-- \/ Yoast SEO plugin. -->","yoast_head_json":{"title":"JURA Kaffeemaschine ONO Coffee Black - dev6 Erresse","description":"ONO. Perfekter Kaffee. Nicht in Kapseln. Die automatische Maschine liefert eine perfekte Tasse f\u00fcr alle, die Kaffee lieben, auf hohe Qualit\u00e4t setzen und","robots":{"index":"noindex","follow":"follow","max-snippet":"max-snippet:-1","max-image-preview":"max-image-preview:large","max-video-preview":"max-video-preview:-1"},"og_locale":"de_DE","og_type":"article","og_title":"JURA Kaffeemaschine ONO Coffee Black - dev6 Erresse","og_description":"ONO. Perfekter Kaffee. Nicht in Kapseln. Die automatische Maschine liefert eine perfekte Tasse f\u00fcr alle, die Kaffee lieben, auf hohe Qualit\u00e4t setzen und","og_url":"https:\/\/dev6.erresse-shop.it\/de\/shop\/kleine-elektrogeraete\/kaffeemaschinen-espresso\/automatisch\/jura-kaffeemaschine-ono-coffee-black\/","og_site_name":"dev6 Erresse","og_image":[{"url":"https:\/\/interpim.erresse-shop.it\/wp-content\/uploads\/2025\/03\/JURA-Macchina-Da-Caffe-ONO-Coffee-Black.jpg\/jura-macchina-da-caffe-ono-coffee-black.jpg","type":"","width":"","height":""},{"url":"https:\/\/interpim.erresse-shop.it\/wp-content\/uploads\/2025\/03\/JURA-Macchina-Da-Caffe-ONO-Coffee-Black.jpg\/jura-macchina-da-caffe-ono-coffee-black.jpg","width":1024,"height":1024,"type":"image\/jpeg"}],"twitter_card":"summary_large_image","twitter_image":"https:\/\/interpim.erresse-shop.it\/wp-content\/uploads\/2025\/03\/JURA-Macchina-Da-Caffe-ONO-Coffee-Black.jpg\/jura-macchina-da-caffe-ono-coffee-black.jpg","schema":{"@context":"https:\/\/schema.org","@graph":[{"@type":"WebPage","@id":"https:\/\/dev6.erresse-shop.it\/de\/shop\/kleine-elektrogeraete\/kaffeemaschinen-espresso\/automatisch\/jura-kaffeemaschine-ono-coffee-black\/","url":"https:\/\/dev6.erresse-shop.it\/de\/shop\/kleine-elektrogeraete\/kaffeemaschinen-espresso\/automatisch\/jura-kaffeemaschine-ono-coffee-black\/","name":"JURA Kaffeemaschine ONO Coffee Black - dev6 Erresse","isPartOf":{"@id":"https:\/\/dev6.erresse-shop.it\/#website"},"primaryImageOfPage":{"@id":"https:\/\/dev6.erresse-shop.it\/de\/shop\/kleine-elektrogeraete\/kaffeemaschinen-espresso\/automatisch\/jura-kaffeemaschine-ono-coffee-black\/#primaryimage"},"image":{"@id":"https:\/\/dev6.erresse-shop.it\/de\/shop\/kleine-elektrogeraete\/kaffeemaschinen-espresso\/automatisch\/jura-kaffeemaschine-ono-coffee-black\/#primaryimage"},"thumbnailUrl":"https:\/\/i1.wp.com\/interpim.erresse-shop.it\/wp-content\/uploads\/2025\/03\/JURA-Macchina-Da-Caffe-ONO-Coffee-Black.jpg\/jura-macchina-da-caffe-ono-coffee-black.jpg?ssl=1","datePublished":"2026-04-04T12:17:44+00:00","description":"ONO. Perfekter Kaffee. Nicht in Kapseln. Die automatische Maschine liefert eine perfekte Tasse f\u00fcr alle, die Kaffee lieben, auf hohe Qualit\u00e4t setzen und","breadcrumb":{"@id":"https:\/\/dev6.erresse-shop.it\/de\/shop\/kleine-elektrogeraete\/kaffeemaschinen-espresso\/automatisch\/jura-kaffeemaschine-ono-coffee-black\/#breadcrumb"},"inLanguage":"de","potentialAction":[{"@type":"ReadAction","target":["https:\/\/dev6.erresse-shop.it\/de\/shop\/kleine-elektrogeraete\/kaffeemaschinen-espresso\/automatisch\/jura-kaffeemaschine-ono-coffee-black\/"]}]},{"@type":"ImageObject","inLanguage":"de","@id":"https:\/\/dev6.erresse-shop.it\/de\/shop\/kleine-elektrogeraete\/kaffeemaschinen-espresso\/automatisch\/jura-kaffeemaschine-ono-coffee-black\/#primaryimage","url":"https:\/\/i1.wp.com\/interpim.erresse-shop.it\/wp-content\/uploads\/2025\/03\/JURA-Macchina-Da-Caffe-ONO-Coffee-Black.jpg\/jura-macchina-da-caffe-ono-coffee-black.jpg?ssl=1","contentUrl":"https:\/\/i1.wp.com\/interpim.erresse-shop.it\/wp-content\/uploads\/2025\/03\/JURA-Macchina-Da-Caffe-ONO-Coffee-Black.jpg\/jura-macchina-da-caffe-ono-coffee-black.jpg?ssl=1"},{"@type":"BreadcrumbList","@id":"https:\/\/dev6.erresse-shop.it\/de\/shop\/kleine-elektrogeraete\/kaffeemaschinen-espresso\/automatisch\/jura-kaffeemaschine-ono-coffee-black\/#breadcrumb","itemListElement":[{"@type":"ListItem","position":1,"name":"Home","item":"https:\/\/dev6.erresse-shop.it\/"},{"@type":"ListItem","position":2,"name":"Shop","item":"https:\/\/dev6.erresse-shop.it\/shop\/"},{"@type":"ListItem","position":3,"name":"JURA Kaffeemaschine ONO Coffee Black"}]},{"@type":"WebSite","@id":"https:\/\/dev6.erresse-shop.it\/#website","url":"https:\/\/dev6.erresse-shop.it\/","name":"Erresse Shop","description":"","publisher":{"@id":"https:\/\/dev6.erresse-shop.it\/#organization"},"potentialAction":[{"@type":"SearchAction","target":{"@type":"EntryPoint","urlTemplate":"https:\/\/dev6.erresse-shop.it\/?s={search_term_string}"},"query-input":{"@type":"PropertyValueSpecification","valueRequired":true,"valueName":"search_term_string"}}],"inLanguage":"de"},{"@type":"Organization","@id":"https:\/\/dev6.erresse-shop.it\/#organization","name":"Erresse Shop","url":"https:\/\/dev6.erresse-shop.it\/","logo":{"@type":"ImageObject","inLanguage":"de","@id":"https:\/\/dev6.erresse-shop.it\/#\/schema\/logo\/image\/","url":"https:\/\/dev6.erresse-shop.it\/wp-content\/uploads\/2025\/01\/LOGO-ERRESSE-CLASSICO.svg","contentUrl":"https:\/\/dev6.erresse-shop.it\/wp-content\/uploads\/2025\/01\/LOGO-ERRESSE-CLASSICO.svg","caption":"Erresse Shop"},"image":{"@id":"https:\/\/dev6.erresse-shop.it\/#\/schema\/logo\/image\/"}}]}},"df_price":329,"df_sale_price":329,"df_regular_price":349,"df_image_link":"https:\/\/i1.wp.com\/interpim.erresse-shop.it\/wp-content\/uploads\/2025\/03\/JURA-Macchina-Da-Caffe-ONO-Coffee-Black.jpg\/jura-macchina-da-caffe-ono-coffee-black.jpg?resize=300,300&ssl=1","fifu_image_url":"https:\/\/interpim.erresse-shop.it\/wp-content\/uploads\/2025\/03\/JURA-Macchina-Da-Caffe-ONO-Coffee-Black.jpg\/jura-macchina-da-caffe-ono-coffee-black.jpg","_links":{"self":[{"href":"https:\/\/dev6.erresse-shop.it\/de\/wp-json\/wp\/v2\/product\/2302781","targetHints":{"allow":["GET"]}}],"collection":[{"href":"https:\/\/dev6.erresse-shop.it\/de\/wp-json\/wp\/v2\/product"}],"about":[{"href":"https:\/\/dev6.erresse-shop.it\/de\/wp-json\/wp\/v2\/types\/product"}],"wp:featuredmedia":[{"embeddable":true,"href":"https:\/\/dev6.erresse-shop.it\/de\/wp-json\/wp\/v2\/media\/6297075"}],"wp:attachment":[{"href":"https:\/\/dev6.erresse-shop.it\/de\/wp-json\/wp\/v2\/media?parent=2302781"}],"wp:term":[{"taxonomy":"product_cat","embeddable":true,"href":"https:\/\/dev6.erresse-shop.it\/de\/wp-json\/wp\/v2\/product_cat?post=2302781"},{"taxonomy":"product_tag","embeddable":true,"href":"https:\/\/dev6.erresse-shop.it\/de\/wp-json\/wp\/v2\/product_tag?post=2302781"}],"curies":[{"name":"wp","href":"https:\/\/api.w.org\/{rel}","templated":true}]}}