{"id":2302775,"date":"2026-04-04T14:17:44","date_gmt":"2026-04-04T12:17:44","guid":{"rendered":"https:\/\/dev6.erresse-shop.it\/shop\/unkategorisiert\/jura-kaffeemaschine-s8-platin\/"},"modified":"2025-11-30T17:49:26","modified_gmt":"2025-11-30T16:49:26","slug":"jura-kaffeemaschine-s8-platin","status":"publish","type":"product","link":"https:\/\/dev6.erresse-shop.it\/de\/shop\/kleine-elektrogeraete\/kaffeemaschinen-espresso\/automatisch\/jura-kaffeemaschine-s8-platin\/","title":{"rendered":"JURA Kaffeemaschine S8 Platin"},"content":{"rendered":"<p class>Innovation und Genuss f\u00fcr harmonische EleganzDie elegante S8 begeistert sowohl Kaffeeliebhaber als auch Designenthusiasten. Mit ihrem harmonischen Design, hochwertigen Materialien und feinen Oberfl\u00e4chen bietet die S8 ein au\u00dfergew\u00f6hnliches sensorisches Erlebnis vom ersten Blick an. Ihre innovative Technologie er\u00f6ffnet neue M\u00f6glichkeiten auf der Suche nach dem perfekten Geschmack.<\/p>\n<p class>Ein angenehm s\u00fc\u00dfer Schaum f\u00fcr die neuesten Spezialit\u00e4tenDie Sweet Foam-Funktion aromatisiert den Milchschaum w\u00e4hrend der Zubereitung: Nachdem die Milch erhitzt und aufgesch\u00e4umt wurde, wird sie gleichm\u00e4\u00dfig mit dem Sirup aus dem speziellen Zubeh\u00f6r aromatisiert. Das Ergebnis ist ein angenehm s\u00fc\u00dfer, cremiger Milchschaum f\u00fcr ein v\u00f6llig neues Geschmackserlebnis. Um ein Sweet Latte und andere Spezialit\u00e4ten mit der S8 zuzubereiten, reicht ein Knopfdruck. Die Temperatur bleibt dank der Hot Milk-Funktion immer perfekt. Die Nutzung der Sweet Foam-Funktion wird durch die exklusive One-Touch automatische Reinigung des Milchsystems noch angenehmer, die auf Knopfdruck aktiviert wird.<\/p>\n<p class>Innovative Technologie f\u00fcr gleichbleibend guten GeschmackDas perfekte Ergebnis in der Tasse kommt durch die besten Zutaten und eine optimale Zubereitung. Der Professional Aroma Grinder der zweiten Generation (P.A.G.2) sorgt f\u00fcr eine perfekte Mahlung, die jederzeit eingestellt werden kann. Vor und nach der Zubereitung bleibt der P.A.G.2 im Standby-Modus, was sich positiv auf das Mahl-Ergebnis und die Langlebigkeit des Mahlwerks auswirkt. Der 3D-Br\u00fchgruppe der achten Generation sorgt f\u00fcr ideale Br\u00fchbedingungen und ein unvergleichliches Geschmackserlebnis. Diese au\u00dfergew\u00f6hnliche Kaffeemaschine bietet w\u00e4hrend ihres gesamten Lebenszyklus einen au\u00dfergew\u00f6hnlichen Gourmet-Geschmack.<\/p>\n<p class>Intuitive Bedienung f\u00fcr maximalen KomfortDie S8 zeichnet sich durch eine innovative und intuitive Bedienphilosophie aus. Das gro\u00dfe 4,3\u2033 Touchdisplay erm\u00f6glicht es, die verschiedenen Funktionen und Einstellungen durch Scrollen zu erkunden. Das Display zeigt Grafiken und Animationen, die den Benutzer durch die einzelnen Schritte der Zubereitung f\u00fchren. Das Design des Bildschirms f\u00fcgt sich harmonisch in den markanten Stil der S8 ein, w\u00e4hrend die vereinfachte Benutzeroberfl\u00e4che eine klare und einfache Bedienung der Kaffeemaschine gew\u00e4hrleistet.<\/p>\n<p class>Harmonisches und hochwertiges DesignMit klaren Linien, hochwertigen Materialien und raffinierten Oberfl\u00e4chen ist das Design der S8 modern und bleibt auch in den kommenden Jahren aktuell. Die S8 vereint das Beste der kompakten Klasse mit den Merkmalen des Premiumsegments und schafft eine harmonische und elegante Mischung. Denn auch das Auge will seinen Teil haben.<\/p>\n<p class>Kaffeespezialit\u00e4ten (27 Optionen):Espresso, 2\u00d7 Espresso, Kaffee, 2\u00d7 Kaffee, Americano, Lungo, Doppel-Espresso, Cortado, Sweet Cortado, Espresso Macchiato, Sweet Espresso Macchiato, Cappuccino, Sweet Cappuccino, Cappuccino Extra Shot, Flat White, Sweet Flat White, Flat White Extra Shot, Latte Macchiato, Sweet Latte Macchiato, Latte Macchiato Extra Shot, Sweet Latte, Sweet Latte Extra Shot, Portion von Milchschaum, Sweet Portion von Milchschaum, Portion von Milch, Sweet Portion von Milch, Hei\u00dfwasser.<\/p>\n<p class>Technische Daten:<\/p>\n<p class>Wassertankkapazit\u00e4t: 1,9 l<\/p>\n<p class>Fassungsverm\u00f6gen des Kaffeebohnenspeichers: 280 g<\/p>\n<p class>Kaffeesatzbeh\u00e4lter: 16 Portionen<\/p>\n<p class>Kabell\u00e4nge: 1,1 m<\/p>\n<p class>Spannung: 230 V ~ \/ 1450 W<\/p>\n<p class>Gewicht: 9,8 kg<\/p>\n<p class>Ma\u00dfe (L \u00d7 H \u00d7 B): 28 \u00d7 34,8 \u00d7 44,6 cm<\/p>\n<p class>Hergestellt in der Schweiz<\/p>\n","protected":false},"excerpt":{"rendered":"<p>Innovation und Genuss f\u00fcr harmonische EleganzDie elegante S8 begeistert sowohl Kaffeeliebhaber als auch Designenthusiasten. Mit ihrem harmonischen Design, hochwertigen Materialien und feinen Oberfl\u00e4chen bietet die S8 ein au\u00dfergew\u00f6hnliches sensorisches Erlebnis vom ersten Blick an. Ihre innovative Technologie er\u00f6ffnet neue M\u00f6glichkeiten auf der Suche nach dem perfekten Geschmack. Ein angenehm s\u00fc\u00dfer Schaum f\u00fcr die neuesten Spezialit\u00e4tenDie [&hellip;]<\/p>\n","protected":false},"featured_media":6297037,"template":"","meta":{"_acf_changed":false},"product_cat":[12184,12171,12163],"product_tag":[],"class_list":{"0":"post-2302775","1":"product","2":"type-product","3":"status-publish","4":"has-post-thumbnail","6":"product_cat-automatisch","7":"product_cat-kaffeemaschinen-espresso","8":"product_cat-kleine-elektrogeraete","10":"first","11":"instock","12":"sale","13":"taxable","14":"shipping-taxable","15":"purchasable","16":"product-type-simple","swatches":"rey-swatches","show_selected":"","stretch_labels":"rey-swatches--stretch-labels"},"acf":[],"yoast_head":"<!-- This site is optimized with the Yoast SEO plugin v25.4 - https:\/\/yoast.com\/wordpress\/plugins\/seo\/ -->\n<title>JURA Kaffeemaschine S8 Platin - dev6 Erresse<\/title>\n<meta name=\"description\" content=\"Innovation und Genuss f\u00fcr harmonische EleganzDie elegante S8 begeistert sowohl Kaffeeliebhaber als auch Designenthusiasten. Mit ihrem harmonischen Design,\" \/>\n<meta name=\"robots\" content=\"noindex, follow, max-snippet:-1, max-image-preview:large, max-video-preview:-1\" \/>\n<meta property=\"og:locale\" content=\"de_DE\" \/>\n<meta property=\"og:type\" content=\"article\" \/>\n<meta property=\"og:title\" content=\"JURA Kaffeemaschine S8 Platin - dev6 Erresse\" \/>\n<meta property=\"og:description\" content=\"Innovation und Genuss f\u00fcr harmonische EleganzDie elegante S8 begeistert sowohl Kaffeeliebhaber als auch Designenthusiasten. Mit ihrem harmonischen Design,\" \/>\n<meta property=\"og:url\" content=\"https:\/\/dev6.erresse-shop.it\/de\/shop\/kleine-elektrogeraete\/kaffeemaschinen-espresso\/automatisch\/jura-kaffeemaschine-s8-platin\/\" \/>\n<meta property=\"og:site_name\" content=\"dev6 Erresse\" \/>\n<meta property=\"og:image\" content=\"https:\/\/interpim.erresse-shop.it\/wp-content\/uploads\/2025\/03\/JURA-Macchina-Da-Caffe-S8-Platino.jpg\/jura-macchina-da-caffe-s8-platino.jpg\" \/><meta property=\"og:image\" content=\"https:\/\/interpim.erresse-shop.it\/wp-content\/uploads\/2025\/03\/JURA-Macchina-Da-Caffe-S8-Platino.jpg\/jura-macchina-da-caffe-s8-platino.jpg\" \/>\n\t<meta property=\"og:image:width\" content=\"1024\" \/>\n\t<meta property=\"og:image:height\" content=\"1024\" \/>\n\t<meta property=\"og:image:type\" content=\"image\/jpeg\" \/>\n<meta name=\"twitter:card\" content=\"summary_large_image\" \/>\n<meta name=\"twitter:image\" content=\"https:\/\/interpim.erresse-shop.it\/wp-content\/uploads\/2025\/03\/JURA-Macchina-Da-Caffe-S8-Platino.jpg\/jura-macchina-da-caffe-s8-platino.jpg\" \/>\n<script type=\"application\/ld+json\" class=\"yoast-schema-graph\">{\"@context\":\"https:\/\/schema.org\",\"@graph\":[{\"@type\":\"WebPage\",\"@id\":\"https:\/\/dev6.erresse-shop.it\/de\/shop\/kleine-elektrogeraete\/kaffeemaschinen-espresso\/automatisch\/jura-kaffeemaschine-s8-platin\/\",\"url\":\"https:\/\/dev6.erresse-shop.it\/de\/shop\/kleine-elektrogeraete\/kaffeemaschinen-espresso\/automatisch\/jura-kaffeemaschine-s8-platin\/\",\"name\":\"JURA Kaffeemaschine S8 Platin - dev6 Erresse\",\"isPartOf\":{\"@id\":\"https:\/\/dev6.erresse-shop.it\/#website\"},\"primaryImageOfPage\":{\"@id\":\"https:\/\/dev6.erresse-shop.it\/de\/shop\/kleine-elektrogeraete\/kaffeemaschinen-espresso\/automatisch\/jura-kaffeemaschine-s8-platin\/#primaryimage\"},\"image\":{\"@id\":\"https:\/\/dev6.erresse-shop.it\/de\/shop\/kleine-elektrogeraete\/kaffeemaschinen-espresso\/automatisch\/jura-kaffeemaschine-s8-platin\/#primaryimage\"},\"thumbnailUrl\":\"https:\/\/i0.wp.com\/interpim.erresse-shop.it\/wp-content\/uploads\/2025\/03\/JURA-Macchina-Da-Caffe-S8-Platino.jpg\/jura-macchina-da-caffe-s8-platino.jpg?ssl=1\",\"datePublished\":\"2026-04-04T12:17:44+00:00\",\"description\":\"Innovation und Genuss f\u00fcr harmonische EleganzDie elegante S8 begeistert sowohl Kaffeeliebhaber als auch Designenthusiasten. Mit ihrem harmonischen Design,\",\"breadcrumb\":{\"@id\":\"https:\/\/dev6.erresse-shop.it\/de\/shop\/kleine-elektrogeraete\/kaffeemaschinen-espresso\/automatisch\/jura-kaffeemaschine-s8-platin\/#breadcrumb\"},\"inLanguage\":\"de\",\"potentialAction\":[{\"@type\":\"ReadAction\",\"target\":[\"https:\/\/dev6.erresse-shop.it\/de\/shop\/kleine-elektrogeraete\/kaffeemaschinen-espresso\/automatisch\/jura-kaffeemaschine-s8-platin\/\"]}]},{\"@type\":\"ImageObject\",\"inLanguage\":\"de\",\"@id\":\"https:\/\/dev6.erresse-shop.it\/de\/shop\/kleine-elektrogeraete\/kaffeemaschinen-espresso\/automatisch\/jura-kaffeemaschine-s8-platin\/#primaryimage\",\"url\":\"https:\/\/i0.wp.com\/interpim.erresse-shop.it\/wp-content\/uploads\/2025\/03\/JURA-Macchina-Da-Caffe-S8-Platino.jpg\/jura-macchina-da-caffe-s8-platino.jpg?ssl=1\",\"contentUrl\":\"https:\/\/i0.wp.com\/interpim.erresse-shop.it\/wp-content\/uploads\/2025\/03\/JURA-Macchina-Da-Caffe-S8-Platino.jpg\/jura-macchina-da-caffe-s8-platino.jpg?ssl=1\"},{\"@type\":\"BreadcrumbList\",\"@id\":\"https:\/\/dev6.erresse-shop.it\/de\/shop\/kleine-elektrogeraete\/kaffeemaschinen-espresso\/automatisch\/jura-kaffeemaschine-s8-platin\/#breadcrumb\",\"itemListElement\":[{\"@type\":\"ListItem\",\"position\":1,\"name\":\"Home\",\"item\":\"https:\/\/dev6.erresse-shop.it\/\"},{\"@type\":\"ListItem\",\"position\":2,\"name\":\"Shop\",\"item\":\"https:\/\/dev6.erresse-shop.it\/shop\/\"},{\"@type\":\"ListItem\",\"position\":3,\"name\":\"JURA Kaffeemaschine S8 Platin\"}]},{\"@type\":\"WebSite\",\"@id\":\"https:\/\/dev6.erresse-shop.it\/#website\",\"url\":\"https:\/\/dev6.erresse-shop.it\/\",\"name\":\"Erresse Shop\",\"description\":\"\",\"publisher\":{\"@id\":\"https:\/\/dev6.erresse-shop.it\/#organization\"},\"potentialAction\":[{\"@type\":\"SearchAction\",\"target\":{\"@type\":\"EntryPoint\",\"urlTemplate\":\"https:\/\/dev6.erresse-shop.it\/?s={search_term_string}\"},\"query-input\":{\"@type\":\"PropertyValueSpecification\",\"valueRequired\":true,\"valueName\":\"search_term_string\"}}],\"inLanguage\":\"de\"},{\"@type\":\"Organization\",\"@id\":\"https:\/\/dev6.erresse-shop.it\/#organization\",\"name\":\"Erresse Shop\",\"url\":\"https:\/\/dev6.erresse-shop.it\/\",\"logo\":{\"@type\":\"ImageObject\",\"inLanguage\":\"de\",\"@id\":\"https:\/\/dev6.erresse-shop.it\/#\/schema\/logo\/image\/\",\"url\":\"https:\/\/dev6.erresse-shop.it\/wp-content\/uploads\/2025\/01\/LOGO-ERRESSE-CLASSICO.svg\",\"contentUrl\":\"https:\/\/dev6.erresse-shop.it\/wp-content\/uploads\/2025\/01\/LOGO-ERRESSE-CLASSICO.svg\",\"caption\":\"Erresse Shop\"},\"image\":{\"@id\":\"https:\/\/dev6.erresse-shop.it\/#\/schema\/logo\/image\/\"}}]}<\/script>\n<!-- \/ Yoast SEO plugin. -->","yoast_head_json":{"title":"JURA Kaffeemaschine S8 Platin - dev6 Erresse","description":"Innovation und Genuss f\u00fcr harmonische EleganzDie elegante S8 begeistert sowohl Kaffeeliebhaber als auch Designenthusiasten. Mit ihrem harmonischen Design,","robots":{"index":"noindex","follow":"follow","max-snippet":"max-snippet:-1","max-image-preview":"max-image-preview:large","max-video-preview":"max-video-preview:-1"},"og_locale":"de_DE","og_type":"article","og_title":"JURA Kaffeemaschine S8 Platin - dev6 Erresse","og_description":"Innovation und Genuss f\u00fcr harmonische EleganzDie elegante S8 begeistert sowohl Kaffeeliebhaber als auch Designenthusiasten. Mit ihrem harmonischen Design,","og_url":"https:\/\/dev6.erresse-shop.it\/de\/shop\/kleine-elektrogeraete\/kaffeemaschinen-espresso\/automatisch\/jura-kaffeemaschine-s8-platin\/","og_site_name":"dev6 Erresse","og_image":[{"url":"https:\/\/interpim.erresse-shop.it\/wp-content\/uploads\/2025\/03\/JURA-Macchina-Da-Caffe-S8-Platino.jpg\/jura-macchina-da-caffe-s8-platino.jpg","type":"","width":"","height":""},{"url":"https:\/\/interpim.erresse-shop.it\/wp-content\/uploads\/2025\/03\/JURA-Macchina-Da-Caffe-S8-Platino.jpg\/jura-macchina-da-caffe-s8-platino.jpg","width":1024,"height":1024,"type":"image\/jpeg"}],"twitter_card":"summary_large_image","twitter_image":"https:\/\/interpim.erresse-shop.it\/wp-content\/uploads\/2025\/03\/JURA-Macchina-Da-Caffe-S8-Platino.jpg\/jura-macchina-da-caffe-s8-platino.jpg","schema":{"@context":"https:\/\/schema.org","@graph":[{"@type":"WebPage","@id":"https:\/\/dev6.erresse-shop.it\/de\/shop\/kleine-elektrogeraete\/kaffeemaschinen-espresso\/automatisch\/jura-kaffeemaschine-s8-platin\/","url":"https:\/\/dev6.erresse-shop.it\/de\/shop\/kleine-elektrogeraete\/kaffeemaschinen-espresso\/automatisch\/jura-kaffeemaschine-s8-platin\/","name":"JURA Kaffeemaschine S8 Platin - dev6 Erresse","isPartOf":{"@id":"https:\/\/dev6.erresse-shop.it\/#website"},"primaryImageOfPage":{"@id":"https:\/\/dev6.erresse-shop.it\/de\/shop\/kleine-elektrogeraete\/kaffeemaschinen-espresso\/automatisch\/jura-kaffeemaschine-s8-platin\/#primaryimage"},"image":{"@id":"https:\/\/dev6.erresse-shop.it\/de\/shop\/kleine-elektrogeraete\/kaffeemaschinen-espresso\/automatisch\/jura-kaffeemaschine-s8-platin\/#primaryimage"},"thumbnailUrl":"https:\/\/i0.wp.com\/interpim.erresse-shop.it\/wp-content\/uploads\/2025\/03\/JURA-Macchina-Da-Caffe-S8-Platino.jpg\/jura-macchina-da-caffe-s8-platino.jpg?ssl=1","datePublished":"2026-04-04T12:17:44+00:00","description":"Innovation und Genuss f\u00fcr harmonische EleganzDie elegante S8 begeistert sowohl Kaffeeliebhaber als auch Designenthusiasten. Mit ihrem harmonischen Design,","breadcrumb":{"@id":"https:\/\/dev6.erresse-shop.it\/de\/shop\/kleine-elektrogeraete\/kaffeemaschinen-espresso\/automatisch\/jura-kaffeemaschine-s8-platin\/#breadcrumb"},"inLanguage":"de","potentialAction":[{"@type":"ReadAction","target":["https:\/\/dev6.erresse-shop.it\/de\/shop\/kleine-elektrogeraete\/kaffeemaschinen-espresso\/automatisch\/jura-kaffeemaschine-s8-platin\/"]}]},{"@type":"ImageObject","inLanguage":"de","@id":"https:\/\/dev6.erresse-shop.it\/de\/shop\/kleine-elektrogeraete\/kaffeemaschinen-espresso\/automatisch\/jura-kaffeemaschine-s8-platin\/#primaryimage","url":"https:\/\/i0.wp.com\/interpim.erresse-shop.it\/wp-content\/uploads\/2025\/03\/JURA-Macchina-Da-Caffe-S8-Platino.jpg\/jura-macchina-da-caffe-s8-platino.jpg?ssl=1","contentUrl":"https:\/\/i0.wp.com\/interpim.erresse-shop.it\/wp-content\/uploads\/2025\/03\/JURA-Macchina-Da-Caffe-S8-Platino.jpg\/jura-macchina-da-caffe-s8-platino.jpg?ssl=1"},{"@type":"BreadcrumbList","@id":"https:\/\/dev6.erresse-shop.it\/de\/shop\/kleine-elektrogeraete\/kaffeemaschinen-espresso\/automatisch\/jura-kaffeemaschine-s8-platin\/#breadcrumb","itemListElement":[{"@type":"ListItem","position":1,"name":"Home","item":"https:\/\/dev6.erresse-shop.it\/"},{"@type":"ListItem","position":2,"name":"Shop","item":"https:\/\/dev6.erresse-shop.it\/shop\/"},{"@type":"ListItem","position":3,"name":"JURA Kaffeemaschine S8 Platin"}]},{"@type":"WebSite","@id":"https:\/\/dev6.erresse-shop.it\/#website","url":"https:\/\/dev6.erresse-shop.it\/","name":"Erresse Shop","description":"","publisher":{"@id":"https:\/\/dev6.erresse-shop.it\/#organization"},"potentialAction":[{"@type":"SearchAction","target":{"@type":"EntryPoint","urlTemplate":"https:\/\/dev6.erresse-shop.it\/?s={search_term_string}"},"query-input":{"@type":"PropertyValueSpecification","valueRequired":true,"valueName":"search_term_string"}}],"inLanguage":"de"},{"@type":"Organization","@id":"https:\/\/dev6.erresse-shop.it\/#organization","name":"Erresse Shop","url":"https:\/\/dev6.erresse-shop.it\/","logo":{"@type":"ImageObject","inLanguage":"de","@id":"https:\/\/dev6.erresse-shop.it\/#\/schema\/logo\/image\/","url":"https:\/\/dev6.erresse-shop.it\/wp-content\/uploads\/2025\/01\/LOGO-ERRESSE-CLASSICO.svg","contentUrl":"https:\/\/dev6.erresse-shop.it\/wp-content\/uploads\/2025\/01\/LOGO-ERRESSE-CLASSICO.svg","caption":"Erresse Shop"},"image":{"@id":"https:\/\/dev6.erresse-shop.it\/#\/schema\/logo\/image\/"}}]}},"df_price":1399.95,"df_sale_price":1399.95,"df_regular_price":1649,"df_image_link":"https:\/\/i0.wp.com\/interpim.erresse-shop.it\/wp-content\/uploads\/2025\/03\/JURA-Macchina-Da-Caffe-S8-Platino.jpg\/jura-macchina-da-caffe-s8-platino.jpg?resize=300,300&ssl=1","fifu_image_url":"https:\/\/interpim.erresse-shop.it\/wp-content\/uploads\/2025\/03\/JURA-Macchina-Da-Caffe-S8-Platino.jpg\/jura-macchina-da-caffe-s8-platino.jpg","_links":{"self":[{"href":"https:\/\/dev6.erresse-shop.it\/de\/wp-json\/wp\/v2\/product\/2302775","targetHints":{"allow":["GET"]}}],"collection":[{"href":"https:\/\/dev6.erresse-shop.it\/de\/wp-json\/wp\/v2\/product"}],"about":[{"href":"https:\/\/dev6.erresse-shop.it\/de\/wp-json\/wp\/v2\/types\/product"}],"wp:featuredmedia":[{"embeddable":true,"href":"https:\/\/dev6.erresse-shop.it\/de\/wp-json\/wp\/v2\/media\/6297037"}],"wp:attachment":[{"href":"https:\/\/dev6.erresse-shop.it\/de\/wp-json\/wp\/v2\/media?parent=2302775"}],"wp:term":[{"taxonomy":"product_cat","embeddable":true,"href":"https:\/\/dev6.erresse-shop.it\/de\/wp-json\/wp\/v2\/product_cat?post=2302775"},{"taxonomy":"product_tag","embeddable":true,"href":"https:\/\/dev6.erresse-shop.it\/de\/wp-json\/wp\/v2\/product_tag?post=2302775"}],"curies":[{"name":"wp","href":"https:\/\/api.w.org\/{rel}","templated":true}]}}