{"id":2302769,"date":"2026-04-04T14:17:44","date_gmt":"2026-04-04T12:17:44","guid":{"rendered":"https:\/\/dev6.erresse-shop.it\/shop\/unkategorisiert\/jura-kaffeemaschine-j8-piano-black\/"},"modified":"2025-11-30T17:49:24","modified_gmt":"2025-11-30T16:49:24","slug":"jura-kaffeemaschine-j8-piano-black","status":"publish","type":"product","link":"https:\/\/dev6.erresse-shop.it\/de\/shop\/kleine-elektrogeraete\/kaffeemaschinen-espresso\/automatisch\/jura-kaffeemaschine-j8-piano-black\/","title":{"rendered":"JURA Kaffeemaschine J8 Piano Black"},"content":{"rendered":"<p class>J8 f\u00fcr Kaffeespezialit\u00e4ten \u2013 Auch mit Ges\u00fc\u00dftem Milchschaum<\/p>\n<p class>Die neue Generation der weltweit gesch\u00e4tzten J-Serie umfasst eine Reihe von technologischen Innovationen f\u00fcr ein noch perfekteres Kaffeevergn\u00fcgen. Neben der gesamten Palette klassischer Kaffees bietet die J8 jetzt noch mehr Spezialit\u00e4ten.<\/p>\n<p class>Sweet Foam Funktion \u2013 Die Neue Grenze des Genusses<\/p>\n<p class>Das Geheimnis der Haute Cuisine liegt in der Verwendung von frischen, hochwertigen Zutaten, die meisterhaft zubereitet werden. Das gilt auch f\u00fcr au\u00dfergew\u00f6hnliche Kaffeespezialit\u00e4ten. Die neue Sweet Foam-Funktion aromatisiert den Milchschaum w\u00e4hrend der Zubereitung mit dem entsprechenden Sirupzubeh\u00f6r und bietet v\u00f6llig neue Dimensionen des Genusses. Durch die Auswahl und Dosierung des verwendeten Sirups kann der Geschmack und die Intensit\u00e4t genau auf die individuellen Vorlieben abgestimmt werden. Die J8 bereitet so auch trendige Spezialit\u00e4ten wie den Sweet Latte auf Knopfdruck zu.<\/p>\n<p class>Coffee Eye \u2013 Ein Intelligenter Tassen-Sensor<\/p>\n<p class>Ob Sie einen klassischen Kaffee vom zentralen Kaffeebeh\u00e4lter oder eine Spezialit\u00e4t mit Milch und Milchschaum vom Cappuccino-Auslauf zubereiten m\u00f6chten, der Coffee Eye erleichtert es. Der intelligente Sensor erkennt die Position der Tasse und passt automatisch die Auswahl der verf\u00fcgbaren Spezialit\u00e4ten auf dem Display an. So wird die Bedienung noch einfacher und intuitiver.<\/p>\n<p class>P.A.G.2&#43; \u2013 Hochtechnologie f\u00fcr Exzellentes Aroma<\/p>\n<p class>Die P.A.G.2&#43; Kaffeem\u00fchle ist eine Klasse f\u00fcr sich. Dies zeigt sich bereits im Sounddesign, das von der Formel 1 inspiriert ist. Die sogenannte Aroma-Kontrolle ist eine aktive Steuerung des Mahlgrads, die stets hervorragende Ergebnisse gew\u00e4hrleistet. Je nach ausgew\u00e4hltem Produkt empfiehlt die Maschine eine \u201cmittel\u201d oder \u201cintensiv\u201d Einstellung des Mahlgrads. Dadurch wird das Aroma in der Tasse kontrolliert. Die Mahlgradeinstellung kann jederzeit ge\u00e4ndert werden, aber vor und nach der Zubereitung bleibt die P.A.G.2&#43; im Standby, sodass sie ihre gesamte Lebensdauer \u00fcber erhalten bleibt. So garantiert die automatische Kaffeemaschine f\u00fcr Kaffeespezialit\u00e4ten auch weiterhin ein perfektes Aroma.<\/p>\n<p class>360\u00b0 Design \u2013 Ausdruck H\u00f6chster Expertise<\/p>\n<p class>Die \u00c4sthetik der J8 zeichnet sich durch klare, symmetrische Linien aus. H\u00f6chste Konstruktionsstandards und Pr\u00e4zision bei der Verarbeitung stehen f\u00fcr Qualit\u00e4t und Expertise. Die neue Interpretation des preisgekr\u00f6nten 360\u00b0-Designs beeindruckt mit Liebe zum Detail. Die Betonung der frischen Kaffeebohnen, die ansprechende Benutzeroberfl\u00e4che und die geschickte Beleuchtung des aromatischen Kaffees \u2013 alles f\u00fcgt sich zu einem harmonischen Ganzen und spiegelt die \u00dcberlegenheit dieser edlen Kaffeemaschine wider.<\/p>\n<p class>Verf\u00fcgbare Spezialit\u00e4ten:<\/p>\n<p>31 Optionen, darunter Espresso, Kaffee, Americano, Lungo, Doppel-Espresso, Cortado, Cappuccino, Flat White, Latte Macchiato und verschiedene \u201cSweet\u201d-Versionen f\u00fcr jede Getr\u00e4nk (z.B. Sweet Espresso Macchiato, Sweet Cappuccino, etc.).<br \/>\n\u201eSweet Foam\u201c-Funktion f\u00fcr die Zubereitung von s\u00fc\u00dfem Milchschaum.<\/p>\n<p class>Technische Daten:<\/p>\n<p class>Wassertankkapazit\u00e4t: 1,9 l<\/p>\n<p class>Kaffeebohnenspeicher-Kapazit\u00e4t: 280 g<\/p>\n<p class>Kaffeesatzbeh\u00e4lter-Kapazit\u00e4t: 16 Portionen<\/p>\n<p class>Gewicht: 10,2 kg<\/p>\n<p class>Ma\u00dfe: 31,8 \u00d7 34,8 \u00d7 44,6 cm<\/p>\n<p class>Leistung: 1450 W<\/p>\n<p class>Energiesparmodus und Zero-Energy Switch<\/p>\n<p class>Weitere Details:<\/p>\n<p class>Hergestellt in der Schweiz<\/p>\n<p class>Modelljahr: 2022<\/p>\n","protected":false},"excerpt":{"rendered":"<p>J8 f\u00fcr Kaffeespezialit\u00e4ten \u2013 Auch mit Ges\u00fc\u00dftem Milchschaum Die neue Generation der weltweit gesch\u00e4tzten J-Serie umfasst eine Reihe von technologischen Innovationen f\u00fcr ein noch perfekteres Kaffeevergn\u00fcgen. Neben der gesamten Palette klassischer Kaffees bietet die J8 jetzt noch mehr Spezialit\u00e4ten. Sweet Foam Funktion \u2013 Die Neue Grenze des Genusses Das Geheimnis der Haute Cuisine liegt in [&hellip;]<\/p>\n","protected":false},"featured_media":6297004,"template":"","meta":{"_acf_changed":false},"product_cat":[12184,12171,12163],"product_tag":[],"class_list":{"0":"post-2302769","1":"product","2":"type-product","3":"status-publish","4":"has-post-thumbnail","6":"product_cat-automatisch","7":"product_cat-kaffeemaschinen-espresso","8":"product_cat-kleine-elektrogeraete","10":"first","11":"instock","12":"sale","13":"taxable","14":"shipping-taxable","15":"purchasable","16":"product-type-simple","swatches":"rey-swatches","show_selected":"","stretch_labels":"rey-swatches--stretch-labels"},"acf":[],"yoast_head":"<!-- This site is optimized with the Yoast SEO plugin v25.4 - https:\/\/yoast.com\/wordpress\/plugins\/seo\/ -->\n<title>JURA Kaffeemaschine J8 Piano Black - dev6 Erresse<\/title>\n<meta name=\"description\" content=\"J8 f\u00fcr Kaffeespezialit\u00e4ten \u2013 Auch mit Ges\u00fc\u00dftem Milchschaum Die neue Generation der weltweit gesch\u00e4tzten J-Serie umfasst eine Reihe von technologischen\" \/>\n<meta name=\"robots\" content=\"noindex, follow, max-snippet:-1, max-image-preview:large, max-video-preview:-1\" \/>\n<meta property=\"og:locale\" content=\"de_DE\" \/>\n<meta property=\"og:type\" content=\"article\" \/>\n<meta property=\"og:title\" content=\"JURA Kaffeemaschine J8 Piano Black - dev6 Erresse\" \/>\n<meta property=\"og:description\" content=\"J8 f\u00fcr Kaffeespezialit\u00e4ten \u2013 Auch mit Ges\u00fc\u00dftem Milchschaum Die neue Generation der weltweit gesch\u00e4tzten J-Serie umfasst eine Reihe von technologischen\" \/>\n<meta property=\"og:url\" content=\"https:\/\/dev6.erresse-shop.it\/de\/shop\/kleine-elektrogeraete\/kaffeemaschinen-espresso\/automatisch\/jura-kaffeemaschine-j8-piano-black\/\" \/>\n<meta property=\"og:site_name\" content=\"dev6 Erresse\" \/>\n<meta property=\"og:image\" content=\"https:\/\/interpim.erresse-shop.it\/wp-content\/uploads\/2025\/03\/JURA-Macchina-Da-Caffe-J8-Piano-Black.jpg\/jura-macchina-da-caffe-j8-piano-black.jpg\" \/><meta property=\"og:image\" content=\"https:\/\/interpim.erresse-shop.it\/wp-content\/uploads\/2025\/03\/JURA-Macchina-Da-Caffe-J8-Piano-Black.jpg\/jura-macchina-da-caffe-j8-piano-black.jpg\" \/>\n\t<meta property=\"og:image:width\" content=\"1024\" \/>\n\t<meta property=\"og:image:height\" content=\"1024\" \/>\n\t<meta property=\"og:image:type\" content=\"image\/jpeg\" \/>\n<meta name=\"twitter:card\" content=\"summary_large_image\" \/>\n<meta name=\"twitter:image\" content=\"https:\/\/interpim.erresse-shop.it\/wp-content\/uploads\/2025\/03\/JURA-Macchina-Da-Caffe-J8-Piano-Black.jpg\/jura-macchina-da-caffe-j8-piano-black.jpg\" \/>\n<script type=\"application\/ld+json\" class=\"yoast-schema-graph\">{\"@context\":\"https:\/\/schema.org\",\"@graph\":[{\"@type\":\"WebPage\",\"@id\":\"https:\/\/dev6.erresse-shop.it\/de\/shop\/kleine-elektrogeraete\/kaffeemaschinen-espresso\/automatisch\/jura-kaffeemaschine-j8-piano-black\/\",\"url\":\"https:\/\/dev6.erresse-shop.it\/de\/shop\/kleine-elektrogeraete\/kaffeemaschinen-espresso\/automatisch\/jura-kaffeemaschine-j8-piano-black\/\",\"name\":\"JURA Kaffeemaschine J8 Piano Black - dev6 Erresse\",\"isPartOf\":{\"@id\":\"https:\/\/dev6.erresse-shop.it\/#website\"},\"primaryImageOfPage\":{\"@id\":\"https:\/\/dev6.erresse-shop.it\/de\/shop\/kleine-elektrogeraete\/kaffeemaschinen-espresso\/automatisch\/jura-kaffeemaschine-j8-piano-black\/#primaryimage\"},\"image\":{\"@id\":\"https:\/\/dev6.erresse-shop.it\/de\/shop\/kleine-elektrogeraete\/kaffeemaschinen-espresso\/automatisch\/jura-kaffeemaschine-j8-piano-black\/#primaryimage\"},\"thumbnailUrl\":\"https:\/\/i2.wp.com\/interpim.erresse-shop.it\/wp-content\/uploads\/2025\/03\/JURA-Macchina-Da-Caffe-J8-Piano-Black.jpg\/jura-macchina-da-caffe-j8-piano-black.jpg?ssl=1\",\"datePublished\":\"2026-04-04T12:17:44+00:00\",\"description\":\"J8 f\u00fcr Kaffeespezialit\u00e4ten \u2013 Auch mit Ges\u00fc\u00dftem Milchschaum Die neue Generation der weltweit gesch\u00e4tzten J-Serie umfasst eine Reihe von technologischen\",\"breadcrumb\":{\"@id\":\"https:\/\/dev6.erresse-shop.it\/de\/shop\/kleine-elektrogeraete\/kaffeemaschinen-espresso\/automatisch\/jura-kaffeemaschine-j8-piano-black\/#breadcrumb\"},\"inLanguage\":\"de\",\"potentialAction\":[{\"@type\":\"ReadAction\",\"target\":[\"https:\/\/dev6.erresse-shop.it\/de\/shop\/kleine-elektrogeraete\/kaffeemaschinen-espresso\/automatisch\/jura-kaffeemaschine-j8-piano-black\/\"]}]},{\"@type\":\"ImageObject\",\"inLanguage\":\"de\",\"@id\":\"https:\/\/dev6.erresse-shop.it\/de\/shop\/kleine-elektrogeraete\/kaffeemaschinen-espresso\/automatisch\/jura-kaffeemaschine-j8-piano-black\/#primaryimage\",\"url\":\"https:\/\/i2.wp.com\/interpim.erresse-shop.it\/wp-content\/uploads\/2025\/03\/JURA-Macchina-Da-Caffe-J8-Piano-Black.jpg\/jura-macchina-da-caffe-j8-piano-black.jpg?ssl=1\",\"contentUrl\":\"https:\/\/i2.wp.com\/interpim.erresse-shop.it\/wp-content\/uploads\/2025\/03\/JURA-Macchina-Da-Caffe-J8-Piano-Black.jpg\/jura-macchina-da-caffe-j8-piano-black.jpg?ssl=1\"},{\"@type\":\"BreadcrumbList\",\"@id\":\"https:\/\/dev6.erresse-shop.it\/de\/shop\/kleine-elektrogeraete\/kaffeemaschinen-espresso\/automatisch\/jura-kaffeemaschine-j8-piano-black\/#breadcrumb\",\"itemListElement\":[{\"@type\":\"ListItem\",\"position\":1,\"name\":\"Home\",\"item\":\"https:\/\/dev6.erresse-shop.it\/\"},{\"@type\":\"ListItem\",\"position\":2,\"name\":\"Shop\",\"item\":\"https:\/\/dev6.erresse-shop.it\/shop\/\"},{\"@type\":\"ListItem\",\"position\":3,\"name\":\"JURA Kaffeemaschine J8 Piano Black\"}]},{\"@type\":\"WebSite\",\"@id\":\"https:\/\/dev6.erresse-shop.it\/#website\",\"url\":\"https:\/\/dev6.erresse-shop.it\/\",\"name\":\"Erresse Shop\",\"description\":\"\",\"publisher\":{\"@id\":\"https:\/\/dev6.erresse-shop.it\/#organization\"},\"potentialAction\":[{\"@type\":\"SearchAction\",\"target\":{\"@type\":\"EntryPoint\",\"urlTemplate\":\"https:\/\/dev6.erresse-shop.it\/?s={search_term_string}\"},\"query-input\":{\"@type\":\"PropertyValueSpecification\",\"valueRequired\":true,\"valueName\":\"search_term_string\"}}],\"inLanguage\":\"de\"},{\"@type\":\"Organization\",\"@id\":\"https:\/\/dev6.erresse-shop.it\/#organization\",\"name\":\"Erresse Shop\",\"url\":\"https:\/\/dev6.erresse-shop.it\/\",\"logo\":{\"@type\":\"ImageObject\",\"inLanguage\":\"de\",\"@id\":\"https:\/\/dev6.erresse-shop.it\/#\/schema\/logo\/image\/\",\"url\":\"https:\/\/dev6.erresse-shop.it\/wp-content\/uploads\/2025\/01\/LOGO-ERRESSE-CLASSICO.svg\",\"contentUrl\":\"https:\/\/dev6.erresse-shop.it\/wp-content\/uploads\/2025\/01\/LOGO-ERRESSE-CLASSICO.svg\",\"caption\":\"Erresse Shop\"},\"image\":{\"@id\":\"https:\/\/dev6.erresse-shop.it\/#\/schema\/logo\/image\/\"}}]}<\/script>\n<!-- \/ Yoast SEO plugin. -->","yoast_head_json":{"title":"JURA Kaffeemaschine J8 Piano Black - dev6 Erresse","description":"J8 f\u00fcr Kaffeespezialit\u00e4ten \u2013 Auch mit Ges\u00fc\u00dftem Milchschaum Die neue Generation der weltweit gesch\u00e4tzten J-Serie umfasst eine Reihe von technologischen","robots":{"index":"noindex","follow":"follow","max-snippet":"max-snippet:-1","max-image-preview":"max-image-preview:large","max-video-preview":"max-video-preview:-1"},"og_locale":"de_DE","og_type":"article","og_title":"JURA Kaffeemaschine J8 Piano Black - dev6 Erresse","og_description":"J8 f\u00fcr Kaffeespezialit\u00e4ten \u2013 Auch mit Ges\u00fc\u00dftem Milchschaum Die neue Generation der weltweit gesch\u00e4tzten J-Serie umfasst eine Reihe von technologischen","og_url":"https:\/\/dev6.erresse-shop.it\/de\/shop\/kleine-elektrogeraete\/kaffeemaschinen-espresso\/automatisch\/jura-kaffeemaschine-j8-piano-black\/","og_site_name":"dev6 Erresse","og_image":[{"url":"https:\/\/interpim.erresse-shop.it\/wp-content\/uploads\/2025\/03\/JURA-Macchina-Da-Caffe-J8-Piano-Black.jpg\/jura-macchina-da-caffe-j8-piano-black.jpg","type":"","width":"","height":""},{"url":"https:\/\/interpim.erresse-shop.it\/wp-content\/uploads\/2025\/03\/JURA-Macchina-Da-Caffe-J8-Piano-Black.jpg\/jura-macchina-da-caffe-j8-piano-black.jpg","width":1024,"height":1024,"type":"image\/jpeg"}],"twitter_card":"summary_large_image","twitter_image":"https:\/\/interpim.erresse-shop.it\/wp-content\/uploads\/2025\/03\/JURA-Macchina-Da-Caffe-J8-Piano-Black.jpg\/jura-macchina-da-caffe-j8-piano-black.jpg","schema":{"@context":"https:\/\/schema.org","@graph":[{"@type":"WebPage","@id":"https:\/\/dev6.erresse-shop.it\/de\/shop\/kleine-elektrogeraete\/kaffeemaschinen-espresso\/automatisch\/jura-kaffeemaschine-j8-piano-black\/","url":"https:\/\/dev6.erresse-shop.it\/de\/shop\/kleine-elektrogeraete\/kaffeemaschinen-espresso\/automatisch\/jura-kaffeemaschine-j8-piano-black\/","name":"JURA Kaffeemaschine J8 Piano Black - dev6 Erresse","isPartOf":{"@id":"https:\/\/dev6.erresse-shop.it\/#website"},"primaryImageOfPage":{"@id":"https:\/\/dev6.erresse-shop.it\/de\/shop\/kleine-elektrogeraete\/kaffeemaschinen-espresso\/automatisch\/jura-kaffeemaschine-j8-piano-black\/#primaryimage"},"image":{"@id":"https:\/\/dev6.erresse-shop.it\/de\/shop\/kleine-elektrogeraete\/kaffeemaschinen-espresso\/automatisch\/jura-kaffeemaschine-j8-piano-black\/#primaryimage"},"thumbnailUrl":"https:\/\/i2.wp.com\/interpim.erresse-shop.it\/wp-content\/uploads\/2025\/03\/JURA-Macchina-Da-Caffe-J8-Piano-Black.jpg\/jura-macchina-da-caffe-j8-piano-black.jpg?ssl=1","datePublished":"2026-04-04T12:17:44+00:00","description":"J8 f\u00fcr Kaffeespezialit\u00e4ten \u2013 Auch mit Ges\u00fc\u00dftem Milchschaum Die neue Generation der weltweit gesch\u00e4tzten J-Serie umfasst eine Reihe von technologischen","breadcrumb":{"@id":"https:\/\/dev6.erresse-shop.it\/de\/shop\/kleine-elektrogeraete\/kaffeemaschinen-espresso\/automatisch\/jura-kaffeemaschine-j8-piano-black\/#breadcrumb"},"inLanguage":"de","potentialAction":[{"@type":"ReadAction","target":["https:\/\/dev6.erresse-shop.it\/de\/shop\/kleine-elektrogeraete\/kaffeemaschinen-espresso\/automatisch\/jura-kaffeemaschine-j8-piano-black\/"]}]},{"@type":"ImageObject","inLanguage":"de","@id":"https:\/\/dev6.erresse-shop.it\/de\/shop\/kleine-elektrogeraete\/kaffeemaschinen-espresso\/automatisch\/jura-kaffeemaschine-j8-piano-black\/#primaryimage","url":"https:\/\/i2.wp.com\/interpim.erresse-shop.it\/wp-content\/uploads\/2025\/03\/JURA-Macchina-Da-Caffe-J8-Piano-Black.jpg\/jura-macchina-da-caffe-j8-piano-black.jpg?ssl=1","contentUrl":"https:\/\/i2.wp.com\/interpim.erresse-shop.it\/wp-content\/uploads\/2025\/03\/JURA-Macchina-Da-Caffe-J8-Piano-Black.jpg\/jura-macchina-da-caffe-j8-piano-black.jpg?ssl=1"},{"@type":"BreadcrumbList","@id":"https:\/\/dev6.erresse-shop.it\/de\/shop\/kleine-elektrogeraete\/kaffeemaschinen-espresso\/automatisch\/jura-kaffeemaschine-j8-piano-black\/#breadcrumb","itemListElement":[{"@type":"ListItem","position":1,"name":"Home","item":"https:\/\/dev6.erresse-shop.it\/"},{"@type":"ListItem","position":2,"name":"Shop","item":"https:\/\/dev6.erresse-shop.it\/shop\/"},{"@type":"ListItem","position":3,"name":"JURA Kaffeemaschine J8 Piano Black"}]},{"@type":"WebSite","@id":"https:\/\/dev6.erresse-shop.it\/#website","url":"https:\/\/dev6.erresse-shop.it\/","name":"Erresse Shop","description":"","publisher":{"@id":"https:\/\/dev6.erresse-shop.it\/#organization"},"potentialAction":[{"@type":"SearchAction","target":{"@type":"EntryPoint","urlTemplate":"https:\/\/dev6.erresse-shop.it\/?s={search_term_string}"},"query-input":{"@type":"PropertyValueSpecification","valueRequired":true,"valueName":"search_term_string"}}],"inLanguage":"de"},{"@type":"Organization","@id":"https:\/\/dev6.erresse-shop.it\/#organization","name":"Erresse Shop","url":"https:\/\/dev6.erresse-shop.it\/","logo":{"@type":"ImageObject","inLanguage":"de","@id":"https:\/\/dev6.erresse-shop.it\/#\/schema\/logo\/image\/","url":"https:\/\/dev6.erresse-shop.it\/wp-content\/uploads\/2025\/01\/LOGO-ERRESSE-CLASSICO.svg","contentUrl":"https:\/\/dev6.erresse-shop.it\/wp-content\/uploads\/2025\/01\/LOGO-ERRESSE-CLASSICO.svg","caption":"Erresse Shop"},"image":{"@id":"https:\/\/dev6.erresse-shop.it\/#\/schema\/logo\/image\/"}}]}},"df_price":1489,"df_sale_price":1489,"df_regular_price":1749,"df_image_link":"https:\/\/i2.wp.com\/interpim.erresse-shop.it\/wp-content\/uploads\/2025\/03\/JURA-Macchina-Da-Caffe-J8-Piano-Black.jpg\/jura-macchina-da-caffe-j8-piano-black.jpg?resize=300,300&ssl=1","fifu_image_url":"https:\/\/interpim.erresse-shop.it\/wp-content\/uploads\/2025\/03\/JURA-Macchina-Da-Caffe-J8-Piano-Black.jpg\/jura-macchina-da-caffe-j8-piano-black.jpg","_links":{"self":[{"href":"https:\/\/dev6.erresse-shop.it\/de\/wp-json\/wp\/v2\/product\/2302769","targetHints":{"allow":["GET"]}}],"collection":[{"href":"https:\/\/dev6.erresse-shop.it\/de\/wp-json\/wp\/v2\/product"}],"about":[{"href":"https:\/\/dev6.erresse-shop.it\/de\/wp-json\/wp\/v2\/types\/product"}],"wp:featuredmedia":[{"embeddable":true,"href":"https:\/\/dev6.erresse-shop.it\/de\/wp-json\/wp\/v2\/media\/6297004"}],"wp:attachment":[{"href":"https:\/\/dev6.erresse-shop.it\/de\/wp-json\/wp\/v2\/media?parent=2302769"}],"wp:term":[{"taxonomy":"product_cat","embeddable":true,"href":"https:\/\/dev6.erresse-shop.it\/de\/wp-json\/wp\/v2\/product_cat?post=2302769"},{"taxonomy":"product_tag","embeddable":true,"href":"https:\/\/dev6.erresse-shop.it\/de\/wp-json\/wp\/v2\/product_tag?post=2302769"}],"curies":[{"name":"wp","href":"https:\/\/api.w.org\/{rel}","templated":true}]}}