{"id":2302767,"date":"2026-04-10T14:59:00","date_gmt":"2026-04-10T12:59:00","guid":{"rendered":"https:\/\/dev6.erresse-shop.it\/shop\/unkategorisiert\/jura-kaffeemaschine-giga-10-diamond-black\/"},"modified":"2026-01-29T19:18:32","modified_gmt":"2026-01-29T18:18:32","slug":"jura-kaffeemaschine-giga-10-diamond-black","status":"publish","type":"product","link":"https:\/\/dev6.erresse-shop.it\/de\/shop\/kleine-elektrogeraete\/kaffeemaschinen-espresso\/automatisch\/jura-kaffeemaschine-giga-10-diamond-black\/","title":{"rendered":"JURA Kaffeemaschine GIGA 10 Diamond Black"},"content":{"rendered":"<p class>Die Verk\u00f6rperung eines unvergleichlichen Kaffeegenusses<\/p>\n<p class>Die GIGA 10, das Nonplusultra unter den Kaffeevollautomaten, erreicht neue H\u00f6chstleistungen in Bezug auf Leistung und authentischen Kaffeegenuss.<\/p>\n<p class>Mehr Auswahl, mehr Personalisierungsm\u00f6glichkeiten<\/p>\n<p class>Mit ihren 35 Kaffeespezialit\u00e4ten bietet die GIGA 10 die gr\u00f6\u00dfte Auswahl aller JURA Vollautomaten. Aber das ist noch nicht alles: Die innovative Steuerung der Maschine erm\u00f6glicht unz\u00e4hlige Personalisierungsoptionen, um die GIGA 10 an individuelle Vorlieben anzupassen. Genie\u00dfen Sie beispielsweise einen besonders intensiven Flat White, indem Sie die Extra Shot-Funktion aktivieren. Der revolution\u00e4re Cold Extraction Process verdoppelt die Vielzahl der Aromen, sodass alle Kaffeespezialit\u00e4ten auch mit kaltem Wasser zubereitet werden k\u00f6nnen. Dank des neuen Bypasses f\u00fcr kaltes Wasser k\u00f6nnen au\u00dferdem lange Barista-Spezialit\u00e4ten zubereitet werden. Genie\u00dfen Sie also einen Kaffee im reinsten Barista-Stil und verwandeln Sie Ihr Zuhause in eine trendige Bar.<\/p>\n<p class>Zwei Kaffeem\u00fchlen mit keramischen Mahlwerken f\u00fcr einen noch intensiveren Genuss<\/p>\n<p class>Um maximale Professionalit\u00e4t zu gew\u00e4hrleisten, verf\u00fcgt die GIGA 10 nicht nur \u00fcber eine, sondern \u00fcber zwei pr\u00e4zise Kaffeem\u00fchlen aus hochwertiger, langlebiger Keramik. Zwei Kaffeebohnentanks im eleganten Turbinen-Design, jeweils mit einer Kaffeem\u00fchle verbunden, erm\u00f6glichen es, f\u00fcr jede Tasse die ideale Kaffeeblends oder die bevorzugte Mischung auszuw\u00e4hlen. Genie\u00dfen Sie zum Beispiel einen aromatischen Espresso, der mit einer dunklen und intensiveren R\u00f6stung zubereitet wird, oder lange, zarte Kaffeespezialit\u00e4ten mit Milch, die mit einer mittleren R\u00f6stung zubereitet werden.<\/p>\n<p class>Panorama Coffee Panel f\u00fcr ein v\u00f6llig neues Benutzererlebnis<\/p>\n<p class>Um einen vollst\u00e4ndigen \u00dcberblick \u00fcber alle Einstellungsm\u00f6glichkeiten zu bieten und eine noch intuitivere Bedienung der GIGA 10 zu gew\u00e4hrleisten, ist der Vollautomat mit einem neuen, gro\u00dfz\u00fcgigen Panorama-Panel mit Touch-Technologie ausgestattet. Das neue Panorama-Panel der GIGA 10 bietet immer einen vollst\u00e4ndigen \u00dcberblick, und die benutzerfreundliche Oberfl\u00e4che erm\u00f6glicht eine bequeme Navigation durch die zahlreichen Einstellungsm\u00f6glichkeiten. Um die bevorzugte Spezialit\u00e4t zuzubereiten und sie vollst\u00e4ndig an die pers\u00f6nlichen Vorlieben anzupassen, m\u00fcssen Sie einfach den Touchscreen ber\u00fchren oder dar\u00fcber wischen. Stellen Sie die Tassengr\u00f6\u00dfe, die Kaffeest\u00e4rke oder das Verh\u00e4ltnis von Kaffee zu Milch und Milchschaum ein \u2013 mit der GIGA 10 ist alles m\u00f6glich.<\/p>\n<p class>Gro\u00dfe Leistung, au\u00dfergew\u00f6hnliches Design<\/p>\n<p class>Die beeindruckende Leistung und die geballte Kraft der GIGA 10 spiegeln sich in ihrem auff\u00e4lligen Design wider. Das raffinierte Diamond Black-Frontpanel mit chromatischen Elementen und das markante Panorama Coffee Panel strahlen eine zur\u00fcckhaltende \u00dcberlegenheit aus. Die beiden Kaffeebohnentanks im Turbinen-Design erinnern an den leistungsstarken Motor eines Sportwagens und vereinen Luxus mit hervorragender Leistung. Der neue Tassenablageboden rundet das Gesamtbild harmonisch ab. Mit ihrem spektakul\u00e4ren Design und dem authentischen Prestige, das sie ausstrahlt, stellt die GIGA 10 den perfekten Kaffeegenuss meisterhaft zur Schau.<\/p>\n<p class>Verf\u00fcgbare Spezialit\u00e4ten:<\/p>\n<p class>35 Optionen: Espresso, Cold Brew Espresso, 2\u00d7 Espresso, Caf\u00e9, Cold Brew Caf\u00e9, 2\u00d7 Caf\u00e9, Americano, Cold Brew Americano, 2\u00d7 Americano, Lungo, Cold Brew Lungo, 2\u00d7 Lungo, Doppio Espresso, Cold Brew Doppio Espresso, Cortado, Cold Brew Cortado, Espresso Macchiato, Cold Brew Espresso Macchiato, Caffelatte, Cold Brew Caffelatte, Caffelatte Extra Shot, Cappuccino, Cold Brew Cappuccino, Cappuccino Extra Shot, Flat White, Flat White Cold Brew, Flat White Extra Shot, Latte Macchiato, Cold Brew Latte Macchiato, Latte Macchiato Extra Shot, Portion von Milchschaum, Portion von Milch, Hei\u00dfwasser, Wasser f\u00fcr gr\u00fcnen Tee.<\/p>\n<p class>Technische Spezifikationen:<\/p>\n<p class>Wasserbeh\u00e4lterkapazit\u00e4t: 2,6 l<\/p>\n<p class>Kapazit\u00e4t des Kaffeebohnentanks: 2\u00d7280 g<\/p>\n<p class>Kaffeesatzbeh\u00e4lter: 20 Portionen<\/p>\n<p class>Gewicht: 18 kg<\/p>\n<p class>Abmessungen: 32 \u00d7 41,5 \u00d7 49,6 cm<\/p>\n<p class>Leistung: 2300 W<\/p>\n<p class>Weitere Details:<\/p>\n<p class>Herstellungsland: Schweiz<\/p>\n<p class>Modelljahr: 2022<\/p>\n","protected":false},"excerpt":{"rendered":"<p>Die Verk\u00f6rperung eines unvergleichlichen Kaffeegenusses Die GIGA 10, das Nonplusultra unter den Kaffeevollautomaten, erreicht neue H\u00f6chstleistungen in Bezug auf Leistung und authentischen Kaffeegenuss. Mehr Auswahl, mehr Personalisierungsm\u00f6glichkeiten Mit ihren 35 Kaffeespezialit\u00e4ten bietet die GIGA 10 die gr\u00f6\u00dfte Auswahl aller JURA Vollautomaten. Aber das ist noch nicht alles: Die innovative Steuerung der Maschine erm\u00f6glicht unz\u00e4hlige Personalisierungsoptionen, [&hellip;]<\/p>\n","protected":false},"featured_media":6338626,"template":"","meta":{"_acf_changed":false},"product_cat":[12184,12171,12163],"product_tag":[],"class_list":{"0":"post-2302767","1":"product","2":"type-product","3":"status-publish","4":"has-post-thumbnail","6":"product_cat-automatisch","7":"product_cat-kaffeemaschinen-espresso","8":"product_cat-kleine-elektrogeraete","10":"first","11":"instock","12":"sale","13":"taxable","14":"shipping-taxable","15":"purchasable","16":"product-type-simple","swatches":"rey-swatches","show_selected":"","stretch_labels":"rey-swatches--stretch-labels"},"acf":[],"yoast_head":"<!-- This site is optimized with the Yoast SEO plugin v25.4 - https:\/\/yoast.com\/wordpress\/plugins\/seo\/ -->\n<title>JURA Kaffeemaschine GIGA 10 Diamond Black - dev6 Erresse<\/title>\n<meta name=\"description\" content=\"Die Verk\u00f6rperung eines unvergleichlichen Kaffeegenusses Die GIGA 10, das Nonplusultra unter den Kaffeevollautomaten, erreicht neue H\u00f6chstleistungen in\" \/>\n<meta name=\"robots\" content=\"noindex, follow, max-snippet:-1, max-image-preview:large, max-video-preview:-1\" \/>\n<meta property=\"og:locale\" content=\"de_DE\" \/>\n<meta property=\"og:type\" content=\"article\" \/>\n<meta property=\"og:title\" content=\"JURA Kaffeemaschine GIGA 10 Diamond Black - dev6 Erresse\" \/>\n<meta property=\"og:description\" content=\"Die Verk\u00f6rperung eines unvergleichlichen Kaffeegenusses Die GIGA 10, das Nonplusultra unter den Kaffeevollautomaten, erreicht neue H\u00f6chstleistungen in\" \/>\n<meta property=\"og:url\" content=\"https:\/\/dev6.erresse-shop.it\/de\/shop\/kleine-elektrogeraete\/kaffeemaschinen-espresso\/automatisch\/jura-kaffeemaschine-giga-10-diamond-black\/\" \/>\n<meta property=\"og:site_name\" content=\"dev6 Erresse\" \/>\n<meta property=\"og:image\" content=\"https:\/\/interpim.erresse-shop.it\/wp-content\/uploads\/2025\/03\/JURA-Macchina-Da-Caffe-GIGA-10-Diamond-Black.jpg\/jura-macchina-da-caffe-giga-10-diamond-black.jpg\" \/><meta property=\"og:image\" content=\"https:\/\/interpim.erresse-shop.it\/wp-content\/uploads\/2025\/03\/JURA-Macchina-Da-Caffe-GIGA-10-Diamond-Black.jpg\/jura-macchina-da-caffe-giga-10-diamond-black.jpg\" \/>\n\t<meta property=\"og:image:width\" content=\"1024\" \/>\n\t<meta property=\"og:image:height\" content=\"1024\" \/>\n\t<meta property=\"og:image:type\" content=\"image\/jpeg\" \/>\n<meta name=\"twitter:card\" content=\"summary_large_image\" \/>\n<meta name=\"twitter:image\" content=\"https:\/\/interpim.erresse-shop.it\/wp-content\/uploads\/2025\/03\/JURA-Macchina-Da-Caffe-GIGA-10-Diamond-Black.jpg\/jura-macchina-da-caffe-giga-10-diamond-black.jpg\" \/>\n<script type=\"application\/ld+json\" class=\"yoast-schema-graph\">{\"@context\":\"https:\/\/schema.org\",\"@graph\":[{\"@type\":\"WebPage\",\"@id\":\"https:\/\/dev6.erresse-shop.it\/de\/shop\/kleine-elektrogeraete\/kaffeemaschinen-espresso\/automatisch\/jura-kaffeemaschine-giga-10-diamond-black\/\",\"url\":\"https:\/\/dev6.erresse-shop.it\/de\/shop\/kleine-elektrogeraete\/kaffeemaschinen-espresso\/automatisch\/jura-kaffeemaschine-giga-10-diamond-black\/\",\"name\":\"JURA Kaffeemaschine GIGA 10 Diamond Black - dev6 Erresse\",\"isPartOf\":{\"@id\":\"https:\/\/dev6.erresse-shop.it\/#website\"},\"primaryImageOfPage\":{\"@id\":\"https:\/\/dev6.erresse-shop.it\/de\/shop\/kleine-elektrogeraete\/kaffeemaschinen-espresso\/automatisch\/jura-kaffeemaschine-giga-10-diamond-black\/#primaryimage\"},\"image\":{\"@id\":\"https:\/\/dev6.erresse-shop.it\/de\/shop\/kleine-elektrogeraete\/kaffeemaschinen-espresso\/automatisch\/jura-kaffeemaschine-giga-10-diamond-black\/#primaryimage\"},\"thumbnailUrl\":\"https:\/\/i1.wp.com\/interpim.erresse-shop.it\/wp-content\/uploads\/2025\/03\/JURA-Macchina-Da-Caffe-GIGA-10-Diamond-Black.jpg\/jura-macchina-da-caffe-giga-10-diamond-black.jpg?ssl=1\",\"datePublished\":\"2026-04-10T12:59:00+00:00\",\"description\":\"Die Verk\u00f6rperung eines unvergleichlichen Kaffeegenusses Die GIGA 10, das Nonplusultra unter den Kaffeevollautomaten, erreicht neue H\u00f6chstleistungen in\",\"breadcrumb\":{\"@id\":\"https:\/\/dev6.erresse-shop.it\/de\/shop\/kleine-elektrogeraete\/kaffeemaschinen-espresso\/automatisch\/jura-kaffeemaschine-giga-10-diamond-black\/#breadcrumb\"},\"inLanguage\":\"de\",\"potentialAction\":[{\"@type\":\"ReadAction\",\"target\":[\"https:\/\/dev6.erresse-shop.it\/de\/shop\/kleine-elektrogeraete\/kaffeemaschinen-espresso\/automatisch\/jura-kaffeemaschine-giga-10-diamond-black\/\"]}]},{\"@type\":\"ImageObject\",\"inLanguage\":\"de\",\"@id\":\"https:\/\/dev6.erresse-shop.it\/de\/shop\/kleine-elektrogeraete\/kaffeemaschinen-espresso\/automatisch\/jura-kaffeemaschine-giga-10-diamond-black\/#primaryimage\",\"url\":\"https:\/\/i1.wp.com\/interpim.erresse-shop.it\/wp-content\/uploads\/2025\/03\/JURA-Macchina-Da-Caffe-GIGA-10-Diamond-Black.jpg\/jura-macchina-da-caffe-giga-10-diamond-black.jpg?ssl=1\",\"contentUrl\":\"https:\/\/i1.wp.com\/interpim.erresse-shop.it\/wp-content\/uploads\/2025\/03\/JURA-Macchina-Da-Caffe-GIGA-10-Diamond-Black.jpg\/jura-macchina-da-caffe-giga-10-diamond-black.jpg?ssl=1\"},{\"@type\":\"BreadcrumbList\",\"@id\":\"https:\/\/dev6.erresse-shop.it\/de\/shop\/kleine-elektrogeraete\/kaffeemaschinen-espresso\/automatisch\/jura-kaffeemaschine-giga-10-diamond-black\/#breadcrumb\",\"itemListElement\":[{\"@type\":\"ListItem\",\"position\":1,\"name\":\"Home\",\"item\":\"https:\/\/dev6.erresse-shop.it\/\"},{\"@type\":\"ListItem\",\"position\":2,\"name\":\"Shop\",\"item\":\"https:\/\/dev6.erresse-shop.it\/shop\/\"},{\"@type\":\"ListItem\",\"position\":3,\"name\":\"JURA Kaffeemaschine GIGA 10 Diamond Black\"}]},{\"@type\":\"WebSite\",\"@id\":\"https:\/\/dev6.erresse-shop.it\/#website\",\"url\":\"https:\/\/dev6.erresse-shop.it\/\",\"name\":\"Erresse Shop\",\"description\":\"\",\"publisher\":{\"@id\":\"https:\/\/dev6.erresse-shop.it\/#organization\"},\"potentialAction\":[{\"@type\":\"SearchAction\",\"target\":{\"@type\":\"EntryPoint\",\"urlTemplate\":\"https:\/\/dev6.erresse-shop.it\/?s={search_term_string}\"},\"query-input\":{\"@type\":\"PropertyValueSpecification\",\"valueRequired\":true,\"valueName\":\"search_term_string\"}}],\"inLanguage\":\"de\"},{\"@type\":\"Organization\",\"@id\":\"https:\/\/dev6.erresse-shop.it\/#organization\",\"name\":\"Erresse Shop\",\"url\":\"https:\/\/dev6.erresse-shop.it\/\",\"logo\":{\"@type\":\"ImageObject\",\"inLanguage\":\"de\",\"@id\":\"https:\/\/dev6.erresse-shop.it\/#\/schema\/logo\/image\/\",\"url\":\"https:\/\/dev6.erresse-shop.it\/wp-content\/uploads\/2025\/01\/LOGO-ERRESSE-CLASSICO.svg\",\"contentUrl\":\"https:\/\/dev6.erresse-shop.it\/wp-content\/uploads\/2025\/01\/LOGO-ERRESSE-CLASSICO.svg\",\"caption\":\"Erresse Shop\"},\"image\":{\"@id\":\"https:\/\/dev6.erresse-shop.it\/#\/schema\/logo\/image\/\"}}]}<\/script>\n<!-- \/ Yoast SEO plugin. -->","yoast_head_json":{"title":"JURA Kaffeemaschine GIGA 10 Diamond Black - dev6 Erresse","description":"Die Verk\u00f6rperung eines unvergleichlichen Kaffeegenusses Die GIGA 10, das Nonplusultra unter den Kaffeevollautomaten, erreicht neue H\u00f6chstleistungen in","robots":{"index":"noindex","follow":"follow","max-snippet":"max-snippet:-1","max-image-preview":"max-image-preview:large","max-video-preview":"max-video-preview:-1"},"og_locale":"de_DE","og_type":"article","og_title":"JURA Kaffeemaschine GIGA 10 Diamond Black - dev6 Erresse","og_description":"Die Verk\u00f6rperung eines unvergleichlichen Kaffeegenusses Die GIGA 10, das Nonplusultra unter den Kaffeevollautomaten, erreicht neue H\u00f6chstleistungen in","og_url":"https:\/\/dev6.erresse-shop.it\/de\/shop\/kleine-elektrogeraete\/kaffeemaschinen-espresso\/automatisch\/jura-kaffeemaschine-giga-10-diamond-black\/","og_site_name":"dev6 Erresse","og_image":[{"url":"https:\/\/interpim.erresse-shop.it\/wp-content\/uploads\/2025\/03\/JURA-Macchina-Da-Caffe-GIGA-10-Diamond-Black.jpg\/jura-macchina-da-caffe-giga-10-diamond-black.jpg","type":"","width":"","height":""},{"url":"https:\/\/interpim.erresse-shop.it\/wp-content\/uploads\/2025\/03\/JURA-Macchina-Da-Caffe-GIGA-10-Diamond-Black.jpg\/jura-macchina-da-caffe-giga-10-diamond-black.jpg","width":1024,"height":1024,"type":"image\/jpeg"}],"twitter_card":"summary_large_image","twitter_image":"https:\/\/interpim.erresse-shop.it\/wp-content\/uploads\/2025\/03\/JURA-Macchina-Da-Caffe-GIGA-10-Diamond-Black.jpg\/jura-macchina-da-caffe-giga-10-diamond-black.jpg","schema":{"@context":"https:\/\/schema.org","@graph":[{"@type":"WebPage","@id":"https:\/\/dev6.erresse-shop.it\/de\/shop\/kleine-elektrogeraete\/kaffeemaschinen-espresso\/automatisch\/jura-kaffeemaschine-giga-10-diamond-black\/","url":"https:\/\/dev6.erresse-shop.it\/de\/shop\/kleine-elektrogeraete\/kaffeemaschinen-espresso\/automatisch\/jura-kaffeemaschine-giga-10-diamond-black\/","name":"JURA Kaffeemaschine GIGA 10 Diamond Black - dev6 Erresse","isPartOf":{"@id":"https:\/\/dev6.erresse-shop.it\/#website"},"primaryImageOfPage":{"@id":"https:\/\/dev6.erresse-shop.it\/de\/shop\/kleine-elektrogeraete\/kaffeemaschinen-espresso\/automatisch\/jura-kaffeemaschine-giga-10-diamond-black\/#primaryimage"},"image":{"@id":"https:\/\/dev6.erresse-shop.it\/de\/shop\/kleine-elektrogeraete\/kaffeemaschinen-espresso\/automatisch\/jura-kaffeemaschine-giga-10-diamond-black\/#primaryimage"},"thumbnailUrl":"https:\/\/i1.wp.com\/interpim.erresse-shop.it\/wp-content\/uploads\/2025\/03\/JURA-Macchina-Da-Caffe-GIGA-10-Diamond-Black.jpg\/jura-macchina-da-caffe-giga-10-diamond-black.jpg?ssl=1","datePublished":"2026-04-10T12:59:00+00:00","description":"Die Verk\u00f6rperung eines unvergleichlichen Kaffeegenusses Die GIGA 10, das Nonplusultra unter den Kaffeevollautomaten, erreicht neue H\u00f6chstleistungen in","breadcrumb":{"@id":"https:\/\/dev6.erresse-shop.it\/de\/shop\/kleine-elektrogeraete\/kaffeemaschinen-espresso\/automatisch\/jura-kaffeemaschine-giga-10-diamond-black\/#breadcrumb"},"inLanguage":"de","potentialAction":[{"@type":"ReadAction","target":["https:\/\/dev6.erresse-shop.it\/de\/shop\/kleine-elektrogeraete\/kaffeemaschinen-espresso\/automatisch\/jura-kaffeemaschine-giga-10-diamond-black\/"]}]},{"@type":"ImageObject","inLanguage":"de","@id":"https:\/\/dev6.erresse-shop.it\/de\/shop\/kleine-elektrogeraete\/kaffeemaschinen-espresso\/automatisch\/jura-kaffeemaschine-giga-10-diamond-black\/#primaryimage","url":"https:\/\/i1.wp.com\/interpim.erresse-shop.it\/wp-content\/uploads\/2025\/03\/JURA-Macchina-Da-Caffe-GIGA-10-Diamond-Black.jpg\/jura-macchina-da-caffe-giga-10-diamond-black.jpg?ssl=1","contentUrl":"https:\/\/i1.wp.com\/interpim.erresse-shop.it\/wp-content\/uploads\/2025\/03\/JURA-Macchina-Da-Caffe-GIGA-10-Diamond-Black.jpg\/jura-macchina-da-caffe-giga-10-diamond-black.jpg?ssl=1"},{"@type":"BreadcrumbList","@id":"https:\/\/dev6.erresse-shop.it\/de\/shop\/kleine-elektrogeraete\/kaffeemaschinen-espresso\/automatisch\/jura-kaffeemaschine-giga-10-diamond-black\/#breadcrumb","itemListElement":[{"@type":"ListItem","position":1,"name":"Home","item":"https:\/\/dev6.erresse-shop.it\/"},{"@type":"ListItem","position":2,"name":"Shop","item":"https:\/\/dev6.erresse-shop.it\/shop\/"},{"@type":"ListItem","position":3,"name":"JURA Kaffeemaschine GIGA 10 Diamond Black"}]},{"@type":"WebSite","@id":"https:\/\/dev6.erresse-shop.it\/#website","url":"https:\/\/dev6.erresse-shop.it\/","name":"Erresse Shop","description":"","publisher":{"@id":"https:\/\/dev6.erresse-shop.it\/#organization"},"potentialAction":[{"@type":"SearchAction","target":{"@type":"EntryPoint","urlTemplate":"https:\/\/dev6.erresse-shop.it\/?s={search_term_string}"},"query-input":{"@type":"PropertyValueSpecification","valueRequired":true,"valueName":"search_term_string"}}],"inLanguage":"de"},{"@type":"Organization","@id":"https:\/\/dev6.erresse-shop.it\/#organization","name":"Erresse Shop","url":"https:\/\/dev6.erresse-shop.it\/","logo":{"@type":"ImageObject","inLanguage":"de","@id":"https:\/\/dev6.erresse-shop.it\/#\/schema\/logo\/image\/","url":"https:\/\/dev6.erresse-shop.it\/wp-content\/uploads\/2025\/01\/LOGO-ERRESSE-CLASSICO.svg","contentUrl":"https:\/\/dev6.erresse-shop.it\/wp-content\/uploads\/2025\/01\/LOGO-ERRESSE-CLASSICO.svg","caption":"Erresse Shop"},"image":{"@id":"https:\/\/dev6.erresse-shop.it\/#\/schema\/logo\/image\/"}}]}},"df_price":2639,"df_sale_price":2639,"df_regular_price":3779,"df_image_link":"https:\/\/i1.wp.com\/interpim.erresse-shop.it\/wp-content\/uploads\/2025\/03\/JURA-Macchina-Da-Caffe-GIGA-10-Diamond-Black.jpg\/jura-macchina-da-caffe-giga-10-diamond-black.jpg?resize=300,300&ssl=1","fifu_image_url":"https:\/\/interpim.erresse-shop.it\/wp-content\/uploads\/2025\/03\/JURA-Macchina-Da-Caffe-GIGA-10-Diamond-Black.jpg\/jura-macchina-da-caffe-giga-10-diamond-black.jpg","_links":{"self":[{"href":"https:\/\/dev6.erresse-shop.it\/de\/wp-json\/wp\/v2\/product\/2302767","targetHints":{"allow":["GET"]}}],"collection":[{"href":"https:\/\/dev6.erresse-shop.it\/de\/wp-json\/wp\/v2\/product"}],"about":[{"href":"https:\/\/dev6.erresse-shop.it\/de\/wp-json\/wp\/v2\/types\/product"}],"wp:featuredmedia":[{"embeddable":true,"href":"https:\/\/dev6.erresse-shop.it\/de\/wp-json\/wp\/v2\/media\/6338626"}],"wp:attachment":[{"href":"https:\/\/dev6.erresse-shop.it\/de\/wp-json\/wp\/v2\/media?parent=2302767"}],"wp:term":[{"taxonomy":"product_cat","embeddable":true,"href":"https:\/\/dev6.erresse-shop.it\/de\/wp-json\/wp\/v2\/product_cat?post=2302767"},{"taxonomy":"product_tag","embeddable":true,"href":"https:\/\/dev6.erresse-shop.it\/de\/wp-json\/wp\/v2\/product_tag?post=2302767"}],"curies":[{"name":"wp","href":"https:\/\/api.w.org\/{rel}","templated":true}]}}