{"id":2302763,"date":"2026-04-12T14:20:13","date_gmt":"2026-04-12T12:20:13","guid":{"rendered":"https:\/\/dev6.erresse-shop.it\/shop\/unkategorisiert\/jura-kaffeemaschine-e8-dark-inox\/"},"modified":"2026-01-29T19:18:29","modified_gmt":"2026-01-29T18:18:29","slug":"jura-kaffeemaschine-e8-dark-inox","status":"publish","type":"product","link":"https:\/\/dev6.erresse-shop.it\/de\/shop\/kleine-elektrogeraete\/kaffeemaschinen-espresso\/automatisch\/jura-kaffeemaschine-e8-dark-inox\/","title":{"rendered":"JURA Kaffeemaschine E8 Dark Inox"},"content":{"rendered":"<p>Gesch\u00e4tzt, begehrt, gepr\u00fcft<\/p>\n<p>Die neuste Generation des E8 erf\u00fcllt die hohen Anspr\u00fcche an die Weiterentwicklung des erfolgreichsten Kaffeespezialit\u00e4ten-Vollautomaten von JURA vollumf\u00e4nglich. Sie begeistert mit exzellenter Kaffeequalit\u00e4t, \u00fcberzeugt durch h\u00f6chsten Bedienkomfort und besticht durch ein schlankes, modernes Design.<\/p>\n<p>Super einfach zu bedienen<\/p>\n<p>Das gro\u00dfe 3,5\u2033-Display mit sechs Bedientasten macht die Navigation durch alle Funktionen besonders einfach. Klare, verst\u00e4ndliche Bilder und Grafiken erm\u00f6glichen eine intuitive Nutzung der vielf\u00e4ltigen M\u00f6glichkeiten der E8. Die Einstellungen aller Spezialit\u00e4ten und deren individuelle Platzierung auf dem Display lassen sich beliebig anpassen, Produktnamen ein- oder ausblenden. Alle relevanten Informationen werden \u00fcbersichtlich im Cockpit angezeigt. Die One-Touch-Milchsystemreinigung, die auf Knopfdruck automatisch f\u00fcr absolute Hygiene sorgt, vereinfacht die Pflege deutlich.<\/p>\n<p>Pr\u00e4zises Mahlen, entspannter Genuss<\/p>\n<p>Mit besten Zutaten und optimaler Zubereitung gelingt ein perfektes Ergebnis in der Tasse. Die fortschrittliche Kaffeem\u00fchle P.A.G.2 sorgt Tasse f\u00fcr Tasse f\u00fcr das ideale Mahlen des Kaffees. \u00dcber einen ergonomischen Wahlhebel k\u00f6nnen die Mahlgrade jederzeit ver\u00e4ndert werden. Der Standby-Zustand zwischen den Zubereitungen schont die Kaffeem\u00fchle, sorgt f\u00fcr eine lange Lebensdauer und garantiert stets hervorragenden Kaffeegeschmack. Die 3D-Br\u00fchgruppe der achten Generation sorgt f\u00fcr ideale Br\u00fchbedingungen und ein un\u00fcbertroffenes Geschmackserlebnis. So bietet die E8 au\u00dfergew\u00f6hnlichen Kaffeegenuss ein Maschinenleben lang.<\/p>\n<p>Modernes und harmonisches Design<\/p>\n<p>Bei der Perfektionierung seiner Produkte legt JURA besonderen Wert auf das Design. Deshalb zeichnet sich der E8 durch einen hohen Wiedererkennungswert, viel Liebe zum Detail, die Verwendung hochwertiger Materialien und pr\u00e4zise Verarbeitung aus. Das schlanke, moderne Design zeichnet sich durch eine harmonisch symmetrische Linienf\u00fchrung aus. Klare und essentielle Formen mit markanten Details verleihen dem Automaten Struktur und Charakter. Diese Elemente schaffen die idealen Voraussetzungen daf\u00fcr, dass das Design des E8 auch nach vielen Jahren frisch und modern bleibt.<\/p>\n<p>Kaffee in all seiner Vielfalt<\/p>\n<p>Mit der E8 gelingt die perfekte Zubereitung eines breiten Repertoires an klassischen und trendigen Kaffeespezialit\u00e4ten. W\u00e4hlen Sie aus 17 Sorten, die auf Knopfdruck fertig sind, auf Kaffeebasis oder mit k\u00f6stlichem Milchschaum gekr\u00f6nt. Selbstverst\u00e4ndlich k\u00f6nnen alle Spezialit\u00e4ten dem individuellen Geschmack und der gew\u00e4hlten Tassengr\u00f6\u00dfe angepasst werden. Modernste Technologie sorgt f\u00fcr optimale Extraktionsbedingungen und l\u00e4sst den Kaffee sein volles Aroma entfalten, unabh\u00e4ngig von Mischung und R\u00f6stgrad.<\/p>\n<p>Verf\u00fcgbare Spezialit\u00e4ten:<\/p>\n<p>17 Optionen: Espresso, 2\u00d7 Espresso, Kaffee, 2\u00d7 Kaffee, Americano, Lungo, Doppelter Espresso, Cortado, Espresso macchiato, Cappuccino, Cappuccino Extra Shot, Flat White, Flat White Extra Shot, Latte macchiato, Latte macchiato Extra Shot, Milchschaumportion, Hei\u00dfes Wasser<\/p>\n<p>Technische Daten:<\/p>\n<p>Wassertankkapazit\u00e4t: 1,9 l<br \/>\nKapazit\u00e4t des Kaffeebohnenbeh\u00e4lters: 280 g<br \/>\nKaffeesatzbeh\u00e4lter: 16 Portionen<br \/>\nGewicht: 10 kg<br \/>\nAbmessungen: 28 \u00d7 35,1 \u00d7 44,6 cm<br \/>\nLeistung: 1450 W<\/p>\n<p>Weitere Einzelheiten:<\/p>\n<p>Produktionsland: Portugal<br \/>\nModelljahr: 2023<\/p>\n<p>\u00a0<\/p>\n","protected":false},"excerpt":{"rendered":"<p>Gesch\u00e4tzt, begehrt, gepr\u00fcft Die neuste Generation des E8 erf\u00fcllt die hohen Anspr\u00fcche an die Weiterentwicklung des erfolgreichsten Kaffeespezialit\u00e4ten-Vollautomaten von JURA vollumf\u00e4nglich. Sie begeistert mit exzellenter Kaffeequalit\u00e4t, \u00fcberzeugt durch h\u00f6chsten Bedienkomfort und besticht durch ein schlankes, modernes Design. Super einfach zu bedienen Das gro\u00dfe 3,5\u2033-Display mit sechs Bedientasten macht die Navigation durch alle Funktionen besonders einfach. [&hellip;]<\/p>\n","protected":false},"featured_media":6380240,"template":"","meta":{"_acf_changed":false},"product_cat":[12184,12171,12163],"product_tag":[],"class_list":{"0":"post-2302763","1":"product","2":"type-product","3":"status-publish","4":"has-post-thumbnail","6":"product_cat-automatisch","7":"product_cat-kaffeemaschinen-espresso","8":"product_cat-kleine-elektrogeraete","10":"first","11":"instock","12":"sale","13":"taxable","14":"shipping-taxable","15":"purchasable","16":"product-type-simple","swatches":"rey-swatches","show_selected":"","stretch_labels":"rey-swatches--stretch-labels"},"acf":[],"yoast_head":"<!-- This site is optimized with the Yoast SEO plugin v25.4 - https:\/\/yoast.com\/wordpress\/plugins\/seo\/ -->\n<title>JURA Kaffeemaschine E8 Dark Inox - dev6 Erresse<\/title>\n<meta name=\"description\" content=\"Gesch\u00e4tzt, begehrt, gepr\u00fcft Die neuste Generation des E8 erf\u00fcllt die hohen Anspr\u00fcche an die Weiterentwicklung des erfolgreichsten\" \/>\n<meta name=\"robots\" content=\"noindex, follow, max-snippet:-1, max-image-preview:large, max-video-preview:-1\" \/>\n<meta property=\"og:locale\" content=\"de_DE\" \/>\n<meta property=\"og:type\" content=\"article\" \/>\n<meta property=\"og:title\" content=\"JURA Kaffeemaschine E8 Dark Inox - dev6 Erresse\" \/>\n<meta property=\"og:description\" content=\"Gesch\u00e4tzt, begehrt, gepr\u00fcft Die neuste Generation des E8 erf\u00fcllt die hohen Anspr\u00fcche an die Weiterentwicklung des erfolgreichsten\" \/>\n<meta property=\"og:url\" content=\"https:\/\/dev6.erresse-shop.it\/de\/shop\/kleine-elektrogeraete\/kaffeemaschinen-espresso\/automatisch\/jura-kaffeemaschine-e8-dark-inox\/\" \/>\n<meta property=\"og:site_name\" content=\"dev6 Erresse\" \/>\n<meta property=\"og:image\" content=\"https:\/\/interpim.erresse-shop.it\/wp-content\/uploads\/2025\/03\/JURA-Macchina-Da-Caffe-E8-Dark-Inox.jpg\/jura-macchina-da-caffe-e8-dark-inox.jpg\" \/><meta property=\"og:image\" content=\"https:\/\/interpim.erresse-shop.it\/wp-content\/uploads\/2025\/03\/JURA-Macchina-Da-Caffe-E8-Dark-Inox.jpg\/jura-macchina-da-caffe-e8-dark-inox.jpg\" \/>\n\t<meta property=\"og:image:width\" content=\"1024\" \/>\n\t<meta property=\"og:image:height\" content=\"1024\" \/>\n\t<meta property=\"og:image:type\" content=\"image\/jpeg\" \/>\n<meta name=\"twitter:card\" content=\"summary_large_image\" \/>\n<meta name=\"twitter:image\" content=\"https:\/\/interpim.erresse-shop.it\/wp-content\/uploads\/2025\/03\/JURA-Macchina-Da-Caffe-E8-Dark-Inox.jpg\/jura-macchina-da-caffe-e8-dark-inox.jpg\" \/>\n<script type=\"application\/ld+json\" class=\"yoast-schema-graph\">{\"@context\":\"https:\/\/schema.org\",\"@graph\":[{\"@type\":\"WebPage\",\"@id\":\"https:\/\/dev6.erresse-shop.it\/de\/shop\/kleine-elektrogeraete\/kaffeemaschinen-espresso\/automatisch\/jura-kaffeemaschine-e8-dark-inox\/\",\"url\":\"https:\/\/dev6.erresse-shop.it\/de\/shop\/kleine-elektrogeraete\/kaffeemaschinen-espresso\/automatisch\/jura-kaffeemaschine-e8-dark-inox\/\",\"name\":\"JURA Kaffeemaschine E8 Dark Inox - dev6 Erresse\",\"isPartOf\":{\"@id\":\"https:\/\/dev6.erresse-shop.it\/#website\"},\"primaryImageOfPage\":{\"@id\":\"https:\/\/dev6.erresse-shop.it\/de\/shop\/kleine-elektrogeraete\/kaffeemaschinen-espresso\/automatisch\/jura-kaffeemaschine-e8-dark-inox\/#primaryimage\"},\"image\":{\"@id\":\"https:\/\/dev6.erresse-shop.it\/de\/shop\/kleine-elektrogeraete\/kaffeemaschinen-espresso\/automatisch\/jura-kaffeemaschine-e8-dark-inox\/#primaryimage\"},\"thumbnailUrl\":\"https:\/\/i1.wp.com\/interpim.erresse-shop.it\/wp-content\/uploads\/2025\/03\/JURA-Macchina-Da-Caffe-E8-Dark-Inox.jpg\/jura-macchina-da-caffe-e8-dark-inox.jpg?ssl=1\",\"datePublished\":\"2026-04-12T12:20:13+00:00\",\"description\":\"Gesch\u00e4tzt, begehrt, gepr\u00fcft Die neuste Generation des E8 erf\u00fcllt die hohen Anspr\u00fcche an die Weiterentwicklung des erfolgreichsten\",\"breadcrumb\":{\"@id\":\"https:\/\/dev6.erresse-shop.it\/de\/shop\/kleine-elektrogeraete\/kaffeemaschinen-espresso\/automatisch\/jura-kaffeemaschine-e8-dark-inox\/#breadcrumb\"},\"inLanguage\":\"de\",\"potentialAction\":[{\"@type\":\"ReadAction\",\"target\":[\"https:\/\/dev6.erresse-shop.it\/de\/shop\/kleine-elektrogeraete\/kaffeemaschinen-espresso\/automatisch\/jura-kaffeemaschine-e8-dark-inox\/\"]}]},{\"@type\":\"ImageObject\",\"inLanguage\":\"de\",\"@id\":\"https:\/\/dev6.erresse-shop.it\/de\/shop\/kleine-elektrogeraete\/kaffeemaschinen-espresso\/automatisch\/jura-kaffeemaschine-e8-dark-inox\/#primaryimage\",\"url\":\"https:\/\/i1.wp.com\/interpim.erresse-shop.it\/wp-content\/uploads\/2025\/03\/JURA-Macchina-Da-Caffe-E8-Dark-Inox.jpg\/jura-macchina-da-caffe-e8-dark-inox.jpg?ssl=1\",\"contentUrl\":\"https:\/\/i1.wp.com\/interpim.erresse-shop.it\/wp-content\/uploads\/2025\/03\/JURA-Macchina-Da-Caffe-E8-Dark-Inox.jpg\/jura-macchina-da-caffe-e8-dark-inox.jpg?ssl=1\"},{\"@type\":\"BreadcrumbList\",\"@id\":\"https:\/\/dev6.erresse-shop.it\/de\/shop\/kleine-elektrogeraete\/kaffeemaschinen-espresso\/automatisch\/jura-kaffeemaschine-e8-dark-inox\/#breadcrumb\",\"itemListElement\":[{\"@type\":\"ListItem\",\"position\":1,\"name\":\"Home\",\"item\":\"https:\/\/dev6.erresse-shop.it\/\"},{\"@type\":\"ListItem\",\"position\":2,\"name\":\"Shop\",\"item\":\"https:\/\/dev6.erresse-shop.it\/shop\/\"},{\"@type\":\"ListItem\",\"position\":3,\"name\":\"JURA Kaffeemaschine E8 Dark Inox\"}]},{\"@type\":\"WebSite\",\"@id\":\"https:\/\/dev6.erresse-shop.it\/#website\",\"url\":\"https:\/\/dev6.erresse-shop.it\/\",\"name\":\"Erresse Shop\",\"description\":\"\",\"publisher\":{\"@id\":\"https:\/\/dev6.erresse-shop.it\/#organization\"},\"potentialAction\":[{\"@type\":\"SearchAction\",\"target\":{\"@type\":\"EntryPoint\",\"urlTemplate\":\"https:\/\/dev6.erresse-shop.it\/?s={search_term_string}\"},\"query-input\":{\"@type\":\"PropertyValueSpecification\",\"valueRequired\":true,\"valueName\":\"search_term_string\"}}],\"inLanguage\":\"de\"},{\"@type\":\"Organization\",\"@id\":\"https:\/\/dev6.erresse-shop.it\/#organization\",\"name\":\"Erresse Shop\",\"url\":\"https:\/\/dev6.erresse-shop.it\/\",\"logo\":{\"@type\":\"ImageObject\",\"inLanguage\":\"de\",\"@id\":\"https:\/\/dev6.erresse-shop.it\/#\/schema\/logo\/image\/\",\"url\":\"https:\/\/dev6.erresse-shop.it\/wp-content\/uploads\/2025\/01\/LOGO-ERRESSE-CLASSICO.svg\",\"contentUrl\":\"https:\/\/dev6.erresse-shop.it\/wp-content\/uploads\/2025\/01\/LOGO-ERRESSE-CLASSICO.svg\",\"caption\":\"Erresse Shop\"},\"image\":{\"@id\":\"https:\/\/dev6.erresse-shop.it\/#\/schema\/logo\/image\/\"}}]}<\/script>\n<!-- \/ Yoast SEO plugin. -->","yoast_head_json":{"title":"JURA Kaffeemaschine E8 Dark Inox - dev6 Erresse","description":"Gesch\u00e4tzt, begehrt, gepr\u00fcft Die neuste Generation des E8 erf\u00fcllt die hohen Anspr\u00fcche an die Weiterentwicklung des erfolgreichsten","robots":{"index":"noindex","follow":"follow","max-snippet":"max-snippet:-1","max-image-preview":"max-image-preview:large","max-video-preview":"max-video-preview:-1"},"og_locale":"de_DE","og_type":"article","og_title":"JURA Kaffeemaschine E8 Dark Inox - dev6 Erresse","og_description":"Gesch\u00e4tzt, begehrt, gepr\u00fcft Die neuste Generation des E8 erf\u00fcllt die hohen Anspr\u00fcche an die Weiterentwicklung des erfolgreichsten","og_url":"https:\/\/dev6.erresse-shop.it\/de\/shop\/kleine-elektrogeraete\/kaffeemaschinen-espresso\/automatisch\/jura-kaffeemaschine-e8-dark-inox\/","og_site_name":"dev6 Erresse","og_image":[{"url":"https:\/\/interpim.erresse-shop.it\/wp-content\/uploads\/2025\/03\/JURA-Macchina-Da-Caffe-E8-Dark-Inox.jpg\/jura-macchina-da-caffe-e8-dark-inox.jpg","type":"","width":"","height":""},{"url":"https:\/\/interpim.erresse-shop.it\/wp-content\/uploads\/2025\/03\/JURA-Macchina-Da-Caffe-E8-Dark-Inox.jpg\/jura-macchina-da-caffe-e8-dark-inox.jpg","width":1024,"height":1024,"type":"image\/jpeg"}],"twitter_card":"summary_large_image","twitter_image":"https:\/\/interpim.erresse-shop.it\/wp-content\/uploads\/2025\/03\/JURA-Macchina-Da-Caffe-E8-Dark-Inox.jpg\/jura-macchina-da-caffe-e8-dark-inox.jpg","schema":{"@context":"https:\/\/schema.org","@graph":[{"@type":"WebPage","@id":"https:\/\/dev6.erresse-shop.it\/de\/shop\/kleine-elektrogeraete\/kaffeemaschinen-espresso\/automatisch\/jura-kaffeemaschine-e8-dark-inox\/","url":"https:\/\/dev6.erresse-shop.it\/de\/shop\/kleine-elektrogeraete\/kaffeemaschinen-espresso\/automatisch\/jura-kaffeemaschine-e8-dark-inox\/","name":"JURA Kaffeemaschine E8 Dark Inox - dev6 Erresse","isPartOf":{"@id":"https:\/\/dev6.erresse-shop.it\/#website"},"primaryImageOfPage":{"@id":"https:\/\/dev6.erresse-shop.it\/de\/shop\/kleine-elektrogeraete\/kaffeemaschinen-espresso\/automatisch\/jura-kaffeemaschine-e8-dark-inox\/#primaryimage"},"image":{"@id":"https:\/\/dev6.erresse-shop.it\/de\/shop\/kleine-elektrogeraete\/kaffeemaschinen-espresso\/automatisch\/jura-kaffeemaschine-e8-dark-inox\/#primaryimage"},"thumbnailUrl":"https:\/\/i1.wp.com\/interpim.erresse-shop.it\/wp-content\/uploads\/2025\/03\/JURA-Macchina-Da-Caffe-E8-Dark-Inox.jpg\/jura-macchina-da-caffe-e8-dark-inox.jpg?ssl=1","datePublished":"2026-04-12T12:20:13+00:00","description":"Gesch\u00e4tzt, begehrt, gepr\u00fcft Die neuste Generation des E8 erf\u00fcllt die hohen Anspr\u00fcche an die Weiterentwicklung des erfolgreichsten","breadcrumb":{"@id":"https:\/\/dev6.erresse-shop.it\/de\/shop\/kleine-elektrogeraete\/kaffeemaschinen-espresso\/automatisch\/jura-kaffeemaschine-e8-dark-inox\/#breadcrumb"},"inLanguage":"de","potentialAction":[{"@type":"ReadAction","target":["https:\/\/dev6.erresse-shop.it\/de\/shop\/kleine-elektrogeraete\/kaffeemaschinen-espresso\/automatisch\/jura-kaffeemaschine-e8-dark-inox\/"]}]},{"@type":"ImageObject","inLanguage":"de","@id":"https:\/\/dev6.erresse-shop.it\/de\/shop\/kleine-elektrogeraete\/kaffeemaschinen-espresso\/automatisch\/jura-kaffeemaschine-e8-dark-inox\/#primaryimage","url":"https:\/\/i1.wp.com\/interpim.erresse-shop.it\/wp-content\/uploads\/2025\/03\/JURA-Macchina-Da-Caffe-E8-Dark-Inox.jpg\/jura-macchina-da-caffe-e8-dark-inox.jpg?ssl=1","contentUrl":"https:\/\/i1.wp.com\/interpim.erresse-shop.it\/wp-content\/uploads\/2025\/03\/JURA-Macchina-Da-Caffe-E8-Dark-Inox.jpg\/jura-macchina-da-caffe-e8-dark-inox.jpg?ssl=1"},{"@type":"BreadcrumbList","@id":"https:\/\/dev6.erresse-shop.it\/de\/shop\/kleine-elektrogeraete\/kaffeemaschinen-espresso\/automatisch\/jura-kaffeemaschine-e8-dark-inox\/#breadcrumb","itemListElement":[{"@type":"ListItem","position":1,"name":"Home","item":"https:\/\/dev6.erresse-shop.it\/"},{"@type":"ListItem","position":2,"name":"Shop","item":"https:\/\/dev6.erresse-shop.it\/shop\/"},{"@type":"ListItem","position":3,"name":"JURA Kaffeemaschine E8 Dark Inox"}]},{"@type":"WebSite","@id":"https:\/\/dev6.erresse-shop.it\/#website","url":"https:\/\/dev6.erresse-shop.it\/","name":"Erresse Shop","description":"","publisher":{"@id":"https:\/\/dev6.erresse-shop.it\/#organization"},"potentialAction":[{"@type":"SearchAction","target":{"@type":"EntryPoint","urlTemplate":"https:\/\/dev6.erresse-shop.it\/?s={search_term_string}"},"query-input":{"@type":"PropertyValueSpecification","valueRequired":true,"valueName":"search_term_string"}}],"inLanguage":"de"},{"@type":"Organization","@id":"https:\/\/dev6.erresse-shop.it\/#organization","name":"Erresse Shop","url":"https:\/\/dev6.erresse-shop.it\/","logo":{"@type":"ImageObject","inLanguage":"de","@id":"https:\/\/dev6.erresse-shop.it\/#\/schema\/logo\/image\/","url":"https:\/\/dev6.erresse-shop.it\/wp-content\/uploads\/2025\/01\/LOGO-ERRESSE-CLASSICO.svg","contentUrl":"https:\/\/dev6.erresse-shop.it\/wp-content\/uploads\/2025\/01\/LOGO-ERRESSE-CLASSICO.svg","caption":"Erresse Shop"},"image":{"@id":"https:\/\/dev6.erresse-shop.it\/#\/schema\/logo\/image\/"}}]}},"df_price":1109,"df_sale_price":1109,"df_regular_price":1319,"df_image_link":"https:\/\/i1.wp.com\/interpim.erresse-shop.it\/wp-content\/uploads\/2025\/03\/JURA-Macchina-Da-Caffe-E8-Dark-Inox.jpg\/jura-macchina-da-caffe-e8-dark-inox.jpg?resize=300,300&ssl=1","fifu_image_url":"https:\/\/interpim.erresse-shop.it\/wp-content\/uploads\/2025\/03\/JURA-Macchina-Da-Caffe-E8-Dark-Inox.jpg\/jura-macchina-da-caffe-e8-dark-inox.jpg","_links":{"self":[{"href":"https:\/\/dev6.erresse-shop.it\/de\/wp-json\/wp\/v2\/product\/2302763","targetHints":{"allow":["GET"]}}],"collection":[{"href":"https:\/\/dev6.erresse-shop.it\/de\/wp-json\/wp\/v2\/product"}],"about":[{"href":"https:\/\/dev6.erresse-shop.it\/de\/wp-json\/wp\/v2\/types\/product"}],"wp:featuredmedia":[{"embeddable":true,"href":"https:\/\/dev6.erresse-shop.it\/de\/wp-json\/wp\/v2\/media\/6380240"}],"wp:attachment":[{"href":"https:\/\/dev6.erresse-shop.it\/de\/wp-json\/wp\/v2\/media?parent=2302763"}],"wp:term":[{"taxonomy":"product_cat","embeddable":true,"href":"https:\/\/dev6.erresse-shop.it\/de\/wp-json\/wp\/v2\/product_cat?post=2302763"},{"taxonomy":"product_tag","embeddable":true,"href":"https:\/\/dev6.erresse-shop.it\/de\/wp-json\/wp\/v2\/product_tag?post=2302763"}],"curies":[{"name":"wp","href":"https:\/\/api.w.org\/{rel}","templated":true}]}}