{"id":2302757,"date":"2026-04-12T14:17:45","date_gmt":"2026-04-12T12:17:45","guid":{"rendered":"https:\/\/dev6.erresse-shop.it\/shop\/unkategorisiert\/jura-kaffeemaschine-e4-piano-black\/"},"modified":"2026-01-29T19:18:24","modified_gmt":"2026-01-29T18:18:24","slug":"jura-kaffeemaschine-e4-piano-black","status":"publish","type":"product","link":"https:\/\/dev6.erresse-shop.it\/de\/shop\/kleine-elektrogeraete\/kaffeemaschinen-espresso\/automatisch\/jura-kaffeemaschine-e4-piano-black\/","title":{"rendered":"JURA Kaffeemaschine E4 Piano Black"},"content":{"rendered":"<p>Die authentischste Natur des Kaffees<\/p>\n<p>Hier ist der ideale Vollautomat f\u00fcr alle, die sich ganz auf das Wesentliche konzentrieren m\u00f6chten: den Genuss eines exzellenten Kaffees.<\/p>\n<p>Maximaler Bedienkomfort<\/p>\n<p>Maximaler Geschmack, minimale Komplexit\u00e4t: Un\u00fcbertroffener Kaffeegenuss ist dank Vorwahlfunktionen f\u00fcr pers\u00f6nliche Aromavorlieben nur einen Knopfdruck entfernt. Einfacher geht es nicht!<\/p>\n<p>Frisch gemahlen, nicht in Kapseln<\/p>\n<p>Die professionelle Aroma-Kaffeem\u00fchle garantiert 12,2 %* mehr Aroma und eine unver\u00e4ndert hohe Mahlqualit\u00e4t ein Maschinenleben lang. In Kombination mit der Br\u00fchgruppe der achten Generation und dem 3D-Infusionsprozess flie\u00dft der Kaffee immer in seiner authentischsten Form in die Tasse. Der E4 bereitet in zwei Zyklen doppelte Produkte zu. Das bedeutet maximales Aroma, da f\u00fcr beide Tassen die gesamte Bandbreite von 5 bis 16 Gramm Kaffeemehl aus der variablen Br\u00fchgruppe zur Verf\u00fcgung steht.<\/p>\n<p>Hei\u00dfes Wasser sofort bereit<\/p>\n<p>Lust auf eine Tasse Tee zur Abwechslung? Kein Problem! \u00dcber einen Drehknopf starten Sie bequem die Zubereitung von Heisswasser (bis zu 3 dl), das sofort in die Tasse zu fliessen beginnt.<\/p>\n<p>Harmonisches Design<\/p>\n<p>Die E4 pr\u00e4sentiert sich im charakteristischen Design der JURA-Kaffeespezialit\u00e4tenvollautomaten: klare Linien und klar definierte Fl\u00e4chen. H\u00f6chste Verarbeitungspr\u00e4zision und die minimalistische Formensprache unterstreichen die Premiumqualit\u00e4t dieses Automaten. Auch in der Farbwahl kommt der Purismus zum Ausdruck. W\u00e4hrend der gesamte Korpus in dezentem Piano Black gehalten ist, verleihen Chromdetails dem Ganzen eine besondere Note und schaffen den perfekten Rahmen f\u00fcr Momente authentischen Kaffeegenusses.<\/p>\n<p class>Verf\u00fcgbare Spezialit\u00e4ten:<\/p>\n<p class>Espresso, 2\u00d7 Espresso, Kaffee, 2\u00d7 Kaffee, Hei\u00dfes Wasser<\/p>\n<p class>Technische Daten:<\/p>\n<p class>Wassertankkapazit\u00e4t: 1,9 l<\/p>\n<p class>Kapazit\u00e4t des Kaffeebohnenbeh\u00e4lters: 280 g<\/p>\n<p class>Kaffeesatzbeh\u00e4lter: 16 Portionen<\/p>\n<p class>Gewicht: 9,8 kg<\/p>\n<p class>Abmessungen: 28 \u00d7 34,6 \u00d7 44,4 cm<\/p>\n<p class>Leistung: 1450 W<\/p>\n<p class>Weitere Details:<\/p>\n<p class>Produktionsland: Portugal<\/p>\n<p class>Modelljahr: 2021<\/p>\n<p>\u00a0<\/p>\n","protected":false},"excerpt":{"rendered":"<p>Die authentischste Natur des Kaffees Hier ist der ideale Vollautomat f\u00fcr alle, die sich ganz auf das Wesentliche konzentrieren m\u00f6chten: den Genuss eines exzellenten Kaffees. Maximaler Bedienkomfort Maximaler Geschmack, minimale Komplexit\u00e4t: Un\u00fcbertroffener Kaffeegenuss ist dank Vorwahlfunktionen f\u00fcr pers\u00f6nliche Aromavorlieben nur einen Knopfdruck entfernt. Einfacher geht es nicht! Frisch gemahlen, nicht in Kapseln Die professionelle Aroma-Kaffeem\u00fchle [&hellip;]<\/p>\n","protected":false},"featured_media":6380205,"template":"","meta":{"_acf_changed":false},"product_cat":[12184,12171,12163],"product_tag":[],"class_list":{"0":"post-2302757","1":"product","2":"type-product","3":"status-publish","4":"has-post-thumbnail","6":"product_cat-automatisch","7":"product_cat-kaffeemaschinen-espresso","8":"product_cat-kleine-elektrogeraete","10":"first","11":"instock","12":"sale","13":"taxable","14":"shipping-taxable","15":"purchasable","16":"product-type-simple","swatches":"rey-swatches","show_selected":"","stretch_labels":"rey-swatches--stretch-labels"},"acf":[],"yoast_head":"<!-- This site is optimized with the Yoast SEO plugin v25.4 - https:\/\/yoast.com\/wordpress\/plugins\/seo\/ -->\n<title>JURA Kaffeemaschine E4 Piano Black - dev6 Erresse<\/title>\n<meta name=\"description\" content=\"Die authentischste Natur des Kaffees Hier ist der ideale Vollautomat f\u00fcr alle, die sich ganz auf das Wesentliche konzentrieren m\u00f6chten: den Genuss eines\" \/>\n<meta name=\"robots\" content=\"noindex, follow, max-snippet:-1, max-image-preview:large, max-video-preview:-1\" \/>\n<meta property=\"og:locale\" content=\"de_DE\" \/>\n<meta property=\"og:type\" content=\"article\" \/>\n<meta property=\"og:title\" content=\"JURA Kaffeemaschine E4 Piano Black - dev6 Erresse\" \/>\n<meta property=\"og:description\" content=\"Die authentischste Natur des Kaffees Hier ist der ideale Vollautomat f\u00fcr alle, die sich ganz auf das Wesentliche konzentrieren m\u00f6chten: den Genuss eines\" \/>\n<meta property=\"og:url\" content=\"https:\/\/dev6.erresse-shop.it\/de\/shop\/kleine-elektrogeraete\/kaffeemaschinen-espresso\/automatisch\/jura-kaffeemaschine-e4-piano-black\/\" \/>\n<meta property=\"og:site_name\" content=\"dev6 Erresse\" \/>\n<meta property=\"og:image\" content=\"https:\/\/interpim.erresse-shop.it\/wp-content\/uploads\/2025\/03\/JURA-Macchina-Da-Caffe-E4-Piano-Black.jpg\/jura-macchina-da-caffe-e4-piano-black.jpg\" \/><meta property=\"og:image\" content=\"https:\/\/interpim.erresse-shop.it\/wp-content\/uploads\/2025\/03\/JURA-Macchina-Da-Caffe-E4-Piano-Black.jpg\/jura-macchina-da-caffe-e4-piano-black.jpg\" \/>\n\t<meta property=\"og:image:width\" content=\"1024\" \/>\n\t<meta property=\"og:image:height\" content=\"1024\" \/>\n\t<meta property=\"og:image:type\" content=\"image\/jpeg\" \/>\n<meta name=\"twitter:card\" content=\"summary_large_image\" \/>\n<meta name=\"twitter:image\" content=\"https:\/\/interpim.erresse-shop.it\/wp-content\/uploads\/2025\/03\/JURA-Macchina-Da-Caffe-E4-Piano-Black.jpg\/jura-macchina-da-caffe-e4-piano-black.jpg\" \/>\n<script type=\"application\/ld+json\" class=\"yoast-schema-graph\">{\"@context\":\"https:\/\/schema.org\",\"@graph\":[{\"@type\":\"WebPage\",\"@id\":\"https:\/\/dev6.erresse-shop.it\/de\/shop\/kleine-elektrogeraete\/kaffeemaschinen-espresso\/automatisch\/jura-kaffeemaschine-e4-piano-black\/\",\"url\":\"https:\/\/dev6.erresse-shop.it\/de\/shop\/kleine-elektrogeraete\/kaffeemaschinen-espresso\/automatisch\/jura-kaffeemaschine-e4-piano-black\/\",\"name\":\"JURA Kaffeemaschine E4 Piano Black - dev6 Erresse\",\"isPartOf\":{\"@id\":\"https:\/\/dev6.erresse-shop.it\/#website\"},\"primaryImageOfPage\":{\"@id\":\"https:\/\/dev6.erresse-shop.it\/de\/shop\/kleine-elektrogeraete\/kaffeemaschinen-espresso\/automatisch\/jura-kaffeemaschine-e4-piano-black\/#primaryimage\"},\"image\":{\"@id\":\"https:\/\/dev6.erresse-shop.it\/de\/shop\/kleine-elektrogeraete\/kaffeemaschinen-espresso\/automatisch\/jura-kaffeemaschine-e4-piano-black\/#primaryimage\"},\"thumbnailUrl\":\"https:\/\/i3.wp.com\/interpim.erresse-shop.it\/wp-content\/uploads\/2025\/03\/JURA-Macchina-Da-Caffe-E4-Piano-Black.jpg\/jura-macchina-da-caffe-e4-piano-black.jpg?ssl=1\",\"datePublished\":\"2026-04-12T12:17:45+00:00\",\"description\":\"Die authentischste Natur des Kaffees Hier ist der ideale Vollautomat f\u00fcr alle, die sich ganz auf das Wesentliche konzentrieren m\u00f6chten: den Genuss eines\",\"breadcrumb\":{\"@id\":\"https:\/\/dev6.erresse-shop.it\/de\/shop\/kleine-elektrogeraete\/kaffeemaschinen-espresso\/automatisch\/jura-kaffeemaschine-e4-piano-black\/#breadcrumb\"},\"inLanguage\":\"de\",\"potentialAction\":[{\"@type\":\"ReadAction\",\"target\":[\"https:\/\/dev6.erresse-shop.it\/de\/shop\/kleine-elektrogeraete\/kaffeemaschinen-espresso\/automatisch\/jura-kaffeemaschine-e4-piano-black\/\"]}]},{\"@type\":\"ImageObject\",\"inLanguage\":\"de\",\"@id\":\"https:\/\/dev6.erresse-shop.it\/de\/shop\/kleine-elektrogeraete\/kaffeemaschinen-espresso\/automatisch\/jura-kaffeemaschine-e4-piano-black\/#primaryimage\",\"url\":\"https:\/\/i3.wp.com\/interpim.erresse-shop.it\/wp-content\/uploads\/2025\/03\/JURA-Macchina-Da-Caffe-E4-Piano-Black.jpg\/jura-macchina-da-caffe-e4-piano-black.jpg?ssl=1\",\"contentUrl\":\"https:\/\/i3.wp.com\/interpim.erresse-shop.it\/wp-content\/uploads\/2025\/03\/JURA-Macchina-Da-Caffe-E4-Piano-Black.jpg\/jura-macchina-da-caffe-e4-piano-black.jpg?ssl=1\"},{\"@type\":\"BreadcrumbList\",\"@id\":\"https:\/\/dev6.erresse-shop.it\/de\/shop\/kleine-elektrogeraete\/kaffeemaschinen-espresso\/automatisch\/jura-kaffeemaschine-e4-piano-black\/#breadcrumb\",\"itemListElement\":[{\"@type\":\"ListItem\",\"position\":1,\"name\":\"Home\",\"item\":\"https:\/\/dev6.erresse-shop.it\/\"},{\"@type\":\"ListItem\",\"position\":2,\"name\":\"Shop\",\"item\":\"https:\/\/dev6.erresse-shop.it\/shop\/\"},{\"@type\":\"ListItem\",\"position\":3,\"name\":\"JURA Kaffeemaschine E4 Piano Black\"}]},{\"@type\":\"WebSite\",\"@id\":\"https:\/\/dev6.erresse-shop.it\/#website\",\"url\":\"https:\/\/dev6.erresse-shop.it\/\",\"name\":\"Erresse Shop\",\"description\":\"\",\"publisher\":{\"@id\":\"https:\/\/dev6.erresse-shop.it\/#organization\"},\"potentialAction\":[{\"@type\":\"SearchAction\",\"target\":{\"@type\":\"EntryPoint\",\"urlTemplate\":\"https:\/\/dev6.erresse-shop.it\/?s={search_term_string}\"},\"query-input\":{\"@type\":\"PropertyValueSpecification\",\"valueRequired\":true,\"valueName\":\"search_term_string\"}}],\"inLanguage\":\"de\"},{\"@type\":\"Organization\",\"@id\":\"https:\/\/dev6.erresse-shop.it\/#organization\",\"name\":\"Erresse Shop\",\"url\":\"https:\/\/dev6.erresse-shop.it\/\",\"logo\":{\"@type\":\"ImageObject\",\"inLanguage\":\"de\",\"@id\":\"https:\/\/dev6.erresse-shop.it\/#\/schema\/logo\/image\/\",\"url\":\"https:\/\/dev6.erresse-shop.it\/wp-content\/uploads\/2025\/01\/LOGO-ERRESSE-CLASSICO.svg\",\"contentUrl\":\"https:\/\/dev6.erresse-shop.it\/wp-content\/uploads\/2025\/01\/LOGO-ERRESSE-CLASSICO.svg\",\"caption\":\"Erresse Shop\"},\"image\":{\"@id\":\"https:\/\/dev6.erresse-shop.it\/#\/schema\/logo\/image\/\"}}]}<\/script>\n<!-- \/ Yoast SEO plugin. -->","yoast_head_json":{"title":"JURA Kaffeemaschine E4 Piano Black - dev6 Erresse","description":"Die authentischste Natur des Kaffees Hier ist der ideale Vollautomat f\u00fcr alle, die sich ganz auf das Wesentliche konzentrieren m\u00f6chten: den Genuss eines","robots":{"index":"noindex","follow":"follow","max-snippet":"max-snippet:-1","max-image-preview":"max-image-preview:large","max-video-preview":"max-video-preview:-1"},"og_locale":"de_DE","og_type":"article","og_title":"JURA Kaffeemaschine E4 Piano Black - dev6 Erresse","og_description":"Die authentischste Natur des Kaffees Hier ist der ideale Vollautomat f\u00fcr alle, die sich ganz auf das Wesentliche konzentrieren m\u00f6chten: den Genuss eines","og_url":"https:\/\/dev6.erresse-shop.it\/de\/shop\/kleine-elektrogeraete\/kaffeemaschinen-espresso\/automatisch\/jura-kaffeemaschine-e4-piano-black\/","og_site_name":"dev6 Erresse","og_image":[{"url":"https:\/\/interpim.erresse-shop.it\/wp-content\/uploads\/2025\/03\/JURA-Macchina-Da-Caffe-E4-Piano-Black.jpg\/jura-macchina-da-caffe-e4-piano-black.jpg","type":"","width":"","height":""},{"url":"https:\/\/interpim.erresse-shop.it\/wp-content\/uploads\/2025\/03\/JURA-Macchina-Da-Caffe-E4-Piano-Black.jpg\/jura-macchina-da-caffe-e4-piano-black.jpg","width":1024,"height":1024,"type":"image\/jpeg"}],"twitter_card":"summary_large_image","twitter_image":"https:\/\/interpim.erresse-shop.it\/wp-content\/uploads\/2025\/03\/JURA-Macchina-Da-Caffe-E4-Piano-Black.jpg\/jura-macchina-da-caffe-e4-piano-black.jpg","schema":{"@context":"https:\/\/schema.org","@graph":[{"@type":"WebPage","@id":"https:\/\/dev6.erresse-shop.it\/de\/shop\/kleine-elektrogeraete\/kaffeemaschinen-espresso\/automatisch\/jura-kaffeemaschine-e4-piano-black\/","url":"https:\/\/dev6.erresse-shop.it\/de\/shop\/kleine-elektrogeraete\/kaffeemaschinen-espresso\/automatisch\/jura-kaffeemaschine-e4-piano-black\/","name":"JURA Kaffeemaschine E4 Piano Black - dev6 Erresse","isPartOf":{"@id":"https:\/\/dev6.erresse-shop.it\/#website"},"primaryImageOfPage":{"@id":"https:\/\/dev6.erresse-shop.it\/de\/shop\/kleine-elektrogeraete\/kaffeemaschinen-espresso\/automatisch\/jura-kaffeemaschine-e4-piano-black\/#primaryimage"},"image":{"@id":"https:\/\/dev6.erresse-shop.it\/de\/shop\/kleine-elektrogeraete\/kaffeemaschinen-espresso\/automatisch\/jura-kaffeemaschine-e4-piano-black\/#primaryimage"},"thumbnailUrl":"https:\/\/i3.wp.com\/interpim.erresse-shop.it\/wp-content\/uploads\/2025\/03\/JURA-Macchina-Da-Caffe-E4-Piano-Black.jpg\/jura-macchina-da-caffe-e4-piano-black.jpg?ssl=1","datePublished":"2026-04-12T12:17:45+00:00","description":"Die authentischste Natur des Kaffees Hier ist der ideale Vollautomat f\u00fcr alle, die sich ganz auf das Wesentliche konzentrieren m\u00f6chten: den Genuss eines","breadcrumb":{"@id":"https:\/\/dev6.erresse-shop.it\/de\/shop\/kleine-elektrogeraete\/kaffeemaschinen-espresso\/automatisch\/jura-kaffeemaschine-e4-piano-black\/#breadcrumb"},"inLanguage":"de","potentialAction":[{"@type":"ReadAction","target":["https:\/\/dev6.erresse-shop.it\/de\/shop\/kleine-elektrogeraete\/kaffeemaschinen-espresso\/automatisch\/jura-kaffeemaschine-e4-piano-black\/"]}]},{"@type":"ImageObject","inLanguage":"de","@id":"https:\/\/dev6.erresse-shop.it\/de\/shop\/kleine-elektrogeraete\/kaffeemaschinen-espresso\/automatisch\/jura-kaffeemaschine-e4-piano-black\/#primaryimage","url":"https:\/\/i3.wp.com\/interpim.erresse-shop.it\/wp-content\/uploads\/2025\/03\/JURA-Macchina-Da-Caffe-E4-Piano-Black.jpg\/jura-macchina-da-caffe-e4-piano-black.jpg?ssl=1","contentUrl":"https:\/\/i3.wp.com\/interpim.erresse-shop.it\/wp-content\/uploads\/2025\/03\/JURA-Macchina-Da-Caffe-E4-Piano-Black.jpg\/jura-macchina-da-caffe-e4-piano-black.jpg?ssl=1"},{"@type":"BreadcrumbList","@id":"https:\/\/dev6.erresse-shop.it\/de\/shop\/kleine-elektrogeraete\/kaffeemaschinen-espresso\/automatisch\/jura-kaffeemaschine-e4-piano-black\/#breadcrumb","itemListElement":[{"@type":"ListItem","position":1,"name":"Home","item":"https:\/\/dev6.erresse-shop.it\/"},{"@type":"ListItem","position":2,"name":"Shop","item":"https:\/\/dev6.erresse-shop.it\/shop\/"},{"@type":"ListItem","position":3,"name":"JURA Kaffeemaschine E4 Piano Black"}]},{"@type":"WebSite","@id":"https:\/\/dev6.erresse-shop.it\/#website","url":"https:\/\/dev6.erresse-shop.it\/","name":"Erresse Shop","description":"","publisher":{"@id":"https:\/\/dev6.erresse-shop.it\/#organization"},"potentialAction":[{"@type":"SearchAction","target":{"@type":"EntryPoint","urlTemplate":"https:\/\/dev6.erresse-shop.it\/?s={search_term_string}"},"query-input":{"@type":"PropertyValueSpecification","valueRequired":true,"valueName":"search_term_string"}}],"inLanguage":"de"},{"@type":"Organization","@id":"https:\/\/dev6.erresse-shop.it\/#organization","name":"Erresse Shop","url":"https:\/\/dev6.erresse-shop.it\/","logo":{"@type":"ImageObject","inLanguage":"de","@id":"https:\/\/dev6.erresse-shop.it\/#\/schema\/logo\/image\/","url":"https:\/\/dev6.erresse-shop.it\/wp-content\/uploads\/2025\/01\/LOGO-ERRESSE-CLASSICO.svg","contentUrl":"https:\/\/dev6.erresse-shop.it\/wp-content\/uploads\/2025\/01\/LOGO-ERRESSE-CLASSICO.svg","caption":"Erresse Shop"},"image":{"@id":"https:\/\/dev6.erresse-shop.it\/#\/schema\/logo\/image\/"}}]}},"df_price":699,"df_sale_price":699,"df_regular_price":919,"df_image_link":"https:\/\/i3.wp.com\/interpim.erresse-shop.it\/wp-content\/uploads\/2025\/03\/JURA-Macchina-Da-Caffe-E4-Piano-Black.jpg\/jura-macchina-da-caffe-e4-piano-black.jpg?resize=300,300&ssl=1","fifu_image_url":"https:\/\/interpim.erresse-shop.it\/wp-content\/uploads\/2025\/03\/JURA-Macchina-Da-Caffe-E4-Piano-Black.jpg\/jura-macchina-da-caffe-e4-piano-black.jpg","_links":{"self":[{"href":"https:\/\/dev6.erresse-shop.it\/de\/wp-json\/wp\/v2\/product\/2302757","targetHints":{"allow":["GET"]}}],"collection":[{"href":"https:\/\/dev6.erresse-shop.it\/de\/wp-json\/wp\/v2\/product"}],"about":[{"href":"https:\/\/dev6.erresse-shop.it\/de\/wp-json\/wp\/v2\/types\/product"}],"wp:featuredmedia":[{"embeddable":true,"href":"https:\/\/dev6.erresse-shop.it\/de\/wp-json\/wp\/v2\/media\/6380205"}],"wp:attachment":[{"href":"https:\/\/dev6.erresse-shop.it\/de\/wp-json\/wp\/v2\/media?parent=2302757"}],"wp:term":[{"taxonomy":"product_cat","embeddable":true,"href":"https:\/\/dev6.erresse-shop.it\/de\/wp-json\/wp\/v2\/product_cat?post=2302757"},{"taxonomy":"product_tag","embeddable":true,"href":"https:\/\/dev6.erresse-shop.it\/de\/wp-json\/wp\/v2\/product_tag?post=2302757"}],"curies":[{"name":"wp","href":"https:\/\/api.w.org\/{rel}","templated":true}]}}