{"id":2302749,"date":"2026-04-04T14:15:17","date_gmt":"2026-04-04T12:15:17","guid":{"rendered":"https:\/\/dev6.erresse-shop.it\/shop\/unkategorisiert\/emile-henry-pizza-stone-feuerfest-fusain\/"},"modified":"2025-09-14T03:26:23","modified_gmt":"2025-09-14T01:26:23","slug":"emile-henry-pizza-stone-feuerfest-fusain","status":"publish","type":"product","link":"https:\/\/dev6.erresse-shop.it\/de\/shop\/toepfe-pfannen\/toepfe-und-backformen\/emile-henry-pizza-stone-feuerfest-fusain\/","title":{"rendered":"EMILE HENRY Pizza stone Feuerfest Fusain"},"content":{"rendered":"<p>Emile Henry wurde im Jahr 1850 gegr\u00fcndet.<br \/>\nDie Keramik von Emile Henry erm\u00f6glicht eine allm\u00e4hliche Ausbreitung der Hitze beim Niedertemperaturgaren von Lebensmitteln, damit Geschmack und Aroma sowie die nat\u00fcrlichen Bestandteile der Lebensmittel erhalten bleiben.<br \/>\nDas gesunde Niedertemperaturgaren von Emile Henry-Keramik bewahrt den Geschmack, die Vitamine und den N\u00e4hrwert.<br \/>\nDie Produkte von Emile Henry werden aus nat\u00fcrlichen Bestandteilen hergestellt: unbehandelter Ton f\u00fcr die Mischung, Sand, gefiltertes Wasser, nat\u00fcrliche Mineraloxide f\u00fcr die Farben. Die Produkte von Emile Henry enthalten keine gesundheitssch\u00e4dlichen Schwermetalle: kein Blei, Kadmium oder Nickel.<br \/>\nDie Produkte von Emile Henry sind sto\u00dffest und k\u00f6nnen bei hohen Temperaturschwankungen verwendet werden. Sie k\u00f6nnen in der Sp\u00fclmaschine gereinigt werden.<\/p>\n<p>Unser glatter Pizzastein ist ein einzigartiges Backblech aus feuerfester Keramik. Mit ihm k\u00f6nnen Sie k\u00f6stliche Pizzen mit einer goldenen, knusprigen Kruste zubereiten.<\/p>\n<p>Ihre Pizza wird perfekt gegart, genau wie in einem traditionellen Ofen.<br \/>\nDie glatte Oberfl\u00e4che ist ideal zum Kneten und Ausrollen des Teigs sowie zum Belegen der Pizza. F\u00fcr eine sch\u00f6ne knusprige Kruste muss sie nur noch in den Ofen geschoben werden.<\/p>\n<p>Dank der gro\u00dfen Griffe l\u00e4sst sich der Pizzastein leicht aus dem Ofen nehmen und am Tisch servieren.<br \/>\nPraktisch: Er h\u00e4lt Ihre Pizza w\u00e4hrend der gesamten Mahlzeit warm und Sie k\u00f6nnen die Portionen direkt auf der Keramikoberfl\u00e4che schneiden.<\/p>\n<p>Alle Produkte von Emile Henry werden in Frankreich hergestellt und verf\u00fcgen \u00fcber eine zehnj\u00e4hrige Garantie.<\/p>\n<p>L\u00e4nge\/Durchmesser \u2013 cm 40 x 40 x 3 cm<br \/>\nGewicht \u2013 KG 2,4<br \/>\nH\u00f6chsttemperatur \u2013 \u00b0C 450 \u00b0C<br \/>\nMindesttemperatur \u2013 \u00b0C -20 \u00b0C<\/p>\n","protected":false},"excerpt":{"rendered":"<p>Emile Henry wurde im Jahr 1850 gegr\u00fcndet. Die Keramik von Emile Henry erm\u00f6glicht eine allm\u00e4hliche Ausbreitung der Hitze beim Niedertemperaturgaren von Lebensmitteln, damit Geschmack und Aroma sowie die nat\u00fcrlichen Bestandteile der Lebensmittel erhalten bleiben. Das gesunde Niedertemperaturgaren von Emile Henry-Keramik bewahrt den Geschmack, die Vitamine und den N\u00e4hrwert. Die Produkte von Emile Henry werden aus [&hellip;]<\/p>\n","protected":false},"featured_media":6296916,"template":"","meta":{"_acf_changed":false},"product_cat":[12158,12099],"product_tag":[],"class_list":{"0":"post-2302749","1":"product","2":"type-product","3":"status-publish","4":"has-post-thumbnail","6":"product_cat-toepfe-und-backformen","7":"product_cat-toepfe-pfannen","9":"first","10":"instock","11":"sale","12":"taxable","13":"shipping-taxable","14":"purchasable","15":"product-type-simple","swatches":"rey-swatches","show_selected":"","stretch_labels":"rey-swatches--stretch-labels"},"acf":[],"yoast_head":"<!-- This site is optimized with the Yoast SEO plugin v25.4 - https:\/\/yoast.com\/wordpress\/plugins\/seo\/ -->\n<title>EMILE HENRY Pizza stone Feuerfest Fusain - dev6 Erresse<\/title>\n<meta name=\"description\" content=\"Emile Henry wurde im Jahr 1850 gegr\u00fcndet. Die Keramik von Emile Henry erm\u00f6glicht eine allm\u00e4hliche Ausbreitung der Hitze beim Niedertemperaturgaren von\" \/>\n<meta name=\"robots\" content=\"noindex, follow, max-snippet:-1, max-image-preview:large, max-video-preview:-1\" \/>\n<meta property=\"og:locale\" content=\"de_DE\" \/>\n<meta property=\"og:type\" content=\"article\" \/>\n<meta property=\"og:title\" content=\"EMILE HENRY Pizza stone Feuerfest Fusain - dev6 Erresse\" \/>\n<meta property=\"og:description\" content=\"Emile Henry wurde im Jahr 1850 gegr\u00fcndet. Die Keramik von Emile Henry erm\u00f6glicht eine allm\u00e4hliche Ausbreitung der Hitze beim Niedertemperaturgaren von\" \/>\n<meta property=\"og:url\" content=\"https:\/\/dev6.erresse-shop.it\/de\/shop\/toepfe-pfannen\/toepfe-und-backformen\/emile-henry-pizza-stone-feuerfest-fusain\/\" \/>\n<meta property=\"og:site_name\" content=\"dev6 Erresse\" \/>\n<meta property=\"og:image\" content=\"https:\/\/interpim.erresse-shop.it\/Import\/Prodotti\/emile-henry-pietra-refrattaria-per-pizza.jpg\" \/><meta property=\"og:image\" content=\"https:\/\/interpim.erresse-shop.it\/Import\/Prodotti\/emile-henry-pietra-refrattaria-per-pizza.jpg\" \/>\n\t<meta property=\"og:image:width\" content=\"1024\" \/>\n\t<meta property=\"og:image:height\" content=\"1024\" \/>\n\t<meta property=\"og:image:type\" content=\"image\/jpeg\" \/>\n<meta name=\"twitter:card\" content=\"summary_large_image\" \/>\n<meta name=\"twitter:image\" content=\"https:\/\/interpim.erresse-shop.it\/Import\/Prodotti\/emile-henry-pietra-refrattaria-per-pizza.jpg\" \/>\n<script type=\"application\/ld+json\" class=\"yoast-schema-graph\">{\"@context\":\"https:\/\/schema.org\",\"@graph\":[{\"@type\":\"WebPage\",\"@id\":\"https:\/\/dev6.erresse-shop.it\/de\/shop\/toepfe-pfannen\/toepfe-und-backformen\/emile-henry-pizza-stone-feuerfest-fusain\/\",\"url\":\"https:\/\/dev6.erresse-shop.it\/de\/shop\/toepfe-pfannen\/toepfe-und-backformen\/emile-henry-pizza-stone-feuerfest-fusain\/\",\"name\":\"EMILE HENRY Pizza stone Feuerfest Fusain - dev6 Erresse\",\"isPartOf\":{\"@id\":\"https:\/\/dev6.erresse-shop.it\/#website\"},\"primaryImageOfPage\":{\"@id\":\"https:\/\/dev6.erresse-shop.it\/de\/shop\/toepfe-pfannen\/toepfe-und-backformen\/emile-henry-pizza-stone-feuerfest-fusain\/#primaryimage\"},\"image\":{\"@id\":\"https:\/\/dev6.erresse-shop.it\/de\/shop\/toepfe-pfannen\/toepfe-und-backformen\/emile-henry-pizza-stone-feuerfest-fusain\/#primaryimage\"},\"thumbnailUrl\":\"https:\/\/i2.wp.com\/interpim.erresse-shop.it\/Import\/Prodotti\/emile-henry-pietra-refrattaria-per-pizza.jpg?ssl=1\",\"datePublished\":\"2026-04-04T12:15:17+00:00\",\"description\":\"Emile Henry wurde im Jahr 1850 gegr\u00fcndet. Die Keramik von Emile Henry erm\u00f6glicht eine allm\u00e4hliche Ausbreitung der Hitze beim Niedertemperaturgaren von\",\"breadcrumb\":{\"@id\":\"https:\/\/dev6.erresse-shop.it\/de\/shop\/toepfe-pfannen\/toepfe-und-backformen\/emile-henry-pizza-stone-feuerfest-fusain\/#breadcrumb\"},\"inLanguage\":\"de\",\"potentialAction\":[{\"@type\":\"ReadAction\",\"target\":[\"https:\/\/dev6.erresse-shop.it\/de\/shop\/toepfe-pfannen\/toepfe-und-backformen\/emile-henry-pizza-stone-feuerfest-fusain\/\"]}]},{\"@type\":\"ImageObject\",\"inLanguage\":\"de\",\"@id\":\"https:\/\/dev6.erresse-shop.it\/de\/shop\/toepfe-pfannen\/toepfe-und-backformen\/emile-henry-pizza-stone-feuerfest-fusain\/#primaryimage\",\"url\":\"https:\/\/i2.wp.com\/interpim.erresse-shop.it\/Import\/Prodotti\/emile-henry-pietra-refrattaria-per-pizza.jpg?ssl=1\",\"contentUrl\":\"https:\/\/i2.wp.com\/interpim.erresse-shop.it\/Import\/Prodotti\/emile-henry-pietra-refrattaria-per-pizza.jpg?ssl=1\"},{\"@type\":\"BreadcrumbList\",\"@id\":\"https:\/\/dev6.erresse-shop.it\/de\/shop\/toepfe-pfannen\/toepfe-und-backformen\/emile-henry-pizza-stone-feuerfest-fusain\/#breadcrumb\",\"itemListElement\":[{\"@type\":\"ListItem\",\"position\":1,\"name\":\"Home\",\"item\":\"https:\/\/dev6.erresse-shop.it\/\"},{\"@type\":\"ListItem\",\"position\":2,\"name\":\"Shop\",\"item\":\"https:\/\/dev6.erresse-shop.it\/shop\/\"},{\"@type\":\"ListItem\",\"position\":3,\"name\":\"EMILE HENRY Pizza stone Feuerfest Fusain\"}]},{\"@type\":\"WebSite\",\"@id\":\"https:\/\/dev6.erresse-shop.it\/#website\",\"url\":\"https:\/\/dev6.erresse-shop.it\/\",\"name\":\"Erresse Shop\",\"description\":\"\",\"publisher\":{\"@id\":\"https:\/\/dev6.erresse-shop.it\/#organization\"},\"potentialAction\":[{\"@type\":\"SearchAction\",\"target\":{\"@type\":\"EntryPoint\",\"urlTemplate\":\"https:\/\/dev6.erresse-shop.it\/?s={search_term_string}\"},\"query-input\":{\"@type\":\"PropertyValueSpecification\",\"valueRequired\":true,\"valueName\":\"search_term_string\"}}],\"inLanguage\":\"de\"},{\"@type\":\"Organization\",\"@id\":\"https:\/\/dev6.erresse-shop.it\/#organization\",\"name\":\"Erresse Shop\",\"url\":\"https:\/\/dev6.erresse-shop.it\/\",\"logo\":{\"@type\":\"ImageObject\",\"inLanguage\":\"de\",\"@id\":\"https:\/\/dev6.erresse-shop.it\/#\/schema\/logo\/image\/\",\"url\":\"https:\/\/dev6.erresse-shop.it\/wp-content\/uploads\/2025\/01\/LOGO-ERRESSE-CLASSICO.svg\",\"contentUrl\":\"https:\/\/dev6.erresse-shop.it\/wp-content\/uploads\/2025\/01\/LOGO-ERRESSE-CLASSICO.svg\",\"caption\":\"Erresse Shop\"},\"image\":{\"@id\":\"https:\/\/dev6.erresse-shop.it\/#\/schema\/logo\/image\/\"}}]}<\/script>\n<!-- \/ Yoast SEO plugin. -->","yoast_head_json":{"title":"EMILE HENRY Pizza stone Feuerfest Fusain - dev6 Erresse","description":"Emile Henry wurde im Jahr 1850 gegr\u00fcndet. Die Keramik von Emile Henry erm\u00f6glicht eine allm\u00e4hliche Ausbreitung der Hitze beim Niedertemperaturgaren von","robots":{"index":"noindex","follow":"follow","max-snippet":"max-snippet:-1","max-image-preview":"max-image-preview:large","max-video-preview":"max-video-preview:-1"},"og_locale":"de_DE","og_type":"article","og_title":"EMILE HENRY Pizza stone Feuerfest Fusain - dev6 Erresse","og_description":"Emile Henry wurde im Jahr 1850 gegr\u00fcndet. Die Keramik von Emile Henry erm\u00f6glicht eine allm\u00e4hliche Ausbreitung der Hitze beim Niedertemperaturgaren von","og_url":"https:\/\/dev6.erresse-shop.it\/de\/shop\/toepfe-pfannen\/toepfe-und-backformen\/emile-henry-pizza-stone-feuerfest-fusain\/","og_site_name":"dev6 Erresse","og_image":[{"url":"https:\/\/interpim.erresse-shop.it\/Import\/Prodotti\/emile-henry-pietra-refrattaria-per-pizza.jpg","type":"","width":"","height":""},{"url":"https:\/\/interpim.erresse-shop.it\/Import\/Prodotti\/emile-henry-pietra-refrattaria-per-pizza.jpg","width":1024,"height":1024,"type":"image\/jpeg"}],"twitter_card":"summary_large_image","twitter_image":"https:\/\/interpim.erresse-shop.it\/Import\/Prodotti\/emile-henry-pietra-refrattaria-per-pizza.jpg","schema":{"@context":"https:\/\/schema.org","@graph":[{"@type":"WebPage","@id":"https:\/\/dev6.erresse-shop.it\/de\/shop\/toepfe-pfannen\/toepfe-und-backformen\/emile-henry-pizza-stone-feuerfest-fusain\/","url":"https:\/\/dev6.erresse-shop.it\/de\/shop\/toepfe-pfannen\/toepfe-und-backformen\/emile-henry-pizza-stone-feuerfest-fusain\/","name":"EMILE HENRY Pizza stone Feuerfest Fusain - dev6 Erresse","isPartOf":{"@id":"https:\/\/dev6.erresse-shop.it\/#website"},"primaryImageOfPage":{"@id":"https:\/\/dev6.erresse-shop.it\/de\/shop\/toepfe-pfannen\/toepfe-und-backformen\/emile-henry-pizza-stone-feuerfest-fusain\/#primaryimage"},"image":{"@id":"https:\/\/dev6.erresse-shop.it\/de\/shop\/toepfe-pfannen\/toepfe-und-backformen\/emile-henry-pizza-stone-feuerfest-fusain\/#primaryimage"},"thumbnailUrl":"https:\/\/i2.wp.com\/interpim.erresse-shop.it\/Import\/Prodotti\/emile-henry-pietra-refrattaria-per-pizza.jpg?ssl=1","datePublished":"2026-04-04T12:15:17+00:00","description":"Emile Henry wurde im Jahr 1850 gegr\u00fcndet. Die Keramik von Emile Henry erm\u00f6glicht eine allm\u00e4hliche Ausbreitung der Hitze beim Niedertemperaturgaren von","breadcrumb":{"@id":"https:\/\/dev6.erresse-shop.it\/de\/shop\/toepfe-pfannen\/toepfe-und-backformen\/emile-henry-pizza-stone-feuerfest-fusain\/#breadcrumb"},"inLanguage":"de","potentialAction":[{"@type":"ReadAction","target":["https:\/\/dev6.erresse-shop.it\/de\/shop\/toepfe-pfannen\/toepfe-und-backformen\/emile-henry-pizza-stone-feuerfest-fusain\/"]}]},{"@type":"ImageObject","inLanguage":"de","@id":"https:\/\/dev6.erresse-shop.it\/de\/shop\/toepfe-pfannen\/toepfe-und-backformen\/emile-henry-pizza-stone-feuerfest-fusain\/#primaryimage","url":"https:\/\/i2.wp.com\/interpim.erresse-shop.it\/Import\/Prodotti\/emile-henry-pietra-refrattaria-per-pizza.jpg?ssl=1","contentUrl":"https:\/\/i2.wp.com\/interpim.erresse-shop.it\/Import\/Prodotti\/emile-henry-pietra-refrattaria-per-pizza.jpg?ssl=1"},{"@type":"BreadcrumbList","@id":"https:\/\/dev6.erresse-shop.it\/de\/shop\/toepfe-pfannen\/toepfe-und-backformen\/emile-henry-pizza-stone-feuerfest-fusain\/#breadcrumb","itemListElement":[{"@type":"ListItem","position":1,"name":"Home","item":"https:\/\/dev6.erresse-shop.it\/"},{"@type":"ListItem","position":2,"name":"Shop","item":"https:\/\/dev6.erresse-shop.it\/shop\/"},{"@type":"ListItem","position":3,"name":"EMILE HENRY Pizza stone Feuerfest Fusain"}]},{"@type":"WebSite","@id":"https:\/\/dev6.erresse-shop.it\/#website","url":"https:\/\/dev6.erresse-shop.it\/","name":"Erresse Shop","description":"","publisher":{"@id":"https:\/\/dev6.erresse-shop.it\/#organization"},"potentialAction":[{"@type":"SearchAction","target":{"@type":"EntryPoint","urlTemplate":"https:\/\/dev6.erresse-shop.it\/?s={search_term_string}"},"query-input":{"@type":"PropertyValueSpecification","valueRequired":true,"valueName":"search_term_string"}}],"inLanguage":"de"},{"@type":"Organization","@id":"https:\/\/dev6.erresse-shop.it\/#organization","name":"Erresse Shop","url":"https:\/\/dev6.erresse-shop.it\/","logo":{"@type":"ImageObject","inLanguage":"de","@id":"https:\/\/dev6.erresse-shop.it\/#\/schema\/logo\/image\/","url":"https:\/\/dev6.erresse-shop.it\/wp-content\/uploads\/2025\/01\/LOGO-ERRESSE-CLASSICO.svg","contentUrl":"https:\/\/dev6.erresse-shop.it\/wp-content\/uploads\/2025\/01\/LOGO-ERRESSE-CLASSICO.svg","caption":"Erresse Shop"},"image":{"@id":"https:\/\/dev6.erresse-shop.it\/#\/schema\/logo\/image\/"}}]}},"df_price":62.95,"df_sale_price":62.95,"df_regular_price":79.9,"df_image_link":"https:\/\/i2.wp.com\/interpim.erresse-shop.it\/Import\/Prodotti\/emile-henry-pietra-refrattaria-per-pizza.jpg?resize=300,300&ssl=1","fifu_image_url":"https:\/\/interpim.erresse-shop.it\/Import\/Prodotti\/emile-henry-pietra-refrattaria-per-pizza.jpg","_links":{"self":[{"href":"https:\/\/dev6.erresse-shop.it\/de\/wp-json\/wp\/v2\/product\/2302749","targetHints":{"allow":["GET"]}}],"collection":[{"href":"https:\/\/dev6.erresse-shop.it\/de\/wp-json\/wp\/v2\/product"}],"about":[{"href":"https:\/\/dev6.erresse-shop.it\/de\/wp-json\/wp\/v2\/types\/product"}],"wp:featuredmedia":[{"embeddable":true,"href":"https:\/\/dev6.erresse-shop.it\/de\/wp-json\/wp\/v2\/media\/6296916"}],"wp:attachment":[{"href":"https:\/\/dev6.erresse-shop.it\/de\/wp-json\/wp\/v2\/media?parent=2302749"}],"wp:term":[{"taxonomy":"product_cat","embeddable":true,"href":"https:\/\/dev6.erresse-shop.it\/de\/wp-json\/wp\/v2\/product_cat?post=2302749"},{"taxonomy":"product_tag","embeddable":true,"href":"https:\/\/dev6.erresse-shop.it\/de\/wp-json\/wp\/v2\/product_tag?post=2302749"}],"curies":[{"name":"wp","href":"https:\/\/api.w.org\/{rel}","templated":true}]}}